{"id":2411,"date":"2026-04-24T06:30:17","date_gmt":"2026-04-24T06:30:17","guid":{"rendered":"https:\/\/www.zmsh-semitech.com\/?post_type=product&#038;p=2411"},"modified":"2026-04-24T06:30:19","modified_gmt":"2026-04-24T06:30:19","slug":"cvd-silicon-carbide-sic-electrode-for-semiconductor-plasma-systems","status":"publish","type":"product","link":"https:\/\/www.zmsh-semitech.com\/hu\/product\/cvd-silicon-carbide-sic-electrode-for-semiconductor-plasma-systems\/","title":{"rendered":"CVD szil\u00edcium-karbid (SiC) elektr\u00f3da f\u00e9lvezet\u0151 plazmarendszerekhez"},"content":{"rendered":"<p data-start=\"231\" data-end=\"634\">A SiC elektr\u00f3da (szil\u00edciumkarbid elektr\u00f3da) egy nagy teljes\u00edtm\u00e9ny\u0171 alkatr\u00e9sz, amelyet fejlett f\u00e9lvezet\u0151 plazmafeldolgoz\u00f3 rendszerekhez terveztek, bele\u00e9rtve a marat\u00e1si, lev\u00e1laszt\u00e1si \u00e9s fel\u00fcletkezel\u0151 berendez\u00e9seket. A hagyom\u00e1nyos szil\u00edcium elektr\u00f3d\u00e1kkal \u00f6sszehasonl\u00edtva a SiC elektr\u00f3d\u00e1k o<img fetchpriority=\"high\" decoding=\"async\" class=\"alignright wp-image-2414 size-medium\" src=\"https:\/\/www.zmsh-semitech.com\/wp-content\/uploads\/2026\/04\/CVD-Silicon-Carbide-SiC-Electrode-for-Semiconductor-Plasma-Systems-1-300x300.png\" alt=\"CVD szil\u00edcium-karbid (SiC) elektr\u00f3da f\u00e9lvezet\u0151 plazmarendszerekhez\" width=\"300\" height=\"300\" srcset=\"https:\/\/www.zmsh-semitech.com\/wp-content\/uploads\/2026\/04\/CVD-Silicon-Carbide-SiC-Electrode-for-Semiconductor-Plasma-Systems-1-300x300.png 300w, https:\/\/www.zmsh-semitech.com\/wp-content\/uploads\/2026\/04\/CVD-Silicon-Carbide-SiC-Electrode-for-Semiconductor-Plasma-Systems-1-150x150.png 150w, https:\/\/www.zmsh-semitech.com\/wp-content\/uploads\/2026\/04\/CVD-Silicon-Carbide-SiC-Electrode-for-Semiconductor-Plasma-Systems-1-768x768.png 768w, https:\/\/www.zmsh-semitech.com\/wp-content\/uploads\/2026\/04\/CVD-Silicon-Carbide-SiC-Electrode-for-Semiconductor-Plasma-Systems-1-12x12.png 12w, https:\/\/www.zmsh-semitech.com\/wp-content\/uploads\/2026\/04\/CVD-Silicon-Carbide-SiC-Electrode-for-Semiconductor-Plasma-Systems-1-600x600.png 600w, https:\/\/www.zmsh-semitech.com\/wp-content\/uploads\/2026\/04\/CVD-Silicon-Carbide-SiC-Electrode-for-Semiconductor-Plasma-Systems-1-100x100.png 100w, https:\/\/www.zmsh-semitech.com\/wp-content\/uploads\/2026\/04\/CVD-Silicon-Carbide-SiC-Electrode-for-Semiconductor-Plasma-Systems-1.png 1000w\" sizes=\"(max-width: 300px) 100vw, 300px\" \/>Jelent\u0151sen megn\u00f6velt tart\u00f3ss\u00e1got, kiv\u00e1l\u00f3 plazma\u00e1ll\u00f3s\u00e1got \u00e9s hosszabb \u00e9lettartamot biztos\u00edtanak extr\u00e9m feldolgoz\u00e1si k\u00f6r\u00fclm\u00e9nyek k\u00f6z\u00f6tt.<\/p>\n<p data-start=\"636\" data-end=\"980\">A k\u00e9miai g\u0151zf\u00e1zis\u00fa lev\u00e1laszt\u00e1ssal (CVD) el\u0151\u00e1ll\u00edtott szil\u00edciumkarbidb\u00f3l k\u00e9sz\u00fclt elektr\u00f3da s\u0171r\u0171, nagy tisztas\u00e1g\u00fa szerkezet\u0171, kiv\u00e1l\u00f3 h\u0151vezet\u0151 k\u00e9pess\u00e9ggel \u00e9s k\u00e9miai stabilit\u00e1ssal rendelkezik. Ez k\u00fcl\u00f6n\u00f6sen alkalmass\u00e1 teszi a nagy energi\u00e1j\u00fa plazm\u00e1t, agressz\u00edv g\u00e1zokat, p\u00e9ld\u00e1ul CF\u2084, SF\u2086, NF\u2083 \u00e9s Cl\u2082, valamint magas h\u0151m\u00e9rs\u00e9kleteket tartalmaz\u00f3 k\u00f6rnyezetekben.<\/p>\n<p data-start=\"982\" data-end=\"1287\">A plazmakamr\u00e1kban az elektr\u00f3d\u00e1k kritikus szerepet j\u00e1tszanak az elektromos mez\u0151k, a plazmas\u0171r\u0171s\u00e9g \u00e9s a folyamat egyenletess\u00e9g\u00e9nek szab\u00e1lyoz\u00e1s\u00e1ban. A SiC-elektr\u00f3d\u00e1k hossz\u00fa id\u0151n kereszt\u00fcl stabil elektromos jellemz\u0151ket tartanak fenn, cs\u00f6kkentve a driftet, minimaliz\u00e1lva a r\u00e9szecskeszennyez\u0151d\u00e9st \u00e9s biztos\u00edtva az egyenletes ostyafeldolgoz\u00e1si eredm\u00e9nyeket.<\/p>\n<p data-start=\"1289\" data-end=\"1521\">Tart\u00f3ss\u00e1guk \u00e9s teljes\u00edtm\u00e9ny\u00fck miatt a SiC-elektr\u00f3d\u00e1kat kritikus f\u00e9lvezet\u0151 fogy\u00f3eszk\u00f6z\u00f6knek (hossz\u00fa \u00e9lettartam\u00fa kop\u00f3 alkatr\u00e9szek) min\u0151s\u00edtik, \u00e9s sz\u00e9les k\u00f6rben haszn\u00e1lj\u00e1k a fejlett f\u00e9lvezet\u0151csom\u00f3pontokban \u00e9s a nagy \u00e1tereszt\u0151k\u00e9pess\u00e9g\u0171 gy\u00e1rt\u00e1si k\u00f6rnyezetekben.<\/p>\n<hr data-start=\"1523\" data-end=\"1526\" \/>\n<h2 data-section-id=\"1wht24f\" data-start=\"1528\" data-end=\"1548\">F\u0151 jellemz\u0151k<\/h2>\n<p><strong style=\"font-size: 16px; font-style: normal;\" data-start=\"1639\" data-end=\"1669\"><img decoding=\"async\" class=\"alignright wp-image-2412 size-medium\" style=\"font-weight: 400;\" src=\"https:\/\/www.zmsh-semitech.com\/wp-content\/uploads\/2026\/04\/CVD-Silicon-Carbide-SiC-Electrode-for-Semiconductor-Plasma-Systems-2-300x300.png\" alt=\"CVD szil\u00edcium-karbid (SiC) elektr\u00f3da f\u00e9lvezet\u0151 plazmarendszerekhez\" width=\"300\" height=\"300\" srcset=\"https:\/\/www.zmsh-semitech.com\/wp-content\/uploads\/2026\/04\/CVD-Silicon-Carbide-SiC-Electrode-for-Semiconductor-Plasma-Systems-2-300x300.png 300w, https:\/\/www.zmsh-semitech.com\/wp-content\/uploads\/2026\/04\/CVD-Silicon-Carbide-SiC-Electrode-for-Semiconductor-Plasma-Systems-2-150x150.png 150w, https:\/\/www.zmsh-semitech.com\/wp-content\/uploads\/2026\/04\/CVD-Silicon-Carbide-SiC-Electrode-for-Semiconductor-Plasma-Systems-2-768x768.png 768w, https:\/\/www.zmsh-semitech.com\/wp-content\/uploads\/2026\/04\/CVD-Silicon-Carbide-SiC-Electrode-for-Semiconductor-Plasma-Systems-2-12x12.png 12w, https:\/\/www.zmsh-semitech.com\/wp-content\/uploads\/2026\/04\/CVD-Silicon-Carbide-SiC-Electrode-for-Semiconductor-Plasma-Systems-2-600x600.png 600w, https:\/\/www.zmsh-semitech.com\/wp-content\/uploads\/2026\/04\/CVD-Silicon-Carbide-SiC-Electrode-for-Semiconductor-Plasma-Systems-2-100x100.png 100w, https:\/\/www.zmsh-semitech.com\/wp-content\/uploads\/2026\/04\/CVD-Silicon-Carbide-SiC-Electrode-for-Semiconductor-Plasma-Systems-2.png 1000w\" sizes=\"(max-width: 300px) 100vw, 300px\" \/><\/strong><\/p>\n<ul data-start=\"1549\" data-end=\"2244\">\n<li data-section-id=\"9sfaj1\" data-start=\"1549\" data-end=\"1636\"><strong data-start=\"1551\" data-end=\"1583\">Nagy tisztas\u00e1g\u00fa CVD SiC anyag<\/strong>: S\u0171r\u0171 szerkezet, kiv\u00e1l\u00f3 k\u00e9miai inertit\u00e1ssal<\/li>\n<li data-section-id=\"qsf5dr\" data-start=\"1637\" data-end=\"1741\"><strong data-start=\"1639\" data-end=\"1669\">Kiv\u00e1l\u00f3 plazma\u00e1ll\u00f3s\u00e1g<\/strong>: Kiemelked\u0151 teljes\u00edtm\u00e9ny fluor- \u00e9s kl\u00f3rtartalm\u00fa k\u00f6rnyezetben<\/li>\n<li data-section-id=\"1rcxb8u\" data-start=\"1742\" data-end=\"1821\"><strong data-start=\"1744\" data-end=\"1771\">Rendk\u00edv\u00fcl hossz\u00fa \u00e9lettartam<\/strong>: Jellemz\u0151en 3-10\u00d7 hosszabb, mint a szil\u00edcium elektr\u00f3d\u00e1k\u00e9.<\/li>\n<li data-section-id=\"pe85cr\" data-start=\"1822\" data-end=\"1900\"><strong data-start=\"1824\" data-end=\"1851\">Alacsony r\u00e9szecske-termel\u00e9s<\/strong>: Jav\u00edtja a hozamot \u00e9s cs\u00f6kkenti a szennyez\u0151d\u00e9s kock\u00e1zat\u00e1t<\/li>\n<li data-section-id=\"1eryen9\" data-start=\"1901\" data-end=\"1983\"><strong data-start=\"1903\" data-end=\"1932\">Magas h\u0151vezet\u0151 k\u00e9pess\u00e9g<\/strong>: Fokozza a h\u0151elvezet\u00e9st \u00e9s a folyamatstabilit\u00e1st<\/li>\n<li data-section-id=\"12bf6b0\" data-start=\"1984\" data-end=\"2071\"><strong data-start=\"1986\" data-end=\"2018\">Stabil elektromos tulajdons\u00e1gok<\/strong>: Hossz\u00fa ciklusokon kereszt\u00fcl fenntartja az egyenletes ellen\u00e1ll\u00e1st<\/li>\n<li data-section-id=\"183ojww\" data-start=\"2072\" data-end=\"2161\"><strong data-start=\"2074\" data-end=\"2097\">Prec\u00edzi\u00f3s megmunk\u00e1l\u00e1s<\/strong>: Sz\u0171k t\u0171r\u00e9shat\u00e1r (&lt;10 \u03bcm) a f\u00e9lvezet\u0151 min\u0151s\u00e9g\u0171 integr\u00e1ci\u00f3hoz<\/li>\n<li data-section-id=\"1116895\" data-start=\"2162\" data-end=\"2244\"><strong data-start=\"2164\" data-end=\"2198\">Egyedi g\u00e1zeloszt\u00e1s tervez\u00e9se<\/strong>: Optimaliz\u00e1lt lyukmint\u00e1k az egyenletes plazm\u00e1hoz<\/li>\n<\/ul>\n<hr data-start=\"2246\" data-end=\"2249\" \/>\n<h2 data-section-id=\"1vgwxle\" data-start=\"2251\" data-end=\"2283\">M\u0171szaki specifik\u00e1ci\u00f3k<\/h2>\n<div class=\"TyagGW_tableContainer\">\n<div class=\"group TyagGW_tableWrapper flex flex-col-reverse w-fit\" tabindex=\"-1\">\n<table class=\"w-fit min-w-(--thread-content-width)\" data-start=\"2285\" data-end=\"3017\">\n<thead data-start=\"2285\" data-end=\"2314\">\n<tr data-start=\"2285\" data-end=\"2314\">\n<th class=\"\" data-start=\"2285\" data-end=\"2297\" data-col-size=\"sm\">Param\u00e9ter<\/th>\n<th class=\"\" data-start=\"2297\" data-end=\"2314\" data-col-size=\"sm\">Specifik\u00e1ci\u00f3<\/th>\n<\/tr>\n<\/thead>\n<tbody data-start=\"2342\" data-end=\"3017\">\n<tr data-start=\"2342\" data-end=\"2382\">\n<td data-start=\"2342\" data-end=\"2353\" data-col-size=\"sm\">Anyag<\/td>\n<td data-col-size=\"sm\" data-start=\"2353\" data-end=\"2382\">CVD szil\u00edcium-karbid (SiC)<\/td>\n<\/tr>\n<tr data-start=\"2383\" data-end=\"2403\">\n<td data-start=\"2383\" data-end=\"2392\" data-col-size=\"sm\">Tisztas\u00e1g<\/td>\n<td data-col-size=\"sm\" data-start=\"2392\" data-end=\"2403\">\u2265 99,9%<\/td>\n<\/tr>\n<tr data-start=\"2404\" data-end=\"2429\">\n<td data-start=\"2404\" data-end=\"2414\" data-col-size=\"sm\">S\u0171r\u0171s\u00e9g<\/td>\n<td data-col-size=\"sm\" data-start=\"2414\" data-end=\"2429\">\u2265 3,1 g\/cm\u00b3<\/td>\n<\/tr>\n<tr data-start=\"2430\" data-end=\"2463\">\n<td data-start=\"2430\" data-end=\"2447\" data-col-size=\"sm\">\u00c1tm\u00e9r\u0151 (Max)<\/td>\n<td data-col-size=\"sm\" data-start=\"2447\" data-end=\"2463\">330 mm-ig<\/td>\n<\/tr>\n<tr data-start=\"2464\" data-end=\"2506\">\n<td data-start=\"2464\" data-end=\"2476\" data-col-size=\"sm\">Vastags\u00e1g<\/td>\n<td data-col-size=\"sm\" data-start=\"2476\" data-end=\"2506\">Egyedi (jellemz\u0151en 5-50 mm)<\/td>\n<\/tr>\n<tr data-start=\"2507\" data-end=\"2542\">\n<td data-start=\"2507\" data-end=\"2527\" data-col-size=\"sm\">Ellen\u00e1ll\u00e1s (alacsony)<\/td>\n<td data-start=\"2527\" data-end=\"2542\" data-col-size=\"sm\">&lt; 0,02 \u03a9-cm<\/td>\n<\/tr>\n<tr data-start=\"2543\" data-end=\"2583\">\n<td data-start=\"2543\" data-end=\"2566\" data-col-size=\"sm\">Ellen\u00e1ll\u00e1s (k\u00f6zepes)<\/td>\n<td data-start=\"2566\" data-end=\"2583\" data-col-size=\"sm\">0,2 - 25 \u03a9-cm<\/td>\n<\/tr>\n<tr data-start=\"2584\" data-end=\"2619\">\n<td data-start=\"2584\" data-end=\"2605\" data-col-size=\"sm\">Ellen\u00e1ll\u00e1s (magas)<\/td>\n<td data-start=\"2605\" data-end=\"2619\" data-col-size=\"sm\">&gt; 100 \u03a9-cm<\/td>\n<\/tr>\n<tr data-start=\"2620\" data-end=\"2659\">\n<td data-start=\"2620\" data-end=\"2651\" data-col-size=\"sm\">Ellen\u00e1ll\u00e1s egyenletess\u00e9g (RRG)<\/td>\n<td data-start=\"2651\" data-end=\"2659\" data-col-size=\"sm\">&lt; 5%<\/td>\n<\/tr>\n<tr data-start=\"2660\" data-end=\"2711\">\n<td data-start=\"2660\" data-end=\"2680\" data-col-size=\"sm\">G\u00e1zlyuk \u00e1tm\u00e9r\u0151je<\/td>\n<td data-start=\"2680\" data-end=\"2711\" data-col-size=\"sm\">0,2 - 0,8 mm (testreszabhat\u00f3)<\/td>\n<\/tr>\n<tr data-start=\"2712\" data-end=\"2762\">\n<td data-start=\"2712\" data-end=\"2732\" data-col-size=\"sm\">Fel\u00fclet \u00e1llapota<\/td>\n<td data-start=\"2732\" data-end=\"2762\" data-col-size=\"sm\">F\u00f6ldelt (pol\u00edrozott v\u00e1laszthat\u00f3)<\/td>\n<\/tr>\n<tr data-start=\"2763\" data-end=\"2800\">\n<td data-start=\"2763\" data-end=\"2788\" data-col-size=\"sm\">Fel\u00fcleti \u00e9rdess\u00e9g (Ra)<\/td>\n<td data-start=\"2788\" data-end=\"2800\" data-col-size=\"sm\">\u2264 1,6 \u03bcm<\/td>\n<\/tr>\n<tr data-start=\"2801\" data-end=\"2834\">\n<td data-start=\"2801\" data-end=\"2823\" data-col-size=\"sm\">Megmunk\u00e1l\u00e1si pontoss\u00e1g<\/td>\n<td data-start=\"2823\" data-end=\"2834\" data-col-size=\"sm\">&lt; 10 \u03bcm<\/td>\n<\/tr>\n<tr data-start=\"2835\" data-end=\"2877\">\n<td data-start=\"2835\" data-end=\"2858\" data-col-size=\"sm\">H\u0151vezet\u0151 k\u00e9pess\u00e9g<\/td>\n<td data-start=\"2858\" data-end=\"2877\" data-col-size=\"sm\">120 - 200 W\/m-K<\/td>\n<\/tr>\n<tr data-start=\"2878\" data-end=\"2902\">\n<td data-start=\"2878\" data-end=\"2889\" data-col-size=\"sm\">Kem\u00e9nys\u00e9g<\/td>\n<td data-start=\"2889\" data-end=\"2902\" data-col-size=\"sm\">~9,2 Mohs<\/td>\n<\/tr>\n<tr data-start=\"2903\" data-end=\"2963\">\n<td data-start=\"2903\" data-end=\"2931\" data-col-size=\"sm\">Maxim\u00e1lis \u00fczemi h\u0151m\u00e9rs\u00e9klet<\/td>\n<td data-start=\"2931\" data-end=\"2963\" data-col-size=\"sm\">&gt; 1000\u00b0C (folyamatf\u00fcgg\u0151)<\/td>\n<\/tr>\n<tr data-start=\"2964\" data-end=\"3017\">\n<td data-start=\"2964\" data-end=\"2982\" data-col-size=\"sm\">Min\u0151s\u00e9gellen\u0151rz\u00e9s<\/td>\n<td data-start=\"2982\" data-end=\"3017\" data-col-size=\"sm\">Nincsenek reped\u00e9sek, z\u00faz\u00f3d\u00e1sok, szennyez\u0151d\u00e9sek<\/td>\n<\/tr>\n<\/tbody>\n<\/table>\n<\/div>\n<\/div>\n<hr data-start=\"3019\" data-end=\"3022\" \/>\n<h2 data-section-id=\"1gggyhy\" data-start=\"3024\" data-end=\"3044\">Alkalmaz\u00e1sok<\/h2>\n<p>&nbsp;<\/p>\n<p data-start=\"3045\" data-end=\"3157\">A SiC-elektr\u00f3d\u00e1kat sz\u00e9les k\u00f6rben haszn\u00e1lj\u00e1k a nagy tart\u00f3ss\u00e1got \u00e9s stabilit\u00e1st ig\u00e9nyl\u0151 f\u00e9lvezet\u0151-feldolgoz\u00e1si k\u00f6rnyezetben:<\/p>\n<ul data-start=\"3159\" data-end=\"3352\">\n<li data-section-id=\"qzqq98\" data-start=\"3159\" data-end=\"3197\">Plazma marat\u00e1si rendszerek (ICP \/ RIE)\n<p style=\"font-size: 16px; font-style: normal; font-weight: 400;\"><img decoding=\"async\" class=\"size-medium wp-image-2405 alignright\" src=\"https:\/\/www.zmsh-semitech.com\/wp-content\/uploads\/2026\/04\/KYQhvr8H6fiJzv0Gyv0QBbnTGAn0D-jgL0afJ2QhVSsVzaDSfEEx4D1Qc9Qg9IxXDOCUhnYHl82TwzfZ-OQMZzQa5u3KF6R1mE3QPYDfCW4ltwvgZ5uecKGM7VBlj-f5ppfWrANQSR4kHdIoBW-vOxmtu56kJnlmCndnFjtFqasApRq1EpNs3nKzmFQFM9WF-300x225.jpg\" alt=\"\" width=\"300\" height=\"225\" srcset=\"https:\/\/www.zmsh-semitech.com\/wp-content\/uploads\/2026\/04\/KYQhvr8H6fiJzv0Gyv0QBbnTGAn0D-jgL0afJ2QhVSsVzaDSfEEx4D1Qc9Qg9IxXDOCUhnYHl82TwzfZ-OQMZzQa5u3KF6R1mE3QPYDfCW4ltwvgZ5uecKGM7VBlj-f5ppfWrANQSR4kHdIoBW-vOxmtu56kJnlmCndnFjtFqasApRq1EpNs3nKzmFQFM9WF-300x225.jpg 300w, https:\/\/www.zmsh-semitech.com\/wp-content\/uploads\/2026\/04\/KYQhvr8H6fiJzv0Gyv0QBbnTGAn0D-jgL0afJ2QhVSsVzaDSfEEx4D1Qc9Qg9IxXDOCUhnYHl82TwzfZ-OQMZzQa5u3KF6R1mE3QPYDfCW4ltwvgZ5uecKGM7VBlj-f5ppfWrANQSR4kHdIoBW-vOxmtu56kJnlmCndnFjtFqasApRq1EpNs3nKzmFQFM9WF-16x12.jpg 16w, https:\/\/www.zmsh-semitech.com\/wp-content\/uploads\/2026\/04\/KYQhvr8H6fiJzv0Gyv0QBbnTGAn0D-jgL0afJ2QhVSsVzaDSfEEx4D1Qc9Qg9IxXDOCUhnYHl82TwzfZ-OQMZzQa5u3KF6R1mE3QPYDfCW4ltwvgZ5uecKGM7VBlj-f5ppfWrANQSR4kHdIoBW-vOxmtu56kJnlmCndnFjtFqasApRq1EpNs3nKzmFQFM9WF.jpg 600w\" sizes=\"(max-width: 300px) 100vw, 300px\" \/><\/p>\n<\/li>\n<li data-section-id=\"x5dp28\" data-start=\"3198\" data-end=\"3234\">CVD \/ PECVD lev\u00e1laszt\u00f3 berendez\u00e9sek<\/li>\n<li data-section-id=\"i266u8\" data-start=\"3235\" data-end=\"3264\">Nagy teljes\u00edtm\u00e9ny\u0171 plazmarendszerek<\/li>\n<li data-section-id=\"12l2f4p\" data-start=\"3265\" data-end=\"3305\">Wafer fel\u00fcletm\u00f3dos\u00edt\u00e1si elj\u00e1r\u00e1sok<\/li>\n<li data-section-id=\"1aetczy\" data-start=\"3306\" data-end=\"3352\">Fejlett f\u00e9lvezet\u0151gy\u00e1rt\u00f3 csom\u00f3pontok<\/li>\n<\/ul>\n<p data-start=\"3354\" data-end=\"3517\">K\u00fcl\u00f6n\u00f6sen alkalmasak a k\u00f6vetkez\u0151kre <strong data-start=\"3389\" data-end=\"3443\">kem\u00e9ny plazma k\u00f6r\u00fclm\u00e9nyek \u00e9s hossz\u00fa gy\u00e1rt\u00e1si ciklusok<\/strong>, ahol a hagyom\u00e1nyos szil\u00edciumelektr\u00f3d\u00e1k nem tudnak megfelelni az \u00e9lettartamra vonatkoz\u00f3 k\u00f6vetelm\u00e9nyeknek.<\/p>\n<hr data-start=\"3519\" data-end=\"3522\" \/>\n<h2 data-section-id=\"ey806o\" data-start=\"3524\" data-end=\"3566\">El\u0151ny\u00f6k a szil\u00edcium elektr\u00f3d\u00e1kkal szemben<\/h2>\n<p data-start=\"3567\" data-end=\"3673\">A hagyom\u00e1nyos szil\u00edciumelektr\u00f3d\u00e1kkal \u00f6sszehasonl\u00edtva a SiC-elektr\u00f3d\u00e1k jelent\u0151s teljes\u00edtm\u00e9nyjavul\u00e1st biztos\u00edtanak:<\/p>\n<ul data-start=\"3675\" data-end=\"4062\">\n<li data-section-id=\"c0wgoq\" data-start=\"3675\" data-end=\"3754\"><strong data-start=\"3677\" data-end=\"3698\">Meghosszabb\u00edtott \u00e9lettartam<\/strong>: 3-10-szer hosszabb agressz\u00edv plazma k\u00f6r\u00fclm\u00e9nyek k\u00f6z\u00f6tt<\/li>\n<li data-section-id=\"vh54cx\" data-start=\"3755\" data-end=\"3832\"><strong data-start=\"3757\" data-end=\"3790\">Kiv\u00e1l\u00f3 korr\u00f3zi\u00f3\u00e1ll\u00f3s\u00e1g<\/strong>: Ellen\u00e1ll a fluor- \u00e9s kl\u00f3rg\u00e1zoknak<\/li>\n<li data-section-id=\"1f80iwa\" data-start=\"3833\" data-end=\"3909\"><strong data-start=\"3835\" data-end=\"3867\">Alacsonyabb r\u00e9szecskeszennyez\u00e9s<\/strong>: N\u00f6veli a hozamot \u00e9s a folyamat tisztas\u00e1g\u00e1t<\/li>\n<li data-section-id=\"bvfjdw\" data-start=\"3910\" data-end=\"3989\"><strong data-start=\"3912\" data-end=\"3942\">Jav\u00edtott folyamatstabilit\u00e1s<\/strong>: Fenntartja az egyenletes plazmajellemz\u0151ket<\/li>\n<li data-section-id=\"wemy35\" data-start=\"3990\" data-end=\"4062\"><strong data-start=\"3992\" data-end=\"4020\">Cs\u00f6kkentett karbantart\u00e1si k\u00f6lts\u00e9gek<\/strong>: Kev\u00e9sb\u00e9 gyakori csere \u00e9s \u00e1ll\u00e1sid\u0151<\/li>\n<\/ul>\n<p data-start=\"4064\" data-end=\"4199\">B\u00e1r a kezdeti k\u00f6lts\u00e9gek magasabbak, a SiC elektr\u00f3d\u00e1k alacsonyabb teljes \u00fczemeltet\u00e9si k\u00f6lts\u00e9get (TCO) k\u00edn\u00e1lnak a cs\u00facskateg\u00f3ri\u00e1s f\u00e9lvezet\u0151 alkalmaz\u00e1sokban.<\/p>\n<p data-start=\"4064\" data-end=\"4199\"><img loading=\"lazy\" decoding=\"async\" class=\"wp-image-2383 size-large aligncenter\" src=\"https:\/\/www.zmsh-semitech.com\/wp-content\/uploads\/2026\/04\/\u5fae\u4fe1\u56fe\u7247_20260423181006_366_381-1024x486.png\" alt=\"\" width=\"1024\" height=\"486\" srcset=\"\" sizes=\"(max-width: 1024px) 100vw, 1024px\" data-srcset=\"\" \/><\/p>\n<hr data-start=\"4201\" data-end=\"4204\" \/>\n<h2 data-section-id=\"cpu4ih\" data-start=\"4206\" data-end=\"4217\">GYIK<\/h2>\n<p data-start=\"4219\" data-end=\"4384\"><strong data-start=\"4219\" data-end=\"4266\">1. k\u00e9rd\u00e9s: A SiC elektr\u00f3da fogy\u00f3 alkatr\u00e9sz?<\/strong><br data-start=\"4266\" data-end=\"4269\" \/>Igen. Ez egy kritikus f\u00e9lvezet\u0151 fogy\u00f3eszk\u00f6z, de a szil\u00edciumelektr\u00f3d\u00e1khoz k\u00e9pest sokkal hosszabb \u00e9lettartammal.<\/p>\n<p data-start=\"4386\" data-end=\"4570\"><strong data-start=\"4386\" data-end=\"4432\">2. k\u00e9rd\u00e9s: Mi\u00e9rt v\u00e1lassza a SiC-et a szil\u00edcium elektr\u00f3d\u00e1val szemben?<\/strong><br data-start=\"4432\" data-end=\"4435\" \/>A SiC jobb plazma\u00e1ll\u00f3s\u00e1got, hosszabb \u00e9lettartamot \u00e9s alacsonyabb r\u00e9szecske keletkez\u00e9st biztos\u00edt, \u00edgy ide\u00e1lis a zord feldolgoz\u00e1si k\u00f6rnyezetekben.<\/p>\n<p data-start=\"4572\" data-end=\"4739\"><strong data-start=\"4572\" data-end=\"4612\">3. k\u00e9rd\u00e9s: Az elektr\u00f3da testre szabhat\u00f3?<\/strong><br data-start=\"4612\" data-end=\"4615\" \/>Igen. A m\u00e9ret, a vastags\u00e1g, az ellen\u00e1ll\u00e1s, a g\u00e1zlyukak kialak\u00edt\u00e1sa \u00e9s a fel\u00fcletkezel\u00e9s az \u00d6n ig\u00e9nyei szerint testre szabhat\u00f3.<\/p>\n<p data-start=\"4741\" data-end=\"4878\"><strong data-start=\"4741\" data-end=\"4784\">4. k\u00e9rd\u00e9s: Milyen ipar\u00e1gak haszn\u00e1lnak SiC elektr\u00f3d\u00e1kat?<\/strong><br data-start=\"4784\" data-end=\"4787\" \/>Els\u0151sorban a f\u00e9lvezet\u0151gy\u00e1rt\u00e1s, k\u00fcl\u00f6n\u00f6sen a plazma marat\u00e1si \u00e9s lerak\u00e1si rendszerek.<\/p>","protected":false},"excerpt":{"rendered":"<p>A SiC elektr\u00f3da (szil\u00edciumkarbid elektr\u00f3da) egy nagy teljes\u00edtm\u00e9ny\u0171 alkatr\u00e9sz, amelyet fejlett f\u00e9lvezet\u0151 plazmafeldolgoz\u00f3 rendszerekhez terveztek, bele\u00e9rtve a marat\u00e1si, lev\u00e1laszt\u00e1si \u00e9s fel\u00fcletkezel\u0151 berendez\u00e9seket. A hagyom\u00e1nyos szil\u00edciumelektr\u00f3d\u00e1kkal \u00f6sszehasonl\u00edtva a SiC elektr\u00f3d\u00e1k jelent\u0151sen megn\u00f6velt tart\u00f3ss\u00e1got, kiv\u00e1l\u00f3 plazma\u00e1ll\u00f3s\u00e1got \u00e9s hosszabb m\u0171k\u00f6d\u00e9si \u00e9lettartamot k\u00edn\u00e1lnak sz\u00e9ls\u0151s\u00e9ges feldolgoz\u00e1si k\u00f6r\u00fclm\u00e9nyek k\u00f6z\u00f6tt.A k\u00e9miai g\u0151zf\u00e1zis\u00fa lev\u00e1laszt\u00e1ssal (CVD) szil\u00edciumkarbiddal gy\u00e1rtott elektr\u00f3da s\u0171r\u0171, nagy tisztas\u00e1g\u00fa szerkezettel rendelkezik, kiv\u00e1l\u00f3 h\u0151vezet\u0151 k\u00e9pess\u00e9ggel \u00e9s k\u00e9miai stabilit\u00e1ssal.<\/p>","protected":false},"featured_media":2414,"comment_status":"open","ping_status":"closed","template":"","meta":{"site-sidebar-layout":"default","site-content-layout":"","ast-site-content-layout":"default","site-content-style":"default","site-sidebar-style":"default","ast-global-header-display":"","ast-banner-title-visibility":"","ast-main-header-display":"","ast-hfb-above-header-display":"","ast-hfb-below-header-display":"","ast-hfb-mobile-header-display":"","site-post-title":"","ast-breadcrumbs-content":"","ast-featured-img":"","footer-sml-layout":"","ast-disable-related-posts":"","theme-transparent-header-meta":"default","adv-header-id-meta":"","stick-header-meta":"default","header-above-stick-meta":"","header-main-stick-meta":"","header-below-stick-meta":"","astra-migrate-meta-layouts":"set","ast-page-background-enabled":"default","ast-page-background-meta":{"desktop":{"background-color":"var(--ast-global-color-4)","background-image":"","background-repeat":"repeat","background-position":"center center","background-size":"auto","background-attachment":"scroll","background-type":"","background-media":"","overlay-type":"","overlay-color":"","overlay-opacity":"","overlay-gradient":""},"tablet":{"background-color":"","background-image":"","background-repeat":"repeat","background-position":"center center","background-size":"auto","background-attachment":"scroll","background-type":"","background-media":"","overlay-type":"","overlay-color":"","overlay-opacity":"","overlay-gradient":""},"mobile":{"background-color":"","background-image":"","background-repeat":"repeat","background-position":"center center","background-size":"auto","background-attachment":"scroll","background-type":"","background-media":"","overlay-type":"","overlay-color":"","overlay-opacity":"","overlay-gradient":""}},"ast-content-background-meta":{"desktop":{"background-color":"var(--ast-global-color-5)","background-image":"","background-repeat":"repeat","background-position":"center center","background-size":"auto","background-attachment":"scroll","background-type":"","background-media":"","overlay-type":"","overlay-color":"","overlay-opacity":"","overlay-gradient":""},"tablet":{"background-color":"var(--ast-global-color-5)","background-image":"","background-repeat":"repeat","background-position":"center center","background-size":"auto","background-attachment":"scroll","background-type":"","background-media":"","overlay-type":"","overlay-color":"","overlay-opacity":"","overlay-gradient":""},"mobile":{"background-color":"var(--ast-global-color-5)","background-image":"","background-repeat":"repeat","background-position":"center center","background-size":"auto","background-attachment":"scroll","background-type":"","background-media":"","overlay-type":"","overlay-color":"","overlay-opacity":"","overlay-gradient":""}}},"product_brand":[],"product_cat":[1212],"product_tag":[],"class_list":{"0":"post-2411","1":"product","2":"type-product","3":"status-publish","4":"has-post-thumbnail","6":"product_cat-semiconductor-consumables","7":"desktop-align-left","8":"tablet-align-left","9":"mobile-align-left","10":"ast-product-gallery-layout-horizontal-slider","11":"ast-product-tabs-layout-horizontal","13":"first","14":"instock","15":"shipping-taxable","16":"product-type-simple"},"_links":{"self":[{"href":"https:\/\/www.zmsh-semitech.com\/hu\/wp-json\/wp\/v2\/product\/2411","targetHints":{"allow":["GET"]}}],"collection":[{"href":"https:\/\/www.zmsh-semitech.com\/hu\/wp-json\/wp\/v2\/product"}],"about":[{"href":"https:\/\/www.zmsh-semitech.com\/hu\/wp-json\/wp\/v2\/types\/product"}],"replies":[{"embeddable":true,"href":"https:\/\/www.zmsh-semitech.com\/hu\/wp-json\/wp\/v2\/comments?post=2411"}],"version-history":[{"count":2,"href":"https:\/\/www.zmsh-semitech.com\/hu\/wp-json\/wp\/v2\/product\/2411\/revisions"}],"predecessor-version":[{"id":2416,"href":"https:\/\/www.zmsh-semitech.com\/hu\/wp-json\/wp\/v2\/product\/2411\/revisions\/2416"}],"wp:featuredmedia":[{"embeddable":true,"href":"https:\/\/www.zmsh-semitech.com\/hu\/wp-json\/wp\/v2\/media\/2414"}],"wp:attachment":[{"href":"https:\/\/www.zmsh-semitech.com\/hu\/wp-json\/wp\/v2\/media?parent=2411"}],"wp:term":[{"taxonomy":"product_brand","embeddable":true,"href":"https:\/\/www.zmsh-semitech.com\/hu\/wp-json\/wp\/v2\/product_brand?post=2411"},{"taxonomy":"product_cat","embeddable":true,"href":"https:\/\/www.zmsh-semitech.com\/hu\/wp-json\/wp\/v2\/product_cat?post=2411"},{"taxonomy":"product_tag","embeddable":true,"href":"https:\/\/www.zmsh-semitech.com\/hu\/wp-json\/wp\/v2\/product_tag?post=2411"}],"curies":[{"name":"wp","href":"https:\/\/api.w.org\/{rel}","templated":true}]}}