{"id":2400,"date":"2026-04-24T06:21:19","date_gmt":"2026-04-24T06:21:19","guid":{"rendered":"https:\/\/www.zmsh-semitech.com\/?post_type=product&#038;p=2400"},"modified":"2026-04-24T06:21:22","modified_gmt":"2026-04-24T06:21:22","slug":"precision-silicon-ring-single-crystal-polycrystalline-for-semiconductor-plasma-etching","status":"publish","type":"product","link":"https:\/\/www.zmsh-semitech.com\/hu\/product\/precision-silicon-ring-single-crystal-polycrystalline-for-semiconductor-plasma-etching\/","title":{"rendered":"Prec\u00edzi\u00f3s szil\u00edcium gy\u0171r\u0171 (egykrist\u00e1lyos \/ polikrist\u00e1lyos) f\u00e9lvezet\u0151 plazma marat\u00e1shoz"},"content":{"rendered":"<p data-start=\"228\" data-end=\"558\">\u00a0\u00a0<img fetchpriority=\"high\" decoding=\"async\" class=\"alignright wp-image-2404 size-medium\" src=\"https:\/\/www.zmsh-semitech.com\/wp-content\/uploads\/2026\/04\/Precision-Silicon-Ring-Single-Crystal-Polycrystalline-for-Semiconductor-Plasma-Etching-1-300x300.png\" alt=\"Prec\u00edzi\u00f3s szil\u00edcium gy\u0171r\u0171 (egykrist\u00e1lyos \/ polikrist\u00e1lyos) f\u00e9lvezet\u0151 plazma marat\u00e1shoz\" width=\"300\" height=\"300\" srcset=\"https:\/\/www.zmsh-semitech.com\/wp-content\/uploads\/2026\/04\/Precision-Silicon-Ring-Single-Crystal-Polycrystalline-for-Semiconductor-Plasma-Etching-1-300x300.png 300w, https:\/\/www.zmsh-semitech.com\/wp-content\/uploads\/2026\/04\/Precision-Silicon-Ring-Single-Crystal-Polycrystalline-for-Semiconductor-Plasma-Etching-1-150x150.png 150w, https:\/\/www.zmsh-semitech.com\/wp-content\/uploads\/2026\/04\/Precision-Silicon-Ring-Single-Crystal-Polycrystalline-for-Semiconductor-Plasma-Etching-1-768x768.png 768w, https:\/\/www.zmsh-semitech.com\/wp-content\/uploads\/2026\/04\/Precision-Silicon-Ring-Single-Crystal-Polycrystalline-for-Semiconductor-Plasma-Etching-1-12x12.png 12w, https:\/\/www.zmsh-semitech.com\/wp-content\/uploads\/2026\/04\/Precision-Silicon-Ring-Single-Crystal-Polycrystalline-for-Semiconductor-Plasma-Etching-1-600x600.png 600w, https:\/\/www.zmsh-semitech.com\/wp-content\/uploads\/2026\/04\/Precision-Silicon-Ring-Single-Crystal-Polycrystalline-for-Semiconductor-Plasma-Etching-1-100x100.png 100w, https:\/\/www.zmsh-semitech.com\/wp-content\/uploads\/2026\/04\/Precision-Silicon-Ring-Single-Crystal-Polycrystalline-for-Semiconductor-Plasma-Etching-1.png 1000w\" sizes=\"(max-width: 300px) 100vw, 300px\" \/>A szil\u00edciumgy\u0171r\u0171 (Si-gy\u0171r\u0171) a f\u00e9lvezet\u0151 plazmafeldolgoz\u00f3 berendez\u00e9sekben sz\u00e9les k\u00f6rben haszn\u00e1lt alkatr\u00e9sz, amely f\u00f3kuszgy\u0171r\u0171k\u00e9nt, peremgy\u0171r\u0171k\u00e9nt vagy kamrab\u00e9l\u00e9sk\u00e9nt szolg\u00e1l. Kulcsszerepet j\u00e1tszik a plazmaeloszl\u00e1s szab\u00e1lyoz\u00e1s\u00e1ban, a marat\u00e1si egyenletess\u00e9g jav\u00edt\u00e1s\u00e1ban \u00e9s a kritikus kamraelemek v\u00e9delm\u00e9ben a nagy energi\u00e1j\u00fa plazma k\u00f6zvetlen expoz\u00edci\u00f3j\u00e1t\u00f3l.<\/p>\n<p data-start=\"560\" data-end=\"882\">A nagy tisztas\u00e1g\u00fa egykrist\u00e1lyos szil\u00edciumb\u00f3l vagy polikrist\u00e1lyos szil\u00edciumb\u00f3l gy\u00e1rtott Si-gy\u0171r\u0171k kiv\u00e1l\u00f3 kompatibilit\u00e1st biztos\u00edtanak a szil\u00edciumszeletel\u00e9si elj\u00e1r\u00e1sokkal. Ez a bels\u0151 anyagkompatibilit\u00e1s jelent\u0151sen cs\u00f6kkenti a szennyez\u0151d\u00e9s kock\u00e1zat\u00e1t, \u00edgy a szil\u00edciumgy\u0171r\u0171k sz\u00e1mos f\u00e9lvezet\u0151gy\u00e1rt\u00e1si k\u00f6rnyezetben el\u0151ny\u00f6s v\u00e1laszt\u00e1snak sz\u00e1m\u00edtanak.<\/p>\n<p data-start=\"884\" data-end=\"1239\">M\u0171k\u00f6d\u00e9s k\u00f6zben a szil\u00edciumgy\u0171r\u0171k reakt\u00edv plazm\u00e1nak vannak kit\u00e9ve, amelyet olyan g\u00e1zok, mint a CF\u2084, SF\u2086, NF\u2083 \u00e9s Cl\u2082 hoznak l\u00e9tre. Ezek a k\u00f6r\u00fclm\u00e9nyek fokozatosan anyager\u00f3zi\u00f3t \u00e9s fel\u00fcleti degrad\u00e1ci\u00f3t okoznak. Ennek eredm\u00e9nyek\u00e9ppen a szil\u00edciumgy\u0171r\u0171k kritikus f\u00e9lvezet\u0151 fogy\u00f3eszk\u00f6z\u00f6knek min\u0151s\u00fclnek, amelyek rendszeres cser\u00e9t ig\u00e9nyelnek az optim\u00e1lis technol\u00f3giai teljes\u00edtm\u00e9ny \u00e9s hozam fenntart\u00e1sa \u00e9rdek\u00e9ben.<\/p>\n<p data-start=\"1241\" data-end=\"1430\">A SiC gy\u0171r\u0171kkel \u00f6sszehasonl\u00edtva a szil\u00edciumgy\u0171r\u0171k k\u00f6lts\u00e9ghat\u00e9konyabbak \u00e9s k\u00f6nnyebben megmunk\u00e1lhat\u00f3k, \u00edgy ide\u00e1lisak olyan alkalmaz\u00e1sokhoz, ahol a csereciklusok elfogadhat\u00f3ak \u00e9s fontos a k\u00f6lts\u00e9gkontroll.<\/p>\n<hr data-start=\"1432\" data-end=\"1435\" \/>\n<h2 data-section-id=\"1wht24f\" data-start=\"1437\" data-end=\"1457\">F\u0151 jellemz\u0151k<\/h2>\n<ul data-start=\"1458\" data-end=\"2054\">\n<li data-section-id=\"1wvx41j\" data-start=\"1458\" data-end=\"1549\">Nagy tisztas\u00e1g\u00fa szil\u00edcium Anyag: Egykrist\u00e1lyos \u00e9s polikrist\u00e1lyos form\u00e1ban kaphat\u00f3.<\/li>\n<li data-section-id=\"16rlosp\" data-start=\"1550\" data-end=\"1653\">Kiv\u00e1l\u00f3 folyamat-kompatibilit\u00e1s: Alacsony szennyez\u0151d\u00e9si kock\u00e1zat\u00fa szil\u00edciumszelet-feldolgoz\u00e1shoz ide\u00e1lis: Ide\u00e1lis a szil\u00edciumszelet-feldolgoz\u00e1shoz.<\/li>\n<li data-section-id=\"h5tu82\" data-start=\"1654\" data-end=\"1727\">Stabil elektromos tulajdons\u00e1gok: T\u00e1mogatja a k\u00f6vetkezetes plazma viselked\u00e9st<\/li>\n<li data-section-id=\"qwtj7n\" data-start=\"1728\" data-end=\"1814\">Prec\u00edzi\u00f3s megmunk\u00e1l\u00e1s: Sz\u0171k t\u0171r\u00e9shat\u00e1rok (&lt;10 \u03bcm) a fejlett f\u00e9lvezet\u0151 szersz\u00e1mokhoz<\/li>\n<li data-section-id=\"cd4ksl\" data-start=\"1815\" data-end=\"1903\">T\u00f6bbf\u00e9le ellen\u00e1ll\u00e1si lehet\u0151s\u00e9g: Plazma vez\u00e9rl\u00e9si k\u00f6vetelm\u00e9nyek: Alkalmas a k\u00fcl\u00f6nb\u00f6z\u0151 plazma vez\u00e9rl\u00e9si k\u00f6vetelm\u00e9nyekhez<\/li>\n<li data-section-id=\"vfz8a3\" data-start=\"1904\" data-end=\"1984\">K\u00f6lts\u00e9ghat\u00e9kony megold\u00e1s: Alacsonyabb kezdeti k\u00f6lts\u00e9g a SiC alternat\u00edv\u00e1khoz k\u00e9pest<\/li>\n<li data-section-id=\"1q6rj8k\" data-start=\"1985\" data-end=\"2054\">Egyedi tervez\u00e9si t\u00e1mogat\u00e1s: \u00d6sszetett geometri\u00e1k \u00e9s m\u00e9retek<\/li>\n<\/ul>\n<hr data-start=\"2056\" data-end=\"2059\" \/>\n<h2 data-section-id=\"1vgwxle\" data-start=\"2061\" data-end=\"2093\">M\u0171szaki specifik\u00e1ci\u00f3k<\/h2>\n<div class=\"TyagGW_tableContainer\">\n<div class=\"group TyagGW_tableWrapper flex flex-col-reverse w-fit\" tabindex=\"-1\">\n<table class=\"w-fit min-w-(--thread-content-width)\" data-start=\"2095\" data-end=\"2793\">\n<thead data-start=\"2095\" data-end=\"2124\">\n<tr data-start=\"2095\" data-end=\"2124\">\n<th class=\"\" data-start=\"2095\" data-end=\"2107\" data-col-size=\"sm\">Param\u00e9ter<\/th>\n<th class=\"\" data-start=\"2107\" data-end=\"2124\" data-col-size=\"md\">Specifik\u00e1ci\u00f3<\/th>\n<\/tr>\n<\/thead>\n<tbody data-start=\"2152\" data-end=\"2793\">\n<tr data-start=\"2152\" data-end=\"2215\">\n<td data-start=\"2152\" data-end=\"2163\" data-col-size=\"sm\">Anyag<\/td>\n<td data-col-size=\"md\" data-start=\"2163\" data-end=\"2215\">Egykrist\u00e1lyos szil\u00edcium \/ polikrist\u00e1lyos szil\u00edcium<\/td>\n<\/tr>\n<tr data-start=\"2216\" data-end=\"2263\">\n<td data-start=\"2216\" data-end=\"2225\" data-col-size=\"sm\">Tisztas\u00e1g<\/td>\n<td data-col-size=\"md\" data-start=\"2225\" data-end=\"2263\">\u2265 99,999% (5N f\u00e9lvezet\u0151 min\u0151s\u00e9g\u0171)<\/td>\n<\/tr>\n<tr data-start=\"2264\" data-end=\"2297\">\n<td data-start=\"2264\" data-end=\"2281\" data-col-size=\"sm\">\u00c1tm\u00e9r\u0151 (Max)<\/td>\n<td data-col-size=\"md\" data-start=\"2281\" data-end=\"2297\">480 mm-ig<\/td>\n<\/tr>\n<tr data-start=\"2298\" data-end=\"2340\">\n<td data-start=\"2298\" data-end=\"2310\" data-col-size=\"sm\">Vastags\u00e1g<\/td>\n<td data-col-size=\"md\" data-start=\"2310\" data-end=\"2340\">Egyedi (jellemz\u0151en 5-30 mm)<\/td>\n<\/tr>\n<tr data-start=\"2341\" data-end=\"2376\">\n<td data-start=\"2341\" data-end=\"2361\" data-col-size=\"sm\">Ellen\u00e1ll\u00e1s (alacsony)<\/td>\n<td data-col-size=\"md\" data-start=\"2361\" data-end=\"2376\">&lt; 0,02 \u03a9-cm<\/td>\n<\/tr>\n<tr data-start=\"2377\" data-end=\"2414\">\n<td data-start=\"2377\" data-end=\"2400\" data-col-size=\"sm\">Ellen\u00e1ll\u00e1s (k\u00f6zepes)<\/td>\n<td data-col-size=\"md\" data-start=\"2400\" data-end=\"2414\">1 - 4 \u03a9-cm<\/td>\n<\/tr>\n<tr data-start=\"2415\" data-end=\"2452\">\n<td data-start=\"2415\" data-end=\"2436\" data-col-size=\"sm\">Ellen\u00e1ll\u00e1s (magas)<\/td>\n<td data-col-size=\"md\" data-start=\"2436\" data-end=\"2452\">70 - 90 \u03a9-cm<\/td>\n<\/tr>\n<tr data-start=\"2453\" data-end=\"2492\">\n<td data-start=\"2453\" data-end=\"2484\" data-col-size=\"sm\">Ellen\u00e1ll\u00e1s egyenletess\u00e9g (RRG)<\/td>\n<td data-col-size=\"md\" data-start=\"2484\" data-end=\"2492\">&lt; 5%<\/td>\n<\/tr>\n<tr data-start=\"2493\" data-end=\"2543\">\n<td data-start=\"2493\" data-end=\"2513\" data-col-size=\"sm\">Fel\u00fclet \u00e1llapota<\/td>\n<td data-col-size=\"md\" data-start=\"2513\" data-end=\"2543\">Pol\u00edrozott \/ csiszolt \/ csiszolt<\/td>\n<\/tr>\n<tr data-start=\"2544\" data-end=\"2605\">\n<td data-start=\"2544\" data-end=\"2569\" data-col-size=\"sm\">Fel\u00fcleti \u00e9rdess\u00e9g (Ra)<\/td>\n<td data-col-size=\"md\" data-start=\"2569\" data-end=\"2605\">\u2264 0,8 \u03bcm (csiszolt lehet alacsonyabb)<\/td>\n<\/tr>\n<tr data-start=\"2606\" data-end=\"2639\">\n<td data-start=\"2606\" data-end=\"2628\" data-col-size=\"sm\">Megmunk\u00e1l\u00e1si pontoss\u00e1g<\/td>\n<td data-col-size=\"md\" data-start=\"2628\" data-end=\"2639\">&lt; 10 \u03bcm<\/td>\n<\/tr>\n<tr data-start=\"2640\" data-end=\"2682\">\n<td data-start=\"2640\" data-end=\"2651\" data-col-size=\"sm\">Laposs\u00e1g<\/td>\n<td data-col-size=\"md\" data-start=\"2651\" data-end=\"2682\">\u2264 30 \u03bcm (m\u00e9rett\u0151l f\u00fcgg\u0151en)<\/td>\n<\/tr>\n<tr data-start=\"2683\" data-end=\"2728\">\n<td data-start=\"2683\" data-end=\"2695\" data-col-size=\"sm\">\u00c9l t\u00edpus<\/td>\n<td data-col-size=\"md\" data-start=\"2695\" data-end=\"2728\">Ferde \/ sug\u00e1r testre szabhat\u00f3<\/td>\n<\/tr>\n<tr data-start=\"2729\" data-end=\"2793\">\n<td data-start=\"2729\" data-end=\"2747\" data-col-size=\"sm\">Min\u0151s\u00e9gellen\u0151rz\u00e9s<\/td>\n<td data-col-size=\"md\" data-start=\"2747\" data-end=\"2793\">Nincsenek reped\u00e9sek, z\u00faz\u00f3d\u00e1sok, karcol\u00e1sok, szennyez\u0151d\u00e9sek.<\/td>\n<\/tr>\n<\/tbody>\n<\/table>\n<\/div>\n<\/div>\n<hr data-start=\"2795\" data-end=\"2798\" \/>\n<h2 data-section-id=\"1gggyhy\" data-start=\"2800\" data-end=\"2820\">Alkalmaz\u00e1sok<\/h2>\n<p data-start=\"2821\" data-end=\"2903\">A szil\u00edciumgy\u0171r\u0171k sz\u00e1mos f\u00e9lvezet\u0151-feldolgoz\u00e1si k\u00f6rnyezetben n\u00e9lk\u00fcl\u00f6zhetetlenek:<\/p>\n<ul data-start=\"2905\" data-end=\"3108\">\n<li data-section-id=\"qzqq98\" data-start=\"2905\" data-end=\"2943\">Plazma marat\u00e1si rendszerek (ICP \/ RIE)<\/li>\n<li data-section-id=\"1iourx1\" data-start=\"2944\" data-end=\"2987\">K\u00e9miai g\u0151zf\u00e1zis\u00fa lev\u00e1laszt\u00e1s (CVD \/ PECVD)<\/li>\n<li data-section-id=\"1hekjdg\" data-start=\"2988\" data-end=\"3025\">F\u00f3kuszgy\u0171r\u0171 \/ peremgy\u0171r\u0171 alkatr\u00e9szek<\/li>\n<li data-section-id=\"y1zl6l\" data-start=\"3026\" data-end=\"3065\">Kamrav\u00e9d\u0151 \u00e9s b\u00e9lel\u0151 alkatr\u00e9szek<\/li>\n<li data-section-id=\"83pt8g\" data-start=\"3066\" data-end=\"3108\">Wafer edge plazmavez\u00e9rl\u00e9si alkalmaz\u00e1sok<\/li>\n<\/ul>\n<p data-start=\"3110\" data-end=\"3235\">Sz\u00e9les k\u00f6rben haszn\u00e1lj\u00e1k \u0151ket mind az \u00e9rett, mind a k\u00f6ztes technol\u00f3giai csom\u00f3pontokban, ahol k\u00f6lts\u00e9ghat\u00e9konys\u00e1gra \u00e9s stabil teljes\u00edtm\u00e9nyre van sz\u00fcks\u00e9g.<\/p>\n<p data-start=\"3110\" data-end=\"3235\"><img decoding=\"async\" class=\"aligncenter wp-image-2406 size-large\" src=\"https:\/\/www.zmsh-semitech.com\/wp-content\/uploads\/2026\/04\/nqhpoIZB7ZFQ0FgmKSApdpD5LVDKRh2mgeWJ0h_n8YC-oFDqn-Z2JB5pyoBfyG-_oDLzw_pC2C1A3AoLJoKcLErEuU3bYIhN8vq8CwcolHLoXu8EmdfU22zT2CiuFBN0qxhzObBOZwWh-dASuFxcJnit1n-yH8VsKHv8U2e2dzbKmApkzAOkXyVy8SRUL7r0-1024x681.jpg\" alt=\"Prec\u00edzi\u00f3s szil\u00edcium gy\u0171r\u0171 (egykrist\u00e1lyos \/ polikrist\u00e1lyos) f\u00e9lvezet\u0151 plazma marat\u00e1shoz\" width=\"1024\" height=\"681\" srcset=\"https:\/\/www.zmsh-semitech.com\/wp-content\/uploads\/2026\/04\/nqhpoIZB7ZFQ0FgmKSApdpD5LVDKRh2mgeWJ0h_n8YC-oFDqn-Z2JB5pyoBfyG-_oDLzw_pC2C1A3AoLJoKcLErEuU3bYIhN8vq8CwcolHLoXu8EmdfU22zT2CiuFBN0qxhzObBOZwWh-dASuFxcJnit1n-yH8VsKHv8U2e2dzbKmApkzAOkXyVy8SRUL7r0-1024x681.jpg 1024w, https:\/\/www.zmsh-semitech.com\/wp-content\/uploads\/2026\/04\/nqhpoIZB7ZFQ0FgmKSApdpD5LVDKRh2mgeWJ0h_n8YC-oFDqn-Z2JB5pyoBfyG-_oDLzw_pC2C1A3AoLJoKcLErEuU3bYIhN8vq8CwcolHLoXu8EmdfU22zT2CiuFBN0qxhzObBOZwWh-dASuFxcJnit1n-yH8VsKHv8U2e2dzbKmApkzAOkXyVy8SRUL7r0-300x199.jpg 300w, https:\/\/www.zmsh-semitech.com\/wp-content\/uploads\/2026\/04\/nqhpoIZB7ZFQ0FgmKSApdpD5LVDKRh2mgeWJ0h_n8YC-oFDqn-Z2JB5pyoBfyG-_oDLzw_pC2C1A3AoLJoKcLErEuU3bYIhN8vq8CwcolHLoXu8EmdfU22zT2CiuFBN0qxhzObBOZwWh-dASuFxcJnit1n-yH8VsKHv8U2e2dzbKmApkzAOkXyVy8SRUL7r0-768x510.jpg 768w, https:\/\/www.zmsh-semitech.com\/wp-content\/uploads\/2026\/04\/nqhpoIZB7ZFQ0FgmKSApdpD5LVDKRh2mgeWJ0h_n8YC-oFDqn-Z2JB5pyoBfyG-_oDLzw_pC2C1A3AoLJoKcLErEuU3bYIhN8vq8CwcolHLoXu8EmdfU22zT2CiuFBN0qxhzObBOZwWh-dASuFxcJnit1n-yH8VsKHv8U2e2dzbKmApkzAOkXyVy8SRUL7r0-1536x1021.jpg 1536w, https:\/\/www.zmsh-semitech.com\/wp-content\/uploads\/2026\/04\/nqhpoIZB7ZFQ0FgmKSApdpD5LVDKRh2mgeWJ0h_n8YC-oFDqn-Z2JB5pyoBfyG-_oDLzw_pC2C1A3AoLJoKcLErEuU3bYIhN8vq8CwcolHLoXu8EmdfU22zT2CiuFBN0qxhzObBOZwWh-dASuFxcJnit1n-yH8VsKHv8U2e2dzbKmApkzAOkXyVy8SRUL7r0-18x12.jpg 18w, https:\/\/www.zmsh-semitech.com\/wp-content\/uploads\/2026\/04\/nqhpoIZB7ZFQ0FgmKSApdpD5LVDKRh2mgeWJ0h_n8YC-oFDqn-Z2JB5pyoBfyG-_oDLzw_pC2C1A3AoLJoKcLErEuU3bYIhN8vq8CwcolHLoXu8EmdfU22zT2CiuFBN0qxhzObBOZwWh-dASuFxcJnit1n-yH8VsKHv8U2e2dzbKmApkzAOkXyVy8SRUL7r0-600x399.jpg 600w, https:\/\/www.zmsh-semitech.com\/wp-content\/uploads\/2026\/04\/nqhpoIZB7ZFQ0FgmKSApdpD5LVDKRh2mgeWJ0h_n8YC-oFDqn-Z2JB5pyoBfyG-_oDLzw_pC2C1A3AoLJoKcLErEuU3bYIhN8vq8CwcolHLoXu8EmdfU22zT2CiuFBN0qxhzObBOZwWh-dASuFxcJnit1n-yH8VsKHv8U2e2dzbKmApkzAOkXyVy8SRUL7r0.jpg 2048w\" sizes=\"(max-width: 1024px) 100vw, 1024px\" \/><\/p>\n<hr data-start=\"3237\" data-end=\"3240\" \/>\n<h2 data-section-id=\"1misgzs\" data-start=\"3242\" data-end=\"3274\">El\u0151ny\u00f6k \u00e9s pozicion\u00e1l\u00e1s<\/h2>\n<p data-start=\"3275\" data-end=\"3371\">A szil\u00edciumgy\u0171r\u0171k kiegyens\u00falyozott megold\u00e1st ny\u00fajtanak a teljes\u00edtm\u00e9ny \u00e9s a k\u00f6lts\u00e9gek k\u00f6z\u00f6tt. A SiC gy\u0171r\u0171kkel \u00f6sszehasonl\u00edtva:<\/p>\n<ul data-start=\"3373\" data-end=\"3681\">\n<li data-section-id=\"qgkkrh\" data-start=\"3373\" data-end=\"3449\">Alacsonyabb k\u00f6lts\u00e9g: Ide\u00e1lis a k\u00f6lts\u00e9gvet\u00e9s-\u00e9rz\u00e9keny vagy magas cseresz\u00fcks\u00e9glet\u0171 forgat\u00f3k\u00f6nyvek eset\u00e9n.<\/li>\n<li data-section-id=\"fe5ihf\" data-start=\"3450\" data-end=\"3533\">J\u00f3 folyamat-kompatibilit\u00e1s: K\u00fcl\u00f6n\u00f6sen alkalmas szil\u00edcium-alap\u00fa folyamatokhoz<\/li>\n<li data-section-id=\"1wgvfgt\" data-start=\"3534\" data-end=\"3604\">Rugalmas gy\u00e1rt\u00e1s: K\u00f6nnyebben megmunk\u00e1lhat\u00f3 \u00f6sszetett mint\u00e1k<\/li>\n<li data-section-id=\"1855g4l\" data-start=\"3605\" data-end=\"3681\">Megb\u00edzhat\u00f3 teljes\u00edtm\u00e9ny: Nagym\u00e9ret\u0171 f\u00e9lvezet\u0151gy\u00e1rt\u00e1sban bizony\u00edtott<\/li>\n<\/ul>\n<p data-start=\"3683\" data-end=\"3894\">Rendk\u00edv\u00fcl kem\u00e9ny plazmak\u00f6r\u00fclm\u00e9nyek k\u00f6z\u00f6tt azonban a szil\u00edciumgy\u0171r\u0171k gyorsabban kophatnak, mint a SiC gy\u0171r\u0171k. Ez\u00e9rt az anyagv\u00e1laszt\u00e1snak a folyamat intenzit\u00e1s\u00e1n, az \u00e9lettartam-elv\u00e1r\u00e1sokon \u00e9s a k\u00f6lts\u00e9gmegfontol\u00e1sokon kell alapulnia.<\/p>\n<p data-start=\"3683\" data-end=\"3894\"><img decoding=\"async\" class=\"wp-image-2383 size-large aligncenter\" src=\"https:\/\/www.zmsh-semitech.com\/wp-content\/uploads\/2026\/04\/\u5fae\u4fe1\u56fe\u7247_20260423181006_366_381-1024x486.png\" alt=\"\" width=\"1024\" height=\"486\" srcset=\"\" sizes=\"(max-width: 1024px) 100vw, 1024px\" data-srcset=\"\" \/><\/p>\n<hr data-start=\"3896\" data-end=\"3899\" \/>\n<h2 data-section-id=\"cpu4ih\" data-start=\"3901\" data-end=\"3912\">GYIK<\/h2>\n<p data-start=\"3914\" data-end=\"4070\">1. k\u00e9rd\u00e9s: A szilikongy\u0171r\u0171 fogy\u00f3eszk\u00f6z?<br data-start=\"3963\" data-end=\"3966\" \/>Igen. A plazmak\u00f6rnyezetben t\u00f6rt\u00e9n\u0151 fokozatos er\u00f3zi\u00f3 miatt kritikus f\u00e9lvezet\u0151 fogy\u00f3eszk\u00f6znek sz\u00e1m\u00edt.<\/p>\n<p data-start=\"4072\" data-end=\"4291\">2. k\u00e9rd\u00e9s: Mi a k\u00fcl\u00f6nbs\u00e9g az egykrist\u00e1lyos \u00e9s a polikrist\u00e1lyos szil\u00edciumgy\u0171r\u0171k k\u00f6z\u00f6tt?<br data-start=\"4160\" data-end=\"4163\" \/>Az egykrist\u00e1lyos szil\u00edcium jobb egyenletess\u00e9get \u00e9s elektromos tulajdons\u00e1gokat k\u00edn\u00e1l, m\u00edg a polikrist\u00e1lyos szil\u00edcium k\u00f6lts\u00e9ghat\u00e9konyabb.<\/p>\n<p data-start=\"4293\" data-end=\"4452\">3. k\u00e9rd\u00e9s: A szilikongy\u0171r\u0171 testre szabhat\u00f3?<br data-start=\"4336\" data-end=\"4339\" \/>Igen. A m\u00e9ret, a vastags\u00e1g, az ellen\u00e1ll\u00e1s, a fel\u00fcletkezel\u00e9s \u00e9s a geometria mind testre szabhat\u00f3 az \u00d6n rajzai szerint.<\/p>\n<p data-start=\"4454\" data-end=\"4622\">4. k\u00e9rd\u00e9s: Milyen gyakran kell cser\u00e9lni a szilikongy\u0171r\u0171t?<br data-start=\"4509\" data-end=\"4512\" \/>A folyamat k\u00f6r\u00fclm\u00e9nyeit\u0151l f\u00fcgg, de jellemz\u0151en gyakrabban, mint a SiC gy\u0171r\u0171k az alacsonyabb plazmaellen\u00e1ll\u00e1s miatt.<\/p>\n<p data-start=\"4624\" data-end=\"4743\">5. k\u00e9rd\u00e9s: Mennyi a tipikus \u00e1tfut\u00e1si id\u0151?<br data-start=\"4662\" data-end=\"4665\" \/>A gy\u00e1rt\u00e1s \u00e1ltal\u00e1ban 3-5 hetet vesz ig\u00e9nybe a specifik\u00e1ci\u00f3t\u00f3l \u00e9s a mennyis\u00e9gt\u0151l f\u00fcgg\u0151en.<\/p>","protected":false},"excerpt":{"rendered":"<p>A szil\u00edciumgy\u0171r\u0171 (Si-gy\u0171r\u0171) a f\u00e9lvezet\u0151 plazmafeldolgoz\u00f3 berendez\u00e9sekben sz\u00e9les k\u00f6rben haszn\u00e1lt alkatr\u00e9sz, amely f\u00f3kuszgy\u0171r\u0171k\u00e9nt, peremgy\u0171r\u0171k\u00e9nt vagy kamrab\u00e9l\u00e9sk\u00e9nt szolg\u00e1l. Kulcsszerepet j\u00e1tszik a plazmaeloszl\u00e1s szab\u00e1lyoz\u00e1s\u00e1ban, a marat\u00e1si egyenletess\u00e9g jav\u00edt\u00e1s\u00e1ban \u00e9s a kritikus kamraelemek v\u00e9delm\u00e9ben a nagy energi\u00e1j\u00fa plazma k\u00f6zvetlen expoz\u00edci\u00f3j\u00e1t\u00f3l.<\/p>","protected":false},"featured_media":2404,"comment_status":"open","ping_status":"closed","template":"","meta":{"site-sidebar-layout":"default","site-content-layout":"","ast-site-content-layout":"default","site-content-style":"default","site-sidebar-style":"default","ast-global-header-display":"","ast-banner-title-visibility":"","ast-main-header-display":"","ast-hfb-above-header-display":"","ast-hfb-below-header-display":"","ast-hfb-mobile-header-display":"","site-post-title":"","ast-breadcrumbs-content":"","ast-featured-img":"","footer-sml-layout":"","ast-disable-related-posts":"","theme-transparent-header-meta":"default","adv-header-id-meta":"","stick-header-meta":"default","header-above-stick-meta":"","header-main-stick-meta":"","header-below-stick-meta":"","astra-migrate-meta-layouts":"set","ast-page-background-enabled":"default","ast-page-background-meta":{"desktop":{"background-color":"var(--ast-global-color-4)","background-image":"","background-repeat":"repeat","background-position":"center center","background-size":"auto","background-attachment":"scroll","background-type":"","background-media":"","overlay-type":"","overlay-color":"","overlay-opacity":"","overlay-gradient":""},"tablet":{"background-color":"","background-image":"","background-repeat":"repeat","background-position":"center center","background-size":"auto","background-attachment":"scroll","background-type":"","background-media":"","overlay-type":"","overlay-color":"","overlay-opacity":"","overlay-gradient":""},"mobile":{"background-color":"","background-image":"","background-repeat":"repeat","background-position":"center center","background-size":"auto","background-attachment":"scroll","background-type":"","background-media":"","overlay-type":"","overlay-color":"","overlay-opacity":"","overlay-gradient":""}},"ast-content-background-meta":{"desktop":{"background-color":"var(--ast-global-color-5)","background-image":"","background-repeat":"repeat","background-position":"center center","background-size":"auto","background-attachment":"scroll","background-type":"","background-media":"","overlay-type":"","overlay-color":"","overlay-opacity":"","overlay-gradient":""},"tablet":{"background-color":"var(--ast-global-color-5)","background-image":"","background-repeat":"repeat","background-position":"center center","background-size":"auto","background-attachment":"scroll","background-type":"","background-media":"","overlay-type":"","overlay-color":"","overlay-opacity":"","overlay-gradient":""},"mobile":{"background-color":"var(--ast-global-color-5)","background-image":"","background-repeat":"repeat","background-position":"center center","background-size":"auto","background-attachment":"scroll","background-type":"","background-media":"","overlay-type":"","overlay-color":"","overlay-opacity":"","overlay-gradient":""}}},"product_brand":[],"product_cat":[1212],"product_tag":[1251,1250,1246,1237,1254,1218,1232,1249,1252,1248,1255,1253,1256],"class_list":{"0":"post-2400","1":"product","2":"type-product","3":"status-publish","4":"has-post-thumbnail","6":"product_cat-semiconductor-consumables","7":"product_tag-edge-ring-semiconductor","8":"product_tag-focus-ring-silicon","9":"product_tag-icp-rie-ring","10":"product_tag-plasma-etching-ring","11":"product_tag-polycrystalline-silicon-ring","12":"product_tag-semiconductor-consumables","13":"product_tag-semiconductor-equipment-parts","14":"product_tag-si-ring-semiconductor","15":"product_tag-silicon-chamber-parts","16":"product_tag-silicon-ring","17":"product_tag-silicon-wear-parts","18":"product_tag-single-crystal-silicon-ring","19":"product_tag-wafer-processing-components","20":"desktop-align-left","21":"tablet-align-left","22":"mobile-align-left","23":"ast-product-gallery-layout-horizontal-slider","24":"ast-product-tabs-layout-horizontal","26":"first","27":"instock","28":"shipping-taxable","29":"product-type-simple"},"_links":{"self":[{"href":"https:\/\/www.zmsh-semitech.com\/hu\/wp-json\/wp\/v2\/product\/2400","targetHints":{"allow":["GET"]}}],"collection":[{"href":"https:\/\/www.zmsh-semitech.com\/hu\/wp-json\/wp\/v2\/product"}],"about":[{"href":"https:\/\/www.zmsh-semitech.com\/hu\/wp-json\/wp\/v2\/types\/product"}],"replies":[{"embeddable":true,"href":"https:\/\/www.zmsh-semitech.com\/hu\/wp-json\/wp\/v2\/comments?post=2400"}],"version-history":[{"count":2,"href":"https:\/\/www.zmsh-semitech.com\/hu\/wp-json\/wp\/v2\/product\/2400\/revisions"}],"predecessor-version":[{"id":2408,"href":"https:\/\/www.zmsh-semitech.com\/hu\/wp-json\/wp\/v2\/product\/2400\/revisions\/2408"}],"wp:featuredmedia":[{"embeddable":true,"href":"https:\/\/www.zmsh-semitech.com\/hu\/wp-json\/wp\/v2\/media\/2404"}],"wp:attachment":[{"href":"https:\/\/www.zmsh-semitech.com\/hu\/wp-json\/wp\/v2\/media?parent=2400"}],"wp:term":[{"taxonomy":"product_brand","embeddable":true,"href":"https:\/\/www.zmsh-semitech.com\/hu\/wp-json\/wp\/v2\/product_brand?post=2400"},{"taxonomy":"product_cat","embeddable":true,"href":"https:\/\/www.zmsh-semitech.com\/hu\/wp-json\/wp\/v2\/product_cat?post=2400"},{"taxonomy":"product_tag","embeddable":true,"href":"https:\/\/www.zmsh-semitech.com\/hu\/wp-json\/wp\/v2\/product_tag?post=2400"}],"curies":[{"name":"wp","href":"https:\/\/api.w.org\/{rel}","templated":true}]}}