{"id":2354,"date":"2026-04-22T06:34:59","date_gmt":"2026-04-22T06:34:59","guid":{"rendered":"https:\/\/www.zmsh-semitech.com\/?post_type=product&#038;p=2354"},"modified":"2026-04-22T07:16:34","modified_gmt":"2026-04-22T07:16:34","slug":"ai300-medium-beam-high-temperature-ion-implantation-system-for-12-inch-wafer-processing","status":"publish","type":"product","link":"https:\/\/www.zmsh-semitech.com\/hu\/product\/ai300-medium-beam-high-temperature-ion-implantation-system-for-12-inch-wafer-processing\/","title":{"rendered":"Ai300 (k\u00f6zepes sug\u00e1r) magas h\u0151m\u00e9rs\u00e9klet\u0171 ionimplant\u00e1ci\u00f3s rendszer 12 h\u00fcvelykes osty\u00e1k feldolgoz\u00e1s\u00e1hoz"},"content":{"rendered":"<p data-start=\"228\" data-end=\"538\"><img fetchpriority=\"high\" decoding=\"async\" class=\"alignright wp-image-2357 size-medium\" src=\"https:\/\/www.zmsh-semitech.com\/wp-content\/uploads\/2026\/04\/AI300-300x300.png\" alt=\"Ai300 (k\u00f6zepes sug\u00e1r) magas h\u0151m\u00e9rs\u00e9klet\u0171 ionimplant\u00e1ci\u00f3s rendszer 12 h\u00fcvelykes osty\u00e1k feldolgoz\u00e1s\u00e1hoz\" width=\"300\" height=\"300\" srcset=\"https:\/\/www.zmsh-semitech.com\/wp-content\/uploads\/2026\/04\/AI300-300x300.png 300w, https:\/\/www.zmsh-semitech.com\/wp-content\/uploads\/2026\/04\/AI300-150x150.png 150w, https:\/\/www.zmsh-semitech.com\/wp-content\/uploads\/2026\/04\/AI300-768x768.png 768w, https:\/\/www.zmsh-semitech.com\/wp-content\/uploads\/2026\/04\/AI300-12x12.png 12w, https:\/\/www.zmsh-semitech.com\/wp-content\/uploads\/2026\/04\/AI300-600x600.png 600w, https:\/\/www.zmsh-semitech.com\/wp-content\/uploads\/2026\/04\/AI300-100x100.png 100w, https:\/\/www.zmsh-semitech.com\/wp-content\/uploads\/2026\/04\/AI300.png 1000w\" sizes=\"(max-width: 300px) 100vw, 300px\" \/>Az Ai300 (Medium Beam) magas h\u0151m\u00e9rs\u00e9klet\u0171 ionimplant\u00e1ci\u00f3s rendszert 12 h\u00fcvelykes szil\u00edciumszelet f\u00e9lvezet\u0151 gy\u00e1rt\u00f3sorokhoz tervezt\u00e9k. Ez egy k\u00f6zepes \u00e1ramer\u0151ss\u00e9g\u0171 ionimplant\u00e1l\u00f3 berendez\u00e9s, amelyet a szil\u00edciumalap\u00fa \u00e9s a sz\u00e9les s\u00e1vsz\u00e9less\u00e9g\u0171 f\u00e9lvezet\u0151-alkalmaz\u00e1sokban alkalmazott fejlett adal\u00e9kol\u00e1si elj\u00e1r\u00e1sokhoz fejlesztettek ki, bele\u00e9rtve a SiC technol\u00f3giai vonalakat is.<\/p>\n<p data-start=\"540\" data-end=\"872\">A rendszer 5 keV-t\u00f3l 300 keV-ig terjed\u0151 energiatartom\u00e1nyt t\u00e1mogat, lehet\u0151v\u00e9 t\u00e9ve a rugalmas implant\u00e1ci\u00f3t a sek\u00e9ly \u00e1tmenet kialak\u00edt\u00e1s\u00e1t\u00f3l a m\u00e9ly adal\u00e9kol\u00e1si alkalmaz\u00e1sokig. Fel van szerelve egy magas h\u0151m\u00e9rs\u00e9klet\u0171, ak\u00e1r 400 \u00b0C-os maxim\u00e1lis h\u0151m\u00e9rs\u00e9klet\u0171, f\u0171t\u00f6tt ostyasz\u00ednpaddal, amely lehet\u0151v\u00e9 teszi az adal\u00e9kanyag jobb aktiv\u00e1l\u00e1s\u00e1t \u00e9s a r\u00e1csszerkezet kisebb k\u00e1rosod\u00e1s\u00e1t az implant\u00e1ci\u00f3 sor\u00e1n.<\/p>\n<p data-start=\"874\" data-end=\"1076\">A stabil sug\u00e1rz\u00e1si teljes\u00edtm\u00e9ny, a nagy pontoss\u00e1g\u00fa vez\u00e9rl\u00e9s \u00e9s a nagym\u00e9ret\u0171 integr\u00e1lt \u00e1ramk\u00f6ri folyamatokkal val\u00f3 kompatibilit\u00e1s r\u00e9v\u00e9n az Ai300 rendszer alkalmas a fejlett f\u00e9lvezet\u0151gy\u00e1rt\u00e1si k\u00f6rnyezetek sz\u00e1m\u00e1ra.<\/p>\n<hr data-start=\"1078\" data-end=\"1081\" \/>\n<h2 data-section-id=\"1d7mrtu\" data-start=\"1083\" data-end=\"1094\">Jellemz\u0151k<\/h2>\n<h3 data-section-id=\"1oge1av\" data-start=\"1096\" data-end=\"1135\">Magas h\u0151m\u00e9rs\u00e9klet\u0171 implant\u00e1tumk\u00e9pess\u00e9g<\/h3>\n<p data-start=\"1136\" data-end=\"1272\">Fel van szerelve egy f\u0171t\u00f6tt ostyasz\u00ednpaddal, amely ak\u00e1r 400\u00b0C-os h\u0151m\u00e9rs\u00e9kletet is t\u00e1mogat, jav\u00edtva az implant\u00e1ci\u00f3 min\u0151s\u00e9g\u00e9t \u00e9s az adal\u00e9kanyag-aktiv\u00e1l\u00e1s hat\u00e9konys\u00e1g\u00e1t.<\/p>\n<h3 data-section-id=\"ox5pwk\" data-start=\"1274\" data-end=\"1295\">Sz\u00e9les energiatartom\u00e1ny<\/h3>\n<p data-start=\"1296\" data-end=\"1407\">Az 5-300 keV-os energiatartom\u00e1ny t\u00e1mogatja mind a sek\u00e9ly, mind a m\u00e9ly implant\u00e1ci\u00f3s elj\u00e1r\u00e1sokat a fejlett eszk\u00f6zszerkezetek sz\u00e1m\u00e1ra.<\/p>\n<h3 data-section-id=\"1czdwpe\" data-start=\"1409\" data-end=\"1440\">Nagy pontoss\u00e1g\u00fa sug\u00e1rvez\u00e9rl\u00e9s<\/h3>\n<p data-start=\"1441\" data-end=\"1574\">Nagy pontoss\u00e1g\u00fa be\u00fcltet\u00e9st biztos\u00edt \u2264 0,1\u00b0 sz\u00f6gpontoss\u00e1ggal, \u2264 0,1\u00b0 sug\u00e1rp\u00e1rhuzamoss\u00e1ggal, \u2264 0,5% egyenletess\u00e9ggel \u00e9s \u2264 0,5% ism\u00e9telhet\u0151s\u00e9ggel.<\/p>\n<h3 data-section-id=\"1q1uyu2\" data-start=\"1576\" data-end=\"1607\">Nagy \u00e1tereszt\u0151k\u00e9pess\u00e9g<\/h3>\n<p data-start=\"1608\" data-end=\"1710\">\u00d3r\u00e1nk\u00e9nt ak\u00e1r \u2265 500 osty\u00e1t is k\u00e9pes \u00e1tvinni, alkalmas nagy volumen\u0171 f\u00e9lvezet\u0151gy\u00e1rt\u00e1shoz.<\/p>\n<h3 data-section-id=\"1h8myql\" data-start=\"1712\" data-end=\"1746\">Fejlett ionforr\u00e1s-k\u00e9pess\u00e9g<\/h3>\n<p data-start=\"1747\" data-end=\"1869\">T\u00f6bbf\u00e9le be\u00fcltetett elemet t\u00e1mogat, bele\u00e9rtve a C, B, P, N, He \u00e9s Ar elemeket, \u00edgy megfelel a k\u00fcl\u00f6nb\u00f6z\u0151 f\u00e9lvezet\u0151 folyamatok k\u00f6vetelm\u00e9nyeinek.<\/p>\n<h3 data-section-id=\"1bq068l\" data-start=\"1871\" data-end=\"1900\">LSI-folyamat kompatibilit\u00e1s<\/h3>\n<p data-start=\"1901\" data-end=\"2010\">Teljesen kompatibilis a nagym\u00e9ret\u0171 integr\u00e1lt \u00e1ramk\u00f6r\u00f6k gy\u00e1rt\u00e1si folyamataival \u00e9s a fejlett eszk\u00f6zgy\u00e1rt\u00e1ssal.<\/p>\n<p data-start=\"1901\" data-end=\"2010\"><img decoding=\"async\" class=\"alignnone size-medium wp-image-2368\" src=\"https:\/\/www.zmsh-semitech.com\/wp-content\/uploads\/2026\/04\/Annular-Implantation-1-267x300.webp\" alt=\"\" width=\"267\" height=\"300\" srcset=\"https:\/\/www.zmsh-semitech.com\/wp-content\/uploads\/2026\/04\/Annular-Implantation-1-267x300.webp 267w, https:\/\/www.zmsh-semitech.com\/wp-content\/uploads\/2026\/04\/Annular-Implantation-1-11x12.webp 11w, https:\/\/www.zmsh-semitech.com\/wp-content\/uploads\/2026\/04\/Annular-Implantation-1.webp 462w\" sizes=\"(max-width: 267px) 100vw, 267px\" \/> <img decoding=\"async\" class=\"alignnone size-medium wp-image-2369\" src=\"https:\/\/www.zmsh-semitech.com\/wp-content\/uploads\/2026\/04\/Quadrant-Implantation-1-291x300.webp\" alt=\"\" width=\"291\" height=\"300\" srcset=\"https:\/\/www.zmsh-semitech.com\/wp-content\/uploads\/2026\/04\/Quadrant-Implantation-1-291x300.webp 291w, https:\/\/www.zmsh-semitech.com\/wp-content\/uploads\/2026\/04\/Quadrant-Implantation-1-12x12.webp 12w, https:\/\/www.zmsh-semitech.com\/wp-content\/uploads\/2026\/04\/Quadrant-Implantation-1.webp 499w\" sizes=\"(max-width: 291px) 100vw, 291px\" \/><\/p>\n<hr data-start=\"2012\" data-end=\"2015\" \/>\n<h2 data-section-id=\"rkota4\" data-start=\"2017\" data-end=\"2038\">F\u0151bb specifik\u00e1ci\u00f3k<\/h2>\n<h3 data-section-id=\"rc5knr\" data-start=\"2040\" data-end=\"2062\">Folyamat param\u00e9terek<\/h3>\n<div class=\"TyagGW_tableContainer\">\n<div class=\"group TyagGW_tableWrapper flex flex-col-reverse w-fit\" tabindex=\"-1\">\n<table class=\"w-fit min-w-(--thread-content-width)\" data-start=\"2064\" data-end=\"2246\">\n<thead data-start=\"2064\" data-end=\"2088\">\n<tr data-start=\"2064\" data-end=\"2088\">\n<th class=\"\" data-start=\"2064\" data-end=\"2071\" data-col-size=\"sm\">T\u00e9tel<\/th>\n<th class=\"\" data-start=\"2071\" data-end=\"2088\" data-col-size=\"sm\">Specifik\u00e1ci\u00f3<\/th>\n<\/tr>\n<\/thead>\n<tbody data-start=\"2113\" data-end=\"2246\">\n<tr data-start=\"2113\" data-end=\"2137\">\n<td data-start=\"2113\" data-end=\"2126\" data-col-size=\"sm\">Wafer m\u00e9ret<\/td>\n<td data-col-size=\"sm\" data-start=\"2126\" data-end=\"2137\">12 h\u00fcvelyk<\/td>\n<\/tr>\n<tr data-start=\"2138\" data-end=\"2166\">\n<td data-start=\"2138\" data-end=\"2153\" data-col-size=\"sm\">Energia tartom\u00e1ny<\/td>\n<td data-col-size=\"sm\" data-start=\"2153\" data-end=\"2166\">5-300 keV<\/td>\n<\/tr>\n<tr data-start=\"2167\" data-end=\"2210\">\n<td data-start=\"2167\" data-end=\"2188\" data-col-size=\"sm\">Be\u00fcltetett elemek<\/td>\n<td data-col-size=\"sm\" data-start=\"2188\" data-end=\"2210\">C, B, P, N, He, Ar<\/td>\n<\/tr>\n<tr data-start=\"2211\" data-end=\"2246\">\n<td data-start=\"2211\" data-end=\"2224\" data-col-size=\"sm\">D\u00f3zistartom\u00e1ny<\/td>\n<td data-col-size=\"sm\" data-start=\"2224\" data-end=\"2246\">1E11-1E16 ion\/cm\u00b2<\/td>\n<\/tr>\n<\/tbody>\n<\/table>\n<\/div>\n<\/div>\n<h3 data-section-id=\"h0mtjp\" data-start=\"2253\" data-end=\"2273\">Sug\u00e1r teljes\u00edtm\u00e9ny<\/h3>\n<div class=\"TyagGW_tableContainer\">\n<div class=\"group TyagGW_tableWrapper flex flex-col-reverse w-fit\" tabindex=\"-1\">\n<table class=\"w-fit min-w-(--thread-content-width)\" data-start=\"2275\" data-end=\"2429\">\n<thead data-start=\"2275\" data-end=\"2299\">\n<tr data-start=\"2275\" data-end=\"2299\">\n<th class=\"\" data-start=\"2275\" data-end=\"2282\" data-col-size=\"sm\">T\u00e9tel<\/th>\n<th class=\"\" data-start=\"2282\" data-end=\"2299\" data-col-size=\"md\">Specifik\u00e1ci\u00f3<\/th>\n<\/tr>\n<\/thead>\n<tbody data-start=\"2324\" data-end=\"2429\">\n<tr data-start=\"2324\" data-end=\"2399\">\n<td data-start=\"2324\" data-end=\"2341\" data-col-size=\"sm\">Gerendastabilit\u00e1s<\/td>\n<td data-col-size=\"md\" data-start=\"2341\" data-end=\"2399\">\u2264 10% \/ \u00f3ra (\u22641 sug\u00e1r megszakad\u00e1sa vagy \u00edvesed\u00e9s \u00f3r\u00e1nk\u00e9nt)<\/td>\n<\/tr>\n<tr data-start=\"2400\" data-end=\"2429\">\n<td data-start=\"2400\" data-end=\"2419\" data-col-size=\"sm\">Gerendap\u00e1rhuzamoss\u00e1g<\/td>\n<td data-col-size=\"md\" data-start=\"2419\" data-end=\"2429\">\u2264 0.1\u00b0<\/td>\n<\/tr>\n<\/tbody>\n<\/table>\n<\/div>\n<\/div>\n<h3 data-section-id=\"ieoahx\" data-start=\"2436\" data-end=\"2461\">Be\u00fcltet\u00e9s pontoss\u00e1ga<\/h3>\n<div class=\"TyagGW_tableContainer\">\n<div class=\"group TyagGW_tableWrapper flex flex-col-reverse w-fit\" tabindex=\"-1\">\n<table class=\"w-fit min-w-(--thread-content-width)\" data-start=\"2463\" data-end=\"2653\">\n<thead data-start=\"2463\" data-end=\"2487\">\n<tr data-start=\"2463\" data-end=\"2487\">\n<th class=\"\" data-start=\"2463\" data-end=\"2470\" data-col-size=\"sm\">T\u00e9tel<\/th>\n<th class=\"\" data-start=\"2470\" data-end=\"2487\" data-col-size=\"sm\">Specifik\u00e1ci\u00f3<\/th>\n<\/tr>\n<\/thead>\n<tbody data-start=\"2512\" data-end=\"2653\">\n<tr data-start=\"2512\" data-end=\"2544\">\n<td data-start=\"2512\" data-end=\"2534\" data-col-size=\"sm\">Implant\u00e1tum sz\u00f6gtartom\u00e1ny<\/td>\n<td data-col-size=\"sm\" data-start=\"2534\" data-end=\"2544\">0\u00b0-45\u00b0<\/td>\n<\/tr>\n<tr data-start=\"2545\" data-end=\"2572\">\n<td data-start=\"2545\" data-end=\"2562\" data-col-size=\"sm\">Sz\u00f6gpontoss\u00e1g<\/td>\n<td data-col-size=\"sm\" data-start=\"2562\" data-end=\"2572\">\u2264 0.1\u00b0<\/td>\n<\/tr>\n<tr data-start=\"2573\" data-end=\"2621\">\n<td data-start=\"2573\" data-end=\"2591\" data-col-size=\"sm\">Egyenletess\u00e9g (1\u03c3)<\/td>\n<td data-col-size=\"sm\" data-start=\"2591\" data-end=\"2621\">\u2264 0,5% (P+, 1E14, 100 keV)<\/td>\n<\/tr>\n<tr data-start=\"2622\" data-end=\"2653\">\n<td data-start=\"2622\" data-end=\"2643\" data-col-size=\"sm\">Ism\u00e9telhet\u0151s\u00e9g (1\u03c3)<\/td>\n<td data-col-size=\"sm\" data-start=\"2643\" data-end=\"2653\">\u2264 0,5%<\/td>\n<\/tr>\n<\/tbody>\n<\/table>\n<\/div>\n<\/div>\n<h3 data-section-id=\"1i84h7f\" data-start=\"2660\" data-end=\"2682\">Rendszer teljes\u00edtm\u00e9nye<\/h3>\n<div class=\"TyagGW_tableContainer\">\n<div class=\"group TyagGW_tableWrapper flex flex-col-reverse w-fit\" tabindex=\"-1\">\n<table class=\"w-fit min-w-(--thread-content-width)\" data-start=\"2684\" data-end=\"3000\">\n<thead data-start=\"2684\" data-end=\"2708\">\n<tr data-start=\"2684\" data-end=\"2708\">\n<th class=\"\" data-start=\"2684\" data-end=\"2691\" data-col-size=\"sm\">T\u00e9tel<\/th>\n<th class=\"\" data-start=\"2691\" data-end=\"2708\" data-col-size=\"md\">Specifik\u00e1ci\u00f3<\/th>\n<\/tr>\n<\/thead>\n<tbody data-start=\"2733\" data-end=\"3000\">\n<tr data-start=\"2733\" data-end=\"2771\">\n<td data-start=\"2733\" data-end=\"2746\" data-col-size=\"sm\">\u00c1tviteli teljes\u00edtm\u00e9ny<\/td>\n<td data-col-size=\"md\" data-start=\"2746\" data-end=\"2771\">\u2265 500 ostya \u00f3r\u00e1nk\u00e9nt<\/td>\n<\/tr>\n<tr data-start=\"2772\" data-end=\"2811\">\n<td data-start=\"2772\" data-end=\"2802\" data-col-size=\"sm\">Maxim\u00e1lis implant\u00e1tum h\u0151m\u00e9rs\u00e9klet<\/td>\n<td data-col-size=\"md\" data-start=\"2802\" data-end=\"2811\">400\u00b0C<\/td>\n<\/tr>\n<tr data-start=\"2812\" data-end=\"2854\">\n<td data-start=\"2812\" data-end=\"2829\" data-col-size=\"sm\">Berendez\u00e9s m\u00e9rete<\/td>\n<td data-col-size=\"md\" data-start=\"2829\" data-end=\"2854\">6400 \u00d7 3640 \u00d7 3100 mm<\/td>\n<\/tr>\n<tr data-start=\"2855\" data-end=\"2883\">\n<td data-start=\"2855\" data-end=\"2870\" data-col-size=\"sm\">V\u00e1kuumszint<\/td>\n<td data-col-size=\"md\" data-start=\"2870\" data-end=\"2883\">5E-7 Torr<\/td>\n<\/tr>\n<tr data-start=\"2884\" data-end=\"2915\">\n<td data-start=\"2884\" data-end=\"2900\" data-col-size=\"sm\">R\u00f6ntgensug\u00e1r-sziv\u00e1rg\u00e1s<\/td>\n<td data-col-size=\"md\" data-start=\"2900\" data-end=\"2915\">\u2264 0,3 \u03bcSv\/h<\/td>\n<\/tr>\n<tr data-start=\"2916\" data-end=\"3000\">\n<td data-start=\"2916\" data-end=\"2932\" data-col-size=\"sm\">Szkennel\u00e9si m\u00f3d<\/td>\n<td data-col-size=\"md\" data-start=\"2932\" data-end=\"3000\">V\u00edzszintes elektrosztatikus p\u00e1szt\u00e1z\u00e1s + f\u00fcgg\u0151leges mechanikus p\u00e1szt\u00e1z\u00e1s<\/td>\n<\/tr>\n<\/tbody>\n<\/table>\n<\/div>\n<\/div>\n<hr data-start=\"3002\" data-end=\"3005\" \/>\n<h2 data-section-id=\"1nd7jny\" data-start=\"3007\" data-end=\"3028\">Alkalmaz\u00e1si mez\u0151k<\/h2>\n<h3 data-section-id=\"1xxdh4v\" data-start=\"3030\" data-end=\"3062\">SiC f\u00e9lvezet\u0151k feldolgoz\u00e1sa<\/h3>\n<p data-start=\"3063\" data-end=\"3194\">Szil\u00edcium-karbid eszk\u00f6z\u00f6k gy\u00e1rt\u00e1s\u00e1n\u00e1l haszn\u00e1lj\u00e1k, t\u00e1mogatva a sz\u00e9les s\u00e1vsz\u00e9less\u00e9g\u0171 anyagokhoz sz\u00fcks\u00e9ges magas h\u0151m\u00e9rs\u00e9klet\u0171 implant\u00e1ci\u00f3s folyamatokat.<\/p>\n<h3 data-section-id=\"kkfbvw\" data-start=\"3196\" data-end=\"3241\">Szil\u00edcium-alap\u00fa f\u00e9lvezet\u0151gy\u00e1rt\u00e1s<\/h3>\n<p data-start=\"3242\" data-end=\"3348\">Alkalmazhat\u00f3 12 h\u00fcvelykes szil\u00edciumszelet gy\u00e1rt\u00f3sorokon CMOS \u00e9s fejlett integr\u00e1lt \u00e1ramk\u00f6r\u00f6k gy\u00e1rt\u00e1s\u00e1hoz.<\/p>\n<h3 data-section-id=\"c3blgn\" data-start=\"3350\" data-end=\"3393\">Magas h\u0151m\u00e9rs\u00e9klet\u0171 be\u00fcltet\u00e9si elj\u00e1r\u00e1sok<\/h3>\n<p data-start=\"3394\" data-end=\"3511\">T\u00e1mogatja a megn\u00f6velt ostyah\u0151m\u00e9rs\u00e9kletet ig\u00e9nyl\u0151 implant\u00e1ci\u00f3s folyamatokat a hib\u00e1k cs\u00f6kkent\u00e9se \u00e9s az adal\u00e9kanyag-aktiv\u00e1l\u00e1s jav\u00edt\u00e1sa \u00e9rdek\u00e9ben.<\/p>\n<h3 data-section-id=\"2m28ht\" data-start=\"3513\" data-end=\"3541\">Teljes\u00edtm\u00e9ny eszk\u00f6z gy\u00e1rt\u00e1s<\/h3>\n<p data-start=\"3542\" data-end=\"3646\">Alkalmas olyan teljes\u00edtm\u00e9ny f\u00e9lvezet\u0151 eszk\u00f6z\u00f6kh\u00f6z, ahol prec\u00edz adal\u00e9kol\u00e1sra \u00e9s nagy energi\u00e1j\u00fa implant\u00e1ci\u00f3ra van sz\u00fcks\u00e9g.<\/p>\n<h3 data-section-id=\"10yv1en\" data-start=\"3648\" data-end=\"3690\">Fejlett integr\u00e1lt \u00e1ramk\u00f6r\u00f6k gy\u00e1rt\u00e1sa<\/h3>\n<p data-start=\"3691\" data-end=\"3777\">T\u00e1mogatja a nagy pontoss\u00e1g\u00fa \u00e9s nagy \u00e1tereszt\u0151k\u00e9pess\u00e9g\u0171 LSI-folyamatok integr\u00e1l\u00e1s\u00e1t.<\/p>\n<hr data-start=\"3779\" data-end=\"3782\" \/>\n<h2 data-section-id=\"1r8frcv\" data-start=\"3784\" data-end=\"3813\">Gyakran ism\u00e9telt k\u00e9rd\u00e9sek<\/h2>\n<h3 data-section-id=\"hl3b9g\" data-start=\"3815\" data-end=\"3867\">1. Milyen ostyam\u00e9retet t\u00e1mogat az Ai300 rendszer<\/h3>\n<p data-start=\"3868\" data-end=\"3981\">A rendszert 12 h\u00fcvelykes szil\u00edcium osty\u00e1khoz tervezt\u00e9k, \u00e9s alkalmas fejlett f\u00e9lvezet\u0151gy\u00e1rt\u00f3 sorok sz\u00e1m\u00e1ra.<\/p>\n<h3 data-section-id=\"gygi37\" data-start=\"3983\" data-end=\"4063\">2. Mi a magas h\u0151m\u00e9rs\u00e9klet\u0171 implant\u00e1ci\u00f3s k\u00e9pess\u00e9g legfontosabb el\u0151nye?<\/h3>\n<p data-start=\"4064\" data-end=\"4211\">A rendszer 400 \u00b0C-ig t\u00e1mogatja az implant\u00e1ci\u00f3t, ami seg\u00edt cs\u00f6kkenteni a r\u00e1csszerkezet k\u00e1rosod\u00e1s\u00e1t, jav\u00edtani az adal\u00e9kanyag-aktiv\u00e1l\u00e1st \u00e9s jav\u00edtani az eszk\u00f6z \u00e1ltal\u00e1nos teljes\u00edtm\u00e9ny\u00e9t.<\/p>\n<h3 data-section-id=\"13ypcut\" data-start=\"4213\" data-end=\"4293\">3. Milyen szint\u0171 pontoss\u00e1got \u00e9s termel\u00e9si hat\u00e9konys\u00e1got biztos\u00edt a rendszer<\/h3>\n<p data-start=\"4294\" data-end=\"4481\">A rendszer 0,1 fokon bel\u00fcli sz\u00f6gpontoss\u00e1got, 0,1 fokon bel\u00fcli sug\u00e1rp\u00e1rhuzamoss\u00e1got, valamint 0,5 sz\u00e1zal\u00e9kon bel\u00fcli egyenletess\u00e9get \u00e9s ism\u00e9telhet\u0151s\u00e9get biztos\u00edt, \u00f3r\u00e1nk\u00e9nt ak\u00e1r 500 ostya \u00e1tmen\u0151 teljes\u00edtm\u00e9ny mellett.<\/p>","protected":false},"excerpt":{"rendered":"<p>Az Ai300 (Medium Beam) magas h\u0151m\u00e9rs\u00e9klet\u0171 ionimplant\u00e1ci\u00f3s rendszert 12 h\u00fcvelykes szil\u00edciumszelet f\u00e9lvezet\u0151 gy\u00e1rt\u00f3sorokhoz tervezt\u00e9k. Ez egy k\u00f6zepes \u00e1ramer\u0151ss\u00e9g\u0171 ionimplant\u00e1l\u00f3 berendez\u00e9s, amelyet a szil\u00edciumalap\u00fa \u00e9s a sz\u00e9les s\u00e1vsz\u00e9less\u00e9g\u0171 f\u00e9lvezet\u0151-alkalmaz\u00e1sokban alkalmazott fejlett adal\u00e9kol\u00e1si elj\u00e1r\u00e1sokhoz fejlesztettek ki, bele\u00e9rtve a SiC technol\u00f3giai vonalakat is.<\/p>","protected":false},"featured_media":2357,"comment_status":"open","ping_status":"closed","template":"","meta":{"site-sidebar-layout":"default","site-content-layout":"","ast-site-content-layout":"default","site-content-style":"default","site-sidebar-style":"default","ast-global-header-display":"","ast-banner-title-visibility":"","ast-main-header-display":"","ast-hfb-above-header-display":"","ast-hfb-below-header-display":"","ast-hfb-mobile-header-display":"","site-post-title":"","ast-breadcrumbs-content":"","ast-featured-img":"","footer-sml-layout":"","ast-disable-related-posts":"","theme-transparent-header-meta":"default","adv-header-id-meta":"","stick-header-meta":"default","header-above-stick-meta":"","header-main-stick-meta":"","header-below-stick-meta":"","astra-migrate-meta-layouts":"set","ast-page-background-enabled":"default","ast-page-background-meta":{"desktop":{"background-color":"var(--ast-global-color-4)","background-image":"","background-repeat":"repeat","background-position":"center center","background-size":"auto","background-attachment":"scroll","background-type":"","background-media":"","overlay-type":"","overlay-color":"","overlay-opacity":"","overlay-gradient":""},"tablet":{"background-color":"","background-image":"","background-repeat":"repeat","background-position":"center center","background-size":"auto","background-attachment":"scroll","background-type":"","background-media":"","overlay-type":"","overlay-color":"","overlay-opacity":"","overlay-gradient":""},"mobile":{"background-color":"","background-image":"","background-repeat":"repeat","background-position":"center center","background-size":"auto","background-attachment":"scroll","background-type":"","background-media":"","overlay-type":"","overlay-color":"","overlay-opacity":"","overlay-gradient":""}},"ast-content-background-meta":{"desktop":{"background-color":"var(--ast-global-color-5)","background-image":"","background-repeat":"repeat","background-position":"center center","background-size":"auto","background-attachment":"scroll","background-type":"","background-media":"","overlay-type":"","overlay-color":"","overlay-opacity":"","overlay-gradient":""},"tablet":{"background-color":"var(--ast-global-color-5)","background-image":"","background-repeat":"repeat","background-position":"center center","background-size":"auto","background-attachment":"scroll","background-type":"","background-media":"","overlay-type":"","overlay-color":"","overlay-opacity":"","overlay-gradient":""},"mobile":{"background-color":"var(--ast-global-color-5)","background-image":"","background-repeat":"repeat","background-position":"center center","background-size":"auto","background-attachment":"scroll","background-type":"","background-media":"","overlay-type":"","overlay-color":"","overlay-opacity":"","overlay-gradient":""}}},"product_brand":[],"product_cat":[1177],"product_tag":[1160,1194,1178,1181,1186,1197,1196,1185,1195,1198],"class_list":{"0":"post-2354","1":"product","2":"type-product","3":"status-publish","4":"has-post-thumbnail","6":"product_cat-ion-implantation-equipment","7":"product_tag-12-inch-wafer-equipment","8":"product_tag-high-temperature-ion-implantation","9":"product_tag-ion-implantation-system","10":"product_tag-lsi-manufacturing-equipment","11":"product_tag-medium-beam-ion-implanter","12":"product_tag-power-semiconductor-processing","13":"product_tag-semiconductor-doping-machine","14":"product_tag-semiconductor-fabrication-equipment","15":"product_tag-sic-implantation-equipment","16":"product_tag-wide-bandgap-semiconductor-equipment","17":"desktop-align-left","18":"tablet-align-left","19":"mobile-align-left","20":"ast-product-gallery-layout-horizontal-slider","21":"ast-product-gallery-with-no-image","22":"ast-product-tabs-layout-horizontal","24":"first","25":"instock","26":"shipping-taxable","27":"product-type-simple"},"_links":{"self":[{"href":"https:\/\/www.zmsh-semitech.com\/hu\/wp-json\/wp\/v2\/product\/2354","targetHints":{"allow":["GET"]}}],"collection":[{"href":"https:\/\/www.zmsh-semitech.com\/hu\/wp-json\/wp\/v2\/product"}],"about":[{"href":"https:\/\/www.zmsh-semitech.com\/hu\/wp-json\/wp\/v2\/types\/product"}],"replies":[{"embeddable":true,"href":"https:\/\/www.zmsh-semitech.com\/hu\/wp-json\/wp\/v2\/comments?post=2354"}],"version-history":[{"count":5,"href":"https:\/\/www.zmsh-semitech.com\/hu\/wp-json\/wp\/v2\/product\/2354\/revisions"}],"predecessor-version":[{"id":2370,"href":"https:\/\/www.zmsh-semitech.com\/hu\/wp-json\/wp\/v2\/product\/2354\/revisions\/2370"}],"wp:featuredmedia":[{"embeddable":true,"href":"https:\/\/www.zmsh-semitech.com\/hu\/wp-json\/wp\/v2\/media\/2357"}],"wp:attachment":[{"href":"https:\/\/www.zmsh-semitech.com\/hu\/wp-json\/wp\/v2\/media?parent=2354"}],"wp:term":[{"taxonomy":"product_brand","embeddable":true,"href":"https:\/\/www.zmsh-semitech.com\/hu\/wp-json\/wp\/v2\/product_brand?post=2354"},{"taxonomy":"product_cat","embeddable":true,"href":"https:\/\/www.zmsh-semitech.com\/hu\/wp-json\/wp\/v2\/product_cat?post=2354"},{"taxonomy":"product_tag","embeddable":true,"href":"https:\/\/www.zmsh-semitech.com\/hu\/wp-json\/wp\/v2\/product_tag?post=2354"}],"curies":[{"name":"wp","href":"https:\/\/api.w.org\/{rel}","templated":true}]}}