{"id":2349,"date":"2026-04-22T06:17:36","date_gmt":"2026-04-22T06:17:36","guid":{"rendered":"https:\/\/www.zmsh-semitech.com\/?post_type=product&#038;p=2349"},"modified":"2026-04-22T07:24:00","modified_gmt":"2026-04-22T07:24:00","slug":"ai200hc-d-high-beam-ion-implantation-system-for-6-8-inch-silicon-wafer-processing-and-smart-cut-applications","status":"publish","type":"product","link":"https:\/\/www.zmsh-semitech.com\/hu\/product\/ai200hc-d-high-beam-ion-implantation-system-for-6-8-inch-silicon-wafer-processing-and-smart-cut-applications\/","title":{"rendered":"Ai200HC.D nagy sug\u00e1rnyal\u00e1bos ionimplant\u00e1ci\u00f3s rendszer 6\/8 h\u00fcvelykes szil\u00edciumszelet-feldolgoz\u00e1shoz \u00e9s intelligens v\u00e1g\u00e1si alkalmaz\u00e1sokhoz"},"content":{"rendered":"<p data-start=\"155\" data-end=\"421\"><img decoding=\"async\" class=\"wp-image-2350 alignright\" src=\"https:\/\/www.zmsh-semitech.com\/wp-content\/uploads\/2026\/04\/Ai200HC.D-High-Beam-Ion-Implantation-System-300x300.png\" alt=\"\" width=\"209\" height=\"209\" srcset=\"https:\/\/www.zmsh-semitech.com\/wp-content\/uploads\/2026\/04\/Ai200HC.D-High-Beam-Ion-Implantation-System-300x300.png 300w, https:\/\/www.zmsh-semitech.com\/wp-content\/uploads\/2026\/04\/Ai200HC.D-High-Beam-Ion-Implantation-System-150x150.png 150w, https:\/\/www.zmsh-semitech.com\/wp-content\/uploads\/2026\/04\/Ai200HC.D-High-Beam-Ion-Implantation-System-768x768.png 768w, https:\/\/www.zmsh-semitech.com\/wp-content\/uploads\/2026\/04\/Ai200HC.D-High-Beam-Ion-Implantation-System-12x12.png 12w, https:\/\/www.zmsh-semitech.com\/wp-content\/uploads\/2026\/04\/Ai200HC.D-High-Beam-Ion-Implantation-System-600x600.png 600w, https:\/\/www.zmsh-semitech.com\/wp-content\/uploads\/2026\/04\/Ai200HC.D-High-Beam-Ion-Implantation-System-100x100.png 100w, https:\/\/www.zmsh-semitech.com\/wp-content\/uploads\/2026\/04\/Ai200HC.D-High-Beam-Ion-Implantation-System.png 1000w\" sizes=\"(max-width: 209px) 100vw, 209px\" \/>Az Ai200HC.D (High Beam) ionimplant\u00e1ci\u00f3s rendszert 6 h\u00fcvelykes \u00e9s 8 h\u00fcvelykes szil\u00edciumszelet f\u00e9lvezet\u0151 gy\u00e1rt\u00f3sorokhoz tervezt\u00e9k. Ez egy nagy \u00e1ram\u00fa ionimplant\u00e1l\u00f3, amelyet az integr\u00e1lt \u00e1ramk\u00f6r\u00f6k gy\u00e1rt\u00e1s\u00e1ban alkalmazott prec\u00edzi\u00f3s adal\u00e9kol\u00e1shoz \u00e9s fejlett folyamatok alkalmaz\u00e1s\u00e1hoz fejlesztettek ki.<\/p>\n<p data-start=\"423\" data-end=\"698\">A rendszer 5 keV-t\u00f3l 180 keV-ig terjed\u0151 energiatartom\u00e1nyt t\u00e1mogat, stabil sug\u00e1rz\u00e1si teljes\u00edtm\u00e9nyt \u00e9s nagyfok\u00fa folyamatism\u00e9tl\u00e9st biztos\u00edt. Alkalmas szil\u00edciumalap\u00fa f\u00e9lvezet\u0151gy\u00e1rt\u00e1shoz \u00e9s a korszer\u0171 ostyak\u00f6t\u00e9ssel kapcsolatos elj\u00e1r\u00e1sokhoz, bele\u00e9rtve a Smart Cut technol\u00f3gia integr\u00e1l\u00e1s\u00e1t is.<\/p>\n<hr data-start=\"700\" data-end=\"703\" \/>\n<h2 data-section-id=\"1d7mrtu\" data-start=\"705\" data-end=\"716\">Jellemz\u0151k<\/h2>\n<h3 data-section-id=\"11asise\" data-start=\"718\" data-end=\"753\">T\u00e1vols\u00e1gi stabilit\u00e1si teljes\u00edtm\u00e9ny<\/h3>\n<p data-start=\"754\" data-end=\"897\">A rendszer stabil ionnyal\u00e1b-kibocs\u00e1t\u00e1st biztos\u00edt ellen\u0151rz\u00f6tt ingadoz\u00e1ssal, \u00edgy a folyamatos gy\u00e1rt\u00e1s sor\u00e1n egyenletes implant\u00e1ci\u00f3s min\u0151s\u00e9get biztos\u00edt.<\/p>\n<h3 data-section-id=\"38j0c\" data-start=\"899\" data-end=\"929\">Sz\u00e9les k\u00f6r\u0171 folyamat-kompatibilit\u00e1s<\/h3>\n<p data-start=\"930\" data-end=\"1057\">Kompatibilis a szil\u00edcium-alap\u00fa folyamatokkal \u00e9s a Smart Cut kapcsol\u00f3d\u00f3 alkalmaz\u00e1sokkal, t\u00e1mogatja a fejlett ostyatechnikai k\u00f6vetelm\u00e9nyeket.<\/p>\n<h3 data-section-id=\"2v7p6\" data-start=\"1059\" data-end=\"1093\">Nagy pontoss\u00e1g\u00fa implant\u00e1tum-ellen\u0151rz\u00e9s<\/h3>\n<p data-start=\"1094\" data-end=\"1142\">Pontos be\u00fcltet\u00e9si teljes\u00edtm\u00e9nyt biztos\u00edt:<\/p>\n<ul data-start=\"1143\" data-end=\"1231\">\n<li data-section-id=\"1irf1o\" data-start=\"1143\" data-end=\"1166\">Sz\u00f6gpontoss\u00e1g \u2264 0,2\u00b0<\/li>\n<li data-section-id=\"1hml6xy\" data-start=\"1167\" data-end=\"1192\">A gerenda p\u00e1rhuzamoss\u00e1ga \u2264 0,3\u00b0<\/li>\n<li data-section-id=\"1danezc\" data-start=\"1193\" data-end=\"1210\">Egyenletess\u00e9g \u2264 1%<\/li>\n<li data-section-id=\"mbe4el\" data-start=\"1211\" data-end=\"1231\">Ism\u00e9telhet\u0151s\u00e9g \u2264 1%<\/li>\n<\/ul>\n<h3 data-section-id=\"8aw6q\" data-start=\"1233\" data-end=\"1263\">Nagy \u00e1tereszt\u0151k\u00e9pess\u00e9g<\/h3>\n<p data-start=\"1264\" data-end=\"1369\">\u00d3r\u00e1nk\u00e9nt \u2265 220 osty\u00e1t t\u00e1mogat, alkalmas k\u00f6zepes \u00e9s nagy volumen\u0171 f\u00e9lvezet\u0151gy\u00e1rt\u00e1si k\u00f6rnyezetekhez.<\/p>\n<h3 data-section-id=\"1e3kdu8\" data-start=\"1371\" data-end=\"1409\">Batch Target feldolgoz\u00e1si k\u00e9pess\u00e9g<\/h3>\n<p data-start=\"1410\" data-end=\"1554\">T\u00e1mogatja a szakaszos c\u00e9lfeldolgoz\u00e1st, jav\u00edtja a folyamat rugalmass\u00e1g\u00e1t \u00e9s lehet\u0151v\u00e9 teszi a fejlett szil\u00edciumszelet-gy\u00e1rt\u00e1si technol\u00f3gi\u00e1kba val\u00f3 integr\u00e1ci\u00f3t.<\/p>\n<p data-start=\"1410\" data-end=\"1554\"><img fetchpriority=\"high\" decoding=\"async\" class=\"aligncenter wp-image-2371 size-large\" src=\"https:\/\/www.zmsh-semitech.com\/wp-content\/uploads\/2026\/04\/rs-1024x388.png\" alt=\"\" width=\"1024\" height=\"388\" srcset=\"https:\/\/www.zmsh-semitech.com\/wp-content\/uploads\/2026\/04\/rs-1024x388.png 1024w, https:\/\/www.zmsh-semitech.com\/wp-content\/uploads\/2026\/04\/rs-300x114.png 300w, https:\/\/www.zmsh-semitech.com\/wp-content\/uploads\/2026\/04\/rs-768x291.png 768w, https:\/\/www.zmsh-semitech.com\/wp-content\/uploads\/2026\/04\/rs-18x7.png 18w, https:\/\/www.zmsh-semitech.com\/wp-content\/uploads\/2026\/04\/rs-600x227.png 600w, https:\/\/www.zmsh-semitech.com\/wp-content\/uploads\/2026\/04\/rs.png 1216w\" sizes=\"(max-width: 1024px) 100vw, 1024px\" \/><\/p>\n<hr data-start=\"1556\" data-end=\"1559\" \/>\n<h2 data-section-id=\"rkota4\" data-start=\"1561\" data-end=\"1582\">F\u0151bb specifik\u00e1ci\u00f3k<\/h2>\n<h3 data-section-id=\"rc5knr\" data-start=\"1584\" data-end=\"1606\">Folyamat param\u00e9terek<\/h3>\n<div class=\"TyagGW_tableContainer\">\n<div class=\"group TyagGW_tableWrapper flex flex-col-reverse w-fit\" tabindex=\"-1\">\n<table class=\"w-fit min-w-(--thread-content-width)\" data-start=\"1608\" data-end=\"1813\">\n<thead data-start=\"1608\" data-end=\"1632\">\n<tr data-start=\"1608\" data-end=\"1632\">\n<th class=\"\" data-start=\"1608\" data-end=\"1615\" data-col-size=\"sm\">T\u00e9tel<\/th>\n<th class=\"\" data-start=\"1615\" data-end=\"1632\" data-col-size=\"sm\">Specifik\u00e1ci\u00f3<\/th>\n<\/tr>\n<\/thead>\n<tbody data-start=\"1657\" data-end=\"1813\">\n<tr data-start=\"1657\" data-end=\"1697\">\n<td data-start=\"1657\" data-end=\"1670\" data-col-size=\"sm\">Wafer m\u00e9ret<\/td>\n<td data-start=\"1670\" data-end=\"1697\" data-col-size=\"sm\">6-8 h\u00fcvelykes szil\u00edcium osty\u00e1k<\/td>\n<\/tr>\n<tr data-start=\"1698\" data-end=\"1726\">\n<td data-start=\"1698\" data-end=\"1713\" data-col-size=\"sm\">Energia tartom\u00e1ny<\/td>\n<td data-start=\"1713\" data-end=\"1726\" data-col-size=\"sm\">5-180 keV<\/td>\n<\/tr>\n<tr data-start=\"1727\" data-end=\"1777\">\n<td data-start=\"1727\" data-end=\"1748\" data-col-size=\"sm\">Be\u00fcltetett elemek<\/td>\n<td data-start=\"1748\" data-end=\"1777\" data-col-size=\"sm\">B+, BF2+, P+, As+, As+, N+, H+<\/td>\n<\/tr>\n<tr data-start=\"1778\" data-end=\"1813\">\n<td data-start=\"1778\" data-end=\"1791\" data-col-size=\"sm\">D\u00f3zistartom\u00e1ny<\/td>\n<td data-start=\"1791\" data-end=\"1813\" data-col-size=\"sm\">5E11-1E17 ion\/cm\u00b2<\/td>\n<\/tr>\n<\/tbody>\n<\/table>\n<\/div>\n<\/div>\n<h3 data-section-id=\"h0mtjp\" data-start=\"1815\" data-end=\"1835\">Sug\u00e1r teljes\u00edtm\u00e9ny<\/h3>\n<div class=\"TyagGW_tableContainer\">\n<div class=\"group TyagGW_tableWrapper flex flex-col-reverse w-fit\" tabindex=\"-1\">\n<table class=\"w-fit min-w-(--thread-content-width)\" data-start=\"1837\" data-end=\"1951\">\n<thead data-start=\"1837\" data-end=\"1861\">\n<tr data-start=\"1837\" data-end=\"1861\">\n<th class=\"\" data-start=\"1837\" data-end=\"1844\" data-col-size=\"sm\">T\u00e9tel<\/th>\n<th class=\"\" data-start=\"1844\" data-end=\"1861\" data-col-size=\"sm\">Specifik\u00e1ci\u00f3<\/th>\n<\/tr>\n<\/thead>\n<tbody data-start=\"1886\" data-end=\"1951\">\n<tr data-start=\"1886\" data-end=\"1921\">\n<td data-start=\"1886\" data-end=\"1903\" data-col-size=\"sm\">Gerendastabilit\u00e1s<\/td>\n<td data-start=\"1903\" data-end=\"1921\" data-col-size=\"sm\">\u2264 10% \u00f3r\u00e1nk\u00e9nt<\/td>\n<\/tr>\n<tr data-start=\"1922\" data-end=\"1951\">\n<td data-start=\"1922\" data-end=\"1941\" data-col-size=\"sm\">Gerendap\u00e1rhuzamoss\u00e1g<\/td>\n<td data-start=\"1941\" data-end=\"1951\" data-col-size=\"sm\">\u2264 0.3\u00b0<\/td>\n<\/tr>\n<\/tbody>\n<\/table>\n<\/div>\n<\/div>\n<h3 data-section-id=\"ieoahx\" data-start=\"1953\" data-end=\"1978\">Be\u00fcltet\u00e9s pontoss\u00e1ga<\/h3>\n<div class=\"TyagGW_tableContainer\">\n<div class=\"group TyagGW_tableWrapper flex flex-col-reverse w-fit\" tabindex=\"-1\">\n<table class=\"w-fit min-w-(--thread-content-width)\" data-start=\"1980\" data-end=\"2191\">\n<thead data-start=\"1980\" data-end=\"2004\">\n<tr data-start=\"1980\" data-end=\"2004\">\n<th class=\"\" data-start=\"1980\" data-end=\"1987\" data-col-size=\"sm\">T\u00e9tel<\/th>\n<th class=\"\" data-start=\"1987\" data-end=\"2004\" data-col-size=\"sm\">Specifik\u00e1ci\u00f3<\/th>\n<\/tr>\n<\/thead>\n<tbody data-start=\"2029\" data-end=\"2191\">\n<tr data-start=\"2029\" data-end=\"2066\">\n<td data-start=\"2029\" data-end=\"2051\" data-col-size=\"sm\">Implant\u00e1tum sz\u00f6gtartom\u00e1ny<\/td>\n<td data-start=\"2051\" data-end=\"2066\" data-col-size=\"sm\">-11\u00b0 \u00e9s 11\u00b0 k\u00f6z\u00f6tt<\/td>\n<\/tr>\n<tr data-start=\"2067\" data-end=\"2094\">\n<td data-start=\"2067\" data-end=\"2084\" data-col-size=\"sm\">Sz\u00f6gpontoss\u00e1g<\/td>\n<td data-start=\"2084\" data-end=\"2094\" data-col-size=\"sm\">\u2264 0.2\u00b0<\/td>\n<\/tr>\n<tr data-start=\"2095\" data-end=\"2141\">\n<td data-start=\"2095\" data-end=\"2113\" data-col-size=\"sm\">Egyenletess\u00e9g (1\u03c3)<\/td>\n<td data-start=\"2113\" data-end=\"2141\" data-col-size=\"sm\">\u2264 1% (B+, 2E14, 150 keV)<\/td>\n<\/tr>\n<tr data-start=\"2142\" data-end=\"2191\">\n<td data-start=\"2142\" data-end=\"2163\" data-col-size=\"sm\">Ism\u00e9telhet\u0151s\u00e9g (1\u03c3)<\/td>\n<td data-start=\"2163\" data-end=\"2191\" data-col-size=\"sm\">\u2264 1% (B+, 2E14, 150 keV)<\/td>\n<\/tr>\n<\/tbody>\n<\/table>\n<\/div>\n<\/div>\n<h3 data-section-id=\"1i84h7f\" data-start=\"2193\" data-end=\"2215\">Rendszer teljes\u00edtm\u00e9nye<\/h3>\n<div class=\"TyagGW_tableContainer\">\n<div class=\"group TyagGW_tableWrapper flex flex-col-reverse w-fit\" tabindex=\"-1\">\n<table class=\"w-fit min-w-(--thread-content-width)\" data-start=\"2217\" data-end=\"2347\">\n<thead data-start=\"2217\" data-end=\"2241\">\n<tr data-start=\"2217\" data-end=\"2241\">\n<th class=\"\" data-start=\"2217\" data-end=\"2224\" data-col-size=\"sm\">T\u00e9tel<\/th>\n<th class=\"\" data-start=\"2224\" data-end=\"2241\" data-col-size=\"sm\">Specifik\u00e1ci\u00f3<\/th>\n<\/tr>\n<\/thead>\n<tbody data-start=\"2266\" data-end=\"2347\">\n<tr data-start=\"2266\" data-end=\"2304\">\n<td data-start=\"2266\" data-end=\"2279\" data-col-size=\"sm\">\u00c1tviteli teljes\u00edtm\u00e9ny<\/td>\n<td data-start=\"2279\" data-end=\"2304\" data-col-size=\"sm\">\u2265 220 ostya \u00f3r\u00e1nk\u00e9nt<\/td>\n<\/tr>\n<tr data-start=\"2305\" data-end=\"2347\">\n<td data-start=\"2305\" data-end=\"2322\" data-col-size=\"sm\">Berendez\u00e9s m\u00e9rete<\/td>\n<td data-start=\"2322\" data-end=\"2347\" data-col-size=\"sm\">5930 \u00d7 3000 \u00d7 2630 mm<\/td>\n<\/tr>\n<\/tbody>\n<\/table>\n<\/div>\n<\/div>\n<hr data-start=\"2349\" data-end=\"2352\" \/>\n<h2 data-section-id=\"1nd7jny\" data-start=\"2354\" data-end=\"2375\">Alkalmaz\u00e1s<\/h2>\n<h3 data-section-id=\"kkfbvw\" data-start=\"2377\" data-end=\"2422\">Szil\u00edcium-alap\u00fa f\u00e9lvezet\u0151gy\u00e1rt\u00e1s<\/h3>\n<p data-start=\"2423\" data-end=\"2524\">CMOS \u00e9s fejlett logikai eszk\u00f6z\u00f6k gy\u00e1rt\u00e1s\u00e1ban haszn\u00e1latos, pontos adal\u00e9kanyag-implant\u00e1ci\u00f3s folyamatok t\u00e1mogat\u00e1s\u00e1ra.<\/p>\n<h3 data-section-id=\"167rxyg\" data-start=\"2526\" data-end=\"2559\">Intelligens v\u00e1g\u00e1si folyamat integr\u00e1ci\u00f3ja<\/h3>\n<p data-start=\"2560\" data-end=\"2659\">Alkalmas a Smart Cut technol\u00f3gia k\u00f6vetelm\u00e9nyein alapul\u00f3 ostyak\u00f6t\u00e9si \u00e9s r\u00e9teg\u00e1tviteli elj\u00e1r\u00e1sokhoz.<\/p>\n<h3 data-section-id=\"13cjew6\" data-start=\"2661\" data-end=\"2691\">Fejlett Wafer Engineering<\/h3>\n<p data-start=\"2692\" data-end=\"2791\">Szil\u00edciumszelet m\u00f3dos\u00edt\u00e1s\u00e1ra, szerkezeti optimaliz\u00e1l\u00e1sra \u00e9s az eszk\u00f6z\u00f6k teljes\u00edtm\u00e9ny\u00e9nek n\u00f6vel\u00e9s\u00e9re alkalmazz\u00e1k.<\/p>\n<h3 data-section-id=\"4uip35\" data-start=\"2793\" data-end=\"2826\">Integr\u00e1lt \u00e1ramk\u00f6r\u00f6k gy\u00e1rt\u00e1sa<\/h3>\n<p data-start=\"2827\" data-end=\"2934\">Stabil folyamatir\u00e1ny\u00edt\u00e1ssal \u00e9s nagy \u00e1tereszt\u0151k\u00e9pess\u00e9ggel t\u00e1mogatja a k\u00f6zepes \u00e9s nagy volumen\u0171 IC-gy\u00e1rt\u00e1st.<\/p>\n<hr data-start=\"2936\" data-end=\"2939\" \/>\n<h2 data-section-id=\"1r8frcv\" data-start=\"2941\" data-end=\"2970\">Gyakran ism\u00e9telt k\u00e9rd\u00e9sek<\/h2>\n<h3 data-section-id=\"1og21xu\" data-start=\"2972\" data-end=\"3022\">1. Milyen ostyam\u00e9reteket t\u00e1mogat az Ai200HC.D<\/h3>\n<p data-start=\"3023\" data-end=\"3145\">A rendszer t\u00e1mogatja a 6 \u00e9s 8 h\u00fcvelykes szil\u00edciumszeleteket, \u00e9s alkalmas a szok\u00e1sos f\u00e9lvezet\u0151gy\u00e1rt\u00e1si folyamatokhoz.<\/p>\n<h3 data-section-id=\"rdwc10\" data-start=\"3147\" data-end=\"3193\">2. Mekkora ennek a rendszernek az energiatartom\u00e1nya<\/h3>\n<p data-start=\"3194\" data-end=\"3324\">Az energiatartom\u00e1ny 5 keV-t\u00f3l 180 keV-ig terjed, ami a szil\u00edciumalap\u00fa f\u00e9lvezet\u0151 eszk\u00f6z\u00f6kben t\u00f6rt\u00e9n\u0151 implant\u00e1ci\u00f3s alkalmaz\u00e1sok sz\u00e9les k\u00f6r\u00e9t t\u00e1mogatja.<\/p>\n<h3 data-section-id=\"nor4nw\" data-start=\"3326\" data-end=\"3391\">3. Milyen k\u00fcl\u00f6nleges folyamatokat t\u00e1mogat ez a rendszer<\/h3>\n<p data-start=\"3392\" data-end=\"3551\">A rendszer kompatibilis a szil\u00edcium-alap\u00fa folyamatokkal \u00e9s a Smart Cut technol\u00f3gi\u00e1val, t\u00e1mogatja a t\u00e9teles c\u00e9lfeldolgoz\u00e1st \u00e9s a fejlett ostyatechnikai alkalmaz\u00e1sokat.<\/p>","protected":false},"excerpt":{"rendered":"<p>Az Ai200HC.D (High Beam) ionimplant\u00e1ci\u00f3s rendszert 6 h\u00fcvelykes \u00e9s 8 h\u00fcvelykes szil\u00edciumszelet f\u00e9lvezet\u0151 gy\u00e1rt\u00f3sorokhoz tervezt\u00e9k. Ez egy nagy \u00e1ram\u00fa ionimplant\u00e1l\u00f3, amelyet az integr\u00e1lt \u00e1ramk\u00f6r\u00f6k gy\u00e1rt\u00e1s\u00e1ban alkalmazott prec\u00edzi\u00f3s adal\u00e9kol\u00e1shoz \u00e9s fejlett folyamatok alkalmaz\u00e1s\u00e1hoz fejlesztettek ki.<\/p>","protected":false},"featured_media":2350,"comment_status":"open","ping_status":"closed","template":"","meta":{"site-sidebar-layout":"default","site-content-layout":"","ast-site-content-layout":"default","site-content-style":"default","site-sidebar-style":"default","ast-global-header-display":"","ast-banner-title-visibility":"","ast-main-header-display":"","ast-hfb-above-header-display":"","ast-hfb-below-header-display":"","ast-hfb-mobile-header-display":"","site-post-title":"","ast-breadcrumbs-content":"","ast-featured-img":"","footer-sml-layout":"","ast-disable-related-posts":"","theme-transparent-header-meta":"default","adv-header-id-meta":"","stick-header-meta":"default","header-above-stick-meta":"","header-main-stick-meta":"","header-below-stick-meta":"","astra-migrate-meta-layouts":"set","ast-page-background-enabled":"default","ast-page-background-meta":{"desktop":{"background-color":"var(--ast-global-color-4)","background-image":"","background-repeat":"repeat","background-position":"center center","background-size":"auto","background-attachment":"scroll","background-type":"","background-media":"","overlay-type":"","overlay-color":"","overlay-opacity":"","overlay-gradient":""},"tablet":{"background-color":"","background-image":"","background-repeat":"repeat","background-position":"center center","background-size":"auto","background-attachment":"scroll","background-type":"","background-media":"","overlay-type":"","overlay-color":"","overlay-opacity":"","overlay-gradient":""},"mobile":{"background-color":"","background-image":"","background-repeat":"repeat","background-position":"center center","background-size":"auto","background-attachment":"scroll","background-type":"","background-media":"","overlay-type":"","overlay-color":"","overlay-opacity":"","overlay-gradient":""}},"ast-content-background-meta":{"desktop":{"background-color":"var(--ast-global-color-5)","background-image":"","background-repeat":"repeat","background-position":"center center","background-size":"auto","background-attachment":"scroll","background-type":"","background-media":"","overlay-type":"","overlay-color":"","overlay-opacity":"","overlay-gradient":""},"tablet":{"background-color":"var(--ast-global-color-5)","background-image":"","background-repeat":"repeat","background-position":"center center","background-size":"auto","background-attachment":"scroll","background-type":"","background-media":"","overlay-type":"","overlay-color":"","overlay-opacity":"","overlay-gradient":""},"mobile":{"background-color":"var(--ast-global-color-5)","background-image":"","background-repeat":"repeat","background-position":"center center","background-size":"auto","background-attachment":"scroll","background-type":"","background-media":"","overlay-type":"","overlay-color":"","overlay-opacity":"","overlay-gradient":""}}},"product_brand":[],"product_cat":[1177],"product_tag":[],"class_list":{"0":"post-2349","1":"product","2":"type-product","3":"status-publish","4":"has-post-thumbnail","6":"product_cat-ion-implantation-equipment","7":"desktop-align-left","8":"tablet-align-left","9":"mobile-align-left","10":"ast-product-gallery-layout-horizontal-slider","11":"ast-product-gallery-with-no-image","12":"ast-product-tabs-layout-horizontal","14":"first","15":"instock","16":"shipping-taxable","17":"product-type-simple"},"_links":{"self":[{"href":"https:\/\/www.zmsh-semitech.com\/hu\/wp-json\/wp\/v2\/product\/2349","targetHints":{"allow":["GET"]}}],"collection":[{"href":"https:\/\/www.zmsh-semitech.com\/hu\/wp-json\/wp\/v2\/product"}],"about":[{"href":"https:\/\/www.zmsh-semitech.com\/hu\/wp-json\/wp\/v2\/types\/product"}],"replies":[{"embeddable":true,"href":"https:\/\/www.zmsh-semitech.com\/hu\/wp-json\/wp\/v2\/comments?post=2349"}],"version-history":[{"count":4,"href":"https:\/\/www.zmsh-semitech.com\/hu\/wp-json\/wp\/v2\/product\/2349\/revisions"}],"predecessor-version":[{"id":2373,"href":"https:\/\/www.zmsh-semitech.com\/hu\/wp-json\/wp\/v2\/product\/2349\/revisions\/2373"}],"wp:featuredmedia":[{"embeddable":true,"href":"https:\/\/www.zmsh-semitech.com\/hu\/wp-json\/wp\/v2\/media\/2350"}],"wp:attachment":[{"href":"https:\/\/www.zmsh-semitech.com\/hu\/wp-json\/wp\/v2\/media?parent=2349"}],"wp:term":[{"taxonomy":"product_brand","embeddable":true,"href":"https:\/\/www.zmsh-semitech.com\/hu\/wp-json\/wp\/v2\/product_brand?post=2349"},{"taxonomy":"product_cat","embeddable":true,"href":"https:\/\/www.zmsh-semitech.com\/hu\/wp-json\/wp\/v2\/product_cat?post=2349"},{"taxonomy":"product_tag","embeddable":true,"href":"https:\/\/www.zmsh-semitech.com\/hu\/wp-json\/wp\/v2\/product_tag?post=2349"}],"curies":[{"name":"wp","href":"https:\/\/api.w.org\/{rel}","templated":true}]}}