{"id":2346,"date":"2026-04-22T05:56:29","date_gmt":"2026-04-22T05:56:29","guid":{"rendered":"https:\/\/www.zmsh-semitech.com\/?post_type=product&#038;p=2346"},"modified":"2026-04-22T07:25:08","modified_gmt":"2026-04-22T07:25:08","slug":"ai250-medium-beam-room-temperature-ion-implantation-system-for-6-8-inch-silicon-wafer-processing","status":"publish","type":"product","link":"https:\/\/www.zmsh-semitech.com\/hu\/product\/ai250-medium-beam-room-temperature-ion-implantation-system-for-6-8-inch-silicon-wafer-processing\/","title":{"rendered":"Ai250 (k\u00f6zepes sug\u00e1r) szobah\u0151m\u00e9rs\u00e9klet\u0171 ionimplant\u00e1ci\u00f3s rendszer 6-8 h\u00fcvelykes szil\u00edciumszelet feldolgoz\u00e1s\u00e1hoz"},"content":{"rendered":"<p data-start=\"190\" data-end=\"506\"><img decoding=\"async\" class=\"wp-image-2347 alignright\" src=\"https:\/\/www.zmsh-semitech.com\/wp-content\/uploads\/2026\/04\/Ai250-Medium-Beam-Room-Temperature-Ion-Implantation-System-for-6-8-Inch-Silicon-Wafer-Processing-300x300.png\" alt=\"\" width=\"217\" height=\"217\" srcset=\"\" sizes=\"(max-width: 217px) 100vw, 217px\" data-srcset=\"\" \/>Az Ai250 (Medium Beam) ionimplant\u00e1ci\u00f3s rendszert 6 h\u00fcvelykes \u00e9s 8 h\u00fcvelykes szil\u00edciumszelet f\u00e9lvezet\u0151 gy\u00e1rt\u00f3sorokhoz tervezt\u00e9k. Ez egy k\u00f6zepes \u00e1ram\u00fa ionimplant\u00e1l\u00f3, amelyet a fejlett integr\u00e1lt \u00e1ramk\u00f6r\u00f6k gy\u00e1rt\u00e1si folyamataiban haszn\u00e1lnak, stabil sug\u00e1r teljes\u00edtm\u00e9nyt, nagy implant\u00e1ci\u00f3s pontoss\u00e1got \u00e9s megb\u00edzhat\u00f3 d\u00f3zisszab\u00e1lyoz\u00e1st biztos\u00edt.<\/p>\n<p data-start=\"508\" data-end=\"755\">A rendszer 5 keV \u00e9s 250 keV k\u00f6z\u00f6tti energiatartom\u00e1nyt t\u00e1mogat, lehet\u0151v\u00e9 t\u00e9ve mind a sek\u00e9ly, mind a m\u00e9ly ionimplant\u00e1ci\u00f3s alkalmaz\u00e1sokat. A rendszer a f\u00e9lvezet\u0151-adal\u00e9kol\u00e1si elj\u00e1r\u00e1sok sz\u00e9les sk\u00e1l\u00e1j\u00e1hoz alkalmas, \u00e9s teljes m\u00e9rt\u00e9kben kompatibilis az LSI-gy\u00e1rt\u00e1si k\u00f6vetelm\u00e9nyekkel.<\/p>\n<hr data-start=\"757\" data-end=\"760\" \/>\n<h2 data-section-id=\"1d7mrtu\" data-start=\"762\" data-end=\"773\">Jellemz\u0151k<\/h2>\n<h3 data-section-id=\"cu05id\" data-start=\"775\" data-end=\"809\">Stabil k\u00f6z\u00e9psug\u00e1r teljes\u00edtm\u00e9ny<\/h3>\n<p data-start=\"810\" data-end=\"927\">Stabil ionnyal\u00e1b-kibocs\u00e1t\u00e1st biztos\u00edt hossz\u00fa gy\u00e1rt\u00e1si ciklusok sor\u00e1n, jav\u00edtva a folyamatok konzisztenci\u00e1j\u00e1t \u00e9s cs\u00f6kkentve a v\u00e1ltoz\u00e9konys\u00e1got.<\/p>\n<h3 data-section-id=\"14z8c7o\" data-start=\"929\" data-end=\"961\">Sz\u00e9les energiatartom\u00e1ny-k\u00e9pess\u00e9g<\/h3>\n<p data-start=\"962\" data-end=\"1082\">Az 5-250 keV-os energiatartom\u00e1ny rugalmas implant\u00e1ci\u00f3s k\u00f6vetelm\u00e9nyeket t\u00e1maszt a k\u00fcl\u00f6nb\u00f6z\u0151 eszk\u00f6zszerkezetekhez \u00e9s folyamatcsom\u00f3pontokhoz.<\/p>\n<h3 data-section-id=\"1hi8i36\" data-start=\"1084\" data-end=\"1118\">Nagy pontoss\u00e1g\u00fa folyamatszab\u00e1lyoz\u00e1s<\/h3>\n<p data-start=\"1119\" data-end=\"1264\">Nagy pontoss\u00e1g\u00fa be\u00fcltet\u00e9si teljes\u00edtm\u00e9nyt biztos\u00edt \u2264 0,2\u00b0 sz\u00f6gpontoss\u00e1ggal, \u2264 0,2\u00b0 sug\u00e1rp\u00e1rhuzamoss\u00e1ggal, \u2264 0,5% egyenletess\u00e9ggel \u00e9s \u2264 0,5% ism\u00e9telhet\u0151s\u00e9ggel.<\/p>\n<h3 data-section-id=\"8aw6q\" data-start=\"1266\" data-end=\"1296\">Nagy \u00e1tereszt\u0151k\u00e9pess\u00e9g<\/h3>\n<p data-start=\"1297\" data-end=\"1389\">\u00d3r\u00e1nk\u00e9nt \u2265 200 osty\u00e1t t\u00e1mogat, alkalmas k\u00f6zepes \u00e9s nagy volumen\u0171 f\u00e9lvezet\u0151gy\u00e1rt\u00e1shoz.<\/p>\n<h3 data-section-id=\"oms7zj\" data-start=\"1391\" data-end=\"1419\">Mint\u00e1s implant\u00e1tum funkci\u00f3<\/h3>\n<p data-start=\"1420\" data-end=\"1545\">T\u00e1mogatja a t\u00f6bbz\u00f3n\u00e1s \u00e9s kvadr\u00e1nsos be\u00fcltet\u00e9st egyetlen osty\u00e1n, jav\u00edtva a folyamat rugalmass\u00e1g\u00e1t \u00e9s cs\u00f6kkentve a fejleszt\u00e9si k\u00f6lts\u00e9geket.<\/p>\n<h3 data-section-id=\"1bq068l\" data-start=\"1547\" data-end=\"1576\">LSI-folyamat kompatibilit\u00e1s<\/h3>\n<p data-start=\"1577\" data-end=\"1641\">Teljesen kompatibilis az LSI f\u00e9lvezet\u0151gy\u00e1rt\u00e1si folyamatokkal.<\/p>\n<p data-start=\"1577\" data-end=\"1641\"><img fetchpriority=\"high\" decoding=\"async\" class=\"wp-image-2371 size-large aligncenter\" src=\"https:\/\/www.zmsh-semitech.com\/wp-content\/uploads\/2026\/04\/rs-1024x388.png\" alt=\"\" width=\"1024\" height=\"388\" srcset=\"https:\/\/www.zmsh-semitech.com\/wp-content\/uploads\/2026\/04\/rs-1024x388.png 1024w, https:\/\/www.zmsh-semitech.com\/wp-content\/uploads\/2026\/04\/rs-300x114.png 300w, https:\/\/www.zmsh-semitech.com\/wp-content\/uploads\/2026\/04\/rs-768x291.png 768w, https:\/\/www.zmsh-semitech.com\/wp-content\/uploads\/2026\/04\/rs-18x7.png 18w, https:\/\/www.zmsh-semitech.com\/wp-content\/uploads\/2026\/04\/rs-600x227.png 600w, https:\/\/www.zmsh-semitech.com\/wp-content\/uploads\/2026\/04\/rs.png 1216w\" sizes=\"(max-width: 1024px) 100vw, 1024px\" \/><\/p>\n<hr data-start=\"1643\" data-end=\"1646\" \/>\n<h2 data-section-id=\"rkota4\" data-start=\"1648\" data-end=\"1669\">F\u0151bb specifik\u00e1ci\u00f3k<\/h2>\n<h3 data-section-id=\"rc5knr\" data-start=\"1671\" data-end=\"1693\">Folyamat param\u00e9terek<\/h3>\n<div class=\"TyagGW_tableContainer\">\n<div class=\"group TyagGW_tableWrapper flex flex-col-reverse w-fit\" tabindex=\"-1\">\n<table class=\"w-fit min-w-(--thread-content-width)\" data-start=\"1695\" data-end=\"1899\">\n<thead data-start=\"1695\" data-end=\"1719\">\n<tr data-start=\"1695\" data-end=\"1719\">\n<th class=\"\" data-start=\"1695\" data-end=\"1702\" data-col-size=\"sm\">T\u00e9tel<\/th>\n<th class=\"\" data-start=\"1702\" data-end=\"1719\" data-col-size=\"sm\">Specifik\u00e1ci\u00f3<\/th>\n<\/tr>\n<\/thead>\n<tbody data-start=\"1744\" data-end=\"1899\">\n<tr data-start=\"1744\" data-end=\"1784\">\n<td data-start=\"1744\" data-end=\"1757\" data-col-size=\"sm\">Wafer m\u00e9ret<\/td>\n<td data-col-size=\"sm\" data-start=\"1757\" data-end=\"1784\">6-8 h\u00fcvelykes szil\u00edcium osty\u00e1k<\/td>\n<\/tr>\n<tr data-start=\"1785\" data-end=\"1813\">\n<td data-start=\"1785\" data-end=\"1800\" data-col-size=\"sm\">Energia tartom\u00e1ny<\/td>\n<td data-col-size=\"sm\" data-start=\"1800\" data-end=\"1813\">5-250 keV<\/td>\n<\/tr>\n<tr data-start=\"1814\" data-end=\"1863\">\n<td data-start=\"1814\" data-end=\"1835\" data-col-size=\"sm\">Be\u00fcltetett elemek<\/td>\n<td data-col-size=\"sm\" data-start=\"1835\" data-end=\"1863\">B+, P+, As+, Ar+, N+, H+, N+, H+<\/td>\n<\/tr>\n<tr data-start=\"1864\" data-end=\"1899\">\n<td data-start=\"1864\" data-end=\"1877\" data-col-size=\"sm\">D\u00f3zistartom\u00e1ny<\/td>\n<td data-col-size=\"sm\" data-start=\"1877\" data-end=\"1899\">5E11-1E16 ion\/cm\u00b2<\/td>\n<\/tr>\n<\/tbody>\n<\/table>\n<\/div>\n<\/div>\n<h3 data-section-id=\"h0mtjp\" data-start=\"1901\" data-end=\"1921\">Sug\u00e1r teljes\u00edtm\u00e9ny<\/h3>\n<div class=\"TyagGW_tableContainer\">\n<div class=\"group TyagGW_tableWrapper flex flex-col-reverse w-fit\" tabindex=\"-1\">\n<table class=\"w-fit min-w-(--thread-content-width)\" data-start=\"1923\" data-end=\"2217\">\n<thead data-start=\"1923\" data-end=\"1947\">\n<tr data-start=\"1923\" data-end=\"1947\">\n<th class=\"\" data-start=\"1923\" data-end=\"1930\" data-col-size=\"sm\">T\u00e9tel<\/th>\n<th class=\"\" data-start=\"1930\" data-end=\"1947\" data-col-size=\"md\">Specifik\u00e1ci\u00f3<\/th>\n<\/tr>\n<\/thead>\n<tbody data-start=\"1972\" data-end=\"2217\">\n<tr data-start=\"1972\" data-end=\"2104\">\n<td data-start=\"1972\" data-end=\"1995\" data-col-size=\"sm\">Maxim\u00e1lis sug\u00e1r\u00e1ram<\/td>\n<td data-col-size=\"md\" data-start=\"1995\" data-end=\"2104\">Ar+ \u2265 1300 \u03bcA @ \u2265220 keV<br \/>\nB+ \u2265 1000 \u03bcA @ \u2265220 keV<br \/>\nP+ \u2265 1300 \u03bcA @ \u2265220 keV<br \/>\nN+ \u2265 1000 \u03bcA @ \u2265220 keV<\/td>\n<\/tr>\n<tr data-start=\"2105\" data-end=\"2187\">\n<td data-start=\"2105\" data-end=\"2122\" data-col-size=\"sm\">Gerendastabilit\u00e1s<\/td>\n<td data-col-size=\"md\" data-start=\"2122\" data-end=\"2187\">\u2264 15% \/ \u00f3ra (a f\u00e9nysug\u00e1r megszakad\u00e1sa \u00e9s \u00edvesed\u00e9s \u2264 1 alkalommal \u00f3r\u00e1nk\u00e9nt)<\/td>\n<\/tr>\n<tr data-start=\"2188\" data-end=\"2217\">\n<td data-start=\"2188\" data-end=\"2207\" data-col-size=\"sm\">Gerendap\u00e1rhuzamoss\u00e1g<\/td>\n<td data-col-size=\"md\" data-start=\"2207\" data-end=\"2217\">\u2264 0.2\u00b0<\/td>\n<\/tr>\n<\/tbody>\n<\/table>\n<\/div>\n<\/div>\n<h3 data-section-id=\"ieoahx\" data-start=\"2219\" data-end=\"2244\">Be\u00fcltet\u00e9s pontoss\u00e1ga<\/h3>\n<div class=\"TyagGW_tableContainer\">\n<div class=\"group TyagGW_tableWrapper flex flex-col-reverse w-fit\" tabindex=\"-1\">\n<table class=\"w-fit min-w-(--thread-content-width)\" data-start=\"2246\" data-end=\"2436\">\n<thead data-start=\"2246\" data-end=\"2270\">\n<tr data-start=\"2246\" data-end=\"2270\">\n<th class=\"\" data-start=\"2246\" data-end=\"2253\" data-col-size=\"sm\">T\u00e9tel<\/th>\n<th class=\"\" data-start=\"2253\" data-end=\"2270\" data-col-size=\"sm\">Specifik\u00e1ci\u00f3<\/th>\n<\/tr>\n<\/thead>\n<tbody data-start=\"2295\" data-end=\"2436\">\n<tr data-start=\"2295\" data-end=\"2327\">\n<td data-start=\"2295\" data-end=\"2317\" data-col-size=\"sm\">Implant\u00e1tum sz\u00f6gtartom\u00e1ny<\/td>\n<td data-col-size=\"sm\" data-start=\"2317\" data-end=\"2327\">0\u00b0-45\u00b0<\/td>\n<\/tr>\n<tr data-start=\"2328\" data-end=\"2355\">\n<td data-start=\"2328\" data-end=\"2345\" data-col-size=\"sm\">Sz\u00f6gpontoss\u00e1g<\/td>\n<td data-col-size=\"sm\" data-start=\"2345\" data-end=\"2355\">\u2264 0.2\u00b0<\/td>\n<\/tr>\n<tr data-start=\"2356\" data-end=\"2404\">\n<td data-start=\"2356\" data-end=\"2374\" data-col-size=\"sm\">Egyenletess\u00e9g (1\u03c3)<\/td>\n<td data-col-size=\"sm\" data-start=\"2374\" data-end=\"2404\">\u2264 0,5% (B+, 2E14, 150 keV)<\/td>\n<\/tr>\n<tr data-start=\"2405\" data-end=\"2436\">\n<td data-start=\"2405\" data-end=\"2426\" data-col-size=\"sm\">Ism\u00e9telhet\u0151s\u00e9g (1\u03c3)<\/td>\n<td data-col-size=\"sm\" data-start=\"2426\" data-end=\"2436\">\u2264 0,5%<\/td>\n<\/tr>\n<\/tbody>\n<\/table>\n<\/div>\n<\/div>\n<h3 data-section-id=\"1i84h7f\" data-start=\"2438\" data-end=\"2460\">Rendszer teljes\u00edtm\u00e9nye<\/h3>\n<div class=\"TyagGW_tableContainer\">\n<div class=\"group TyagGW_tableWrapper flex flex-col-reverse w-fit\" tabindex=\"-1\">\n<table class=\"w-fit min-w-(--thread-content-width)\" data-start=\"2462\" data-end=\"2740\">\n<thead data-start=\"2462\" data-end=\"2486\">\n<tr data-start=\"2462\" data-end=\"2486\">\n<th class=\"\" data-start=\"2462\" data-end=\"2469\" data-col-size=\"sm\">T\u00e9tel<\/th>\n<th class=\"\" data-start=\"2469\" data-end=\"2486\" data-col-size=\"md\">Specifik\u00e1ci\u00f3<\/th>\n<\/tr>\n<\/thead>\n<tbody data-start=\"2511\" data-end=\"2740\">\n<tr data-start=\"2511\" data-end=\"2549\">\n<td data-start=\"2511\" data-end=\"2524\" data-col-size=\"sm\">\u00c1tviteli teljes\u00edtm\u00e9ny<\/td>\n<td data-col-size=\"md\" data-start=\"2524\" data-end=\"2549\">\u2265 200 ostya \u00f3r\u00e1nk\u00e9nt<\/td>\n<\/tr>\n<tr data-start=\"2550\" data-end=\"2580\">\n<td data-start=\"2550\" data-end=\"2565\" data-col-size=\"sm\">V\u00e1kuumszint<\/td>\n<td data-col-size=\"md\" data-start=\"2565\" data-end=\"2580\">&lt; 5E-7 Torr<\/td>\n<\/tr>\n<tr data-start=\"2581\" data-end=\"2612\">\n<td data-start=\"2581\" data-end=\"2597\" data-col-size=\"sm\">R\u00f6ntgensug\u00e1r-sziv\u00e1rg\u00e1s<\/td>\n<td data-col-size=\"md\" data-start=\"2597\" data-end=\"2612\">\u2264 0,6 \u03bcSv\/h<\/td>\n<\/tr>\n<tr data-start=\"2613\" data-end=\"2697\">\n<td data-start=\"2613\" data-end=\"2629\" data-col-size=\"sm\">Szkennel\u00e9si m\u00f3d<\/td>\n<td data-col-size=\"md\" data-start=\"2629\" data-end=\"2697\">V\u00edzszintes elektrosztatikus p\u00e1szt\u00e1z\u00e1s + f\u00fcgg\u0151leges mechanikus p\u00e1szt\u00e1z\u00e1s<\/td>\n<\/tr>\n<tr data-start=\"2698\" data-end=\"2740\">\n<td data-start=\"2698\" data-end=\"2715\" data-col-size=\"sm\">Berendez\u00e9s m\u00e9rete<\/td>\n<td data-col-size=\"md\" data-start=\"2715\" data-end=\"2740\">5600 \u00d7 3300 \u00d7 2600 mm<\/td>\n<\/tr>\n<\/tbody>\n<\/table>\n<\/div>\n<\/div>\n<hr data-start=\"2742\" data-end=\"2745\" \/>\n<h2 data-section-id=\"1nd7jny\" data-start=\"2747\" data-end=\"2768\">Alkalmaz\u00e1si mez\u0151k<\/h2>\n<h3 data-section-id=\"y2e8l1\" data-start=\"2770\" data-end=\"2808\">F\u00e9lvezet\u0151 eszk\u00f6z\u00f6k gy\u00e1rt\u00e1sa<\/h3>\n<p data-start=\"2809\" data-end=\"2910\">A CMOS logikai eszk\u00f6z\u00f6k gy\u00e1rt\u00e1s\u00e1ban haszn\u00e1lj\u00e1k, pontos adal\u00e9kanyag-be\u00fcltet\u00e9st biztos\u00edt a tranzisztorok kialak\u00edt\u00e1s\u00e1hoz.<\/p>\n<h3 data-section-id=\"184zlsy\" data-start=\"2912\" data-end=\"2946\">Integr\u00e1lt \u00e1ramk\u00f6r gy\u00e1rt\u00e1s<\/h3>\n<p data-start=\"2947\" data-end=\"3042\">LSI \u00e9s fejlett IC gy\u00e1rt\u00e1si folyamatokban alkalmazz\u00e1k, amelyek nagy pontoss\u00e1g\u00fa doppingszab\u00e1lyoz\u00e1st ig\u00e9nyelnek.<\/p>\n<h3 data-section-id=\"l748la\" data-start=\"3044\" data-end=\"3083\">Sek\u00e9ly \u00e9s m\u00e9ly keresztez\u0151d\u00e9si k\u00e9pz\u0151dm\u00e9ny<\/h3>\n<p data-start=\"3084\" data-end=\"3172\">T\u00e1mogatja az implant\u00e1ci\u00f3s folyamatokat a source\/drain tervez\u00e9shez \u00e9s az \u00e1tmenet m\u00e9lys\u00e9g\u00e9nek szab\u00e1lyoz\u00e1s\u00e1hoz.<\/p>\n<h3 data-section-id=\"oja97j\" data-start=\"3174\" data-end=\"3196\">Dopant Engineering<\/h3>\n<p data-start=\"3197\" data-end=\"3292\">Szil\u00edciumszelet elektromos tulajdons\u00e1gainak pontos ionimplant\u00e1ci\u00f3val t\u00f6rt\u00e9n\u0151 szab\u00e1lyoz\u00e1s\u00e1ra szolg\u00e1l.<\/p>\n<h3 data-section-id=\"dpf9id\" data-start=\"3294\" data-end=\"3325\">Folyamatfejleszt\u00e9s \u00e9s K+F<\/h3>\n<p data-start=\"3326\" data-end=\"3428\">Alkalmas f\u00e9lvezet\u0151 folyamatok fejleszt\u00e9s\u00e9re, k\u00eds\u00e9rleti gy\u00e1rt\u00e1sra \u00e9s k\u00eds\u00e9rleti eszk\u00f6zgy\u00e1rt\u00e1sra.<\/p>\n<hr data-start=\"3430\" data-end=\"3433\" \/>\n<h2 data-section-id=\"1r8frcv\" data-start=\"3435\" data-end=\"3464\">Gyakran ism\u00e9telt k\u00e9rd\u00e9sek<\/h2>\n<h3 data-section-id=\"kw7yja\" data-start=\"3466\" data-end=\"3512\">1. Milyen ostyam\u00e9reteket t\u00e1mogat az Ai250<\/h3>\n<p data-start=\"3513\" data-end=\"3631\">A rendszer t\u00e1mogatja a 6 h\u00fcvelykes \u00e9s 8 h\u00fcvelykes szil\u00edcium osty\u00e1kat, \u00e9s alkalmas az \u00e1ltal\u00e1nos f\u00e9lvezet\u0151 gy\u00e1rt\u00f3sorokhoz.<\/p>\n<h3 data-section-id=\"1ufru2j\" data-start=\"3633\" data-end=\"3678\">2. Mekkora a rendszer energiatartom\u00e1nya<\/h3>\n<p data-start=\"3679\" data-end=\"3810\">Az energiatartom\u00e1ny 5 keV \u00e9s 250 keV k\u00f6z\u00f6tt van, ami a f\u00e9lvezet\u0151 eszk\u00f6z\u00f6k gy\u00e1rt\u00e1s\u00e1hoz sz\u00fcks\u00e9ges sek\u00e9ly \u00e9s m\u00e9ly implant\u00e1ci\u00f3s folyamatokat egyar\u00e1nt t\u00e1mogatja.<\/p>\n<h3 data-section-id=\"ce5nbe\" data-start=\"3812\" data-end=\"3873\">3. Milyen szint\u0171 folyamatpontoss\u00e1got biztos\u00edt a rendszer<\/h3>\n<p data-start=\"3874\" data-end=\"4052\">A rendszer 0,2\u00b0-on bel\u00fcli sz\u00f6gpontoss\u00e1got, 0,2\u00b0-on bel\u00fcli sug\u00e1rp\u00e1rhuzamoss\u00e1got, valamint 0,5%-n bel\u00fcli egyenletess\u00e9get \u00e9s ism\u00e9telhet\u0151s\u00e9get biztos\u00edt, ami stabil \u00e9s nagy hozam\u00fa gy\u00e1rt\u00e1si teljes\u00edtm\u00e9nyt biztos\u00edt.<\/p>","protected":false},"excerpt":{"rendered":"<p>Az Ai250 (Medium Beam) ionimplant\u00e1ci\u00f3s rendszert 6 h\u00fcvelykes \u00e9s 8 h\u00fcvelykes szil\u00edciumszelet f\u00e9lvezet\u0151 gy\u00e1rt\u00f3sorokhoz tervezt\u00e9k. Ez egy k\u00f6zepes \u00e1ram\u00fa ionimplant\u00e1l\u00f3, amelyet a fejlett integr\u00e1lt \u00e1ramk\u00f6r\u00f6k gy\u00e1rt\u00e1si folyamataiban haszn\u00e1lnak, stabil sug\u00e1r teljes\u00edtm\u00e9nyt, nagy implant\u00e1ci\u00f3s pontoss\u00e1got \u00e9s megb\u00edzhat\u00f3 d\u00f3zisszab\u00e1lyoz\u00e1st biztos\u00edt.<\/p>","protected":false},"featured_media":2347,"comment_status":"open","ping_status":"closed","template":"","meta":{"site-sidebar-layout":"default","site-content-layout":"","ast-site-content-layout":"default","site-content-style":"default","site-sidebar-style":"default","ast-global-header-display":"","ast-banner-title-visibility":"","ast-main-header-display":"","ast-hfb-above-header-display":"","ast-hfb-below-header-display":"","ast-hfb-mobile-header-display":"","site-post-title":"","ast-breadcrumbs-content":"","ast-featured-img":"","footer-sml-layout":"","ast-disable-related-posts":"","theme-transparent-header-meta":"default","adv-header-id-meta":"","stick-header-meta":"default","header-above-stick-meta":"","header-main-stick-meta":"","header-below-stick-meta":"","astra-migrate-meta-layouts":"set","ast-page-background-enabled":"default","ast-page-background-meta":{"desktop":{"background-color":"var(--ast-global-color-4)","background-image":"","background-repeat":"repeat","background-position":"center center","background-size":"auto","background-attachment":"scroll","background-type":"","background-media":"","overlay-type":"","overlay-color":"","overlay-opacity":"","overlay-gradient":""},"tablet":{"background-color":"","background-image":"","background-repeat":"repeat","background-position":"center center","background-size":"auto","background-attachment":"scroll","background-type":"","background-media":"","overlay-type":"","overlay-color":"","overlay-opacity":"","overlay-gradient":""},"mobile":{"background-color":"","background-image":"","background-repeat":"repeat","background-position":"center center","background-size":"auto","background-attachment":"scroll","background-type":"","background-media":"","overlay-type":"","overlay-color":"","overlay-opacity":"","overlay-gradient":""}},"ast-content-background-meta":{"desktop":{"background-color":"var(--ast-global-color-5)","background-image":"","background-repeat":"repeat","background-position":"center center","background-size":"auto","background-attachment":"scroll","background-type":"","background-media":"","overlay-type":"","overlay-color":"","overlay-opacity":"","overlay-gradient":""},"tablet":{"background-color":"var(--ast-global-color-5)","background-image":"","background-repeat":"repeat","background-position":"center center","background-size":"auto","background-attachment":"scroll","background-type":"","background-media":"","overlay-type":"","overlay-color":"","overlay-opacity":"","overlay-gradient":""},"mobile":{"background-color":"var(--ast-global-color-5)","background-image":"","background-repeat":"repeat","background-position":"center center","background-size":"auto","background-attachment":"scroll","background-type":"","background-media":"","overlay-type":"","overlay-color":"","overlay-opacity":"","overlay-gradient":""}}},"product_brand":[],"product_cat":[1177],"product_tag":[1189,1190,1191,1193,1178,1192,1186,1185,1188,1187],"class_list":{"0":"post-2346","1":"product","2":"type-product","3":"status-publish","4":"has-post-thumbnail","6":"product_cat-ion-implantation-equipment","7":"product_tag-6-inch-wafer-equipment","8":"product_tag-8-inch-wafer-processing","9":"product_tag-cmos-manufacturing-equipment","10":"product_tag-high-current-ion-implantation","11":"product_tag-ion-implantation-system","12":"product_tag-lsi-process-equipment","13":"product_tag-medium-beam-ion-implanter","14":"product_tag-semiconductor-fabrication-equipment","15":"product_tag-semiconductor-implantation-machine","16":"product_tag-silicon-wafer-doping-equipment","17":"desktop-align-left","18":"tablet-align-left","19":"mobile-align-left","20":"ast-product-gallery-layout-horizontal-slider","21":"ast-product-gallery-with-no-image","22":"ast-product-tabs-layout-horizontal","24":"first","25":"instock","26":"shipping-taxable","27":"product-type-simple"},"_links":{"self":[{"href":"https:\/\/www.zmsh-semitech.com\/hu\/wp-json\/wp\/v2\/product\/2346","targetHints":{"allow":["GET"]}}],"collection":[{"href":"https:\/\/www.zmsh-semitech.com\/hu\/wp-json\/wp\/v2\/product"}],"about":[{"href":"https:\/\/www.zmsh-semitech.com\/hu\/wp-json\/wp\/v2\/types\/product"}],"replies":[{"embeddable":true,"href":"https:\/\/www.zmsh-semitech.com\/hu\/wp-json\/wp\/v2\/comments?post=2346"}],"version-history":[{"count":2,"href":"https:\/\/www.zmsh-semitech.com\/hu\/wp-json\/wp\/v2\/product\/2346\/revisions"}],"predecessor-version":[{"id":2374,"href":"https:\/\/www.zmsh-semitech.com\/hu\/wp-json\/wp\/v2\/product\/2346\/revisions\/2374"}],"wp:featuredmedia":[{"embeddable":true,"href":"https:\/\/www.zmsh-semitech.com\/hu\/wp-json\/wp\/v2\/media\/2347"}],"wp:attachment":[{"href":"https:\/\/www.zmsh-semitech.com\/hu\/wp-json\/wp\/v2\/media?parent=2346"}],"wp:term":[{"taxonomy":"product_brand","embeddable":true,"href":"https:\/\/www.zmsh-semitech.com\/hu\/wp-json\/wp\/v2\/product_brand?post=2346"},{"taxonomy":"product_cat","embeddable":true,"href":"https:\/\/www.zmsh-semitech.com\/hu\/wp-json\/wp\/v2\/product_cat?post=2346"},{"taxonomy":"product_tag","embeddable":true,"href":"https:\/\/www.zmsh-semitech.com\/hu\/wp-json\/wp\/v2\/product_tag?post=2346"}],"curies":[{"name":"wp","href":"https:\/\/api.w.org\/{rel}","templated":true}]}}