{"id":2327,"date":"2026-04-21T06:21:20","date_gmt":"2026-04-21T06:21:20","guid":{"rendered":"https:\/\/www.zmsh-semitech.com\/?post_type=product&#038;p=2327"},"modified":"2026-04-21T06:21:21","modified_gmt":"2026-04-21T06:21:21","slug":"wafer-thinning-system-precision-back-grinding-equipment-for-si-sic-and-4-to-12-inch-semiconductor-wafers","status":"publish","type":"product","link":"https:\/\/www.zmsh-semitech.com\/hu\/product\/wafer-thinning-system-precision-back-grinding-equipment-for-si-sic-and-4-to-12-inch-semiconductor-wafers\/","title":{"rendered":"Wafer Thinning System prec\u00edzi\u00f3s h\u00e1tracsiszol\u00f3 berendez\u00e9s Si SiC \u00e9s 4-12 h\u00fcvelykes f\u00e9lvezet\u0151 osty\u00e1khoz"},"content":{"rendered":"<p data-start=\"294\" data-end=\"629\"><img fetchpriority=\"high\" decoding=\"async\" class=\"alignright wp-image-2329 size-medium\" src=\"https:\/\/www.zmsh-semitech.com\/wp-content\/uploads\/2026\/04\/wafer_thinning_system_precision_thinning_equipment_sic_si_wafer_compatible_4_12inch_wafer_capacity2-300x300.webp\" alt=\"Wafer Thinning System prec\u00edzi\u00f3s h\u00e1tracsiszol\u00f3 berendez\u00e9s Si SiC \u00e9s 4-12 h\u00fcvelykes f\u00e9lvezet\u0151 osty\u00e1khoz\" width=\"300\" height=\"300\" srcset=\"https:\/\/www.zmsh-semitech.com\/wp-content\/uploads\/2026\/04\/wafer_thinning_system_precision_thinning_equipment_sic_si_wafer_compatible_4_12inch_wafer_capacity2-300x300.webp 300w, https:\/\/www.zmsh-semitech.com\/wp-content\/uploads\/2026\/04\/wafer_thinning_system_precision_thinning_equipment_sic_si_wafer_compatible_4_12inch_wafer_capacity2-150x150.webp 150w, https:\/\/www.zmsh-semitech.com\/wp-content\/uploads\/2026\/04\/wafer_thinning_system_precision_thinning_equipment_sic_si_wafer_compatible_4_12inch_wafer_capacity2-12x12.webp 12w, https:\/\/www.zmsh-semitech.com\/wp-content\/uploads\/2026\/04\/wafer_thinning_system_precision_thinning_equipment_sic_si_wafer_compatible_4_12inch_wafer_capacity2-600x600.webp 600w, https:\/\/www.zmsh-semitech.com\/wp-content\/uploads\/2026\/04\/wafer_thinning_system_precision_thinning_equipment_sic_si_wafer_compatible_4_12inch_wafer_capacity2-100x100.webp 100w, https:\/\/www.zmsh-semitech.com\/wp-content\/uploads\/2026\/04\/wafer_thinning_system_precision_thinning_equipment_sic_si_wafer_compatible_4_12inch_wafer_capacity2.webp 750w\" sizes=\"(max-width: 300px) 100vw, 300px\" \/>A Wafer Thinning System prec\u00edzi\u00f3s h\u00e1tracsiszol\u00f3 berendez\u00e9s egy nagy pontoss\u00e1g\u00fa waferfeldolgoz\u00e1si megold\u00e1s, amelyet a fejlett f\u00e9lvezet\u0151gy\u00e1rt\u00e1shoz terveztek. T\u00e1mogatja a 4 h\u00fcvelyk \u00e9s 12 h\u00fcvelyk k\u00f6z\u00f6tti osty\u00e1kat, bele\u00e9rtve a szil\u00edciumot (Si), a szil\u00edcium-karbidot (SiC), a gallium-arzenidet (GaAs), a zaf\u00edrt \u00e9s m\u00e1s t\u00f6r\u00e9keny \u00f6sszetett f\u00e9lvezet\u0151 anyagokat.<\/p>\n<p data-start=\"631\" data-end=\"924\">Ezt a rendszert ultrapontos ostyah\u00e1toldal-v\u00e9kony\u00edt\u00e1shoz tervezt\u00e9k, amely lehet\u0151v\u00e9 teszi a vastags\u00e1g mikronos \u00e9s szubmikronos szintre t\u00f6rt\u00e9n\u0151 cs\u00f6kkent\u00e9s\u00e9t, mik\u00f6zben kiv\u00e1l\u00f3 fel\u00fcleti integrit\u00e1st biztos\u00edt. Kritikus szerepet j\u00e1tszik a fejlett csomagol\u00e1s, a t\u00e1pegys\u00e9gek, a MEMS \u00e9s az \u00f6sszetett f\u00e9lvezet\u0151k gy\u00e1rt\u00e1s\u00e1ban.<\/p>\n<p data-start=\"926\" data-end=\"1135\">A nagy merevs\u00e9g\u0171 mechanikai kialak\u00edt\u00e1s, a prec\u00edzi\u00f3s Z-tengely vez\u00e9rl\u00e9s \u00e9s a val\u00f3s idej\u0171 vastags\u00e1gfigyel\u00e9s integr\u00e1l\u00e1s\u00e1val a berendez\u00e9s stabil \u00e9s megism\u00e9telhet\u0151 feldolgoz\u00e1si teljes\u00edtm\u00e9nyt biztos\u00edt az ipari m\u00e9ret\u0171 gy\u00e1rt\u00e1shoz.<\/p>\n<hr data-start=\"1137\" data-end=\"1140\" \/>\n<h2 data-section-id=\"17sw59i\" data-start=\"1142\" data-end=\"1171\"><span role=\"text\">F\u0151bb m\u0171szaki jellemz\u0151k<\/span><\/h2>\n<h3 data-section-id=\"kcynyn\" data-start=\"1173\" data-end=\"1213\"><span role=\"text\">Nagy pontoss\u00e1g\u00fa vastags\u00e1gszab\u00e1lyoz\u00e1s<\/span><\/h3>\n<ul data-start=\"1214\" data-end=\"1353\">\n<li data-section-id=\"qvz3ew\" data-start=\"1214\" data-end=\"1245\">Vastags\u00e1g pontoss\u00e1g: \u00b11 \u03bcm<\/li>\n<li data-section-id=\"vbuidj\" data-start=\"1246\" data-end=\"1290\">Teljes vastags\u00e1g-v\u00e1ltoz\u00e1s (TTV): \u22642 \u03bcm<\/li>\n<li data-section-id=\"rxazu8\" data-start=\"1291\" data-end=\"1353\">A fejlett modellek ak\u00e1r \u00b10,5 \u03bcm-es szubmikronos szab\u00e1lyoz\u00e1st is el\u00e9rnek.<\/li>\n<\/ul>\n<h3 data-section-id=\"15s8v24\" data-start=\"1355\" data-end=\"1390\"><span role=\"text\"><img decoding=\"async\" class=\"size-medium wp-image-2330 alignright\" src=\"https:\/\/www.zmsh-semitech.com\/wp-content\/uploads\/2026\/04\/wafer_thinning_system_precision_thinning_equipment_sic_si_wafer_compatible_4_12inch_wafer_capacity-300x300.webp\" alt=\"\" width=\"300\" height=\"300\" srcset=\"https:\/\/www.zmsh-semitech.com\/wp-content\/uploads\/2026\/04\/wafer_thinning_system_precision_thinning_equipment_sic_si_wafer_compatible_4_12inch_wafer_capacity-300x300.webp 300w, https:\/\/www.zmsh-semitech.com\/wp-content\/uploads\/2026\/04\/wafer_thinning_system_precision_thinning_equipment_sic_si_wafer_compatible_4_12inch_wafer_capacity-150x150.webp 150w, https:\/\/www.zmsh-semitech.com\/wp-content\/uploads\/2026\/04\/wafer_thinning_system_precision_thinning_equipment_sic_si_wafer_compatible_4_12inch_wafer_capacity-12x12.webp 12w, https:\/\/www.zmsh-semitech.com\/wp-content\/uploads\/2026\/04\/wafer_thinning_system_precision_thinning_equipment_sic_si_wafer_compatible_4_12inch_wafer_capacity-600x600.webp 600w, https:\/\/www.zmsh-semitech.com\/wp-content\/uploads\/2026\/04\/wafer_thinning_system_precision_thinning_equipment_sic_si_wafer_compatible_4_12inch_wafer_capacity-100x100.webp 100w, https:\/\/www.zmsh-semitech.com\/wp-content\/uploads\/2026\/04\/wafer_thinning_system_precision_thinning_equipment_sic_si_wafer_compatible_4_12inch_wafer_capacity.webp 750w\" sizes=\"(max-width: 300px) 100vw, 300px\" \/>Sz\u00e9lesk\u00f6r\u0171 anyagkompatibilit\u00e1s<\/span><\/h3>\n<p data-start=\"1391\" data-end=\"1452\">F\u00e9lvezet\u0151 \u00e9s rideg anyagok sz\u00e9les sk\u00e1l\u00e1j\u00e1t t\u00e1mogatja:<\/p>\n<ul data-start=\"1453\" data-end=\"1574\">\n<li data-section-id=\"1mmq8pa\" data-start=\"1453\" data-end=\"1467\">Szil\u00edcium (Si)<\/li>\n<li data-section-id=\"1ah49cn\" data-start=\"1468\" data-end=\"1491\">Szil\u00edcium-karbid (SiC)<\/li>\n<li data-section-id=\"6pubop\" data-start=\"1492\" data-end=\"1517\">Gallium-arzenid (GaAs)<\/li>\n<li data-section-id=\"pz60z2\" data-start=\"1518\" data-end=\"1536\">Zaf\u00edr (Al\u2082O\u2083)<\/li>\n<li data-section-id=\"1x0u20i\" data-start=\"1537\" data-end=\"1574\">Egy\u00e9b \u00f6sszetett f\u00e9lvezet\u0151 lapk\u00e1k<\/li>\n<\/ul>\n<h3 data-section-id=\"1k27fm2\" data-start=\"1576\" data-end=\"1608\"><span role=\"text\">Wafer m\u00e9ret kompatibilit\u00e1s<\/span><\/h3>\n<ul data-start=\"1609\" data-end=\"1726\">\n<li data-section-id=\"fhdptx\" data-start=\"1609\" data-end=\"1662\">4 h\u00fcvelykes \/ 6 h\u00fcvelykes \/ 8 h\u00fcvelykes \/ 10 h\u00fcvelykes \/ 12 h\u00fcvelykes osty\u00e1k<\/li>\n<li data-section-id=\"5k0pa3\" data-start=\"1663\" data-end=\"1726\">Rugalmas kezel\u00e9s mind a szabv\u00e1nyos, mind az egyedi szubsztr\u00e1tumokhoz<\/li>\n<\/ul>\n<h3 data-section-id=\"rmjxfn\" data-start=\"1728\" data-end=\"1768\"><span role=\"text\">Nagy stabilit\u00e1s\u00fa mechanikus rendszer<\/span><\/h3>\n<ul data-start=\"1769\" data-end=\"1949\">\n<li data-section-id=\"1wor6l0\" data-start=\"1769\" data-end=\"1804\">Nagy merevs\u00e9g\u0171 l\u00e9gcsap\u00e1gyas ors\u00f3<\/li>\n<li data-section-id=\"7gqyrg\" data-start=\"1805\" data-end=\"1848\">Alacsony rezg\u00e9ssz\u00e1m\u00fa prec\u00edzi\u00f3s k\u00f6sz\u00f6r\u0171platform<\/li>\n<li data-section-id=\"wf9b1q\" data-start=\"1849\" data-end=\"1892\">Import\u00e1lt goly\u00f3scsavar + line\u00e1ris vezet\u0151 rendszer<\/li>\n<li data-section-id=\"fj2519\" data-start=\"1893\" data-end=\"1949\">Nagy pontoss\u00e1g\u00fa szervomotor-vez\u00e9rl\u00e9s (0,1 \u03bcm felbont\u00e1s)<\/li>\n<\/ul>\n<h3 data-section-id=\"1e5oiya\" data-start=\"1951\" data-end=\"1982\"><span role=\"text\">Fejlett h\u0171t\u0151rendszer<\/span><\/h3>\n<ul data-start=\"1983\" data-end=\"2088\">\n<li data-section-id=\"1u6gyvp\" data-start=\"1983\" data-end=\"2038\">V\u00edzh\u0171t\u00e9ses ors\u00f3rendszer biztos\u00edtja a h\u0151stabilit\u00e1st<\/li>\n<li data-section-id=\"1927cdq\" data-start=\"2039\" data-end=\"2088\">Megakad\u00e1lyozza a deform\u00e1ci\u00f3t a nagy sebess\u00e9g\u0171 csiszol\u00e1s sor\u00e1n<\/li>\n<\/ul>\n<hr data-start=\"2090\" data-end=\"2093\" \/>\n<h2 data-section-id=\"1ftdxrk\" data-start=\"2095\" data-end=\"2122\"><span role=\"text\">Rendszerkonfigur\u00e1ci\u00f3<\/span><\/h2>\n<p data-start=\"2124\" data-end=\"2189\">Az ostyav\u00e9kony\u00edt\u00f3 rendszer t\u00f6bb funkcion\u00e1lis modult integr\u00e1l:<\/p>\n<h3 data-section-id=\"djoygz\" data-start=\"2191\" data-end=\"2227\"><span role=\"text\">1. Prec\u00edzi\u00f3s k\u00f6sz\u00f6r\u00fcl\u00e9s modul<\/span><\/h3>\n<p data-start=\"2228\" data-end=\"2294\">Ellen\u0151rz\u00f6tt anyagelt\u00e1vol\u00edt\u00e1st v\u00e9gez nagy fel\u00fcleti egyenletess\u00e9ggel.<\/p>\n<h3 data-section-id=\"gytvay\" data-start=\"2296\" data-end=\"2338\"><span role=\"text\">2. Z-tengely prec\u00edzi\u00f3s vez\u00e9rl\u0151rendszer<\/span><\/h3>\n<p data-start=\"2339\" data-end=\"2409\">Lehet\u0151v\u00e9 teszi az ultrafinom f\u00fcgg\u0151leges be\u00e1ll\u00edt\u00e1st az egyenletes ostyavastags\u00e1g \u00e9rdek\u00e9ben.<\/p>\n<h3 data-section-id=\"i93eki\" data-start=\"2411\" data-end=\"2450\"><span role=\"text\">3. Vastags\u00e1gm\u00e9r\u0151 rendszer<\/span><\/h3>\n<p data-start=\"2451\" data-end=\"2519\">A val\u00f3s idej\u0171 \u00e9rint\u00e9ses\/nem \u00e9rint\u00e9ses m\u00e9r\u00e9s biztos\u00edtja a folyamat stabilit\u00e1s\u00e1t.<\/p>\n<h3 data-section-id=\"ycd038\" data-start=\"2521\" data-end=\"2550\"><span role=\"text\">4. V\u00e1kuumos ostyafog\u00f3k\u00e9sz\u00fcl\u00e9k<\/span><\/h3>\n<p data-start=\"2551\" data-end=\"2626\">Biztons\u00e1gos ostyar\u00f6gz\u00edt\u00e9s, bele\u00e9rtve a szab\u00e1lytalan osty\u00e1k egyedi megold\u00e1sait is.<\/p>\n<h3 data-section-id=\"1xwcykg\" data-start=\"2628\" data-end=\"2664\"><span role=\"text\">5. Automatiz\u00e1l\u00e1si vez\u00e9rl\u0151rendszer<\/span><\/h3>\n<ul data-start=\"2665\" data-end=\"2767\">\n<li data-section-id=\"mbtl4z\" data-start=\"2665\" data-end=\"2706\">Teljes \/ f\u00e9lautomata \u00fczemm\u00f3dok<\/li>\n<li data-section-id=\"1tpxb04\" data-start=\"2707\" data-end=\"2734\">M\u0171veleti napl\u00f3 r\u00f6gz\u00edt\u00e9se<\/li>\n<li data-section-id=\"1chqk9c\" data-start=\"2735\" data-end=\"2767\">Recept alap\u00fa folyamatir\u00e1ny\u00edt\u00e1s<\/li>\n<\/ul>\n<hr data-start=\"2769\" data-end=\"2772\" \/>\n<h2 data-section-id=\"gimyd4\" data-start=\"2774\" data-end=\"2804\"><span role=\"text\"><img decoding=\"async\" class=\"wp-image-2331 alignright\" src=\"https:\/\/www.zmsh-semitech.com\/wp-content\/uploads\/2026\/04\/Wafer-Thinning-System-Precision-Back-Grinding-Equipment-for-Si-SiC-and-4-to-12-Inch-Semiconductor-Wafers2-300x81.png\" alt=\"\" width=\"393\" height=\"106\" srcset=\"https:\/\/www.zmsh-semitech.com\/wp-content\/uploads\/2026\/04\/Wafer-Thinning-System-Precision-Back-Grinding-Equipment-for-Si-SiC-and-4-to-12-Inch-Semiconductor-Wafers2-300x81.png 300w, https:\/\/www.zmsh-semitech.com\/wp-content\/uploads\/2026\/04\/Wafer-Thinning-System-Precision-Back-Grinding-Equipment-for-Si-SiC-and-4-to-12-Inch-Semiconductor-Wafers2-18x5.png 18w, https:\/\/www.zmsh-semitech.com\/wp-content\/uploads\/2026\/04\/Wafer-Thinning-System-Precision-Back-Grinding-Equipment-for-Si-SiC-and-4-to-12-Inch-Semiconductor-Wafers2-600x162.png 600w, https:\/\/www.zmsh-semitech.com\/wp-content\/uploads\/2026\/04\/Wafer-Thinning-System-Precision-Back-Grinding-Equipment-for-Si-SiC-and-4-to-12-Inch-Semiconductor-Wafers2.png 680w\" sizes=\"(max-width: 393px) 100vw, 393px\" \/> Feldolgoz\u00e1si k\u00e9pess\u00e9gek<\/span><\/h2>\n<p data-start=\"2806\" data-end=\"2876\">A rendszert nagy teljes\u00edtm\u00e9ny\u0171 ostyah\u00e1toldal-feldolgoz\u00e1sra tervezt\u00e9k:<\/p>\n<ul data-start=\"2878\" data-end=\"3074\">\n<li data-section-id=\"xh3w3z\" data-start=\"2878\" data-end=\"2909\">Szil\u00edcium ostya h\u00e1tracsiszol\u00e1s<\/li>\n<li data-section-id=\"xar9m4\" data-start=\"2910\" data-end=\"2950\">SiC ostyav\u00e9kony\u00edt\u00e1s a t\u00e1pegys\u00e9gek sz\u00e1m\u00e1ra<\/li>\n<li data-section-id=\"198a8mj\" data-start=\"2951\" data-end=\"2986\">GaN \u00e9s GaAs szubsztr\u00e1t elv\u00e9konyod\u00e1sa<\/li>\n<li data-section-id=\"2lf608\" data-start=\"2987\" data-end=\"3024\">Zaf\u00edr ostya prec\u00edzi\u00f3s v\u00e9kony\u00edt\u00e1sa<\/li>\n<li data-section-id=\"1kfyhfx\" data-start=\"3025\" data-end=\"3074\">Ultrav\u00e9kony osty\u00e1k el\u0151k\u00e9sz\u00edt\u00e9se 3D csomagol\u00e1shoz<\/li>\n<\/ul>\n<hr data-start=\"3076\" data-end=\"3079\" \/>\n<h2 data-section-id=\"k0zlak\" data-start=\"3081\" data-end=\"3100\"><span role=\"text\">Alkalmaz\u00e1sok<\/span><\/h2>\n<h3 data-section-id=\"1jqwtfq\" data-start=\"3102\" data-end=\"3140\"><span role=\"text\">1. Teljes\u00edtm\u00e9ny f\u00e9lvezet\u0151 eszk\u00f6z\u00f6k<\/span><\/h3>\n<p data-start=\"3141\" data-end=\"3222\">SiC MOSFET-ekben, IGBT-kben \u00e9s ultra-v\u00e9kony osty\u00e1kat ig\u00e9nyl\u0151 nagyfesz\u00fclts\u00e9g\u0171 eszk\u00f6z\u00f6kben haszn\u00e1latos.<\/p>\n<h3 data-section-id=\"1a6priz\" data-start=\"3224\" data-end=\"3253\"><span role=\"text\"><img loading=\"lazy\" decoding=\"async\" class=\"wp-image-2332 alignright\" src=\"https:\/\/www.zmsh-semitech.com\/wp-content\/uploads\/2026\/04\/application3-300x188.png\" alt=\"\" width=\"421\" height=\"264\" srcset=\"https:\/\/www.zmsh-semitech.com\/wp-content\/uploads\/2026\/04\/application3-300x188.png 300w, https:\/\/www.zmsh-semitech.com\/wp-content\/uploads\/2026\/04\/application3-18x12.png 18w, https:\/\/www.zmsh-semitech.com\/wp-content\/uploads\/2026\/04\/application3-600x376.png 600w, https:\/\/www.zmsh-semitech.com\/wp-content\/uploads\/2026\/04\/application3.png 680w\" sizes=\"(max-width: 421px) 100vw, 421px\" \/>2. Fejlett csomagol\u00e1s<\/span><\/h3>\n<p data-start=\"3254\" data-end=\"3282\">T\u00e1mogatja az ostyav\u00e9kony\u00edt\u00e1st a k\u00f6vetkez\u0151kh\u00f6z:<\/p>\n<ul data-start=\"3283\" data-end=\"3375\">\n<li data-section-id=\"18hyzkr\" data-start=\"3283\" data-end=\"3306\">Flip-chip csomagol\u00e1s<\/li>\n<li data-section-id=\"16lrd61\" data-start=\"3307\" data-end=\"3335\">2.5D \/ 3D IC integr\u00e1ci\u00f3<\/li>\n<li data-section-id=\"1s3z3q5\" data-start=\"3336\" data-end=\"3375\">TSV (Through Silicon Via) elj\u00e1r\u00e1sok<\/li>\n<\/ul>\n<h3 data-section-id=\"m46f4y\" data-start=\"3377\" data-end=\"3411\"><span role=\"text\">3. \u00d6sszetett f\u00e9lvezet\u0151k<\/span><\/h3>\n<p data-start=\"3412\" data-end=\"3464\">Alkalmazhat\u00f3 GaN, GaAs \u00e9s InP eszk\u00f6z\u00f6k gy\u00e1rt\u00e1s\u00e1hoz.<\/p>\n<h3 data-section-id=\"kz928f\" data-start=\"3466\" data-end=\"3500\"><span role=\"text\">4. LED \u00e9s optoelektronika<\/span><\/h3>\n<p data-start=\"3501\" data-end=\"3572\">Zaf\u00edr \u00e9s \u00f6sszetett osty\u00e1k v\u00e9kony\u00edt\u00e1sa LED chipekhez \u00e9s optikai eszk\u00f6z\u00f6kh\u00f6z.<\/p>\n<hr data-start=\"3574\" data-end=\"3577\" \/>\n<h2 data-section-id=\"d8omv1\" data-start=\"3579\" data-end=\"3596\"><span role=\"text\">El\u0151ny\u00f6k<\/span><\/h2>\n<ul data-start=\"3598\" data-end=\"3893\">\n<li data-section-id=\"u42zog\" data-start=\"3598\" data-end=\"3645\">Kiforrott \u00e9s stabil ostyav\u00e9kony\u00edt\u00e1si technol\u00f3gia<\/li>\n<li data-section-id=\"1pb253f\" data-start=\"3646\" data-end=\"3688\">Nagy pontoss\u00e1g\u00fa el\u0151tol\u00e1sos csiszol\u00f3rendszer<\/li>\n<li data-section-id=\"1b2hrea\" data-start=\"3689\" data-end=\"3728\">Kiv\u00e1l\u00f3 fel\u00fcleti \u00e9rdess\u00e9g-szab\u00e1lyoz\u00e1s<\/li>\n<li data-section-id=\"swoy5t\" data-start=\"3729\" data-end=\"3787\">Nagy UPH (ak\u00e1r 30 ostya\/\u00f3ra a standard folyamatokn\u00e1l)<\/li>\n<li data-section-id=\"folyym\" data-start=\"3788\" data-end=\"3842\">Er\u0151s alkalmazkod\u00f3k\u00e9pess\u00e9g a rideg \u00e9s kem\u00e9ny anyagokhoz<\/li>\n<li data-section-id=\"kkjwmp\" data-start=\"3843\" data-end=\"3893\">Teljesen automatiz\u00e1lt folyamatintegr\u00e1ci\u00f3s k\u00e9pess\u00e9g<\/li>\n<\/ul>\n<hr data-start=\"3895\" data-end=\"3898\" \/>\n<h2 data-section-id=\"1nn32qm\" data-start=\"3900\" data-end=\"3929\"><span role=\"text\">A teljes\u00edtm\u00e9ny kiemelked\u0151 pontjai<\/span><\/h2>\n<ul data-start=\"3931\" data-end=\"4171\">\n<li data-section-id=\"ndqugr\" data-start=\"3931\" data-end=\"3980\">Minim\u00e1lis felbont\u00e1s: Z-tengely vez\u00e9rl\u00e9s: 0,1 \u03bcm\/s<\/li>\n<li data-section-id=\"1sfyown\" data-start=\"3981\" data-end=\"4020\">Egyenletes vastags\u00e1g: \u22641-2 \u03bcm TTV<\/li>\n<li data-section-id=\"2ioyhe\" data-start=\"4021\" data-end=\"4066\">Nagy sebess\u00e9g\u0171 ors\u00f3 rendk\u00edv\u00fcl alacsony rezg\u00e9ssel<\/li>\n<li data-section-id=\"1svxu2t\" data-start=\"4067\" data-end=\"4109\">Val\u00f3s idej\u0171 folyamatfel\u00fcgyelet \u00e9s napl\u00f3z\u00e1s<\/li>\n<li data-section-id=\"kjsadr\" data-start=\"4110\" data-end=\"4171\">K+F \u00e9s t\u00f6meggy\u00e1rt\u00e1si k\u00f6rnyezetekkel egyar\u00e1nt kompatibilis<\/li>\n<\/ul>\n<hr data-start=\"4173\" data-end=\"4176\" \/>\n<h2 data-section-id=\"lalgo8\" data-start=\"4178\" data-end=\"4206\"><span role=\"text\">Testreszab\u00e1si lehet\u0151s\u00e9gek<\/span><\/h2>\n<p data-start=\"4208\" data-end=\"4273\">Rugalmas testreszab\u00e1st biztos\u00edtunk a k\u00fcl\u00f6nb\u00f6z\u0151 ipari ig\u00e9nyekhez:<\/p>\n<ul data-start=\"4275\" data-end=\"4459\">\n<li data-section-id=\"kmxap1\" data-start=\"4275\" data-end=\"4315\">Egyedi ostyafog\u00f3k (szab\u00e1lytalan form\u00e1k)<\/li>\n<li data-section-id=\"1om94rb\" data-start=\"4316\" data-end=\"4368\">B\u0151v\u00edtett vastags\u00e1gm\u00e9r\u00e9si tartom\u00e1ny (ak\u00e1r 40 mm-ig)<\/li>\n<li data-section-id=\"1gmsugm\" data-start=\"4369\" data-end=\"4399\">Folyamatrecept testreszab\u00e1sa<\/li>\n<li data-section-id=\"enumxl\" data-start=\"4400\" data-end=\"4459\">Automatiz\u00e1l\u00e1si integr\u00e1ci\u00f3 az upstream\/downstream berendez\u00e9sekkel<\/li>\n<\/ul>\n<hr data-start=\"4461\" data-end=\"4464\" \/>\n<h2 data-section-id=\"elc90z\" data-start=\"4466\" data-end=\"4476\"><span role=\"text\">GYIK<\/span><\/h2>\n<h3 data-section-id=\"97umay\" data-start=\"4478\" data-end=\"4525\"><span role=\"text\">1. k\u00e9rd\u00e9s: Ez a rendszer k\u00e9pes feldolgozni a SiC osty\u00e1kat?<\/span><\/h3>\n<p data-start=\"4526\" data-end=\"4649\">Igen, kifejezetten SiC osty\u00e1k v\u00e9kony\u00edt\u00e1s\u00e1ra \u00e9s h\u00e1toldali csiszol\u00e1sra optimaliz\u00e1lt\u00e1k, \u00e9s alkalmas a teljes\u00edtm\u00e9ny-eszk\u00f6z\u00f6k alkalmaz\u00e1saihoz.<\/p>\n<h3 data-section-id=\"pwbsig\" data-start=\"4651\" data-end=\"4705\"><span role=\"text\">2. k\u00e9rd\u00e9s: Mekkora az el\u00e9rhet\u0151 vastags\u00e1gi pontoss\u00e1g?<\/span><\/h3>\n<p data-start=\"4706\" data-end=\"4802\">A standard modellek \u00b11 \u03bcm, a cs\u00facskateg\u00f3ri\u00e1s konfigur\u00e1ci\u00f3k pedig \u00b10,5 \u03bcm-t \u00e9rnek el \u22641 \u03bcm TTV-vel.<\/p>\n<h3 data-section-id=\"4mq81u\" data-start=\"4804\" data-end=\"4848\"><span role=\"text\">3. k\u00e9rd\u00e9s: T\u00e1mogatja a teljes automatiz\u00e1l\u00e1st?<\/span><\/h3>\n<p data-start=\"4849\" data-end=\"4944\">Igen, a gy\u00e1rt\u00e1si k\u00f6vetelm\u00e9nyekt\u0151l f\u00fcgg\u0151en mind a teljes automata, mind a f\u00e9lautomata \u00fczemm\u00f3d el\u00e9rhet\u0151.<\/p>","protected":false},"excerpt":{"rendered":"<p>A Wafer Thinning System prec\u00edzi\u00f3s h\u00e1tracsiszol\u00f3 berendez\u00e9s egy nagy pontoss\u00e1g\u00fa waferfeldolgoz\u00e1si megold\u00e1s, amelyet a fejlett f\u00e9lvezet\u0151gy\u00e1rt\u00e1shoz terveztek. T\u00e1mogatja a 4 h\u00fcvelyk \u00e9s 12 h\u00fcvelyk k\u00f6z\u00f6tti osty\u00e1kat, bele\u00e9rtve a szil\u00edciumot (Si), szil\u00edcium-karbidot (SiC), gallium-arzenidet (GaAs), zaf\u00edrt \u00e9s m\u00e1s t\u00f6r\u00e9keny \u00f6sszetett f\u00e9lvezet\u0151 anyagokat.Ez a rendszer ultraprec\u00edz ostya h\u00e1tlapi v\u00e9kony\u00edt\u00e1sra lett tervezve, lehet\u0151v\u00e9 t\u00e9ve a vastags\u00e1g cs\u00f6kkent\u00e9s\u00e9t mikronos \u00e9s szubmikronos szintre, a kiv\u00e1l\u00f3 fel\u00fcleti integrit\u00e1s meg\u0151rz\u00e9se mellett.<\/p>","protected":false},"featured_media":2330,"comment_status":"open","ping_status":"closed","template":"","meta":{"site-sidebar-layout":"default","site-content-layout":"","ast-site-content-layout":"default","site-content-style":"default","site-sidebar-style":"default","ast-global-header-display":"","ast-banner-title-visibility":"","ast-main-header-display":"","ast-hfb-above-header-display":"","ast-hfb-below-header-display":"","ast-hfb-mobile-header-display":"","site-post-title":"","ast-breadcrumbs-content":"","ast-featured-img":"","footer-sml-layout":"","ast-disable-related-posts":"","theme-transparent-header-meta":"default","adv-header-id-meta":"","stick-header-meta":"default","header-above-stick-meta":"","header-main-stick-meta":"","header-below-stick-meta":"","astra-migrate-meta-layouts":"set","ast-page-background-enabled":"default","ast-page-background-meta":{"desktop":{"background-color":"var(--ast-global-color-4)","background-image":"","background-repeat":"repeat","background-position":"center center","background-size":"auto","background-attachment":"scroll","background-type":"","background-media":"","overlay-type":"","overlay-color":"","overlay-opacity":"","overlay-gradient":""},"tablet":{"background-color":"","background-image":"","background-repeat":"repeat","background-position":"center center","background-size":"auto","background-attachment":"scroll","background-type":"","background-media":"","overlay-type":"","overlay-color":"","overlay-opacity":"","overlay-gradient":""},"mobile":{"background-color":"","background-image":"","background-repeat":"repeat","background-position":"center center","background-size":"auto","background-attachment":"scroll","background-type":"","background-media":"","overlay-type":"","overlay-color":"","overlay-opacity":"","overlay-gradient":""}},"ast-content-background-meta":{"desktop":{"background-color":"var(--ast-global-color-5)","background-image":"","background-repeat":"repeat","background-position":"center center","background-size":"auto","background-attachment":"scroll","background-type":"","background-media":"","overlay-type":"","overlay-color":"","overlay-opacity":"","overlay-gradient":""},"tablet":{"background-color":"var(--ast-global-color-5)","background-image":"","background-repeat":"repeat","background-position":"center center","background-size":"auto","background-attachment":"scroll","background-type":"","background-media":"","overlay-type":"","overlay-color":"","overlay-opacity":"","overlay-gradient":""},"mobile":{"background-color":"var(--ast-global-color-5)","background-image":"","background-repeat":"repeat","background-position":"center center","background-size":"auto","background-attachment":"scroll","background-type":"","background-media":"","overlay-type":"","overlay-color":"","overlay-opacity":"","overlay-gradient":""}}},"product_brand":[],"product_cat":[724],"product_tag":[1160,1000,1163,1165,1162,1164,804,1158,1159,1161,547,801,1157,1156],"class_list":{"0":"post-2327","1":"product","2":"type-product","3":"status-publish","4":"has-post-thumbnail","6":"product_cat-grinding-machine","7":"product_tag-12-inch-wafer-equipment","8":"product_tag-advanced-packaging-equipment","9":"product_tag-compound-semiconductor-thinning","10":"product_tag-power-device-wafer-equipment","11":"product_tag-precision-wafer-grinder","12":"product_tag-sapphire-wafer-processing","13":"product_tag-semiconductor-grinding-machine","14":"product_tag-si-wafer-thinning","15":"product_tag-sic-wafer-thinning-equipment","16":"product_tag-ttv-control-system","17":"product_tag-ultra-thin-wafer-processing","18":"product_tag-wafer-back-grinding-machine","19":"product_tag-wafer-thinning-equipment","20":"product_tag-wafer-thinning-system","21":"desktop-align-left","22":"tablet-align-left","23":"mobile-align-left","24":"ast-product-gallery-layout-horizontal-slider","25":"ast-product-tabs-layout-horizontal","27":"first","28":"instock","29":"shipping-taxable","30":"product-type-simple"},"_links":{"self":[{"href":"https:\/\/www.zmsh-semitech.com\/hu\/wp-json\/wp\/v2\/product\/2327","targetHints":{"allow":["GET"]}}],"collection":[{"href":"https:\/\/www.zmsh-semitech.com\/hu\/wp-json\/wp\/v2\/product"}],"about":[{"href":"https:\/\/www.zmsh-semitech.com\/hu\/wp-json\/wp\/v2\/types\/product"}],"replies":[{"embeddable":true,"href":"https:\/\/www.zmsh-semitech.com\/hu\/wp-json\/wp\/v2\/comments?post=2327"}],"version-history":[{"count":2,"href":"https:\/\/www.zmsh-semitech.com\/hu\/wp-json\/wp\/v2\/product\/2327\/revisions"}],"predecessor-version":[{"id":2334,"href":"https:\/\/www.zmsh-semitech.com\/hu\/wp-json\/wp\/v2\/product\/2327\/revisions\/2334"}],"wp:featuredmedia":[{"embeddable":true,"href":"https:\/\/www.zmsh-semitech.com\/hu\/wp-json\/wp\/v2\/media\/2330"}],"wp:attachment":[{"href":"https:\/\/www.zmsh-semitech.com\/hu\/wp-json\/wp\/v2\/media?parent=2327"}],"wp:term":[{"taxonomy":"product_brand","embeddable":true,"href":"https:\/\/www.zmsh-semitech.com\/hu\/wp-json\/wp\/v2\/product_brand?post=2327"},{"taxonomy":"product_cat","embeddable":true,"href":"https:\/\/www.zmsh-semitech.com\/hu\/wp-json\/wp\/v2\/product_cat?post=2327"},{"taxonomy":"product_tag","embeddable":true,"href":"https:\/\/www.zmsh-semitech.com\/hu\/wp-json\/wp\/v2\/product_tag?post=2327"}],"curies":[{"name":"wp","href":"https:\/\/api.w.org\/{rel}","templated":true}]}}