{"id":2254,"date":"2026-04-15T05:46:39","date_gmt":"2026-04-15T05:46:39","guid":{"rendered":"https:\/\/www.zmsh-semitech.com\/?post_type=product&#038;p=2254"},"modified":"2026-04-15T06:50:20","modified_gmt":"2026-04-15T06:50:20","slug":"8-inch-high-purity-fused-quartz-wafer-200mm-for-precision-sensors-and-optical-applications","status":"publish","type":"product","link":"https:\/\/www.zmsh-semitech.com\/hu\/product\/8-inch-high-purity-fused-quartz-wafer-200mm-for-precision-sensors-and-optical-applications\/","title":{"rendered":"8 h\u00fcvelykes, nagy tisztas\u00e1g\u00fa olvasztott kvarcszelet (200 mm) prec\u00edzi\u00f3s \u00e9rz\u00e9kel\u0151kh\u00f6z \u00e9s optikai alkalmaz\u00e1sokhoz"},"content":{"rendered":"<p data-start=\"363\" data-end=\"808\"><img fetchpriority=\"high\" decoding=\"async\" class=\"size-medium wp-image-2491 alignleft\" src=\"https:\/\/www.fuyao-quartz.com\/wp-content\/uploads\/2026\/03\/8inch_quartz_wafer_diameter_200mm_ttv_10_m_ra_1_0_nm_for_high_precision_sensors2-300x300.jpg\" alt=\"\" width=\"300\" height=\"300\" \/>A 8 h\u00fcvelykes olvasztott kvarc ostya egy pr\u00e9mium, nagy tisztas\u00e1g\u00fa szintetikus kvarc (SiO\u2082 \u226599,99%) szubsztr\u00e1t, amelyet a f\u00e9lvezet\u0151, MEMS, optikai \u00e9s l\u00e9zerrendszerek nagy pontoss\u00e1g\u00fa alkalmaz\u00e1saihoz terveztek. Rendk\u00edv\u00fcl alacsony h\u0151t\u00e1gul\u00e1sa, kiv\u00e9teles UV-IR \u00e1tereszt\u0151k\u00e9pess\u00e9ge \u00e9s kiv\u00e1l\u00f3 k\u00e9miai ellen\u00e1ll\u00e1sa miatt ide\u00e1lis az olyan ig\u00e9nyes k\u00f6rnyezetekben, mint a fotolitogr\u00e1fia, marat\u00e1s, v\u00e9konyr\u00e9teg-lev\u00e1laszt\u00e1s \u00e9s nagy pontoss\u00e1g\u00fa \u00e9rz\u00e9kel\u0151k gy\u00e1rt\u00e1sa.<\/p>\n<p data-start=\"810\" data-end=\"1058\">Minden egyes osty\u00e1t gondosan, szigor\u00fa min\u0151s\u00e9gellen\u0151rz\u00e9s mellett, tisztaszobai k\u00f6rnyezetben gy\u00e1rtanak, hogy biztos\u00edts\u00e1k a kiv\u00e1l\u00f3 laposs\u00e1got, fel\u00fcleti fel\u00fcletet \u00e9s tisztas\u00e1got. Ez garant\u00e1lja a megb\u00edzhat\u00f3 teljes\u00edtm\u00e9nyt a kritikus ipari, kutat\u00e1si \u00e9s \u0171rkutat\u00e1si alkalmaz\u00e1sokban.<\/p>\n<h3 data-start=\"1065\" data-end=\"1096\">F\u0151bb jellemz\u0151k \u00e9s el\u0151ny\u00f6k<\/h3>\n<ul data-start=\"1098\" data-end=\"2065\">\n<li data-section-id=\"kgj1c0\" data-start=\"1098\" data-end=\"1198\">\n<p data-start=\"1100\" data-end=\"1198\"><strong data-start=\"1100\" data-end=\"1131\">Rendk\u00edv\u00fcl nagy tisztas\u00e1g\u00fa (\u226599,99%)<\/strong>: Minimaliz\u00e1lja a szennyez\u0151d\u00e9seket a f\u00e9lvezet\u0151 \u00e9s optikai folyamatokban.<\/p>\n<\/li>\n<li data-section-id=\"7e6lqo\" data-start=\"1199\" data-end=\"1328\">\n<p data-start=\"1201\" data-end=\"1328\"><strong data-start=\"1201\" data-end=\"1234\">Kiv\u00e9teles h\u0151stabilit\u00e1s<\/strong>: L\u00e1gyul\u00e1spont ~1683\u00b0C, r\u00f6vid t\u00e1v\u00fa t\u0171r\u00e9shat\u00e1r 1450\u00b0C-ig a magas h\u0151m\u00e9rs\u00e9klet\u0171 folyamatokhoz.<img decoding=\"async\" class=\"size-medium wp-image-2488 alignright\" src=\"https:\/\/www.fuyao-quartz.com\/wp-content\/uploads\/2026\/03\/8inch_quartz_wafer_diameter_200mm_ttv_10_m_ra_1_0_nm_for_high_precision_sensors4-300x300.jpg\" alt=\"\" width=\"300\" height=\"300\" \/><\/p>\n<\/li>\n<li data-section-id=\"pxp023\" data-start=\"1329\" data-end=\"1433\">\n<p data-start=\"1331\" data-end=\"1433\"><strong data-start=\"1331\" data-end=\"1378\">Rendk\u00edv\u00fcl alacsony h\u0151t\u00e1gul\u00e1s (0,55 \u00d7 10-\u2076\/K)<\/strong>: Biztos\u00edtja a m\u00e9retstabilit\u00e1st h\u0151terhel\u00e9s alatt.<\/p>\n<\/li>\n<li data-section-id=\"14xwsrz\" data-start=\"1434\" data-end=\"1557\">\n<p data-start=\"1436\" data-end=\"1557\"><strong data-start=\"1436\" data-end=\"1469\">Kiv\u00e1l\u00f3 optikai \u00e1tvitel<\/strong>: UV-IR tartom\u00e1ny 185 nm-2,5 \u00b5m, ide\u00e1lis fotolitogr\u00e1fi\u00e1hoz, l\u00e9zeroptik\u00e1hoz \u00e9s UV-\u00e9rz\u00e9kel\u0151kh\u00f6z.<\/p>\n<\/li>\n<li data-section-id=\"yw53fa\" data-start=\"1558\" data-end=\"1678\">\n<p data-start=\"1560\" data-end=\"1678\"><strong data-start=\"1560\" data-end=\"1584\">Magas fel\u00fcleti min\u0151s\u00e9g<\/strong>: Ra \u22641,0 nm \u00e9s TTV \u226410 \u00b5m az egyenletes v\u00e9konyr\u00e9teg-lev\u00e1laszt\u00e1s \u00e9s a pontos \u00e9rz\u00e9kel\u0151integr\u00e1ci\u00f3 \u00e9rdek\u00e9ben.<\/p>\n<\/li>\n<li data-section-id=\"w93pn9\" data-start=\"1679\" data-end=\"1805\">\n<p data-start=\"1681\" data-end=\"1805\"><strong data-start=\"1681\" data-end=\"1704\">K\u00e9miai ellen\u00e1ll\u00e1s<\/strong>: Ellen\u00e1ll a legt\u00f6bb savnak (kiv\u00e9ve HF) \u00e9s l\u00fagnak, alkalmas nedves marat\u00e1sra \u00e9s zord k\u00f6rnyezetben.<\/p>\n<\/li>\n<li data-section-id=\"1n1qt20\" data-start=\"1806\" data-end=\"1915\">\n<p data-start=\"1808\" data-end=\"1915\"><strong data-start=\"1808\" data-end=\"1855\">Sug\u00e1rz\u00e1s\u00e1ll\u00f3s\u00e1g \u00e9s dielektromos stabilit\u00e1s<\/strong>: T\u00e1mogatja az \u0171rkutat\u00e1si \u00e9s nagyenergi\u00e1j\u00fa fizikai alkalmaz\u00e1sokat.<\/p>\n<\/li>\n<li data-section-id=\"dgvd7c\" data-start=\"1916\" data-end=\"2065\">\n<p data-start=\"1918\" data-end=\"2065\"><strong data-start=\"1918\" data-end=\"1949\">Testreszabhat\u00f3 form\u00e1k \u00e9s m\u00e9retek<\/strong>: Kerek, n\u00e9gyzet alak\u00fa, gy\u0171r\u0171s vagy szektor alak\u00fa osty\u00e1k, opcion\u00e1lis pol\u00edroz\u00e1ssal, AR\/IR\/DLC bevonatokkal \u00e9s mikrogy\u00e1rt\u00e1ssal.<\/p>\n<\/li>\n<\/ul>\n<h3 data-start=\"2072\" data-end=\"2090\"><strong data-start=\"2072\" data-end=\"2088\">Alkalmaz\u00e1sok<\/strong><\/h3>\n<div class=\"TyagGW_tableContainer\">\n<div class=\"group TyagGW_tableWrapper flex flex-col-reverse w-fit\" tabindex=\"-1\">\n<table class=\"w-fit min-w-(--thread-content-width)\" data-start=\"2092\" data-end=\"3021\">\n<thead data-start=\"2092\" data-end=\"2128\">\n<tr data-start=\"2092\" data-end=\"2128\">\n<th class=\"\" data-start=\"2092\" data-end=\"2103\" data-col-size=\"sm\">Ipar\u00e1g<\/th>\n<th class=\"\" data-start=\"2103\" data-end=\"2117\" data-col-size=\"md\">Alkalmaz\u00e1s<\/th>\n<th class=\"\" data-start=\"2117\" data-end=\"2128\" data-col-size=\"md\">El\u0151ny<\/th>\n<\/tr>\n<\/thead>\n<tbody data-start=\"2165\" data-end=\"3021\">\n<tr data-start=\"2165\" data-end=\"2329\">\n<td data-start=\"2165\" data-end=\"2181\" data-col-size=\"sm\">F\u00e9lvezet\u0151<\/td>\n<td data-start=\"2181\" data-end=\"2242\" data-col-size=\"md\">Fotomaszk szubsztr\u00e1tumok, marat\u00e1si hordoz\u00f3k, CMP pol\u00edroz\u00f3 p\u00e1rn\u00e1k<\/td>\n<td data-col-size=\"md\" data-start=\"2242\" data-end=\"2329\">Magas h\u0151m\u00e9rs\u00e9kleti stabilit\u00e1s, rendk\u00edv\u00fcl alacsony hib\u00e1k, biztos\u00edtja a chipgy\u00e1rt\u00e1s pontoss\u00e1g\u00e1t<\/td>\n<\/tr>\n<tr data-start=\"2330\" data-end=\"2462\">\n<td data-start=\"2330\" data-end=\"2346\" data-col-size=\"sm\">Fotovoltaika<\/td>\n<td data-col-size=\"md\" data-start=\"2346\" data-end=\"2402\">PECVD-elj\u00e1r\u00e1s sor\u00e1n el\u0151\u00e1ll\u00edtott osty\u00e1k, v\u00e9konyr\u00e9teg-lev\u00e1laszt\u00f3 szubsztr\u00e1tumok<\/td>\n<td data-col-size=\"md\" data-start=\"2402\" data-end=\"2462\">H\u0151sokk\u00e1ll\u00f3s\u00e1g, jav\u00edtja a napelemek hat\u00e9konys\u00e1g\u00e1t<\/td>\n<\/tr>\n<tr data-start=\"2463\" data-end=\"2611\">\n<td data-start=\"2463\" data-end=\"2481\" data-col-size=\"sm\">Optoelektronika<\/td>\n<td data-col-size=\"md\" data-start=\"2481\" data-end=\"2533\">LED\/LD szubsztr\u00e1tumok, l\u00e9zerablakok, optikai \u00e9rz\u00e9kel\u0151k<\/td>\n<td data-col-size=\"md\" data-start=\"2533\" data-end=\"2611\">Magas UV-IR \u00e1tereszt\u0151k\u00e9pess\u00e9g, alacsony autofluoreszcencia, n\u00f6veli az eszk\u00f6z teljes\u00edtm\u00e9ny\u00e9t.<\/td>\n<\/tr>\n<tr data-start=\"2612\" data-end=\"2755\">\n<td data-start=\"2612\" data-end=\"2631\" data-col-size=\"sm\">Prec\u00edzi\u00f3s optika<\/td>\n<td data-col-size=\"md\" data-start=\"2631\" data-end=\"2685\">Lencsetart\u00f3k, prizm\u00e1k, sug\u00e1reloszt\u00f3k, IR-ablakok<\/td>\n<td data-col-size=\"md\" data-start=\"2685\" data-end=\"2755\">Alacsony h\u0151t\u00e1gul\u00e1s, nagy homogenit\u00e1s, biztos\u00edtja az optikai stabilit\u00e1st<\/td>\n<\/tr>\n<tr data-start=\"2756\" data-end=\"2891\">\n<td data-start=\"2756\" data-end=\"2773\" data-col-size=\"sm\">Kutat\u00e1s \u00e9s laborat\u00f3rium<\/td>\n<td data-col-size=\"md\" data-start=\"2773\" data-end=\"2837\">Szinkrotron sug\u00e1rz\u00e1s, VUV-k\u00eds\u00e9rletek, nagyenergi\u00e1j\u00fa detektorok<\/td>\n<td data-col-size=\"md\" data-start=\"2837\" data-end=\"2891\">Sug\u00e1rz\u00e1s\u00e1ll\u00f3, ellen\u00e1ll a sz\u00e9ls\u0151s\u00e9ges k\u00f6r\u00fclm\u00e9nyeknek<\/td>\n<\/tr>\n<tr data-start=\"2892\" data-end=\"3021\">\n<td data-start=\"2892\" data-end=\"2904\" data-col-size=\"sm\">Rep\u00fcl\u0151g\u00e9pipar<\/td>\n<td data-col-size=\"md\" data-start=\"2904\" data-end=\"2969\">M\u0171holdak optikai ablakai, magas h\u0151m\u00e9rs\u00e9klet\u0171 megfigyel\u0151panelek<\/td>\n<td data-col-size=\"md\" data-start=\"2969\" data-end=\"3021\">H\u0151sokk\u00e1ll\u00f3s\u00e1g, \u0171rb\u00e9li megb\u00edzhat\u00f3s\u00e1g<\/td>\n<\/tr>\n<\/tbody>\n<\/table>\n<\/div>\n<\/div>\n<h3 data-start=\"3028\" data-end=\"3058\"><strong data-start=\"3028\" data-end=\"3056\">M\u0171szaki specifik\u00e1ci\u00f3k<\/strong><\/h3>\n<div class=\"TyagGW_tableContainer\">\n<div class=\"group TyagGW_tableWrapper flex flex-col-reverse w-fit\" tabindex=\"-1\">\n<table class=\"w-fit min-w-(--thread-content-width)\" data-start=\"3060\" data-end=\"3704\">\n<thead data-start=\"3060\" data-end=\"3089\">\n<tr data-start=\"3060\" data-end=\"3089\">\n<th class=\"\" data-start=\"3060\" data-end=\"3072\" data-col-size=\"sm\">Param\u00e9ter<\/th>\n<th class=\"\" data-start=\"3072\" data-end=\"3089\" data-col-size=\"md\">Specifik\u00e1ci\u00f3<\/th>\n<\/tr>\n<\/thead>\n<tbody data-start=\"3120\" data-end=\"3704\">\n<tr data-start=\"3120\" data-end=\"3172\">\n<td data-start=\"3120\" data-end=\"3131\" data-col-size=\"sm\">Anyag<\/td>\n<td data-col-size=\"md\" data-start=\"3131\" data-end=\"3172\">Szintetikus olvasztott kvarc (SiO\u2082 \u226599,99%)<\/td>\n<\/tr>\n<tr data-start=\"3173\" data-end=\"3203\">\n<td data-start=\"3173\" data-end=\"3184\" data-col-size=\"sm\">\u00c1tm\u00e9r\u0151<\/td>\n<td data-col-size=\"md\" data-start=\"3184\" data-end=\"3203\">200 mm (8 h\u00fcvelyk)<\/td>\n<\/tr>\n<tr data-start=\"3204\" data-end=\"3257\">\n<td data-start=\"3204\" data-end=\"3222\" data-col-size=\"sm\">Vastags\u00e1g tartom\u00e1ny<\/td>\n<td data-col-size=\"md\" data-start=\"3222\" data-end=\"3257\">100 \u00b5m - 3000 \u00b5m (testre szabhat\u00f3)<\/td>\n<\/tr>\n<tr data-start=\"3258\" data-end=\"3302\">\n<td data-start=\"3258\" data-end=\"3292\" data-col-size=\"sm\">Teljes vastags\u00e1gv\u00e1ltoz\u00e1s (TTV)<\/td>\n<td data-col-size=\"md\" data-start=\"3292\" data-end=\"3302\">\u226410 \u00b5m<\/td>\n<\/tr>\n<tr data-start=\"3303\" data-end=\"3339\">\n<td data-start=\"3303\" data-end=\"3328\" data-col-size=\"sm\">Fel\u00fcleti \u00e9rdess\u00e9g (Ra)<\/td>\n<td data-col-size=\"md\" data-start=\"3328\" data-end=\"3339\">\u22641,0 nm<\/td>\n<\/tr>\n<tr data-start=\"3340\" data-end=\"3378\">\n<td data-start=\"3340\" data-end=\"3365\" data-col-size=\"sm\">Teljes szennyez\u0151anyag-tartalom<\/td>\n<td data-col-size=\"md\" data-start=\"3365\" data-end=\"3378\">\u22642,0 \u00b5g\/g<\/td>\n<\/tr>\n<tr data-start=\"3379\" data-end=\"3439\">\n<td data-start=\"3379\" data-end=\"3411\" data-col-size=\"sm\">H\u0151t\u00e1gul\u00e1si egy\u00fctthat\u00f3<\/td>\n<td data-col-size=\"md\" data-start=\"3411\" data-end=\"3439\">0,55 \u00d7 10-\u2076\/K (20-300\u00b0C)<\/td>\n<\/tr>\n<tr data-start=\"3440\" data-end=\"3516\">\n<td data-start=\"3440\" data-end=\"3465\" data-col-size=\"sm\">H\u0151m\u00e9rs\u00e9kleti ellen\u00e1ll\u00e1s<\/td>\n<td data-col-size=\"md\" data-start=\"3465\" data-end=\"3516\">L\u00e1gyul\u00e1si pont 1683\u00b0C, r\u00f6vid t\u00e1von 1450\u00b0C-ig<\/td>\n<\/tr>\n<tr data-start=\"3517\" data-end=\"3557\">\n<td data-start=\"3517\" data-end=\"3536\" data-col-size=\"sm\">UV \u00e1tereszt\u0151k\u00e9pess\u00e9g<\/td>\n<td data-start=\"3536\" data-end=\"3557\" data-col-size=\"md\">&gt;90% (200-260 nm)<\/td>\n<\/tr>\n<tr data-start=\"3558\" data-end=\"3607\">\n<td data-start=\"3558\" data-end=\"3577\" data-col-size=\"sm\">Fel\u00fclet s\u00edkoss\u00e1ga<\/td>\n<td data-start=\"3577\" data-end=\"3607\" data-col-size=\"md\">Nagy pontoss\u00e1g, TTV \u226410 \u00b5m<\/td>\n<\/tr>\n<tr data-start=\"3608\" data-end=\"3669\">\n<td data-start=\"3608\" data-end=\"3624\" data-col-size=\"sm\">Alak\u00edt\u00e1si lehet\u0151s\u00e9gek<\/td>\n<td data-start=\"3624\" data-end=\"3669\" data-col-size=\"md\">Kerek (standard), egyedi form\u00e1k rendelhet\u0151k<\/td>\n<\/tr>\n<tr data-start=\"3670\" data-end=\"3704\">\n<td data-start=\"3670\" data-end=\"3687\" data-col-size=\"sm\">Tan\u00fas\u00edtv\u00e1nyok<\/td>\n<td data-start=\"3687\" data-end=\"3704\" data-col-size=\"md\">RoHS, ISO9001<\/td>\n<\/tr>\n<\/tbody>\n<\/table>\n<\/div>\n<\/div>\n<h3 data-start=\"3711\" data-end=\"3720\"><strong data-start=\"3711\" data-end=\"3718\"><img decoding=\"async\" class=\"size-medium wp-image-2487 alignleft\" src=\"https:\/\/www.fuyao-quartz.com\/wp-content\/uploads\/2026\/03\/8inch_quartz_wafer_diameter_200mm_ttv_10_m_ra_1_0_nm_for_high_precision_sensors3-300x300.jpg\" alt=\"\" width=\"300\" height=\"300\" \/>GYIK<\/strong><\/h3>\n<ol data-start=\"3722\" data-end=\"4461\">\n<li data-section-id=\"1p6zuwb\" data-start=\"3722\" data-end=\"3925\">\n<p data-start=\"3725\" data-end=\"3925\"><strong data-start=\"3725\" data-end=\"3789\">K: Mekkora a szabv\u00e1nyos vastags\u00e1ga egy 8 h\u00fcvelykes kvarcszeletnek?<\/strong><br data-start=\"3789\" data-end=\"3792\" \/><strong data-start=\"3795\" data-end=\"3801\">A:<\/strong> A szabv\u00e1nyos vastags\u00e1g 0,5-1,0 mm, a speci\u00e1lis f\u00e9lvezet\u0151 \u00e9s optikai alkalmaz\u00e1sokhoz ak\u00e1r 10 mm-ig terjed\u0151 egyedi opci\u00f3kkal.<\/p>\n<\/li>\n<li data-section-id=\"douphg\" data-start=\"3927\" data-end=\"4215\">\n<p data-start=\"3930\" data-end=\"4215\"><strong data-start=\"3930\" data-end=\"3988\">K: Mi\u00e9rt v\u00e1lassza az olvasztott kvarcszeleteket a szil\u00edciumszeletek helyett?<\/strong><br data-start=\"3988\" data-end=\"3991\" \/><strong data-start=\"3994\" data-end=\"4000\">A:<\/strong> Az olvasztott kvarc osty\u00e1k kiv\u00e1l\u00f3 UV-\u00e1tereszt\u0151 k\u00e9pess\u00e9get, nagyobb h\u0151stabilit\u00e1st (1730\u00b0C-ig), vegyi ellen\u00e1ll\u00e1st \u00e9s m\u00e9retstabilit\u00e1st biztos\u00edtanak, \u00edgy ide\u00e1lisak a nagy pontoss\u00e1g\u00fa litogr\u00e1fi\u00e1hoz \u00e9s a kem\u00e9ny folyamatokhoz.<\/p>\n<\/li>\n<li data-section-id=\"1mys3u\" data-start=\"4217\" data-end=\"4461\">\n<p data-start=\"4220\" data-end=\"4461\"><strong data-start=\"4220\" data-end=\"4287\">K: A FUYAO tud egyedi ostyaform\u00e1kat \u00e9s fel\u00fcletkezel\u00e9st biztos\u00edtani?<\/strong><br data-start=\"4287\" data-end=\"4290\" \/><strong data-start=\"4293\" data-end=\"4299\">A:<\/strong> Igen. A lehet\u0151s\u00e9gek k\u00f6z\u00f6tt szerepelnek kerek, n\u00e9gyzet alak\u00fa, gy\u0171r\u0171s, szektor alak\u00fa osty\u00e1k, olyan fel\u00fcletkezel\u00e9sekkel, mint az optikai pol\u00edroz\u00e1s, AR\/IR\/DLC bevonatok, f\u00far\u00e1s \u00e9s hornyol\u00e1s.<\/p>\n<\/li>\n<\/ol>","protected":false},"excerpt":{"rendered":"<p>A 8 h\u00fcvelykes olvasztott kvarc ostya egy pr\u00e9mium, nagy tisztas\u00e1g\u00fa szintetikus kvarc (SiO\u2082 \u226599,99%) szubsztr\u00e1t, amelyet a f\u00e9lvezet\u0151, MEMS, optikai \u00e9s l\u00e9zerrendszerek nagy pontoss\u00e1g\u00fa alkalmaz\u00e1saihoz terveztek. Rendk\u00edv\u00fcl alacsony h\u0151t\u00e1gul\u00e1sa, kiv\u00e9teles UV-IR \u00e1tereszt\u0151k\u00e9pess\u00e9ge \u00e9s kiv\u00e1l\u00f3 k\u00e9miai ellen\u00e1ll\u00e1sa miatt ide\u00e1lis az olyan ig\u00e9nyes k\u00f6rnyezetekben, mint a fotolitogr\u00e1fia, marat\u00e1s, v\u00e9konyr\u00e9teg-lev\u00e1laszt\u00e1s \u00e9s nagy pontoss\u00e1g\u00fa \u00e9rz\u00e9kel\u0151k gy\u00e1rt\u00e1sa.<\/p>","protected":false},"featured_media":2265,"comment_status":"open","ping_status":"closed","template":"","meta":{"site-sidebar-layout":"default","site-content-layout":"","ast-site-content-layout":"default","site-content-style":"default","site-sidebar-style":"default","ast-global-header-display":"","ast-banner-title-visibility":"","ast-main-header-display":"","ast-hfb-above-header-display":"","ast-hfb-below-header-display":"","ast-hfb-mobile-header-display":"","site-post-title":"","ast-breadcrumbs-content":"","ast-featured-img":"","footer-sml-layout":"","ast-disable-related-posts":"","theme-transparent-header-meta":"default","adv-header-id-meta":"","stick-header-meta":"default","header-above-stick-meta":"","header-main-stick-meta":"","header-below-stick-meta":"","astra-migrate-meta-layouts":"set","ast-page-background-enabled":"default","ast-page-background-meta":{"desktop":{"background-color":"var(--ast-global-color-4)","background-image":"","background-repeat":"repeat","background-position":"center center","background-size":"auto","background-attachment":"scroll","background-type":"","background-media":"","overlay-type":"","overlay-color":"","overlay-opacity":"","overlay-gradient":""},"tablet":{"background-color":"","background-image":"","background-repeat":"repeat","background-position":"center center","background-size":"auto","background-attachment":"scroll","background-type":"","background-media":"","overlay-type":"","overlay-color":"","overlay-opacity":"","overlay-gradient":""},"mobile":{"background-color":"","background-image":"","background-repeat":"repeat","background-position":"center center","background-size":"auto","background-attachment":"scroll","background-type":"","background-media":"","overlay-type":"","overlay-color":"","overlay-opacity":"","overlay-gradient":""}},"ast-content-background-meta":{"desktop":{"background-color":"var(--ast-global-color-5)","background-image":"","background-repeat":"repeat","background-position":"center center","background-size":"auto","background-attachment":"scroll","background-type":"","background-media":"","overlay-type":"","overlay-color":"","overlay-opacity":"","overlay-gradient":""},"tablet":{"background-color":"var(--ast-global-color-5)","background-image":"","background-repeat":"repeat","background-position":"center center","background-size":"auto","background-attachment":"scroll","background-type":"","background-media":"","overlay-type":"","overlay-color":"","overlay-opacity":"","overlay-gradient":""},"mobile":{"background-color":"var(--ast-global-color-5)","background-image":"","background-repeat":"repeat","background-position":"center center","background-size":"auto","background-attachment":"scroll","background-type":"","background-media":"","overlay-type":"","overlay-color":"","overlay-opacity":"","overlay-gradient":""}}},"product_brand":[],"product_cat":[729],"product_tag":[1070,1071,1072,1073,1054,1074,1075,1058,1076,1077,1078,1079,1080,1081,1082,1083,1084,1085,1086,1087],"class_list":{"0":"post-2254","1":"product","2":"type-product","3":"status-publish","4":"has-post-thumbnail","6":"product_cat-wafer","7":"product_tag-200mm-quartz-wafer","8":"product_tag-8-inch-quartz-wafer","9":"product_tag-aerospace-quartz-wafer","10":"product_tag-chemical-resistant-quartz","11":"product_tag-custom-quartz-wafer","12":"product_tag-fused-quartz-plate","13":"product_tag-high-purity-fused-quartz","14":"product_tag-high-temperature-quartz-wafer","15":"product_tag-laser-system-wafer","16":"product_tag-low-thermal-expansion-quartz","17":"product_tag-mems-wafer","18":"product_tag-optical-grade-quartz-wafer","19":"product_tag-precision-sensors-wafer","20":"product_tag-ra-1-0nm","21":"product_tag-semiconductor-wafer-substrate","22":"product_tag-sio2-wafer","23":"product_tag-synthetic-quartz-wafer","24":"product_tag-thin-film-deposition-substrate","25":"product_tag-ttv-10m","26":"product_tag-uv-optical-device-wafer","27":"desktop-align-left","28":"tablet-align-left","29":"mobile-align-left","30":"ast-product-gallery-layout-horizontal-slider","31":"ast-product-tabs-layout-horizontal","33":"first","34":"instock","35":"shipping-taxable","36":"product-type-simple"},"_links":{"self":[{"href":"https:\/\/www.zmsh-semitech.com\/hu\/wp-json\/wp\/v2\/product\/2254","targetHints":{"allow":["GET"]}}],"collection":[{"href":"https:\/\/www.zmsh-semitech.com\/hu\/wp-json\/wp\/v2\/product"}],"about":[{"href":"https:\/\/www.zmsh-semitech.com\/hu\/wp-json\/wp\/v2\/types\/product"}],"replies":[{"embeddable":true,"href":"https:\/\/www.zmsh-semitech.com\/hu\/wp-json\/wp\/v2\/comments?post=2254"}],"version-history":[{"count":4,"href":"https:\/\/www.zmsh-semitech.com\/hu\/wp-json\/wp\/v2\/product\/2254\/revisions"}],"predecessor-version":[{"id":2269,"href":"https:\/\/www.zmsh-semitech.com\/hu\/wp-json\/wp\/v2\/product\/2254\/revisions\/2269"}],"wp:featuredmedia":[{"embeddable":true,"href":"https:\/\/www.zmsh-semitech.com\/hu\/wp-json\/wp\/v2\/media\/2265"}],"wp:attachment":[{"href":"https:\/\/www.zmsh-semitech.com\/hu\/wp-json\/wp\/v2\/media?parent=2254"}],"wp:term":[{"taxonomy":"product_brand","embeddable":true,"href":"https:\/\/www.zmsh-semitech.com\/hu\/wp-json\/wp\/v2\/product_brand?post=2254"},{"taxonomy":"product_cat","embeddable":true,"href":"https:\/\/www.zmsh-semitech.com\/hu\/wp-json\/wp\/v2\/product_cat?post=2254"},{"taxonomy":"product_tag","embeddable":true,"href":"https:\/\/www.zmsh-semitech.com\/hu\/wp-json\/wp\/v2\/product_tag?post=2254"}],"curies":[{"name":"wp","href":"https:\/\/api.w.org\/{rel}","templated":true}]}}