{"id":2253,"date":"2026-04-15T05:46:37","date_gmt":"2026-04-15T05:46:37","guid":{"rendered":"https:\/\/www.zmsh-semitech.com\/?post_type=product&#038;p=2253"},"modified":"2026-04-20T01:22:42","modified_gmt":"2026-04-20T01:22:42","slug":"2-inch-quartz-wafer-dsp-ssp-polished-substrate-for-mems-semiconductor-optical-use","status":"publish","type":"product","link":"https:\/\/www.zmsh-semitech.com\/hu\/product\/2-inch-quartz-wafer-dsp-ssp-polished-substrate-for-mems-semiconductor-optical-use\/","title":{"rendered":"2 h\u00fcvelykes kvarcszelet DSP\/SSP pol\u00edrozott szubsztr\u00e1t MEMS, f\u00e9lvezet\u0151 \u00e9s optikai felhaszn\u00e1l\u00e1sra"},"content":{"rendered":"<h2 data-section-id=\"1bovg99\" data-start=\"217\" data-end=\"240\"><strong data-start=\"220\" data-end=\"240\">Term\u00e9k \u00e1ttekint\u00e9s<\/strong><\/h2>\n<p data-start=\"242\" data-end=\"689\"><img fetchpriority=\"high\" decoding=\"async\" class=\"alignleft wp-image-2132 size-medium\" src=\"https:\/\/www.fuyao-quartz.com\/wp-content\/uploads\/2026\/03\/2-Inch-Quartz-Glass-Wafer-DSP-SSP-Diameter-50.8mm22-300x300.jpg\" alt=\"2 h\u00fcvelykes kvarcszelet DSP\/SSP pol\u00edrozott szubsztr\u00e1t MEMS, f\u00e9lvezet\u0151 \u00e9s optikai felhaszn\u00e1l\u00e1sra\" width=\"300\" height=\"300\" \/>A 2 h\u00fcvelykes kvarcszelet egy nagy tisztas\u00e1g\u00fa szil\u00edcium-dioxidb\u00f3l (SiO\u2082) k\u00e9sz\u00fclt, f\u00e9lvezet\u0151 min\u0151s\u00e9g\u0171 hordoz\u00f3. A mikron-szint\u0171 s\u00edkoss\u00e1got olyan prec\u00edzi\u00f3s feldolgoz\u00e1si technik\u00e1kkal \u00e9ri el, mint a CNC-v\u00e1g\u00e1s \u00e9s a l\u00e9zeres pol\u00edroz\u00e1s. Ezek az osty\u00e1k megfelelnek a SEMI szabv\u00e1nyoknak, \u00e9s t\u00e1mogatj\u00e1k a m\u00e9retek \u00e9s a vastags\u00e1g testreszab\u00e1s\u00e1t (\u00b10,02 mm t\u0171r\u00e9s), \u00edgy alkalmasak optoelektronikai, MEMS (mikroelektromechanikai rendszerek) \u00e9s f\u00e9lvezet\u0151csomagol\u00e1shoz.<\/p>\n<p data-start=\"691\" data-end=\"1119\">A Fuyao testreszabott gy\u00e1rt\u00e1st biztos\u00edt a nem szabv\u00e1nyos geometri\u00e1khoz, bele\u00e9rtve a szabad alak\u00fa form\u00e1kat, a fokozatos vastags\u00e1got \u00e9s a fejlett fel\u00fcletkezel\u00e9st, mint p\u00e9ld\u00e1ul az antireflekt\u00edv (AR) bevonatokat \u00e9s a hidrof\u00f3b filmeket. A teljes k\u00f6r\u0171 folyamatmin\u0151s\u00e9g-ellen\u0151rz\u00e9s biztos\u00edtja a teljes vastags\u00e1gv\u00e1ltoz\u00e1st (TTV) &lt;0,005 mm \u00e9s a fel\u00fcleti \u00e9rdess\u00e9get Ra &lt;1,5 nm. Kis t\u00e9telben t\u00f6rt\u00e9n\u0151 protot\u00edpusgy\u00e1rt\u00e1s (legal\u00e1bb 10 darab) \u00e9s gyors sz\u00e1ll\u00edt\u00e1si lehet\u0151s\u00e9gek \u00e1llnak rendelkez\u00e9sre az id\u0151\u00e9rz\u00e9keny projektekhez.<\/p>\n<h1 data-section-id=\"w7qc3s\" data-start=\"1126\" data-end=\"1146\"><strong data-start=\"1128\" data-end=\"1146\">M\u0171szaki adatok<\/strong><\/h1>\n<table class=\"w-fit min-w-(--thread-content-width)\" data-start=\"1148\" data-end=\"1633\">\n<thead data-start=\"1148\" data-end=\"1177\">\n<tr data-start=\"1148\" data-end=\"1177\">\n<th class=\"\" data-start=\"1148\" data-end=\"1160\" data-col-size=\"sm\">Param\u00e9ter<\/th>\n<th class=\"\" data-start=\"1160\" data-end=\"1177\" data-col-size=\"sm\">Specifik\u00e1ci\u00f3<\/th>\n<\/tr>\n<\/thead>\n<tbody data-start=\"1188\" data-end=\"1633\">\n<tr data-start=\"1188\" data-end=\"1219\">\n<td data-start=\"1188\" data-end=\"1199\" data-col-size=\"sm\">\u00c1tm\u00e9r\u0151<\/td>\n<td data-col-size=\"sm\" data-start=\"1199\" data-end=\"1219\">2 h\u00fcvelyk (50,8 mm)<\/td>\n<\/tr>\n<tr data-start=\"1220\" data-end=\"1257\">\n<td data-start=\"1220\" data-end=\"1238\" data-col-size=\"sm\">Vastags\u00e1g tartom\u00e1ny<\/td>\n<td data-col-size=\"sm\" data-start=\"1238\" data-end=\"1257\">0,1 mm - 1,0 mm<\/td>\n<\/tr>\n<tr data-start=\"1258\" data-end=\"1287\">\n<td data-start=\"1258\" data-end=\"1276\" data-col-size=\"sm\">Anyagi tisztas\u00e1g<\/td>\n<td data-col-size=\"sm\" data-start=\"1276\" data-end=\"1287\">\u226599.99%<\/td>\n<\/tr>\n<tr data-start=\"1288\" data-end=\"1322\">\n<td data-start=\"1288\" data-end=\"1313\" data-col-size=\"sm\">Fel\u00fcleti \u00e9rdess\u00e9g (Ra)<\/td>\n<td data-col-size=\"sm\" data-start=\"1313\" data-end=\"1322\">\u22645 nm<\/td>\n<\/tr>\n<tr data-start=\"1323\" data-end=\"1361\">\n<td data-start=\"1323\" data-end=\"1351\" data-col-size=\"sm\">Teljes vastags\u00e1gv\u00e1ltoz\u00e1s<\/td>\n<td data-col-size=\"sm\" data-start=\"1351\" data-end=\"1361\">\u226410 \u03bcm<\/td>\n<\/tr>\n<tr data-start=\"1362\" data-end=\"1396\">\n<td data-start=\"1362\" data-end=\"1388\" data-col-size=\"sm\">Transzmittancia (193 nm-en)<\/td>\n<td data-col-size=\"sm\" data-start=\"1388\" data-end=\"1396\">&gt;90%<\/td>\n<\/tr>\n<tr data-start=\"1397\" data-end=\"1449\">\n<td data-start=\"1397\" data-end=\"1432\" data-col-size=\"sm\">H\u0151t\u00e1gul\u00e1si egy\u00fctthat\u00f3<\/td>\n<td data-col-size=\"sm\" data-start=\"1432\" data-end=\"1449\">~0.55\u00d710-\u2076\/\u00b0C<\/td>\n<\/tr>\n<tr data-start=\"1450\" data-end=\"1479\">\n<td data-start=\"1450\" data-end=\"1468\" data-col-size=\"sm\">L\u00e1gyul\u00e1si pont<\/td>\n<td data-col-size=\"sm\" data-start=\"1468\" data-end=\"1479\">~1665\u00b0C<\/td>\n<\/tr>\n<tr data-start=\"1480\" data-end=\"1515\">\n<td data-start=\"1480\" data-end=\"1492\" data-col-size=\"sm\">Csomagol\u00e1s<\/td>\n<td data-col-size=\"sm\" data-start=\"1492\" data-end=\"1515\">100-szint\u0171 tisztaszoba<\/td>\n<\/tr>\n<\/tbody>\n<\/table>\n<div class=\"TyagGW_tableContainer\">\n<div class=\"group TyagGW_tableWrapper flex flex-col-reverse w-fit\" tabindex=\"-1\"><strong style=\"font-size: 2em;\" data-start=\"1642\" data-end=\"1665\">F\u0151bb jellemz\u0151k<\/strong><\/div>\n<\/div>\n<p data-start=\"1667\" data-end=\"1689\">1 Optikai kiv\u00e1l\u00f3s\u00e1g<\/p>\n<ul data-start=\"1690\" data-end=\"1956\">\n<li data-section-id=\"nemsbs\" data-start=\"1690\" data-end=\"1818\">\n<p data-start=\"1692\" data-end=\"1818\">Sz\u00e9les spektrum\u00fa \u00e1tereszt\u0151k\u00e9pess\u00e9g: &gt;(185-3500 nm), kiv\u00e1l\u00f3 r\u00f6vidhull\u00e1m\u00fa UV-teljes\u00edtm\u00e9nnyel (185 nm).<img decoding=\"async\" class=\"size-medium wp-image-2133 alignright\" src=\"https:\/\/www.fuyao-quartz.com\/wp-content\/uploads\/2026\/03\/2-Inch-Quartz-Glass-Wafer-DSP-SSP-Diameter-50.8mm11-300x300.jpg\" alt=\"2 h\u00fcvelykes kvarc\u00fcveg ostya dsp ssp ssp \u00e1tm\u00e9r\u0151 50.8mm\" width=\"300\" height=\"300\" \/><\/p>\n<\/li>\n<li data-section-id=\"1up6lta\" data-start=\"1819\" data-end=\"1956\">\n<p data-start=\"1821\" data-end=\"1956\">Alacsony h\u0151t\u00e1gul\u00e1s: CTE ~0,52\u00d710-\u2076\/\u00b0C (5-35\u00b0C), ellen\u00e1ll a hossz\u00fa t\u00e1v\u00fa h\u0151m\u00e9rs\u00e9kletnek 1100\u00b0C-ig \u00e9s a r\u00f6vid t\u00e1v\u00fa expoz\u00edci\u00f3nak 1450\u00b0C-ig.<\/p>\n<\/li>\n<\/ul>\n<p data-start=\"1958\" data-end=\"1995\">2 Mechanikai \u00e9s k\u00e9miai stabilit\u00e1s<\/p>\n<ul data-start=\"1996\" data-end=\"2190\">\n<li data-section-id=\"xr75lz\" data-start=\"1996\" data-end=\"2082\">\n<p data-start=\"1998\" data-end=\"2082\">Nagy szil\u00e1rds\u00e1g: Mohs-kem\u00e9nys\u00e9g 7.<\/p>\n<\/li>\n<li data-section-id=\"qdqhw0\" data-start=\"2083\" data-end=\"2190\">\n<p data-start=\"2085\" data-end=\"2190\">Korr\u00f3zi\u00f3\u00e1ll\u00f3s\u00e1g: Alkalmas kem\u00e9ny k\u00e9miai k\u00f6rnyezetekben.<\/p>\n<\/li>\n<\/ul>\n<p data-start=\"2192\" data-end=\"2217\">3 Elektromos szigetel\u00e9s<\/p>\n<ul data-start=\"2218\" data-end=\"2332\">\n<li data-section-id=\"q09nlj\" data-start=\"2218\" data-end=\"2332\">\n<p data-start=\"2220\" data-end=\"2332\">10\u00b9\u2078 \u03a9-cm-t meghalad\u00f3 ellen\u00e1ll\u00e1s, alacsony dielektromos vesztes\u00e9ggel magas frekvenci\u00e1kon, ide\u00e1lis RF \u00e1ramk\u00f6r\u00f6kh\u00f6z \u00e9s \u00e9rz\u00e9kel\u0151kh\u00f6z.<\/p>\n<\/li>\n<\/ul>\n<h1 data-section-id=\"1suq60z\" data-start=\"2339\" data-end=\"2365\"><strong data-start=\"2341\" data-end=\"2365\">Els\u0151dleges alkalmaz\u00e1sok<\/strong><\/h1>\n<p data-start=\"2367\" data-end=\"2398\">1 F\u00e9lvezet\u0151gy\u00e1rt\u00e1s<\/p>\n<ul data-start=\"2399\" data-end=\"2642\">\n<li data-section-id=\"ay8lkm\" data-start=\"2399\" data-end=\"2524\">\n<p data-start=\"2401\" data-end=\"2524\">CMOS-k\u00e9p\u00e9rz\u00e9kel\u0151k \u00e9s RFID-chipek csomagol\u00e1s\u00e1ra szolg\u00e1l\u00f3 szubsztr\u00e1tumok, amelyek t\u00e1mogatj\u00e1k a nagyobb integr\u00e1ci\u00f3t lehet\u0151v\u00e9 tev\u0151 wafer-level packaginget (WLP).<\/p>\n<\/li>\n<li data-section-id=\"mkidgm\" data-start=\"2525\" data-end=\"2642\">\n<p data-start=\"2527\" data-end=\"2642\">MEMS-eszk\u00f6z hordoz\u00f3k (pl. nyom\u00e1s\u00e9rz\u00e9kel\u0151k, gyorsul\u00e1sm\u00e9r\u0151k), amelyek biztos\u00edtj\u00e1k a mikrokomponensek szerkezeti stabilit\u00e1s\u00e1t.<\/p>\n<\/li>\n<\/ul>\n<p data-start=\"2644\" data-end=\"2670\">2 Optoelektronikai rendszerek<\/p>\n<ul data-start=\"2671\" data-end=\"2841\">\n<li data-section-id=\"105rzi4\" data-start=\"2671\" data-end=\"2769\">\n<p data-start=\"2673\" data-end=\"2769\">UV l\u00e9zerablakok \u00e9s sz\u00e1loptikai kommunik\u00e1ci\u00f3s csatol\u00f3k, kihaszn\u00e1lva a kiv\u00e1l\u00f3 UV \u00e1tvitelt.<\/p>\n<\/li>\n<li data-section-id=\"1e9auxg\" data-start=\"2770\" data-end=\"2841\">\n<p data-start=\"2772\" data-end=\"2841\">Sug\u00e1rz\u00e1snak \u00e9s h\u0151ciklusoknak ellen\u00e1ll\u00f3 rep\u00fcl\u0151g\u00e9pipari optikai ablakok.<\/p>\n<\/li>\n<\/ul>\n<p data-start=\"2843\" data-end=\"2867\">3 Orvosi \u00e9s kutat\u00e1si<\/p>\n<ul data-start=\"2868\" data-end=\"3001\">\n<li data-section-id=\"kj96yb\" data-start=\"2868\" data-end=\"2939\">\n<p data-start=\"2870\" data-end=\"2939\">Magas h\u0151m\u00e9rs\u00e9klet\u0171 optikai alkatr\u00e9szek endoszk\u00f3pos k\u00e9palkot\u00f3 rendszerekhez.<\/p>\n<\/li>\n<li data-section-id=\"18y49e0\" data-start=\"2940\" data-end=\"3001\">\n<p data-start=\"2942\" data-end=\"3001\">H\u0151\u00e1ll\u00f3 megfigyel\u0151ablakok laborat\u00f3riumi reaktorokhoz.<\/p>\n<\/li>\n<\/ul>\n<p data-start=\"3003\" data-end=\"3039\">4 speci\u00e1lis kvarc ablaklemez<\/p>\n<ul data-start=\"3040\" data-end=\"3372\">\n<li data-section-id=\"toaotg\" data-start=\"3040\" data-end=\"3102\">\n<p data-start=\"3042\" data-end=\"3102\">Szabad form\u00e1j\u00fa fel\u00fcletek, aszimmetrikus ny\u00edl\u00e1sok, fokozatos vastags\u00e1g.<\/p>\n<\/li>\n<li data-section-id=\"17bkuwy\" data-start=\"3103\" data-end=\"3156\">\n<p data-start=\"3105\" data-end=\"3156\">Sz\u00f6gben v\u00e1gott ablakok a visszaver\u0151d\u00e9si vesztes\u00e9gek minimaliz\u00e1l\u00e1sa \u00e9rdek\u00e9ben.<\/p>\n<\/li>\n<li data-section-id=\"hue61i\" data-start=\"3157\" data-end=\"3211\">\n<p data-start=\"3159\" data-end=\"3211\">\u00c1tmen\u0151 lyuk\u00fa ablakok a t\u00f6bb \u00e9rz\u00e9kel\u0151 integr\u00e1l\u00e1s\u00e1hoz.<\/p>\n<\/li>\n<li data-section-id=\"hhfdk8\" data-start=\"3212\" data-end=\"3372\">\n<p data-start=\"3214\" data-end=\"3372\">Gyors protot\u00edpusgy\u00e1rt\u00e1s: v\u00e1kuum bevonatok (AR vagy f\u00e9nyvisszaver\u0151 bevonatok) kutat\u00e1si \u00e9s katonai alkalmaz\u00e1sokhoz.<\/p>\n<\/li>\n<\/ul>\n<h1 data-section-id=\"1iusff4\" data-start=\"3379\" data-end=\"3388\"><strong data-start=\"3381\" data-end=\"3388\">GYIK<\/strong><\/h1>\n<p data-start=\"3390\" data-end=\"3791\"><strong>1 Mi\u00e9rt v\u00e1lasszuk a 2 h\u00fcvelykes kvarc osty\u00e1kat ?<\/strong><br data-start=\"3423\" data-end=\"3426\" \/>A 2 h\u00fcvelykes kvarc osty\u00e1k nagy tisztas\u00e1g\u00fa szil\u00edcium-dioxidb\u00f3l (SiO\u2082) k\u00e9sz\u00fclt f\u00e9lvezet\u0151 min\u0151s\u00e9g\u0171 szubsztr\u00e1tumok. A mikron-szint\u0171 s\u00edkoss\u00e1got prec\u00edzi\u00f3s CNC-v\u00e1g\u00e1ssal \u00e9s l\u00e9zeres pol\u00edroz\u00e1ssal \u00e9rik el. Ezek az osty\u00e1k t\u00e1mogatj\u00e1k a m\u00e9retek \u00e9s a vastags\u00e1g testreszab\u00e1s\u00e1t (\u00b10,02 mm), \u00e9s megfelelnek a SEMI szabv\u00e1nyoknak, \u00edgy ide\u00e1lisak az optoelektronika, a MEMS \u00e9s a f\u00e9lvezet\u0151csomagol\u00e1s sz\u00e1m\u00e1ra.<\/p>\n<p data-start=\"3793\" data-end=\"4146\"><strong>2 Melyek a 2 h\u00fcvelykes kvarcszelet els\u0151dleges alkalmaz\u00e1si ter\u00fcletei ?<\/strong><br data-start=\"3852\" data-end=\"3855\" \/>Els\u0151sorban a f\u00e9lvezet\u0151gy\u00e1rt\u00e1sban (CMOS-k\u00e9p\u00e9rz\u00e9kel\u0151k, RFID-chipek csomagol\u00e1sa), UV-l\u00e9zerablakokban, sz\u00e1loptikai kommunik\u00e1ci\u00f3s csatol\u00f3kban \u00e9s rep\u00fcl\u0151g\u00e9pipari optikai alkatr\u00e9szekben haszn\u00e1lj\u00e1k. Az egyedi fel\u00fcletkezel\u00e9sek, p\u00e9ld\u00e1ul a f\u00e9nyvisszaver\u0151d\u00e9sg\u00e1tl\u00f3 bevonatok fokozz\u00e1k a teljes\u00edtm\u00e9nyt a nagy pontoss\u00e1g\u00fa rendszerekben.<\/p>","protected":false},"excerpt":{"rendered":"<p>A 2 h\u00fcvelykes kvarcszelet egy nagy tisztas\u00e1g\u00fa szil\u00edcium-dioxidb\u00f3l (SiO\u2082) k\u00e9sz\u00fclt, f\u00e9lvezet\u0151 min\u0151s\u00e9g\u0171 hordoz\u00f3. A mikron-szint\u0171 s\u00edkoss\u00e1got olyan prec\u00edzi\u00f3s feldolgoz\u00e1si technik\u00e1kkal \u00e9ri el, mint a CNC-v\u00e1g\u00e1s \u00e9s a l\u00e9zeres pol\u00edroz\u00e1s. Ezek az osty\u00e1k megfelelnek a SEMI szabv\u00e1nyoknak, \u00e9s t\u00e1mogatj\u00e1k a m\u00e9retek \u00e9s a vastags\u00e1g testreszab\u00e1s\u00e1t (\u00b10,02 mm t\u0171r\u00e9s), \u00edgy alkalmasak optoelektronikai, MEMS (mikroelektromechanikai rendszerek) \u00e9s f\u00e9lvezet\u0151csomagol\u00e1shoz.<\/p>","protected":false},"featured_media":2272,"comment_status":"open","ping_status":"closed","template":"","meta":{"site-sidebar-layout":"default","site-content-layout":"","ast-site-content-layout":"default","site-content-style":"default","site-sidebar-style":"default","ast-global-header-display":"","ast-banner-title-visibility":"","ast-main-header-display":"","ast-hfb-above-header-display":"","ast-hfb-below-header-display":"","ast-hfb-mobile-header-display":"","site-post-title":"","ast-breadcrumbs-content":"","ast-featured-img":"","footer-sml-layout":"","ast-disable-related-posts":"","theme-transparent-header-meta":"default","adv-header-id-meta":"","stick-header-meta":"default","header-above-stick-meta":"","header-main-stick-meta":"","header-below-stick-meta":"","astra-migrate-meta-layouts":"set","ast-page-background-enabled":"default","ast-page-background-meta":{"desktop":{"background-color":"var(--ast-global-color-4)","background-image":"","background-repeat":"repeat","background-position":"center center","background-size":"auto","background-attachment":"scroll","background-type":"","background-media":"","overlay-type":"","overlay-color":"","overlay-opacity":"","overlay-gradient":""},"tablet":{"background-color":"","background-image":"","background-repeat":"repeat","background-position":"center center","background-size":"auto","background-attachment":"scroll","background-type":"","background-media":"","overlay-type":"","overlay-color":"","overlay-opacity":"","overlay-gradient":""},"mobile":{"background-color":"","background-image":"","background-repeat":"repeat","background-position":"center center","background-size":"auto","background-attachment":"scroll","background-type":"","background-media":"","overlay-type":"","overlay-color":"","overlay-opacity":"","overlay-gradient":""}},"ast-content-background-meta":{"desktop":{"background-color":"var(--ast-global-color-5)","background-image":"","background-repeat":"repeat","background-position":"center center","background-size":"auto","background-attachment":"scroll","background-type":"","background-media":"","overlay-type":"","overlay-color":"","overlay-opacity":"","overlay-gradient":""},"tablet":{"background-color":"var(--ast-global-color-5)","background-image":"","background-repeat":"repeat","background-position":"center center","background-size":"auto","background-attachment":"scroll","background-type":"","background-media":"","overlay-type":"","overlay-color":"","overlay-opacity":"","overlay-gradient":""},"mobile":{"background-color":"var(--ast-global-color-5)","background-image":"","background-repeat":"repeat","background-position":"center center","background-size":"auto","background-attachment":"scroll","background-type":"","background-media":"","overlay-type":"","overlay-color":"","overlay-opacity":"","overlay-gradient":""}}},"product_brand":[],"product_cat":[729],"product_tag":[1050,1051,1052,1053,1054,1055,1056,1057,1058,1059,1060,1061,1062,1063,1064,1065,1066,1067,1068,1069],"class_list":{"0":"post-2253","1":"product","2":"type-product","3":"status-publish","4":"has-post-thumbnail","6":"product_cat-wafer","7":"product_tag-2-inch-quartz-wafer","8":"product_tag-50-8mm-quartz-wafer","9":"product_tag-anti-reflective-coated-quartz","10":"product_tag-cmos-wafer","11":"product_tag-custom-quartz-wafer","12":"product_tag-dsp-quartz-wafer","13":"product_tag-fused-silica-wafer","14":"product_tag-high-purity-quartz-wafer","15":"product_tag-high-temperature-quartz-wafer","16":"product_tag-laboratory-quartz-window","17":"product_tag-mems-substrate","18":"product_tag-optical-quartz-wafer","19":"product_tag-precision-quartz-substrate","20":"product_tag-quartz-glass-wafer","21":"product_tag-quartz-wafer-for-photolithography","22":"product_tag-rfid-chip-wafer","23":"product_tag-semiconductor-quartz-wafer","24":"product_tag-ssp-quartz-wafer","25":"product_tag-thin-quartz-wafer","26":"product_tag-uv-quartz-wafer","27":"desktop-align-left","28":"tablet-align-left","29":"mobile-align-left","30":"ast-product-gallery-layout-horizontal-slider","31":"ast-product-tabs-layout-horizontal","33":"first","34":"instock","35":"shipping-taxable","36":"product-type-simple"},"_links":{"self":[{"href":"https:\/\/www.zmsh-semitech.com\/hu\/wp-json\/wp\/v2\/product\/2253","targetHints":{"allow":["GET"]}}],"collection":[{"href":"https:\/\/www.zmsh-semitech.com\/hu\/wp-json\/wp\/v2\/product"}],"about":[{"href":"https:\/\/www.zmsh-semitech.com\/hu\/wp-json\/wp\/v2\/types\/product"}],"replies":[{"embeddable":true,"href":"https:\/\/www.zmsh-semitech.com\/hu\/wp-json\/wp\/v2\/comments?post=2253"}],"version-history":[{"count":4,"href":"https:\/\/www.zmsh-semitech.com\/hu\/wp-json\/wp\/v2\/product\/2253\/revisions"}],"predecessor-version":[{"id":2271,"href":"https:\/\/www.zmsh-semitech.com\/hu\/wp-json\/wp\/v2\/product\/2253\/revisions\/2271"}],"wp:featuredmedia":[{"embeddable":true,"href":"https:\/\/www.zmsh-semitech.com\/hu\/wp-json\/wp\/v2\/media\/2272"}],"wp:attachment":[{"href":"https:\/\/www.zmsh-semitech.com\/hu\/wp-json\/wp\/v2\/media?parent=2253"}],"wp:term":[{"taxonomy":"product_brand","embeddable":true,"href":"https:\/\/www.zmsh-semitech.com\/hu\/wp-json\/wp\/v2\/product_brand?post=2253"},{"taxonomy":"product_cat","embeddable":true,"href":"https:\/\/www.zmsh-semitech.com\/hu\/wp-json\/wp\/v2\/product_cat?post=2253"},{"taxonomy":"product_tag","embeddable":true,"href":"https:\/\/www.zmsh-semitech.com\/hu\/wp-json\/wp\/v2\/product_tag?post=2253"}],"curies":[{"name":"wp","href":"https:\/\/api.w.org\/{rel}","templated":true}]}}