{"id":2226,"date":"2026-04-15T03:41:10","date_gmt":"2026-04-15T03:41:10","guid":{"rendered":"https:\/\/www.zmsh-semitech.com\/?post_type=product&#038;p=2226"},"modified":"2026-04-15T04:01:00","modified_gmt":"2026-04-15T04:01:00","slug":"wp-301d-double-side-wafer-grinding-machine-for-6-inch-semiconductor-materials-and-precision-lapping","status":"publish","type":"product","link":"https:\/\/www.zmsh-semitech.com\/hu\/product\/wp-301d-double-side-wafer-grinding-machine-for-6-inch-semiconductor-materials-and-precision-lapping\/","title":{"rendered":"WP-301D k\u00e9toldalas ostyacsiszol\u00f3 g\u00e9p 6 h\u00fcvelykes f\u00e9lvezet\u0151 anyagokhoz \u00e9s prec\u00edzi\u00f3s lealapoz\u00e1shoz"},"content":{"rendered":"<p data-start=\"284\" data-end=\"683\"><img fetchpriority=\"high\" decoding=\"async\" class=\"alignright wp-image-2229\" src=\"https:\/\/www.zmsh-semitech.com\/wp-content\/uploads\/2026\/04\/WP-301D-Double-Side-Wafer-Grinding-Machine-for-6-Inch-Semiconductor-Materials-and-Precision-Lapping-1-300x300.png\" alt=\"WP-301D k\u00e9toldalas ostyacsiszol\u00f3 g\u00e9p 6 h\u00fcvelykes f\u00e9lvezet\u0151 anyagokhoz \u00e9s prec\u00edzi\u00f3s lealapoz\u00e1shoz\" width=\"283\" height=\"283\" srcset=\"https:\/\/www.zmsh-semitech.com\/wp-content\/uploads\/2026\/04\/WP-301D-Double-Side-Wafer-Grinding-Machine-for-6-Inch-Semiconductor-Materials-and-Precision-Lapping-1-300x300.png 300w, https:\/\/www.zmsh-semitech.com\/wp-content\/uploads\/2026\/04\/WP-301D-Double-Side-Wafer-Grinding-Machine-for-6-Inch-Semiconductor-Materials-and-Precision-Lapping-1-150x150.png 150w, https:\/\/www.zmsh-semitech.com\/wp-content\/uploads\/2026\/04\/WP-301D-Double-Side-Wafer-Grinding-Machine-for-6-Inch-Semiconductor-Materials-and-Precision-Lapping-1-768x768.png 768w, https:\/\/www.zmsh-semitech.com\/wp-content\/uploads\/2026\/04\/WP-301D-Double-Side-Wafer-Grinding-Machine-for-6-Inch-Semiconductor-Materials-and-Precision-Lapping-1-12x12.png 12w, https:\/\/www.zmsh-semitech.com\/wp-content\/uploads\/2026\/04\/WP-301D-Double-Side-Wafer-Grinding-Machine-for-6-Inch-Semiconductor-Materials-and-Precision-Lapping-1-600x600.png 600w, https:\/\/www.zmsh-semitech.com\/wp-content\/uploads\/2026\/04\/WP-301D-Double-Side-Wafer-Grinding-Machine-for-6-Inch-Semiconductor-Materials-and-Precision-Lapping-1-100x100.png 100w, https:\/\/www.zmsh-semitech.com\/wp-content\/uploads\/2026\/04\/WP-301D-Double-Side-Wafer-Grinding-Machine-for-6-Inch-Semiconductor-Materials-and-Precision-Lapping-1.png 1000w\" sizes=\"(max-width: 283px) 100vw, 283px\" \/>A WP-301D k\u00e9toldalas ostyacsiszol\u00f3 g\u00e9p egy nagy pontoss\u00e1g\u00fa rendszer, amelyet f\u00e9lvezet\u0151 osty\u00e1k \u00e9s t\u00f6r\u00e9keny anyagok egyidej\u0171 k\u00e9toldalas csiszol\u00e1s\u00e1ra \u00e9s pol\u00edroz\u00e1s\u00e1ra terveztek. A g\u00e9p egy fejlett bolyg\u00f3m\u0171ves fogaskerekes mozg\u00e1srendszert haszn\u00e1lva lehet\u0151v\u00e9 teszi az egyenletes anyagelt\u00e1vol\u00edt\u00e1st az ostya fels\u0151 \u00e9s als\u00f3 fel\u00fclet\u00e9n egyar\u00e1nt, jelent\u0151sen jav\u00edtva a s\u00edkoss\u00e1got \u00e9s a p\u00e1rhuzamoss\u00e1got.<\/p>\n<p data-start=\"685\" data-end=\"996\">A 6 h\u00fcvelykes (150 mm-es) \u00e9s az alatti osty\u00e1khoz tervezett WP-301D sz\u00e9les k\u00f6rben alkalmazhat\u00f3 olyan \u00f6sszetett f\u00e9lvezet\u0151 anyagok feldolgoz\u00e1s\u00e1ra, mint a CdZnTe (CZT), HgCdTe (MCT), GaAs, InP \u00e9s InSb. Ezek az anyagok kritikus fontoss\u00e1g\u00faak olyan alkalmaz\u00e1sokban, mint az infrav\u00f6r\u00f6s \u00e9rz\u00e9kel\u00e9s, az optoelektronika \u00e9s a nagyfrekvenci\u00e1s eszk\u00f6z\u00f6k.<\/p>\n<p data-start=\"998\" data-end=\"1200\">A WP-301D robusztus mechanikai fel\u00e9p\u00edt\u00e9s\u00e9vel, prec\u00edzi\u00f3s vez\u00e9rl\u0151rendszer\u00e9vel \u00e9s optimaliz\u00e1lt ors\u00f3kialak\u00edt\u00e1s\u00e1val nagy hat\u00e9konys\u00e1got, kiv\u00e1l\u00f3 fel\u00fcleti min\u0151s\u00e9get \u00e9s stabil sorozatfeldolgoz\u00e1si teljes\u00edtm\u00e9nyt biztos\u00edt.<\/p>\n<hr data-start=\"1202\" data-end=\"1205\" \/>\n<h2 data-section-id=\"m7ukan\" data-start=\"1207\" data-end=\"1250\">F\u0151bb jellemz\u0151k \u00e9s m\u0171szaki el\u0151ny\u00f6k<\/h2>\n<h3 data-section-id=\"1ggl47b\" data-start=\"1252\" data-end=\"1296\">K\u00e9toldalas egyidej\u0171 feldolgoz\u00e1s<\/h3>\n<p data-start=\"1297\" data-end=\"1372\">A g\u00e9p egyszerre dolgozza fel az ostya mindk\u00e9t oldal\u00e1t, \u00edgy biztos\u00edtva:<\/p>\n<ul data-start=\"1373\" data-end=\"1463\">\n<li data-section-id=\"1i7ktds\" data-start=\"1373\" data-end=\"1406\">Jav\u00edtott vastags\u00e1g egyenletess\u00e9g<\/li>\n<li data-section-id=\"1da8f9g\" data-start=\"1407\" data-end=\"1429\">Jobb p\u00e1rhuzamoss\u00e1g<\/li>\n<li data-section-id=\"12e74mo\" data-start=\"1430\" data-end=\"1463\">Cs\u00f6kkentett teljes feldolgoz\u00e1si id\u0151<\/li>\n<\/ul>\n<h3 data-section-id=\"2t7dsg\" data-start=\"1465\" data-end=\"1501\">Bolyg\u00f3m\u0171ves fogasker\u00e9k mozg\u00e1srendszer<\/h3>\n<p data-start=\"1502\" data-end=\"1689\">Az integr\u00e1lt napker\u00e9k- \u00e9s gy\u0171r\u0171s fogasker\u00e9krendszer szinkronban vagy egym\u00e1st\u00f3l f\u00fcggetlen\u00fcl is m\u0171k\u00f6dhet, lehet\u0151v\u00e9 t\u00e9ve a rugalmas folyamatvez\u00e9rl\u00e9st \u00e9s a k\u00fcl\u00f6nb\u00f6z\u0151 anyagokhoz optimaliz\u00e1lt csiszol\u00e1si utakat.<\/p>\n<h3 data-section-id=\"dbg2ti\" data-start=\"1691\" data-end=\"1728\">Nagy pontoss\u00e1g\u00fa ors\u00f3rendszer<\/h3>\n<p data-start=\"1729\" data-end=\"1901\">A nagy pontoss\u00e1g\u00fa be\u00e1gyazott ors\u00f3val felszerelt WP-301D stabil forg\u00e1st \u00e9s minim\u00e1lis rezg\u00e9st biztos\u00edt, ami elengedhetetlen az egyenletes fel\u00fcleti min\u0151s\u00e9g el\u00e9r\u00e9s\u00e9hez.<\/p>\n<h3 data-section-id=\"bbwmxj\" data-start=\"1903\" data-end=\"1944\">Val\u00f3s idej\u0171 nyom\u00e1sszab\u00e1lyoz\u00f3 rendszer<\/h3>\n<p data-start=\"1945\" data-end=\"2030\">A g\u00e9p fejlett z\u00e1rt hurk\u00fa nyom\u00e1sszab\u00e1lyoz\u00f3 rendszerrel rendelkezik, amely lehet\u0151v\u00e9 teszi:<\/p>\n<ul data-start=\"2031\" data-end=\"2200\">\n<li data-section-id=\"5pkops\" data-start=\"2031\" data-end=\"2077\">Pontos nyom\u00e1sbe\u00e1ll\u00edt\u00e1s (0,1 - 50 kg)<\/li>\n<li data-section-id=\"18clroc\" data-start=\"2078\" data-end=\"2200\">Val\u00f3s idej\u0171 fel\u00fcgyelet \u00e9s automatikus korrekci\u00f3<br data-start=\"2125\" data-end=\"2128\" \/>Ez garant\u00e1lja az egyenletes anyagelt\u00e1vol\u00edt\u00e1st \u00e9s megakad\u00e1lyozza a t\u00falpol\u00edroz\u00e1st.<\/li>\n<\/ul>\n<h3 data-section-id=\"mqy6u6\" data-start=\"2202\" data-end=\"2237\">Lebeg\u0151 fels\u0151 lemez kialak\u00edt\u00e1sa<\/h3>\n<p data-start=\"2238\" data-end=\"2440\">A fels\u0151 lemez lebeg\u0151 csatlakoz\u00f3szerkezetet alkalmaz, amely biztos\u00edtja, hogy a feldolgoz\u00e1s sor\u00e1n p\u00e1rhuzamos marad az als\u00f3 lemezzel. Ez jelent\u0151sen jav\u00edtja a lapka s\u00edkoss\u00e1g\u00e1t \u00e9s cs\u00f6kkenti a vastags\u00e1gv\u00e1ltoz\u00e1st.<\/p>\n<h2 data-section-id=\"8lu2ky\" data-start=\"2447\" data-end=\"2477\">M\u0171szaki specifik\u00e1ci\u00f3k<\/h2>\n<div class=\"TyagGW_tableContainer\">\n<div class=\"group TyagGW_tableWrapper flex flex-col-reverse w-fit\" tabindex=\"-1\">\n<table class=\"w-fit min-w-(--thread-content-width)\" data-start=\"2479\" data-end=\"2829\">\n<thead data-start=\"2479\" data-end=\"2503\">\n<tr data-start=\"2479\" data-end=\"2503\">\n<th class=\"\" data-start=\"2479\" data-end=\"2486\" data-col-size=\"sm\">T\u00e9tel<\/th>\n<th class=\"\" data-start=\"2486\" data-end=\"2503\" data-col-size=\"sm\">Specifik\u00e1ci\u00f3<\/th>\n<\/tr>\n<\/thead>\n<tbody data-start=\"2527\" data-end=\"2829\">\n<tr data-start=\"2527\" data-end=\"2570\">\n<td data-start=\"2527\" data-end=\"2544\" data-col-size=\"sm\">Munkadarab m\u00e9rete<\/td>\n<td data-start=\"2544\" data-end=\"2570\" data-col-size=\"sm\">\u00d8150 mm-ig (6 inch)<\/td>\n<\/tr>\n<tr data-start=\"2571\" data-end=\"2605\">\n<td data-start=\"2571\" data-end=\"2591\" data-col-size=\"sm\">Alacsonyabb lemezsebess\u00e9g<\/td>\n<td data-start=\"2591\" data-end=\"2605\" data-col-size=\"sm\">0 - 30 fordulat\/perc<\/td>\n<\/tr>\n<tr data-start=\"2606\" data-end=\"2658\">\n<td data-start=\"2606\" data-end=\"2624\" data-col-size=\"sm\">Csiszol\u00e1si m\u00f3dszer<\/td>\n<td data-start=\"2624\" data-end=\"2658\" data-col-size=\"sm\">K\u00e9toldali bolyg\u00f3csiszol\u00e1s<\/td>\n<\/tr>\n<tr data-start=\"2659\" data-end=\"2683\">\n<td data-start=\"2659\" data-end=\"2678\" data-col-size=\"sm\">Hordoz\u00f3 Mennyis\u00e9g<\/td>\n<td data-start=\"2678\" data-end=\"2683\" data-col-size=\"sm\">5<\/td>\n<\/tr>\n<tr data-start=\"2684\" data-end=\"2716\">\n<td data-start=\"2684\" data-end=\"2701\" data-col-size=\"sm\">Nyom\u00e1s tartom\u00e1ny<\/td>\n<td data-start=\"2701\" data-end=\"2716\" data-col-size=\"sm\">0,1 - 50 kg<\/td>\n<\/tr>\n<tr data-start=\"2717\" data-end=\"2753\">\n<td data-start=\"2717\" data-end=\"2734\" data-col-size=\"sm\">Lemez anyaga<\/td>\n<td data-start=\"2734\" data-end=\"2753\" data-col-size=\"sm\">\u00dcveg \/ Ker\u00e1mia<\/td>\n<\/tr>\n<tr data-start=\"2754\" data-end=\"2800\">\n<td data-start=\"2754\" data-end=\"2775\" data-col-size=\"sm\">A g\u00e9p m\u00e9retei<\/td>\n<td data-start=\"2775\" data-end=\"2800\" data-col-size=\"sm\">1572 \u00d7 1053 \u00d7 2533 mm<\/td>\n<\/tr>\n<tr data-start=\"2801\" data-end=\"2829\">\n<td data-start=\"2801\" data-end=\"2810\" data-col-size=\"sm\">S\u00faly<\/td>\n<td data-start=\"2810\" data-end=\"2829\" data-col-size=\"sm\">Kb. 2300 kg<\/td>\n<\/tr>\n<\/tbody>\n<\/table>\n<\/div>\n<\/div>\n<hr data-start=\"2831\" data-end=\"2834\" \/>\n<h2 data-section-id=\"13yq5fc\" data-start=\"2836\" data-end=\"2859\">M\u0171k\u00f6d\u00e9si elv<\/h2>\n<p data-start=\"2903\" data-end=\"3050\">A WP-301D egy bolyg\u00f3mozgat\u00f3 mechanizmussal m\u0171k\u00f6dik, ahol az osty\u00e1kat a fels\u0151 \u00e9s als\u00f3 lemezek k\u00f6z\u00f6tt elhelyezett hordoz\u00f3kba helyezik.<\/p>\n<p data-start=\"3052\" data-end=\"3069\">M\u0171k\u00f6d\u00e9s k\u00f6zben:<\/p>\n<ul data-start=\"3071\" data-end=\"3205\">\n<li data-section-id=\"307xpo\" data-start=\"3071\" data-end=\"3115\">Az als\u00f3 lemez folyamatosan forog<\/li>\n<li data-section-id=\"155dzsx\" data-start=\"3116\" data-end=\"3156\">A napker\u00e9k hajtja a hordoz\u00f3kat<\/li>\n<li data-section-id=\"1h7nv9d\" data-start=\"3157\" data-end=\"3205\">A gy\u0171r\u0171s fogasker\u00e9k szab\u00e1lyozza a forg\u00f3mozg\u00e1st<\/li>\n<\/ul>\n<p data-start=\"3207\" data-end=\"3357\">Ez a kombin\u00e1ci\u00f3 \u00f6sszetett relat\u00edv mozg\u00e1st hoz l\u00e9tre az ostya \u00e9s a pol\u00edroz\u00f3 lemezek k\u00f6z\u00f6tt, biztos\u00edtva az egyenletes anyagelt\u00e1vol\u00edt\u00e1st mindk\u00e9t fel\u00fcleten.<\/p>\n<p data-start=\"3359\" data-end=\"3527\">Ezzel egyidej\u0171leg a nyom\u00e1sszab\u00e1lyoz\u00f3 rendszer fenntartja az egyenletes er\u0151t, mik\u00f6zben a lebeg\u0151 fels\u0151 lemez dinamikusan alkalmazkodik a p\u00e1rhuzamos \u00e9rintkez\u00e9s fenntart\u00e1s\u00e1hoz. Ennek eredm\u00e9nye:<\/p>\n<ul data-start=\"3529\" data-end=\"3598\">\n<li data-section-id=\"5m7g9e\" data-start=\"3529\" data-end=\"3546\">Nagy laposs\u00e1g<\/li>\n<li data-section-id=\"1uescvu\" data-start=\"3547\" data-end=\"3568\">Egyenletes vastags\u00e1g<\/li>\n<li data-section-id=\"19qiivl\" data-start=\"3569\" data-end=\"3598\">Minim\u00e1lis felsz\u00edn alatti s\u00e9r\u00fcl\u00e9s<\/li>\n<\/ul>\n<hr data-start=\"3600\" data-end=\"3603\" \/>\n<h2 data-section-id=\"4t5b8m\" data-start=\"3605\" data-end=\"3623\"><img decoding=\"async\" class=\"size-medium wp-image-2176 alignright\" src=\"https:\/\/www.zmsh-semitech.com\/wp-content\/uploads\/2026\/04\/silicon_carbide_wafer_4inch_hpsi_350um_widely_used_for_ar_glasses3-300x300.webp\" alt=\"\" width=\"300\" height=\"300\" srcset=\"https:\/\/www.zmsh-semitech.com\/wp-content\/uploads\/2026\/04\/silicon_carbide_wafer_4inch_hpsi_350um_widely_used_for_ar_glasses3-300x300.webp 300w, https:\/\/www.zmsh-semitech.com\/wp-content\/uploads\/2026\/04\/silicon_carbide_wafer_4inch_hpsi_350um_widely_used_for_ar_glasses3-150x150.webp 150w, https:\/\/www.zmsh-semitech.com\/wp-content\/uploads\/2026\/04\/silicon_carbide_wafer_4inch_hpsi_350um_widely_used_for_ar_glasses3-768x768.webp 768w, https:\/\/www.zmsh-semitech.com\/wp-content\/uploads\/2026\/04\/silicon_carbide_wafer_4inch_hpsi_350um_widely_used_for_ar_glasses3-12x12.webp 12w, https:\/\/www.zmsh-semitech.com\/wp-content\/uploads\/2026\/04\/silicon_carbide_wafer_4inch_hpsi_350um_widely_used_for_ar_glasses3-600x600.webp 600w, https:\/\/www.zmsh-semitech.com\/wp-content\/uploads\/2026\/04\/silicon_carbide_wafer_4inch_hpsi_350um_widely_used_for_ar_glasses3-100x100.webp 100w, https:\/\/www.zmsh-semitech.com\/wp-content\/uploads\/2026\/04\/silicon_carbide_wafer_4inch_hpsi_350um_widely_used_for_ar_glasses3.webp 800w\" sizes=\"(max-width: 300px) 100vw, 300px\" \/>Alkalmaz\u00e1sok<\/h2>\n<p data-start=\"3625\" data-end=\"3684\">A WP-301D dupla oldali csiszol\u00f3g\u00e9pet sz\u00e9les k\u00f6rben haszn\u00e1lj\u00e1k:<\/p>\n<ul data-start=\"3686\" data-end=\"3896\">\n<li data-section-id=\"lsdmsu\" data-start=\"3686\" data-end=\"3729\">\u00d6sszetett f\u00e9lvezet\u0151 osty\u00e1k feldolgoz\u00e1sa<\/li>\n<li data-section-id=\"1re9cdn\" data-start=\"3730\" data-end=\"3763\">Infrav\u00f6r\u00f6s anyagok (CZT, MCT)<\/li>\n<li data-section-id=\"1kwz9qu\" data-start=\"3764\" data-end=\"3801\">III-V anyagok (GaAs, InP, InSb)<\/li>\n<li data-section-id=\"qagg2f\" data-start=\"3802\" data-end=\"3849\">Optikai hordoz\u00f3k \u00e9s prec\u00edzi\u00f3s alkatr\u00e9szek<\/li>\n<li data-section-id=\"ir3gdc\" data-start=\"3850\" data-end=\"3896\">Kutat\u00e1si laborat\u00f3riumok \u00e9s sorozatgy\u00e1rt\u00e1s<\/li>\n<\/ul>\n<p data-start=\"3898\" data-end=\"4021\">K\u00fcl\u00f6n\u00f6sen alkalmas a 6 h\u00fcvelykes \u00e9s az alatti t\u00f6r\u00e9keny anyagokhoz, ahol a pontoss\u00e1g \u00e9s a fel\u00fcleti integrit\u00e1s kritikus.<\/p>\n<hr data-start=\"4023\" data-end=\"4026\" \/>\n<h2 data-section-id=\"1116wfg\" data-start=\"4028\" data-end=\"4049\"><img decoding=\"async\" class=\"size-medium wp-image-2122 alignright\" src=\"https:\/\/www.zmsh-semitech.com\/wp-content\/uploads\/2026\/04\/Wafer-Back-Grinding-Machine-300x300.png\" alt=\"\" width=\"300\" height=\"300\" srcset=\"https:\/\/www.zmsh-semitech.com\/wp-content\/uploads\/2026\/04\/Wafer-Back-Grinding-Machine-300x300.png 300w, https:\/\/www.zmsh-semitech.com\/wp-content\/uploads\/2026\/04\/Wafer-Back-Grinding-Machine-150x150.png 150w, https:\/\/www.zmsh-semitech.com\/wp-content\/uploads\/2026\/04\/Wafer-Back-Grinding-Machine-768x768.png 768w, https:\/\/www.zmsh-semitech.com\/wp-content\/uploads\/2026\/04\/Wafer-Back-Grinding-Machine-12x12.png 12w, https:\/\/www.zmsh-semitech.com\/wp-content\/uploads\/2026\/04\/Wafer-Back-Grinding-Machine-600x600.png 600w, https:\/\/www.zmsh-semitech.com\/wp-content\/uploads\/2026\/04\/Wafer-Back-Grinding-Machine-100x100.png 100w, https:\/\/www.zmsh-semitech.com\/wp-content\/uploads\/2026\/04\/Wafer-Back-Grinding-Machine.png 1000w\" sizes=\"(max-width: 300px) 100vw, 300px\" \/>Alapvet\u0151 el\u0151ny\u00f6k<\/h2>\n<ul data-start=\"4051\" data-end=\"4440\">\n<li data-section-id=\"1ar7oz7\" data-start=\"4051\" data-end=\"4131\">Nagy hat\u00e9konys\u00e1g<br data-start=\"4072\" data-end=\"4075\" \/>A k\u00e9toldalas megmunk\u00e1l\u00e1s cs\u00f6kkenti a teljes megmunk\u00e1l\u00e1si id\u0151t<\/li>\n<li data-section-id=\"1wr2j5g\" data-start=\"4133\" data-end=\"4202\">Nagy pontoss\u00e1g<br data-start=\"4153\" data-end=\"4156\" \/>Kiv\u00e1l\u00f3 s\u00edkoss\u00e1got \u00e9s p\u00e1rhuzamoss\u00e1got biztos\u00edt<\/li>\n<li data-section-id=\"esn72i\" data-start=\"4204\" data-end=\"4283\">Folyamatstabilit\u00e1s<br data-start=\"4227\" data-end=\"4230\" \/>A z\u00e1rt hurk\u00fa nyom\u00e1sszab\u00e1lyoz\u00e1s jav\u00edtja az \u00e1lland\u00f3s\u00e1got<\/li>\n<li data-section-id=\"1crbhdt\" data-start=\"4285\" data-end=\"4356\">Rugalmas m\u0171k\u00f6d\u00e9s<br data-start=\"4309\" data-end=\"4312\" \/>F\u00fcggetlen vagy szinkroniz\u00e1lt sebess\u00e9gv\u00e1lt\u00f3-vez\u00e9rl\u00e9s<\/li>\n<li data-section-id=\"1hbjrp7\" data-start=\"4358\" data-end=\"4440\">T\u00f6r\u00e9keny anyagokhoz optimaliz\u00e1lva<br data-start=\"4395\" data-end=\"4398\" \/>Minimaliz\u00e1lja a fesz\u00fclts\u00e9get \u00e9s megakad\u00e1lyozza a reped\u00e9seket<\/li>\n<\/ul>\n<hr data-start=\"4442\" data-end=\"4445\" \/>\n<h2 data-section-id=\"w1cnyx\" data-start=\"4447\" data-end=\"4456\">GYIK<\/h2>\n<p data-start=\"4458\" data-end=\"4662\">1. k\u00e9rd\u00e9s: Mi a k\u00e9toldalas csiszol\u00e1s f\u0151 el\u0151nye?<br data-start=\"4517\" data-end=\"4520\" \/>V: Lehet\u0151v\u00e9 teszi mindk\u00e9t ostyafel\u00fclet egyidej\u0171 megmunk\u00e1l\u00e1s\u00e1t, jav\u00edtva a s\u00edkoss\u00e1got, a p\u00e1rhuzamoss\u00e1got \u00e9s a hat\u00e9konys\u00e1got az egyoldali k\u00f6sz\u00f6r\u00fcl\u00e9shez k\u00e9pest.<\/p>\n<p data-start=\"4664\" data-end=\"4820\">2. k\u00e9rd\u00e9s: Milyen anyagok dolgozhat\u00f3k fel?<br data-start=\"4704\" data-end=\"4707\" \/>V: A g\u00e9p alkalmas CZT, MCT, GaAs, InP, InSb \u00e9s m\u00e1s puha \u00e9s t\u00f6r\u00e9keny f\u00e9lvezet\u0151 anyagokhoz.<\/p>\n<p data-start=\"4822\" data-end=\"4924\">3. k\u00e9rd\u00e9s: Milyen ostyam\u00e9retet t\u00e1mogat a WP-301D?<br data-start=\"4871\" data-end=\"4874\" \/>V: 150 mm (6 h\u00fcvelyk) m\u00e9ret\u0171 osty\u00e1kat t\u00e1mogat.<\/p>","protected":false},"excerpt":{"rendered":"<p>A WP-301D k\u00e9toldalas ostyacsiszol\u00f3 g\u00e9p egy nagy pontoss\u00e1g\u00fa rendszer, amelyet f\u00e9lvezet\u0151 osty\u00e1k \u00e9s t\u00f6r\u00e9keny anyagok egyidej\u0171 k\u00e9toldalas csiszol\u00e1s\u00e1ra \u00e9s pol\u00edroz\u00e1s\u00e1ra terveztek. A g\u00e9p egy fejlett bolyg\u00f3m\u0171ves fogaskerekes mozg\u00e1srendszert haszn\u00e1lva lehet\u0151v\u00e9 teszi az egyenletes anyagelt\u00e1vol\u00edt\u00e1st az ostya fels\u0151 \u00e9s als\u00f3 fel\u00fclet\u00e9n egyar\u00e1nt, jelent\u0151sen jav\u00edtva a s\u00edkoss\u00e1got \u00e9s a p\u00e1rhuzamoss\u00e1got.<\/p>","protected":false},"featured_media":2229,"comment_status":"open","ping_status":"closed","template":"","meta":{"site-sidebar-layout":"default","site-content-layout":"","ast-site-content-layout":"default","site-content-style":"default","site-sidebar-style":"default","ast-global-header-display":"","ast-banner-title-visibility":"","ast-main-header-display":"","ast-hfb-above-header-display":"","ast-hfb-below-header-display":"","ast-hfb-mobile-header-display":"","site-post-title":"","ast-breadcrumbs-content":"","ast-featured-img":"","footer-sml-layout":"","ast-disable-related-posts":"","theme-transparent-header-meta":"default","adv-header-id-meta":"","stick-header-meta":"default","header-above-stick-meta":"","header-main-stick-meta":"","header-below-stick-meta":"","astra-migrate-meta-layouts":"set","ast-page-background-enabled":"default","ast-page-background-meta":{"desktop":{"background-color":"var(--ast-global-color-4)","background-image":"","background-repeat":"repeat","background-position":"center center","background-size":"auto","background-attachment":"scroll","background-type":"","background-media":"","overlay-type":"","overlay-color":"","overlay-opacity":"","overlay-gradient":""},"tablet":{"background-color":"","background-image":"","background-repeat":"repeat","background-position":"center center","background-size":"auto","background-attachment":"scroll","background-type":"","background-media":"","overlay-type":"","overlay-color":"","overlay-opacity":"","overlay-gradient":""},"mobile":{"background-color":"","background-image":"","background-repeat":"repeat","background-position":"center center","background-size":"auto","background-attachment":"scroll","background-type":"","background-media":"","overlay-type":"","overlay-color":"","overlay-opacity":"","overlay-gradient":""}},"ast-content-background-meta":{"desktop":{"background-color":"var(--ast-global-color-5)","background-image":"","background-repeat":"repeat","background-position":"center center","background-size":"auto","background-attachment":"scroll","background-type":"","background-media":"","overlay-type":"","overlay-color":"","overlay-opacity":"","overlay-gradient":""},"tablet":{"background-color":"var(--ast-global-color-5)","background-image":"","background-repeat":"repeat","background-position":"center center","background-size":"auto","background-attachment":"scroll","background-type":"","background-media":"","overlay-type":"","overlay-color":"","overlay-opacity":"","overlay-gradient":""},"mobile":{"background-color":"var(--ast-global-color-5)","background-image":"","background-repeat":"repeat","background-position":"center center","background-size":"auto","background-attachment":"scroll","background-type":"","background-media":"","overlay-type":"","overlay-color":"","overlay-opacity":"","overlay-gradient":""}}},"product_brand":[],"product_cat":[724],"product_tag":[1005,1017,1015,1012,1018,1016,1019,1014,1020,1013],"class_list":{"0":"post-2226","1":"product","2":"type-product","3":"status-publish","4":"has-post-thumbnail","6":"product_cat-grinding-machine","7":"product_tag-6-inch-wafer-grinding","8":"product_tag-czt-grinding-machine","9":"product_tag-double-side-polishing-machine","10":"product_tag-double-side-wafer-grinding-machine","11":"product_tag-gaas-wafer-polishing","12":"product_tag-planetary-lapping-system","13":"product_tag-precision-wafer-lapping","14":"product_tag-semiconductor-grinding-equipment","15":"product_tag-semiconductor-surface-grinding","16":"product_tag-wafer-lapping-machine","17":"desktop-align-left","18":"tablet-align-left","19":"mobile-align-left","20":"ast-product-gallery-layout-horizontal-slider","21":"ast-product-tabs-layout-horizontal","23":"first","24":"instock","25":"shipping-taxable","26":"product-type-simple"},"_links":{"self":[{"href":"https:\/\/www.zmsh-semitech.com\/hu\/wp-json\/wp\/v2\/product\/2226","targetHints":{"allow":["GET"]}}],"collection":[{"href":"https:\/\/www.zmsh-semitech.com\/hu\/wp-json\/wp\/v2\/product"}],"about":[{"href":"https:\/\/www.zmsh-semitech.com\/hu\/wp-json\/wp\/v2\/types\/product"}],"replies":[{"embeddable":true,"href":"https:\/\/www.zmsh-semitech.com\/hu\/wp-json\/wp\/v2\/comments?post=2226"}],"version-history":[{"count":5,"href":"https:\/\/www.zmsh-semitech.com\/hu\/wp-json\/wp\/v2\/product\/2226\/revisions"}],"predecessor-version":[{"id":2233,"href":"https:\/\/www.zmsh-semitech.com\/hu\/wp-json\/wp\/v2\/product\/2226\/revisions\/2233"}],"wp:featuredmedia":[{"embeddable":true,"href":"https:\/\/www.zmsh-semitech.com\/hu\/wp-json\/wp\/v2\/media\/2229"}],"wp:attachment":[{"href":"https:\/\/www.zmsh-semitech.com\/hu\/wp-json\/wp\/v2\/media?parent=2226"}],"wp:term":[{"taxonomy":"product_brand","embeddable":true,"href":"https:\/\/www.zmsh-semitech.com\/hu\/wp-json\/wp\/v2\/product_brand?post=2226"},{"taxonomy":"product_cat","embeddable":true,"href":"https:\/\/www.zmsh-semitech.com\/hu\/wp-json\/wp\/v2\/product_cat?post=2226"},{"taxonomy":"product_tag","embeddable":true,"href":"https:\/\/www.zmsh-semitech.com\/hu\/wp-json\/wp\/v2\/product_tag?post=2226"}],"curies":[{"name":"wp","href":"https:\/\/api.w.org\/{rel}","templated":true}]}}