{"id":2215,"date":"2026-04-15T02:54:20","date_gmt":"2026-04-15T02:54:20","guid":{"rendered":"https:\/\/www.zmsh-semitech.com\/?post_type=product&#038;p=2215"},"modified":"2026-04-15T02:57:45","modified_gmt":"2026-04-15T02:57:45","slug":"wdp-1240-series-dry-polishing-machine","status":"publish","type":"product","link":"https:\/\/www.zmsh-semitech.com\/hu\/product\/wdp-1240-series-dry-polishing-machine\/","title":{"rendered":"WDP-1240 sorozat\u00fa sz\u00e1raz pol\u00edroz\u00f3g\u00e9p 300 mm-es osty\u00e1k fesz\u00fclts\u00e9gmentes\u00edt\u00e9s\u00e9hez \u00e9s h\u00e1toldal\u00e1nak feldolgoz\u00e1s\u00e1hoz"},"content":{"rendered":"<p data-start=\"281\" data-end=\"650\"><img fetchpriority=\"high\" decoding=\"async\" class=\"alignright wp-image-2217\" src=\"https:\/\/www.zmsh-semitech.com\/wp-content\/uploads\/2026\/04\/WDP-1240-Series-Dry-Polishing-Machine-for-300mm-Wafer-Stress-Relief-and-Backside-Processing-300x300.png\" alt=\"WDP-1240 sorozat\u00fa sz\u00e1raz pol\u00edroz\u00f3g\u00e9p 300 mm-es osty\u00e1k fesz\u00fclts\u00e9gmentes\u00edt\u00e9s\u00e9hez \u00e9s h\u00e1toldal\u00e1nak feldolgoz\u00e1s\u00e1hoz\" width=\"290\" height=\"290\" srcset=\"https:\/\/www.zmsh-semitech.com\/wp-content\/uploads\/2026\/04\/WDP-1240-Series-Dry-Polishing-Machine-for-300mm-Wafer-Stress-Relief-and-Backside-Processing-300x300.png 300w, https:\/\/www.zmsh-semitech.com\/wp-content\/uploads\/2026\/04\/WDP-1240-Series-Dry-Polishing-Machine-for-300mm-Wafer-Stress-Relief-and-Backside-Processing-150x150.png 150w, https:\/\/www.zmsh-semitech.com\/wp-content\/uploads\/2026\/04\/WDP-1240-Series-Dry-Polishing-Machine-for-300mm-Wafer-Stress-Relief-and-Backside-Processing-768x768.png 768w, https:\/\/www.zmsh-semitech.com\/wp-content\/uploads\/2026\/04\/WDP-1240-Series-Dry-Polishing-Machine-for-300mm-Wafer-Stress-Relief-and-Backside-Processing-12x12.png 12w, https:\/\/www.zmsh-semitech.com\/wp-content\/uploads\/2026\/04\/WDP-1240-Series-Dry-Polishing-Machine-for-300mm-Wafer-Stress-Relief-and-Backside-Processing-600x600.png 600w, https:\/\/www.zmsh-semitech.com\/wp-content\/uploads\/2026\/04\/WDP-1240-Series-Dry-Polishing-Machine-for-300mm-Wafer-Stress-Relief-and-Backside-Processing-100x100.png 100w, https:\/\/www.zmsh-semitech.com\/wp-content\/uploads\/2026\/04\/WDP-1240-Series-Dry-Polishing-Machine-for-300mm-Wafer-Stress-Relief-and-Backside-Processing.png 1000w\" sizes=\"(max-width: 290px) 100vw, 290px\" \/>A WDP-1240 sorozat\u00fa sz\u00e1raz pol\u00edroz\u00f3g\u00e9p egy fejlett prec\u00edzi\u00f3s rendszer, amelyet a f\u00e9lvezet\u0151gy\u00e1rt\u00e1s sor\u00e1n a wafer h\u00e1toldal\u00e1n l\u00e9v\u0151 fesz\u00fclts\u00e9gmentes\u00edt\u00e9sre \u00e9s a s\u00e9r\u00fclt r\u00e9tegek elt\u00e1vol\u00edt\u00e1s\u00e1ra fejlesztettek ki. A kifejezetten 300 mm-es osty\u00e1k feldolgoz\u00e1s\u00e1ra tervezett berendez\u00e9s sz\u00e1raz pol\u00edroz\u00e1si elj\u00e1r\u00e1st alkalmaz a kiv\u00e1l\u00f3 min\u0151s\u00e9g\u0171 fel\u00fcletkik\u00e9sz\u00edt\u00e9s el\u00e9r\u00e9s\u00e9hez, mik\u00f6zben minimaliz\u00e1lja a k\u00f6rnyezetterhel\u00e9st.<\/p>\n<p data-start=\"652\" data-end=\"959\">Ez a rendszer k\u00fcl\u00f6n\u00f6sen alkalmas a fejlett csomagol\u00e1si alkalmaz\u00e1sokhoz, ahol az ostyav\u00e9kony\u00edt\u00e1s \u00e9s a fesz\u00fclts\u00e9gszab\u00e1lyoz\u00e1s kritikus fontoss\u00e1g\u00fa. A WDP-1240 a csiszol\u00e1si folyamatok sor\u00e1n keletkezett felsz\u00edn alatti s\u00e9r\u00fcl\u00e9sr\u00e9tegek hat\u00e9kony elt\u00e1vol\u00edt\u00e1s\u00e1val seg\u00edt jav\u00edtani az osty\u00e1k integrit\u00e1s\u00e1t, cs\u00f6kkenteni a vetemed\u00e9st \u00e9s n\u00f6velni a mechanikai szil\u00e1rds\u00e1got.<\/p>\n<p data-start=\"961\" data-end=\"1182\">A hagyom\u00e1nyos nedves pol\u00edroz\u00f3 rendszerekhez k\u00e9pest a sz\u00e1raz elj\u00e1r\u00e1s kik\u00fcsz\u00f6b\u00f6li az iszapb\u00f3l sz\u00e1rmaz\u00f3 szennyez\u0151d\u00e9st \u00e9s cs\u00f6kkenti a hullad\u00e9kkezel\u00e9si k\u00f6vetelm\u00e9nyeket, \u00edgy k\u00f6rnyezetbar\u00e1tabb \u00e9s k\u00f6lts\u00e9ghat\u00e9konyabb megold\u00e1st jelent.<\/p>\n<hr data-start=\"1184\" data-end=\"1187\" \/>\n<h2 data-section-id=\"m7ukan\" data-start=\"1189\" data-end=\"1232\">F\u0151bb jellemz\u0151k \u00e9s m\u0171szaki el\u0151ny\u00f6k<\/h2>\n<h3 data-section-id=\"capa5r\" data-start=\"1234\" data-end=\"1295\">Sz\u00e1raz pol\u00edroz\u00e1si technol\u00f3gia az alacsony k\u00f6rnyezeti hat\u00e1s\u00e9rt<\/h3>\n<p data-start=\"1296\" data-end=\"1491\">A WDP-1240 teljesen sz\u00e1raz pol\u00edroz\u00e1si elj\u00e1r\u00e1st alkalmaz, \u00edgy nincs sz\u00fcks\u00e9g vegyi iszapra. Ez jelent\u0151sen cs\u00f6kkenti a k\u00f6rnyezetterhel\u00e9st, egyszer\u0171s\u00edti a karbantart\u00e1st \u00e9s cs\u00f6kkenti az \u00fczemeltet\u00e9si k\u00f6lts\u00e9geket.<\/p>\n<h3 data-section-id=\"1awlizo\" data-start=\"1493\" data-end=\"1543\">Hat\u00e9kony stresszold\u00e1s \u00e9s k\u00e1rmentes\u00edt\u00e9s<\/h3>\n<p data-start=\"1544\" data-end=\"1722\">A rendszert \u00fagy tervezt\u00e9k, hogy az ostya csiszol\u00e1sa ut\u00e1n elt\u00e1vol\u00edtsa a h\u00e1toldali s\u00e9r\u00fclt r\u00e9teget, \u00e9s hat\u00e9konyan oldja a bels\u0151 fesz\u00fclts\u00e9get, biztos\u00edtva az ostya jobb s\u00edkoss\u00e1g\u00e1t \u00e9s szerkezeti stabilit\u00e1s\u00e1t.<\/p>\n<h3 data-section-id=\"90fwyd\" data-start=\"1724\" data-end=\"1762\">Fokozott hozam a v\u00e9kony osty\u00e1k eset\u00e9ben<\/h3>\n<p data-start=\"1763\" data-end=\"1827\">A fesz\u00fclts\u00e9gkoncentr\u00e1ci\u00f3 minimaliz\u00e1l\u00e1s\u00e1val a g\u00e9p seg\u00edt megel\u0151zni:<\/p>\n<ul data-start=\"1828\" data-end=\"1876\">\n<li data-section-id=\"pus2hj\" data-start=\"1828\" data-end=\"1846\">Wafer reped\u00e9s<\/li>\n<li data-section-id=\"wcbb49\" data-start=\"1847\" data-end=\"1864\">Sz\u00e9lek forg\u00e1csol\u00f3d\u00e1sa<\/li>\n<li data-section-id=\"bpnlvj\" data-start=\"1865\" data-end=\"1876\">Torzul\u00e1s<\/li>\n<\/ul>\n<p data-start=\"1878\" data-end=\"1965\">Ez nagyobb hozamot eredm\u00e9nyez, k\u00fcl\u00f6n\u00f6sen a nagym\u00e9ret\u0171 \u00e9s ultrav\u00e9kony osty\u00e1k eset\u00e9ben.<\/p>\n<h3 data-section-id=\"98a0im\" data-start=\"1967\" data-end=\"2017\">Z\u00f6kken\u0151mentes integr\u00e1ci\u00f3 a ritk\u00edt\u00f3 rendszerekkel<\/h3>\n<p data-start=\"2018\" data-end=\"2217\">A WDP-1240 integr\u00e1lhat\u00f3 olyan el\u0151\u00e1ll\u00edt\u00f3 berendez\u00e9sekkel, mint p\u00e9ld\u00e1ul a WG1251 automatikus ostyadar\u00e1l\u00f3, \u00edgy teljesen automatiz\u00e1lt gy\u00e1rt\u00f3sorokat tesz lehet\u0151v\u00e9, biztons\u00e1gos \u00e9s stabil ostyatranszferrel a folyamatok k\u00f6z\u00f6tt.<\/p>\n<h3 data-section-id=\"1pvq7tz\" data-start=\"2219\" data-end=\"2265\">Stabil \u00e9s robusztus mechanikai szerkezet<\/h3>\n<p data-start=\"2266\" data-end=\"2435\">A berendez\u00e9s egyetlen ors\u00f3, egyetlen tokm\u00e1ny \u00e9s k\u00f6sz\u00f6r\u0171egys\u00e9g konfigur\u00e1ci\u00f3val rendelkezik, ami biztos\u00edtja a k\u00f6vetkezetes pol\u00edroz\u00e1si teljes\u00edtm\u00e9nyt \u00e9s a hossz\u00fa t\u00e1v\u00fa m\u0171k\u00f6d\u00e9si stabilit\u00e1st.<\/p>\n<hr data-start=\"2437\" data-end=\"2440\" \/>\n<h2 data-section-id=\"8lu2ky\" data-start=\"2442\" data-end=\"2472\">\u00a0M\u0171szaki specifik\u00e1ci\u00f3k<\/h2>\n<div class=\"TyagGW_tableContainer\">\n<div class=\"group TyagGW_tableWrapper flex flex-col-reverse w-fit\" tabindex=\"-1\">\n<table class=\"w-fit min-w-(--thread-content-width)\" data-start=\"2474\" data-end=\"2738\">\n<thead data-start=\"2474\" data-end=\"2498\">\n<tr data-start=\"2474\" data-end=\"2498\">\n<th class=\"\" data-start=\"2474\" data-end=\"2481\" data-col-size=\"sm\">T\u00e9tel<\/th>\n<th class=\"\" data-start=\"2481\" data-end=\"2498\" data-col-size=\"md\">Specifik\u00e1ci\u00f3<\/th>\n<\/tr>\n<\/thead>\n<tbody data-start=\"2522\" data-end=\"2738\">\n<tr data-start=\"2522\" data-end=\"2583\">\n<td data-start=\"2522\" data-end=\"2534\" data-col-size=\"sm\">Szerkezet<\/td>\n<td data-start=\"2534\" data-end=\"2583\" data-col-size=\"md\">ors\u00f3 \u00d71 \/ tokm\u00e1nyasztal \u00d71 \/ rendez\u0151egys\u00e9g \u00d71<\/td>\n<\/tr>\n<tr data-start=\"2584\" data-end=\"2618\">\n<td data-start=\"2584\" data-end=\"2600\" data-col-size=\"sm\">Ors\u00f3 teljes\u00edtm\u00e9ny<\/td>\n<td data-start=\"2600\" data-end=\"2618\" data-col-size=\"md\">7,5 kW \/ 11 kW<\/td>\n<\/tr>\n<tr data-start=\"2619\" data-end=\"2658\">\n<td data-start=\"2619\" data-end=\"2632\" data-col-size=\"sm\">Wafer m\u00e9ret<\/td>\n<td data-start=\"2632\" data-end=\"2658\" data-col-size=\"md\">Ak\u00e1r 12 h\u00fcvelyk (300 mm)<\/td>\n<\/tr>\n<tr data-start=\"2659\" data-end=\"2691\">\n<td data-start=\"2659\" data-end=\"2674\" data-col-size=\"sm\">Folyamat t\u00edpusa<\/td>\n<td data-start=\"2674\" data-end=\"2691\" data-col-size=\"md\">Sz\u00e1raz pol\u00edroz\u00e1s<\/td>\n<\/tr>\n<tr data-start=\"2692\" data-end=\"2738\">\n<td data-start=\"2692\" data-end=\"2713\" data-col-size=\"sm\">A g\u00e9p m\u00e9retei<\/td>\n<td data-start=\"2713\" data-end=\"2738\" data-col-size=\"md\">1450 \u00d7 3380 \u00d7 1900 mm<\/td>\n<\/tr>\n<\/tbody>\n<\/table>\n<\/div>\n<\/div>\n<hr data-start=\"2740\" data-end=\"2743\" \/>\n<h2 data-section-id=\"13yq5fc\" data-start=\"2745\" data-end=\"2768\">M\u0171k\u00f6d\u00e9si elv<\/h2>\n<p data-start=\"2812\" data-end=\"2954\">A WDP-1240 \u00fagy m\u0171k\u00f6dik, hogy egy nagysebess\u00e9g\u0171 ors\u00f3 \u00e9s prec\u00edzi\u00f3s tokm\u00e1nyrendszer seg\u00edts\u00e9g\u00e9vel ellen\u0151rz\u00f6tt mechanikai pol\u00edroz\u00e1st alkalmaz a szelet h\u00e1toldal\u00e1n.<\/p>\n<p data-start=\"2956\" data-end=\"3193\">Az ostyav\u00e9kony\u00edt\u00e1s ut\u00e1n gyakran marad egy s\u00e9r\u00fclt r\u00e9teg a felsz\u00edn alatt, ami bels\u0151 fesz\u00fclts\u00e9get okoz. A sz\u00e1raz pol\u00edroz\u00e1si elj\u00e1r\u00e1s elt\u00e1vol\u00edtja ezt a r\u00e9teget, mik\u00f6zben szigor\u00faan ellen\u0151rzi a nyom\u00e1st \u00e9s az anyagelt\u00e1vol\u00edt\u00e1si sebess\u00e9get. Ennek eredm\u00e9nye:<\/p>\n<ul data-start=\"3195\" data-end=\"3278\">\n<li data-section-id=\"1r1ex1w\" data-start=\"3195\" data-end=\"3222\">Egys\u00e9ges fel\u00fcleti min\u0151s\u00e9g<\/li>\n<li data-section-id=\"bhqqr1\" data-start=\"3223\" data-end=\"3250\">Cs\u00f6kkentett marad\u00f3 fesz\u00fclts\u00e9g<\/li>\n<li data-section-id=\"1iz8bdx\" data-start=\"3251\" data-end=\"3278\">Jav\u00edtott ostyas\u00edkoss\u00e1g<\/li>\n<\/ul>\n<p data-start=\"3280\" data-end=\"3392\">A be\u00e9p\u00edtett pol\u00edroz\u00f3egys\u00e9g biztos\u00edtja, hogy a pol\u00edroz\u00f3szersz\u00e1mok a folyamat sor\u00e1n v\u00e9gig egyenletes teljes\u00edtm\u00e9nyt ny\u00fajtsanak.<\/p>\n<hr data-start=\"3394\" data-end=\"3397\" \/>\n<h2 data-section-id=\"1mpxdoq\" data-start=\"3399\" data-end=\"3422\"><img decoding=\"async\" class=\"size-medium wp-image-2171 alignright\" src=\"https:\/\/www.zmsh-semitech.com\/wp-content\/uploads\/2026\/04\/4inch_silicon_carbide_wafers-300x300.webp\" alt=\"\" width=\"300\" height=\"300\" srcset=\"https:\/\/www.zmsh-semitech.com\/wp-content\/uploads\/2026\/04\/4inch_silicon_carbide_wafers-300x300.webp 300w, https:\/\/www.zmsh-semitech.com\/wp-content\/uploads\/2026\/04\/4inch_silicon_carbide_wafers-150x150.webp 150w, https:\/\/www.zmsh-semitech.com\/wp-content\/uploads\/2026\/04\/4inch_silicon_carbide_wafers-768x768.webp 768w, https:\/\/www.zmsh-semitech.com\/wp-content\/uploads\/2026\/04\/4inch_silicon_carbide_wafers-12x12.webp 12w, https:\/\/www.zmsh-semitech.com\/wp-content\/uploads\/2026\/04\/4inch_silicon_carbide_wafers-600x600.webp 600w, https:\/\/www.zmsh-semitech.com\/wp-content\/uploads\/2026\/04\/4inch_silicon_carbide_wafers-100x100.webp 100w, https:\/\/www.zmsh-semitech.com\/wp-content\/uploads\/2026\/04\/4inch_silicon_carbide_wafers.webp 800w\" sizes=\"(max-width: 300px) 100vw, 300px\" \/>Alkalmaz\u00e1si tartom\u00e1ny<\/h2>\n<p data-start=\"3424\" data-end=\"3462\">A WDP-1240 sorozatot sz\u00e9les k\u00f6rben haszn\u00e1lj\u00e1k:<\/p>\n<ul data-start=\"3464\" data-end=\"3675\">\n<li data-section-id=\"thioxr\" data-start=\"3464\" data-end=\"3507\">F\u00e9lvezet\u0151 ostya h\u00e1toldal\u00e1nak feldolgoz\u00e1sa<\/li>\n<li data-section-id=\"1b52adm\" data-start=\"3508\" data-end=\"3557\">Fejlett csomagol\u00e1s (WLCSP, fan-out csomagol\u00e1s)<\/li>\n<li data-section-id=\"1lhtczs\" data-start=\"3558\" data-end=\"3590\">Szil\u00edcium (Si) osty\u00e1k pol\u00edroz\u00e1sa<\/li>\n<li data-section-id=\"zqmbwb\" data-start=\"3591\" data-end=\"3633\">Szil\u00edcium-karbid (SiC) ostya feldolgoz\u00e1sa<\/li>\n<li data-section-id=\"1xtbjfg\" data-start=\"3634\" data-end=\"3675\">V\u00e9kony ostya fesz\u00fclts\u00e9gcs\u00f6kkent\u0151 alkalmaz\u00e1sok<\/li>\n<\/ul>\n<p data-start=\"3677\" data-end=\"3828\">T\u00e1mogatja a 12 h\u00fcvelykes \u00e9s ann\u00e1l kisebb m\u00e9ret\u0171 osty\u00e1kat, \u00edgy alkalmas mind a hagyom\u00e1nyos f\u00e9lvezet\u0151gy\u00e1rt\u00e1shoz, mind a felt\u00f6rekv\u0151 fejlett csomagol\u00e1si technol\u00f3gi\u00e1khoz.<\/p>\n<hr data-start=\"3830\" data-end=\"3833\" \/>\n<h2 data-section-id=\"1116wfg\" data-start=\"3835\" data-end=\"3856\"><img decoding=\"async\" class=\"size-medium wp-image-2122 alignright\" src=\"https:\/\/www.zmsh-semitech.com\/wp-content\/uploads\/2026\/04\/Wafer-Back-Grinding-Machine-300x300.png\" alt=\"\" width=\"300\" height=\"300\" srcset=\"https:\/\/www.zmsh-semitech.com\/wp-content\/uploads\/2026\/04\/Wafer-Back-Grinding-Machine-300x300.png 300w, https:\/\/www.zmsh-semitech.com\/wp-content\/uploads\/2026\/04\/Wafer-Back-Grinding-Machine-150x150.png 150w, https:\/\/www.zmsh-semitech.com\/wp-content\/uploads\/2026\/04\/Wafer-Back-Grinding-Machine-768x768.png 768w, https:\/\/www.zmsh-semitech.com\/wp-content\/uploads\/2026\/04\/Wafer-Back-Grinding-Machine-12x12.png 12w, https:\/\/www.zmsh-semitech.com\/wp-content\/uploads\/2026\/04\/Wafer-Back-Grinding-Machine-600x600.png 600w, https:\/\/www.zmsh-semitech.com\/wp-content\/uploads\/2026\/04\/Wafer-Back-Grinding-Machine-100x100.png 100w, https:\/\/www.zmsh-semitech.com\/wp-content\/uploads\/2026\/04\/Wafer-Back-Grinding-Machine.png 1000w\" sizes=\"(max-width: 300px) 100vw, 300px\" \/>Alapvet\u0151 el\u0151ny\u00f6k<\/h2>\n<ul data-start=\"3858\" data-end=\"4293\">\n<li data-section-id=\"6czk3i\" data-start=\"3858\" data-end=\"3942\">Alacsony k\u00f6rnyezeti hat\u00e1s<br data-start=\"3888\" data-end=\"3891\" \/>A sz\u00e1raz elj\u00e1r\u00e1s kik\u00fcsz\u00f6b\u00f6li az iszapot \u00e9s cs\u00f6kkenti a hullad\u00e9kot<\/li>\n<li data-section-id=\"7ceake\" data-start=\"3944\" data-end=\"4024\">Nagy hozamjavul\u00e1s<br data-start=\"3972\" data-end=\"3975\" \/>Minimaliz\u00e1lja a reped\u00e9st \u00e9s a torzul\u00e1st a v\u00e9kony osty\u00e1kn\u00e1l<\/li>\n<li data-section-id=\"aztc7d\" data-start=\"4026\" data-end=\"4104\">Nagyfok\u00fa folyamatstabilit\u00e1s<br data-start=\"4054\" data-end=\"4057\" \/>A robusztus strukt\u00fara k\u00f6vetkezetes eredm\u00e9nyeket biztos\u00edt<\/li>\n<li data-section-id=\"1viz6br\" data-start=\"4106\" data-end=\"4194\">Gy\u00e1rt\u00f3sor integr\u00e1ci\u00f3<br data-start=\"4139\" data-end=\"4142\" \/>Kompatibilis az automatiz\u00e1lt ostyav\u00e9kony\u00edt\u00f3 rendszerekkel<\/li>\n<li data-section-id=\"vz1nvb\" data-start=\"4196\" data-end=\"4293\">Fejlett csomagol\u00e1sra optimaliz\u00e1lva<br data-start=\"4234\" data-end=\"4237\" \/>A k\u00f6vetkez\u0151 gener\u00e1ci\u00f3s f\u00e9lvezet\u0151 elj\u00e1r\u00e1sokhoz tervezt\u00e9k<\/li>\n<\/ul>\n<hr data-start=\"4295\" data-end=\"4298\" \/>\n<h2 data-section-id=\"w1cnyx\" data-start=\"4300\" data-end=\"4309\">GYIK<\/h2>\n<p data-start=\"4311\" data-end=\"4563\">1. k\u00e9rd\u00e9s: Mi a sz\u00e1raz pol\u00edroz\u00e1s f\u0151 el\u0151nye a nedves pol\u00edroz\u00e1shoz k\u00e9pest?<br data-start=\"4389\" data-end=\"4392\" \/>V: A sz\u00e1raz pol\u00edroz\u00e1s kik\u00fcsz\u00f6b\u00f6li a h\u00edgtr\u00e1gya haszn\u00e1lat\u00e1t, ez\u00e1ltal cs\u00f6kkenti a k\u00f6rnyezetterhel\u00e9st, egyszer\u0171s\u00edti a karbantart\u00e1st \u00e9s cs\u00f6kkenti az \u00fczemeltet\u00e9si k\u00f6lts\u00e9geket, mik\u00f6zben fenntartja a magas fel\u00fcleti min\u0151s\u00e9get.<\/p>\n<p data-start=\"4565\" data-end=\"4700\">2. k\u00e9rd\u00e9s: Milyen ostyam\u00e9retek t\u00e1mogatottak?<br data-start=\"4604\" data-end=\"4607\" \/>V: A WDP-1240 ak\u00e1r 12 h\u00fcvelyk (300 mm) m\u00e9ret\u0171 osty\u00e1kat is t\u00e1mogat, bele\u00e9rtve a Si \u00e9s SiC anyagokat is.<\/p>\n<p data-start=\"4702\" data-end=\"4916\">3. k\u00e9rd\u00e9s: Be\u00e9p\u00edthet\u0151-e ez a g\u00e9p egy gy\u00e1rt\u00f3sorba?<br data-start=\"4764\" data-end=\"4767\" \/>V: Igen. Z\u00f6kken\u0151mentesen \u00f6sszekapcsolhat\u00f3 az olyan ostyav\u00e9kony\u00edt\u00f3 berendez\u00e9sekkel, mint a WG1251, lehet\u0151v\u00e9 t\u00e9ve az automatiz\u00e1lt ostyatranszfert \u00e9s a folyamatos feldolgoz\u00e1st.<\/p>","protected":false},"excerpt":{"rendered":"<p>A WDP-1240 sorozat\u00fa sz\u00e1raz pol\u00edroz\u00f3g\u00e9p egy fejlett prec\u00edzi\u00f3s rendszer, amelyet a f\u00e9lvezet\u0151gy\u00e1rt\u00e1s sor\u00e1n a wafer h\u00e1toldal\u00e1n l\u00e9v\u0151 fesz\u00fclts\u00e9gmentes\u00edt\u00e9sre \u00e9s a s\u00e9r\u00fclt r\u00e9tegek elt\u00e1vol\u00edt\u00e1s\u00e1ra fejlesztettek ki. A kifejezetten 300 mm-es osty\u00e1k feldolgoz\u00e1s\u00e1ra tervezett berendez\u00e9s sz\u00e1raz pol\u00edroz\u00e1si elj\u00e1r\u00e1st alkalmaz a kiv\u00e1l\u00f3 min\u0151s\u00e9g\u0171 fel\u00fcletkik\u00e9sz\u00edt\u00e9s el\u00e9r\u00e9s\u00e9hez, mik\u00f6zben minimaliz\u00e1lja a k\u00f6rnyezetterhel\u00e9st.<\/p>","protected":false},"featured_media":2217,"comment_status":"open","ping_status":"closed","template":"","meta":{"site-sidebar-layout":"default","site-content-layout":"","ast-site-content-layout":"default","site-content-style":"default","site-sidebar-style":"default","ast-global-header-display":"","ast-banner-title-visibility":"","ast-main-header-display":"","ast-hfb-above-header-display":"","ast-hfb-below-header-display":"","ast-hfb-mobile-header-display":"","site-post-title":"","ast-breadcrumbs-content":"","ast-featured-img":"","footer-sml-layout":"","ast-disable-related-posts":"","theme-transparent-header-meta":"default","adv-header-id-meta":"","stick-header-meta":"default","header-above-stick-meta":"","header-main-stick-meta":"","header-below-stick-meta":"","astra-migrate-meta-layouts":"set","ast-page-background-enabled":"default","ast-page-background-meta":{"desktop":{"background-color":"var(--ast-global-color-4)","background-image":"","background-repeat":"repeat","background-position":"center center","background-size":"auto","background-attachment":"scroll","background-type":"","background-media":"","overlay-type":"","overlay-color":"","overlay-opacity":"","overlay-gradient":""},"tablet":{"background-color":"","background-image":"","background-repeat":"repeat","background-position":"center center","background-size":"auto","background-attachment":"scroll","background-type":"","background-media":"","overlay-type":"","overlay-color":"","overlay-opacity":"","overlay-gradient":""},"mobile":{"background-color":"","background-image":"","background-repeat":"repeat","background-position":"center center","background-size":"auto","background-attachment":"scroll","background-type":"","background-media":"","overlay-type":"","overlay-color":"","overlay-opacity":"","overlay-gradient":""}},"ast-content-background-meta":{"desktop":{"background-color":"var(--ast-global-color-5)","background-image":"","background-repeat":"repeat","background-position":"center center","background-size":"auto","background-attachment":"scroll","background-type":"","background-media":"","overlay-type":"","overlay-color":"","overlay-opacity":"","overlay-gradient":""},"tablet":{"background-color":"var(--ast-global-color-5)","background-image":"","background-repeat":"repeat","background-position":"center center","background-size":"auto","background-attachment":"scroll","background-type":"","background-media":"","overlay-type":"","overlay-color":"","overlay-opacity":"","overlay-gradient":""},"mobile":{"background-color":"var(--ast-global-color-5)","background-image":"","background-repeat":"repeat","background-position":"center center","background-size":"auto","background-attachment":"scroll","background-type":"","background-media":"","overlay-type":"","overlay-color":"","overlay-opacity":"","overlay-gradient":""}}},"product_brand":[],"product_cat":[725],"product_tag":[995,1000,993,1001,996,997,999,998,994,1002],"class_list":{"0":"post-2215","1":"product","2":"type-product","3":"status-publish","4":"has-post-thumbnail","6":"product_cat-polishing-machine","7":"product_tag-300mm-wafer-polishing","8":"product_tag-advanced-packaging-equipment","9":"product_tag-dry-polishing-machine","10":"product_tag-dry-wafer-processing","11":"product_tag-semiconductor-polishing-machine","12":"product_tag-sic-wafer-polishing","13":"product_tag-stress-relief-polishing-machine","14":"product_tag-wafer-backside-polishing","15":"product_tag-wafer-polishing-equipment","16":"product_tag-wafer-thinning-line-equipment","17":"desktop-align-left","18":"tablet-align-left","19":"mobile-align-left","20":"ast-product-gallery-layout-horizontal-slider","21":"ast-product-gallery-with-no-image","22":"ast-product-tabs-layout-horizontal","24":"first","25":"instock","26":"shipping-taxable","27":"product-type-simple"},"_links":{"self":[{"href":"https:\/\/www.zmsh-semitech.com\/hu\/wp-json\/wp\/v2\/product\/2215","targetHints":{"allow":["GET"]}}],"collection":[{"href":"https:\/\/www.zmsh-semitech.com\/hu\/wp-json\/wp\/v2\/product"}],"about":[{"href":"https:\/\/www.zmsh-semitech.com\/hu\/wp-json\/wp\/v2\/types\/product"}],"replies":[{"embeddable":true,"href":"https:\/\/www.zmsh-semitech.com\/hu\/wp-json\/wp\/v2\/comments?post=2215"}],"version-history":[{"count":3,"href":"https:\/\/www.zmsh-semitech.com\/hu\/wp-json\/wp\/v2\/product\/2215\/revisions"}],"predecessor-version":[{"id":2219,"href":"https:\/\/www.zmsh-semitech.com\/hu\/wp-json\/wp\/v2\/product\/2215\/revisions\/2219"}],"wp:featuredmedia":[{"embeddable":true,"href":"https:\/\/www.zmsh-semitech.com\/hu\/wp-json\/wp\/v2\/media\/2217"}],"wp:attachment":[{"href":"https:\/\/www.zmsh-semitech.com\/hu\/wp-json\/wp\/v2\/media?parent=2215"}],"wp:term":[{"taxonomy":"product_brand","embeddable":true,"href":"https:\/\/www.zmsh-semitech.com\/hu\/wp-json\/wp\/v2\/product_brand?post=2215"},{"taxonomy":"product_cat","embeddable":true,"href":"https:\/\/www.zmsh-semitech.com\/hu\/wp-json\/wp\/v2\/product_cat?post=2215"},{"taxonomy":"product_tag","embeddable":true,"href":"https:\/\/www.zmsh-semitech.com\/hu\/wp-json\/wp\/v2\/product_tag?post=2215"}],"curies":[{"name":"wp","href":"https:\/\/api.w.org\/{rel}","templated":true}]}}