{"id":2203,"date":"2026-04-15T01:57:37","date_gmt":"2026-04-15T01:57:37","guid":{"rendered":"https:\/\/www.zmsh-semitech.com\/?post_type=product&#038;p=2203"},"modified":"2026-04-15T01:57:39","modified_gmt":"2026-04-15T01:57:39","slug":"cnc-robot-polishing-machine-for-large-optical-surfaces","status":"publish","type":"product","link":"https:\/\/www.zmsh-semitech.com\/hu\/product\/cnc-robot-polishing-machine-for-large-optical-surfaces\/","title":{"rendered":"CNC robot pol\u00edroz\u00f3 g\u00e9p nagy optikai fel\u00fcletekhez"},"content":{"rendered":"<p data-start=\"593\" data-end=\"978\"><img decoding=\"async\" class=\"alignright wp-image-2207\" src=\"https:\/\/www.zmsh-semitech.com\/wp-content\/uploads\/2026\/04\/robot_polishing_machine_for_large_and_complex_optical_surfaces-150x150.webp\" alt=\"\" width=\"179\" height=\"179\" srcset=\"https:\/\/www.zmsh-semitech.com\/wp-content\/uploads\/2026\/04\/robot_polishing_machine_for_large_and_complex_optical_surfaces-150x150.webp 150w, https:\/\/www.zmsh-semitech.com\/wp-content\/uploads\/2026\/04\/robot_polishing_machine_for_large_and_complex_optical_surfaces-300x300.webp 300w, https:\/\/www.zmsh-semitech.com\/wp-content\/uploads\/2026\/04\/robot_polishing_machine_for_large_and_complex_optical_surfaces-768x768.webp 768w, https:\/\/www.zmsh-semitech.com\/wp-content\/uploads\/2026\/04\/robot_polishing_machine_for_large_and_complex_optical_surfaces-12x12.webp 12w, https:\/\/www.zmsh-semitech.com\/wp-content\/uploads\/2026\/04\/robot_polishing_machine_for_large_and_complex_optical_surfaces-600x600.webp 600w, https:\/\/www.zmsh-semitech.com\/wp-content\/uploads\/2026\/04\/robot_polishing_machine_for_large_and_complex_optical_surfaces-100x100.webp 100w, https:\/\/www.zmsh-semitech.com\/wp-content\/uploads\/2026\/04\/robot_polishing_machine_for_large_and_complex_optical_surfaces.webp 800w\" sizes=\"(max-width: 179px) 100vw, 179px\" \/>A robotpol\u00edroz\u00f3 g\u00e9p egy nagy pontoss\u00e1g\u00fa automatiz\u00e1lt rendszer, amelyet nagym\u00e9ret\u0171 \u00e9s \u00f6sszetett optikai fel\u00fcletek pol\u00edroz\u00e1s\u00e1ra terveztek. Integr\u00e1l egy 6 tengelyes ipari robotplatformot (mint pl. <span class=\"hover:entity-accent entity-underline inline cursor-pointer align-baseline\"><span class=\"whitespace-normal\">KUKA<\/span><\/span>, <span class=\"hover:entity-accent entity-underline inline cursor-pointer align-baseline\"><span class=\"whitespace-normal\">ABB<\/span><\/span>, vagy <span class=\"hover:entity-accent entity-underline inline cursor-pointer align-baseline\"><span class=\"whitespace-normal\">St\u00e4ubli<\/span><\/span>) fejlett pol\u00edroz\u00f3 modulokkal \u00e9s intelligens vez\u00e9rl\u0151szoftverrel.<\/p>\n<p data-start=\"980\" data-end=\"1301\">Ez a rendszer lehet\u0151v\u00e9 teszi a teljesen digit\u00e1lis optikai gy\u00e1rt\u00e1st, lefedve a teljes munkafolyamatot a fel\u00fcletmodellez\u00e9st\u0151l \u00e9s a szersz\u00e1mp\u00e1lya gener\u00e1l\u00e1s\u00e1t\u00f3l a val\u00f3s idej\u0171 er\u0151szab\u00e1lyoz\u00e1sig \u00e9s a folyamatfel\u00fcgyeletig. A hagyom\u00e1nyos k\u00e9zi pol\u00edroz\u00e1shoz k\u00e9pest nagyobb konzisztenci\u00e1t, jobb hat\u00e9konys\u00e1got \u00e9s kiv\u00e1l\u00f3 fel\u00fcleti pontoss\u00e1got biztos\u00edt.<\/p>\n<h2 data-section-id=\"1rr2lw1\" data-start=\"1308\" data-end=\"1338\">F\u0151bb m\u0171szaki param\u00e9terek<\/h2>\n<div class=\"TyagGW_tableContainer\">\n<div class=\"group TyagGW_tableWrapper flex flex-col-reverse w-fit\" tabindex=\"-1\">\n<table class=\"w-fit min-w-(--thread-content-width)\" data-start=\"1340\" data-end=\"1713\">\n<thead data-start=\"1340\" data-end=\"1369\">\n<tr data-start=\"1340\" data-end=\"1369\">\n<th class=\"\" data-start=\"1340\" data-end=\"1352\" data-col-size=\"sm\">Param\u00e9ter<\/th>\n<th class=\"\" data-start=\"1352\" data-end=\"1369\" data-col-size=\"md\">Specifik\u00e1ci\u00f3<\/th>\n<\/tr>\n<\/thead>\n<tbody data-start=\"1397\" data-end=\"1713\">\n<tr data-start=\"1397\" data-end=\"1461\">\n<td data-start=\"1397\" data-end=\"1427\" data-col-size=\"sm\">Ism\u00e9tl\u0151d\u0151 pozicion\u00e1l\u00e1s pontoss\u00e1ga<\/td>\n<td data-col-size=\"md\" data-start=\"1427\" data-end=\"1461\">\u00b10,04 mm \/ \u00b10,05 mm \/ \u00b10,10 mm<\/td>\n<\/tr>\n<tr data-start=\"1462\" data-end=\"1502\">\n<td data-start=\"1462\" data-end=\"1484\" data-col-size=\"sm\">Feldolgoz\u00e1si \u00e1tm\u00e9r\u0151<\/td>\n<td data-col-size=\"md\" data-start=\"1484\" data-end=\"1502\">\u03a650 - \u03a62000 mm<\/td>\n<\/tr>\n<tr data-start=\"1503\" data-end=\"1563\">\n<td data-start=\"1503\" data-end=\"1526\" data-col-size=\"sm\">Pol\u00edroz\u00f3fej t\u00edpusok<\/td>\n<td data-col-size=\"md\" data-start=\"1526\" data-end=\"1563\">L\u00e9gzs\u00e1k \/ merev \/ ker\u00e9k \/ kombin\u00e1lt<\/td>\n<\/tr>\n<tr data-start=\"1564\" data-end=\"1598\">\n<td data-start=\"1564\" data-end=\"1580\" data-col-size=\"sm\">Ors\u00f3 fordulatsz\u00e1m<\/td>\n<td data-col-size=\"md\" data-start=\"1580\" data-end=\"1598\">1500 fordulat\/percig<\/td>\n<\/tr>\n<tr data-start=\"1599\" data-end=\"1636\">\n<td data-start=\"1599\" data-end=\"1622\" data-col-size=\"sm\">Folyamatos m\u0171k\u00f6d\u00e9s<\/td>\n<td data-col-size=\"md\" data-start=\"1622\" data-end=\"1636\">\u2265300 \u00f3ra<\/td>\n<\/tr>\n<tr data-start=\"1637\" data-end=\"1713\">\n<td data-start=\"1637\" data-end=\"1657\" data-col-size=\"sm\">V\u00e1laszthat\u00f3 funkci\u00f3k<\/td>\n<td data-col-size=\"md\" data-start=\"1657\" data-end=\"1713\">Automatikus kalibr\u00e1l\u00e1s, online fel\u00fcgyelet, NC forg\u00f3t\u00e1bla<\/td>\n<\/tr>\n<\/tbody>\n<\/table>\n<\/div>\n<\/div>\n<h2 data-section-id=\"13yq5fc\" data-start=\"1720\" data-end=\"1743\">M\u0171k\u00f6d\u00e9si elv<\/h2>\n<p><img fetchpriority=\"high\" decoding=\"async\" class=\"alignleft wp-image-2206\" src=\"https:\/\/www.zmsh-semitech.com\/wp-content\/uploads\/2026\/04\/robot_polishing_machine_for_large_and_complex_optical_surfaces2-300x300.webp\" alt=\"\" width=\"350\" height=\"350\" srcset=\"https:\/\/www.zmsh-semitech.com\/wp-content\/uploads\/2026\/04\/robot_polishing_machine_for_large_and_complex_optical_surfaces2-300x300.webp 300w, https:\/\/www.zmsh-semitech.com\/wp-content\/uploads\/2026\/04\/robot_polishing_machine_for_large_and_complex_optical_surfaces2-150x150.webp 150w, https:\/\/www.zmsh-semitech.com\/wp-content\/uploads\/2026\/04\/robot_polishing_machine_for_large_and_complex_optical_surfaces2-768x768.webp 768w, https:\/\/www.zmsh-semitech.com\/wp-content\/uploads\/2026\/04\/robot_polishing_machine_for_large_and_complex_optical_surfaces2-12x12.webp 12w, https:\/\/www.zmsh-semitech.com\/wp-content\/uploads\/2026\/04\/robot_polishing_machine_for_large_and_complex_optical_surfaces2-600x600.webp 600w, https:\/\/www.zmsh-semitech.com\/wp-content\/uploads\/2026\/04\/robot_polishing_machine_for_large_and_complex_optical_surfaces2-100x100.webp 100w, https:\/\/www.zmsh-semitech.com\/wp-content\/uploads\/2026\/04\/robot_polishing_machine_for_large_and_complex_optical_surfaces2.webp 800w\" sizes=\"(max-width: 350px) 100vw, 350px\" \/><img decoding=\"async\" class=\"alignnone wp-image-2205\" src=\"https:\/\/www.zmsh-semitech.com\/wp-content\/uploads\/2026\/04\/robot_polishing_machine_for_large_and_complex_optical_surfaces3-300x300.webp\" alt=\"\" width=\"350\" height=\"350\" srcset=\"https:\/\/www.zmsh-semitech.com\/wp-content\/uploads\/2026\/04\/robot_polishing_machine_for_large_and_complex_optical_surfaces3-300x300.webp 300w, https:\/\/www.zmsh-semitech.com\/wp-content\/uploads\/2026\/04\/robot_polishing_machine_for_large_and_complex_optical_surfaces3-150x150.webp 150w, https:\/\/www.zmsh-semitech.com\/wp-content\/uploads\/2026\/04\/robot_polishing_machine_for_large_and_complex_optical_surfaces3-768x768.webp 768w, https:\/\/www.zmsh-semitech.com\/wp-content\/uploads\/2026\/04\/robot_polishing_machine_for_large_and_complex_optical_surfaces3-12x12.webp 12w, https:\/\/www.zmsh-semitech.com\/wp-content\/uploads\/2026\/04\/robot_polishing_machine_for_large_and_complex_optical_surfaces3-600x600.webp 600w, https:\/\/www.zmsh-semitech.com\/wp-content\/uploads\/2026\/04\/robot_polishing_machine_for_large_and_complex_optical_surfaces3-100x100.webp 100w, https:\/\/www.zmsh-semitech.com\/wp-content\/uploads\/2026\/04\/robot_polishing_machine_for_large_and_complex_optical_surfaces3.webp 800w\" sizes=\"(max-width: 350px) 100vw, 350px\" \/>\u00a0 \u00a0\u00a0 <img loading=\"lazy\" decoding=\"async\" class=\"alignnone wp-image-2204\" src=\"https:\/\/www.zmsh-semitech.com\/wp-content\/uploads\/2026\/04\/robot_polishing_machine_for_large_and_complex_optical_surfaces4-300x300.webp\" alt=\"\" width=\"350\" height=\"350\" srcset=\"https:\/\/www.zmsh-semitech.com\/wp-content\/uploads\/2026\/04\/robot_polishing_machine_for_large_and_complex_optical_surfaces4-300x300.webp 300w, https:\/\/www.zmsh-semitech.com\/wp-content\/uploads\/2026\/04\/robot_polishing_machine_for_large_and_complex_optical_surfaces4-150x150.webp 150w, https:\/\/www.zmsh-semitech.com\/wp-content\/uploads\/2026\/04\/robot_polishing_machine_for_large_and_complex_optical_surfaces4-768x768.webp 768w, https:\/\/www.zmsh-semitech.com\/wp-content\/uploads\/2026\/04\/robot_polishing_machine_for_large_and_complex_optical_surfaces4-12x12.webp 12w, https:\/\/www.zmsh-semitech.com\/wp-content\/uploads\/2026\/04\/robot_polishing_machine_for_large_and_complex_optical_surfaces4-600x600.webp 600w, https:\/\/www.zmsh-semitech.com\/wp-content\/uploads\/2026\/04\/robot_polishing_machine_for_large_and_complex_optical_surfaces4-100x100.webp 100w, https:\/\/www.zmsh-semitech.com\/wp-content\/uploads\/2026\/04\/robot_polishing_machine_for_large_and_complex_optical_surfaces4.webp 800w\" sizes=\"(max-width: 350px) 100vw, 350px\" \/><\/p>\n<h3 data-section-id=\"g5bn65\" data-start=\"1787\" data-end=\"1823\">1. Hattengelyes koordin\u00e1lt mozg\u00e1s<\/h3>\n<p data-start=\"1824\" data-end=\"1968\">A g\u00e9p teljes 6 tengelyes robotmozg\u00e1st haszn\u00e1l a bonyolult geometri\u00e1k egyenletes lefedetts\u00e9g\u00e9nek el\u00e9r\u00e9se \u00e9rdek\u00e9ben, bele\u00e9rtve a szabad alak\u00fa \u00e9s tengelyen k\u00edv\u00fcli fel\u00fcleteket is.<\/p>\n<h3 data-section-id=\"p0vb8b\" data-start=\"1970\" data-end=\"2008\">2. \u00c1lland\u00f3 er\u0151szab\u00e1lyoz\u00f3 rendszer<\/h3>\n<p data-start=\"2009\" data-end=\"2145\">A be\u00e9p\u00edtett elektronikus nyom\u00f3henger stabil \u00e9s alkalmazkod\u00f3 pol\u00edroz\u00f3er\u0151t biztos\u00edt, megel\u0151zve a t\u00falpol\u00edroz\u00e1st vagy a fel\u00fclet k\u00e1rosod\u00e1s\u00e1t.<\/p>\n<h3 data-section-id=\"1jvzz5\" data-start=\"2147\" data-end=\"2176\">3. Adapt\u00edv forg\u00e1stengely<\/h3>\n<p data-start=\"2177\" data-end=\"2321\">Az \u00e1ll\u00edthat\u00f3 ors\u00f3 automatikusan igazodik a fel\u00fclet g\u00f6rb\u00fclet\u00e9hez, lehet\u0151v\u00e9 t\u00e9ve a g\u00f6mb\u00f6k, aszf\u00e9r\u00e1k \u00e9s szabad alak\u00fa optik\u00e1k prec\u00edzi\u00f3s megmunk\u00e1l\u00e1s\u00e1t.<\/p>\n<h3 data-section-id=\"16qvuf4\" data-start=\"2323\" data-end=\"2359\">4. Z\u00e1rt hurk\u00fa \u00e9rz\u00e9kel\u0151i visszajelz\u00e9s<\/h3>\n<p data-start=\"2360\" data-end=\"2464\">Az er\u0151- \u00e9s poz\u00edci\u00f3\u00e9rz\u00e9kel\u0151kkel t\u00f6rt\u00e9n\u0151 val\u00f3s idej\u0171 fel\u00fcgyelet biztos\u00edtja a folyamat stabilit\u00e1s\u00e1t \u00e9s megism\u00e9telhet\u0151s\u00e9g\u00e9t.<\/p>\n<h3 data-section-id=\"wz5e0w\" data-start=\"2466\" data-end=\"2503\">5. Optikai szoftver integr\u00e1ci\u00f3<\/h3>\n<p data-start=\"2504\" data-end=\"2648\">A fejlett szoftver t\u00e1mogatja a 3D modellez\u00e9st, a szimul\u00e1ci\u00f3t, a p\u00e1lyaoptimaliz\u00e1l\u00e1st \u00e9s az adatelemz\u00e9st, \u00edgy egy teljes intelligens pol\u00edroz\u00e1si megold\u00e1st alkot.<\/p>\n<h2 data-section-id=\"y88pv7\" data-start=\"2655\" data-end=\"2674\">\u00a0Alapvet\u0151 jellemz\u0151k<\/h2>\n<ul data-start=\"2676\" data-end=\"3144\">\n<li data-section-id=\"1tubb3r\" data-start=\"2676\" data-end=\"2769\"><strong data-start=\"2678\" data-end=\"2704\">Nagy pontoss\u00e1g\u00fa vez\u00e9rl\u00e9s<\/strong><br data-start=\"2704\" data-end=\"2707\" \/>Optikai min\u0151s\u00e9g\u0171 fel\u00fcleti pontoss\u00e1got \u00e9r el <strong data-start=\"2754\" data-end=\"2769\">RMS &lt; 10 nm<\/strong><\/li>\n<li data-section-id=\"1xnkmo0\" data-start=\"2771\" data-end=\"2867\"><strong data-start=\"2773\" data-end=\"2800\">Rugalmas szersz\u00e1mrendszer<\/strong><br data-start=\"2800\" data-end=\"2803\" \/>T\u00f6bb pol\u00edroz\u00f3fej t\u00e1mogat\u00e1sa gyors cser\u00e9lhet\u0151s\u00e9ggel<\/li>\n<li data-section-id=\"oi7kbz\" data-start=\"2869\" data-end=\"2971\"><strong data-start=\"2871\" data-end=\"2899\">Teljesen automatiz\u00e1lt munkafolyamat<\/strong><br data-start=\"2899\" data-end=\"2902\" \/>A modellez\u00e9st\u0151l az ellen\u0151rz\u00e9sig minden folyamat digit\u00e1lisan integr\u00e1lva van.<\/li>\n<li data-section-id=\"1ioky9v\" data-start=\"2973\" data-end=\"3044\"><strong data-start=\"2975\" data-end=\"2998\">Hossz\u00fa t\u00e1v\u00fa stabilit\u00e1s<\/strong><br data-start=\"2998\" data-end=\"3001\" \/>Folyamatos m\u0171k\u00f6d\u00e9s ak\u00e1r <strong data-start=\"3030\" data-end=\"3044\">300+ \u00f3ra<\/strong><\/li>\n<li data-section-id=\"fq6r64\" data-start=\"3046\" data-end=\"3144\"><strong data-start=\"3048\" data-end=\"3075\">Intelligens fel\u00fcgyeleti rendszer<\/strong><br data-start=\"3075\" data-end=\"3078\" \/>Val\u00f3s idej\u0171 diagnosztika \u00e9s adapt\u00edv vez\u00e9rl\u00e9s biztos\u00edtja a biztons\u00e1gos m\u0171k\u00f6d\u00e9st<\/li>\n<\/ul>\n<h2 data-section-id=\"a2tw4p\" data-start=\"3151\" data-end=\"3179\">Alkalmaz\u00e1si ipar\u00e1gak<\/h2>\n<h3 data-section-id=\"wndtbo\" data-start=\"3223\" data-end=\"3235\">Optika<\/h3>\n<ul data-start=\"3236\" data-end=\"3318\">\n<li data-section-id=\"nna2i8\" data-start=\"3236\" data-end=\"3257\">T\u00e1vcs\u0151t\u00fckr\u00f6k<\/li>\n<li data-section-id=\"1wcjpov\" data-start=\"3258\" data-end=\"3285\">Nagy teljes\u00edtm\u00e9ny\u0171 l\u00e9zeroptika<\/li>\n<li data-section-id=\"1twd372\" data-start=\"3286\" data-end=\"3318\">Prec\u00edzi\u00f3s optikai alkatr\u00e9szek<\/li>\n<\/ul>\n<h3 data-section-id=\"87pyt7\" data-start=\"3320\" data-end=\"3335\">Rep\u00fcl\u0151g\u00e9pipar<\/h3>\n<ul data-start=\"3336\" data-end=\"3391\">\n<li data-section-id=\"qb512f\" data-start=\"3336\" data-end=\"3365\">M\u0171holdas k\u00e9palkot\u00f3 rendszerek<\/li>\n<li data-section-id=\"nec7at\" data-start=\"3366\" data-end=\"3391\">T\u00e1v\u00e9rz\u00e9kel\u00e9si optika<\/li>\n<\/ul>\n<h3 data-section-id=\"1lwhl68\" data-start=\"3393\" data-end=\"3422\">Prec\u00edzi\u00f3s gy\u00e1rt\u00e1s<\/h3>\n<ul data-start=\"3423\" data-end=\"3485\">\n<li data-section-id=\"1765ksz\" data-start=\"3423\" data-end=\"3459\">F\u00e9lvezet\u0151 optikai alkatr\u00e9szek<\/li>\n<li data-section-id=\"1mkkqxg\" data-start=\"3460\" data-end=\"3485\">Ultraprec\u00edzi\u00f3s form\u00e1k<\/li>\n<\/ul>\n<h3 data-section-id=\"103x7s5\" data-start=\"3487\" data-end=\"3503\">Aut\u00f3ipar<\/h3>\n<ul data-start=\"3504\" data-end=\"3559\">\n<li data-section-id=\"15v6wa1\" data-start=\"3504\" data-end=\"3522\">Fejl\u00e1mpa \u00f6nt\u0151form\u00e1k<\/li>\n<li data-section-id=\"rx4pur\" data-start=\"3523\" data-end=\"3559\">Dekorat\u00edv, magasf\u00e9ny\u0171 alkatr\u00e9szek<\/li>\n<\/ul>\n<h2 data-section-id=\"24joy1\" data-start=\"3566\" data-end=\"3586\">Tipikus modellek<\/h2>\n<div class=\"TyagGW_tableContainer\">\n<div class=\"group TyagGW_tableWrapper flex flex-col-reverse w-fit\" tabindex=\"-1\">\n<table class=\"w-fit min-w-(--thread-content-width)\" data-start=\"3588\" data-end=\"3851\">\n<thead data-start=\"3588\" data-end=\"3638\">\n<tr data-start=\"3588\" data-end=\"3638\">\n<th class=\"\" data-start=\"3588\" data-end=\"3596\" data-col-size=\"sm\">Modell<\/th>\n<th class=\"\" data-start=\"3596\" data-end=\"3609\" data-col-size=\"sm\">Robot b\u00e1zis<\/th>\n<th class=\"\" data-start=\"3609\" data-end=\"3620\" data-col-size=\"sm\">Pontoss\u00e1g<\/th>\n<th class=\"\" data-start=\"3620\" data-end=\"3638\" data-col-size=\"sm\">\u00c1tm\u00e9r\u0151 tartom\u00e1ny<\/th>\n<\/tr>\n<\/thead>\n<tbody data-start=\"3686\" data-end=\"3851\">\n<tr data-start=\"3686\" data-end=\"3740\">\n<td data-start=\"3686\" data-end=\"3696\" data-col-size=\"sm\">IRP500S<\/td>\n<td data-col-size=\"sm\" data-start=\"3696\" data-end=\"3714\">St\u00e4ubli TX2-90L<\/td>\n<td data-col-size=\"sm\" data-start=\"3714\" data-end=\"3725\">\u00b10,04 mm<\/td>\n<td data-col-size=\"sm\" data-start=\"3725\" data-end=\"3740\">\u03a650-\u03a6500 mm<\/td>\n<\/tr>\n<tr data-start=\"3741\" data-end=\"3797\">\n<td data-start=\"3741\" data-end=\"3752\" data-col-size=\"sm\">IRP1000S<\/td>\n<td data-col-size=\"sm\" data-start=\"3752\" data-end=\"3770\">St\u00e4ubli TX200\/L<\/td>\n<td data-col-size=\"sm\" data-start=\"3770\" data-end=\"3781\">\u00b10,05 mm<\/td>\n<td data-col-size=\"sm\" data-start=\"3781\" data-end=\"3797\">\u03a680-\u03a61000 mm<\/td>\n<\/tr>\n<tr data-start=\"3798\" data-end=\"3851\">\n<td data-start=\"3798\" data-end=\"3809\" data-col-size=\"sm\">IRP2000A<\/td>\n<td data-col-size=\"sm\" data-start=\"3809\" data-end=\"3823\">ABB IRB6700<\/td>\n<td data-col-size=\"sm\" data-start=\"3823\" data-end=\"3834\">\u00b10,10 mm<\/td>\n<td data-col-size=\"sm\" data-start=\"3834\" data-end=\"3851\">\u03a6200-\u03a62000 mm<\/td>\n<\/tr>\n<\/tbody>\n<\/table>\n<\/div>\n<\/div>\n<h2 data-section-id=\"5604o0\" data-start=\"3858\" data-end=\"3878\">Legfontosabb el\u0151ny\u00f6k<\/h2>\n<ul data-start=\"3880\" data-end=\"4311\">\n<li data-section-id=\"jhcmsn\" data-start=\"3880\" data-end=\"3966\"><strong data-start=\"3882\" data-end=\"3912\">Ultra-magas fel\u00fcleti min\u0151s\u00e9g<\/strong><br data-start=\"3912\" data-end=\"3915\" \/>Nanom\u00e9teres pontoss\u00e1g\u00fa optikai fel\u00fcletek<\/li>\n<li data-section-id=\"r1lpdh\" data-start=\"3968\" data-end=\"4066\"><strong data-start=\"3970\" data-end=\"4000\">Nagy hat\u00e9konys\u00e1g\u00fa termel\u00e9s<\/strong><br data-start=\"4000\" data-end=\"4003\" \/>A t\u00f6bbtengelyes automatiz\u00e1l\u00e1s jelent\u0151sen cs\u00f6kkenti a megmunk\u00e1l\u00e1si id\u0151t<\/li>\n<li data-section-id=\"1ljbgqb\" data-start=\"4068\" data-end=\"4152\"><strong data-start=\"4070\" data-end=\"4092\">Sz\u00e9les k\u00f6r\u0171 kompatibilit\u00e1s<\/strong><br data-start=\"4092\" data-end=\"4095\" \/>Alkalmas k\u00fcl\u00f6nb\u00f6z\u0151 anyagokhoz \u00e9s \u00f6sszetett geometri\u00e1khoz<\/li>\n<li data-section-id=\"cwm8hl\" data-start=\"4154\" data-end=\"4233\"><strong data-start=\"4156\" data-end=\"4178\">Cs\u00f6kkentett munkaer\u0151k\u00f6lts\u00e9g<\/strong><br data-start=\"4178\" data-end=\"4181\" \/>Automatiz\u00e1lt rendszerekkel helyettes\u00edti a k\u00e9zi pol\u00edroz\u00e1st<\/li>\n<li data-section-id=\"1k2po7u\" data-start=\"4235\" data-end=\"4311\"><strong data-start=\"4237\" data-end=\"4263\">Sk\u00e1l\u00e1zhat\u00f3 gy\u00e1rt\u00e1s<\/strong><br data-start=\"4263\" data-end=\"4266\" \/>K+F \u00e9s t\u00f6megtermel\u00e9sre egyar\u00e1nt alkalmas<\/li>\n<\/ul>\n<h2 data-section-id=\"w1cnyx\" data-start=\"4318\" data-end=\"4327\">GYIK<\/h2>\n<p data-start=\"4329\" data-end=\"4455\"><strong data-start=\"4329\" data-end=\"4377\">1. k\u00e9rd\u00e9s: Milyen t\u00edpus\u00fa fel\u00fcletek dolgozhat\u00f3k fel?<\/strong><br data-start=\"4377\" data-end=\"4380\" \/>A: S\u00edk, g\u00f6mb, aszf\u00e9rikus, tengelyen k\u00edv\u00fcli aszf\u00e9rikus \u00e9s szabad alak\u00fa fel\u00fcletek.<\/p>\n<p data-start=\"4457\" data-end=\"4557\"><strong data-start=\"4457\" data-end=\"4503\">2. k\u00e9rd\u00e9s: Milyen fel\u00fcleti pontoss\u00e1g \u00e9rhet\u0151 el?<\/strong><br data-start=\"4503\" data-end=\"4506\" \/>A: RMS &lt; 10 nm, megfelel a cs\u00facskateg\u00f3ri\u00e1s optikai szabv\u00e1nyoknak.<\/p>\n<p data-start=\"4559\" data-end=\"4658\"><strong data-start=\"4559\" data-end=\"4607\">3. k\u00e9rd\u00e9s: Alkalmas a rendszer nagym\u00e9ret\u0171 optik\u00e1khoz?<\/strong><br data-start=\"4607\" data-end=\"4610\" \/>V: Igen, az \u00e1tm\u00e9r\u0151ket t\u00e1mogatja ak\u00e1r <strong data-start=\"4646\" data-end=\"4657\">2000 mm<\/strong>.<\/p>\n<p data-start=\"4660\" data-end=\"4777\"><strong data-start=\"4660\" data-end=\"4710\">4. k\u00e9rd\u00e9s: T\u00e1mogatja a k\u00fcl\u00f6nb\u00f6z\u0151 pol\u00edroz\u00f3 eszk\u00f6z\u00f6ket?<\/strong><br data-start=\"4710\" data-end=\"4713\" \/>V: Igen, bele\u00e9rtve a l\u00e9gzs\u00e1kos, merev \u00e9s ker\u00e9k t\u00edpus\u00fa pol\u00edroz\u00f3fejeket is.<\/p>\n<p data-start=\"4779\" data-end=\"4886\"><strong data-start=\"4779\" data-end=\"4817\">5. k\u00e9rd\u00e9s: Mely ipar\u00e1gak j\u00e1rnak a legjobban?<\/strong><br data-start=\"4817\" data-end=\"4820\" \/>V: Optika, rep\u00fcl\u0151g\u00e9pipar, f\u00e9lvezet\u0151gy\u00e1rt\u00e1s \u00e9s aut\u00f3ipar.<\/p>","protected":false},"excerpt":{"rendered":"<p>A robotpol\u00edroz\u00f3 g\u00e9p egy nagy pontoss\u00e1g\u00fa automatiz\u00e1lt rendszer, amelyet nagym\u00e9ret\u0171 \u00e9s \u00f6sszetett optikai fel\u00fcletek pol\u00edroz\u00e1s\u00e1ra terveztek. Integr\u00e1l egy 6 tengelyes ipari robotplatformot (mint pl. <span class=\"hover:entity-accent entity-underline inline cursor-pointer align-baseline\"><span class=\"whitespace-normal\">KUKA<\/span><\/span>, <span class=\"hover:entity-accent entity-underline inline cursor-pointer align-baseline\"><span class=\"whitespace-normal\">ABB<\/span><\/span>, vagy <span class=\"hover:entity-accent entity-underline inline cursor-pointer align-baseline\"><span class=\"whitespace-normal\">St\u00e4ubli<\/span><\/span>) fejlett pol\u00edroz\u00f3 modulokkal \u00e9s intelligens vez\u00e9rl\u0151szoftverrel.<\/p>","protected":false},"featured_media":2207,"comment_status":"open","ping_status":"closed","template":"","meta":{"site-sidebar-layout":"default","site-content-layout":"","ast-site-content-layout":"default","site-content-style":"default","site-sidebar-style":"default","ast-global-header-display":"","ast-banner-title-visibility":"","ast-main-header-display":"","ast-hfb-above-header-display":"","ast-hfb-below-header-display":"","ast-hfb-mobile-header-display":"","site-post-title":"","ast-breadcrumbs-content":"","ast-featured-img":"","footer-sml-layout":"","ast-disable-related-posts":"","theme-transparent-header-meta":"default","adv-header-id-meta":"","stick-header-meta":"default","header-above-stick-meta":"","header-main-stick-meta":"","header-below-stick-meta":"","astra-migrate-meta-layouts":"set","ast-page-background-enabled":"default","ast-page-background-meta":{"desktop":{"background-color":"var(--ast-global-color-4)","background-image":"","background-repeat":"repeat","background-position":"center center","background-size":"auto","background-attachment":"scroll","background-type":"","background-media":"","overlay-type":"","overlay-color":"","overlay-opacity":"","overlay-gradient":""},"tablet":{"background-color":"","background-image":"","background-repeat":"repeat","background-position":"center center","background-size":"auto","background-attachment":"scroll","background-type":"","background-media":"","overlay-type":"","overlay-color":"","overlay-opacity":"","overlay-gradient":""},"mobile":{"background-color":"","background-image":"","background-repeat":"repeat","background-position":"center center","background-size":"auto","background-attachment":"scroll","background-type":"","background-media":"","overlay-type":"","overlay-color":"","overlay-opacity":"","overlay-gradient":""}},"ast-content-background-meta":{"desktop":{"background-color":"var(--ast-global-color-5)","background-image":"","background-repeat":"repeat","background-position":"center center","background-size":"auto","background-attachment":"scroll","background-type":"","background-media":"","overlay-type":"","overlay-color":"","overlay-opacity":"","overlay-gradient":""},"tablet":{"background-color":"var(--ast-global-color-5)","background-image":"","background-repeat":"repeat","background-position":"center center","background-size":"auto","background-attachment":"scroll","background-type":"","background-media":"","overlay-type":"","overlay-color":"","overlay-opacity":"","overlay-gradient":""},"mobile":{"background-color":"var(--ast-global-color-5)","background-image":"","background-repeat":"repeat","background-position":"center center","background-size":"auto","background-attachment":"scroll","background-type":"","background-media":"","overlay-type":"","overlay-color":"","overlay-opacity":"","overlay-gradient":""}}},"product_brand":[],"product_cat":[725],"product_tag":[977,979,983,976,980,981,975,978,982,974],"class_list":{"0":"post-2203","1":"product","2":"type-product","3":"status-publish","4":"has-post-thumbnail","6":"product_cat-polishing-machine","7":"product_tag-6-axis-robot-polishing","8":"product_tag-aspheric-polishing-machine","9":"product_tag-automated-polishing-machine","10":"product_tag-cnc-polishing-machine","11":"product_tag-freeform-optics-polishing","12":"product_tag-mirror-polishing-equipment","13":"product_tag-optical-polishing-system","14":"product_tag-optical-surface-finishing","15":"product_tag-precision-polishing-system","16":"product_tag-robot-polishing-machine","17":"desktop-align-left","18":"tablet-align-left","19":"mobile-align-left","20":"ast-product-gallery-layout-horizontal-slider","21":"ast-product-tabs-layout-horizontal","23":"first","24":"instock","25":"shipping-taxable","26":"product-type-simple"},"_links":{"self":[{"href":"https:\/\/www.zmsh-semitech.com\/hu\/wp-json\/wp\/v2\/product\/2203","targetHints":{"allow":["GET"]}}],"collection":[{"href":"https:\/\/www.zmsh-semitech.com\/hu\/wp-json\/wp\/v2\/product"}],"about":[{"href":"https:\/\/www.zmsh-semitech.com\/hu\/wp-json\/wp\/v2\/types\/product"}],"replies":[{"embeddable":true,"href":"https:\/\/www.zmsh-semitech.com\/hu\/wp-json\/wp\/v2\/comments?post=2203"}],"version-history":[{"count":2,"href":"https:\/\/www.zmsh-semitech.com\/hu\/wp-json\/wp\/v2\/product\/2203\/revisions"}],"predecessor-version":[{"id":2210,"href":"https:\/\/www.zmsh-semitech.com\/hu\/wp-json\/wp\/v2\/product\/2203\/revisions\/2210"}],"wp:featuredmedia":[{"embeddable":true,"href":"https:\/\/www.zmsh-semitech.com\/hu\/wp-json\/wp\/v2\/media\/2207"}],"wp:attachment":[{"href":"https:\/\/www.zmsh-semitech.com\/hu\/wp-json\/wp\/v2\/media?parent=2203"}],"wp:term":[{"taxonomy":"product_brand","embeddable":true,"href":"https:\/\/www.zmsh-semitech.com\/hu\/wp-json\/wp\/v2\/product_brand?post=2203"},{"taxonomy":"product_cat","embeddable":true,"href":"https:\/\/www.zmsh-semitech.com\/hu\/wp-json\/wp\/v2\/product_cat?post=2203"},{"taxonomy":"product_tag","embeddable":true,"href":"https:\/\/www.zmsh-semitech.com\/hu\/wp-json\/wp\/v2\/product_tag?post=2203"}],"curies":[{"name":"wp","href":"https:\/\/api.w.org\/{rel}","templated":true}]}}