{"id":2167,"date":"2026-04-14T02:28:42","date_gmt":"2026-04-14T02:28:42","guid":{"rendered":"https:\/\/www.zmsh-semitech.com\/?post_type=product&#038;p=2167"},"modified":"2026-04-14T02:28:45","modified_gmt":"2026-04-14T02:28:45","slug":"4-inch-4h-n-silicon-carbide-wafer","status":"publish","type":"product","link":"https:\/\/www.zmsh-semitech.com\/hu\/product\/4-inch-4h-n-silicon-carbide-wafer\/","title":{"rendered":"4 h\u00fcvelykes 100 mm-es 4H-N szil\u00edciumkarbid ostya"},"content":{"rendered":"<p data-start=\"161\" data-end=\"420\"><img fetchpriority=\"high\" decoding=\"async\" class=\"alignright wp-image-2171 size-medium\" src=\"https:\/\/www.zmsh-semitech.com\/wp-content\/uploads\/2026\/04\/4inch_silicon_carbide_wafers-300x300.webp\" alt=\"Szil\u00edcium-karbid ostya\" width=\"300\" height=\"300\" srcset=\"https:\/\/www.zmsh-semitech.com\/wp-content\/uploads\/2026\/04\/4inch_silicon_carbide_wafers-300x300.webp 300w, https:\/\/www.zmsh-semitech.com\/wp-content\/uploads\/2026\/04\/4inch_silicon_carbide_wafers-150x150.webp 150w, https:\/\/www.zmsh-semitech.com\/wp-content\/uploads\/2026\/04\/4inch_silicon_carbide_wafers-768x768.webp 768w, https:\/\/www.zmsh-semitech.com\/wp-content\/uploads\/2026\/04\/4inch_silicon_carbide_wafers-12x12.webp 12w, https:\/\/www.zmsh-semitech.com\/wp-content\/uploads\/2026\/04\/4inch_silicon_carbide_wafers-600x600.webp 600w, https:\/\/www.zmsh-semitech.com\/wp-content\/uploads\/2026\/04\/4inch_silicon_carbide_wafers-100x100.webp 100w, https:\/\/www.zmsh-semitech.com\/wp-content\/uploads\/2026\/04\/4inch_silicon_carbide_wafers.webp 800w\" sizes=\"(max-width: 300px) 100vw, 300px\" \/>The 4 inch 4H-N silicon carbide wafer is a conductive SiC substrate designed for advanced power semiconductor applications. It is based on the 4H crystal polytype, which is widely recognized in the industry for its superior electrical and thermal performance.<\/p>\n<p data-start=\"422\" data-end=\"752\">Silicon carbide belongs to the third-generation semiconductor materials and offers significant advantages over traditional silicon. Its wide bandgap, high breakdown electric field, and excellent thermal conductivity make it highly suitable for devices operating under high voltage, high frequency, and high temperature conditions.<\/p>\n<p data-start=\"754\" data-end=\"1163\">This wafer is commonly used for manufacturing power devices such as MOSFETs, Schottky barrier diodes, JFETs, and IGBTs. These devices are critical components in modern energy systems, where efficiency, reliability, and compact design are essential. The 4 inch format provides a balance between cost efficiency and device yield, making it widely adopted in both research and industrial production environments.<\/p>\n<h2 data-section-id=\"1a3ueyz\" data-start=\"1170\" data-end=\"1187\">M\u0171szaki adatok<\/h2>\n<div class=\"TyagGW_tableContainer\">\n<div class=\"group TyagGW_tableWrapper flex flex-col-reverse w-fit\" tabindex=\"-1\">\n<table class=\"w-fit min-w-(--thread-content-width)\" data-start=\"1189\" data-end=\"1522\">\n<thead data-start=\"1189\" data-end=\"1210\">\n<tr data-start=\"1189\" data-end=\"1210\">\n<th class=\"\" data-start=\"1189\" data-end=\"1201\" data-col-size=\"sm\">Param\u00e9ter<\/th>\n<th class=\"\" data-start=\"1201\" data-end=\"1210\" data-col-size=\"sm\">\u00c9rt\u00e9k<\/th>\n<\/tr>\n<\/thead>\n<tbody data-start=\"1231\" data-end=\"1522\">\n<tr data-start=\"1231\" data-end=\"1258\">\n<td data-start=\"1231\" data-end=\"1242\" data-col-size=\"sm\">\u00c1tm\u00e9r\u0151<\/td>\n<td data-col-size=\"sm\" data-start=\"1242\" data-end=\"1258\">100 \u00b1 0,5 mm<\/td>\n<\/tr>\n<tr data-start=\"1259\" data-end=\"1286\">\n<td data-start=\"1259\" data-end=\"1271\" data-col-size=\"sm\">Vastags\u00e1g<\/td>\n<td data-col-size=\"sm\" data-start=\"1271\" data-end=\"1286\">350 \u00b1 25 \u03bcm<\/td>\n<\/tr>\n<tr data-start=\"1287\" data-end=\"1304\">\n<td data-start=\"1287\" data-end=\"1298\" data-col-size=\"sm\">Polytype<\/td>\n<td data-col-size=\"sm\" data-start=\"1298\" data-end=\"1304\">4H<\/td>\n<\/tr>\n<tr data-start=\"1305\" data-end=\"1335\">\n<td data-start=\"1305\" data-end=\"1325\" data-col-size=\"sm\">Vezet\u0151k\u00e9pess\u00e9g t\u00edpusa<\/td>\n<td data-col-size=\"sm\" data-start=\"1325\" data-end=\"1335\">N-t\u00edpus\u00fa<\/td>\n<\/tr>\n<tr data-start=\"1336\" data-end=\"1371\">\n<td data-start=\"1336\" data-end=\"1356\" data-col-size=\"sm\">Fel\u00fcleti \u00e9rdess\u00e9g<\/td>\n<td data-col-size=\"sm\" data-start=\"1356\" data-end=\"1371\">Ra \u2264 0.2 nm<\/td>\n<\/tr>\n<tr data-start=\"1372\" data-end=\"1389\">\n<td data-start=\"1372\" data-end=\"1378\" data-col-size=\"sm\">TTV<\/td>\n<td data-col-size=\"sm\" data-start=\"1378\" data-end=\"1389\">\u2264 10 \u03bcm<\/td>\n<\/tr>\n<tr data-start=\"1390\" data-end=\"1408\">\n<td data-start=\"1390\" data-end=\"1397\" data-col-size=\"sm\">Warp<\/td>\n<td data-start=\"1397\" data-end=\"1408\" data-col-size=\"sm\">\u2264 30 \u03bcm<\/td>\n<\/tr>\n<tr data-start=\"1409\" data-end=\"1444\">\n<td data-start=\"1409\" data-end=\"1426\" data-col-size=\"sm\">Hibas\u0171r\u0171s\u00e9g<\/td>\n<td data-col-size=\"sm\" data-start=\"1426\" data-end=\"1444\">MPD &lt; 1 ea\/cm\u00b2<\/td>\n<\/tr>\n<tr data-start=\"1445\" data-end=\"1480\">\n<td data-start=\"1445\" data-end=\"1452\" data-col-size=\"sm\">Edge<\/td>\n<td data-start=\"1452\" data-end=\"1480\" data-col-size=\"sm\">45\u00b0 bevel, SEMI standard<\/td>\n<\/tr>\n<tr data-start=\"1481\" data-end=\"1522\">\n<td data-start=\"1481\" data-end=\"1489\" data-col-size=\"sm\">Fokozat<\/td>\n<td data-col-size=\"sm\" data-start=\"1489\" data-end=\"1522\">Gy\u00e1rt\u00e1s \/ Kutat\u00e1s \/ Dummy<\/td>\n<\/tr>\n<\/tbody>\n<\/table>\n<\/div>\n<\/div>\n<p data-start=\"1524\" data-end=\"1670\">These parameters ensure high surface quality and dimensional stability, which are essential for epitaxial growth and device fabrication processes.<\/p>\n<h2 data-section-id=\"1p4die8\" data-start=\"1677\" data-end=\"1704\">Anyagi jellemz\u0151k<\/h2>\n<p data-start=\"1706\" data-end=\"1943\">Silicon carbide demonstrates a wide bandgap of approximately 3.26 eV, which allows devices to operate at significantly higher voltages compared to silicon. This results in improved power handling capability and reduced conduction losses.<img decoding=\"async\" class=\"size-medium wp-image-2170 alignright\" src=\"https:\/\/www.zmsh-semitech.com\/wp-content\/uploads\/2026\/04\/4inch_silicon_carbide_wafers2-300x300.webp\" alt=\"\" width=\"300\" height=\"300\" srcset=\"https:\/\/www.zmsh-semitech.com\/wp-content\/uploads\/2026\/04\/4inch_silicon_carbide_wafers2-300x300.webp 300w, https:\/\/www.zmsh-semitech.com\/wp-content\/uploads\/2026\/04\/4inch_silicon_carbide_wafers2-150x150.webp 150w, https:\/\/www.zmsh-semitech.com\/wp-content\/uploads\/2026\/04\/4inch_silicon_carbide_wafers2-768x768.webp 768w, https:\/\/www.zmsh-semitech.com\/wp-content\/uploads\/2026\/04\/4inch_silicon_carbide_wafers2-12x12.webp 12w, https:\/\/www.zmsh-semitech.com\/wp-content\/uploads\/2026\/04\/4inch_silicon_carbide_wafers2-600x600.webp 600w, https:\/\/www.zmsh-semitech.com\/wp-content\/uploads\/2026\/04\/4inch_silicon_carbide_wafers2-100x100.webp 100w, https:\/\/www.zmsh-semitech.com\/wp-content\/uploads\/2026\/04\/4inch_silicon_carbide_wafers2.webp 800w\" sizes=\"(max-width: 300px) 100vw, 300px\" \/><\/p>\n<p data-start=\"1945\" data-end=\"2159\">Another important property is its high breakdown electric field, which can be nearly ten times greater than that of silicon. This enables thinner device structures and higher efficiency in power conversion systems.<\/p>\n<p data-start=\"2161\" data-end=\"2440\">Thermal conductivity is also a key advantage. SiC conducts heat about three times more effectively than silicon, allowing devices to maintain stable performance under high load conditions. This reduces the need for complex cooling systems and improves overall system reliability.<\/p>\n<p data-start=\"2442\" data-end=\"2702\">In addition, silicon carbide maintains stable electrical characteristics at temperatures exceeding 600\u00b0C. This makes it particularly suitable for applications in harsh environments such as automotive power systems, industrial drives, and aerospace electronics.<\/p>\n<p data-start=\"2704\" data-end=\"2856\">The material also offers high electron mobility and low on-resistance, contributing to faster switching speeds and reduced energy loss in power devices.<\/p>\n<h2 data-section-id=\"1m1028d\" data-start=\"2863\" data-end=\"2887\">Available Wafer Sizes<\/h2>\n<p data-start=\"2889\" data-end=\"2984\">Silicon carbide wafers are available in multiple diameters to meet different application needs:<\/p>\n<div class=\"TyagGW_tableContainer\">\n<div class=\"group TyagGW_tableWrapper flex flex-col-reverse w-fit\" tabindex=\"-1\">\n<table class=\"w-fit min-w-(--thread-content-width)\" data-start=\"2986\" data-end=\"3227\">\n<thead data-start=\"2986\" data-end=\"3023\">\n<tr data-start=\"2986\" data-end=\"3023\">\n<th class=\"\" data-start=\"2986\" data-end=\"2993\" data-col-size=\"sm\">Size<\/th>\n<th class=\"\" data-start=\"2993\" data-end=\"3004\" data-col-size=\"sm\">\u00c1tm\u00e9r\u0151<\/th>\n<th class=\"\" data-start=\"3004\" data-end=\"3023\" data-col-size=\"sm\">Vastags\u00e1g tartom\u00e1ny<\/th>\n<\/tr>\n<\/thead>\n<tbody data-start=\"3061\" data-end=\"3227\">\n<tr data-start=\"3061\" data-end=\"3094\">\n<td data-start=\"3061\" data-end=\"3070\" data-col-size=\"sm\">2 inch<\/td>\n<td data-col-size=\"sm\" data-start=\"3070\" data-end=\"3080\">50.8 mm<\/td>\n<td data-col-size=\"sm\" data-start=\"3080\" data-end=\"3094\">330\u2013350 \u03bcm<\/td>\n<\/tr>\n<tr data-start=\"3095\" data-end=\"3128\">\n<td data-start=\"3095\" data-end=\"3104\" data-col-size=\"sm\">3 inch<\/td>\n<td data-col-size=\"sm\" data-start=\"3104\" data-end=\"3114\">76.2 mm<\/td>\n<td data-col-size=\"sm\" data-start=\"3114\" data-end=\"3128\">350\u2013500 \u03bcm<\/td>\n<\/tr>\n<tr data-start=\"3129\" data-end=\"3161\">\n<td data-start=\"3129\" data-end=\"3138\" data-col-size=\"sm\">4 h\u00fcvelyk<\/td>\n<td data-col-size=\"sm\" data-start=\"3138\" data-end=\"3147\">100 mm<\/td>\n<td data-col-size=\"sm\" data-start=\"3147\" data-end=\"3161\">350\u2013500 \u03bcm<\/td>\n<\/tr>\n<tr data-start=\"3162\" data-end=\"3194\">\n<td data-start=\"3162\" data-end=\"3171\" data-col-size=\"sm\">6 h\u00fcvelyk<\/td>\n<td data-col-size=\"sm\" data-start=\"3171\" data-end=\"3180\">150 mm<\/td>\n<td data-col-size=\"sm\" data-start=\"3180\" data-end=\"3194\">350\u2013500 \u03bcm<\/td>\n<\/tr>\n<tr data-start=\"3195\" data-end=\"3227\">\n<td data-start=\"3195\" data-end=\"3204\" data-col-size=\"sm\">8 h\u00fcvelyk<\/td>\n<td data-col-size=\"sm\" data-start=\"3204\" data-end=\"3213\">200 mm<\/td>\n<td data-col-size=\"sm\" data-start=\"3213\" data-end=\"3227\">350\u2013500 \u03bcm<\/td>\n<\/tr>\n<\/tbody>\n<\/table>\n<\/div>\n<\/div>\n<p data-start=\"3229\" data-end=\"3350\">Common types include conductive 4H-N, semi-insulating HPSI, and other specialized variants for RF and power applications.<\/p>\n<h2 data-section-id=\"mu966k\" data-start=\"3357\" data-end=\"3372\">Alkalmaz\u00e1sok<\/h2>\n<p data-start=\"3374\" data-end=\"3574\">In electric vehicles, SiC wafers are used in traction inverters, onboard chargers, and DC-DC converters. They improve energy efficiency, reduce heat generation, and enable more compact system designs.<img decoding=\"async\" class=\"size-medium wp-image-2169 alignright\" src=\"https:\/\/www.zmsh-semitech.com\/wp-content\/uploads\/2026\/04\/4inch_silicon_carbide_wafers4-300x300.webp\" alt=\"\" width=\"300\" height=\"300\" srcset=\"https:\/\/www.zmsh-semitech.com\/wp-content\/uploads\/2026\/04\/4inch_silicon_carbide_wafers4-300x300.webp 300w, https:\/\/www.zmsh-semitech.com\/wp-content\/uploads\/2026\/04\/4inch_silicon_carbide_wafers4-150x150.webp 150w, https:\/\/www.zmsh-semitech.com\/wp-content\/uploads\/2026\/04\/4inch_silicon_carbide_wafers4-768x768.webp 768w, https:\/\/www.zmsh-semitech.com\/wp-content\/uploads\/2026\/04\/4inch_silicon_carbide_wafers4-12x12.webp 12w, https:\/\/www.zmsh-semitech.com\/wp-content\/uploads\/2026\/04\/4inch_silicon_carbide_wafers4-600x600.webp 600w, https:\/\/www.zmsh-semitech.com\/wp-content\/uploads\/2026\/04\/4inch_silicon_carbide_wafers4-100x100.webp 100w, https:\/\/www.zmsh-semitech.com\/wp-content\/uploads\/2026\/04\/4inch_silicon_carbide_wafers4.webp 800w\" sizes=\"(max-width: 300px) 100vw, 300px\" \/><\/p>\n<p data-start=\"3576\" data-end=\"3764\">In renewable energy systems, SiC devices are applied in solar inverters and wind power converters. Their high efficiency contributes to reduced energy loss and improved system performance.<\/p>\n<p data-start=\"3766\" data-end=\"3928\">Industrial systems also benefit from SiC technology, especially in high-power motor drives and automation equipment where reliability and durability are critical.<\/p>\n<p data-start=\"3930\" data-end=\"4111\">In power grid infrastructure, silicon carbide is used in smart grid systems and high-voltage transmission equipment to enhance energy conversion efficiency and reduce system losses.<\/p>\n<p data-start=\"4113\" data-end=\"4266\">Aerospace and defense applications utilize SiC for high-reliability electronics that must operate under extreme temperature and environmental conditions.<\/p>\n<h2 data-section-id=\"19b7k0q\" data-start=\"4273\" data-end=\"4296\">Si vs SiC \u00f6sszehasonl\u00edt\u00e1s<\/h2>\n<div class=\"TyagGW_tableContainer\">\n<div class=\"group TyagGW_tableWrapper flex flex-col-reverse w-fit\" tabindex=\"-1\">\n<table class=\"w-fit min-w-(--thread-content-width)\" data-start=\"4298\" data-end=\"4557\">\n<thead data-start=\"4298\" data-end=\"4338\">\n<tr data-start=\"4298\" data-end=\"4338\">\n<th class=\"\" data-start=\"4298\" data-end=\"4309\" data-col-size=\"sm\">Ingatlan<\/th>\n<th class=\"\" data-start=\"4309\" data-end=\"4319\" data-col-size=\"sm\">Szil\u00edcium<\/th>\n<th class=\"\" data-start=\"4319\" data-end=\"4338\" data-col-size=\"sm\">Szil\u00edcium-karbid<\/th>\n<\/tr>\n<\/thead>\n<tbody data-start=\"4379\" data-end=\"4557\">\n<tr data-start=\"4379\" data-end=\"4410\">\n<td data-start=\"4379\" data-end=\"4389\" data-col-size=\"sm\">Bandgap<\/td>\n<td data-col-size=\"sm\" data-start=\"4389\" data-end=\"4399\">1,12 eV<\/td>\n<td data-col-size=\"sm\" data-start=\"4399\" data-end=\"4410\">3.26 eV<\/td>\n<\/tr>\n<tr data-start=\"4411\" data-end=\"4443\">\n<td data-start=\"4411\" data-end=\"4429\" data-col-size=\"sm\">Breakdown Field<\/td>\n<td data-col-size=\"sm\" data-start=\"4429\" data-end=\"4435\">Alacsony<\/td>\n<td data-col-size=\"sm\" data-start=\"4435\" data-end=\"4443\">Magas<\/td>\n<\/tr>\n<tr data-start=\"4444\" data-end=\"4486\">\n<td data-start=\"4444\" data-end=\"4467\" data-col-size=\"sm\">H\u0151vezet\u0151 k\u00e9pess\u00e9g<\/td>\n<td data-col-size=\"sm\" data-start=\"4467\" data-end=\"4478\">M\u00e9rs\u00e9kelt<\/td>\n<td data-col-size=\"sm\" data-start=\"4478\" data-end=\"4486\">Magas<\/td>\n<\/tr>\n<tr data-start=\"4487\" data-end=\"4524\">\n<td data-start=\"4487\" data-end=\"4505\" data-col-size=\"sm\">Max Temperature<\/td>\n<td data-col-size=\"sm\" data-start=\"4505\" data-end=\"4514\">~150\u00b0C<\/td>\n<td data-col-size=\"sm\" data-start=\"4514\" data-end=\"4524\">&gt;600\u00b0C<\/td>\n<\/tr>\n<tr data-start=\"4525\" data-end=\"4557\">\n<td data-start=\"4525\" data-end=\"4538\" data-col-size=\"sm\">Hat\u00e9konys\u00e1g<\/td>\n<td data-col-size=\"sm\" data-start=\"4538\" data-end=\"4549\">Standard<\/td>\n<td data-col-size=\"sm\" data-start=\"4549\" data-end=\"4557\">Magas<\/td>\n<\/tr>\n<\/tbody>\n<\/table>\n<\/div>\n<\/div>\n<p data-start=\"4559\" data-end=\"4716\">Silicon remains suitable for low-power and conventional electronics, while silicon carbide is increasingly preferred for high-power, high-efficiency systems.<\/p>\n<h2 data-section-id=\"1hryhf7\" data-start=\"4723\" data-end=\"4729\">GYIK<\/h2>\n<p data-start=\"4731\" data-end=\"5020\"><strong>Q: What is the difference between silicon and silicon carbide wafers?<\/strong><br data-start=\"4800\" data-end=\"4803\" \/>A szil\u00edciumszeleteket sz\u00e9les k\u00f6rben haszn\u00e1lj\u00e1k integr\u00e1lt \u00e1ramk\u00f6r\u00f6kben \u00e9s szabv\u00e1nyos elektronikus eszk\u00f6z\u00f6kben. A szil\u00edcium-karbid osty\u00e1kat a teljes\u00edtm\u00e9nyelektronik\u00e1hoz tervezt\u00e9k, ahol nagy fesz\u00fclts\u00e9gre, magas h\u0151m\u00e9rs\u00e9kletre \u00e9s nagy hat\u00e9konys\u00e1gra van sz\u00fcks\u00e9g.<\/p>\n<p data-start=\"5022\" data-end=\"5286\"><strong>K: Hogyan viszonyul a SiC a GaN-hez?<\/strong><br data-start=\"5055\" data-end=\"5058\" \/>A SiC-t jellemz\u0151en nagyfesz\u00fclts\u00e9g\u0171 \u00e9s nagy teljes\u00edtm\u00e9ny\u0171 alkalmaz\u00e1sokban haszn\u00e1lj\u00e1k, p\u00e9ld\u00e1ul elektromos j\u00e1rm\u0171vekben \u00e9s elektromos h\u00e1l\u00f3zatokban. A GaN alkalmasabb a nagyfrekvenci\u00e1s \u00e9s alacsonyabb fesz\u00fclts\u00e9g\u0171 alkalmaz\u00e1sokhoz, bele\u00e9rtve az RF-rendszereket \u00e9s a gyorst\u00f6lt\u0151 eszk\u00f6z\u00f6ket.<\/p>\n<p data-start=\"5288\" data-end=\"5529\"><strong>K: A szil\u00edciumkarbid ker\u00e1mia vagy f\u00e9lvezet\u0151?<\/strong><br data-start=\"5339\" data-end=\"5342\" \/>A szil\u00edciumkarbid egyszerre ker\u00e1mia \u00e9s f\u00e9lvezet\u0151. A nagy mechanikai szil\u00e1rds\u00e1got kiv\u00e1l\u00f3 elektromos tulajdons\u00e1gokkal \u00f6tv\u00f6zi, ami alkalmass\u00e1 teszi ig\u00e9nyes elektronikai alkalmaz\u00e1sokhoz.<\/p>\n<p data-start=\"5551\" data-end=\"5953\">","protected":false},"excerpt":{"rendered":"<p>The 4 inch 4H-N silicon carbide wafer is a key material for modern power electronics. Its combination of electrical efficiency, thermal performance, and reliability makes it an essential substrate for next-generation devices. As industries continue to demand higher energy efficiency and system performance, SiC wafers are becoming increasingly important in both commercial and industrial applications.<\/p>","protected":false},"featured_media":2168,"comment_status":"open","ping_status":"closed","template":"","meta":{"site-sidebar-layout":"default","site-content-layout":"","ast-site-content-layout":"default","site-content-style":"default","site-sidebar-style":"default","ast-global-header-display":"","ast-banner-title-visibility":"","ast-main-header-display":"","ast-hfb-above-header-display":"","ast-hfb-below-header-display":"","ast-hfb-mobile-header-display":"","site-post-title":"","ast-breadcrumbs-content":"","ast-featured-img":"","footer-sml-layout":"","ast-disable-related-posts":"","theme-transparent-header-meta":"default","adv-header-id-meta":"","stick-header-meta":"default","header-above-stick-meta":"","header-main-stick-meta":"","header-below-stick-meta":"","astra-migrate-meta-layouts":"set","ast-page-background-enabled":"default","ast-page-background-meta":{"desktop":{"background-color":"var(--ast-global-color-4)","background-image":"","background-repeat":"repeat","background-position":"center center","background-size":"auto","background-attachment":"scroll","background-type":"","background-media":"","overlay-type":"","overlay-color":"","overlay-opacity":"","overlay-gradient":""},"tablet":{"background-color":"","background-image":"","background-repeat":"repeat","background-position":"center center","background-size":"auto","background-attachment":"scroll","background-type":"","background-media":"","overlay-type":"","overlay-color":"","overlay-opacity":"","overlay-gradient":""},"mobile":{"background-color":"","background-image":"","background-repeat":"repeat","background-position":"center center","background-size":"auto","background-attachment":"scroll","background-type":"","background-media":"","overlay-type":"","overlay-color":"","overlay-opacity":"","overlay-gradient":""}},"ast-content-background-meta":{"desktop":{"background-color":"var(--ast-global-color-5)","background-image":"","background-repeat":"repeat","background-position":"center center","background-size":"auto","background-attachment":"scroll","background-type":"","background-media":"","overlay-type":"","overlay-color":"","overlay-opacity":"","overlay-gradient":""},"tablet":{"background-color":"var(--ast-global-color-5)","background-image":"","background-repeat":"repeat","background-position":"center center","background-size":"auto","background-attachment":"scroll","background-type":"","background-media":"","overlay-type":"","overlay-color":"","overlay-opacity":"","overlay-gradient":""},"mobile":{"background-color":"var(--ast-global-color-5)","background-image":"","background-repeat":"repeat","background-position":"center center","background-size":"auto","background-attachment":"scroll","background-type":"","background-media":"","overlay-type":"","overlay-color":"","overlay-opacity":"","overlay-gradient":""}}},"product_brand":[],"product_cat":[729],"product_tag":[930,929,935,931,932,934,933,928,927,692],"class_list":{"0":"post-2167","1":"product","2":"type-product","3":"status-publish","4":"has-post-thumbnail","6":"product_cat-wafer","7":"product_tag-4-inch-sic-wafer","8":"product_tag-4h-n-sic","9":"product_tag-ev-power-electronics-material","10":"product_tag-n-type-sic-wafer","11":"product_tag-power-semiconductor-material","12":"product_tag-schottky-diode-substrate","13":"product_tag-sic-mosfet-wafer","14":"product_tag-sic-substrate","15":"product_tag-silicon-carbide-wafer","16":"product_tag-wide-bandgap-semiconductor","17":"desktop-align-left","18":"tablet-align-left","19":"mobile-align-left","20":"ast-product-gallery-layout-horizontal-slider","21":"ast-product-tabs-layout-horizontal","23":"first","24":"instock","25":"shipping-taxable","26":"product-type-simple"},"_links":{"self":[{"href":"https:\/\/www.zmsh-semitech.com\/hu\/wp-json\/wp\/v2\/product\/2167","targetHints":{"allow":["GET"]}}],"collection":[{"href":"https:\/\/www.zmsh-semitech.com\/hu\/wp-json\/wp\/v2\/product"}],"about":[{"href":"https:\/\/www.zmsh-semitech.com\/hu\/wp-json\/wp\/v2\/types\/product"}],"replies":[{"embeddable":true,"href":"https:\/\/www.zmsh-semitech.com\/hu\/wp-json\/wp\/v2\/comments?post=2167"}],"version-history":[{"count":1,"href":"https:\/\/www.zmsh-semitech.com\/hu\/wp-json\/wp\/v2\/product\/2167\/revisions"}],"predecessor-version":[{"id":2172,"href":"https:\/\/www.zmsh-semitech.com\/hu\/wp-json\/wp\/v2\/product\/2167\/revisions\/2172"}],"wp:featuredmedia":[{"embeddable":true,"href":"https:\/\/www.zmsh-semitech.com\/hu\/wp-json\/wp\/v2\/media\/2168"}],"wp:attachment":[{"href":"https:\/\/www.zmsh-semitech.com\/hu\/wp-json\/wp\/v2\/media?parent=2167"}],"wp:term":[{"taxonomy":"product_brand","embeddable":true,"href":"https:\/\/www.zmsh-semitech.com\/hu\/wp-json\/wp\/v2\/product_brand?post=2167"},{"taxonomy":"product_cat","embeddable":true,"href":"https:\/\/www.zmsh-semitech.com\/hu\/wp-json\/wp\/v2\/product_cat?post=2167"},{"taxonomy":"product_tag","embeddable":true,"href":"https:\/\/www.zmsh-semitech.com\/hu\/wp-json\/wp\/v2\/product_tag?post=2167"}],"curies":[{"name":"wp","href":"https:\/\/api.w.org\/{rel}","templated":true}]}}