{"id":2154,"date":"2026-04-09T07:52:50","date_gmt":"2026-04-09T07:52:50","guid":{"rendered":"https:\/\/www.zmsh-semitech.com\/?post_type=product&#038;p=2154"},"modified":"2026-04-09T09:41:00","modified_gmt":"2026-04-09T09:41:00","slug":"hp-8201-fully-automatic-8-inch-wafer-dicing-machine","status":"publish","type":"product","link":"https:\/\/www.zmsh-semitech.com\/hu\/product\/hp-8201-fully-automatic-8-inch-wafer-dicing-machine\/","title":{"rendered":"HP-8201 teljesen automatikus 8 h\u00fcvelykes ostyaszeletel\u0151 g\u00e9p"},"content":{"rendered":"<p data-start=\"203\" data-end=\"763\"><img fetchpriority=\"high\" decoding=\"async\" class=\"size-medium wp-image-2157 alignright\" src=\"https:\/\/www.zmsh-semitech.com\/wp-content\/uploads\/2026\/04\/HP-8201-Fully-Automatic-8-Inch-Wafer-Dicing-Machine-1-300x300.png\" alt=\"\" width=\"300\" height=\"300\" srcset=\"https:\/\/www.zmsh-semitech.com\/wp-content\/uploads\/2026\/04\/HP-8201-Fully-Automatic-8-Inch-Wafer-Dicing-Machine-1-300x300.png 300w, https:\/\/www.zmsh-semitech.com\/wp-content\/uploads\/2026\/04\/HP-8201-Fully-Automatic-8-Inch-Wafer-Dicing-Machine-1-150x150.png 150w, https:\/\/www.zmsh-semitech.com\/wp-content\/uploads\/2026\/04\/HP-8201-Fully-Automatic-8-Inch-Wafer-Dicing-Machine-1-768x768.png 768w, https:\/\/www.zmsh-semitech.com\/wp-content\/uploads\/2026\/04\/HP-8201-Fully-Automatic-8-Inch-Wafer-Dicing-Machine-1-12x12.png 12w, https:\/\/www.zmsh-semitech.com\/wp-content\/uploads\/2026\/04\/HP-8201-Fully-Automatic-8-Inch-Wafer-Dicing-Machine-1-600x600.png 600w, https:\/\/www.zmsh-semitech.com\/wp-content\/uploads\/2026\/04\/HP-8201-Fully-Automatic-8-Inch-Wafer-Dicing-Machine-1-100x100.png 100w, https:\/\/www.zmsh-semitech.com\/wp-content\/uploads\/2026\/04\/HP-8201-Fully-Automatic-8-Inch-Wafer-Dicing-Machine-1.png 1000w\" sizes=\"(max-width: 300px) 100vw, 300px\" \/>A HP-8201 egy nagy hat\u00e9konys\u00e1g\u00fa, teljesen automatikus ostyaszeletel\u0151 g\u00e9p, amelyet f\u00e9lvezet\u0151 \u00e9s krist\u00e1lyos anyagok prec\u00edzi\u00f3s v\u00e1g\u00e1s\u00e1ra terveztek. Ez a fejlett szeletel\u0151rendszer ak\u00e1r 8 h\u00fcvelyk \u00e1tm\u00e9r\u0151j\u0171 osty\u00e1k befogad\u00e1s\u00e1ra is alkalmas, \u00e9s az anyagok sz\u00e9les sk\u00e1l\u00e1j\u00e1t t\u00e1mogatja, bele\u00e9rtve a szil\u00edciumot (Si), a szil\u00edcium-karbidot (SiC), a l\u00edtium-tantal\u00e1tot (LT) \u00e9s a l\u00edtium-niob\u00e1tot (LN). A HP-8201 egyes\u00edti a sebess\u00e9get, a pontoss\u00e1got \u00e9s az automatiz\u00e1l\u00e1st egyetlen platformon, \u00edgy teljes k\u00f6r\u0171 megold\u00e1st k\u00edn\u00e1l a nagy volumen\u0171 gy\u00e1rt\u00e1si k\u00f6rnyezetekhez \u00e9s a speci\u00e1lis ostyafeldolgoz\u00e1si ig\u00e9nyekhez.<\/p>\n<p data-start=\"765\" data-end=\"1153\">A g\u00e9p egyetlen automatiz\u00e1lt munkafolyamatba integr\u00e1lja az \u00f6sszes kritikus l\u00e9p\u00e9st: az osty\u00e1k be- \u00e9s kirakod\u00e1s\u00e1t, a pontos igaz\u00edt\u00e1st, a szeletel\u00e9st, a v\u00e1g\u00e1s ut\u00e1ni tiszt\u00edt\u00e1st \u00e9s a sz\u00e1r\u00edt\u00e1st. A k\u00e9zi beavatkoz\u00e1s cs\u00f6kkent\u00e9s\u00e9vel nagy \u00e1tereszt\u0151k\u00e9pess\u00e9get biztos\u00edt, mik\u00f6zben fenntartja az egyenletes min\u0151s\u00e9get, \u00edgy ide\u00e1lis az olyan ipar\u00e1gak sz\u00e1m\u00e1ra, mint a f\u00e9lvezet\u0151gy\u00e1rt\u00e1s, a MEMS-eszk\u00f6z\u00f6k, az optoelektronika \u00e9s a fejlett \u00e9rz\u00e9kel\u0151k gy\u00e1rt\u00e1sa.<\/p>\n<h3 data-section-id=\"1q9yu5h\" data-start=\"1160\" data-end=\"1197\"><span role=\"text\">F\u0151bb jellemz\u0151k \u00e9s el\u0151ny\u00f6k<\/span><\/h3>\n<ul data-start=\"1199\" data-end=\"2995\">\n<li data-section-id=\"57r6pe\" data-start=\"1199\" data-end=\"1499\">Kett\u0151s ellent\u00e9tes ors\u00f3szerkezet: A HP-8201 kett\u0151s ors\u00f3s kialak\u00edt\u00e1s\u00fa, r\u00f6vid\u00edtett ors\u00f3t\u00e1vols\u00e1ggal, ami lehet\u0151v\u00e9 teszi az egyidej\u0171 v\u00e1g\u00e1si m\u0171veleteket. Ez a konfigur\u00e1ci\u00f3 jelent\u0151sen jav\u00edtja a gy\u00e1rt\u00e1si hat\u00e9konys\u00e1got \u00e9s az \u00e1tereszt\u0151k\u00e9pess\u00e9get, \u00edgy alkalmas nagy volumen\u0171 gy\u00e1rt\u00e1si k\u00f6rnyezetekbe.<\/li>\n<li data-section-id=\"1qbjmd8\" data-start=\"1501\" data-end=\"1787\">Teljesen automatiz\u00e1lt munkafolyamat: A g\u00e9p v\u00e9gpontt\u00f3l v\u00e9gpontig automatiz\u00e1lva van, bele\u00e9rtve az ostyakezel\u00e9st, az igaz\u00edt\u00e1st, a szeletel\u00e9st \u00e9s a tiszt\u00edt\u00e1st\/sz\u00e1r\u00edt\u00e1st. A kezel\u0151k folyamatos termel\u00e9st \u00e9rhetnek el minim\u00e1lis k\u00e9zi beavatkoz\u00e1ssal, cs\u00f6kkentve a munkaer\u0151k\u00f6lts\u00e9geket \u00e9s jav\u00edtva az \u00e1ltal\u00e1nos m\u0171k\u00f6d\u00e9si hat\u00e9konys\u00e1got.<\/li>\n<li data-section-id=\"499qor\" data-start=\"1789\" data-end=\"2157\">Kett\u0151s mikroszk\u00f3pos rendszer: A HP-8201 nagy \u00e9s kis nagy\u00edt\u00e1s\u00fa mikroszk\u00f3pokkal felszerelt, prec\u00edz automatikus ostyaigaz\u00edt\u00e1st \u00e9s nagy pontoss\u00e1g\u00fa pengejel-\u00e9rz\u00e9kel\u00e9st k\u00edn\u00e1l. Ezenk\u00edv\u00fcl t\u00e1mogatja a Sub-C\/T seg\u00e9dlet\u0171 pengekik\u00e9sz\u00edt\u00e9st, amely biztos\u00edtja a peng\u00e9k egyenletes \u00e1llapot\u00e1t \u00e9s az optim\u00e1lis v\u00e1g\u00e1si teljes\u00edtm\u00e9nyt, ami jobb hozamot \u00e9s fel\u00fcleti min\u0151s\u00e9get eredm\u00e9nyez.<\/li>\n<li data-section-id=\"1pvlp5f\" data-start=\"2159\" data-end=\"2466\">Opcion\u00e1lis v\u00edz-g\u00e1z kett\u0151s f\u00fav\u00f3ka: Az olyan osty\u00e1khoz, amelyek a szeletel\u00e9s ut\u00e1n kiv\u00e1l\u00f3 tisztas\u00e1got ig\u00e9nyelnek, opcion\u00e1lis kett\u0151s v\u00edz-g\u00e1z f\u00fav\u00f3ka telep\u00edthet\u0151. Ez a funkci\u00f3 hat\u00e9konyan t\u00e1vol\u00edtja el a t\u00f6rmel\u00e9ket \u00e9s a r\u00e9szecsk\u00e9ket, cs\u00f6kkentve a szennyez\u0151d\u00e9s kock\u00e1zat\u00e1t \u00e9s biztos\u00edtva a kiv\u00e1l\u00f3 min\u0151s\u00e9g\u0171 ostyafel\u00fcletet a tov\u00e1bbi feldolgoz\u00e1shoz.<\/li>\n<li data-section-id=\"1yt1cve\" data-start=\"2468\" data-end=\"2698\">Fejlett v\u00e1g\u00e1si k\u00e9pess\u00e9gek: A rendszer gy\u0171r\u0171s v\u00e1g\u00e1si \u00e9s \u00e9lv\u00e1g\u00e1si lehet\u0151s\u00e9gekkel konfigur\u00e1lhat\u00f3, ami rugalmass\u00e1got biztos\u00edt a speci\u00e1lis ostyageometri\u00e1k vagy a prec\u00edzi\u00f3s \u00e9lmegmunk\u00e1l\u00e1st ig\u00e9nyl\u0151 alkalmaz\u00e1sok sz\u00e1m\u00e1ra.<\/li>\n<li data-section-id=\"14hno35\" data-start=\"2700\" data-end=\"2995\">Anyagi sokoldal\u00fas\u00e1g: A HP-8201 az anyagok sz\u00e9les sk\u00e1l\u00e1j\u00e1val kompatibilis, bele\u00e9rtve az olyan rideg szubsztr\u00e1tokat is, mint a Si, SiC, LT \u00e9s LN. Alkalmazkod\u00f3k\u00e9pess\u00e9ge biztos\u00edtja, hogy a felhaszn\u00e1l\u00f3k g\u00e9pv\u00e1lt\u00e1s n\u00e9lk\u00fcl dolgozhatnak fel k\u00fcl\u00f6nb\u00f6z\u0151 t\u00edpus\u00fa osty\u00e1kat, ami elengedhetetlen a v\u00e1ltozatos gy\u00e1rt\u00f3sorok eset\u00e9ben.<\/li>\n<\/ul>\n<h3 data-section-id=\"1880me3\" data-start=\"3002\" data-end=\"3036\"><span role=\"text\">M\u0171szaki specifik\u00e1ci\u00f3k<\/span><\/h3>\n<div class=\"TyagGW_tableContainer\">\n<div class=\"group TyagGW_tableWrapper flex flex-col-reverse w-fit\" tabindex=\"-1\">\n<table class=\"w-fit min-w-(--thread-content-width)\" data-start=\"3038\" data-end=\"3378\">\n<thead data-start=\"3038\" data-end=\"3067\">\n<tr data-start=\"3038\" data-end=\"3067\">\n<th class=\"\" data-start=\"3038\" data-end=\"3050\" data-col-size=\"sm\">Param\u00e9ter<\/th>\n<th class=\"\" data-start=\"3050\" data-end=\"3067\" data-col-size=\"md\">Specifik\u00e1ci\u00f3<\/th>\n<\/tr>\n<\/thead>\n<tbody data-start=\"3098\" data-end=\"3378\">\n<tr data-start=\"3098\" data-end=\"3167\">\n<td data-start=\"3098\" data-end=\"3122\" data-col-size=\"sm\">Ors\u00f3 teljes\u00edtm\u00e9ny \/ sebess\u00e9g<\/td>\n<td data-col-size=\"md\" data-start=\"3122\" data-end=\"3167\">1,8kW \/ 2,2kW (opcion\u00e1lis) \/ 6000-60000 fordulat\/perc<\/td>\n<\/tr>\n<tr data-start=\"3168\" data-end=\"3188\">\n<td data-start=\"3168\" data-end=\"3182\" data-col-size=\"sm\">Karima m\u00e9rete<\/td>\n<td data-col-size=\"md\" data-start=\"3182\" data-end=\"3188\">2\u2033<\/td>\n<\/tr>\n<tr data-start=\"3189\" data-end=\"3235\">\n<td data-start=\"3189\" data-end=\"3214\" data-col-size=\"sm\">Maxim\u00e1lis munkadarab m\u00e9ret<\/td>\n<td data-col-size=\"md\" data-start=\"3214\" data-end=\"3235\">K\u00f6r alak\u00fa: \u00f8200 mm<\/td>\n<\/tr>\n<tr data-start=\"3236\" data-end=\"3323\">\n<td data-start=\"3236\" data-end=\"3257\" data-col-size=\"sm\">Objekt\u00edv konfigur\u00e1ci\u00f3<\/td>\n<td data-col-size=\"md\" data-start=\"3257\" data-end=\"3323\">Nagy nagy\u00edt\u00e1s: Alacsony nagy\u00edt\u00e1s: 7,5\u00d7 \/ Alacsony nagy\u00edt\u00e1s: 7,5\u00d7: (opcion\u00e1lis): 0,75\u00d7 (opcion\u00e1lis)<\/td>\n<\/tr>\n<tr data-start=\"3324\" data-end=\"3378\">\n<td data-start=\"3324\" data-end=\"3353\" data-col-size=\"sm\">A g\u00e9p m\u00e9retei (W\u00d7D\u00d7H)<\/td>\n<td data-col-size=\"md\" data-start=\"3353\" data-end=\"3378\">1190 \u00d7 1150 \u00d7 1850 mm<\/td>\n<\/tr>\n<\/tbody>\n<\/table>\n<\/div>\n<\/div>\n<h3 data-section-id=\"xdxar3\" data-start=\"3385\" data-end=\"3407\"><span role=\"text\">Alkalmaz\u00e1sok<\/span><\/h3>\n<p data-start=\"3409\" data-end=\"3545\">A HP-8201-t \u00fagy tervezt\u00e9k, hogy megfeleljen a modern f\u00e9lvezet\u0151- \u00e9s krist\u00e1lyos anyagfeldolgoz\u00e1s ig\u00e9nyeinek. Jellemz\u0151 alkalmaz\u00e1sok k\u00f6z\u00e9 tartoznak:<\/p>\n<ol data-start=\"3547\" data-end=\"4222\">\n<li data-section-id=\"5ewhyp\" data-start=\"3547\" data-end=\"3678\">F\u00e9lvezet\u0151 szeletel\u00e9s: Szil\u00edcium \u00e9s SiC osty\u00e1k v\u00e1g\u00e1sa integr\u00e1lt \u00e1ramk\u00f6r\u00f6k, teljes\u00edtm\u00e9nyeszk\u00f6z\u00f6k \u00e9s MEMS-elemek sz\u00e1m\u00e1ra.<\/li>\n<li data-section-id=\"vngdi7\" data-start=\"3679\" data-end=\"3824\">Optoelektronikai eszk\u00f6z\u00f6k: Optikai modul\u00e1torokban, akusztikai eszk\u00f6z\u00f6kben \u00e9s piezoelektromos alkatr\u00e9szekben haszn\u00e1lt LT- \u00e9s LN-lemezek prec\u00edzi\u00f3s szeletel\u00e9se.<\/li>\n<li data-section-id=\"13045vh\" data-start=\"3825\" data-end=\"3955\">\u00c9lv\u00e1g\u00e1s \u00e9s gy\u0171r\u0171v\u00e1g\u00e1s: Speci\u00e1lis feldolgoz\u00e1s olyan osty\u00e1khoz, amelyek egyedi form\u00e1kat vagy cs\u00f6kkentett peremhib\u00e1kat ig\u00e9nyelnek.<\/li>\n<li data-section-id=\"14a93cw\" data-start=\"3956\" data-end=\"4083\">Nagy volumen\u0171 gy\u00e1rt\u00e1s: Automatiz\u00e1lt, folyamatos gy\u00e1rt\u00e1s nagyfok\u00fa ism\u00e9telhet\u0151s\u00e9ggel \u00e9s minim\u00e1lis kezel\u0151i beavatkoz\u00e1ssal.<\/li>\n<li data-section-id=\"kp3x5v\" data-start=\"4084\" data-end=\"4222\">Kutat\u00e1s \u00e9s fejleszt\u00e9s: Rugalmas feldolgoz\u00e1s k\u00eds\u00e9rleti osty\u00e1khoz vagy kis volumen\u0171, nagy pontoss\u00e1g\u00fa alkalmaz\u00e1sokhoz fejlett laborat\u00f3riumokban.<\/li>\n<\/ol>\n<h3 data-section-id=\"14nwj98\" data-start=\"4229\" data-end=\"4258\"><span role=\"text\"><img decoding=\"async\" class=\"size-medium wp-image-2122 alignright\" src=\"https:\/\/www.zmsh-semitech.com\/wp-content\/uploads\/2026\/04\/Wafer-Back-Grinding-Machine-300x300.png\" alt=\"\" width=\"300\" height=\"300\" srcset=\"https:\/\/www.zmsh-semitech.com\/wp-content\/uploads\/2026\/04\/Wafer-Back-Grinding-Machine-300x300.png 300w, https:\/\/www.zmsh-semitech.com\/wp-content\/uploads\/2026\/04\/Wafer-Back-Grinding-Machine-150x150.png 150w, https:\/\/www.zmsh-semitech.com\/wp-content\/uploads\/2026\/04\/Wafer-Back-Grinding-Machine-768x768.png 768w, https:\/\/www.zmsh-semitech.com\/wp-content\/uploads\/2026\/04\/Wafer-Back-Grinding-Machine-12x12.png 12w, https:\/\/www.zmsh-semitech.com\/wp-content\/uploads\/2026\/04\/Wafer-Back-Grinding-Machine-600x600.png 600w, https:\/\/www.zmsh-semitech.com\/wp-content\/uploads\/2026\/04\/Wafer-Back-Grinding-Machine-100x100.png 100w, https:\/\/www.zmsh-semitech.com\/wp-content\/uploads\/2026\/04\/Wafer-Back-Grinding-Machine.png 1000w\" sizes=\"(max-width: 300px) 100vw, 300px\" \/>Mi\u00e9rt v\u00e1lassza a HP-8201-t?<\/span><\/h3>\n<ul data-start=\"4260\" data-end=\"4941\">\n<li data-section-id=\"9bxm8z\" data-start=\"4260\" data-end=\"4392\">Fokozott hat\u00e9konys\u00e1g: A kett\u0151s, egym\u00e1ssal szemben \u00e1ll\u00f3 ors\u00f3k \u00e9s a r\u00f6vid\u00edtett ors\u00f3t\u00e1vols\u00e1g gyorsabb \u00e1tfut\u00e1st \u00e9s pontosabb v\u00e1g\u00e1sokat tesz lehet\u0151v\u00e9.<\/li>\n<li data-section-id=\"1obg754\" data-start=\"4393\" data-end=\"4533\">Kiv\u00e1l\u00f3 precizit\u00e1s: A kett\u0151s mikroszk\u00f3pos rendszer biztos\u00edtja az igaz\u00edt\u00e1si pontoss\u00e1got \u00e9s a pengemaradv\u00e1nyok pontos felismer\u00e9s\u00e9t az egyenletes ostyamin\u0151s\u00e9g \u00e9rdek\u00e9ben.<\/li>\n<li data-section-id=\"1lrcp5y\" data-start=\"4534\" data-end=\"4659\">Sokoldal\u00fa \u00e9s rugalmas: T\u00e1mogatja az anyagok sz\u00e9les sk\u00e1l\u00e1j\u00e1t \u00e9s az opcion\u00e1lis modulokat az \u00e9lv\u00e1g\u00e1shoz \u00e9s a gy\u0171r\u0171v\u00e1g\u00e1shoz.<\/li>\n<li data-section-id=\"i1ymyp\" data-start=\"4660\" data-end=\"4799\">Integr\u00e1lt tiszt\u00edt\u00e1s \u00e9s sz\u00e1r\u00edt\u00e1s: Cs\u00f6kkenti az ut\u00f3lagos feldolgoz\u00e1si l\u00e9p\u00e9seket \u00e9s biztos\u00edtja a nagy hozam\u00fa gy\u00e1rt\u00e1s szempontj\u00e1b\u00f3l kritikusan fontos tiszta ostyafel\u00fcleteket.<\/li>\n<li data-section-id=\"1baebkj\" data-start=\"4800\" data-end=\"4941\">Megb\u00edzhat\u00f3 automatiz\u00e1l\u00e1s: A teljesen automatiz\u00e1lt bet\u00f6lt\u00e9s, kock\u00e1z\u00e1s \u00e9s tiszt\u00edt\u00e1s minimaliz\u00e1lja az emberi hib\u00e1kat \u00e9s jav\u00edtja a termel\u00e9s \u00e1ltal\u00e1nos megb\u00edzhat\u00f3s\u00e1g\u00e1t.<\/li>\n<\/ul>\n<p data-start=\"4943\" data-end=\"5191\">A HP-8201 egy \u00e1tfog\u00f3 megold\u00e1s a szeletv\u00e1g\u00e1si m\u0171veletekhez, amely egyes\u00edti a sebess\u00e9get, a pontoss\u00e1got \u00e9s a sokoldal\u00fas\u00e1got. Olyan gy\u00e1rt\u00f3k sz\u00e1m\u00e1ra k\u00e9sz\u00fclt, akik a gy\u00e1rt\u00e1si hat\u00e9konys\u00e1g optimaliz\u00e1l\u00e1s\u00e1ra t\u00f6rekszenek, mik\u00f6zben a legmagasabb szint\u0171 ostyamin\u0151s\u00e9get k\u00edv\u00e1nj\u00e1k fenntartani.<\/p>\n<h3 data-section-id=\"1vvukxy\" data-start=\"70\" data-end=\"128\"><span role=\"text\">GYIK\u00a0<\/span><\/h3>\n<p data-start=\"130\" data-end=\"313\">1. Milyen anyagokat k\u00e9pes feldolgozni a HP-8201?<br data-start=\"176\" data-end=\"179\" \/>A rendszer ak\u00e1r 8 h\u00fcvelykes osty\u00e1kat is t\u00e1mogat, bele\u00e9rtve a Si, SiC, LT \u00e9s LN osty\u00e1kat, amelyek alkalmasak f\u00e9lvezet\u0151k, MEMS \u00e9s optoelektronikai eszk\u00f6z\u00f6k gy\u00e1rt\u00e1s\u00e1ra.<\/p>\n<p data-start=\"315\" data-end=\"494\">2. Hogyan biztos\u00edthat\u00f3 a nagy pontoss\u00e1g?<br data-start=\"352\" data-end=\"355\" \/>A kett\u0151s ors\u00f3, a kett\u0151s mikroszk\u00f3p \u00e9s a Sub-C\/T seg\u00e9deszk\u00f6zzel t\u00f6rt\u00e9n\u0151 pengekik\u00e9sz\u00edt\u00e9s pontos igaz\u00edt\u00e1st, prec\u00edz v\u00e1g\u00e1st \u00e9s egyenletes min\u0151s\u00e9get biztos\u00edt.<\/p>\n<p data-start=\"496\" data-end=\"735\">3. Milyen automatiz\u00e1l\u00e1si \u00e9s opcion\u00e1lis funkci\u00f3k \u00e1llnak rendelkez\u00e9sre?<br data-start=\"555\" data-end=\"558\" \/>A teljes automatiz\u00e1l\u00e1s kiterjed a bet\u00f6lt\u00e9sre, igaz\u00edt\u00e1sra, szeletel\u00e9sre, tiszt\u00edt\u00e1sra \u00e9s sz\u00e1r\u00edt\u00e1sra. Az opcion\u00e1lis \u00e9lv\u00e1g\u00e1s, a gy\u0171r\u0171v\u00e1g\u00e1s \u00e9s a k\u00e9tf\u00fav\u00f3k\u00e1s tiszt\u00edt\u00e1s n\u00f6veli a rugalmass\u00e1got \u00e9s a hat\u00e9konys\u00e1got.<\/p>","protected":false},"excerpt":{"rendered":"<p>A HP-8201 egy nagy hat\u00e9konys\u00e1g\u00fa, teljesen automatikus ostyaszeletel\u0151 g\u00e9p, amelyet f\u00e9lvezet\u0151 \u00e9s krist\u00e1lyos anyagok prec\u00edzi\u00f3s v\u00e1g\u00e1s\u00e1ra terveztek. Ez a fejlett szeletel\u0151rendszer ak\u00e1r 8 h\u00fcvelyk \u00e1tm\u00e9r\u0151j\u0171 osty\u00e1k befogad\u00e1s\u00e1ra tervezett, \u00e9s az anyagok sz\u00e9les sk\u00e1l\u00e1j\u00e1t t\u00e1mogatja, bele\u00e9rtve a szil\u00edciumot (Si), a szil\u00edcium-karbidot (SiC), a l\u00edtium-tantal\u00e1tot (LT) \u00e9s a l\u00edtium-niob\u00e1tot (LN).<\/p>","protected":false},"featured_media":2155,"comment_status":"open","ping_status":"closed","template":"","meta":{"site-sidebar-layout":"default","site-content-layout":"","ast-site-content-layout":"default","site-content-style":"default","site-sidebar-style":"default","ast-global-header-display":"","ast-banner-title-visibility":"","ast-main-header-display":"","ast-hfb-above-header-display":"","ast-hfb-below-header-display":"","ast-hfb-mobile-header-display":"","site-post-title":"","ast-breadcrumbs-content":"","ast-featured-img":"","footer-sml-layout":"","ast-disable-related-posts":"","theme-transparent-header-meta":"default","adv-header-id-meta":"","stick-header-meta":"default","header-above-stick-meta":"","header-main-stick-meta":"","header-below-stick-meta":"","astra-migrate-meta-layouts":"set","ast-page-background-enabled":"default","ast-page-background-meta":{"desktop":{"background-color":"var(--ast-global-color-4)","background-image":"","background-repeat":"repeat","background-position":"center center","background-size":"auto","background-attachment":"scroll","background-type":"","background-media":"","overlay-type":"","overlay-color":"","overlay-opacity":"","overlay-gradient":""},"tablet":{"background-color":"","background-image":"","background-repeat":"repeat","background-position":"center center","background-size":"auto","background-attachment":"scroll","background-type":"","background-media":"","overlay-type":"","overlay-color":"","overlay-opacity":"","overlay-gradient":""},"mobile":{"background-color":"","background-image":"","background-repeat":"repeat","background-position":"center center","background-size":"auto","background-attachment":"scroll","background-type":"","background-media":"","overlay-type":"","overlay-color":"","overlay-opacity":"","overlay-gradient":""}},"ast-content-background-meta":{"desktop":{"background-color":"var(--ast-global-color-5)","background-image":"","background-repeat":"repeat","background-position":"center center","background-size":"auto","background-attachment":"scroll","background-type":"","background-media":"","overlay-type":"","overlay-color":"","overlay-opacity":"","overlay-gradient":""},"tablet":{"background-color":"var(--ast-global-color-5)","background-image":"","background-repeat":"repeat","background-position":"center center","background-size":"auto","background-attachment":"scroll","background-type":"","background-media":"","overlay-type":"","overlay-color":"","overlay-opacity":"","overlay-gradient":""},"mobile":{"background-color":"var(--ast-global-color-5)","background-image":"","background-repeat":"repeat","background-position":"center center","background-size":"auto","background-attachment":"scroll","background-type":"","background-media":"","overlay-type":"","overlay-color":"","overlay-opacity":"","overlay-gradient":""}}},"product_brand":[],"product_cat":[878],"product_tag":[901,485,907,906,909,900,749,556,899,905,904,913,628,910,912,902,903,908,879,911],"class_list":{"0":"post-2154","1":"product","2":"type-product","3":"status-publish","4":"has-post-thumbnail","6":"product_cat-dicing-equipment","7":"product_tag-8-inch-wafers","8":"product_tag-automated-wafer-handling","9":"product_tag-dual-microscope","10":"product_tag-dual-spindle","11":"product_tag-edge-trimming","12":"product_tag-fully-automatic","13":"product_tag-high-throughput","14":"product_tag-high-precision-cutting","15":"product_tag-hp-8201","16":"product_tag-ln-wafers","17":"product_tag-lt-wafers","18":"product_tag-mems","19":"product_tag-optoelectronics","20":"product_tag-ring-cutting","21":"product_tag-semiconductor-processing","22":"product_tag-si-wafers","23":"product_tag-sic-wafers","24":"product_tag-sub-c-t-blade-dressing","25":"product_tag-wafer-dicing-machine","26":"product_tag-water-gas-dual-nozzle","27":"desktop-align-left","28":"tablet-align-left","29":"mobile-align-left","30":"ast-product-gallery-layout-horizontal-slider","31":"ast-product-gallery-with-no-image","32":"ast-product-tabs-layout-horizontal","34":"first","35":"instock","36":"shipping-taxable","37":"product-type-simple"},"_links":{"self":[{"href":"https:\/\/www.zmsh-semitech.com\/hu\/wp-json\/wp\/v2\/product\/2154","targetHints":{"allow":["GET"]}}],"collection":[{"href":"https:\/\/www.zmsh-semitech.com\/hu\/wp-json\/wp\/v2\/product"}],"about":[{"href":"https:\/\/www.zmsh-semitech.com\/hu\/wp-json\/wp\/v2\/types\/product"}],"replies":[{"embeddable":true,"href":"https:\/\/www.zmsh-semitech.com\/hu\/wp-json\/wp\/v2\/comments?post=2154"}],"version-history":[{"count":4,"href":"https:\/\/www.zmsh-semitech.com\/hu\/wp-json\/wp\/v2\/product\/2154\/revisions"}],"predecessor-version":[{"id":2160,"href":"https:\/\/www.zmsh-semitech.com\/hu\/wp-json\/wp\/v2\/product\/2154\/revisions\/2160"}],"wp:featuredmedia":[{"embeddable":true,"href":"https:\/\/www.zmsh-semitech.com\/hu\/wp-json\/wp\/v2\/media\/2155"}],"wp:attachment":[{"href":"https:\/\/www.zmsh-semitech.com\/hu\/wp-json\/wp\/v2\/media?parent=2154"}],"wp:term":[{"taxonomy":"product_brand","embeddable":true,"href":"https:\/\/www.zmsh-semitech.com\/hu\/wp-json\/wp\/v2\/product_brand?post=2154"},{"taxonomy":"product_cat","embeddable":true,"href":"https:\/\/www.zmsh-semitech.com\/hu\/wp-json\/wp\/v2\/product_cat?post=2154"},{"taxonomy":"product_tag","embeddable":true,"href":"https:\/\/www.zmsh-semitech.com\/hu\/wp-json\/wp\/v2\/product_tag?post=2154"}],"curies":[{"name":"wp","href":"https:\/\/api.w.org\/{rel}","templated":true}]}}