{"id":2143,"date":"2026-04-09T07:00:47","date_gmt":"2026-04-09T07:00:47","guid":{"rendered":"https:\/\/www.zmsh-semitech.com\/?post_type=product&#038;p=2143"},"modified":"2026-04-09T07:03:21","modified_gmt":"2026-04-09T07:03:21","slug":"high-precision-12-inch-wafer-dicing-solution-for-advanced-semiconductor-processing","status":"publish","type":"product","link":"https:\/\/www.zmsh-semitech.com\/hu\/product\/high-precision-12-inch-wafer-dicing-solution-for-advanced-semiconductor-processing\/","title":{"rendered":"Nagy pontoss\u00e1g\u00fa 12 h\u00fcvelykes Wafer Dicing megold\u00e1s a fejlett f\u00e9lvezet\u0151-feldolgoz\u00e1shoz"},"content":{"rendered":"<p data-start=\"245\" data-end=\"627\"><img fetchpriority=\"high\" decoding=\"async\" class=\"size-medium wp-image-2144 alignright\" src=\"https:\/\/www.zmsh-semitech.com\/wp-content\/uploads\/2026\/04\/High-Precision-12-inch-Wafer-Dicing-Solution-for-Advanced-Semiconductor-Processing2-300x300.png\" alt=\"\" width=\"300\" height=\"300\" srcset=\"https:\/\/www.zmsh-semitech.com\/wp-content\/uploads\/2026\/04\/High-Precision-12-inch-Wafer-Dicing-Solution-for-Advanced-Semiconductor-Processing2-300x300.png 300w, https:\/\/www.zmsh-semitech.com\/wp-content\/uploads\/2026\/04\/High-Precision-12-inch-Wafer-Dicing-Solution-for-Advanced-Semiconductor-Processing2-150x150.png 150w, https:\/\/www.zmsh-semitech.com\/wp-content\/uploads\/2026\/04\/High-Precision-12-inch-Wafer-Dicing-Solution-for-Advanced-Semiconductor-Processing2-768x768.png 768w, https:\/\/www.zmsh-semitech.com\/wp-content\/uploads\/2026\/04\/High-Precision-12-inch-Wafer-Dicing-Solution-for-Advanced-Semiconductor-Processing2-12x12.png 12w, https:\/\/www.zmsh-semitech.com\/wp-content\/uploads\/2026\/04\/High-Precision-12-inch-Wafer-Dicing-Solution-for-Advanced-Semiconductor-Processing2-600x600.png 600w, https:\/\/www.zmsh-semitech.com\/wp-content\/uploads\/2026\/04\/High-Precision-12-inch-Wafer-Dicing-Solution-for-Advanced-Semiconductor-Processing2-100x100.png 100w, https:\/\/www.zmsh-semitech.com\/wp-content\/uploads\/2026\/04\/High-Precision-12-inch-Wafer-Dicing-Solution-for-Advanced-Semiconductor-Processing2.png 1000w\" sizes=\"(max-width: 300px) 100vw, 300px\" \/>A HP-1221 teljesen automata ostyaszeletel\u0151 g\u00e9p egy nagy hat\u00e9konys\u00e1g\u00fa, prec\u00edzi\u00f3san tervezett megold\u00e1s, amelyet f\u00e9lvezet\u0151 osty\u00e1k szeletel\u00e9si folyamataihoz terveztek. Ez a 300 mm-es (12 h\u00fcvelyk) osty\u00e1khoz is haszn\u00e1lhat\u00f3 rendszer fejlett automatiz\u00e1l\u00e1st, k\u00e9tors\u00f3s v\u00e1g\u00e1si technol\u00f3gi\u00e1t \u00e9s intelligens igaz\u00edt\u00f3 rendszereket integr\u00e1l, hogy kiv\u00e1l\u00f3 v\u00e1g\u00e1si pontoss\u00e1got, teljes\u00edtm\u00e9nyt \u00e9s konzisztenci\u00e1t biztos\u00edtson.<\/p>\n<p data-start=\"629\" data-end=\"943\">A modern f\u00e9lvezet\u0151gy\u00e1rt\u00e1si k\u00f6rnyezetekhez tervezett HP-1221 teljesen automatiz\u00e1lt munkafolyamatot tesz lehet\u0151v\u00e9 - az osty\u00e1k bet\u00f6lt\u00e9s\u00e9t\u0151l \u00e9s igaz\u00edt\u00e1s\u00e1t\u00f3l a prec\u00edzi\u00f3s szeletel\u00e9sig, majd az integr\u00e1lt tiszt\u00edt\u00e1st\u00f3l \u00e9s sz\u00e1r\u00edt\u00e1st\u00f3l kezdve. Ez jelent\u0151sen cs\u00f6kkenti a k\u00e9zi beavatkoz\u00e1st, jav\u00edtja a hozamot, \u00e9s biztos\u00edtja a folyamat megism\u00e9telhet\u0151 stabilit\u00e1s\u00e1t.<\/p>\n<p data-start=\"945\" data-end=\"1134\">A HP-1221 kompakt helyig\u00e9ny\u00e9vel \u00e9s robusztus szerkezeti kialak\u00edt\u00e1s\u00e1val egyar\u00e1nt alkalmas nagy volumen\u0171 gy\u00e1rt\u00f3sorokhoz \u00e9s nagy pontoss\u00e1got \u00e9s megb\u00edzhat\u00f3s\u00e1got ig\u00e9nyl\u0151 speci\u00e1lis alkalmaz\u00e1sokhoz.<\/p>\n<h2 data-section-id=\"1j5qwet\" data-start=\"1141\" data-end=\"1160\"><span role=\"text\">F\u0151 jellemz\u0151k<\/span><\/h2>\n<h3 data-section-id=\"9cqnah\" data-start=\"1162\" data-end=\"1223\"><span role=\"text\">1. Kett\u0151s ors\u00f3szerkezet a nagy hat\u00e9konys\u00e1g \u00e9rdek\u00e9ben<\/span><\/h3>\n<p data-start=\"1224\" data-end=\"1549\">A g\u00e9p fejlett, ellent\u00e9tes ir\u00e1ny\u00fa, k\u00e9tors\u00f3s konfigur\u00e1ci\u00f3t alkalmaz. A k\u00e9t ors\u00f3 k\u00f6z\u00f6tti t\u00e1vols\u00e1g cs\u00f6kkent\u00e9s\u00e9vel a rendszer minimaliz\u00e1lja az \u00fcresj\u00e1rati mozg\u00e1st \u00e9s jelent\u0151sen jav\u00edtja a v\u00e1g\u00e1si hat\u00e9konys\u00e1got. Ez a kialak\u00edt\u00e1s lehet\u0151v\u00e9 teszi a folyamatos m\u0171k\u00f6d\u00e9st \u00e9s cs\u00f6kkenti a ciklusid\u0151t, \u00edgy ide\u00e1lis a nagy \u00e1tereszt\u0151k\u00e9pess\u00e9g\u0171 gy\u00e1rt\u00e1si k\u00f6rnyezetekhez.<\/p>\n<h3 data-section-id=\"eul68q\" data-start=\"1551\" data-end=\"1596\"><span role=\"text\">2. Teljesen automatiz\u00e1lt integr\u00e1lt folyamat<\/span><\/h3>\n<p data-start=\"1597\" data-end=\"1658\">A HP-1221 t\u00e1mogatja a teljes automatiz\u00e1lt folyamatot, bele\u00e9rtve:<\/p>\n<ul data-start=\"1659\" data-end=\"1796\">\n<li data-section-id=\"aswsbm\" data-start=\"1659\" data-end=\"1700\">Automatikus ostya be- \u00e9s kirakod\u00e1s<\/li>\n<li data-section-id=\"pbe6aq\" data-start=\"1701\" data-end=\"1729\">Nagy pontoss\u00e1g\u00fa igaz\u00edt\u00e1s<\/li>\n<li data-section-id=\"1mrcdix\" data-start=\"1730\" data-end=\"1761\">Ellen\u0151rz\u00f6tt kock\u00e1z\u00e1si m\u0171velet<\/li>\n<li data-section-id=\"n3oef2\" data-start=\"1762\" data-end=\"1796\">Integr\u00e1lt tiszt\u00edt\u00e1s \u00e9s sz\u00e1r\u00edt\u00e1s<\/li>\n<\/ul>\n<p data-start=\"1798\" data-end=\"1916\">Ez az automatiz\u00e1lts\u00e1gi szint nemcsak a termel\u00e9kenys\u00e9get n\u00f6veli, hanem cs\u00f6kkenti a kezel\u0151t\u0151l val\u00f3 f\u00fcgg\u00e9st \u00e9s az ember okozta hib\u00e1kat is.<\/p>\n<h3 data-section-id=\"lxacqp\" data-start=\"1918\" data-end=\"1975\"><span role=\"text\">3. Nagy pontoss\u00e1g\u00fa igaz\u00edt\u00f3 \u00e9s ellen\u0151rz\u0151 rendszer<\/span><\/h3>\n<p data-start=\"1976\" data-end=\"2071\">A kett\u0151s mikroszk\u00f3pos konfigur\u00e1ci\u00f3val (nagy \u00e9s kis nagy\u00edt\u00e1s\u00fa) felszerelt rendszer biztos\u00edtja:<\/p>\n<ul data-start=\"2072\" data-end=\"2185\">\n<li data-section-id=\"9rivzh\" data-start=\"2072\" data-end=\"2109\">Gyors \u00e9s pontos wafer igaz\u00edt\u00e1s<\/li>\n<li data-section-id=\"1dbri94\" data-start=\"2110\" data-end=\"2149\">Val\u00f3s idej\u0171 v\u00e1g\u00e1si \u00fatvonal-ellen\u0151rz\u00e9s<\/li>\n<li data-section-id=\"pu471d\" data-start=\"2150\" data-end=\"2185\">Nagy felbont\u00e1s\u00fa v\u00e1g\u00e1svizsg\u00e1lat<\/li>\n<\/ul>\n<p data-start=\"2187\" data-end=\"2332\">Ez a funkci\u00f3 kritikus fontoss\u00e1g\u00fa a sz\u0171k t\u0171r\u00e9sek betart\u00e1sa \u00e9s az egyenletes v\u00e1g\u00e1si min\u0151s\u00e9g biztos\u00edt\u00e1sa szempontj\u00e1b\u00f3l, k\u00fcl\u00f6n\u00f6sen a fejlett f\u00e9lvezet\u0151 eszk\u00f6z\u00f6k eset\u00e9ben.<\/p>\n<h3 data-section-id=\"6vpx24\" data-start=\"2334\" data-end=\"2385\"><span role=\"text\">4. Sub-C\/T assziszt\u00e1lt penge k\u00f6t\u00f6z\u0151 funkci\u00f3<\/span><\/h3>\n<p data-start=\"2386\" data-end=\"2506\">A be\u00e9p\u00edtett Sub-C\/T pengeigaz\u00edt\u00f3 funkci\u00f3 seg\u00edt fenntartani a penge optim\u00e1lis \u00e9less\u00e9g\u00e9t m\u0171k\u00f6d\u00e9s k\u00f6zben. Ennek eredm\u00e9nye:<\/p>\n<ul data-start=\"2507\" data-end=\"2605\">\n<li data-section-id=\"sjm708\" data-start=\"2507\" data-end=\"2543\">Jav\u00edtott v\u00e1g\u00e1si fel\u00fclet min\u0151s\u00e9ge<\/li>\n<li data-section-id=\"1iinss9\" data-start=\"2544\" data-end=\"2581\">Cs\u00f6kkentett forg\u00e1csol\u00f3d\u00e1s \u00e9s mikroreped\u00e9sek<\/li>\n<li data-section-id=\"yt2sjr\" data-start=\"2582\" data-end=\"2605\">Meghosszabb\u00edtott penge \u00e9lettartam<\/li>\n<\/ul>\n<p data-start=\"2607\" data-end=\"2688\">Ez v\u00e9gs\u0151 soron hozz\u00e1j\u00e1rul az alacsonyabb m\u0171k\u00f6d\u00e9si k\u00f6lts\u00e9gekhez \u00e9s a magasabb term\u00e9khozamhoz.<\/p>\n<h3 data-section-id=\"ga4x9p\" data-start=\"2690\" data-end=\"2735\"><span role=\"text\">5. Opcion\u00e1lis k\u00e9tfolyad\u00e9kos tiszt\u00edt\u00f3 f\u00fav\u00f3ka<\/span><\/h3>\n<p data-start=\"2736\" data-end=\"2999\">A v\u00e1g\u00e1si ter\u00fcletre opcion\u00e1lisan egy leveg\u0151-v\u00edz kett\u0151s folyad\u00e9kkal m\u0171k\u00f6d\u0151 f\u00fav\u00f3ka is felszerelhet\u0151 a v\u00e1g\u00e1s ut\u00e1ni tiszt\u00edt\u00e1si teljes\u00edtm\u00e9ny fokoz\u00e1sa \u00e9rdek\u00e9ben. Ez biztos\u00edtja a t\u00f6rmel\u00e9k \u00e9s a r\u00e9szecsk\u00e9k hat\u00e9kony elt\u00e1vol\u00edt\u00e1s\u00e1t, jav\u00edtja az osty\u00e1k tisztas\u00e1g\u00e1t \u00e9s cs\u00f6kkenti a szennyez\u0151d\u00e9s kock\u00e1zat\u00e1t a k\u00e9s\u0151bbi folyamatokban.<\/p>\n<h2 data-section-id=\"id1bjs\" data-start=\"3006\" data-end=\"3037\"><span role=\"text\">M\u0171szaki specifik\u00e1ci\u00f3k<\/span><\/h2>\n<div class=\"TyagGW_tableContainer\">\n<div class=\"group TyagGW_tableWrapper flex flex-col-reverse w-fit\" tabindex=\"-1\">\n<table class=\"w-fit min-w-(--thread-content-width)\" data-start=\"3039\" data-end=\"3439\">\n<thead data-start=\"3039\" data-end=\"3076\">\n<tr data-start=\"3039\" data-end=\"3076\">\n<th class=\"\" data-start=\"3039\" data-end=\"3055\" data-col-size=\"sm\">Param\u00e9ter<\/th>\n<th class=\"\" data-start=\"3055\" data-end=\"3076\" data-col-size=\"md\">Specifik\u00e1ci\u00f3<\/th>\n<\/tr>\n<\/thead>\n<tbody data-start=\"3113\" data-end=\"3439\">\n<tr data-start=\"3113\" data-end=\"3183\">\n<td data-start=\"3113\" data-end=\"3137\" data-col-size=\"sm\">Ors\u00f3 teljes\u00edtm\u00e9ny \/ sebess\u00e9g<\/td>\n<td data-col-size=\"md\" data-start=\"3137\" data-end=\"3183\">1,8 kW \/ 2,2 kW (opcion\u00e1lis), 6000-60000 fordulat\/perc<\/td>\n<\/tr>\n<tr data-start=\"3184\" data-end=\"3210\">\n<td data-start=\"3184\" data-end=\"3198\" data-col-size=\"sm\">Karima m\u00e9rete<\/td>\n<td data-start=\"3198\" data-end=\"3210\" data-col-size=\"md\">2 h\u00fcvelyk<\/td>\n<\/tr>\n<tr data-start=\"3211\" data-end=\"3280\">\n<td data-start=\"3211\" data-end=\"3236\" data-col-size=\"sm\">Maxim\u00e1lis munkadarab m\u00e9ret<\/td>\n<td data-col-size=\"md\" data-start=\"3236\" data-end=\"3280\">Kerek: 254 mm \u00d7 254 mm.<\/td>\n<\/tr>\n<tr data-start=\"3281\" data-end=\"3374\">\n<td data-start=\"3281\" data-end=\"3308\" data-col-size=\"sm\">Mikroszk\u00f3p konfigur\u00e1ci\u00f3<\/td>\n<td data-col-size=\"md\" data-start=\"3308\" data-end=\"3374\">Nagy nagy\u00edt\u00e1s: Alacsony nagy\u00edt\u00e1s: 7,5\u00d7 \/ Alacsony nagy\u00edt\u00e1s: 7,5\u00d7: (opcion\u00e1lis): 0,75\u00d7 (opcion\u00e1lis)<\/td>\n<\/tr>\n<tr data-start=\"3375\" data-end=\"3439\">\n<td data-start=\"3375\" data-end=\"3408\" data-col-size=\"sm\">A g\u00e9p m\u00e9retei (W \u00d7 D \u00d7 H)<\/td>\n<td data-col-size=\"md\" data-start=\"3408\" data-end=\"3439\">1285 mm \u00d7 1590 mm \u00d7 1860 mm<\/td>\n<\/tr>\n<\/tbody>\n<\/table>\n<\/div>\n<\/div>\n<h2 data-section-id=\"k0zlak\" data-start=\"3446\" data-end=\"3465\"><span role=\"text\">Alkalmaz\u00e1sok<\/span><\/h2>\n<p data-start=\"3467\" data-end=\"3597\">A HP-1221 k\u00e9sz\u00fcl\u00e9ket \u00fagy tervezt\u00e9k, hogy megfeleljen a k\u00fcl\u00f6nb\u00f6z\u0151 f\u00e9lvezet\u0151 \u00e9s fejlett anyagokkal kapcsolatos alkalmaz\u00e1sok ig\u00e9nyes k\u00f6vetelm\u00e9nyeinek, t\u00f6bbek k\u00f6z\u00f6tt:<\/p>\n<ul data-start=\"3599\" data-end=\"3832\">\n<li data-section-id=\"18mr094\" data-start=\"3599\" data-end=\"3653\">Integr\u00e1lt \u00e1ramk\u00f6r\u00f6kh\u00f6z (IC-khez) haszn\u00e1lt szil\u00edciumszil\u00e1rds\u00e1g\u00fa szil\u00edciumszeletek szeletel\u00e9se<\/li>\n<li data-section-id=\"dejbgx\" data-start=\"3654\" data-end=\"3704\">Teljes\u00edtm\u00e9nyeszk\u00f6z\u00f6k ostyafeldolgoz\u00e1sa (pl. SiC, GaN)<\/li>\n<li data-section-id=\"haep52\" data-start=\"3705\" data-end=\"3732\">MEMS eszk\u00f6z gy\u00e1rt\u00e1sa<\/li>\n<li data-section-id=\"3caph5\" data-start=\"3733\" data-end=\"3773\">LED \u00e9s optoelektronikai ostyav\u00e1g\u00e1s<\/li>\n<li data-section-id=\"d7piqk\" data-start=\"3774\" data-end=\"3832\">Fejlett csomagol\u00e1si \u00e9s wafer-szint\u0171 csomagol\u00e1si elj\u00e1r\u00e1sok<\/li>\n<\/ul>\n<p data-start=\"3834\" data-end=\"3945\">A 12 h\u00fcvelykig terjed\u0151 osty\u00e1kkal val\u00f3 kompatibilit\u00e1s alkalmass\u00e1 teszi a k\u00e9sz\u00fcl\u00e9ket mind az \u00e9rett, mind a fejlett gy\u00e1rt\u00e1si csom\u00f3pontok sz\u00e1m\u00e1ra.<\/p>\n<p data-start=\"3834\" data-end=\"3945\"><img decoding=\"async\" class=\"wp-image-2146 size-large aligncenter\" src=\"https:\/\/www.zmsh-semitech.com\/wp-content\/uploads\/2026\/04\/applications-1024x683.png\" alt=\"\" width=\"1024\" height=\"683\" srcset=\"https:\/\/www.zmsh-semitech.com\/wp-content\/uploads\/2026\/04\/applications-1024x683.png 1024w, https:\/\/www.zmsh-semitech.com\/wp-content\/uploads\/2026\/04\/applications-300x200.png 300w, https:\/\/www.zmsh-semitech.com\/wp-content\/uploads\/2026\/04\/applications-768x512.png 768w, https:\/\/www.zmsh-semitech.com\/wp-content\/uploads\/2026\/04\/applications-18x12.png 18w, https:\/\/www.zmsh-semitech.com\/wp-content\/uploads\/2026\/04\/applications-600x400.png 600w, https:\/\/www.zmsh-semitech.com\/wp-content\/uploads\/2026\/04\/applications.png 1536w\" sizes=\"(max-width: 1024px) 100vw, 1024px\" \/><\/p>\n<h2 data-section-id=\"dfn86d\" data-start=\"3952\" data-end=\"3981\"><span role=\"text\">Teljes\u00edtm\u00e9ny El\u0151ny\u00f6k<\/span><\/h2>\n<h3 data-section-id=\"4ffxha\" data-start=\"3983\" data-end=\"4021\"><span role=\"text\">Jobb hozam \u00e9s megb\u00edzhat\u00f3s\u00e1g<\/span><\/h3>\n<p data-start=\"4022\" data-end=\"4180\">A prec\u00edzi\u00f3s igaz\u00edt\u00e1s \u00e9s a stabil ors\u00f3 teljes\u00edtm\u00e9nye minim\u00e1lis \u00e9lforg\u00e1csol\u00e1st \u00e9s kiv\u00e1l\u00f3 min\u0151s\u00e9g\u0171 v\u00e1g\u00e1si fel\u00fcletet biztos\u00edt, ami k\u00f6zvetlen\u00fcl hozz\u00e1j\u00e1rul a k\u00e9sz\u00fcl\u00e9k jobb hozam\u00e1hoz.<\/p>\n<h3 data-section-id=\"jjig1u\" data-start=\"4182\" data-end=\"4205\"><span role=\"text\">Nagy \u00e1tereszt\u0151k\u00e9pess\u00e9g<\/span><\/h3>\n<p data-start=\"4206\" data-end=\"4360\">A k\u00e9tors\u00f3s kialak\u00edt\u00e1s \u00e9s a cs\u00f6kkentett ciklusid\u0151 gyorsabb feldolgoz\u00e1st tesz lehet\u0151v\u00e9 a pontoss\u00e1g vesz\u00e9lyeztet\u00e9se n\u00e9lk\u00fcl, \u00edgy a rendszer ide\u00e1lis a nagy\u00fczemi gy\u00e1rt\u00e1shoz.<\/p>\n<h3 data-section-id=\"19co6zs\" data-start=\"4362\" data-end=\"4387\"><span role=\"text\">Folyamatstabilit\u00e1s<\/span><\/h3>\n<p data-start=\"4388\" data-end=\"4552\">Az integr\u00e1lt automatiz\u00e1l\u00e1s \u00e9s az intelligens vez\u00e9rl\u0151rendszerek hossz\u00fa gy\u00e1rt\u00e1si ciklusokon kereszt\u00fcl biztos\u00edtj\u00e1k az egyenletes teljes\u00edtm\u00e9nyt, cs\u00f6kkentve a v\u00e1ltoz\u00e9konys\u00e1got \u00e9s jav\u00edtva az ism\u00e9telhet\u0151s\u00e9get.<\/p>\n<h3 data-section-id=\"kl9wyi\" data-start=\"4554\" data-end=\"4577\"><span role=\"text\">K\u00f6lts\u00e9ghat\u00e9konys\u00e1g<\/span><\/h3>\n<p data-start=\"4578\" data-end=\"4719\">Az olyan funkci\u00f3k, mint a pengek\u00f6sz\u00f6r\u00fcl\u00e9s \u00e9s a hat\u00e9kony tiszt\u00edt\u00e1s cs\u00f6kkentik a fogy\u00f3eszk\u00f6z\u00f6k haszn\u00e1lat\u00e1t \u00e9s a karbantart\u00e1s gyakoris\u00e1g\u00e1t, cs\u00f6kkentve ezzel az \u00e1ltal\u00e1nos \u00fczemeltet\u00e9si k\u00f6lts\u00e9geket.<\/p>\n<h2 data-section-id=\"1a9ho2z\" data-start=\"4726\" data-end=\"4751\"><span role=\"text\">Mi\u00e9rt v\u00e1lassza a HP-1221-et<\/span><\/h2>\n<p data-start=\"4753\" data-end=\"4851\">A HP-1221 megb\u00edzhat\u00f3 \u00e9s sk\u00e1l\u00e1zhat\u00f3 ostyaszeletel\u0151 megold\u00e1sk\u00e9nt t\u0171nik ki a gy\u00e1rt\u00f3k sz\u00e1m\u00e1ra, akik:<\/p>\n<ul data-start=\"4852\" data-end=\"5032\">\n<li data-section-id=\"1ti9b6v\" data-start=\"4852\" data-end=\"4891\">Nagy pontoss\u00e1g az ostyaszeletel\u00e9sben<\/li>\n<li data-section-id=\"1dl33s4\" data-start=\"4892\" data-end=\"4937\">Automatiz\u00e1lt, kezel\u0151t\u0151l f\u00fcggetlen folyamatok<\/li>\n<li data-section-id=\"yvb4oy\" data-start=\"4938\" data-end=\"4979\">Kompatibilit\u00e1s a fejlett anyagokkal<\/li>\n<li data-section-id=\"w5xhf\" data-start=\"4980\" data-end=\"5032\">Hossz\u00fa t\u00e1v\u00fa k\u00f6lts\u00e9ghat\u00e9konys\u00e1g \u00e9s stabil teljes\u00edtm\u00e9ny<\/li>\n<\/ul>\n<p data-start=\"5034\" data-end=\"5181\">A fejlett m\u0171szaki megold\u00e1sok, az automatiz\u00e1l\u00e1s \u00e9s a felhaszn\u00e1l\u00f3-orient\u00e1lt tervez\u00e9s kombin\u00e1ci\u00f3ja \u00e9rt\u00e9kes kieg\u00e9sz\u00edt\u0151je b\u00e1rmely f\u00e9lvezet\u0151 gy\u00e1rt\u00f3sornak.<\/p>\n<h2 data-section-id=\"1nqqsko\" data-start=\"72\" data-end=\"111\"><span role=\"text\"><strong data-start=\"75\" data-end=\"111\">GYIK<\/strong><\/span><\/h2>\n<h3 data-section-id=\"qm5bkh\" data-start=\"113\" data-end=\"171\"><span role=\"text\"><strong data-start=\"117\" data-end=\"169\">1. Milyen t\u00edpus\u00fa osty\u00e1kat tud feldolgozni a HP-1221?<\/strong><\/span><\/h3>\n<p data-start=\"172\" data-end=\"419\">A HP-1221 k\u00e9sz\u00fcl\u00e9ket a f\u00e9lvezet\u0151- \u00e9s fejlett elektronikai gy\u00e1rt\u00e1sban haszn\u00e1lt ostyaanyagok sz\u00e9les sk\u00e1l\u00e1j\u00e1nak kezel\u00e9s\u00e9re tervezt\u00e9k. Ezek k\u00f6z\u00e9 tartozik a szil\u00edcium (Si), a szil\u00edcium-karbid (SiC), a gallium-nitrid (GaN) \u00e9s m\u00e1s \u00f6sszetett f\u00e9lvezet\u0151 anyagok.<\/p>\n<p data-start=\"421\" data-end=\"640\">Nagy ors\u00f3fordulatsz\u00e1m\u00e1val (ak\u00e1r 60 000 fordulat\/perc) \u00e9s stabil v\u00e1g\u00e1si teljes\u00edtm\u00e9ny\u00e9vel a rendszer k\u00e9pes a norm\u00e1l \u00e9s a kem\u00e9ny, rideg anyagok megmunk\u00e1l\u00e1s\u00e1ra, mik\u00f6zben kiv\u00e1l\u00f3 \u00e9lmin\u0151s\u00e9get \u00e9s minim\u00e1lis forg\u00e1csol\u00e1st biztos\u00edt.<\/p>\n<h3 data-section-id=\"ojbbsf\" data-start=\"647\" data-end=\"723\"><span role=\"text\"><strong data-start=\"651\" data-end=\"721\">2. Hogyan jav\u00edtja a kett\u0151s ors\u00f3s rendszer a termel\u00e9s hat\u00e9konys\u00e1g\u00e1t?<\/strong><\/span><\/h3>\n<p data-start=\"724\" data-end=\"950\">Az ellent\u00e9tes kett\u0151s ors\u00f3szerkezet jelent\u0151sen cs\u00f6kkenti a m\u0171k\u00f6d\u00e9s k\u00f6zbeni nem produkt\u00edv mozg\u00e1st. A v\u00e1g\u00f3tengelyek k\u00f6z\u00f6tti t\u00e1vols\u00e1g minimaliz\u00e1l\u00e1s\u00e1val a rendszer gyorsabb \u00e1tmeneteket \u00e9s folyamatos v\u00e1g\u00e1si m\u0171veleteket v\u00e9gezhet.<\/p>\n<p data-start=\"952\" data-end=\"968\">Ez a k\u00f6vetkez\u0151ket eredm\u00e9nyezi:<\/p>\n<ul data-start=\"969\" data-end=\"1049\">\n<li data-section-id=\"37o5kr\" data-start=\"969\" data-end=\"992\">R\u00f6videbb ciklusid\u0151k<\/li>\n<li data-section-id=\"r0gau3\" data-start=\"993\" data-end=\"1014\">Nagyobb \u00e1tereszt\u0151k\u00e9pess\u00e9g<\/li>\n<li data-section-id=\"38pfee\" data-start=\"1015\" data-end=\"1049\">Jav\u00edtott eszk\u00f6zkihaszn\u00e1l\u00e1s<\/li>\n<\/ul>\n<p data-start=\"1051\" data-end=\"1174\">Az egyors\u00f3s rendszerekhez k\u00e9pest a HP-1221 hat\u00e9konyabb megold\u00e1st k\u00edn\u00e1l a nagy volumen\u0171 ostyaszeletel\u0151 alkalmaz\u00e1sokhoz.<\/p>\n<h3 data-section-id=\"1t8g62q\" data-start=\"1181\" data-end=\"1251\"><span role=\"text\"><strong data-start=\"1185\" data-end=\"1249\">3. Hogyan biztos\u00edtja a g\u00e9p a v\u00e1g\u00e1si pontoss\u00e1got \u00e9s min\u0151s\u00e9get?<\/strong><\/span><\/h3>\n<p data-start=\"1252\" data-end=\"1343\">A HP-1221 sz\u00e1mos funkci\u00f3t integr\u00e1l a pontoss\u00e1g \u00e9s a k\u00f6vetkezetess\u00e9g garant\u00e1l\u00e1sa \u00e9rdek\u00e9ben, t\u00f6bbek k\u00f6z\u00f6tt:<\/p>\n<ul data-start=\"1344\" data-end=\"1622\">\n<li data-section-id=\"1tq730p\" data-start=\"1344\" data-end=\"1418\">Kett\u0151s mikroszk\u00f3pos rendszer a pontos igaz\u00edt\u00e1shoz \u00e9s a val\u00f3s idej\u0171 ellen\u0151rz\u00e9shez<\/li>\n<li data-section-id=\"ks50qq\" data-start=\"1419\" data-end=\"1475\">Nagy sebess\u00e9g\u0171, alacsony rezg\u00e9ssz\u00e1m\u00fa ors\u00f3 a stabil v\u00e1g\u00e1shoz<\/li>\n<li data-section-id=\"f0nbeh\" data-start=\"1476\" data-end=\"1539\">Sub-C\/T pengek\u00f6sz\u00f6r\u00fcl\u00e9si funkci\u00f3 a penge \u00e9less\u00e9g\u00e9nek meg\u0151rz\u00e9se \u00e9rdek\u00e9ben<\/li>\n<li data-section-id=\"1yz5992\" data-start=\"1540\" data-end=\"1622\">Opcion\u00e1lis k\u00e9tfolyad\u00e9kos tiszt\u00edt\u00f3rendszer a t\u00f6rmel\u00e9k elt\u00e1vol\u00edt\u00e1s\u00e1ra \u00e9s a szennyez\u0151d\u00e9sek megel\u0151z\u00e9s\u00e9re<\/li>\n<\/ul>\n<p data-start=\"1624\" data-end=\"1797\">Ezek a kombin\u00e1lt technol\u00f3gi\u00e1k seg\u00edtenek biztos\u00edtani a szoros t\u0171r\u00e9seket, a tiszta v\u00e1g\u00e1si vonalakat \u00e9s a nagyfok\u00fa ism\u00e9telhet\u0151s\u00e9get, amelyek elengedhetetlenek a f\u00e9lvezet\u0151gy\u00e1rt\u00e1sban a hozam fenntart\u00e1s\u00e1hoz.<\/p>","protected":false},"excerpt":{"rendered":"<p>A HP-1221 teljesen automata ostyaszeletel\u0151 g\u00e9p egy nagy hat\u00e9konys\u00e1g\u00fa, prec\u00edzi\u00f3san tervezett megold\u00e1s, amelyet f\u00e9lvezet\u0151 osty\u00e1k szeletel\u00e9si folyamataihoz terveztek. Ez a 300 mm-es (12 h\u00fcvelyk) osty\u00e1khoz is haszn\u00e1lhat\u00f3 rendszer fejlett automatiz\u00e1l\u00e1st, k\u00e9tors\u00f3s v\u00e1g\u00e1si technol\u00f3gi\u00e1t \u00e9s intelligens igaz\u00edt\u00f3 rendszereket integr\u00e1l, hogy kiv\u00e1l\u00f3 v\u00e1g\u00e1si pontoss\u00e1got, teljes\u00edtm\u00e9nyt \u00e9s konzisztenci\u00e1t biztos\u00edtson.<\/p>","protected":false},"featured_media":2144,"comment_status":"open","ping_status":"closed","template":"","meta":{"site-sidebar-layout":"default","site-content-layout":"","ast-site-content-layout":"default","site-content-style":"default","site-sidebar-style":"default","ast-global-header-display":"","ast-banner-title-visibility":"","ast-main-header-display":"","ast-hfb-above-header-display":"","ast-hfb-below-header-display":"","ast-hfb-mobile-header-display":"","site-post-title":"","ast-breadcrumbs-content":"","ast-featured-img":"","footer-sml-layout":"","ast-disable-related-posts":"","theme-transparent-header-meta":"default","adv-header-id-meta":"","stick-header-meta":"default","header-above-stick-meta":"","header-main-stick-meta":"","header-below-stick-meta":"","astra-migrate-meta-layouts":"set","ast-page-background-enabled":"default","ast-page-background-meta":{"desktop":{"background-color":"var(--ast-global-color-4)","background-image":"","background-repeat":"repeat","background-position":"center center","background-size":"auto","background-attachment":"scroll","background-type":"","background-media":"","overlay-type":"","overlay-color":"","overlay-opacity":"","overlay-gradient":""},"tablet":{"background-color":"","background-image":"","background-repeat":"repeat","background-position":"center center","background-size":"auto","background-attachment":"scroll","background-type":"","background-media":"","overlay-type":"","overlay-color":"","overlay-opacity":"","overlay-gradient":""},"mobile":{"background-color":"","background-image":"","background-repeat":"repeat","background-position":"center center","background-size":"auto","background-attachment":"scroll","background-type":"","background-media":"","overlay-type":"","overlay-color":"","overlay-opacity":"","overlay-gradient":""}},"ast-content-background-meta":{"desktop":{"background-color":"var(--ast-global-color-5)","background-image":"","background-repeat":"repeat","background-position":"center center","background-size":"auto","background-attachment":"scroll","background-type":"","background-media":"","overlay-type":"","overlay-color":"","overlay-opacity":"","overlay-gradient":""},"tablet":{"background-color":"var(--ast-global-color-5)","background-image":"","background-repeat":"repeat","background-position":"center center","background-size":"auto","background-attachment":"scroll","background-type":"","background-media":"","overlay-type":"","overlay-color":"","overlay-opacity":"","overlay-gradient":""},"mobile":{"background-color":"var(--ast-global-color-5)","background-image":"","background-repeat":"repeat","background-position":"center center","background-size":"auto","background-attachment":"scroll","background-type":"","background-media":"","overlay-type":"","overlay-color":"","overlay-opacity":"","overlay-gradient":""}}},"product_brand":[],"product_cat":[878],"product_tag":[541,888,882,880,440,883,887,885,447,881,739,683,884,879,886],"class_list":{"0":"post-2143","1":"product","2":"type-product","3":"status-publish","4":"has-post-thumbnail","6":"product_cat-dicing-equipment","7":"product_tag-12-inch-wafer-cutting","8":"product_tag-blade-dicing-machine","9":"product_tag-dual-spindle-dicing-saw","10":"product_tag-fully-automatic-dicing-machine","11":"product_tag-gan-wafer-cutting","12":"product_tag-high-precision-wafer-dicing","13":"product_tag-ic-wafer-singulation","14":"product_tag-led-wafer-cutting","15":"product_tag-mems-wafer-dicing","16":"product_tag-semiconductor-dicing-equipment","17":"product_tag-semiconductor-manufacturing-equipment","18":"product_tag-sic-wafer-dicing","19":"product_tag-silicon-wafer-cutting","20":"product_tag-wafer-dicing-machine","21":"product_tag-wafer-level-packaging-dicing","22":"desktop-align-left","23":"tablet-align-left","24":"mobile-align-left","25":"ast-product-gallery-layout-horizontal-slider","26":"ast-product-tabs-layout-horizontal","28":"first","29":"instock","30":"shipping-taxable","31":"product-type-simple"},"_links":{"self":[{"href":"https:\/\/www.zmsh-semitech.com\/hu\/wp-json\/wp\/v2\/product\/2143","targetHints":{"allow":["GET"]}}],"collection":[{"href":"https:\/\/www.zmsh-semitech.com\/hu\/wp-json\/wp\/v2\/product"}],"about":[{"href":"https:\/\/www.zmsh-semitech.com\/hu\/wp-json\/wp\/v2\/types\/product"}],"replies":[{"embeddable":true,"href":"https:\/\/www.zmsh-semitech.com\/hu\/wp-json\/wp\/v2\/comments?post=2143"}],"version-history":[{"count":2,"href":"https:\/\/www.zmsh-semitech.com\/hu\/wp-json\/wp\/v2\/product\/2143\/revisions"}],"predecessor-version":[{"id":2148,"href":"https:\/\/www.zmsh-semitech.com\/hu\/wp-json\/wp\/v2\/product\/2143\/revisions\/2148"}],"wp:featuredmedia":[{"embeddable":true,"href":"https:\/\/www.zmsh-semitech.com\/hu\/wp-json\/wp\/v2\/media\/2144"}],"wp:attachment":[{"href":"https:\/\/www.zmsh-semitech.com\/hu\/wp-json\/wp\/v2\/media?parent=2143"}],"wp:term":[{"taxonomy":"product_brand","embeddable":true,"href":"https:\/\/www.zmsh-semitech.com\/hu\/wp-json\/wp\/v2\/product_brand?post=2143"},{"taxonomy":"product_cat","embeddable":true,"href":"https:\/\/www.zmsh-semitech.com\/hu\/wp-json\/wp\/v2\/product_cat?post=2143"},{"taxonomy":"product_tag","embeddable":true,"href":"https:\/\/www.zmsh-semitech.com\/hu\/wp-json\/wp\/v2\/product_tag?post=2143"}],"curies":[{"name":"wp","href":"https:\/\/api.w.org\/{rel}","templated":true}]}}