{"id":2030,"date":"2026-03-27T01:57:48","date_gmt":"2026-03-27T01:57:48","guid":{"rendered":"https:\/\/www.zmsh-semitech.com\/?post_type=product&#038;p=2030"},"modified":"2026-03-27T02:00:00","modified_gmt":"2026-03-27T02:00:00","slug":"semi-automatic-room-temperature-wafer-bonding-machine-for-2-to-12-inch-wafer-processing","status":"publish","type":"product","link":"https:\/\/www.zmsh-semitech.com\/hu\/product\/semi-automatic-room-temperature-wafer-bonding-machine-for-2-to-12-inch-wafer-processing\/","title":{"rendered":"F\u00e9lautomata szobah\u0151m\u00e9rs\u00e9klet\u0171 Wafer Bonding Machine 2-12 h\u00fcvelykes Wafer feldolgoz\u00e1shoz"},"content":{"rendered":"<p data-start=\"183\" data-end=\"783\"><img fetchpriority=\"high\" decoding=\"async\" class=\"size-medium wp-image-2031 alignright\" src=\"https:\/\/www.zmsh-semitech.com\/wp-content\/uploads\/2026\/03\/semi_automatic_room_temperature_bonding_machine_2_4_6_8_12inch_compatible_material_sapphire_si_sic_inp_gaas_gan_lt_ln_diamond_glass-03-300x300.webp\" alt=\"\" width=\"300\" height=\"300\" srcset=\"https:\/\/www.zmsh-semitech.com\/wp-content\/uploads\/2026\/03\/semi_automatic_room_temperature_bonding_machine_2_4_6_8_12inch_compatible_material_sapphire_si_sic_inp_gaas_gan_lt_ln_diamond_glass-03-300x300.webp 300w, https:\/\/www.zmsh-semitech.com\/wp-content\/uploads\/2026\/03\/semi_automatic_room_temperature_bonding_machine_2_4_6_8_12inch_compatible_material_sapphire_si_sic_inp_gaas_gan_lt_ln_diamond_glass-03-150x150.webp 150w, https:\/\/www.zmsh-semitech.com\/wp-content\/uploads\/2026\/03\/semi_automatic_room_temperature_bonding_machine_2_4_6_8_12inch_compatible_material_sapphire_si_sic_inp_gaas_gan_lt_ln_diamond_glass-03-12x12.webp 12w, https:\/\/www.zmsh-semitech.com\/wp-content\/uploads\/2026\/03\/semi_automatic_room_temperature_bonding_machine_2_4_6_8_12inch_compatible_material_sapphire_si_sic_inp_gaas_gan_lt_ln_diamond_glass-03-600x600.webp 600w, https:\/\/www.zmsh-semitech.com\/wp-content\/uploads\/2026\/03\/semi_automatic_room_temperature_bonding_machine_2_4_6_8_12inch_compatible_material_sapphire_si_sic_inp_gaas_gan_lt_ln_diamond_glass-03-100x100.webp 100w, https:\/\/www.zmsh-semitech.com\/wp-content\/uploads\/2026\/03\/semi_automatic_room_temperature_bonding_machine_2_4_6_8_12inch_compatible_material_sapphire_si_sic_inp_gaas_gan_lt_ln_diamond_glass-03.webp 750w\" sizes=\"(max-width: 300px) 100vw, 300px\" \/>A f\u00e9lautomata, szobah\u0151m\u00e9rs\u00e9klet\u0171 Wafer Bonding Machine egy nagy pontoss\u00e1g\u00fa rendszer a wafer- \u00e9s chipszint\u0171 k\u00f6t\u00e9shez. A mechanikus nyom\u00e1s \u00e9s az in situ fel\u00fcletaktiv\u00e1l\u00e1si technol\u00f3gia kombin\u00e1l\u00e1s\u00e1val lehet\u0151v\u00e9 teszi a tart\u00f3s k\u00f6t\u00e9st szobah\u0151m\u00e9rs\u00e9kleten (20-30\u00b0C), ragaszt\u00f3anyag vagy magas h\u0151m\u00e9rs\u00e9klet\u0171 feldolgoz\u00e1s n\u00e9lk\u00fcl. Ez minimaliz\u00e1lja a h\u0151fesz\u00fclts\u00e9get \u00e9s az anyag deform\u00e1ci\u00f3j\u00e1t, \u00edgy ide\u00e1lis a h\u0151\u00e9rz\u00e9keny \u00e9s heterog\u00e9n anyagokhoz. A g\u00e9p 2 h\u00fcvelyk \u00e9s 12 h\u00fcvelyk k\u00f6z\u00f6tti ostyam\u00e9reteket t\u00e1mogat, \u00e9s alkalmas kutat\u00e1sra, k\u00eds\u00e9rleti gy\u00e1rt\u00e1sra, valamint kis- \u00e9s k\u00f6zepes m\u00e9ret\u0171 gy\u00e1rt\u00e1sra.<\/p>\n<h2 data-start=\"785\" data-end=\"803\"><strong data-start=\"785\" data-end=\"801\"><img decoding=\"async\" class=\"size-medium wp-image-2034 alignleft\" src=\"https:\/\/www.zmsh-semitech.com\/wp-content\/uploads\/2026\/03\/wafer_bonding_equipment_room_temperature_bondin_hydrophilic_bonding_si_sic_si_si_bonding_2_12_inch2-01-300x300.webp\" alt=\"\" width=\"300\" height=\"300\" srcset=\"https:\/\/www.zmsh-semitech.com\/wp-content\/uploads\/2026\/03\/wafer_bonding_equipment_room_temperature_bondin_hydrophilic_bonding_si_sic_si_si_bonding_2_12_inch2-01-300x300.webp 300w, https:\/\/www.zmsh-semitech.com\/wp-content\/uploads\/2026\/03\/wafer_bonding_equipment_room_temperature_bondin_hydrophilic_bonding_si_sic_si_si_bonding_2_12_inch2-01-150x150.webp 150w, https:\/\/www.zmsh-semitech.com\/wp-content\/uploads\/2026\/03\/wafer_bonding_equipment_room_temperature_bondin_hydrophilic_bonding_si_sic_si_si_bonding_2_12_inch2-01-12x12.webp 12w, https:\/\/www.zmsh-semitech.com\/wp-content\/uploads\/2026\/03\/wafer_bonding_equipment_room_temperature_bondin_hydrophilic_bonding_si_sic_si_si_bonding_2_12_inch2-01-600x600.webp 600w, https:\/\/www.zmsh-semitech.com\/wp-content\/uploads\/2026\/03\/wafer_bonding_equipment_room_temperature_bondin_hydrophilic_bonding_si_sic_si_si_bonding_2_12_inch2-01-100x100.webp 100w, https:\/\/www.zmsh-semitech.com\/wp-content\/uploads\/2026\/03\/wafer_bonding_equipment_room_temperature_bondin_hydrophilic_bonding_si_sic_si_si_bonding_2_12_inch2-01.webp 750w\" sizes=\"(max-width: 300px) 100vw, 300px\" \/>F\u0151 jellemz\u0151k<\/strong><\/h2>\n<ol data-start=\"804\" data-end=\"1556\">\n<li data-section-id=\"1qr4pz0\" data-start=\"804\" data-end=\"907\"><strong data-start=\"807\" data-end=\"835\">Szobah\u0151m\u00e9rs\u00e9klet\u0171 k\u00f6t\u00e9s<\/strong> - 25 \u00b1 5\u00b0C-on m\u0171k\u00f6dik a termikus elt\u00e9r\u00e9sek \u00e9s a szil\u00e1nkok torzul\u00e1s\u00e1nak megel\u0151z\u00e9se \u00e9rdek\u00e9ben.<\/li>\n<li data-section-id=\"3272ys\" data-start=\"908\" data-end=\"1042\"><strong data-start=\"911\" data-end=\"933\">Felsz\u00edni aktiv\u00e1l\u00e1s<\/strong> - A plazma vagy k\u00e9miai aktiv\u00e1l\u00e1s jav\u00edtja a k\u00f6t\u00e9s szil\u00e1rds\u00e1g\u00e1t; az opcion\u00e1lis porlaszt\u00e1s jav\u00edtja az interf\u00e9sz min\u0151s\u00e9g\u00e9t.<\/li>\n<li data-section-id=\"14ugk5g\" data-start=\"1043\" data-end=\"1155\"><strong data-start=\"1046\" data-end=\"1074\">Nagy pontoss\u00e1g\u00fa igaz\u00edt\u00e1s<\/strong> - Vizu\u00e1lis igaz\u00edt\u00f3rendszer \u00e9s prec\u00edzi\u00f3s mozg\u00e1splatform \u00b10,5 \u03bcm pontoss\u00e1ggal.<\/li>\n<li data-section-id=\"1fnxkbi\" data-start=\"1156\" data-end=\"1293\"><strong data-start=\"1159\" data-end=\"1190\">Sz\u00e9lesk\u00f6r\u0171 anyagkompatibilit\u00e1s<\/strong> - T\u00e1mogatja Si, SiC, GaAs, GaN, InP, zaf\u00edr, \u00fcveg, LiNbO\u2083, LiTaO\u2083, gy\u00e9m\u00e1nt \u00e9s kiv\u00e1lasztott polimerek haszn\u00e1lat\u00e1t.<\/li>\n<li data-section-id=\"17l1ons\" data-start=\"1294\" data-end=\"1427\"><strong data-start=\"1297\" data-end=\"1325\">F\u00e9lautomata m\u0171k\u00f6d\u00e9s<\/strong> - K\u00e9zi ostyat\u00f6lt\u00e9s automatiz\u00e1lt k\u00f6t\u00e9si folyamattal; programozhat\u00f3 receptek az ism\u00e9telhet\u0151 eredm\u00e9nyek \u00e9rdek\u00e9ben.<\/li>\n<li data-section-id=\"14hlwba\" data-start=\"1428\" data-end=\"1556\"><strong data-start=\"1431\" data-end=\"1463\">Tiszta \u00e9s stabil k\u00f6rnyezet<\/strong> - A be\u00e9p\u00edtett 100-as tisztas\u00e1gi oszt\u00e1ly\u00fa rendszer alacsony szennyez\u0151d\u00e9st \u00e9s &lt;0,1% interf\u00e9sz \u00fcresj\u00e1ratot biztos\u00edt.<\/li>\n<\/ol>\n<h2 data-start=\"1558\" data-end=\"1588\"><strong data-start=\"1558\" data-end=\"1586\">M\u0171szaki specifik\u00e1ci\u00f3k<\/strong><\/h2>\n<div class=\"TyagGW_tableContainer\">\n<div class=\"group TyagGW_tableWrapper flex flex-col-reverse w-fit\" tabindex=\"-1\">\n<table class=\"w-fit min-w-(--thread-content-width)\" data-start=\"1590\" data-end=\"2023\">\n<thead data-start=\"1590\" data-end=\"1619\">\n<tr data-start=\"1590\" data-end=\"1619\">\n<th class=\"\" data-start=\"1590\" data-end=\"1602\" data-col-size=\"sm\">Param\u00e9ter<\/th>\n<th class=\"\" data-start=\"1602\" data-end=\"1619\" data-col-size=\"md\">Specifik\u00e1ci\u00f3<\/th>\n<\/tr>\n<\/thead>\n<tbody data-start=\"1650\" data-end=\"2023\">\n<tr data-start=\"1650\" data-end=\"1710\">\n<td data-start=\"1650\" data-end=\"1663\" data-col-size=\"sm\">Wafer m\u00e9ret<\/td>\n<td data-start=\"1663\" data-end=\"1710\" data-col-size=\"md\">2\u2033 - 12\u2033, szab\u00e1lytalan mint\u00e1kkal kompatibilis<\/td>\n<\/tr>\n<tr data-start=\"1711\" data-end=\"1744\">\n<td data-start=\"1711\" data-end=\"1733\" data-col-size=\"sm\">K\u00f6t\u00e9si h\u0151m\u00e9rs\u00e9klet<\/td>\n<td data-col-size=\"md\" data-start=\"1733\" data-end=\"1744\">20-30\u00b0C<\/td>\n<\/tr>\n<tr data-start=\"1745\" data-end=\"1773\">\n<td data-start=\"1745\" data-end=\"1764\" data-col-size=\"sm\">Maxim\u00e1lis nyom\u00e1s<\/td>\n<td data-col-size=\"md\" data-start=\"1764\" data-end=\"1773\">80 kN<\/td>\n<\/tr>\n<tr data-start=\"1774\" data-end=\"1833\">\n<td data-start=\"1774\" data-end=\"1793\" data-col-size=\"sm\">Nyom\u00e1sszab\u00e1lyoz\u00e1s<\/td>\n<td data-col-size=\"md\" data-start=\"1793\" data-end=\"1833\">0-5000 N \u00e1ll\u00edthat\u00f3, \u00b11 N felbont\u00e1s<\/td>\n<\/tr>\n<tr data-start=\"1834\" data-end=\"1866\">\n<td data-start=\"1834\" data-end=\"1855\" data-col-size=\"sm\">Igaz\u00edt\u00e1si pontoss\u00e1g<\/td>\n<td data-col-size=\"md\" data-start=\"1855\" data-end=\"1866\">\u00b10,5 \u03bcm<\/td>\n<\/tr>\n<tr data-start=\"1867\" data-end=\"1896\">\n<td data-start=\"1867\" data-end=\"1883\" data-col-size=\"sm\">K\u00f6t\u00e9sszil\u00e1rds\u00e1g<\/td>\n<td data-start=\"1883\" data-end=\"1896\" data-col-size=\"md\">\u22652,0 J\/m\u00b2<\/td>\n<\/tr>\n<tr data-start=\"1897\" data-end=\"1963\">\n<td data-start=\"1897\" data-end=\"1917\" data-col-size=\"sm\">Fel\u00fcletkezel\u00e9s<\/td>\n<td data-start=\"1917\" data-end=\"1963\" data-col-size=\"md\">In situ aktiv\u00e1l\u00e1s + porlaszt\u00e1sos lev\u00e1laszt\u00e1s<\/td>\n<\/tr>\n<tr data-start=\"1964\" data-end=\"1989\">\n<td data-start=\"1964\" data-end=\"1979\" data-col-size=\"sm\">T\u00e1pl\u00e1l\u00e1si m\u00f3d<\/td>\n<td data-start=\"1979\" data-end=\"1989\" data-col-size=\"md\">K\u00e9zi<\/td>\n<\/tr>\n<tr data-start=\"1990\" data-end=\"2023\">\n<td data-start=\"1990\" data-end=\"2010\" data-col-size=\"sm\">Tisztas\u00e1gi szint<\/td>\n<td data-col-size=\"md\" data-start=\"2010\" data-end=\"2023\">100. oszt\u00e1ly<\/td>\n<\/tr>\n<\/tbody>\n<\/table>\n<\/div>\n<\/div>\n<h2 data-start=\"2025\" data-end=\"2046\"><strong data-start=\"2025\" data-end=\"2044\">Alapvet\u0151 technol\u00f3gia<\/strong><\/h2>\n<ol data-start=\"2047\" data-end=\"2318\">\n<li data-section-id=\"1ynif5v\" data-start=\"2047\" data-end=\"2190\"><strong data-start=\"2050\" data-end=\"2085\">Szobah\u0151m\u00e9rs\u00e9klet\u0171 k\u00f6zvetlen ragaszt\u00e1s<\/strong> - Az aktiv\u00e1lt fel\u00fcletek ellen\u0151rz\u00f6tt nyom\u00e1s alatt \u00e9rintkeznek, \u00e9s h\u0151kezel\u00e9s n\u00e9lk\u00fcl stabil k\u00f6t\u00e9seket k\u00e9peznek.<\/li>\n<li data-section-id=\"1j5fo5j\" data-start=\"2191\" data-end=\"2318\"><strong data-start=\"2194\" data-end=\"2216\">Felsz\u00edni aktiv\u00e1l\u00e1s<\/strong> - N\u00f6veli a fel\u00fcleti energi\u00e1t, elt\u00e1vol\u00edtja a szennyez\u0151d\u00e9seket, \u00e9s jav\u00edtja a k\u00f6t\u00e9s egyenletess\u00e9g\u00e9t az anyagok k\u00f6z\u00f6tt.<\/li>\n<\/ol>\n<h2 data-start=\"2320\" data-end=\"2338\"><strong data-start=\"2320\" data-end=\"2336\"><img decoding=\"async\" class=\"size-medium wp-image-2033 alignright\" src=\"https:\/\/www.zmsh-semitech.com\/wp-content\/uploads\/2026\/03\/semi_automatic_room_temperature_bonding_machine_2_4_6_8_12inch_compatible_material_sapphire_si_sic_inp_gaas_gan_lt_ln_diamond_glass-02-300x300.webp\" alt=\"\" width=\"300\" height=\"300\" srcset=\"https:\/\/www.zmsh-semitech.com\/wp-content\/uploads\/2026\/03\/semi_automatic_room_temperature_bonding_machine_2_4_6_8_12inch_compatible_material_sapphire_si_sic_inp_gaas_gan_lt_ln_diamond_glass-02-300x300.webp 300w, https:\/\/www.zmsh-semitech.com\/wp-content\/uploads\/2026\/03\/semi_automatic_room_temperature_bonding_machine_2_4_6_8_12inch_compatible_material_sapphire_si_sic_inp_gaas_gan_lt_ln_diamond_glass-02-150x150.webp 150w, https:\/\/www.zmsh-semitech.com\/wp-content\/uploads\/2026\/03\/semi_automatic_room_temperature_bonding_machine_2_4_6_8_12inch_compatible_material_sapphire_si_sic_inp_gaas_gan_lt_ln_diamond_glass-02-12x12.webp 12w, https:\/\/www.zmsh-semitech.com\/wp-content\/uploads\/2026\/03\/semi_automatic_room_temperature_bonding_machine_2_4_6_8_12inch_compatible_material_sapphire_si_sic_inp_gaas_gan_lt_ln_diamond_glass-02-600x600.webp 600w, https:\/\/www.zmsh-semitech.com\/wp-content\/uploads\/2026\/03\/semi_automatic_room_temperature_bonding_machine_2_4_6_8_12inch_compatible_material_sapphire_si_sic_inp_gaas_gan_lt_ln_diamond_glass-02-100x100.webp 100w, https:\/\/www.zmsh-semitech.com\/wp-content\/uploads\/2026\/03\/semi_automatic_room_temperature_bonding_machine_2_4_6_8_12inch_compatible_material_sapphire_si_sic_inp_gaas_gan_lt_ln_diamond_glass-02.webp 750w\" sizes=\"(max-width: 300px) 100vw, 300px\" \/>Alkalmaz\u00e1sok<\/strong><\/h2>\n<ol data-start=\"2339\" data-end=\"2915\">\n<li data-section-id=\"1r305i3\" data-start=\"2339\" data-end=\"2464\"><strong data-start=\"2342\" data-end=\"2378\">Fejlett f\u00e9lvezet\u0151 csomagol\u00e1s<\/strong> - 3D IC stacking, TSV bonding, logikai \u00e9s mem\u00f3riachipek heterog\u00e9n integr\u00e1ci\u00f3ja.<\/li>\n<li data-section-id=\"1275240\" data-start=\"2465\" data-end=\"2574\"><strong data-start=\"2468\" data-end=\"2490\">MEMS gy\u00e1rt\u00e1s<\/strong> - Wafer-szint\u0171 v\u00e1kuumcsomagol\u00e1s \u00e9rz\u00e9kel\u0151k, p\u00e9ld\u00e1ul gyorsul\u00e1sm\u00e9r\u0151k \u00e9s giroszk\u00f3pok sz\u00e1m\u00e1ra.<\/li>\n<li data-section-id=\"vq54gb\" data-start=\"2575\" data-end=\"2696\"><strong data-start=\"2578\" data-end=\"2610\">Optoelektronika \u00e9s kijelz\u0151k<\/strong> - LED ragaszt\u00e1s, zaf\u00edr \u00e9s \u00fcveg szubsztr\u00e1t ragaszt\u00e1sa, AR\/VR optikai modulok \u00f6sszeszerel\u00e9se.<\/li>\n<li data-section-id=\"15fq9o1\" data-start=\"2697\" data-end=\"2795\"><strong data-start=\"2700\" data-end=\"2730\">Mikrofluidika \u00e9s biochipek<\/strong> - PDMS \u00e9s \u00fcveg k\u00f6t\u00e9s a biol\u00f3giai aktivit\u00e1s meg\u0151rz\u00e9se mellett.<\/li>\n<li data-section-id=\"1hrgg45\" data-start=\"2796\" data-end=\"2915\"><strong data-start=\"2799\" data-end=\"2832\">Kutat\u00e1s \u00e9s \u00faj eszk\u00f6z\u00f6k<\/strong> - Rugalmas elektronika, kvantumeszk\u00f6z\u00f6k \u00e9s heterog\u00e9n anyagintegr\u00e1ci\u00f3.<\/li>\n<\/ol>\n<h2 data-start=\"2917\" data-end=\"2942\"><strong data-start=\"2917\" data-end=\"2940\">Szerviz \u00e9s t\u00e1mogat\u00e1s<\/strong><\/h2>\n<ol data-start=\"2943\" data-end=\"3382\">\n<li data-section-id=\"uiqlfa\" data-start=\"2943\" data-end=\"3062\"><strong data-start=\"2946\" data-end=\"2969\">Folyamatfejleszt\u00e9s<\/strong> - K\u00f6t\u00e9si param\u00e9terek optimaliz\u00e1l\u00e1sa \u00e9s fel\u00fcletaktiv\u00e1l\u00e1si megold\u00e1sok k\u00fcl\u00f6nb\u00f6z\u0151 anyagokhoz.<\/li>\n<li data-section-id=\"zjufb1\" data-start=\"3063\" data-end=\"3173\"><strong data-start=\"3066\" data-end=\"3093\">Berendez\u00e9s testreszab\u00e1sa<\/strong> - Nagy pontoss\u00e1g\u00fa igaz\u00edt\u00f3modulok, v\u00e1kuum- vagy szab\u00e1lyozott atmoszf\u00e9r\u00e1j\u00fa kamr\u00e1k.<\/li>\n<li data-section-id=\"1qni85g\" data-start=\"3174\" data-end=\"3253\"><strong data-start=\"3177\" data-end=\"3199\">M\u0171szaki k\u00e9pz\u00e9s<\/strong> - Helysz\u00edni \u00fczemeltet\u00e9si \u00fatmutat\u00e1s \u00e9s a folyamat hibakeres\u00e9se.<\/li>\n<li data-section-id=\"cek539\" data-start=\"3254\" data-end=\"3382\"><strong data-start=\"3257\" data-end=\"3280\">\u00c9rt\u00e9kes\u00edt\u00e9s ut\u00e1ni t\u00e1mogat\u00e1s<\/strong> - 12 h\u00f3nap garancia, a legfontosabb alkatr\u00e9szek gyors cser\u00e9je, t\u00e1vdiagnosztika \u00e9s szoftverfriss\u00edt\u00e9sek.<\/li>\n<\/ol>\n<h2>GYIK<\/h2>\n<p data-start=\"3384\" data-end=\"3564\">K: Mi a f\u0151 el\u0151nye a szobah\u0151m\u00e9rs\u00e9klet\u0171 ragaszt\u00e1snak?<br data-start=\"3452\" data-end=\"3455\" \/>V: Megsz\u00fcnteti a h\u0151fesz\u00fclts\u00e9get, \u00e9s lehet\u0151v\u00e9 teszi a h\u0151\u00e9rz\u00e9keny \u00e9s heterog\u00e9n anyagok megb\u00edzhat\u00f3 ragaszt\u00e1s\u00e1t.<\/p>\n<p data-start=\"3566\" data-end=\"3750\">K: Milyen anyagok ragaszthat\u00f3k?<br data-start=\"3598\" data-end=\"3601\" \/>A: Szil\u00edcium, szil\u00edciumkarbid, gallium-nitrid, gallium-arzenid, indium-foszfid, zaf\u00edr, \u00fcveg, l\u00edtium-niob\u00e1t, gy\u00e9m\u00e1nt \u00e9s kiv\u00e1lasztott polimerek.<\/p>","protected":false},"excerpt":{"rendered":"<p>A f\u00e9lautomata, szobah\u0151m\u00e9rs\u00e9klet\u0171 Wafer Bonding Machine egy nagy pontoss\u00e1g\u00fa rendszer a wafer- \u00e9s chipszint\u0171 k\u00f6t\u00e9shez. A mechanikus nyom\u00e1s \u00e9s az in situ fel\u00fcletaktiv\u00e1l\u00e1si technol\u00f3gia kombin\u00e1l\u00e1s\u00e1val lehet\u0151v\u00e9 teszi a tart\u00f3s k\u00f6t\u00e9st szobah\u0151m\u00e9rs\u00e9kleten (20-30\u00b0C), ragaszt\u00f3anyag vagy magas h\u0151m\u00e9rs\u00e9klet\u0171 feldolgoz\u00e1s n\u00e9lk\u00fcl.<\/p>","protected":false},"featured_media":2031,"comment_status":"open","ping_status":"closed","template":"","meta":{"site-sidebar-layout":"default","site-content-layout":"","ast-site-content-layout":"default","site-content-style":"default","site-sidebar-style":"default","ast-global-header-display":"","ast-banner-title-visibility":"","ast-main-header-display":"","ast-hfb-above-header-display":"","ast-hfb-below-header-display":"","ast-hfb-mobile-header-display":"","site-post-title":"","ast-breadcrumbs-content":"","ast-featured-img":"","footer-sml-layout":"","ast-disable-related-posts":"","theme-transparent-header-meta":"default","adv-header-id-meta":"","stick-header-meta":"default","header-above-stick-meta":"","header-main-stick-meta":"","header-below-stick-meta":"","astra-migrate-meta-layouts":"set","ast-page-background-enabled":"default","ast-page-background-meta":{"desktop":{"background-color":"var(--ast-global-color-4)","background-image":"","background-repeat":"repeat","background-position":"center center","background-size":"auto","background-attachment":"scroll","background-type":"","background-media":"","overlay-type":"","overlay-color":"","overlay-opacity":"","overlay-gradient":""},"tablet":{"background-color":"","background-image":"","background-repeat":"repeat","background-position":"center center","background-size":"auto","background-attachment":"scroll","background-type":"","background-media":"","overlay-type":"","overlay-color":"","overlay-opacity":"","overlay-gradient":""},"mobile":{"background-color":"","background-image":"","background-repeat":"repeat","background-position":"center center","background-size":"auto","background-attachment":"scroll","background-type":"","background-media":"","overlay-type":"","overlay-color":"","overlay-opacity":"","overlay-gradient":""}},"ast-content-background-meta":{"desktop":{"background-color":"var(--ast-global-color-5)","background-image":"","background-repeat":"repeat","background-position":"center center","background-size":"auto","background-attachment":"scroll","background-type":"","background-media":"","overlay-type":"","overlay-color":"","overlay-opacity":"","overlay-gradient":""},"tablet":{"background-color":"var(--ast-global-color-5)","background-image":"","background-repeat":"repeat","background-position":"center center","background-size":"auto","background-attachment":"scroll","background-type":"","background-media":"","overlay-type":"","overlay-color":"","overlay-opacity":"","overlay-gradient":""},"mobile":{"background-color":"var(--ast-global-color-5)","background-image":"","background-repeat":"repeat","background-position":"center center","background-size":"auto","background-attachment":"scroll","background-type":"","background-media":"","overlay-type":"","overlay-color":"","overlay-opacity":"","overlay-gradient":""}}},"product_brand":[],"product_cat":[23],"product_tag":[617,613,601,614,615,616,625,630,621,622,626,636,623,634,624,627,629,628,633,631,612,620,611,635,618,619,632],"class_list":{"0":"post-2030","1":"product","2":"type-product","3":"status-publish","4":"has-post-thumbnail","6":"product_cat-bonding-machine","7":"product_tag-12-inch-wafer","8":"product_tag-2-inch-wafer","9":"product_tag-3d-ic-integration","10":"product_tag-4-inch-wafer","11":"product_tag-6-inch-wafer","12":"product_tag-8-inch-wafer","13":"product_tag-diamond-wafer-bonding","14":"product_tag-flexible-electronics","15":"product_tag-gaas-bonding","16":"product_tag-gan-bonding","17":"product_tag-glass-wafer-bonding","18":"product_tag-high-precision-alignment","19":"product_tag-inp-bonding","20":"product_tag-low-temperature-bonding","21":"product_tag-lt-ln-bonding","22":"product_tag-mems-packaging","23":"product_tag-microfluidic-chip","24":"product_tag-optoelectronics","25":"product_tag-plasma-bonding","26":"product_tag-quantum-devices","27":"product_tag-room-temperature-bonding","28":"product_tag-sapphire-bonding","29":"product_tag-semi-automatic-wafer-bonding","30":"product_tag-semi-automatic-equipment","31":"product_tag-si-wafer-bonding","32":"product_tag-sic-wafer-bonding","33":"product_tag-surface-activation","34":"desktop-align-left","35":"tablet-align-left","36":"mobile-align-left","37":"ast-product-gallery-layout-horizontal-slider","38":"ast-product-tabs-layout-horizontal","40":"first","41":"instock","42":"shipping-taxable","43":"product-type-simple"},"_links":{"self":[{"href":"https:\/\/www.zmsh-semitech.com\/hu\/wp-json\/wp\/v2\/product\/2030","targetHints":{"allow":["GET"]}}],"collection":[{"href":"https:\/\/www.zmsh-semitech.com\/hu\/wp-json\/wp\/v2\/product"}],"about":[{"href":"https:\/\/www.zmsh-semitech.com\/hu\/wp-json\/wp\/v2\/types\/product"}],"replies":[{"embeddable":true,"href":"https:\/\/www.zmsh-semitech.com\/hu\/wp-json\/wp\/v2\/comments?post=2030"}],"version-history":[{"count":3,"href":"https:\/\/www.zmsh-semitech.com\/hu\/wp-json\/wp\/v2\/product\/2030\/revisions"}],"predecessor-version":[{"id":2037,"href":"https:\/\/www.zmsh-semitech.com\/hu\/wp-json\/wp\/v2\/product\/2030\/revisions\/2037"}],"wp:featuredmedia":[{"embeddable":true,"href":"https:\/\/www.zmsh-semitech.com\/hu\/wp-json\/wp\/v2\/media\/2031"}],"wp:attachment":[{"href":"https:\/\/www.zmsh-semitech.com\/hu\/wp-json\/wp\/v2\/media?parent=2030"}],"wp:term":[{"taxonomy":"product_brand","embeddable":true,"href":"https:\/\/www.zmsh-semitech.com\/hu\/wp-json\/wp\/v2\/product_brand?post=2030"},{"taxonomy":"product_cat","embeddable":true,"href":"https:\/\/www.zmsh-semitech.com\/hu\/wp-json\/wp\/v2\/product_cat?post=2030"},{"taxonomy":"product_tag","embeddable":true,"href":"https:\/\/www.zmsh-semitech.com\/hu\/wp-json\/wp\/v2\/product_tag?post=2030"}],"curies":[{"name":"wp","href":"https:\/\/api.w.org\/{rel}","templated":true}]}}