{"id":2010,"date":"2026-03-25T06:54:28","date_gmt":"2026-03-25T06:54:28","guid":{"rendered":"https:\/\/www.zmsh-semitech.com\/?post_type=product&#038;p=2010"},"modified":"2026-03-25T07:00:03","modified_gmt":"2026-03-25T07:00:03","slug":"infrared-picosecond-dual-platform-laser-cutting-system-for-sapphire-quartz-optical-glass","status":"publish","type":"product","link":"https:\/\/www.zmsh-semitech.com\/hu\/product\/infrared-picosecond-dual-platform-laser-cutting-system-for-sapphire-quartz-optical-glass\/","title":{"rendered":"Infrav\u00f6r\u00f6s pikoszekundumos k\u00e9tplatformos l\u00e9zerv\u00e1g\u00f3 rendszer zaf\u00edr, kvarc \u00e9s optikai \u00fcveg v\u00e1g\u00e1s\u00e1hoz"},"content":{"rendered":"<p data-start=\"167\" data-end=\"736\">A ZMSH infrav\u00f6r\u00f6s pikoszekundumos, k\u00e9tplatformos l\u00e9zerv\u00e1g\u00f3 rendszer egy nagy pontoss\u00e1g\u00fa ipari megold\u00e1s, amelyet kem\u00e9ny \u00e9s t\u00f6r\u00e9keny anyagok, p\u00e9ld\u00e1ul zaf\u00edr, kvarc \u00e9s optikai \u00fcveg fejlett megmunk\u00e1l\u00e1s\u00e1ra terveztek. Az ultrar\u00f6vid pikoszekundumos l\u00e9zertechnol\u00f3gi\u00e1n (1064 nm hull\u00e1mhossz, 1-10 ps impulzusid\u0151) alapul\u00f3 rendszer kiv\u00e1l\u00f3 min\u0151s\u00e9g\u0171, kis s\u00e9r\u00fcl\u00e9st okoz\u00f3 v\u00e1g\u00e1st tesz lehet\u0151v\u00e9 egy \u00e9rint\u00e9smentes \u201chideg feldolgoz\u00e1si\u201d mechanizmuson kereszt\u00fcl. K\u00fcl\u00f6n\u00f6sen alkalmas a rendk\u00edv\u00fcli pontoss\u00e1got ig\u00e9nyl\u0151 ipar\u00e1gak, p\u00e9ld\u00e1ul az optika, a sz\u00f3rakoztat\u00f3 elektronika \u00e9s a f\u00e9lvezet\u0151gy\u00e1rt\u00e1s sz\u00e1m\u00e1ra.<\/p>\n<p data-start=\"738\" data-end=\"1166\"><img fetchpriority=\"high\" decoding=\"async\" class=\"size-medium wp-image-2013 alignright\" src=\"https:\/\/www.zmsh-semitech.com\/wp-content\/uploads\/2026\/03\/11-300x265.jpg\" alt=\"\" width=\"300\" height=\"265\" srcset=\"https:\/\/www.zmsh-semitech.com\/wp-content\/uploads\/2026\/03\/11-300x265.jpg 300w, https:\/\/www.zmsh-semitech.com\/wp-content\/uploads\/2026\/03\/11-14x12.jpg 14w, https:\/\/www.zmsh-semitech.com\/wp-content\/uploads\/2026\/03\/11-600x529.jpg 600w, https:\/\/www.zmsh-semitech.com\/wp-content\/uploads\/2026\/03\/11.jpg 680w\" sizes=\"(max-width: 300px) 100vw, 300px\" \/>A multifoton abszorpci\u00f3 \u00e9s a nemline\u00e1ris optikai hat\u00e1sok kihaszn\u00e1l\u00e1s\u00e1val a rendszer minim\u00e1lis h\u0151hat\u00e1s\u00fa z\u00f3n\u00e1kat (&lt;1\u03bcm) \u00e9s kiv\u00e1l\u00f3 fel\u00fcleti min\u0151s\u00e9get (Ra &lt;0,5\u03bcm) \u00e9r el, mik\u00f6zben a megmunk\u00e1l\u00e1si pontoss\u00e1g mikronos szinten marad (\u00b12\u03bcm). A hagyom\u00e1nyos h\u0151megmunk\u00e1l\u00e1si m\u00f3dszerekhez k\u00e9pest ez jelent\u0151sen cs\u00f6kkenti a mikroreped\u00e9seket, az \u00e9lpattog\u00e1st \u00e9s a bels\u0151 fesz\u00fclts\u00e9get, biztos\u00edtva a megmunk\u00e1lt alkatr\u00e9szek kiv\u00e1l\u00f3 szerkezeti integrit\u00e1s\u00e1t.<\/p>\n<p data-start=\"1168\" data-end=\"1644\">A berendez\u00e9s egyik f\u0151 jellemz\u0151je a k\u00e9tplatformos (k\u00e9t\u00e1llom\u00e1sos) kialak\u00edt\u00e1s, amely lehet\u0151v\u00e9 teszi az egyidej\u0171 feldolgoz\u00e1si \u00e9s be- \u00e9s kirakod\u00e1si m\u0171veleteket. Ez az intelligens konfigur\u00e1ci\u00f3 t\u00f6bb mint 30%-vel n\u00f6veli a teljes termel\u00e9si hat\u00e9konys\u00e1got, a v\u00e1g\u00e1si sebess\u00e9g pedig az anyag t\u00edpus\u00e1t\u00f3l \u00e9s vastags\u00e1g\u00e1t\u00f3l f\u00fcgg\u0151en ak\u00e1r 1000 mm\/s-ot is el\u00e9rheti. A rendszer sz\u00e9les v\u00e1g\u00e1si vastags\u00e1gtartom\u00e1nyt t\u00e1mogat 0,03 mm-t\u0151l 80 mm-ig, \u00edgy rendk\u00edv\u00fcl sokoldal\u00faan alkalmazhat\u00f3 mind az ultrav\u00e9kony, mind a vastag anyagok eset\u00e9ben.<\/p>\n<h3 data-section-id=\"gqkziz\" data-start=\"1651\" data-end=\"1683\"><span role=\"text\">M\u0171szaki specifik\u00e1ci\u00f3k<\/span><\/h3>\n<ul data-start=\"1685\" data-end=\"2035\">\n<li data-section-id=\"nnwezq\" data-start=\"1685\" data-end=\"1734\">L\u00e9zer t\u00edpusa: (1064 nm)<\/li>\n<li data-section-id=\"1jz0so4\" data-start=\"1735\" data-end=\"1798\">Platform m\u00e9rete: 700\u00d71200 mm \/ 900\u00d71400 mm (testreszabhat\u00f3)<\/li>\n<li data-section-id=\"mxzxuc\" data-start=\"1799\" data-end=\"1836\">V\u00e1g\u00e1si vastags\u00e1g: 0,03-80 mm<\/li>\n<li data-section-id=\"nlqivx\" data-start=\"1837\" data-end=\"1871\">V\u00e1g\u00e1si sebess\u00e9g: 0-1000 mm\/s<\/li>\n<li data-section-id=\"2pmcge\" data-start=\"1872\" data-end=\"1903\">Sz\u00e9lek t\u00f6r\u00e9se: &lt;0,01 mm<\/li>\n<li data-section-id=\"zr4cly\" data-start=\"1904\" data-end=\"1937\">Feldolgoz\u00e1si pontoss\u00e1g: \u00b12\u03bcm<\/li>\n<li data-section-id=\"f3i77i\" data-start=\"1938\" data-end=\"1974\">Fel\u00fcleti \u00e9rdess\u00e9g: Ra &lt;0,5\u03bcm<\/li>\n<li data-section-id=\"qfcm9j\" data-start=\"1975\" data-end=\"2007\">H\u0151s\u00e9g \u00e1ltal \u00e9rintett z\u00f3na: &lt;1\u03bcm<\/li>\n<li data-section-id=\"1ylcy0c\" data-start=\"2008\" data-end=\"2035\">Tan\u00fas\u00edt\u00e1s: RoHS<\/li>\n<\/ul>\n<h3 data-section-id=\"2vegpd\" data-start=\"2042\" data-end=\"2067\"><span role=\"text\">M\u0171k\u00f6d\u00e9si elv<\/span><\/h3>\n<p data-start=\"2069\" data-end=\"2155\"><img decoding=\"async\" class=\"size-medium wp-image-2016 alignright\" src=\"https:\/\/www.zmsh-semitech.com\/wp-content\/uploads\/2026\/03\/Laser-Cutting-System8-300x300.webp\" alt=\"\" width=\"300\" height=\"300\" srcset=\"https:\/\/www.zmsh-semitech.com\/wp-content\/uploads\/2026\/03\/Laser-Cutting-System8-300x300.webp 300w, https:\/\/www.zmsh-semitech.com\/wp-content\/uploads\/2026\/03\/Laser-Cutting-System8-150x150.webp 150w, https:\/\/www.zmsh-semitech.com\/wp-content\/uploads\/2026\/03\/Laser-Cutting-System8-12x12.webp 12w, https:\/\/www.zmsh-semitech.com\/wp-content\/uploads\/2026\/03\/Laser-Cutting-System8-600x600.webp 600w, https:\/\/www.zmsh-semitech.com\/wp-content\/uploads\/2026\/03\/Laser-Cutting-System8-100x100.webp 100w, https:\/\/www.zmsh-semitech.com\/wp-content\/uploads\/2026\/03\/Laser-Cutting-System8.webp 750w\" sizes=\"(max-width: 300px) 100vw, 300px\" \/>A rendszer m\u0171k\u00f6d\u00e9se fejlett, ultragyors l\u00e9zer-anyag k\u00f6lcs\u00f6nhat\u00e1si mechanizmusokon alapul:<\/p>\n<ol data-start=\"2157\" data-end=\"2775\">\n<li data-section-id=\"18ay4xr\" data-start=\"2157\" data-end=\"2370\">Ultrar\u00f6vid l\u00e9zeres feldolgoz\u00e1s<br data-start=\"2190\" data-end=\"2193\" \/>A pikoszekundumos l\u00e9zerimpulzusok (10-\u00b9\u00b2 m\u00e1sodperc) rendk\u00edv\u00fcl nagy cs\u00facsenergi\u00e1t biztos\u00edtanak, ami lehet\u0151v\u00e9 teszi az azonnali anyagelt\u00e1vol\u00edt\u00e1st atomi szinten, jelent\u0151s h\u0151diff\u00fazi\u00f3 n\u00e9lk\u00fcl.<\/li>\n<li data-section-id=\"3y7r4c\" data-start=\"2372\" data-end=\"2593\">Nemline\u00e1ris abszorpci\u00f3s mechanizmus<br data-start=\"2409\" data-end=\"2412\" \/>A multifoton-abszorpci\u00f3 r\u00e9v\u00e9n m\u00e9g az olyan \u00e1tl\u00e1tsz\u00f3 anyagok, mint a zaf\u00edr \u00e9s az \u00fcveg is k\u00e9pesek hat\u00e9konyan elnyelni a l\u00e9zerenergi\u00e1t, legy\u0151zve ezzel a hagyom\u00e1nyos l\u00e9zeres feldolgoz\u00e1s korl\u00e1tait.<\/li>\n<li data-section-id=\"cuwwlx\" data-start=\"2595\" data-end=\"2775\">K\u00e9tplatformos intelligens m\u0171k\u00f6d\u00e9s<br data-start=\"2637\" data-end=\"2640\" \/>K\u00e9t f\u00fcggetlen munka\u00e1llom\u00e1s lehet\u0151v\u00e9 teszi a p\u00e1rhuzamos feldolgoz\u00e1st \u00e9s be- \u00e9s kirakod\u00e1st, maximaliz\u00e1lva a g\u00e9p kihaszn\u00e1lts\u00e1g\u00e1t \u00e9s cs\u00f6kkentve az \u00e1ll\u00e1sid\u0151t.<\/li>\n<\/ol>\n<h3 data-section-id=\"lh3fvt\" data-start=\"2782\" data-end=\"2804\"><span role=\"text\">Legfontosabb el\u0151ny\u00f6k<\/span><\/h3>\n<ol data-start=\"2806\" data-end=\"3303\">\n<li data-section-id=\"st9mye\" data-start=\"2806\" data-end=\"2909\">A hidegfeldolgoz\u00e1si technol\u00f3gia kik\u00fcsz\u00f6b\u00f6li a termikus k\u00e1rosod\u00e1st, \u00edgy reped\u00e9s- \u00e9s forg\u00e1csmentes \u00e9leket biztos\u00edt.<\/li>\n<li data-section-id=\"3gqn4z\" data-start=\"2910\" data-end=\"3025\">Az \u00e9rint\u00e9smentes megmunk\u00e1l\u00e1ssal elker\u00fclhet\u0151 a mechanikai ig\u00e9nybev\u00e9tel \u00e9s a szersz\u00e1mkop\u00e1s, ami nagyobb pontoss\u00e1got \u00e9s ism\u00e9telhet\u0151s\u00e9get tesz lehet\u0151v\u00e9.<\/li>\n<li data-section-id=\"t4rek4\" data-start=\"3026\" data-end=\"3115\">A k\u00e9tplatformos kialak\u00edt\u00e1s t\u00f6bb mint 30%-vel jav\u00edtja a hat\u00e9konys\u00e1got a nagy volumen\u0171 gy\u00e1rt\u00e1shoz.<\/li>\n<li data-section-id=\"1aobtyn\" data-start=\"3116\" data-end=\"3204\">A z\u00e9r\u00f3 fogy\u00f3eszk\u00f6z\u00f6k jelent\u0151sen cs\u00f6kkentik az \u00fczemeltet\u00e9si k\u00f6lts\u00e9geket \u00e9s a k\u00f6rnyezetterhel\u00e9st.<\/li>\n<li data-section-id=\"7x1mv2\" data-start=\"3205\" data-end=\"3303\">A nagy pontoss\u00e1g \u00e9s a nulla k\u00faposs\u00e1g kiv\u00e1l\u00f3 \u00e9lmin\u0151s\u00e9get biztos\u00edt m\u00e1sodlagos megmunk\u00e1l\u00e1s n\u00e9lk\u00fcl.<\/li>\n<\/ol>\n<h3 data-section-id=\"1vylwey\" data-start=\"3310\" data-end=\"3331\"><span role=\"text\">Alapvet\u0151 jellemz\u0151k<\/span><\/h3>\n<ul data-start=\"3333\" data-end=\"3729\">\n<li data-section-id=\"q49071\" data-start=\"3333\" data-end=\"3391\">Nagy sebess\u00e9g\u0171, nagy pontoss\u00e1g\u00fa, \u00f6sszetett kont\u00farv\u00e1g\u00e1s<\/li>\n<li data-section-id=\"8nnwt4\" data-start=\"3392\" data-end=\"3466\">Integr\u00e1lt v\u00e1g\u00e1si \u00e9s t\u00f6r\u00e9si folyamat az \u00e1ramvonalas gy\u00e1rt\u00e1s \u00e9rdek\u00e9ben<\/li>\n<li data-section-id=\"17pub5y\" data-start=\"3467\" data-end=\"3527\">Automatikus modellv\u00e1lt\u00e1s a rugalmas gy\u00e1rt\u00e1shoz<\/li>\n<li data-section-id=\"ln0ei1\" data-start=\"3528\" data-end=\"3596\">Sima, csom\u00f3mentes \u00e9lek, m\u00e1sodlagos pol\u00edroz\u00e1s n\u00e9lk\u00fcl<\/li>\n<li data-section-id=\"dpzdrc\" data-start=\"3597\" data-end=\"3670\">Bels\u0151 furatf\u00far\u00e1s \u00e9s mikroszerkezeti feldolgoz\u00e1s t\u00e1mogat\u00e1sa<\/li>\n<li data-section-id=\"ryijjn\" data-start=\"3671\" data-end=\"3729\">Felhaszn\u00e1l\u00f3bar\u00e1t kezel\u0151fel\u00fclet magas automatiz\u00e1lts\u00e1gi szinttel<\/li>\n<\/ul>\n<h3 data-section-id=\"17bubrg\" data-start=\"3736\" data-end=\"3781\"><span role=\"text\">Anyagkompatibilit\u00e1s \u00e9s alkalmaz\u00e1sok<\/span><\/h3>\n<p data-start=\"3783\" data-end=\"3865\">Ezt a rendszert sz\u00e9les k\u00f6rben haszn\u00e1lj\u00e1k k\u00fcl\u00f6nb\u00f6z\u0151 fejlett anyagok prec\u00edzi\u00f3s megmunk\u00e1l\u00e1s\u00e1ra:<\/p>\n<div class=\"TyagGW_tableContainer\">\n<div class=\"group TyagGW_tableWrapper flex flex-col-reverse w-fit\" tabindex=\"-1\">\n<table class=\"w-fit min-w-(--thread-content-width)\" data-start=\"3867\" data-end=\"4394\">\n<thead data-start=\"3867\" data-end=\"3928\">\n<tr data-start=\"3867\" data-end=\"3928\">\n<th class=\"\" data-start=\"3867\" data-end=\"3878\" data-col-size=\"sm\">Anyag<\/th>\n<th class=\"\" data-start=\"3878\" data-end=\"3901\" data-col-size=\"sm\">Tipikus alkalmaz\u00e1sok<\/th>\n<th class=\"\" data-start=\"3901\" data-end=\"3928\" data-col-size=\"sm\">Feldolgoz\u00e1si k\u00f6vetelm\u00e9nyek<\/th>\n<\/tr>\n<\/thead>\n<tbody data-start=\"3988\" data-end=\"4394\">\n<tr data-start=\"3988\" data-end=\"4073\">\n<td data-start=\"3988\" data-end=\"3999\" data-col-size=\"sm\">Zaf\u00edr<\/td>\n<td data-start=\"3999\" data-end=\"4036\" data-col-size=\"sm\">Smartwatch bor\u00edt\u00f3k, optikai ablakok<\/td>\n<td data-start=\"4036\" data-end=\"4073\" data-col-size=\"sm\">Reped\u00e9smentes, nagy szil\u00e1rds\u00e1g\u00fa v\u00e1g\u00e1s<\/td>\n<\/tr>\n<tr data-start=\"4074\" data-end=\"4160\">\n<td data-start=\"4074\" data-end=\"4089\" data-col-size=\"sm\">Kvarc \u00fcveg<\/td>\n<td data-start=\"4089\" data-end=\"4119\" data-col-size=\"sm\">Optikai alkatr\u00e9szek, laborat\u00f3riumi eszk\u00f6z\u00f6k<\/td>\n<td data-start=\"4119\" data-end=\"4160\" data-col-size=\"sm\">Nagy \u00e1tl\u00e1that\u00f3s\u00e1g, alacsony termikus k\u00e1rosod\u00e1s<\/td>\n<\/tr>\n<tr data-start=\"4161\" data-end=\"4241\">\n<td data-start=\"4161\" data-end=\"4177\" data-col-size=\"sm\">Optikai \u00fcveg<\/td>\n<td data-start=\"4177\" data-end=\"4204\" data-col-size=\"sm\">Objekt\u00edvek, sz\u0171r\u0151k, t\u00fckr\u00f6k<\/td>\n<td data-start=\"4204\" data-end=\"4241\" data-col-size=\"sm\">Magas fel\u00fcleti min\u0151s\u00e9g, nincs lepattan\u00e1s<\/td>\n<\/tr>\n<tr data-start=\"4242\" data-end=\"4320\">\n<td data-start=\"4242\" data-end=\"4259\" data-col-size=\"sm\">Edzett \u00fcveg<\/td>\n<td data-start=\"4259\" data-end=\"4289\" data-col-size=\"sm\">Sz\u00f3rakoztat\u00f3 elektronikai panelek<\/td>\n<td data-start=\"4289\" data-end=\"4320\" data-col-size=\"sm\">Stresszmentes kont\u00farv\u00e1g\u00e1s<\/td>\n<\/tr>\n<tr data-start=\"4321\" data-end=\"4394\">\n<td data-start=\"4321\" data-end=\"4347\" data-col-size=\"sm\">F\u00e9lvezet\u0151 anyagok<\/td>\n<td data-start=\"4347\" data-end=\"4368\" data-col-size=\"sm\">Osty\u00e1k, szubsztr\u00e1tumok<\/td>\n<td data-start=\"4368\" data-end=\"4394\" data-col-size=\"sm\">Mikron-szint\u0171 pontoss\u00e1g<\/td>\n<\/tr>\n<\/tbody>\n<\/table>\n<\/div>\n<\/div>\n<h3 data-section-id=\"7coj8g\" data-start=\"4401\" data-end=\"4434\"><span role=\"text\">Alkalmaz\u00e1sok \u00e9s el\u0151ny\u00f6k<\/span><\/h3>\n<p data-start=\"4436\" data-end=\"4890\">A ZMSH pikoszekundumos l\u00e9zerv\u00e1g\u00f3 rendszer ide\u00e1lis a fogyaszt\u00f3i elektronika (okos\u00f3r\u00e1k \u00fcvege, f\u00e9nyk\u00e9pez\u0151g\u00e9pek lencs\u00e9i), optikai alkatr\u00e9szek, f\u00e9lvezet\u0151 osty\u00e1k \u00e9s prec\u00edzi\u00f3s \u00fcvegalkatr\u00e9szek sz\u00e1m\u00e1ra. Az ultrav\u00e9kony anyagok (&lt;0,1 mm) \u00e9s a vastag szubsztr\u00e1tumok megmunk\u00e1l\u00e1s\u00e1ra val\u00f3 k\u00e9pess\u00e9ge nagym\u00e9rt\u00e9kben alkalmazkod\u00f3v\u00e1 teszi. A nagy pontoss\u00e1g, az alacsony k\u00e1rosod\u00e1s \u00e9s az automatiz\u00e1l\u00e1s kombin\u00e1ci\u00f3ja biztos\u00edtja a jobb hozamr\u00e1t\u00e1t, a cs\u00f6kkentett ut\u00f3feldolgoz\u00e1si k\u00f6lts\u00e9geket \u00e9s az egyenletes term\u00e9kmin\u0151s\u00e9get.<img decoding=\"async\" class=\"size-medium wp-image-2015 aligncenter\" src=\"https:\/\/www.zmsh-semitech.com\/wp-content\/uploads\/2026\/03\/pl205574970-infrared_picosecond_dual_platform_laser_cutting_equipment_for_sapphire_quartz_optical_glass_processing9-300x272.webp\" alt=\"\" width=\"300\" height=\"272\" srcset=\"https:\/\/www.zmsh-semitech.com\/wp-content\/uploads\/2026\/03\/pl205574970-infrared_picosecond_dual_platform_laser_cutting_equipment_for_sapphire_quartz_optical_glass_processing9-300x272.webp 300w, https:\/\/www.zmsh-semitech.com\/wp-content\/uploads\/2026\/03\/pl205574970-infrared_picosecond_dual_platform_laser_cutting_equipment_for_sapphire_quartz_optical_glass_processing9-13x12.webp 13w, https:\/\/www.zmsh-semitech.com\/wp-content\/uploads\/2026\/03\/pl205574970-infrared_picosecond_dual_platform_laser_cutting_equipment_for_sapphire_quartz_optical_glass_processing9-600x543.webp 600w, https:\/\/www.zmsh-semitech.com\/wp-content\/uploads\/2026\/03\/pl205574970-infrared_picosecond_dual_platform_laser_cutting_equipment_for_sapphire_quartz_optical_glass_processing9.webp 750w\" sizes=\"(max-width: 300px) 100vw, 300px\" \/><\/p>\n<h3 data-section-id=\"jhwnf\" data-start=\"4897\" data-end=\"4937\"><span role=\"text\">Gyakran ism\u00e9telt k\u00e9rd\u00e9sek (GYIK)<\/span><\/h3>\n<p data-start=\"4939\" data-end=\"5186\">1. k\u00e9rd\u00e9s: Mire haszn\u00e1lj\u00e1k az infrav\u00f6r\u00f6s pikoszekundumos l\u00e9zerv\u00e1g\u00f3 rendszert?<br data-start=\"5008\" data-end=\"5011\" \/>V: Kem\u00e9ny \u00e9s t\u00f6r\u00e9keny anyagok, p\u00e9ld\u00e1ul zaf\u00edr, kvarc \u00e9s optikai \u00fcveg prec\u00edzi\u00f3s v\u00e1g\u00e1s\u00e1ra haszn\u00e1lj\u00e1k, mikronos pontoss\u00e1ggal, minim\u00e1lis h\u0151k\u00e1rosod\u00e1ssal.<\/p>\n<p data-start=\"5188\" data-end=\"5482\">2. k\u00e9rd\u00e9s: Mi\u00e9rt v\u00e1lassza a pikoszekundumos l\u00e9zereket a nanoszekundumos l\u00e9zerek helyett?<br data-start=\"5248\" data-end=\"5251\" \/>V: A pikoszekundumos l\u00e9zerek l\u00e9nyegesen kisebb h\u0151hat\u00e1s\u00fa z\u00f3n\u00e1t (&lt;1\u03bcm) biztos\u00edtanak, kik\u00fcsz\u00f6b\u00f6lik a mikroreped\u00e9seket \u00e9s a forg\u00e1csol\u00f3d\u00e1st, \u00e9s kiv\u00e1l\u00f3 \u00e9lmin\u0151s\u00e9get biztos\u00edtanak, \u00edgy ide\u00e1lisak a nagy pontoss\u00e1g\u00fa alkalmaz\u00e1sokhoz \u00e9s az ultrav\u00e9kony anyagokhoz.<\/p>\n<p data-start=\"5484\" data-end=\"5693\">3. k\u00e9rd\u00e9s: Milyen vastags\u00e1gtartom\u00e1nyt tud kezelni a rendszer?<br data-start=\"5535\" data-end=\"5538\" \/>V: A rendszer a 0,03 mm-es ultrav\u00e9kony anyagokt\u00f3l eg\u00e9szen a 80 mm vastag szubsztr\u00e1tumokig sz\u00e9les sk\u00e1l\u00e1t t\u00e1mogat, \u00edgy kiv\u00e1l\u00f3 rugalmass\u00e1got biztos\u00edt az alkalmaz\u00e1sokban.<\/p>\n<p data-start=\"5695\" data-end=\"5907\">4. k\u00e9rd\u00e9s: Alkalmas a rendszer t\u00f6megtermel\u00e9sre?<br data-start=\"5746\" data-end=\"5749\" \/>V: Igen, a k\u00e9tplatformos kialak\u00edt\u00e1s lehet\u0151v\u00e9 teszi a folyamatos m\u0171k\u00f6d\u00e9st t\u00f6bb mint 30%-vel magasabb hat\u00e9konys\u00e1ggal, \u00edgy ide\u00e1lis a nagy volumen\u0171 gy\u00e1rt\u00e1si k\u00f6rnyezetekhez.<\/p>\n<p data-start=\"5909\" data-end=\"6128\">5. k\u00e9rd\u00e9s: Sz\u00fcks\u00e9g van-e a folyamathoz fogy\u00f3eszk\u00f6z\u00f6kre vagy m\u00e1sodlagos ut\u00f3munk\u00e1latokra?<br data-start=\"5977\" data-end=\"5980\" \/>V: Nem, a rendszer nem ig\u00e9nyel fogy\u00f3eszk\u00f6z\u00f6ket, \u00e9s sima, csom\u00f3mentes \u00e9leket k\u00e9sz\u00edt, \u00edgy nincs sz\u00fcks\u00e9g tov\u00e1bbi pol\u00edroz\u00e1si vagy ut\u00f3munkafolyamatokra.<\/p>","protected":false},"excerpt":{"rendered":"<p>A ZMSH infrav\u00f6r\u00f6s pikoszekundumos, k\u00e9tplatformos l\u00e9zerv\u00e1g\u00f3 rendszer egy nagy pontoss\u00e1g\u00fa ipari megold\u00e1s, amelyet kem\u00e9ny \u00e9s t\u00f6r\u00e9keny anyagok, p\u00e9ld\u00e1ul zaf\u00edr, kvarc \u00e9s optikai \u00fcveg fejlett megmunk\u00e1l\u00e1s\u00e1ra terveztek.<\/p>","protected":false},"featured_media":2017,"comment_status":"open","ping_status":"closed","template":"","meta":{"site-sidebar-layout":"default","site-content-layout":"","ast-site-content-layout":"default","site-content-style":"default","site-sidebar-style":"default","ast-global-header-display":"","ast-banner-title-visibility":"","ast-main-header-display":"","ast-hfb-above-header-display":"","ast-hfb-below-header-display":"","ast-hfb-mobile-header-display":"","site-post-title":"","ast-breadcrumbs-content":"","ast-featured-img":"","footer-sml-layout":"","ast-disable-related-posts":"","theme-transparent-header-meta":"default","adv-header-id-meta":"","stick-header-meta":"default","header-above-stick-meta":"","header-main-stick-meta":"","header-below-stick-meta":"","astra-migrate-meta-layouts":"set","ast-page-background-enabled":"default","ast-page-background-meta":{"desktop":{"background-color":"var(--ast-global-color-4)","background-image":"","background-repeat":"repeat","background-position":"center center","background-size":"auto","background-attachment":"scroll","background-type":"","background-media":"","overlay-type":"","overlay-color":"","overlay-opacity":"","overlay-gradient":""},"tablet":{"background-color":"","background-image":"","background-repeat":"repeat","background-position":"center center","background-size":"auto","background-attachment":"scroll","background-type":"","background-media":"","overlay-type":"","overlay-color":"","overlay-opacity":"","overlay-gradient":""},"mobile":{"background-color":"","background-image":"","background-repeat":"repeat","background-position":"center center","background-size":"auto","background-attachment":"scroll","background-type":"","background-media":"","overlay-type":"","overlay-color":"","overlay-opacity":"","overlay-gradient":""}},"ast-content-background-meta":{"desktop":{"background-color":"var(--ast-global-color-5)","background-image":"","background-repeat":"repeat","background-position":"center center","background-size":"auto","background-attachment":"scroll","background-type":"","background-media":"","overlay-type":"","overlay-color":"","overlay-opacity":"","overlay-gradient":""},"tablet":{"background-color":"var(--ast-global-color-5)","background-image":"","background-repeat":"repeat","background-position":"center center","background-size":"auto","background-attachment":"scroll","background-type":"","background-media":"","overlay-type":"","overlay-color":"","overlay-opacity":"","overlay-gradient":""},"mobile":{"background-color":"var(--ast-global-color-5)","background-image":"","background-repeat":"repeat","background-position":"center center","background-size":"auto","background-attachment":"scroll","background-type":"","background-media":"","overlay-type":"","overlay-color":"","overlay-opacity":"","overlay-gradient":""}}},"product_brand":[],"product_cat":[21],"product_tag":[573,589,567,574,590,57,583,588,566,585,584,577,575,570,580,572,445,586,569,581,579,582,576,578,571,587,568],"class_list":{"0":"post-2010","1":"product","2":"type-product","3":"status-publish","4":"has-post-thumbnail","6":"product_cat-laser-cutting","7":"product_tag-1064nm-laser-cutting","8":"product_tag-automation-laser-system","9":"product_tag-dual-platform-laser-cutting-system","10":"product_tag-glass-cold-processing","11":"product_tag-high-efficiency-glass-cutting","12":"product_tag-high-precision-laser-cutting","13":"product_tag-high-speed-laser-cutting","14":"product_tag-industrial-laser-equipment","15":"product_tag-infrared-picosecond-laser-cutting","16":"product_tag-low-heat-affected-zone","17":"product_tag-micron-level-precision-cutting","18":"product_tag-multiphoton-absorption-cutting","19":"product_tag-non-contact-laser-machining","20":"product_tag-optical-glass-processing","21":"product_tag-optical-lens-cutting","22":"product_tag-picosecond-laser-technology","23":"product_tag-quartz-glass-cutting","24":"product_tag-ra0-5m-surface-finish","25":"product_tag-sapphire-laser-cutting","26":"product_tag-semiconductor-wafer-laser-cutting","27":"product_tag-smartwatch-glass-cutting","28":"product_tag-tempered-glass-processing","29":"product_tag-transparent-material-laser-cutting","30":"product_tag-ultra-thin-glass-cutting","31":"product_tag-ultrafast-laser-cutting","32":"product_tag-zero-taper-cutting","33":"product_tag-zmsh-laser-equipment","34":"desktop-align-left","35":"tablet-align-left","36":"mobile-align-left","37":"ast-product-gallery-layout-horizontal-slider","38":"ast-product-tabs-layout-horizontal","40":"first","41":"instock","42":"shipping-taxable","43":"product-type-simple"},"_links":{"self":[{"href":"https:\/\/www.zmsh-semitech.com\/hu\/wp-json\/wp\/v2\/product\/2010","targetHints":{"allow":["GET"]}}],"collection":[{"href":"https:\/\/www.zmsh-semitech.com\/hu\/wp-json\/wp\/v2\/product"}],"about":[{"href":"https:\/\/www.zmsh-semitech.com\/hu\/wp-json\/wp\/v2\/types\/product"}],"replies":[{"embeddable":true,"href":"https:\/\/www.zmsh-semitech.com\/hu\/wp-json\/wp\/v2\/comments?post=2010"}],"version-history":[{"count":4,"href":"https:\/\/www.zmsh-semitech.com\/hu\/wp-json\/wp\/v2\/product\/2010\/revisions"}],"predecessor-version":[{"id":2019,"href":"https:\/\/www.zmsh-semitech.com\/hu\/wp-json\/wp\/v2\/product\/2010\/revisions\/2019"}],"wp:featuredmedia":[{"embeddable":true,"href":"https:\/\/www.zmsh-semitech.com\/hu\/wp-json\/wp\/v2\/media\/2017"}],"wp:attachment":[{"href":"https:\/\/www.zmsh-semitech.com\/hu\/wp-json\/wp\/v2\/media?parent=2010"}],"wp:term":[{"taxonomy":"product_brand","embeddable":true,"href":"https:\/\/www.zmsh-semitech.com\/hu\/wp-json\/wp\/v2\/product_brand?post=2010"},{"taxonomy":"product_cat","embeddable":true,"href":"https:\/\/www.zmsh-semitech.com\/hu\/wp-json\/wp\/v2\/product_cat?post=2010"},{"taxonomy":"product_tag","embeddable":true,"href":"https:\/\/www.zmsh-semitech.com\/hu\/wp-json\/wp\/v2\/product_tag?post=2010"}],"curies":[{"name":"wp","href":"https:\/\/api.w.org\/{rel}","templated":true}]}}