{"id":1981,"date":"2026-03-23T06:13:43","date_gmt":"2026-03-23T06:13:43","guid":{"rendered":"https:\/\/www.zmsh-semitech.com\/?post_type=product&#038;p=1981"},"modified":"2026-03-23T06:18:04","modified_gmt":"2026-03-23T06:18:04","slug":"sic-raw-material-synthesis-furnace","status":"publish","type":"product","link":"https:\/\/www.zmsh-semitech.com\/hu\/product\/sic-raw-material-synthesis-furnace\/","title":{"rendered":"50kg SiC nyersanyag-szint\u00e9zis kemence nagy tisztas\u00e1g\u00fa szil\u00edciumkarbid krist\u00e1ly el\u0151k\u00e9sz\u00edt\u00e9se"},"content":{"rendered":"<p data-start=\"240\" data-end=\"569\"><img fetchpriority=\"high\" decoding=\"async\" class=\"size-medium wp-image-1989 alignleft\" src=\"https:\/\/www.zmsh-semitech.com\/wp-content\/uploads\/2026\/03\/Sic-raw-material-synthesis-furnace5-300x220.jpg\" alt=\"\" width=\"300\" height=\"220\" srcset=\"https:\/\/www.zmsh-semitech.com\/wp-content\/uploads\/2026\/03\/Sic-raw-material-synthesis-furnace5-300x220.jpg 300w, https:\/\/www.zmsh-semitech.com\/wp-content\/uploads\/2026\/03\/Sic-raw-material-synthesis-furnace5-16x12.jpg 16w, https:\/\/www.zmsh-semitech.com\/wp-content\/uploads\/2026\/03\/Sic-raw-material-synthesis-furnace5-600x439.jpg 600w, https:\/\/www.zmsh-semitech.com\/wp-content\/uploads\/2026\/03\/Sic-raw-material-synthesis-furnace5.jpg 680w\" sizes=\"(max-width: 300px) 100vw, 300px\" \/>Az 50 kg-os SiC nyersanyagszintetiz\u00e1l\u00f3 kemence egy speci\u00e1lis, magas h\u0151m\u00e9rs\u00e9klet\u0171 kemence, amelyet nagy tisztas\u00e1g\u00fa szil\u00edciumkarbid (SiC) nyersanyagok el\u0151\u00e1ll\u00edt\u00e1s\u00e1ra terveztek. A SiC-et mint kritikus f\u00e9lvezet\u0151 \u00e9s ker\u00e1mia anyagot sz\u00e9les k\u00f6rben alkalmazz\u00e1k i<span style=\"font-size: 16px;\">n teljes\u00edtm\u00e9nyelektronika, magas h\u0151m\u00e9rs\u00e9klet\u0171 eszk\u00f6z\u00f6k, kop\u00e1s\u00e1ll\u00f3 anyagok \u00e9s optikai alkatr\u00e9szek.<\/span><\/p>\n<p data-start=\"571\" data-end=\"987\">Ez a kemence a szil\u00edcium (Si) \u00e9s a sz\u00e9n (C) alapanyagokat ellen\u0151rz\u00f6tt, magas h\u0151m\u00e9rs\u00e9klet\u0171 k\u00e9miai reakci\u00f3val alak\u00edtja \u00e1t SiC-v\u00e9, ami a szil\u00edciumkarbid-gy\u00e1rt\u00e1si l\u00e1nc alapvet\u0151 berendez\u00e9s\u00e9v\u00e9 teszi. Kialak\u00edt\u00e1sa nagy tisztas\u00e1got, stabil m\u0171k\u00f6d\u00e9st \u00e9s egyenletes teljes\u00edtm\u00e9nyt biztos\u00edt, lehet\u0151v\u00e9 t\u00e9ve a gy\u00e1rt\u00f3k sz\u00e1m\u00e1ra, hogy megfeleljenek a fejlett f\u00e9lvezet\u0151 \u00e9s nagy teljes\u00edtm\u00e9ny\u0171 ker\u00e1mia alkalmaz\u00e1sok szigor\u00fa k\u00f6vetelm\u00e9nyeinek.<\/p>\n<h2 data-section-id=\"52xoay\" data-start=\"994\" data-end=\"1017\"><span role=\"text\"><strong data-start=\"997\" data-end=\"1015\">Legfontosabb el\u0151ny\u00f6k<\/strong><\/span><\/h2>\n<ul data-start=\"1018\" data-end=\"1891\">\n<li data-section-id=\"wafd1l\" data-start=\"1018\" data-end=\"1134\"><strong data-start=\"1020\" data-end=\"1050\">Magas h\u0151m\u00e9rs\u00e9klet\u0171 kapacit\u00e1s:<\/strong> 2400\u00b0C-ig terjed\u0151 kemence-h\u0151m\u00e9rs\u00e9kletet biztos\u00edt, amely alkalmas a hat\u00e9kony SiC-szint\u00e9zishez.<\/li>\n<li data-section-id=\"qvgm69\" data-start=\"1135\" data-end=\"1250\"><strong data-start=\"1137\" data-end=\"1160\">Nagy tisztas\u00e1g\u00fa kimenet:<\/strong> Nagy tisztas\u00e1g\u00fa alapanyagokat \u00e9s inert atmoszf\u00e9ra-szab\u00e1lyoz\u00e1st haszn\u00e1l az ultra-tiszta SiC el\u0151\u00e1ll\u00edt\u00e1s\u00e1hoz.<\/li>\n<li data-section-id=\"11v9t45\" data-start=\"1251\" data-end=\"1360\"><strong data-start=\"1253\" data-end=\"1276\">Stabil teljes\u00edtm\u00e9ny:<\/strong> A robusztus szerkezet megb\u00edzhat\u00f3 m\u0171k\u00f6d\u00e9st biztos\u00edt a hossz\u00fa t\u00e1v\u00fa, folyamatos termel\u00e9shez.<\/li>\n<li data-section-id=\"caa80i\" data-start=\"1361\" data-end=\"1457\"><strong data-start=\"1363\" data-end=\"1385\">Alacsony szennyezetts\u00e9g:<\/strong> Az inert atmoszf\u00e9ra \u00e9s a tiszta anyagok minimaliz\u00e1lj\u00e1k a szennyez\u0151d\u00e9sek be\u00e9p\u00fcl\u00e9s\u00e9t.<\/li>\n<li data-section-id=\"ka169f\" data-start=\"1458\" data-end=\"1599\"><strong data-start=\"1460\" data-end=\"1487\">Nagy rakod\u00e1si kapacit\u00e1s:<\/strong> Ak\u00e1r 50 kg nyersanyagot is t\u00e1mogat, jav\u00edtva a termel\u00e9kenys\u00e9get \u00e9s a t\u00f6bb krist\u00e1lykemenc\u00e9vel val\u00f3 kompatibilit\u00e1st.<\/li>\n<li data-section-id=\"1afhg2w\" data-start=\"1600\" data-end=\"1765\"><strong data-start=\"1602\" data-end=\"1624\">Prec\u00edzi\u00f3s vez\u00e9rl\u00e9s:<\/strong> Fejlett h\u0151m\u00e9rs\u00e9klet- \u00e9s nyom\u00e1sszab\u00e1lyoz\u00e1s, opcion\u00e1lis kett\u0151s h\u0151m\u00e9rs\u00e9kletm\u00e9r\u00e9ssel \u00e9s infrav\u00f6r\u00f6s megfigyel\u00e9ssel a folyamat optimaliz\u00e1l\u00e1s\u00e1hoz.<\/li>\n<li data-section-id=\"i89isr\" data-start=\"1766\" data-end=\"1891\"><strong data-start=\"1768\" data-end=\"1795\">Rugalmas konfigur\u00e1ci\u00f3:<\/strong> A modul\u00e1ris kialak\u00edt\u00e1s lehet\u0151v\u00e9 teszi az egym\u00e1s mell\u00e9 telep\u00edt\u00e9st a helytakar\u00e9koss\u00e1g \u00e9s az \u00fczem kihaszn\u00e1lts\u00e1g\u00e1nak optimaliz\u00e1l\u00e1sa \u00e9rdek\u00e9ben.<\/li>\n<\/ul>\n<h2 data-section-id=\"10oaxfc\" data-start=\"1898\" data-end=\"1931\"><span role=\"text\"><strong data-start=\"1901\" data-end=\"1929\">M\u0171szaki specifik\u00e1ci\u00f3k<\/strong><\/span><\/h2>\n<div class=\"TyagGW_tableContainer\">\n<div class=\"group TyagGW_tableWrapper flex flex-col-reverse w-fit\" tabindex=\"-1\">\n<table class=\"w-fit min-w-(--thread-content-width)\" data-start=\"1933\" data-end=\"2723\">\n<thead data-start=\"1933\" data-end=\"1960\">\n<tr data-start=\"1933\" data-end=\"1960\">\n<th class=\"\" data-start=\"1933\" data-end=\"1943\" data-col-size=\"sm\">Jellemz\u0151<\/th>\n<th class=\"\" data-start=\"1943\" data-end=\"1960\" data-col-size=\"md\">Specifik\u00e1ci\u00f3<\/th>\n<\/tr>\n<\/thead>\n<tbody data-start=\"1989\" data-end=\"2723\">\n<tr data-start=\"1989\" data-end=\"2046\">\n<td data-start=\"1989\" data-end=\"2010\" data-col-size=\"sm\">M\u00e9retek (L\u00d7Ny\u00d7H)<\/td>\n<td data-col-size=\"md\" data-start=\"2010\" data-end=\"2046\">4000\u00d73400\u00d74300 mm (testre szabhat\u00f3)<\/td>\n<\/tr>\n<tr data-start=\"2047\" data-end=\"2085\">\n<td data-start=\"2047\" data-end=\"2074\" data-col-size=\"sm\">Kemencekamra \u00e1tm\u00e9r\u0151je<\/td>\n<td data-col-size=\"md\" data-start=\"2074\" data-end=\"2085\">1100 mm<\/td>\n<\/tr>\n<tr data-start=\"2086\" data-end=\"2114\">\n<td data-start=\"2086\" data-end=\"2105\" data-col-size=\"sm\">Rakod\u00e1si kapacit\u00e1s<\/td>\n<td data-col-size=\"md\" data-start=\"2105\" data-end=\"2114\">50 kg<\/td>\n<\/tr>\n<tr data-start=\"2115\" data-end=\"2183\">\n<td data-start=\"2115\" data-end=\"2133\" data-col-size=\"sm\">V\u00e9gs\u0151 v\u00e1kuum<\/td>\n<td data-col-size=\"md\" data-start=\"2133\" data-end=\"2183\">10-\u00b2 Pa (2 \u00f3r\u00e1val a molekul\u00e1ris szivatty\u00fa ind\u00edt\u00e1sa ut\u00e1n)<\/td>\n<\/tr>\n<tr data-start=\"2184\" data-end=\"2244\">\n<td data-start=\"2184\" data-end=\"2213\" data-col-size=\"sm\">Kamra nyom\u00e1semelked\u00e9s m\u00e9rt\u00e9ke<\/td>\n<td data-col-size=\"md\" data-start=\"2213\" data-end=\"2244\">\u226410 Pa\/h (kalcin\u00e1l\u00e1s ut\u00e1n)<\/td>\n<\/tr>\n<tr data-start=\"2245\" data-end=\"2285\">\n<td data-start=\"2245\" data-end=\"2274\" data-col-size=\"sm\">Als\u00f3 kemencefed\u00e9l l\u00f6ket<\/td>\n<td data-col-size=\"md\" data-start=\"2274\" data-end=\"2285\">1500 mm<\/td>\n<\/tr>\n<tr data-start=\"2286\" data-end=\"2324\">\n<td data-start=\"2286\" data-end=\"2303\" data-col-size=\"sm\">F\u0171t\u00e9si m\u00f3dszer<\/td>\n<td data-start=\"2303\" data-end=\"2324\" data-col-size=\"md\">Indukci\u00f3s f\u0171t\u00e9s<\/td>\n<\/tr>\n<tr data-start=\"2325\" data-end=\"2357\">\n<td data-start=\"2325\" data-end=\"2347\" data-col-size=\"sm\">Maxim\u00e1lis h\u0151m\u00e9rs\u00e9klet<\/td>\n<td data-start=\"2347\" data-end=\"2357\" data-col-size=\"md\">2400\u00b0C<\/td>\n<\/tr>\n<tr data-start=\"2358\" data-end=\"2392\">\n<td data-start=\"2358\" data-end=\"2381\" data-col-size=\"sm\">F\u0171t\u00e9s t\u00e1pegys\u00e9g<\/td>\n<td data-start=\"2381\" data-end=\"2392\" data-col-size=\"md\">2\u00d740 kW<\/td>\n<\/tr>\n<tr data-start=\"2393\" data-end=\"2454\">\n<td data-start=\"2393\" data-end=\"2419\" data-col-size=\"sm\">H\u0151m\u00e9rs\u00e9klet m\u00e9r\u00e9s<\/td>\n<td data-col-size=\"md\" data-start=\"2419\" data-end=\"2454\">K\u00e9tsz\u00edn\u0171 infrav\u00f6r\u00f6s h\u0151m\u00e9r\u0151<\/td>\n<\/tr>\n<tr data-start=\"2455\" data-end=\"2489\">\n<td data-start=\"2455\" data-end=\"2475\" data-col-size=\"sm\">H\u0151m\u00e9rs\u00e9klet tartom\u00e1ny<\/td>\n<td data-col-size=\"md\" data-start=\"2475\" data-end=\"2489\">900-3000\u00b0C<\/td>\n<\/tr>\n<tr data-start=\"2490\" data-end=\"2529\">\n<td data-start=\"2490\" data-end=\"2521\" data-col-size=\"sm\">H\u0151m\u00e9rs\u00e9klet-szab\u00e1lyoz\u00e1s pontoss\u00e1ga<\/td>\n<td data-col-size=\"md\" data-start=\"2521\" data-end=\"2529\">\u00b11\u00b0C<\/td>\n<\/tr>\n<tr data-start=\"2530\" data-end=\"2569\">\n<td data-start=\"2530\" data-end=\"2555\" data-col-size=\"sm\">Nyom\u00e1sszab\u00e1lyoz\u00e1si tartom\u00e1ny<\/td>\n<td data-col-size=\"md\" data-start=\"2555\" data-end=\"2569\">1-700 mbar<\/td>\n<\/tr>\n<tr data-start=\"2570\" data-end=\"2631\">\n<td data-start=\"2570\" data-end=\"2598\" data-col-size=\"sm\">Nyom\u00e1sszab\u00e1lyoz\u00e1s pontoss\u00e1ga<\/td>\n<td data-col-size=\"md\" data-start=\"2598\" data-end=\"2631\">1-5 mbar (tartom\u00e1nyt\u00f3l f\u00fcgg\u0151en)<\/td>\n<\/tr>\n<tr data-start=\"2632\" data-end=\"2723\">\n<td data-start=\"2632\" data-end=\"2649\" data-col-size=\"sm\">Bet\u00f6lt\u00e9si m\u00f3dszer<\/td>\n<td data-col-size=\"md\" data-start=\"2649\" data-end=\"2723\">Alacsonyabb rakod\u00e1s; opcion\u00e1lis kirakod\u00f3 targonca \u00e9s kett\u0151s h\u0151m\u00e9rs\u00e9kleti pontok<\/td>\n<\/tr>\n<\/tbody>\n<\/table>\n<\/div>\n<\/div>\n<h2 data-section-id=\"13tlhcf\" data-start=\"2730\" data-end=\"2756\"><span role=\"text\"><strong data-start=\"2733\" data-end=\"2754\">Tervez\u00e9si el\u0151ny\u00f6k<\/strong><\/span><\/h2>\n<ol data-start=\"2757\" data-end=\"3517\">\n<li data-section-id=\"7ymlfh\" data-start=\"2757\" data-end=\"2882\">A nagy kapacit\u00e1s\u00fa t\u00f6lt\u00e9s lehet\u0151v\u00e9 teszi, hogy egyetlen kemence t\u00f6bb hossz\u00fakrist\u00e1lyos kemenc\u00e9t is ell\u00e1sson, jav\u00edtva ezzel a termel\u00e9s hat\u00e9konys\u00e1g\u00e1t.<\/li>\n<li data-section-id=\"y3ubiu\" data-start=\"2883\" data-end=\"2982\">Az azonos frekvenci\u00e1j\u00fa kett\u0151s t\u00e1pegys\u00e9g pontos axi\u00e1lis h\u0151m\u00e9rs\u00e9klet-gradiens szab\u00e1lyoz\u00e1st biztos\u00edt.<\/li>\n<li data-section-id=\"7q7579\" data-start=\"2983\" data-end=\"3103\">A fels\u0151 \u00e9s als\u00f3 infrav\u00f6r\u00f6s h\u0151m\u00e9rs\u00e9kletm\u00e9r\u00e9s megk\u00f6nny\u00edti a val\u00f3s idej\u0171 h\u0151m\u00e9rs\u00e9klet-ellen\u0151rz\u00e9st \u00e9s a folyamat hibakeres\u00e9s\u00e9t.<\/li>\n<li data-section-id=\"3k74b3\" data-start=\"3104\" data-end=\"3219\">A nagy v\u00e1kuum-, nyom\u00e1s- \u00e9s h\u0151m\u00e9rs\u00e9klet-szab\u00e1lyoz\u00e1si pontoss\u00e1g biztos\u00edtja az ultra-tiszta SiC-alapanyagok szint\u00e9zis\u00e9t.<\/li>\n<li data-section-id=\"1voekay\" data-start=\"3220\" data-end=\"3316\">Biztons\u00e1gos \u00e9s megb\u00edzhat\u00f3 be- \u00e9s kirakod\u00e1si rendszer, opcion\u00e1lisan kirakod\u00f3 targonc\u00e1val felszerelve.<\/li>\n<li data-section-id=\"p45f8k\" data-start=\"3317\" data-end=\"3417\">A nagy pontoss\u00e1g\u00fa pillang\u00f3szelepek \u00e9s t\u00f6meg\u00e1ram-szab\u00e1lyoz\u00f3k stabilan fenntartj\u00e1k a folyamat atmoszf\u00e9r\u00e1j\u00e1t.<\/li>\n<li data-section-id=\"4p07o1\" data-start=\"3418\" data-end=\"3517\">A modul\u00e1ris kialak\u00edt\u00e1s lehet\u0151v\u00e9 teszi az egym\u00e1s melletti elrendez\u00e9st, optimaliz\u00e1lva az alapter\u00fcletet \u00e9s az \u00fczem kihaszn\u00e1lts\u00e1g\u00e1t.<\/li>\n<\/ol>\n<p><img decoding=\"async\" class=\"wp-image-1991 size-full aligncenter\" src=\"https:\/\/www.zmsh-semitech.com\/wp-content\/uploads\/2026\/03\/Sic-raw-material-synthesis-furnace6.png\" alt=\"\" width=\"680\" height=\"352\" srcset=\"https:\/\/www.zmsh-semitech.com\/wp-content\/uploads\/2026\/03\/Sic-raw-material-synthesis-furnace6.png 680w, https:\/\/www.zmsh-semitech.com\/wp-content\/uploads\/2026\/03\/Sic-raw-material-synthesis-furnace6-300x155.png 300w, https:\/\/www.zmsh-semitech.com\/wp-content\/uploads\/2026\/03\/Sic-raw-material-synthesis-furnace6-18x9.png 18w, https:\/\/www.zmsh-semitech.com\/wp-content\/uploads\/2026\/03\/Sic-raw-material-synthesis-furnace6-600x311.png 600w\" sizes=\"(max-width: 680px) 100vw, 680px\" \/><\/p>\n<h2 data-section-id=\"1imsgo3\" data-start=\"3524\" data-end=\"3558\"><span role=\"text\"><strong data-start=\"3527\" data-end=\"3556\">Alkalmaz\u00e1sok \u00e9s el\u0151ny\u00f6k<\/strong><\/span><\/h2>\n<p data-start=\"3559\" data-end=\"3737\">A SiC nyersanyag-szintetiz\u00e1l\u00f3 kemence hat\u00e9konyan \u00e1ll\u00edt el\u0151 nagy tisztas\u00e1g\u00fa szil\u00edciumkarbidot, 99,999% vagy magasabb tisztas\u00e1got el\u00e9rve. A szintetiz\u00e1lt SiC nyersanyag ide\u00e1lis a k\u00f6vetkez\u0151kh\u00f6z:<\/p>\n<ul data-start=\"3738\" data-end=\"4228\">\n<li data-section-id=\"1fodfy7\" data-start=\"3738\" data-end=\"3850\"><strong data-start=\"3740\" data-end=\"3766\">Egykrist\u00e1lyos n\u00f6veked\u00e9s:<\/strong> Kiv\u00e1l\u00f3 min\u0151s\u00e9g\u0171 SiC-krist\u00e1lyok gy\u00e1rt\u00e1sa olyan t\u00e1pegys\u00e9gekhez, mint a MOSFET-ek \u00e9s di\u00f3d\u00e1k.<\/li>\n<li data-section-id=\"be6ua8\" data-start=\"3851\" data-end=\"3955\"><strong data-start=\"3853\" data-end=\"3875\">Teljes\u00edtm\u00e9nyelektronika:<\/strong> Nagyfesz\u00fclts\u00e9g\u0171, alacsony vesztes\u00e9g\u0171 \u00e9s nagyfrekvenci\u00e1s teljes\u00edtm\u00e9ny\u0171 eszk\u00f6z\u00f6k lehet\u0151v\u00e9 t\u00e9tele.<\/li>\n<li data-section-id=\"2a320o\" data-start=\"3956\" data-end=\"4083\"><strong data-start=\"3958\" data-end=\"3994\">Aut\u00f3ipar \u00e9s meg\u00fajul\u00f3 energia:<\/strong> Elektromos j\u00e1rm\u0171vek, napelemes inverterek \u00e9s m\u00e1s nagy teljes\u00edtm\u00e9ny\u0171 alkalmaz\u00e1sok fejleszt\u00e9se.<\/li>\n<li data-section-id=\"1kgacmz\" data-start=\"4084\" data-end=\"4228\"><strong data-start=\"4086\" data-end=\"4128\">Fejlett ker\u00e1mia \u00e9s optikai eszk\u00f6z\u00f6k:<\/strong> A SiC alkalmaz\u00e1sok kiterjeszt\u00e9se a f\u00e9lvezet\u0151k\u00f6n t\u00fal az ipari ker\u00e1mi\u00e1kra \u00e9s optikai alkatr\u00e9szekre.<\/li>\n<\/ul>\n<h2 data-section-id=\"tdegxz\" data-start=\"4235\" data-end=\"4257\"><span role=\"text\"><strong data-start=\"4238\" data-end=\"4255\">ZMSH szolg\u00e1ltat\u00e1sok<\/strong><\/span><\/h2>\n<p data-start=\"4258\" data-end=\"4725\">A ZMSH teljes k\u00f6r\u0171 technol\u00f3giai t\u00e1mogat\u00e1st ny\u00fajt a kemence tervez\u00e9s\u00e9t\u0151l \u00e9s gy\u00e1rt\u00e1s\u00e1t\u00f3l az \u00e9rt\u00e9kes\u00edt\u00e9s ut\u00e1ni szolg\u00e1ltat\u00e1sig. Ez mag\u00e1ban foglalja a berendez\u00e9sek testreszab\u00e1s\u00e1t, a folyamatoptimaliz\u00e1l\u00e1st \u00e9s a m\u0171szaki k\u00e9pz\u00e9st. A fejlett technol\u00f3gi\u00e1val \u00e9s kiterjedt ipari tapasztalattal a ZMSH biztos\u00edtja a nagy hat\u00e9konys\u00e1g\u00fa, stabil m\u0171k\u00f6d\u00e9st alacsony energiafogyaszt\u00e1s mellett, \u00e9s gyors, \u00e9jjel-nappal el\u00e9rhet\u0151 m\u0171szaki t\u00e1mogat\u00e1st ny\u00fajt, hogy seg\u00edtse az \u00fcgyfeleket a nagy tisztas\u00e1g\u00fa szil\u00edciumkarbid nyersanyagok nagy\u00fczemi el\u0151\u00e1ll\u00edt\u00e1s\u00e1ban.<\/p>\n<h2 data-section-id=\"1uqg4yw\" data-start=\"4732\" data-end=\"4773\"><span role=\"text\"><strong data-start=\"4735\" data-end=\"4771\">Gyakran ism\u00e9telt k\u00e9rd\u00e9sek (GYIK)<\/strong><\/span><\/h2>\n<p data-start=\"4774\" data-end=\"5024\"><strong data-start=\"4774\" data-end=\"4842\">1. k\u00e9rd\u00e9s: Mi a c\u00e9lja a SiC nyersanyagszint\u00e9zis kemenc\u00e9nek?<\/strong><br data-start=\"4842\" data-end=\"4845\" \/>V: Nagy tisztas\u00e1g\u00fa szil\u00edciumkarbid (SiC) nyersanyagok el\u0151\u00e1ll\u00edt\u00e1s\u00e1ra haszn\u00e1lj\u00e1k magas h\u0151m\u00e9rs\u00e9klet\u0171 k\u00e9miai reakci\u00f3kkal, amelyek elengedhetetlenek a f\u00e9lvezet\u0151k, ker\u00e1mi\u00e1k \u00e9s optikai alkatr\u00e9szek sz\u00e1m\u00e1ra.<\/p>\n<p data-start=\"5026\" data-end=\"5265\"><strong data-start=\"5026\" data-end=\"5104\">2. k\u00e9rd\u00e9s: Mi\u00e9rt fontos a SiC szint\u00e9ziskemence a f\u00e9lvezet\u0151gy\u00e1rt\u00e1s szempontj\u00e1b\u00f3l?<\/strong><br data-start=\"5104\" data-end=\"5107\" \/>V: Lehet\u0151v\u00e9 teszi az ultra-tiszta SiC el\u0151\u00e1ll\u00edt\u00e1s\u00e1t, ami elengedhetetlen a teljes\u00edtm\u00e9nyelektronik\u00e1ban \u00e9s a nagyfrekvenci\u00e1s eszk\u00f6z\u00f6kben haszn\u00e1lt kiv\u00e1l\u00f3 min\u0151s\u00e9g\u0171 SiC-krist\u00e1lyok termeszt\u00e9s\u00e9hez.<\/p>\n<p data-start=\"5267\" data-end=\"5449\"><strong data-start=\"5267\" data-end=\"5327\">3. k\u00e9rd\u00e9s: Mekkora a kemence maxim\u00e1lis terhelhet\u0151s\u00e9ge?<\/strong><br data-start=\"5327\" data-end=\"5330\" \/>V: A szabv\u00e1nyos rakod\u00e1si kapacit\u00e1s 50 kg, ami lehet\u0151v\u00e9 teszi a nagy\u00fczemi termel\u00e9st \u00e9s t\u00f6bb krist\u00e1lykemenc\u00e9t is.<\/p>\n<p data-start=\"5451\" data-end=\"5708\"><strong data-start=\"5451\" data-end=\"5526\">4. k\u00e9rd\u00e9s: Milyen pontoss\u00e1ggal szab\u00e1lyozza a kemence h\u0151m\u00e9rs\u00e9klet\u00e9t \u00e9s nyom\u00e1s\u00e1t?<\/strong><br data-start=\"5526\" data-end=\"5529\" \/>V: A h\u0151m\u00e9rs\u00e9klet-szab\u00e1lyoz\u00e1s pontoss\u00e1ga \u00b11\u00b0C. A nyom\u00e1sszab\u00e1lyoz\u00e1si pontoss\u00e1g a nyom\u00e1startom\u00e1nyt\u00f3l f\u00fcgg\u0151en \u00b10,1 mbar \u00e9s \u00b10,5 mbar k\u00f6z\u00f6tt van, biztos\u00edtva a stabil, nagy tisztas\u00e1g\u00fa SiC szint\u00e9zist.<\/p>","protected":false},"excerpt":{"rendered":"<p>Az 50 kg-os SiC nyersanyagszintetiz\u00e1l\u00f3 kemence egy speci\u00e1lis, magas h\u0151m\u00e9rs\u00e9klet\u0171 kemence, amelyet nagy tisztas\u00e1g\u00fa szil\u00edciumkarbid (SiC) nyersanyagok el\u0151\u00e1ll\u00edt\u00e1s\u00e1ra terveztek. A SiC kritikus f\u00e9lvezet\u0151 \u00e9s ker\u00e1mia anyagk\u00e9nt sz\u00e9les k\u00f6rben alkalmazz\u00e1k a teljes\u00edtm\u00e9nyelektronik\u00e1ban, a magas h\u0151m\u00e9rs\u00e9klet\u0171 eszk\u00f6z\u00f6kben, a kop\u00e1s\u00e1ll\u00f3 anyagokban \u00e9s az optikai alkatr\u00e9szekben.<\/p>","protected":false},"featured_media":1984,"comment_status":"open","ping_status":"closed","template":"","meta":{"site-sidebar-layout":"default","site-content-layout":"","ast-site-content-layout":"default","site-content-style":"default","site-sidebar-style":"default","ast-global-header-display":"","ast-banner-title-visibility":"","ast-main-header-display":"","ast-hfb-above-header-display":"","ast-hfb-below-header-display":"","ast-hfb-mobile-header-display":"","site-post-title":"","ast-breadcrumbs-content":"","ast-featured-img":"","footer-sml-layout":"","ast-disable-related-posts":"","theme-transparent-header-meta":"default","adv-header-id-meta":"","stick-header-meta":"default","header-above-stick-meta":"","header-main-stick-meta":"","header-below-stick-meta":"","astra-migrate-meta-layouts":"set","ast-page-background-enabled":"default","ast-page-background-meta":{"desktop":{"background-color":"var(--ast-global-color-4)","background-image":"","background-repeat":"repeat","background-position":"center center","background-size":"auto","background-attachment":"scroll","background-type":"","background-media":"","overlay-type":"","overlay-color":"","overlay-opacity":"","overlay-gradient":""},"tablet":{"background-color":"","background-image":"","background-repeat":"repeat","background-position":"center center","background-size":"auto","background-attachment":"scroll","background-type":"","background-media":"","overlay-type":"","overlay-color":"","overlay-opacity":"","overlay-gradient":""},"mobile":{"background-color":"","background-image":"","background-repeat":"repeat","background-position":"center center","background-size":"auto","background-attachment":"scroll","background-type":"","background-media":"","overlay-type":"","overlay-color":"","overlay-opacity":"","overlay-gradient":""}},"ast-content-background-meta":{"desktop":{"background-color":"var(--ast-global-color-5)","background-image":"","background-repeat":"repeat","background-position":"center center","background-size":"auto","background-attachment":"scroll","background-type":"","background-media":"","overlay-type":"","overlay-color":"","overlay-opacity":"","overlay-gradient":""},"tablet":{"background-color":"var(--ast-global-color-5)","background-image":"","background-repeat":"repeat","background-position":"center center","background-size":"auto","background-attachment":"scroll","background-type":"","background-media":"","overlay-type":"","overlay-color":"","overlay-opacity":"","overlay-gradient":""},"mobile":{"background-color":"var(--ast-global-color-5)","background-image":"","background-repeat":"repeat","background-position":"center center","background-size":"auto","background-attachment":"scroll","background-type":"","background-media":"","overlay-type":"","overlay-color":"","overlay-opacity":"","overlay-gradient":""}}},"product_brand":[],"product_cat":[15],"product_tag":[489,504,506,492,496,500,499,505,498,495,507,494,493,501,490,503,491,486,502,497,508],"class_list":{"0":"post-1981","1":"product","2":"type-product","3":"status-publish","4":"has-post-thumbnail","6":"product_cat-crystal-growth-furnace","7":"product_tag-50kg-sic-raw-material-synthesis-furnace","8":"product_tag-crystal-growth","9":"product_tag-furnace-automation","10":"product_tag-high-purity-sic","11":"product_tag-high-temperature-devices","12":"product_tag-high-temperature-furnace","13":"product_tag-induction-heating-furnace","14":"product_tag-industrial-sic-production","15":"product_tag-optical-devices","16":"product_tag-power-electronics","17":"product_tag-pressure-control","18":"product_tag-semiconductor-materials","19":"product_tag-sic-crystal-preparation","20":"product_tag-sic-powder-production","21":"product_tag-sic-raw-material-furnace","22":"product_tag-sic-single-crystal","23":"product_tag-silicon-carbide-synthesis-furnace","24":"product_tag-temperature-control","25":"product_tag-ultra-pure-sic","26":"product_tag-wear-resistant-materials","27":"product_tag-zmsh-equipment","28":"desktop-align-left","29":"tablet-align-left","30":"mobile-align-left","31":"ast-product-gallery-layout-horizontal-slider","32":"ast-product-tabs-layout-horizontal","34":"first","35":"instock","36":"shipping-taxable","37":"product-type-simple"},"_links":{"self":[{"href":"https:\/\/www.zmsh-semitech.com\/hu\/wp-json\/wp\/v2\/product\/1981","targetHints":{"allow":["GET"]}}],"collection":[{"href":"https:\/\/www.zmsh-semitech.com\/hu\/wp-json\/wp\/v2\/product"}],"about":[{"href":"https:\/\/www.zmsh-semitech.com\/hu\/wp-json\/wp\/v2\/types\/product"}],"replies":[{"embeddable":true,"href":"https:\/\/www.zmsh-semitech.com\/hu\/wp-json\/wp\/v2\/comments?post=1981"}],"version-history":[{"count":3,"href":"https:\/\/www.zmsh-semitech.com\/hu\/wp-json\/wp\/v2\/product\/1981\/revisions"}],"predecessor-version":[{"id":1992,"href":"https:\/\/www.zmsh-semitech.com\/hu\/wp-json\/wp\/v2\/product\/1981\/revisions\/1992"}],"wp:featuredmedia":[{"embeddable":true,"href":"https:\/\/www.zmsh-semitech.com\/hu\/wp-json\/wp\/v2\/media\/1984"}],"wp:attachment":[{"href":"https:\/\/www.zmsh-semitech.com\/hu\/wp-json\/wp\/v2\/media?parent=1981"}],"wp:term":[{"taxonomy":"product_brand","embeddable":true,"href":"https:\/\/www.zmsh-semitech.com\/hu\/wp-json\/wp\/v2\/product_brand?post=1981"},{"taxonomy":"product_cat","embeddable":true,"href":"https:\/\/www.zmsh-semitech.com\/hu\/wp-json\/wp\/v2\/product_cat?post=1981"},{"taxonomy":"product_tag","embeddable":true,"href":"https:\/\/www.zmsh-semitech.com\/hu\/wp-json\/wp\/v2\/product_tag?post=1981"}],"curies":[{"name":"wp","href":"https:\/\/api.w.org\/{rel}","templated":true}]}}