{"id":1958,"date":"2026-03-17T07:34:59","date_gmt":"2026-03-17T07:34:59","guid":{"rendered":"https:\/\/www.zmsh-semitech.com\/?post_type=product&#038;p=1958"},"modified":"2026-03-20T07:40:41","modified_gmt":"2026-03-20T07:40:41","slug":"sic-growth-furnace-pvt-method-for-6-12-inch-silicon-carbide-crystal-production","status":"publish","type":"product","link":"https:\/\/www.zmsh-semitech.com\/hu\/product\/sic-growth-furnace-pvt-method-for-6-12-inch-silicon-carbide-crystal-production\/","title":{"rendered":"SiC n\u00f6veked\u00e9si kemence (PVT m\u00f3dszer) 6-12 h\u00fcvelykes szil\u00edciumkarbid krist\u00e1lyok el\u0151\u00e1ll\u00edt\u00e1s\u00e1hoz"},"content":{"rendered":"<p data-start=\"202\" data-end=\"374\"><img fetchpriority=\"high\" decoding=\"async\" class=\"size-medium wp-image-1960 alignleft\" src=\"https:\/\/www.zmsh-semitech.com\/wp-content\/uploads\/2026\/03\/sic_growth_furnace_pvt_method_6inch_8inch_12_inch_low_energy_consumption1-300x300.webp\" alt=\"\" width=\"300\" height=\"300\" srcset=\"https:\/\/www.zmsh-semitech.com\/wp-content\/uploads\/2026\/03\/sic_growth_furnace_pvt_method_6inch_8inch_12_inch_low_energy_consumption1-300x300.webp 300w, https:\/\/www.zmsh-semitech.com\/wp-content\/uploads\/2026\/03\/sic_growth_furnace_pvt_method_6inch_8inch_12_inch_low_energy_consumption1-150x150.webp 150w, https:\/\/www.zmsh-semitech.com\/wp-content\/uploads\/2026\/03\/sic_growth_furnace_pvt_method_6inch_8inch_12_inch_low_energy_consumption1-12x12.webp 12w, https:\/\/www.zmsh-semitech.com\/wp-content\/uploads\/2026\/03\/sic_growth_furnace_pvt_method_6inch_8inch_12_inch_low_energy_consumption1-600x600.webp 600w, https:\/\/www.zmsh-semitech.com\/wp-content\/uploads\/2026\/03\/sic_growth_furnace_pvt_method_6inch_8inch_12_inch_low_energy_consumption1-100x100.webp 100w, https:\/\/www.zmsh-semitech.com\/wp-content\/uploads\/2026\/03\/sic_growth_furnace_pvt_method_6inch_8inch_12_inch_low_energy_consumption1.webp 750w\" sizes=\"(max-width: 300px) 100vw, 300px\" \/>A SiC-n\u00f6veszt\u0151 kemence (PVT-m\u00f3dszer) egy nagy teljes\u00edtm\u00e9ny\u0171 rendszer, amelyet 6, 8 \u00e9s 12 h\u00fcvelykes szil\u00edciumkarbid (SiC) egykrist\u00e1lyok el\u0151\u00e1ll\u00edt\u00e1s\u00e1ra terveztek.<\/p>\n<p data-start=\"376\" data-end=\"589\">A fejlett indukci\u00f3s f\u0171t\u00e9si technol\u00f3gi\u00e1t alkalmaz\u00f3 kemence gyors f\u0171t\u00e9st, pontos h\u0151m\u00e9rs\u00e9klet-szab\u00e1lyoz\u00e1st \u00e9s alacsony energiafogyaszt\u00e1st biztos\u00edt, \u00edgy ide\u00e1lis megold\u00e1s az ipari m\u00e9ret\u0171 SiC-krist\u00e1lyok n\u00f6veszt\u00e9s\u00e9hez.<\/p>\n<p data-start=\"591\" data-end=\"734\">Sz\u00e9les k\u00f6rben haszn\u00e1lj\u00e1k a SiC szubsztr\u00e1tumok gy\u00e1rt\u00e1s\u00e1hoz a teljes\u00edtm\u00e9nyelektronika, az RF-eszk\u00f6z\u00f6k \u00e9s a k\u00f6vetkez\u0151 gener\u00e1ci\u00f3s f\u00e9lvezet\u0151 alkalmaz\u00e1sok sz\u00e1m\u00e1ra.<\/p>\n<h2 data-section-id=\"1j5qwet\" data-start=\"741\" data-end=\"760\"><span role=\"text\">F\u0151 jellemz\u0151k<\/span><\/h2>\n<ul data-start=\"762\" data-end=\"1326\">\n<li data-section-id=\"ogs6zi\" data-start=\"762\" data-end=\"901\">\n<p data-start=\"764\" data-end=\"901\">Indukci\u00f3s f\u0171t\u00e9si rendszer<br data-start=\"792\" data-end=\"795\" \/>A grafitt\u00e9gely k\u00f6zvetlen elektrom\u00e1gneses f\u0171t\u00e9se nagy hat\u00e9konys\u00e1got \u00e9s gyors h\u0151reakci\u00f3t biztos\u00edt<\/p>\n<\/li>\n<li data-section-id=\"z07p8\" data-start=\"903\" data-end=\"1015\">\n<p data-start=\"905\" data-end=\"1015\">Ultrapontos h\u0151m\u00e9rs\u00e9klet-szab\u00e1lyoz\u00e1s<br data-start=\"942\" data-end=\"945\" \/>\u00b11\u00b0C-os pontoss\u00e1g, stabil krist\u00e1lyn\u00f6veked\u00e9si felt\u00e9telek biztos\u00edt\u00e1sa<\/p>\n<\/li>\n<li data-section-id=\"zdj5hp\" data-start=\"1017\" data-end=\"1115\">\n<p data-start=\"1019\" data-end=\"1115\">Alacsony energiafogyaszt\u00e1s<br data-start=\"1045\" data-end=\"1048\" \/>Az optimaliz\u00e1lt h\u0151technikai kialak\u00edt\u00e1s jelent\u0151sen cs\u00f6kkenti az \u00fczemeltet\u00e9si k\u00f6lts\u00e9geket<\/p>\n<\/li>\n<li data-section-id=\"bvht84\" data-start=\"1117\" data-end=\"1228\">\n<p data-start=\"1119\" data-end=\"1228\">Nagy stabilit\u00e1s \u00e9s alacsony szennyezetts\u00e9g<br data-start=\"1157\" data-end=\"1160\" \/>\u00c9rint\u00e9smentes f\u0171t\u00e9s + inert g\u00e1zos k\u00f6rnyezet minimaliz\u00e1lja a szennyez\u0151d\u00e9seket<\/p>\n<\/li>\n<li data-section-id=\"zzzuyf\" data-start=\"1230\" data-end=\"1326\">\n<p data-start=\"1232\" data-end=\"1326\">Sk\u00e1l\u00e1zhat\u00f3 nagy \u00e1tm\u00e9r\u0151j\u0171 krist\u00e1lyokhoz<br data-start=\"1272\" data-end=\"1275\" \/>T\u00e1mogatja a 6\u2033, 8\u2033 \u00e9s 12\u2033 SiC krist\u00e1lyok n\u00f6veked\u00e9s\u00e9t<\/p>\n<\/li>\n<\/ul>\n<h2 data-section-id=\"id1bjs\" data-start=\"1333\" data-end=\"1364\"><span role=\"text\">M\u0171szaki specifik\u00e1ci\u00f3k<\/span><\/h2>\n<div class=\"TyagGW_tableContainer\">\n<div class=\"group TyagGW_tableWrapper flex flex-col-reverse w-fit\" tabindex=\"-1\">\n<table class=\"w-fit min-w-(--thread-content-width)\" data-start=\"1366\" data-end=\"1845\">\n<thead data-start=\"1366\" data-end=\"1395\">\n<tr data-start=\"1366\" data-end=\"1395\">\n<th class=\"\" data-start=\"1366\" data-end=\"1378\" data-col-size=\"sm\">Param\u00e9ter<\/th>\n<th class=\"\" data-start=\"1378\" data-end=\"1395\" data-col-size=\"sm\">Specifik\u00e1ci\u00f3<\/th>\n<\/tr>\n<\/thead>\n<tbody data-start=\"1423\" data-end=\"1845\">\n<tr data-start=\"1423\" data-end=\"1484\">\n<td data-start=\"1423\" data-end=\"1444\" data-col-size=\"sm\">M\u00e9retek (L\u00d7Ny\u00d7H)<\/td>\n<td data-col-size=\"sm\" data-start=\"1444\" data-end=\"1484\">3200 \u00d7 1150 \u00d7 3600 mm (testre szabhat\u00f3)<\/td>\n<\/tr>\n<tr data-start=\"1485\" data-end=\"1522\">\n<td data-start=\"1485\" data-end=\"1512\" data-col-size=\"sm\">Kemencekamra \u00e1tm\u00e9r\u0151je<\/td>\n<td data-col-size=\"sm\" data-start=\"1512\" data-end=\"1522\">400 mm<\/td>\n<\/tr>\n<tr data-start=\"1523\" data-end=\"1555\">\n<td data-start=\"1523\" data-end=\"1545\" data-col-size=\"sm\">Maxim\u00e1lis h\u0151m\u00e9rs\u00e9klet<\/td>\n<td data-col-size=\"sm\" data-start=\"1545\" data-end=\"1555\">2400\u00b0C<\/td>\n<\/tr>\n<tr data-start=\"1556\" data-end=\"1590\">\n<td data-start=\"1556\" data-end=\"1576\" data-col-size=\"sm\">H\u0151m\u00e9rs\u00e9klet tartom\u00e1ny<\/td>\n<td data-col-size=\"sm\" data-start=\"1576\" data-end=\"1590\">900-3000\u00b0C<\/td>\n<\/tr>\n<tr data-start=\"1591\" data-end=\"1622\">\n<td data-start=\"1591\" data-end=\"1614\" data-col-size=\"sm\">H\u0151m\u00e9rs\u00e9klet pontoss\u00e1g<\/td>\n<td data-col-size=\"sm\" data-start=\"1614\" data-end=\"1622\">\u00b11\u00b0C<\/td>\n<\/tr>\n<tr data-start=\"1623\" data-end=\"1661\">\n<td data-start=\"1623\" data-end=\"1640\" data-col-size=\"sm\">F\u0171t\u00e9si m\u00f3dszer<\/td>\n<td data-col-size=\"sm\" data-start=\"1640\" data-end=\"1661\">Indukci\u00f3s f\u0171t\u00e9s<\/td>\n<\/tr>\n<tr data-start=\"1662\" data-end=\"1696\">\n<td data-start=\"1662\" data-end=\"1677\" data-col-size=\"sm\">T\u00e1pegys\u00e9g<\/td>\n<td data-col-size=\"sm\" data-start=\"1677\" data-end=\"1696\">40 kW, 8-12 kHz<\/td>\n<\/tr>\n<tr data-start=\"1697\" data-end=\"1727\">\n<td data-start=\"1697\" data-end=\"1712\" data-col-size=\"sm\">V\u00e1kuumszint<\/td>\n<td data-col-size=\"sm\" data-start=\"1712\" data-end=\"1727\">5 \u00d7 10-\u2074 Pa<\/td>\n<\/tr>\n<tr data-start=\"1728\" data-end=\"1759\">\n<td data-start=\"1728\" data-end=\"1745\" data-col-size=\"sm\">Nyom\u00e1s tartom\u00e1ny<\/td>\n<td data-col-size=\"sm\" data-start=\"1745\" data-end=\"1759\">1-700 mbar<\/td>\n<\/tr>\n<tr data-start=\"1760\" data-end=\"1809\">\n<td data-start=\"1760\" data-end=\"1786\" data-col-size=\"sm\">H\u0151m\u00e9rs\u00e9klet m\u00e9r\u00e9s<\/td>\n<td data-col-size=\"sm\" data-start=\"1786\" data-end=\"1809\">K\u00e9tsz\u00edn\u0171 infrav\u00f6r\u00f6s<\/td>\n<\/tr>\n<tr data-start=\"1810\" data-end=\"1845\">\n<td data-start=\"1810\" data-end=\"1827\" data-col-size=\"sm\">Bet\u00f6lt\u00e9si m\u00f3dszer<\/td>\n<td data-col-size=\"sm\" data-start=\"1827\" data-end=\"1845\">Als\u00f3 bet\u00f6lt\u00e9s<\/td>\n<\/tr>\n<\/tbody>\n<\/table>\n<\/div>\n<\/div>\n<h2 data-section-id=\"19xifj\" data-start=\"1852\" data-end=\"1876\"><span role=\"text\">Tervez\u00e9si el\u0151ny\u00f6k<\/span><\/h2>\n<ul data-start=\"1878\" data-end=\"2444\">\n<li data-section-id=\"15rdkd0\" data-start=\"1878\" data-end=\"1949\">\n<p data-start=\"1880\" data-end=\"1949\">Kompatibilis a f\u00e9lig szigetel\u0151 \u00e9s vezet\u0151 SiC krist\u00e1lyn\u00f6veked\u00e9ssel<\/p>\n<\/li>\n<li data-section-id=\"3g3jo9\" data-start=\"1950\" data-end=\"2014\">\n<p data-start=\"1952\" data-end=\"2014\">A t\u00e9gelyforgat\u00f3 rendszer jav\u00edtja a h\u0151m\u00e9rs\u00e9klet egyenletess\u00e9g\u00e9t<\/p>\n<\/li>\n<li data-section-id=\"s4nwuu\" data-start=\"2015\" data-end=\"2084\">\n<p data-start=\"2017\" data-end=\"2084\">A szab\u00e1lyozhat\u00f3 indukci\u00f3s tekercs emel\u00e9se cs\u00f6kkenti a termikus zavarokat<\/p>\n<\/li>\n<li data-section-id=\"1cea8gr\" data-start=\"2085\" data-end=\"2160\">\n<p data-start=\"2087\" data-end=\"2160\">A k\u00e9tr\u00e9teg\u0171 v\u00edzh\u0171t\u00e9ses kvarckamra meghosszabb\u00edtja a berendez\u00e9s \u00e9lettartam\u00e1t<\/p>\n<\/li>\n<li data-section-id=\"c1n2wn\" data-start=\"2161\" data-end=\"2212\">\n<p data-start=\"2163\" data-end=\"2212\">Val\u00f3s idej\u0171 k\u00e9tpontos h\u0151m\u00e9rs\u00e9klet-ellen\u0151rz\u00e9s<\/p>\n<\/li>\n<li data-section-id=\"wvcxrl\" data-start=\"2213\" data-end=\"2279\">\n<p data-start=\"2215\" data-end=\"2279\">T\u00f6bbf\u00e9le vez\u00e9rl\u00e9si m\u00f3d: \u00e1lland\u00f3 teljes\u00edtm\u00e9ny \/ \u00e1ram \/ h\u0151m\u00e9rs\u00e9klet<\/p>\n<\/li>\n<li data-section-id=\"1it8b3k\" data-start=\"2280\" data-end=\"2339\">\n<p data-start=\"2282\" data-end=\"2339\">Egy kattint\u00e1ssal t\u00f6rt\u00e9n\u0151 intelligens ind\u00edt\u00e1s az automatiz\u00e1lt m\u0171k\u00f6d\u00e9shez<\/p>\n<\/li>\n<li data-section-id=\"1fwnkom\" data-start=\"2340\" data-end=\"2390\">\n<p data-start=\"2342\" data-end=\"2390\">Kompakt fel\u00e9p\u00edt\u00e9s a hat\u00e9kony gy\u00e1ri elrendez\u00e9shez<\/p>\n<\/li>\n<li data-section-id=\"ukpte9\" data-start=\"2391\" data-end=\"2444\">\n<p data-start=\"2393\" data-end=\"2444\">Nagy pontoss\u00e1g\u00fa nyom\u00e1sszab\u00e1lyoz\u00e1s (\u00b11 Pa-ig)<\/p>\n<\/li>\n<\/ul>\n<h2 data-section-id=\"dd8gcy\" data-start=\"2451\" data-end=\"2484\"><span role=\"text\">Teljes\u00edtm\u00e9ny \u00e9s alkalmaz\u00e1sok<\/span><\/h2>\n<p data-start=\"2486\" data-end=\"2606\">A kemence lehet\u0151v\u00e9 teszi a nagy tisztas\u00e1g\u00fa (\u226599,999%) \u00e9s alacsony hib\u00e1j\u00fa SiC egykrist\u00e1lyok n\u00f6veszt\u00e9s\u00e9t, amelyek kritikusak a k\u00f6vetkez\u0151kh\u00f6z:<\/p>\n<ul data-start=\"2608\" data-end=\"2760\">\n<li data-section-id=\"13272pw\" data-start=\"2608\" data-end=\"2625\">\n<p data-start=\"2610\" data-end=\"2625\">SiC MOSFET-ek<\/p>\n<\/li>\n<li data-section-id=\"1io6t0d\" data-start=\"2626\" data-end=\"2647\">\n<p data-start=\"2628\" data-end=\"2647\">Schottky di\u00f3d\u00e1k<\/p>\n<\/li>\n<li data-section-id=\"y84f9z\" data-start=\"2648\" data-end=\"2664\">\n<p data-start=\"2650\" data-end=\"2664\">RF eszk\u00f6z\u00f6k<\/p>\n<\/li>\n<li data-section-id=\"1pnu15w\" data-start=\"2665\" data-end=\"2707\">\n<p data-start=\"2667\" data-end=\"2707\">Elektromos j\u00e1rm\u0171vek (EV t\u00e1pegys\u00e9gek)<\/p>\n<\/li>\n<li data-section-id=\"y6h80t\" data-start=\"2708\" data-end=\"2729\">\n<p data-start=\"2710\" data-end=\"2729\">Napelemes inverterek<\/p>\n<\/li>\n<li data-section-id=\"1qsmuuk\" data-start=\"2730\" data-end=\"2760\">\n<p data-start=\"2732\" data-end=\"2760\">5G kommunik\u00e1ci\u00f3s rendszerek<\/p>\n<\/li>\n<\/ul>\n<p data-start=\"2762\" data-end=\"2913\">A stabil h\u0151szab\u00e1lyoz\u00e1ssal \u00e9s az optimaliz\u00e1lt n\u00f6veked\u00e9si k\u00f6r\u00fclm\u00e9nyekkel a rendszer nagy hozamot, konzisztenci\u00e1t \u00e9s m\u00e9retezhet\u0151s\u00e9get biztos\u00edt az ipari termel\u00e9shez.<\/p>\n<p data-start=\"2762\" data-end=\"2913\"><img decoding=\"async\" class=\"wp-image-1959 size-full aligncenter\" src=\"https:\/\/www.zmsh-semitech.com\/wp-content\/uploads\/2026\/03\/SiC-Growth-Furnace5.png\" alt=\"\" width=\"680\" height=\"235\" srcset=\"https:\/\/www.zmsh-semitech.com\/wp-content\/uploads\/2026\/03\/SiC-Growth-Furnace5.png 680w, https:\/\/www.zmsh-semitech.com\/wp-content\/uploads\/2026\/03\/SiC-Growth-Furnace5-300x104.png 300w, https:\/\/www.zmsh-semitech.com\/wp-content\/uploads\/2026\/03\/SiC-Growth-Furnace5-18x6.png 18w, https:\/\/www.zmsh-semitech.com\/wp-content\/uploads\/2026\/03\/SiC-Growth-Furnace5-600x207.png 600w\" sizes=\"(max-width: 680px) 100vw, 680px\" \/><\/p>\n<h2 data-section-id=\"5j7o8m\" data-start=\"2920\" data-end=\"2950\"><span role=\"text\">K\u00e9pess\u00e9geink (ZMSH)<\/span><\/h2>\n<h3 data-section-id=\"nzquib\" data-start=\"2952\" data-end=\"2986\"><span role=\"text\">1. Berendez\u00e9s gy\u00e1rt\u00e1sa<\/span><\/h3>\n<ul data-start=\"2987\" data-end=\"3088\">\n<li data-section-id=\"wv6e21\" data-start=\"2987\" data-end=\"3023\">\n<p data-start=\"2989\" data-end=\"3023\">Egyedi SiC n\u00f6veszt\u0151 kemence kialak\u00edt\u00e1sa<\/p>\n<\/li>\n<li data-section-id=\"1g5dx6p\" data-start=\"3024\" data-end=\"3088\">\n<p data-start=\"3026\" data-end=\"3088\">K\u00fcl\u00f6nb\u00f6z\u0151 krist\u00e1lym\u00e9retek \u00e9s technol\u00f3giai k\u00f6vetelm\u00e9nyek t\u00e1mogat\u00e1sa<\/p>\n<\/li>\n<\/ul>\n<h3 data-section-id=\"1pgjp80\" data-start=\"3090\" data-end=\"3121\"><span role=\"text\">2. Folyamatoptimaliz\u00e1l\u00e1s<\/span><\/h3>\n<ul data-start=\"3122\" data-end=\"3194\">\n<li data-section-id=\"1jqry7h\" data-start=\"3122\" data-end=\"3153\">\n<p data-start=\"3124\" data-end=\"3153\">PVT n\u00f6veked\u00e9si param\u00e9terek hangol\u00e1sa<\/p>\n<\/li>\n<li data-section-id=\"10fvpi3\" data-start=\"3154\" data-end=\"3194\">\n<p data-start=\"3156\" data-end=\"3194\">A hozam \u00e9s a hibas\u0171r\u0171s\u00e9g jav\u00edt\u00e1sa<\/p>\n<\/li>\n<\/ul>\n<h3 data-section-id=\"1r72ltt\" data-start=\"3196\" data-end=\"3230\"><span role=\"text\">3. Telep\u00edt\u00e9s \u00e9s k\u00e9pz\u00e9s<\/span><\/h3>\n<ul data-start=\"3231\" data-end=\"3293\">\n<li data-section-id=\"1ai7hs2\" data-start=\"3231\" data-end=\"3256\">\n<p data-start=\"3233\" data-end=\"3256\">Helysz\u00edni \u00fczembe helyez\u00e9s<\/p>\n<\/li>\n<li data-section-id=\"19g5oqu\" data-start=\"3257\" data-end=\"3293\">\n<p data-start=\"3259\" data-end=\"3293\">\u00dczemeltet\u00e9si \u00e9s karbantart\u00e1si k\u00e9pz\u00e9s<\/p>\n<\/li>\n<\/ul>\n<h3 data-section-id=\"10lvac2\" data-start=\"3295\" data-end=\"3325\"><span role=\"text\">4. \u00c9rt\u00e9kes\u00edt\u00e9s ut\u00e1ni t\u00e1mogat\u00e1s<\/span><\/h3>\n<ul data-start=\"3326\" data-end=\"3393\">\n<li data-section-id=\"19dqvur\" data-start=\"3326\" data-end=\"3355\">\n<p data-start=\"3328\" data-end=\"3355\">24\/7 technikai seg\u00edts\u00e9gny\u00fajt\u00e1s<\/p>\n<\/li>\n<li data-section-id=\"k1vcv1\" data-start=\"3356\" data-end=\"3393\">\n<p data-start=\"3358\" data-end=\"3393\">Gyors reag\u00e1l\u00e1s\u00fa m\u00e9rn\u00f6ki t\u00e1mogat\u00e1s<\/p>\n<\/li>\n<\/ul>\n<h2 data-section-id=\"elc90z\" data-start=\"3400\" data-end=\"3410\"><span role=\"text\">GYIK<\/span><\/h2>\n<p data-start=\"3412\" data-end=\"3632\">1. k\u00e9rd\u00e9s: Mi a PVT m\u00f3dszer a SiC krist\u00e1lyok n\u00f6veked\u00e9se sor\u00e1n?<br data-start=\"3465\" data-end=\"3468\" \/>V: A fizikai g\u0151ztranszport (PVT) egy olyan folyamat, amelyben a SiC port magas h\u0151m\u00e9rs\u00e9kleten szublim\u00e1lj\u00e1k \u00e9s \u00e1tkrist\u00e1lyos\u00edtj\u00e1k egy magkrist\u00e1lyon, hogy \u00f6mlesztett egykrist\u00e1lyokat k\u00e9pezzenek.<\/p>\n<p data-start=\"3634\" data-end=\"3841\">2. k\u00e9rd\u00e9s: Mi\u00e9rt v\u00e1lassza az indukci\u00f3s f\u0171t\u00e9st a SiC n\u00f6veszt\u00e9s\u00e9hez?<br data-start=\"3686\" data-end=\"3689\" \/>V: Az indukci\u00f3s f\u0171t\u00e9s gyors reakci\u00f3t, nagy hat\u00e9konys\u00e1got \u00e9s pontos szab\u00e1lyoz\u00e1st biztos\u00edt, ami elengedhetetlen az alacsony hib\u00e1j\u00fa SiC-krist\u00e1lyok stabil n\u00f6veked\u00e9s\u00e9hez.<\/p>","protected":false},"excerpt":{"rendered":"<p data-start=\"202\" data-end=\"374\">A SiC-n\u00f6veszt\u0151 kemence (PVT-m\u00f3dszer) egy nagy teljes\u00edtm\u00e9ny\u0171 rendszer, amelyet 6, 8 \u00e9s 12 h\u00fcvelykes szil\u00edciumkarbid (SiC) egykrist\u00e1lyok el\u0151\u00e1ll\u00edt\u00e1s\u00e1ra terveztek.<\/p>\n<p data-start=\"376\" data-end=\"589\">A fejlett indukci\u00f3s f\u0171t\u00e9si technol\u00f3gi\u00e1t alkalmaz\u00f3 kemence gyors f\u0171t\u00e9st, pontos h\u0151m\u00e9rs\u00e9klet-szab\u00e1lyoz\u00e1st \u00e9s alacsony energiafogyaszt\u00e1st biztos\u00edt, \u00edgy ide\u00e1lis megold\u00e1s az ipari m\u00e9ret\u0171 SiC-krist\u00e1lyok n\u00f6veszt\u00e9s\u00e9hez.<\/p>\n<p data-start=\"591\" data-end=\"734\">Sz\u00e9les k\u00f6rben haszn\u00e1lj\u00e1k a SiC szubsztr\u00e1tumok gy\u00e1rt\u00e1s\u00e1hoz a teljes\u00edtm\u00e9nyelektronika, az RF-eszk\u00f6z\u00f6k \u00e9s a k\u00f6vetkez\u0151 gener\u00e1ci\u00f3s f\u00e9lvezet\u0151 alkalmaz\u00e1sok sz\u00e1m\u00e1ra.<\/p>","protected":false},"featured_media":1961,"comment_status":"open","ping_status":"closed","template":"","meta":{"site-sidebar-layout":"default","site-content-layout":"","ast-site-content-layout":"default","site-content-style":"default","site-sidebar-style":"default","ast-global-header-display":"","ast-banner-title-visibility":"","ast-main-header-display":"","ast-hfb-above-header-display":"","ast-hfb-below-header-display":"","ast-hfb-mobile-header-display":"","site-post-title":"","ast-breadcrumbs-content":"","ast-featured-img":"","footer-sml-layout":"","ast-disable-related-posts":"","theme-transparent-header-meta":"default","adv-header-id-meta":"","stick-header-meta":"default","header-above-stick-meta":"","header-main-stick-meta":"","header-below-stick-meta":"","astra-migrate-meta-layouts":"set","ast-page-background-enabled":"default","ast-page-background-meta":{"desktop":{"background-color":"var(--ast-global-color-4)","background-image":"","background-repeat":"repeat","background-position":"center center","background-size":"auto","background-attachment":"scroll","background-type":"","background-media":"","overlay-type":"","overlay-color":"","overlay-opacity":"","overlay-gradient":""},"tablet":{"background-color":"","background-image":"","background-repeat":"repeat","background-position":"center center","background-size":"auto","background-attachment":"scroll","background-type":"","background-media":"","overlay-type":"","overlay-color":"","overlay-opacity":"","overlay-gradient":""},"mobile":{"background-color":"","background-image":"","background-repeat":"repeat","background-position":"center center","background-size":"auto","background-attachment":"scroll","background-type":"","background-media":"","overlay-type":"","overlay-color":"","overlay-opacity":"","overlay-gradient":""}},"ast-content-background-meta":{"desktop":{"background-color":"var(--ast-global-color-5)","background-image":"","background-repeat":"repeat","background-position":"center center","background-size":"auto","background-attachment":"scroll","background-type":"","background-media":"","overlay-type":"","overlay-color":"","overlay-opacity":"","overlay-gradient":""},"tablet":{"background-color":"var(--ast-global-color-5)","background-image":"","background-repeat":"repeat","background-position":"center center","background-size":"auto","background-attachment":"scroll","background-type":"","background-media":"","overlay-type":"","overlay-color":"","overlay-opacity":"","overlay-gradient":""},"mobile":{"background-color":"var(--ast-global-color-5)","background-image":"","background-repeat":"repeat","background-position":"center center","background-size":"auto","background-attachment":"scroll","background-type":"","background-media":"","overlay-type":"","overlay-color":"","overlay-opacity":"","overlay-gradient":""}}},"product_brand":[],"product_cat":[15],"product_tag":[465,464,148,467,461,110,460,463,466,462],"class_list":{"0":"post-1958","1":"product","2":"type-product","3":"status-publish","4":"has-post-thumbnail","6":"product_cat-crystal-growth-furnace","7":"product_tag-12-inch-sic-furnace","8":"product_tag-6-inch-sic-wafer-production","9":"product_tag-8-inch-sic-crystal-growth","10":"product_tag-pvt-crystal-growth-system","11":"product_tag-pvt-sic-furnace","12":"product_tag-semiconductor-equipment","13":"product_tag-sic-growth-furnace","14":"product_tag-sic-induction-furnace","15":"product_tag-sic-substrate-manufacturing","16":"product_tag-silicon-carbide-crystal-growth","17":"desktop-align-left","18":"tablet-align-left","19":"mobile-align-left","20":"ast-product-gallery-layout-horizontal-slider","21":"ast-product-tabs-layout-horizontal","23":"first","24":"instock","25":"shipping-taxable","26":"product-type-simple"},"_links":{"self":[{"href":"https:\/\/www.zmsh-semitech.com\/hu\/wp-json\/wp\/v2\/product\/1958","targetHints":{"allow":["GET"]}}],"collection":[{"href":"https:\/\/www.zmsh-semitech.com\/hu\/wp-json\/wp\/v2\/product"}],"about":[{"href":"https:\/\/www.zmsh-semitech.com\/hu\/wp-json\/wp\/v2\/types\/product"}],"replies":[{"embeddable":true,"href":"https:\/\/www.zmsh-semitech.com\/hu\/wp-json\/wp\/v2\/comments?post=1958"}],"version-history":[{"count":3,"href":"https:\/\/www.zmsh-semitech.com\/hu\/wp-json\/wp\/v2\/product\/1958\/revisions"}],"predecessor-version":[{"id":1966,"href":"https:\/\/www.zmsh-semitech.com\/hu\/wp-json\/wp\/v2\/product\/1958\/revisions\/1966"}],"wp:featuredmedia":[{"embeddable":true,"href":"https:\/\/www.zmsh-semitech.com\/hu\/wp-json\/wp\/v2\/media\/1961"}],"wp:attachment":[{"href":"https:\/\/www.zmsh-semitech.com\/hu\/wp-json\/wp\/v2\/media?parent=1958"}],"wp:term":[{"taxonomy":"product_brand","embeddable":true,"href":"https:\/\/www.zmsh-semitech.com\/hu\/wp-json\/wp\/v2\/product_brand?post=1958"},{"taxonomy":"product_cat","embeddable":true,"href":"https:\/\/www.zmsh-semitech.com\/hu\/wp-json\/wp\/v2\/product_cat?post=1958"},{"taxonomy":"product_tag","embeddable":true,"href":"https:\/\/www.zmsh-semitech.com\/hu\/wp-json\/wp\/v2\/product_tag?post=1958"}],"curies":[{"name":"wp","href":"https:\/\/api.w.org\/{rel}","templated":true}]}}