{"id":1948,"date":"2026-03-17T07:21:48","date_gmt":"2026-03-17T07:21:48","guid":{"rendered":"https:\/\/www.zmsh-semitech.com\/?post_type=product&#038;p=1948"},"modified":"2026-03-20T07:22:42","modified_gmt":"2026-03-20T07:22:42","slug":"sic-crystal-growth-furnace-pvt-lpe-ht-cvd-for-high-quality-silicon-carbide-single-crystal-production","status":"publish","type":"product","link":"https:\/\/www.zmsh-semitech.com\/hu\/product\/sic-crystal-growth-furnace-pvt-lpe-ht-cvd-for-high-quality-silicon-carbide-single-crystal-production\/","title":{"rendered":"SiC krist\u00e1lyn\u00f6veszt\u0151 kemence (PVT \/ LPE \/ HT-CVD) kiv\u00e1l\u00f3 min\u0151s\u00e9g\u0171 szil\u00edcium-karbid egykrist\u00e1lyok el\u0151\u00e1ll\u00edt\u00e1s\u00e1hoz"},"content":{"rendered":"<p data-start=\"204\" data-end=\"416\"><img fetchpriority=\"high\" decoding=\"async\" class=\"size-medium wp-image-1950 alignright\" src=\"https:\/\/www.zmsh-semitech.com\/wp-content\/uploads\/2026\/03\/sic_crystal_growth_furnace_pvt_lpe_ht_cvd_high_quality_sic_single_crystal_growth_method-300x259.webp\" alt=\"\" width=\"300\" height=\"259\" srcset=\"https:\/\/www.zmsh-semitech.com\/wp-content\/uploads\/2026\/03\/sic_crystal_growth_furnace_pvt_lpe_ht_cvd_high_quality_sic_single_crystal_growth_method-300x259.webp 300w, https:\/\/www.zmsh-semitech.com\/wp-content\/uploads\/2026\/03\/sic_crystal_growth_furnace_pvt_lpe_ht_cvd_high_quality_sic_single_crystal_growth_method-14x12.webp 14w, https:\/\/www.zmsh-semitech.com\/wp-content\/uploads\/2026\/03\/sic_crystal_growth_furnace_pvt_lpe_ht_cvd_high_quality_sic_single_crystal_growth_method-600x518.webp 600w, https:\/\/www.zmsh-semitech.com\/wp-content\/uploads\/2026\/03\/sic_crystal_growth_furnace_pvt_lpe_ht_cvd_high_quality_sic_single_crystal_growth_method.webp 750w\" sizes=\"(max-width: 300px) 100vw, 300px\" \/>A SiC krist\u00e1lyn\u00f6veszt\u0151 kemence a teljes\u00edtm\u00e9nyelektronik\u00e1ban, az RF-eszk\u00f6z\u00f6kben \u00e9s a fejlett f\u00e9lvezet\u0151 alkalmaz\u00e1sokban haszn\u00e1lt kiv\u00e1l\u00f3 min\u0151s\u00e9g\u0171 szil\u00edcium-karbid (SiC) egykrist\u00e1lyok el\u0151\u00e1ll\u00edt\u00e1s\u00e1hoz sz\u00fcks\u00e9ges berendez\u00e9sek kritikus darabja.<\/p>\n<p data-start=\"418\" data-end=\"489\">Rendszereink t\u00f6bbf\u00e9le mainstream n\u00f6veked\u00e9si technol\u00f3gi\u00e1t t\u00e1mogatnak, t\u00f6bbek k\u00f6z\u00f6tt:<\/p>\n<ul data-start=\"491\" data-end=\"612\">\n<li data-section-id=\"12iy5p3\" data-start=\"491\" data-end=\"525\">\n<p data-start=\"493\" data-end=\"525\">Fizikai g\u0151zsz\u00e1ll\u00edt\u00e1s (PVT)<\/p>\n<\/li>\n<li data-section-id=\"yxgf5n\" data-start=\"526\" data-end=\"556\">\n<p data-start=\"528\" data-end=\"556\">Foly\u00e9kony f\u00e1zis\u00fa epitaxia (LPE)<\/p>\n<\/li>\n<li data-section-id=\"ch2v4w\" data-start=\"557\" data-end=\"612\">\n<p data-start=\"559\" data-end=\"612\">Magas h\u0151m\u00e9rs\u00e9klet\u0171 k\u00e9miai g\u0151zf\u00e1zis\u00fa lev\u00e1laszt\u00e1s (HT-CVD)<\/p>\n<\/li>\n<\/ul>\n<p data-start=\"614\" data-end=\"833\">A magas h\u0151m\u00e9rs\u00e9klet, a v\u00e1kuum \u00e9s a g\u00e1z\u00e1raml\u00e1s pontos szab\u00e1lyoz\u00e1s\u00e1val a kemence lehet\u0151v\u00e9 teszi az alacsony hib\u00e1j\u00fa, nagy tisztas\u00e1g\u00fa SiC-krist\u00e1lyok stabil gy\u00e1rt\u00e1s\u00e1t 4-6 h\u00fcvelykes m\u00e9retekben, nagyobb \u00e1tm\u00e9r\u0151kh\u00f6z pedig testreszabhat\u00f3.<\/p>\n<h2 data-section-id=\"z1sk7h\" data-start=\"840\" data-end=\"883\"><span role=\"text\">T\u00e1mogatott SiC krist\u00e1lyn\u00f6veszt\u00e9si m\u00f3dszerek<\/span><\/h2>\n<h3 data-section-id=\"kspzpi\" data-start=\"885\" data-end=\"926\"><span role=\"text\">1. Fizikai g\u0151zsz\u00e1ll\u00edt\u00e1s (PVT)<\/span><\/h3>\n<p data-start=\"928\" data-end=\"1108\">Folyamat elve:<br data-start=\"950\" data-end=\"953\" \/><img decoding=\"async\" class=\"size-medium wp-image-1953 alignright\" src=\"https:\/\/www.zmsh-semitech.com\/wp-content\/uploads\/2026\/03\/Sic-Crystal-Growth-Furnace-PVT-LPE-HT-CVD-High-Quality-Sic-Single-Crystal-Growth-Method5-300x130.jpg\" alt=\"\" width=\"300\" height=\"130\" srcset=\"https:\/\/www.zmsh-semitech.com\/wp-content\/uploads\/2026\/03\/Sic-Crystal-Growth-Furnace-PVT-LPE-HT-CVD-High-Quality-Sic-Single-Crystal-Growth-Method5-300x130.jpg 300w, https:\/\/www.zmsh-semitech.com\/wp-content\/uploads\/2026\/03\/Sic-Crystal-Growth-Furnace-PVT-LPE-HT-CVD-High-Quality-Sic-Single-Crystal-Growth-Method5-18x8.jpg 18w, https:\/\/www.zmsh-semitech.com\/wp-content\/uploads\/2026\/03\/Sic-Crystal-Growth-Furnace-PVT-LPE-HT-CVD-High-Quality-Sic-Single-Crystal-Growth-Method5-600x261.jpg 600w, https:\/\/www.zmsh-semitech.com\/wp-content\/uploads\/2026\/03\/Sic-Crystal-Growth-Furnace-PVT-LPE-HT-CVD-High-Quality-Sic-Single-Crystal-Growth-Method5.jpg 679w\" sizes=\"(max-width: 300px) 100vw, 300px\" \/>A SiC por 2000 \u00b0C feletti h\u0151m\u00e9rs\u00e9kleten szublim\u00e1l\u00f3dik. A g\u0151zfajt\u00e1k egy h\u0151m\u00e9rs\u00e9kleti gradiens ment\u00e9n sz\u00e1ll\u00edt\u00f3dnak \u00e9s \u00e1tkrist\u00e1lyosodnak egy magkrist\u00e1lyon.<\/p>\n<p data-start=\"1110\" data-end=\"1127\">Kulcsfontoss\u00e1g\u00fa jellemz\u0151k:<\/p>\n<ul data-start=\"1128\" data-end=\"1374\">\n<li data-section-id=\"1m5h759\" data-start=\"1128\" data-end=\"1177\">\n<p data-start=\"1130\" data-end=\"1177\">Nagy tisztas\u00e1g\u00fa grafitt\u00e9gely \u00e9s magtart\u00f3<\/p>\n<\/li>\n<li data-section-id=\"obcs2k\" data-start=\"1178\" data-end=\"1239\">\n<p data-start=\"1180\" data-end=\"1239\">Be\u00e9p\u00edtett h\u0151elem + infrav\u00f6r\u00f6s h\u0151m\u00e9rs\u00e9klet-ellen\u0151rz\u00e9s<\/p>\n<\/li>\n<li data-section-id=\"1ahok9n\" data-start=\"1240\" data-end=\"1284\">\n<p data-start=\"1242\" data-end=\"1284\">V\u00e1kuum \u00e9s inert g\u00e1z \u00e1raml\u00e1sszab\u00e1lyoz\u00f3 rendszer<\/p>\n<\/li>\n<li data-section-id=\"ltafbu\" data-start=\"1285\" data-end=\"1324\">\n<p data-start=\"1287\" data-end=\"1324\">PLC-alap\u00fa automatikus folyamatir\u00e1ny\u00edt\u00e1s<\/p>\n<\/li>\n<li data-section-id=\"1ubyld1\" data-start=\"1325\" data-end=\"1374\">\n<p data-start=\"1327\" data-end=\"1374\">H\u0171t\u00e9s \u00e9s kipufog\u00f3g\u00e1z-kezel\u00e9s integr\u00e1l\u00e1sa<\/p>\n<\/li>\n<\/ul>\n<p data-start=\"1376\" data-end=\"1391\">El\u0151ny\u00f6k:<\/p>\n<ul data-start=\"1392\" data-end=\"1507\">\n<li data-section-id=\"1skc6sa\" data-start=\"1392\" data-end=\"1432\">\n<p data-start=\"1394\" data-end=\"1432\">Kiforrott \u00e9s sz\u00e9les k\u00f6rben elfogadott technol\u00f3gia<\/p>\n<\/li>\n<li data-section-id=\"696hi4\" data-start=\"1433\" data-end=\"1466\">\n<p data-start=\"1435\" data-end=\"1466\">Viszonylag alacsony felszerel\u00e9si k\u00f6lts\u00e9g<\/p>\n<\/li>\n<li data-section-id=\"4ihzdk\" data-start=\"1467\" data-end=\"1507\">\n<p data-start=\"1469\" data-end=\"1507\">Alkalmas \u00f6mlesztett SiC krist\u00e1lyok n\u00f6veszt\u00e9s\u00e9re<\/p>\n<\/li>\n<\/ul>\n<p data-start=\"1509\" data-end=\"1526\">Alkalmaz\u00e1sok:<\/p>\n<ul data-start=\"1527\" data-end=\"1590\">\n<li data-section-id=\"16plruj\" data-start=\"1527\" data-end=\"1590\">\n<p data-start=\"1529\" data-end=\"1590\">F\u00e9lig szigetel\u0151 \u00e9s vezet\u0151 SiC szubsztr\u00e1tumok el\u0151\u00e1ll\u00edt\u00e1sa<\/p>\n<\/li>\n<\/ul>\n<h3 data-section-id=\"1lkfnea\" data-start=\"1597\" data-end=\"1659\"><span role=\"text\">2. Magas h\u0151m\u00e9rs\u00e9klet\u0171 k\u00e9miai g\u0151zf\u00e1zis\u00fa lev\u00e1laszt\u00e1s (HT-CVD)<\/span><\/h3>\n<p data-start=\"1661\" data-end=\"1794\"><img decoding=\"async\" class=\"size-medium wp-image-1954 alignright\" src=\"https:\/\/www.zmsh-semitech.com\/wp-content\/uploads\/2026\/03\/Sic-Crystal-Growth-Furnace-PVT-LPE-HT-CVD-High-Quality-Sic-Single-Crystal-Growth-Method6-300x96.jpg\" alt=\"\" width=\"300\" height=\"96\" srcset=\"https:\/\/www.zmsh-semitech.com\/wp-content\/uploads\/2026\/03\/Sic-Crystal-Growth-Furnace-PVT-LPE-HT-CVD-High-Quality-Sic-Single-Crystal-Growth-Method6-300x96.jpg 300w, https:\/\/www.zmsh-semitech.com\/wp-content\/uploads\/2026\/03\/Sic-Crystal-Growth-Furnace-PVT-LPE-HT-CVD-High-Quality-Sic-Single-Crystal-Growth-Method6-18x6.jpg 18w, https:\/\/www.zmsh-semitech.com\/wp-content\/uploads\/2026\/03\/Sic-Crystal-Growth-Furnace-PVT-LPE-HT-CVD-High-Quality-Sic-Single-Crystal-Growth-Method6-600x192.jpg 600w, https:\/\/www.zmsh-semitech.com\/wp-content\/uploads\/2026\/03\/Sic-Crystal-Growth-Furnace-PVT-LPE-HT-CVD-High-Quality-Sic-Single-Crystal-Growth-Method6.jpg 669w\" sizes=\"(max-width: 300px) 100vw, 300px\" \/>Folyamat elve:<br data-start=\"1683\" data-end=\"1686\" \/>A nagy tisztas\u00e1g\u00fa g\u00e1zok (pl. SiH\u2084 + C\u2082H\u2084 \/ C\u2083H\u2088) 1800-2300\u00b0C-on bomlanak el, \u00e9s SiC-et raknak le a magkrist\u00e1lyra.<\/p>\n<p data-start=\"1796\" data-end=\"1813\">Kulcsfontoss\u00e1g\u00fa jellemz\u0151k:<\/p>\n<ul data-start=\"1814\" data-end=\"2010\">\n<li data-section-id=\"136qfh6\" data-start=\"1814\" data-end=\"1864\">\n<p data-start=\"1816\" data-end=\"1864\">Indukci\u00f3s f\u0171t\u00e9s elektrom\u00e1gneses csatol\u00e1ssal<\/p>\n<\/li>\n<li data-section-id=\"a59yxr\" data-start=\"1865\" data-end=\"1919\">\n<p data-start=\"1867\" data-end=\"1919\">Stabil g\u00e1zell\u00e1t\u00f3 rendszer (He \/ H\u2082 viv\u0151g\u00e1zok)<\/p>\n<\/li>\n<li data-section-id=\"1cbw0ya\" data-start=\"1920\" data-end=\"1980\">\n<p data-start=\"1922\" data-end=\"1980\">Szab\u00e1lyozott h\u0151m\u00e9rs\u00e9kleti gradiens a krist\u00e1lyok kondenz\u00e1ci\u00f3j\u00e1hoz<\/p>\n<\/li>\n<li data-section-id=\"xx40zc\" data-start=\"1981\" data-end=\"2010\">\n<p data-start=\"1983\" data-end=\"2010\">Prec\u00edz adal\u00e9kol\u00e1si k\u00e9pess\u00e9g<\/p>\n<\/li>\n<\/ul>\n<p data-start=\"2012\" data-end=\"2027\">El\u0151ny\u00f6k:<\/p>\n<ul data-start=\"2028\" data-end=\"2102\">\n<li data-section-id=\"xejhn5\" data-start=\"2028\" data-end=\"2050\">\n<p data-start=\"2030\" data-end=\"2050\">Alacsony hibas\u0171r\u0171s\u00e9g<\/p>\n<\/li>\n<li data-section-id=\"126pemv\" data-start=\"2051\" data-end=\"2074\">\n<p data-start=\"2053\" data-end=\"2074\">Nagy krist\u00e1lytisztas\u00e1g<\/p>\n<\/li>\n<li data-section-id=\"u0lupt\" data-start=\"2075\" data-end=\"2102\">\n<p data-start=\"2077\" data-end=\"2102\">Rugalmas doppingellen\u0151rz\u00e9s<\/p>\n<\/li>\n<\/ul>\n<p data-start=\"2104\" data-end=\"2121\">Alkalmaz\u00e1sok:<\/p>\n<ul data-start=\"2122\" data-end=\"2185\">\n<li data-section-id=\"1b8jolu\" data-start=\"2122\" data-end=\"2185\">\n<p data-start=\"2124\" data-end=\"2185\">Nagy teljes\u00edtm\u00e9ny\u0171 SiC osty\u00e1k fejlett elektronikus eszk\u00f6z\u00f6kh\u00f6z<\/p>\n<\/li>\n<\/ul>\n<h3 data-section-id=\"1gxz1d4\" data-start=\"2192\" data-end=\"2229\"><span role=\"text\">3. Foly\u00e9kony f\u00e1zis\u00fa epitaxia (LPE)<\/span><\/h3>\n<p data-start=\"2231\" data-end=\"2390\"><img loading=\"lazy\" decoding=\"async\" class=\"size-medium wp-image-1955 alignright\" src=\"https:\/\/www.zmsh-semitech.com\/wp-content\/uploads\/2026\/03\/Sic-Crystal-Growth-Furnace-PVT-LPE-HT-CVD-High-Quality-Sic-Single-Crystal-Growth-Method7-300x133.jpg\" alt=\"\" width=\"300\" height=\"133\" srcset=\"https:\/\/www.zmsh-semitech.com\/wp-content\/uploads\/2026\/03\/Sic-Crystal-Growth-Furnace-PVT-LPE-HT-CVD-High-Quality-Sic-Single-Crystal-Growth-Method7-300x133.jpg 300w, https:\/\/www.zmsh-semitech.com\/wp-content\/uploads\/2026\/03\/Sic-Crystal-Growth-Furnace-PVT-LPE-HT-CVD-High-Quality-Sic-Single-Crystal-Growth-Method7-18x8.jpg 18w, https:\/\/www.zmsh-semitech.com\/wp-content\/uploads\/2026\/03\/Sic-Crystal-Growth-Furnace-PVT-LPE-HT-CVD-High-Quality-Sic-Single-Crystal-Growth-Method7-600x266.jpg 600w, https:\/\/www.zmsh-semitech.com\/wp-content\/uploads\/2026\/03\/Sic-Crystal-Growth-Furnace-PVT-LPE-HT-CVD-High-Quality-Sic-Single-Crystal-Growth-Method7.jpg 680w\" sizes=\"(max-width: 300px) 100vw, 300px\" \/>Folyamat elve:<br data-start=\"2253\" data-end=\"2256\" \/>A Si \u00e9s a C magas h\u0151m\u00e9rs\u00e9klet\u0171 oldatban old\u00f3dik (~1800 \u00b0C), \u00e9s a SiC a szab\u00e1lyozott h\u0171t\u00e9s sor\u00e1n a t\u00faltel\u00edtett olvad\u00e9kb\u00f3l krist\u00e1lyosodik ki.<\/p>\n<p data-start=\"2392\" data-end=\"2409\">Kulcsfontoss\u00e1g\u00fa jellemz\u0151k:<\/p>\n<ul data-start=\"2410\" data-end=\"2570\">\n<li data-section-id=\"1l354m9\" data-start=\"2410\" data-end=\"2449\">\n<p data-start=\"2412\" data-end=\"2449\">Kiv\u00e1l\u00f3 min\u0151s\u00e9g\u0171 epitaxi\u00e1lis r\u00e9tegn\u00f6veked\u00e9s<\/p>\n<\/li>\n<li data-section-id=\"1f5uz6v\" data-start=\"2450\" data-end=\"2488\">\n<p data-start=\"2452\" data-end=\"2488\">Alacsony hibas\u0171r\u0171s\u00e9g \u00e9s nagy tisztas\u00e1g<\/p>\n<\/li>\n<li data-section-id=\"1da15oj\" data-start=\"2489\" data-end=\"2531\">\n<p data-start=\"2491\" data-end=\"2531\">Viszonylag enyhe felszerel\u00e9si k\u00f6vetelm\u00e9nyek<\/p>\n<\/li>\n<li data-section-id=\"apgmow\" data-start=\"2532\" data-end=\"2570\">\n<p data-start=\"2534\" data-end=\"2570\">Sk\u00e1l\u00e1zhat\u00f3 ipari termel\u00e9shez<\/p>\n<\/li>\n<\/ul>\n<p data-start=\"2572\" data-end=\"2587\">El\u0151ny\u00f6k:<\/p>\n<ul data-start=\"2588\" data-end=\"2646\">\n<li data-section-id=\"1lh17wx\" data-start=\"2588\" data-end=\"2609\">\n<p data-start=\"2590\" data-end=\"2609\">Alacsonyabb n\u00f6veked\u00e9si k\u00f6lts\u00e9g<\/p>\n<\/li>\n<li data-section-id=\"7sa3sd\" data-start=\"2610\" data-end=\"2646\">\n<p data-start=\"2612\" data-end=\"2646\">Jav\u00edtott epitaxi\u00e1lis r\u00e9tegmin\u0151s\u00e9g<\/p>\n<\/li>\n<\/ul>\n<p data-start=\"2648\" data-end=\"2665\">Alkalmaz\u00e1sok:<\/p>\n<ul data-start=\"2666\" data-end=\"2761\">\n<li data-section-id=\"u4ixfp\" data-start=\"2666\" data-end=\"2710\">\n<p data-start=\"2668\" data-end=\"2710\">Epitaxi\u00e1lis r\u00e9tegn\u00f6veked\u00e9s SiC szubsztr\u00e1tokon<\/p>\n<\/li>\n<li data-section-id=\"5zhtvl\" data-start=\"2711\" data-end=\"2761\">\n<p data-start=\"2713\" data-end=\"2761\">Nagy hat\u00e1sfok\u00fa teljes\u00edtm\u00e9ny\u0171 eszk\u00f6z\u00f6k gy\u00e1rt\u00e1sa<\/p>\n<\/li>\n<\/ul>\n<h2 data-section-id=\"1ttn0lq\" data-start=\"2768\" data-end=\"2795\"><span role=\"text\">M\u0171szaki el\u0151ny\u00f6k<\/span><\/h2>\n<ul data-start=\"2797\" data-end=\"3035\">\n<li data-section-id=\"js25p8\" data-start=\"2797\" data-end=\"2837\">\n<p data-start=\"2799\" data-end=\"2837\">Magas h\u0151m\u00e9rs\u00e9klet\u0171 \u00fczem (&gt;2000\u00b0C)<\/p>\n<\/li>\n<li data-section-id=\"1jqlm2f\" data-start=\"2838\" data-end=\"2876\">\n<p data-start=\"2840\" data-end=\"2876\">Stabil v\u00e1kuum- \u00e9s g\u00e1z\u00e1raml\u00e1s-szab\u00e1lyoz\u00e1s<\/p>\n<\/li>\n<li data-section-id=\"gf25zn\" data-start=\"2877\" data-end=\"2911\">\n<p data-start=\"2879\" data-end=\"2911\">Fejlett PLC automatiz\u00e1l\u00e1si rendszer<\/p>\n<\/li>\n<li data-section-id=\"1oe212f\" data-start=\"2912\" data-end=\"2974\">\n<p data-start=\"2914\" data-end=\"2974\">Testreszabhat\u00f3 kemence-kialak\u00edt\u00e1s (m\u00e9ret, konfigur\u00e1ci\u00f3, folyamat)<\/p>\n<\/li>\n<li data-section-id=\"1qtodg6\" data-start=\"2975\" data-end=\"3035\">\n<p data-start=\"2977\" data-end=\"3035\">Kompatibilis a 4-6 h\u00fcvelykes SiC krist\u00e1lyn\u00f6veked\u00e9ssel (b\u0151v\u00edthet\u0151)<\/p>\n<\/li>\n<\/ul>\n<h2 data-section-id=\"i1urdn\" data-start=\"3042\" data-end=\"3065\"><span role=\"text\">K\u00e9pess\u00e9geink<\/span><\/h2>\n<h3 data-section-id=\"1euwnkw\" data-start=\"3067\" data-end=\"3094\"><span role=\"text\">1. Berendez\u00e9sell\u00e1t\u00e1s<\/span><\/h3>\n<p data-start=\"3095\" data-end=\"3164\">Teljesen megtervezett SiC krist\u00e1lyn\u00f6veszt\u0151 kemenc\u00e9ket k\u00edn\u00e1lunk, amelyeket a k\u00f6vetkez\u0151kh\u00f6z terveztek:<\/p>\n<ul data-start=\"3165\" data-end=\"3275\">\n<li data-section-id=\"o9p6qu\" data-start=\"3165\" data-end=\"3200\">\n<p data-start=\"3167\" data-end=\"3200\">Nagy tisztas\u00e1g\u00fa f\u00e9lig szigetel\u0151 SiC<\/p>\n<\/li>\n<li data-section-id=\"11vwiq6\" data-start=\"3201\" data-end=\"3238\">\n<p data-start=\"3203\" data-end=\"3238\">Vezet\u0151k\u00e9pes SiC krist\u00e1lyok gy\u00e1rt\u00e1sa<\/p>\n<\/li>\n<li data-section-id=\"10vy7s\" data-start=\"3239\" data-end=\"3275\">\n<p data-start=\"3241\" data-end=\"3275\">T\u00e9teles gy\u00e1rt\u00e1si k\u00f6vetelm\u00e9nyek<\/p>\n<\/li>\n<\/ul>\n<h3 data-section-id=\"phctqp\" data-start=\"3282\" data-end=\"3323\"><span role=\"text\">2. Nyersanyagok \u00e9s krist\u00e1lyell\u00e1t\u00e1s<\/span><\/h3>\n<p data-start=\"3324\" data-end=\"3334\">Mi sz\u00e1ll\u00edtjuk:<\/p>\n<ul data-start=\"3335\" data-end=\"3401\">\n<li data-section-id=\"1ggi3jo\" data-start=\"3335\" data-end=\"3359\">\n<p data-start=\"3337\" data-end=\"3359\">SiC alapanyagok<\/p>\n<\/li>\n<li data-section-id=\"h3kpam\" data-start=\"3360\" data-end=\"3377\">\n<p data-start=\"3362\" data-end=\"3377\">Magkrist\u00e1lyok<\/p>\n<\/li>\n<li data-section-id=\"1rb4g8j\" data-start=\"3378\" data-end=\"3401\">\n<p data-start=\"3380\" data-end=\"3401\">Folyamatos fogy\u00f3eszk\u00f6z\u00f6k<\/p>\n<\/li>\n<\/ul>\n<p data-start=\"3403\" data-end=\"3479\">Minden anyagot szigor\u00fa min\u0151s\u00e9gellen\u0151rz\u00e9snek vetnek al\u00e1 a folyamatstabilit\u00e1s biztos\u00edt\u00e1sa \u00e9rdek\u00e9ben.<\/p>\n<h3 data-section-id=\"lzu290\" data-start=\"3486\" data-end=\"3531\"><span role=\"text\">3. Folyamatfejleszt\u00e9s \u00e9s optimaliz\u00e1l\u00e1s<\/span><\/h3>\n<p data-start=\"3532\" data-end=\"3562\">M\u00e9rn\u00f6ki csapatunk t\u00e1mogatja:<\/p>\n<ul data-start=\"3563\" data-end=\"3669\">\n<li data-section-id=\"1hou4gz\" data-start=\"3563\" data-end=\"3593\">\n<p data-start=\"3565\" data-end=\"3593\">Egyedi folyamatfejleszt\u00e9s<\/p>\n<\/li>\n<li data-section-id=\"1t2cez5\" data-start=\"3594\" data-end=\"3627\">\n<p data-start=\"3596\" data-end=\"3627\">N\u00f6veked\u00e9si param\u00e9terek optimaliz\u00e1l\u00e1sa<\/p>\n<\/li>\n<li data-section-id=\"1bd6gqh\" data-start=\"3628\" data-end=\"3669\">\n<p data-start=\"3630\" data-end=\"3669\">A hozam \u00e9s a krist\u00e1lymin\u0151s\u00e9g jav\u00edt\u00e1sa<\/p>\n<\/li>\n<\/ul>\n<h3 data-section-id=\"sd0tuu\" data-start=\"3676\" data-end=\"3715\"><span role=\"text\">4. K\u00e9pz\u00e9s \u00e9s technikai t\u00e1mogat\u00e1s<\/span><\/h3>\n<p data-start=\"3716\" data-end=\"3725\">K\u00edn\u00e1lunk:<\/p>\n<ul data-start=\"3726\" data-end=\"3832\">\n<li data-section-id=\"8xwlms\" data-start=\"3726\" data-end=\"3755\">\n<p data-start=\"3728\" data-end=\"3755\">Helysz\u00edni \/ t\u00e1voktat\u00e1s<\/p>\n<\/li>\n<li data-section-id=\"113ldb5\" data-start=\"3756\" data-end=\"3788\">\n<p data-start=\"3758\" data-end=\"3788\">Berendez\u00e9s \u00fczemeltet\u00e9si \u00fatmutat\u00f3<\/p>\n<\/li>\n<li data-section-id=\"19iv12h\" data-start=\"3789\" data-end=\"3832\">\n<p data-start=\"3791\" data-end=\"3832\">Karbantart\u00e1si \u00e9s hibaelh\u00e1r\u00edt\u00e1si t\u00e1mogat\u00e1s<\/p>\n<\/li>\n<\/ul>\n<h2 data-section-id=\"elc90z\" data-start=\"3839\" data-end=\"3849\"><span role=\"text\">GYIK<\/span><\/h2>\n<p data-start=\"3851\" data-end=\"4022\">1. k\u00e9rd\u00e9s: Melyek a f\u0151 SiC krist\u00e1lyn\u00f6veked\u00e9si m\u00f3dszerek?<br data-start=\"3904\" data-end=\"3907\" \/>V: Az els\u0151dleges m\u00f3dszerek k\u00f6z\u00e9 tartozik a PVT, a HT-CVD \u00e9s az LPE, amelyek mindegyike k\u00fcl\u00f6nb\u00f6z\u0151 alkalmaz\u00e1sokhoz \u00e9s termel\u00e9si c\u00e9lokhoz alkalmas.<\/p>\n<p data-start=\"4024\" data-end=\"4230\">2. k\u00e9rd\u00e9s: Mi az a foly\u00e9kony f\u00e1zis\u00fa epitaxia (LPE)?<br data-start=\"4067\" data-end=\"4070\" \/>V: Az LPE egy oldat alap\u00fa n\u00f6veked\u00e9si m\u00f3dszer, ahol egy tel\u00edtett olvad\u00e9kot lassan h\u0171t\u00fcnk, hogy a krist\u00e1lyok n\u00f6veked\u00e9s\u00e9t a szubsztr\u00e1ton el\u0151seg\u00edts\u00fck, \u00e9s \u00edgy kiv\u00e1l\u00f3 min\u0151s\u00e9g\u0171 epitaxi\u00e1lis r\u00e9tegeket hozzunk l\u00e9tre.<\/p>\n<h2 data-section-id=\"1wz3rnt\" data-start=\"4237\" data-end=\"4278\"><span role=\"text\">Mi\u00e9rt v\u00e1lassza a mi SiC n\u00f6veked\u00e9si kemenc\u00e9nket?<\/span><\/h2>\n<ul data-start=\"4280\" data-end=\"4496\">\n<li data-section-id=\"1nz5fyj\" data-start=\"4280\" data-end=\"4330\">\n<p data-start=\"4282\" data-end=\"4330\">Bizony\u00edtott m\u00e9rn\u00f6ki tapasztalat a SiC berendez\u00e9sek ter\u00e9n<\/p>\n<\/li>\n<li data-section-id=\"dw2cfr\" data-start=\"4331\" data-end=\"4382\">\n<p data-start=\"4333\" data-end=\"4382\">T\u00f6bbf\u00e9le m\u00f3dszerrel val\u00f3 kompatibilit\u00e1s (PVT \/ HT-CVD \/ LPE)<\/p>\n<\/li>\n<li data-section-id=\"xciqsn\" data-start=\"4383\" data-end=\"4435\">\n<p data-start=\"4385\" data-end=\"4435\">Egyedi megold\u00e1sok k\u00fcl\u00f6nb\u00f6z\u0151 termel\u00e9si l\u00e9pt\u00e9kekre<\/p>\n<\/li>\n<li data-section-id=\"s3dika\" data-start=\"4436\" data-end=\"4496\">\n<p data-start=\"4438\" data-end=\"4496\">Teljes \u00e9letciklus-t\u00e1mogat\u00e1s (berendez\u00e9sek + anyagok + folyamat)<\/p>\n<\/li>\n<\/ul>","protected":false},"excerpt":{"rendered":"<p data-start=\"204\" data-end=\"416\">A SiC krist\u00e1lyn\u00f6veszt\u0151 kemence a teljes\u00edtm\u00e9nyelektronik\u00e1ban, az RF-eszk\u00f6z\u00f6kben \u00e9s a fejlett f\u00e9lvezet\u0151 alkalmaz\u00e1sokban haszn\u00e1lt kiv\u00e1l\u00f3 min\u0151s\u00e9g\u0171 szil\u00edcium-karbid (SiC) egykrist\u00e1lyok el\u0151\u00e1ll\u00edt\u00e1s\u00e1hoz sz\u00fcks\u00e9ges berendez\u00e9sek kritikus darabja.<\/p>\n<p data-start=\"418\" data-end=\"489\">Rendszereink t\u00f6bbf\u00e9le mainstream n\u00f6veked\u00e9si technol\u00f3gi\u00e1t t\u00e1mogatnak, t\u00f6bbek k\u00f6z\u00f6tt:<\/p>","protected":false},"featured_media":1949,"comment_status":"open","ping_status":"closed","template":"","meta":{"site-sidebar-layout":"default","site-content-layout":"","ast-site-content-layout":"default","site-content-style":"default","site-sidebar-style":"default","ast-global-header-display":"","ast-banner-title-visibility":"","ast-main-header-display":"","ast-hfb-above-header-display":"","ast-hfb-below-header-display":"","ast-hfb-mobile-header-display":"","site-post-title":"","ast-breadcrumbs-content":"","ast-featured-img":"","footer-sml-layout":"","ast-disable-related-posts":"","theme-transparent-header-meta":"default","adv-header-id-meta":"","stick-header-meta":"default","header-above-stick-meta":"","header-main-stick-meta":"","header-below-stick-meta":"","astra-migrate-meta-layouts":"set","ast-page-background-enabled":"default","ast-page-background-meta":{"desktop":{"background-color":"var(--ast-global-color-4)","background-image":"","background-repeat":"repeat","background-position":"center center","background-size":"auto","background-attachment":"scroll","background-type":"","background-media":"","overlay-type":"","overlay-color":"","overlay-opacity":"","overlay-gradient":""},"tablet":{"background-color":"","background-image":"","background-repeat":"repeat","background-position":"center center","background-size":"auto","background-attachment":"scroll","background-type":"","background-media":"","overlay-type":"","overlay-color":"","overlay-opacity":"","overlay-gradient":""},"mobile":{"background-color":"","background-image":"","background-repeat":"repeat","background-position":"center center","background-size":"auto","background-attachment":"scroll","background-type":"","background-media":"","overlay-type":"","overlay-color":"","overlay-opacity":"","overlay-gradient":""}},"ast-content-background-meta":{"desktop":{"background-color":"var(--ast-global-color-5)","background-image":"","background-repeat":"repeat","background-position":"center center","background-size":"auto","background-attachment":"scroll","background-type":"","background-media":"","overlay-type":"","overlay-color":"","overlay-opacity":"","overlay-gradient":""},"tablet":{"background-color":"var(--ast-global-color-5)","background-image":"","background-repeat":"repeat","background-position":"center center","background-size":"auto","background-attachment":"scroll","background-type":"","background-media":"","overlay-type":"","overlay-color":"","overlay-opacity":"","overlay-gradient":""},"mobile":{"background-color":"var(--ast-global-color-5)","background-image":"","background-repeat":"repeat","background-position":"center center","background-size":"auto","background-attachment":"scroll","background-type":"","background-media":"","overlay-type":"","overlay-color":"","overlay-opacity":"","overlay-gradient":""}}},"product_brand":[],"product_cat":[15],"product_tag":[454,455,453,110,451,459,457,456,452,458],"class_list":{"0":"post-1948","1":"product","2":"type-product","3":"status-publish","4":"has-post-thumbnail","6":"product_cat-crystal-growth-furnace","7":"product_tag-ht-cvd-sic","8":"product_tag-lpe-epitaxy-sic","9":"product_tag-pvt-sic-growth","10":"product_tag-semiconductor-equipment","11":"product_tag-sic-crystal-growth-furnace","12":"product_tag-sic-epitaxy-growth","13":"product_tag-sic-single-crystal-growth","14":"product_tag-sic-wafer-production","15":"product_tag-silicon-carbide-furnace","16":"product_tag-silicon-carbide-substrate","17":"desktop-align-left","18":"tablet-align-left","19":"mobile-align-left","20":"ast-product-gallery-layout-horizontal-slider","21":"ast-product-tabs-layout-horizontal","23":"first","24":"instock","25":"shipping-taxable","26":"product-type-simple"},"_links":{"self":[{"href":"https:\/\/www.zmsh-semitech.com\/hu\/wp-json\/wp\/v2\/product\/1948","targetHints":{"allow":["GET"]}}],"collection":[{"href":"https:\/\/www.zmsh-semitech.com\/hu\/wp-json\/wp\/v2\/product"}],"about":[{"href":"https:\/\/www.zmsh-semitech.com\/hu\/wp-json\/wp\/v2\/types\/product"}],"replies":[{"embeddable":true,"href":"https:\/\/www.zmsh-semitech.com\/hu\/wp-json\/wp\/v2\/comments?post=1948"}],"version-history":[{"count":2,"href":"https:\/\/www.zmsh-semitech.com\/hu\/wp-json\/wp\/v2\/product\/1948\/revisions"}],"predecessor-version":[{"id":1957,"href":"https:\/\/www.zmsh-semitech.com\/hu\/wp-json\/wp\/v2\/product\/1948\/revisions\/1957"}],"wp:featuredmedia":[{"embeddable":true,"href":"https:\/\/www.zmsh-semitech.com\/hu\/wp-json\/wp\/v2\/media\/1949"}],"wp:attachment":[{"href":"https:\/\/www.zmsh-semitech.com\/hu\/wp-json\/wp\/v2\/media?parent=1948"}],"wp:term":[{"taxonomy":"product_brand","embeddable":true,"href":"https:\/\/www.zmsh-semitech.com\/hu\/wp-json\/wp\/v2\/product_brand?post=1948"},{"taxonomy":"product_cat","embeddable":true,"href":"https:\/\/www.zmsh-semitech.com\/hu\/wp-json\/wp\/v2\/product_cat?post=1948"},{"taxonomy":"product_tag","embeddable":true,"href":"https:\/\/www.zmsh-semitech.com\/hu\/wp-json\/wp\/v2\/product_tag?post=1948"}],"curies":[{"name":"wp","href":"https:\/\/api.w.org\/{rel}","templated":true}]}}