{"id":1933,"date":"2026-03-20T05:58:05","date_gmt":"2026-03-20T05:58:05","guid":{"rendered":"https:\/\/www.zmsh-semitech.com\/?post_type=product&#038;p=1933"},"modified":"2026-04-03T05:18:06","modified_gmt":"2026-04-03T05:18:06","slug":"diamond-wire-single-multi-wire-dual-station-cutting-machine-for-sapphire-sic-material-processing","status":"publish","type":"product","link":"https:\/\/www.zmsh-semitech.com\/hu\/product\/diamond-wire-single-multi-wire-dual-station-cutting-machine-for-sapphire-sic-material-processing\/","title":{"rendered":"Diamond Wire Multi-Wire Dual-Station Cutting Machine for Sapphire \/ SiC Material Processing"},"content":{"rendered":"<p data-start=\"224\" data-end=\"588\"><img fetchpriority=\"high\" decoding=\"async\" class=\"size-medium wp-image-1934 alignright\" src=\"https:\/\/www.zmsh-semitech.com\/wp-content\/uploads\/2026\/03\/diamond_wire_single_multi_wire_dual_station_cutting_machine_for_sapphire_sic_material_processing-300x300.webp\" alt=\"\" width=\"300\" height=\"300\" srcset=\"https:\/\/www.zmsh-semitech.com\/wp-content\/uploads\/2026\/03\/diamond_wire_single_multi_wire_dual_station_cutting_machine_for_sapphire_sic_material_processing-300x300.webp 300w, https:\/\/www.zmsh-semitech.com\/wp-content\/uploads\/2026\/03\/diamond_wire_single_multi_wire_dual_station_cutting_machine_for_sapphire_sic_material_processing-150x150.webp 150w, https:\/\/www.zmsh-semitech.com\/wp-content\/uploads\/2026\/03\/diamond_wire_single_multi_wire_dual_station_cutting_machine_for_sapphire_sic_material_processing-12x12.webp 12w, https:\/\/www.zmsh-semitech.com\/wp-content\/uploads\/2026\/03\/diamond_wire_single_multi_wire_dual_station_cutting_machine_for_sapphire_sic_material_processing-600x600.webp 600w, https:\/\/www.zmsh-semitech.com\/wp-content\/uploads\/2026\/03\/diamond_wire_single_multi_wire_dual_station_cutting_machine_for_sapphire_sic_material_processing-100x100.webp 100w, https:\/\/www.zmsh-semitech.com\/wp-content\/uploads\/2026\/03\/diamond_wire_single_multi_wire_dual_station_cutting_machine_for_sapphire_sic_material_processing.webp 750w\" sizes=\"(max-width: 300px) 100vw, 300px\" \/>The diamond wire multi-wire dual-station cutting machine is a core equipment for precision processing of brittle materials. By using the high-speed reciprocating motion of diamond wire (steel wire coated with silicon carbide or aluminum oxide particles) and relative abrasion with the workpiece, it achieves accurate cutting of hard materials.<\/p>\n<p data-start=\"590\" data-end=\"936\">A k\u00e9t\u00e1llom\u00e1sos kialak\u00edt\u00e1s egyszerre k\u00e9t munkadarab-felszerel\u00e9s (vagy v\u00e1ltakoz\u00f3 m\u0171veletek) befogad\u00e1s\u00e1ra alkalmas, jelent\u0151sen jav\u00edtva a termel\u00e9s hat\u00e9konys\u00e1g\u00e1t. Sz\u00e9les k\u00f6rben haszn\u00e1lj\u00e1k olyan anyagok n\u00e9gysz\u00f6gel\u00e9s\u00e9re, szeletel\u00e9s\u00e9re \u00e9s prec\u00edzi\u00f3s alak\u00edt\u00e1s\u00e1ra, mint a f\u00e9lvezet\u0151 osty\u00e1k, zaf\u00edr, szil\u00edcium-karbid (SiC), ker\u00e1mia, kvarc \u00e9s nemesf\u00e9mek.<\/p>\n<p data-start=\"938\" data-end=\"1192\">Ez a g\u00e9p integr\u00e1lja a szervo vez\u00e9rl\u0151rendszereket, a fesz\u00fclts\u00e9gszab\u00e1lyoz\u00e1st \u00e9s az oszcill\u00e1l\u00f3 v\u00e1g\u00e1si technol\u00f3gi\u00e1kat, kiegyens\u00falyozva a hat\u00e9konys\u00e1got \u00e9s a pontoss\u00e1got, \u00e9s kritikus eszk\u00f6z az olyan ipar\u00e1gakban, mint a fotovoltaika, a f\u00e9lvezet\u0151k \u00e9s a fejlett gy\u00e1rt\u00e1s.<\/p>\n<h3 data-section-id=\"1880me3\" data-start=\"1199\" data-end=\"1233\"><span role=\"text\">M\u0171szaki specifik\u00e1ci\u00f3k<\/span><\/h3>\n<div class=\"TyagGW_tableContainer\">\n<div class=\"group TyagGW_tableWrapper flex flex-col-reverse w-fit\" tabindex=\"-1\">\n<table class=\"w-fit min-w-(--thread-content-width)\" data-start=\"1235\" data-end=\"2401\">\n<thead data-start=\"1235\" data-end=\"1264\">\n<tr data-start=\"1235\" data-end=\"1264\">\n<th class=\"\" data-start=\"1235\" data-end=\"1247\" data-col-size=\"md\">Param\u00e9ter<\/th>\n<th class=\"\" data-start=\"1247\" data-end=\"1264\" data-col-size=\"md\">Specifik\u00e1ci\u00f3<\/th>\n<\/tr>\n<\/thead>\n<tbody data-start=\"1295\" data-end=\"2401\">\n<tr data-start=\"1295\" data-end=\"1330\">\n<td data-start=\"1295\" data-end=\"1303\" data-col-size=\"md\">Modell<\/td>\n<td data-start=\"1303\" data-end=\"1330\" data-col-size=\"md\">Multi-Wire Saw<\/td>\n<\/tr>\n<tr data-start=\"1331\" data-end=\"1370\">\n<td data-start=\"1331\" data-end=\"1356\" data-col-size=\"md\">Maxim\u00e1lis munkadarab m\u00e9ret<\/td>\n<td data-col-size=\"md\" data-start=\"1356\" data-end=\"1370\">\u00f8320\u00d7430mm<\/td>\n<\/tr>\n<tr data-start=\"1371\" data-end=\"1433\">\n<td data-start=\"1371\" data-end=\"1402\" data-col-size=\"md\">F\u0151 g\u00f6rg\u0151 bevonat \u00e1tm\u00e9r\u0151je<\/td>\n<td data-col-size=\"md\" data-start=\"1402\" data-end=\"1433\">\u00f8210\u00d7450mm (5 f\u0151g\u00f6rg\u0151)<\/td>\n<\/tr>\n<tr data-start=\"1434\" data-end=\"1475\">\n<td data-start=\"1434\" data-end=\"1455\" data-col-size=\"md\">Dr\u00f3t fut\u00e1si sebess\u00e9g<\/td>\n<td data-col-size=\"md\" data-start=\"1455\" data-end=\"1475\">1000 (MIX) m\/min<\/td>\n<\/tr>\n<tr data-start=\"1476\" data-end=\"1514\">\n<td data-start=\"1476\" data-end=\"1500\" data-col-size=\"md\">Gy\u00e9m\u00e1nthuzal \u00e1tm\u00e9r\u0151je<\/td>\n<td data-col-size=\"md\" data-start=\"1500\" data-end=\"1514\">0.2-0.37mm<\/td>\n<\/tr>\n<tr data-start=\"1515\" data-end=\"1586\">\n<td data-start=\"1515\" data-end=\"1554\" data-col-size=\"md\">Vonali t\u00e1rol\u00f3kapacit\u00e1s (t\u00e1pker\u00e9k)<\/td>\n<td data-col-size=\"md\" data-start=\"1554\" data-end=\"1586\">20 km (0,25 mm-es huzal\u00e1tm\u00e9r\u0151)<\/td>\n<\/tr>\n<tr data-start=\"1587\" data-end=\"1625\">\n<td data-start=\"1587\" data-end=\"1613\" data-col-size=\"md\">V\u00e1g\u00e1si vastags\u00e1g tartom\u00e1ny<\/td>\n<td data-col-size=\"md\" data-start=\"1613\" data-end=\"1625\">1.5-80mm<\/td>\n<\/tr>\n<tr data-start=\"1626\" data-end=\"1656\">\n<td data-start=\"1626\" data-end=\"1645\" data-col-size=\"md\">V\u00e1g\u00e1si pontoss\u00e1g<\/td>\n<td data-col-size=\"md\" data-start=\"1645\" data-end=\"1656\">\u00b10,01mm<\/td>\n<\/tr>\n<tr data-start=\"1657\" data-end=\"1707\">\n<td data-start=\"1657\" data-end=\"1698\" data-col-size=\"md\">A munka\u00e1llom\u00e1s f\u00fcgg\u0151leges emel\u00e9si l\u00f6kete<\/td>\n<td data-col-size=\"md\" data-start=\"1698\" data-end=\"1707\">350mm<\/td>\n<\/tr>\n<tr data-start=\"1708\" data-end=\"1778\">\n<td data-start=\"1708\" data-end=\"1725\" data-col-size=\"md\">V\u00e1g\u00e1si m\u00f3dszer<\/td>\n<td data-col-size=\"md\" data-start=\"1725\" data-end=\"1778\">A munkapad leng; a gy\u00e9m\u00e1nthuzal helyben marad<\/td>\n<\/tr>\n<tr data-start=\"1779\" data-end=\"1817\">\n<td data-start=\"1779\" data-end=\"1800\" data-col-size=\"md\">V\u00e1g\u00e1si el\u0151tol\u00e1si sebess\u00e9g<\/td>\n<td data-col-size=\"md\" data-start=\"1800\" data-end=\"1817\">0,01-10mm\/min<\/td>\n<\/tr>\n<tr data-start=\"1818\" data-end=\"1839\">\n<td data-start=\"1818\" data-end=\"1831\" data-col-size=\"md\">V\u00edztart\u00e1ly<\/td>\n<td data-col-size=\"md\" data-start=\"1831\" data-end=\"1839\">300L<\/td>\n<\/tr>\n<tr data-start=\"1840\" data-end=\"1899\">\n<td data-start=\"1840\" data-end=\"1856\" data-col-size=\"md\">V\u00e1g\u00f3folyad\u00e9k<\/td>\n<td data-col-size=\"md\" data-start=\"1856\" data-end=\"1899\">Rozsdamentes, nagy hat\u00e9konys\u00e1g\u00fa v\u00e1g\u00f3folyad\u00e9k<\/td>\n<\/tr>\n<tr data-start=\"1900\" data-end=\"1921\">\n<td data-start=\"1900\" data-end=\"1914\" data-col-size=\"md\">Leng\u00e9si sz\u00f6g<\/td>\n<td data-col-size=\"md\" data-start=\"1914\" data-end=\"1921\">\u00b18\u00b0<\/td>\n<\/tr>\n<tr data-start=\"1922\" data-end=\"1947\">\n<td data-start=\"1922\" data-end=\"1936\" data-col-size=\"md\">Lend\u00fcl\u00e9si sebess\u00e9g<\/td>\n<td data-col-size=\"md\" data-start=\"1936\" data-end=\"1947\">0.83\u00b0\/s<\/td>\n<\/tr>\n<tr data-start=\"1948\" data-end=\"2002\">\n<td data-start=\"1948\" data-end=\"1974\" data-col-size=\"md\">Maxim\u00e1lis v\u00e1g\u00e1si fesz\u00fclts\u00e9g<\/td>\n<td data-col-size=\"md\" data-start=\"1974\" data-end=\"2002\">100N (minim\u00e1lis egys\u00e9g 0,1N)<\/td>\n<\/tr>\n<tr data-start=\"2003\" data-end=\"2028\">\n<td data-start=\"2003\" data-end=\"2019\" data-col-size=\"md\">V\u00e1g\u00e1si m\u00e9lys\u00e9g<\/td>\n<td data-col-size=\"md\" data-start=\"2019\" data-end=\"2028\">430mm<\/td>\n<\/tr>\n<tr data-start=\"2029\" data-end=\"2049\">\n<td data-start=\"2029\" data-end=\"2044\" data-col-size=\"md\">Munka\u00e1llom\u00e1sok<\/td>\n<td data-col-size=\"md\" data-start=\"2044\" data-end=\"2049\">2<\/td>\n<\/tr>\n<tr data-start=\"2050\" data-end=\"2102\">\n<td data-start=\"2050\" data-end=\"2065\" data-col-size=\"md\">T\u00e1pegys\u00e9g<\/td>\n<td data-col-size=\"md\" data-start=\"2065\" data-end=\"2102\">H\u00e1romf\u00e1zis\u00fa \u00f6tvezet\u00e9kes AC380V\/50Hz<\/td>\n<\/tr>\n<tr data-start=\"2103\" data-end=\"2134\">\n<td data-start=\"2103\" data-end=\"2125\" data-col-size=\"md\">Teljes g\u00e9pteljes\u00edtm\u00e9ny<\/td>\n<td data-col-size=\"md\" data-start=\"2125\" data-end=\"2134\">\u226452kW<\/td>\n<\/tr>\n<tr data-start=\"2135\" data-end=\"2159\">\n<td data-start=\"2135\" data-end=\"2148\" data-col-size=\"md\">F\u0151motor<\/td>\n<td data-col-size=\"md\" data-start=\"2148\" data-end=\"2159\">7,5\u00d73kW<\/td>\n<\/tr>\n<tr data-start=\"2160\" data-end=\"2187\">\n<td data-start=\"2160\" data-end=\"2175\" data-col-size=\"md\">Motor bek\u00f6t\u00e9se<\/td>\n<td data-start=\"2175\" data-end=\"2187\" data-col-size=\"md\">0,75\u00d72kW<\/td>\n<\/tr>\n<tr data-start=\"2188\" data-end=\"2223\">\n<td data-start=\"2188\" data-end=\"2212\" data-col-size=\"md\">Munkapad leng\u0151motor<\/td>\n<td data-col-size=\"md\" data-start=\"2212\" data-end=\"2223\">1.3\u00d72kW<\/td>\n<\/tr>\n<tr data-start=\"2224\" data-end=\"2259\">\n<td data-start=\"2224\" data-end=\"2248\" data-col-size=\"md\">Fesz\u00fclts\u00e9gszab\u00e1lyoz\u00f3 motor<\/td>\n<td data-start=\"2248\" data-end=\"2259\" data-col-size=\"md\">4.4\u00d72kW<\/td>\n<\/tr>\n<tr data-start=\"2260\" data-end=\"2305\">\n<td data-start=\"2260\" data-end=\"2294\" data-col-size=\"md\">Dr\u00f3tkiold\u00f3 \u00e9s gy\u0171jt\u0151motor<\/td>\n<td data-start=\"2294\" data-end=\"2305\" data-col-size=\"md\">5.5\u00d72kW<\/td>\n<\/tr>\n<tr data-start=\"2306\" data-end=\"2373\">\n<td data-start=\"2306\" data-end=\"2353\" data-col-size=\"md\">K\u00fcls\u0151 m\u00e9retek (leng\u0151karos doboz n\u00e9lk\u00fcl)<\/td>\n<td data-start=\"2353\" data-end=\"2373\" data-col-size=\"md\">2310\u00d72660\u00d72893mm<\/td>\n<\/tr>\n<tr data-start=\"2374\" data-end=\"2401\">\n<td data-start=\"2374\" data-end=\"2391\" data-col-size=\"md\">G\u00e9p s\u00falya<\/td>\n<td data-start=\"2391\" data-end=\"2401\" data-col-size=\"md\">6000kg<\/td>\n<\/tr>\n<\/tbody>\n<\/table>\n<\/div>\n<\/div>\n<h3 data-section-id=\"2jkvf5\" data-start=\"2408\" data-end=\"2435\"><span role=\"text\">M\u0171k\u00f6d\u00e9si elv<\/span><\/h3>\n<p data-start=\"2436\" data-end=\"2513\">A g\u00e9p m\u0171k\u00f6d\u00e9se a \u201cgy\u00e9m\u00e1nthuzal csiszol\u00e1s + munkadarab el\u0151tol\u00e1s\u201d alapon t\u00f6rt\u00e9nik:<\/p>\n<ol data-start=\"2515\" data-end=\"3361\">\n<li data-section-id=\"8g8sq1\" data-start=\"2515\" data-end=\"2766\">\n<p data-start=\"2518\" data-end=\"2544\">Gy\u00e9m\u00e1nt dr\u00f3t ker\u00e9kp\u00e1roz\u00e1s<\/p>\n<ul data-start=\"2548\" data-end=\"2766\">\n<li data-section-id=\"1wzwuw2\" data-start=\"2548\" data-end=\"2662\">\n<p data-start=\"2550\" data-end=\"2662\">Egy nagysebess\u00e9g\u0171 forg\u00f3 kaptat\u00f3 hajtja a gy\u00e9m\u00e1ntsz\u00e1lat oda-vissza mozg\u00e1sban (vagy egyir\u00e1ny\u00fa ciklikusan).<\/p>\n<\/li>\n<li data-section-id=\"f6lbqh\" data-start=\"2666\" data-end=\"2766\">\n<p data-start=\"2668\" data-end=\"2766\">A huzal feszess\u00e9g\u00e9t rug\u00f3s vagy pneumatikus fesz\u00edt\u0151kerekek tartj\u00e1k fenn a stabil v\u00e1g\u00e1s \u00e9rdek\u00e9ben.<\/p>\n<\/li>\n<\/ul>\n<\/li>\n<li data-section-id=\"10d9jao\" data-start=\"2768\" data-end=\"2944\">\n<p data-start=\"2771\" data-end=\"2791\">Munkadarab el\u0151tol\u00e1s<\/p>\n<ul data-start=\"2795\" data-end=\"2944\">\n<li data-section-id=\"18dix1b\" data-start=\"2795\" data-end=\"2944\">\n<p data-start=\"2797\" data-end=\"2944\">Szervomotorok vez\u00e9rlik a munkadarab r\u00f6gz\u00edt\u00e9s\u00e9t, hogy \u00e1lland\u00f3 sebess\u00e9ggel mozogjon a gy\u00e9m\u00e1nthuzal fel\u00e9, relat\u00edv kop\u00e1st gener\u00e1lva a v\u00e1g\u00e1shoz.<\/p>\n<\/li>\n<\/ul>\n<\/li>\n<li data-section-id=\"1k9qku3\" data-start=\"2946\" data-end=\"3116\">\n<p data-start=\"2949\" data-end=\"2977\">K\u00e9t\u00e1llom\u00e1sos kapcsol\u00e1s<\/p>\n<ul data-start=\"2981\" data-end=\"3116\">\n<li data-section-id=\"4bb19x\" data-start=\"2981\" data-end=\"3116\">\n<p data-start=\"2983\" data-end=\"3116\">Az egyik munkadarab v\u00e1g\u00e1sa ut\u00e1n a g\u00e9p automatikusan \u00e1tv\u00e1lt a m\u00e1sik r\u00f6gz\u00edt\u0151re, \u00edgy folyamatos \u00fczemm\u00f3dban, \u00e1ll\u00e1sid\u0151 n\u00e9lk\u00fcl m\u0171k\u00f6dik.<\/p>\n<\/li>\n<\/ul>\n<\/li>\n<li data-section-id=\"15gtvqk\" data-start=\"3118\" data-end=\"3361\">\n<p data-start=\"3121\" data-end=\"3143\">Kulcsfontoss\u00e1g\u00fa technol\u00f3gi\u00e1k<\/p>\n<ul data-start=\"3147\" data-end=\"3361\">\n<li data-section-id=\"5smzx8\" data-start=\"3147\" data-end=\"3261\">\n<p data-start=\"3149\" data-end=\"3261\">Oszcill\u00e1l\u00f3 v\u00e1g\u00e1s: \u00b18\u00b0-os oszcill\u00e1l\u00f3 munkaasztal biztos\u00edtja az egyenletes huzal\u00e9rintkez\u00e9st \u00e9s a jobb fel\u00fcleti s\u00edkoss\u00e1got.<\/p>\n<\/li>\n<li data-section-id=\"1numag\" data-start=\"3265\" data-end=\"3361\">\n<p data-start=\"3267\" data-end=\"3361\">Fesz\u00fclts\u00e9gszab\u00e1lyoz\u00e1s: \u00c9rz\u00e9kel\u0151k figyelik a val\u00f3s idej\u0171 huzalfesz\u00edt\u00e9st a cs\u00fasz\u00e1s vagy t\u00f6r\u00e9s megel\u0151z\u00e9se \u00e9rdek\u00e9ben.<\/p>\n<\/li>\n<\/ul>\n<\/li>\n<\/ol>\n<h3 data-section-id=\"1uq8gka\" data-start=\"3368\" data-end=\"3391\"><span role=\"text\">Alapvet\u0151 jellemz\u0151k<\/span><\/h3>\n<div class=\"TyagGW_tableContainer\">\n<div class=\"group TyagGW_tableWrapper flex flex-col-reverse w-fit\" tabindex=\"-1\">\n<table class=\"w-fit min-w-(--thread-content-width)\" data-start=\"3393\" data-end=\"3938\">\n<thead data-start=\"3393\" data-end=\"3418\">\n<tr data-start=\"3393\" data-end=\"3418\">\n<th class=\"\" data-start=\"3393\" data-end=\"3403\" data-col-size=\"sm\">Jellemz\u0151<\/th>\n<th class=\"\" data-start=\"3403\" data-end=\"3418\" data-col-size=\"md\">Le\u00edr\u00e1s<\/th>\n<\/tr>\n<\/thead>\n<tbody data-start=\"3445\" data-end=\"3938\">\n<tr data-start=\"3445\" data-end=\"3553\">\n<td data-start=\"3445\" data-end=\"3463\" data-col-size=\"sm\">Nagy hat\u00e9konys\u00e1g<\/td>\n<td data-start=\"3463\" data-end=\"3553\" data-col-size=\"md\">A k\u00e9t\u00e1llom\u00e1sos kialak\u00edt\u00e1s megdupl\u00e1zza a termel\u00e9si kapacit\u00e1st; a nagy huzalsebess\u00e9g cs\u00f6kkenti a v\u00e1g\u00e1si id\u0151t.<\/td>\n<\/tr>\n<tr data-start=\"3554\" data-end=\"3668\">\n<td data-start=\"3554\" data-end=\"3571\" data-col-size=\"sm\">Nagy pontoss\u00e1g<\/td>\n<td data-col-size=\"md\" data-start=\"3571\" data-end=\"3668\">A szervomotorok + goly\u00f3scsavarok \u00b10,01 mm pontoss\u00e1got biztos\u00edtanak; az oszcill\u00e1l\u00f3 \u00fczemm\u00f3d minimaliz\u00e1lja a fel\u00fcleti mar\u00e1sokat.<\/td>\n<\/tr>\n<tr data-start=\"3669\" data-end=\"3767\">\n<td data-start=\"3669\" data-end=\"3683\" data-col-size=\"sm\">Rugalmass\u00e1g<\/td>\n<td data-col-size=\"md\" data-start=\"3683\" data-end=\"3767\">T\u00e1mogatja az egy-\/t\u00f6bbhuzalos kapcsol\u00e1st \u00e9s az \u00e1ll\u00edthat\u00f3 el\u0151tol\u00e1si sebess\u00e9get (0,01-10 mm\/perc).<\/td>\n<\/tr>\n<tr data-start=\"3768\" data-end=\"3836\">\n<td data-start=\"3768\" data-end=\"3783\" data-col-size=\"sm\">K\u00f6rnyezetbar\u00e1t<\/td>\n<td data-start=\"3783\" data-end=\"3836\" data-col-size=\"md\">A v\u00edzalap\u00fa v\u00e1g\u00f3folyad\u00e9kok cs\u00f6kkentik a por \u00e9s a zajszintet.<\/td>\n<\/tr>\n<tr data-start=\"3837\" data-end=\"3938\">\n<td data-start=\"3837\" data-end=\"3849\" data-col-size=\"sm\">Stabilit\u00e1s<\/td>\n<td data-col-size=\"md\" data-start=\"3849\" data-end=\"3938\">Az \u00f6nt\u00f6tt keretek fokozz\u00e1k a merevs\u00e9get; a t\u00f6r\u00e9s-\u00fajraind\u00edt\u00e1s funkci\u00f3 megakad\u00e1lyozza a munkadarab visszadob\u00e1s\u00e1t.<\/td>\n<\/tr>\n<\/tbody>\n<\/table>\n<\/div>\n<\/div>\n<h3 data-section-id=\"xdxar3\" data-start=\"3945\" data-end=\"3967\"><span role=\"text\">Alkalmaz\u00e1sok<\/span><\/h3>\n<ol data-start=\"3969\" data-end=\"4689\">\n<li data-section-id=\"e2ca1e\" data-start=\"3969\" data-end=\"4145\">\n<p data-start=\"3972\" data-end=\"4008\">F\u00e9lvezet\u0151k \u00e9s fotovoltaika<\/p>\n<ul data-start=\"4012\" data-end=\"4145\">\n<li data-section-id=\"c6f6qr\" data-start=\"4012\" data-end=\"4086\">\n<p data-start=\"4014\" data-end=\"4086\">Szeletel\u00e9s szil\u00edcium (mono-\/polikrist\u00e1lyos) \u00e9s PERC napelemek sz\u00e1m\u00e1ra<\/p>\n<\/li>\n<li data-section-id=\"5ocxwg\" data-start=\"4090\" data-end=\"4145\">\n<p data-start=\"4092\" data-end=\"4145\">\u00c9lprofiloz\u00e1s LED szubsztr\u00e1tumokhoz \u00e9s napelemmodulokhoz<\/p>\n<\/li>\n<\/ul>\n<\/li>\n<li data-section-id=\"6hrn80\" data-start=\"4147\" data-end=\"4330\">\n<p data-start=\"4150\" data-end=\"4171\">Ker\u00e1mia \u00e9s dr\u00e1gak\u00f6vek<\/p>\n<ul data-start=\"4175\" data-end=\"4330\">\n<li data-section-id=\"5acdkn\" data-start=\"4175\" data-end=\"4235\">\n<p data-start=\"4177\" data-end=\"4235\">Zaf\u00edr szeletel\u00e9s LED kijelz\u0151kh\u00f6z \u00e9s okostelefonok k\u00e9perny\u0151j\u00e9hez<\/p>\n<\/li>\n<li data-section-id=\"1buqiv9\" data-start=\"4239\" data-end=\"4330\">\n<p data-start=\"4241\" data-end=\"4330\">Szil\u00edcium-karbid (SiC) prec\u00edzi\u00f3s v\u00e1g\u00e1s EV t\u00e1pegys\u00e9gekhez, az anyaghullad\u00e9k minimaliz\u00e1l\u00e1sa \u00e9rdek\u00e9ben<\/p>\n<\/li>\n<\/ul>\n<\/li>\n<li data-section-id=\"10scz4s\" data-start=\"4332\" data-end=\"4517\">\n<p data-start=\"4335\" data-end=\"4363\">Kvarc \u00e9s optikai \u00fcveg<\/p>\n<ul data-start=\"4367\" data-end=\"4517\">\n<li data-section-id=\"6ctgdt\" data-start=\"4367\" data-end=\"4438\">\n<p data-start=\"4369\" data-end=\"4438\">Krist\u00e1lyoszcill\u00e1torok: nagy pontoss\u00e1g\u00fa szeletel\u00e9s \u00e9rz\u00e9kel\u0151k \u00e9s t\u00e1vk\u00f6zl\u00e9s sz\u00e1m\u00e1ra<\/p>\n<\/li>\n<li data-section-id=\"w69aek\" data-start=\"4442\" data-end=\"4517\">\n<p data-start=\"4444\" data-end=\"4517\">Optikai alkatr\u00e9szek: lencs\u00e9k \u00e9s prizm\u00e1k v\u00e1g\u00e1sa minim\u00e1lis fel\u00fcleti hib\u00e1val<\/p>\n<\/li>\n<\/ul>\n<\/li>\n<li data-section-id=\"165zv1\" data-start=\"4519\" data-end=\"4689\">\n<p data-start=\"4522\" data-end=\"4548\">F\u00e9mek \u00e9s ritkaf\u00f6ldf\u00e9mek<\/p>\n<ul data-start=\"4552\" data-end=\"4689\">\n<li data-section-id=\"10dxe48\" data-start=\"4552\" data-end=\"4624\">\n<p data-start=\"4554\" data-end=\"4624\">Nemesf\u00e9mek (arany, platina) v\u00e1g\u00e1sa \u00e9kszerekhez, selejt cs\u00f6kkent\u00e9se<\/p>\n<\/li>\n<li data-section-id=\"19im383\" data-start=\"4628\" data-end=\"4689\">\n<p data-start=\"4630\" data-end=\"4689\">Ritkaf\u00f6ldf\u00e9m m\u00e1gnesek (NdFeB) szeletel\u00e9se motorokhoz \u00e9s \u00e9rz\u00e9kel\u0151kh\u00f6z<\/p>\n<\/li>\n<\/ul>\n<\/li>\n<\/ol>\n<p><img decoding=\"async\" class=\"wp-image-2099 size-large aligncenter\" src=\"https:\/\/www.zmsh-semitech.com\/wp-content\/uploads\/2026\/03\/35194b37-522c-4034-8dae-1e2b7974059b-1024x248.jpg\" alt=\"\" width=\"1024\" height=\"248\" srcset=\"https:\/\/www.zmsh-semitech.com\/wp-content\/uploads\/2026\/03\/35194b37-522c-4034-8dae-1e2b7974059b-1024x248.jpg 1024w, https:\/\/www.zmsh-semitech.com\/wp-content\/uploads\/2026\/03\/35194b37-522c-4034-8dae-1e2b7974059b-300x73.jpg 300w, https:\/\/www.zmsh-semitech.com\/wp-content\/uploads\/2026\/03\/35194b37-522c-4034-8dae-1e2b7974059b-768x186.jpg 768w, https:\/\/www.zmsh-semitech.com\/wp-content\/uploads\/2026\/03\/35194b37-522c-4034-8dae-1e2b7974059b-18x4.jpg 18w, https:\/\/www.zmsh-semitech.com\/wp-content\/uploads\/2026\/03\/35194b37-522c-4034-8dae-1e2b7974059b-600x145.jpg 600w, https:\/\/www.zmsh-semitech.com\/wp-content\/uploads\/2026\/03\/35194b37-522c-4034-8dae-1e2b7974059b.jpg 1139w\" sizes=\"(max-width: 1024px) 100vw, 1024px\" \/><\/p>\n<h3 data-section-id=\"cr3je8\" data-start=\"4696\" data-end=\"4709\"><span role=\"text\">GYIK<\/span><\/h3>\n<p data-start=\"4711\" data-end=\"4941\">K: Hogyan m\u0171k\u00f6dik a gy\u00e9m\u00e1ntsz\u00e1las k\u00e9t\u00e1llom\u00e1sos v\u00e1g\u00f3g\u00e9p?<br data-start=\"4776\" data-end=\"4779\" \/>V: Gy\u00e9m\u00e1ntsz\u00e1las ciklikus (oda-vissza mozg\u00e1st) \u00e9s k\u00e9t\u00e1llom\u00e1sos kialak\u00edt\u00e1ssal folyamatos v\u00e1g\u00e1st \u00e9s anyagv\u00e1lt\u00e1st alkalmaz, minimaliz\u00e1lva az \u00e1ll\u00e1sid\u0151t.<\/p>\n<p data-start=\"4943\" data-end=\"5191\">K: Melyek a gy\u00e9m\u00e1ntsz\u00e1las k\u00e9t\u00e1llom\u00e1sos v\u00e1g\u00f3g\u00e9pek legfontosabb el\u0151nyei?<br data-start=\"5024\" data-end=\"5027\" \/>A: Nagy hat\u00e9konys\u00e1g (k\u00e9t\u00e1llom\u00e1sos p\u00e1rhuzamos feldolgoz\u00e1s) \u00e9s pontoss\u00e1g (\u00b10,01 mm pontoss\u00e1g) olyan rideg anyagok v\u00e1g\u00e1s\u00e1hoz, mint a szil\u00edciumszelet \u00e9s a ker\u00e1mia.<\/p>","protected":false},"excerpt":{"rendered":"<p>A gy\u00e9m\u00e1ntsz\u00e1las egy-\/t\u00f6bbhuzalos k\u00e9t\u00e1llom\u00e1sos v\u00e1g\u00f3g\u00e9p a t\u00f6r\u00e9keny anyagok prec\u00edzi\u00f3s megmunk\u00e1l\u00e1s\u00e1nak alapvet\u0151 berendez\u00e9se. A gy\u00e9m\u00e1nthuzal (szil\u00edciumkarbid vagy alum\u00ednium-oxid r\u00e9szecsk\u00e9kkel bevont ac\u00e9lhuzal) nagysebess\u00e9g\u0171 oda-vissza mozg\u00e1s\u00e1val \u00e9s a munkadarabbal val\u00f3 relat\u00edv koptat\u00e1ssal a kem\u00e9ny anyagok pontos v\u00e1g\u00e1s\u00e1t \u00e9ri el.<\/p>","protected":false},"featured_media":1934,"comment_status":"open","ping_status":"closed","template":"","meta":{"site-sidebar-layout":"default","site-content-layout":"","ast-site-content-layout":"default","site-content-style":"default","site-sidebar-style":"default","ast-global-header-display":"","ast-banner-title-visibility":"","ast-main-header-display":"","ast-hfb-above-header-display":"","ast-hfb-below-header-display":"","ast-hfb-mobile-header-display":"","site-post-title":"","ast-breadcrumbs-content":"","ast-featured-img":"","footer-sml-layout":"","ast-disable-related-posts":"","theme-transparent-header-meta":"default","adv-header-id-meta":"","stick-header-meta":"default","header-above-stick-meta":"","header-main-stick-meta":"","header-below-stick-meta":"","astra-migrate-meta-layouts":"set","ast-page-background-enabled":"default","ast-page-background-meta":{"desktop":{"background-color":"var(--ast-global-color-4)","background-image":"","background-repeat":"repeat","background-position":"center center","background-size":"auto","background-attachment":"scroll","background-type":"","background-media":"","overlay-type":"","overlay-color":"","overlay-opacity":"","overlay-gradient":""},"tablet":{"background-color":"","background-image":"","background-repeat":"repeat","background-position":"center center","background-size":"auto","background-attachment":"scroll","background-type":"","background-media":"","overlay-type":"","overlay-color":"","overlay-opacity":"","overlay-gradient":""},"mobile":{"background-color":"","background-image":"","background-repeat":"repeat","background-position":"center center","background-size":"auto","background-attachment":"scroll","background-type":"","background-media":"","overlay-type":"","overlay-color":"","overlay-opacity":"","overlay-gradient":""}},"ast-content-background-meta":{"desktop":{"background-color":"var(--ast-global-color-5)","background-image":"","background-repeat":"repeat","background-position":"center center","background-size":"auto","background-attachment":"scroll","background-type":"","background-media":"","overlay-type":"","overlay-color":"","overlay-opacity":"","overlay-gradient":""},"tablet":{"background-color":"var(--ast-global-color-5)","background-image":"","background-repeat":"repeat","background-position":"center center","background-size":"auto","background-attachment":"scroll","background-type":"","background-media":"","overlay-type":"","overlay-color":"","overlay-opacity":"","overlay-gradient":""},"mobile":{"background-color":"var(--ast-global-color-5)","background-image":"","background-repeat":"repeat","background-position":"center center","background-size":"auto","background-attachment":"scroll","background-type":"","background-media":"","overlay-type":"","overlay-color":"","overlay-opacity":"","overlay-gradient":""}}},"product_brand":[],"product_cat":[22],"product_tag":[434,424,425,415,418,433,429,416,431,427,432,428,430,423,426,419,422,420,421,417],"class_list":{"0":"post-1933","1":"product","2":"type-product","3":"status-publish","4":"has-post-thumbnail","6":"product_cat-wire-saw-machine","7":"product_tag-advanced-manufacturing-equipment","8":"product_tag-brittle-material-processing","9":"product_tag-ceramic-cutting","10":"product_tag-diamond-wire-saw","11":"product_tag-dual-station-cutting-machine","12":"product_tag-high-precision-saw","13":"product_tag-led-substrate-slicing","14":"product_tag-multi-wire-cutting-machine","15":"product_tag-ndfeb-magnet-slicing","16":"product_tag-optical-glass-cutting","17":"product_tag-oscillating-cutting","18":"product_tag-photovoltaic-wafer-cutting","19":"product_tag-precious-metal-cutting","20":"product_tag-precision-cutting","21":"product_tag-quartz-cutting","22":"product_tag-sapphire-cutting","23":"product_tag-semiconductor-wafer-slicing","24":"product_tag-sic-cutting","25":"product_tag-silicon-carbide-saw","26":"product_tag-single-wire-saw","27":"desktop-align-left","28":"tablet-align-left","29":"mobile-align-left","30":"ast-product-gallery-layout-horizontal-slider","31":"ast-product-tabs-layout-horizontal","33":"first","34":"instock","35":"shipping-taxable","36":"product-type-simple"},"_links":{"self":[{"href":"https:\/\/www.zmsh-semitech.com\/hu\/wp-json\/wp\/v2\/product\/1933","targetHints":{"allow":["GET"]}}],"collection":[{"href":"https:\/\/www.zmsh-semitech.com\/hu\/wp-json\/wp\/v2\/product"}],"about":[{"href":"https:\/\/www.zmsh-semitech.com\/hu\/wp-json\/wp\/v2\/types\/product"}],"replies":[{"embeddable":true,"href":"https:\/\/www.zmsh-semitech.com\/hu\/wp-json\/wp\/v2\/comments?post=1933"}],"version-history":[{"count":3,"href":"https:\/\/www.zmsh-semitech.com\/hu\/wp-json\/wp\/v2\/product\/1933\/revisions"}],"predecessor-version":[{"id":2101,"href":"https:\/\/www.zmsh-semitech.com\/hu\/wp-json\/wp\/v2\/product\/1933\/revisions\/2101"}],"wp:featuredmedia":[{"embeddable":true,"href":"https:\/\/www.zmsh-semitech.com\/hu\/wp-json\/wp\/v2\/media\/1934"}],"wp:attachment":[{"href":"https:\/\/www.zmsh-semitech.com\/hu\/wp-json\/wp\/v2\/media?parent=1933"}],"wp:term":[{"taxonomy":"product_brand","embeddable":true,"href":"https:\/\/www.zmsh-semitech.com\/hu\/wp-json\/wp\/v2\/product_brand?post=1933"},{"taxonomy":"product_cat","embeddable":true,"href":"https:\/\/www.zmsh-semitech.com\/hu\/wp-json\/wp\/v2\/product_cat?post=1933"},{"taxonomy":"product_tag","embeddable":true,"href":"https:\/\/www.zmsh-semitech.com\/hu\/wp-json\/wp\/v2\/product_tag?post=1933"}],"curies":[{"name":"wp","href":"https:\/\/api.w.org\/{rel}","templated":true}]}}