{"id":1753,"date":"2026-01-23T02:18:28","date_gmt":"2026-01-23T02:18:28","guid":{"rendered":"https:\/\/www.zmsh-semitech.com\/?post_type=product&#038;p=1753"},"modified":"2026-01-23T02:18:28","modified_gmt":"2026-01-23T02:18:28","slug":"sapphire-crystal-growth-furnace-for-80-400-kg-crystals-using-the-kyropoulos-ky-method","status":"publish","type":"product","link":"https:\/\/www.zmsh-semitech.com\/hu\/product\/sapphire-crystal-growth-furnace-for-80-400-kg-crystals-using-the-kyropoulos-ky-method\/","title":{"rendered":"Zaf\u00edrkrist\u00e1ly-n\u00f6veszt\u0151 kemence 80-400 kg-os krist\u00e1lyok sz\u00e1m\u00e1ra a Kyropoulos (KY) m\u00f3dszer alkalmaz\u00e1s\u00e1val"},"content":{"rendered":"<h2 data-start=\"286\" data-end=\"309\">Term\u00e9k \u00e1ttekint\u00e9s<img fetchpriority=\"high\" decoding=\"async\" class=\"size-medium wp-image-1757 alignright\" src=\"https:\/\/www.zmsh-semitech.com\/wp-content\/uploads\/2026\/01\/pl203679978-sapphire_crystal_growth_furnace_80_400kg_by_the_kyropoulos_method_ky5-300x300.jpg\" alt=\"\" width=\"300\" height=\"300\" srcset=\"https:\/\/www.zmsh-semitech.com\/wp-content\/uploads\/2026\/01\/pl203679978-sapphire_crystal_growth_furnace_80_400kg_by_the_kyropoulos_method_ky5-300x300.jpg 300w, https:\/\/www.zmsh-semitech.com\/wp-content\/uploads\/2026\/01\/pl203679978-sapphire_crystal_growth_furnace_80_400kg_by_the_kyropoulos_method_ky5-150x150.jpg 150w, https:\/\/www.zmsh-semitech.com\/wp-content\/uploads\/2026\/01\/pl203679978-sapphire_crystal_growth_furnace_80_400kg_by_the_kyropoulos_method_ky5-100x100.jpg 100w, https:\/\/www.zmsh-semitech.com\/wp-content\/uploads\/2026\/01\/pl203679978-sapphire_crystal_growth_furnace_80_400kg_by_the_kyropoulos_method_ky5.jpg 540w\" sizes=\"(max-width: 300px) 100vw, 300px\" \/><\/h2>\n<p data-start=\"311\" data-end=\"563\">A ZMSH KY zaf\u00edrkrist\u00e1ly-n\u00f6veszt\u0151 kemence egy nagym\u00e9ret\u0171 zaf\u00edr egykrist\u00e1lyok el\u0151\u00e1ll\u00edt\u00e1s\u00e1ra tervezett, magas h\u0151m\u00e9rs\u00e9klet\u0171 krist\u00e1lyn\u00f6veszt\u0151 rendszer, amely a Kyropoulos (KY) n\u00f6veszt\u00e9si m\u00f3dszerrel 80 kg-t\u00f3l 400 kg-ig terjed\u0151 krist\u00e1lys\u00falyt t\u00e1mogat.<\/p>\n<p data-start=\"565\" data-end=\"963\">A kemenc\u00e9t a zaf\u00edr alacsony h\u0151terhel\u00e9s\u0171 k\u00f6r\u00fclm\u00e9nyek k\u00f6z\u00f6tt t\u00f6rt\u00e9n\u0151 szab\u00e1lyozott megszil\u00e1rdul\u00e1s\u00e1ra optimaliz\u00e1lt\u00e1k. A stabil h\u0151mez\u0151 kialak\u00edt\u00e1s\u00e1nak, a pontos h\u0151m\u00e9rs\u00e9klet-szab\u00e1lyoz\u00e1snak, valamint az ultramagas v\u00e1kuum \u00e9s a g\u00e1z atmoszf\u00e9ra szab\u00e1lyoz\u00e1s\u00e1nak kombin\u00e1l\u00e1s\u00e1val a rendszer lehet\u0151v\u00e9 teszi a kiv\u00e1l\u00f3 min\u0151s\u00e9g\u0171, alacsony hib\u00e1j\u00fa zaf\u00edr egykrist\u00e1lyok n\u00f6veszt\u00e9s\u00e9t, amelyek alkalmasak f\u00e9lvezet\u0151, optikai \u00e9s fejlett ipari alkalmaz\u00e1sokhoz.<\/p>\n<p data-start=\"965\" data-end=\"1187\">A hagyom\u00e1nyos Czochralski (CZ) n\u00f6veked\u00e9si rendszerekhez k\u00e9pest a KY m\u00f3dszer jelent\u0151sen cs\u00f6kkenti a bels\u0151 fesz\u00fclts\u00e9get \u00e9s a diszlok\u00e1ci\u00f3s s\u0171r\u0171s\u00e9get, \u00edgy alkalmasabb\u00e1 teszi a nagy \u00e1tm\u00e9r\u0151j\u0171 \u00e9s vastag zaf\u00edrkrist\u00e1lyok el\u0151\u00e1ll\u00edt\u00e1s\u00e1ra.<\/p>\n<h2 data-start=\"1194\" data-end=\"1229\">Kyropoulos n\u00f6veked\u00e9si technol\u00f3gia<\/h2>\n<p data-start=\"1231\" data-end=\"1402\">A Kyropoulos-m\u00f3dszer lehet\u0151v\u00e9 teszi a zaf\u00edrkrist\u00e1lyok lass\u00fa n\u00f6veked\u00e9s\u00e9t az olvad\u00e9kban, minim\u00e1lis mechanikai h\u00faz\u00e1ssal. A krist\u00e1lyt nagyr\u00e9szt a felhajt\u00f3er\u0151 tartja, ami lehet\u0151v\u00e9 teszi:<\/p>\n<ul data-start=\"1404\" data-end=\"1504\">\n<li data-start=\"1404\" data-end=\"1431\">\n<p data-start=\"1406\" data-end=\"1431\">Alacsonyabb h\u0151gradiensek<\/p>\n<\/li>\n<li data-start=\"1432\" data-end=\"1461\">\n<p data-start=\"1434\" data-end=\"1461\">Cs\u00f6kkentett mechanikai ig\u00e9nybev\u00e9tel<\/p>\n<\/li>\n<li data-start=\"1462\" data-end=\"1504\">\n<p data-start=\"1464\" data-end=\"1504\">Jav\u00edtott krist\u00e1lyszerkezeti egys\u00e9gess\u00e9g<\/p>\n<\/li>\n<\/ul>\n<p data-start=\"1506\" data-end=\"1646\">Ez a n\u00f6veked\u00e9si m\u00f3dszer k\u00fcl\u00f6n\u00f6sen hat\u00e9kony nagym\u00e9ret\u0171, vastag zaf\u00edr b\u00f3lusok el\u0151\u00e1ll\u00edt\u00e1s\u00e1ra, stabil optikai \u00e9s mechanikai tulajdons\u00e1gokkal.<\/p>\n<h2 data-start=\"1653\" data-end=\"1685\">Krist\u00e1lyn\u00f6veked\u00e9si k\u00e9pess\u00e9g<\/h2>\n<ul data-start=\"1687\" data-end=\"1836\">\n<li data-start=\"1687\" data-end=\"1724\">\n<p data-start=\"1689\" data-end=\"1724\">Krist\u00e1ly s\u00falytartom\u00e1ny: 80-400 kg<\/p>\n<\/li>\n<li data-start=\"1725\" data-end=\"1758\">\n<p data-start=\"1727\" data-end=\"1758\">Krist\u00e1ly \u00e1tm\u00e9r\u0151: 10-500 mm<\/p>\n<\/li>\n<li data-start=\"1759\" data-end=\"1793\">\n<p data-start=\"1761\" data-end=\"1793\">Krist\u00e1ly vastags\u00e1ga: 50-300 mm<\/p>\n<\/li>\n<li data-start=\"1794\" data-end=\"1836\">\n<p data-start=\"1796\" data-end=\"1836\">N\u00f6veked\u00e9si \u00fctem: (\u00e1ll\u00edthat\u00f3)<\/p>\n<\/li>\n<\/ul>\n<p data-start=\"1838\" data-end=\"1968\">A kemence konfigur\u00e1ci\u00f3ja testre szabhat\u00f3, hogy megfeleljen az adott krist\u00e1lym\u00e9ret-c\u00e9loknak \u00e9s a k\u00e9s\u0151bbi osty\u00e1k vagy alkatr\u00e9szek k\u00f6vetelm\u00e9nyeinek.<\/p>\n<h2 data-start=\"1975\" data-end=\"2006\">Legfontosabb m\u0171szaki el\u0151ny\u00f6k<\/h2>\n<h3 data-start=\"2008\" data-end=\"2044\">Stabil h\u0151mez\u0151-szab\u00e1lyoz\u00e1s<\/h3>\n<p data-start=\"2045\" data-end=\"2272\"><img decoding=\"async\" class=\"size-medium wp-image-1756 alignleft\" src=\"https:\/\/www.zmsh-semitech.com\/wp-content\/uploads\/2026\/01\/pl203679971-sapphire_crystal_growth_furnace_80_400kg_by_the_kyropoulos_method_ky4-300x300.jpg\" alt=\"\" width=\"300\" height=\"300\" srcset=\"https:\/\/www.zmsh-semitech.com\/wp-content\/uploads\/2026\/01\/pl203679971-sapphire_crystal_growth_furnace_80_400kg_by_the_kyropoulos_method_ky4-300x300.jpg 300w, https:\/\/www.zmsh-semitech.com\/wp-content\/uploads\/2026\/01\/pl203679971-sapphire_crystal_growth_furnace_80_400kg_by_the_kyropoulos_method_ky4-150x150.jpg 150w, https:\/\/www.zmsh-semitech.com\/wp-content\/uploads\/2026\/01\/pl203679971-sapphire_crystal_growth_furnace_80_400kg_by_the_kyropoulos_method_ky4-100x100.jpg 100w, https:\/\/www.zmsh-semitech.com\/wp-content\/uploads\/2026\/01\/pl203679971-sapphire_crystal_growth_furnace_80_400kg_by_the_kyropoulos_method_ky4.jpg 540w\" sizes=\"(max-width: 300px) 100vw, 300px\" \/>A kemence kiegyens\u00falyozott h\u0151mez\u0151 kialak\u00edt\u00e1s\u00fa, nagy pontoss\u00e1g\u00fa h\u0151m\u00e9rs\u00e9klet-szab\u00e1lyoz\u00e1ssal. A n\u00f6veked\u00e9si z\u00f3n\u00e1n bel\u00fcli h\u0151m\u00e9rs\u00e9klet-stabilit\u00e1s seg\u00edt elnyomni a termikus fesz\u00fclts\u00e9get, minimaliz\u00e1lja a reped\u00e9s kock\u00e1zat\u00e1t \u00e9s jav\u00edtja a krist\u00e1lyhozamot.<\/p>\n<h3 data-start=\"2274\" data-end=\"2312\">Nagy tisztas\u00e1g\u00fa n\u00f6veked\u00e9si k\u00f6rnyezet<\/h3>\n<p data-start=\"2313\" data-end=\"2505\">Az ultramagas v\u00e1kuumban (\u22641\u00d710-\u2076 Pa) \u00e9s ellen\u0151rz\u00f6tt argon\/hidrog\u00e9ng\u00e1z atmoszf\u00e9r\u00e1ban t\u00f6rt\u00e9n\u0151 m\u0171k\u00f6d\u00e9s alacsony szennyezetts\u00e9gi szintet \u00e9s stabil olvad\u00e9kk\u00f6r\u00fclm\u00e9nyeket biztos\u00edt a hossz\u00fa n\u00f6veked\u00e9si ciklusok sor\u00e1n.<\/p>\n<h3 data-start=\"2507\" data-end=\"2549\">\u00c9rint\u00e9smentes krist\u00e1lyn\u00f6veszt\u00e9si folyamat<\/h3>\n<p data-start=\"2550\" data-end=\"2700\">A KY m\u00f3dszer minimaliz\u00e1lja a mechanikai k\u00f6lcs\u00f6nhat\u00e1st a magkrist\u00e1ly \u00e9s a h\u00faz\u00f3rendszer k\u00f6z\u00f6tt, cs\u00f6kkentve a szennyez\u0151d\u00e9s \u00e9s a szerkezeti hib\u00e1k kock\u00e1zat\u00e1t.<\/p>\n<h3 data-start=\"2702\" data-end=\"2736\">Sk\u00e1l\u00e1zhat\u00f3 ipari formatervez\u00e9s<\/h3>\n<p data-start=\"2737\" data-end=\"2900\">A rendszer t\u00e1mogatja mind a k\u00f6zepes, mind a nagym\u00e9ret\u0171 zaf\u00edrkrist\u00e1lyok n\u00f6veszt\u00e9s\u00e9t, \u00e9s a modul\u00e1ris kemencekonfigur\u00e1ci\u00f3 r\u00e9v\u00e9n k\u00fcl\u00f6nb\u00f6z\u0151 krist\u00e1lym\u00e9retekhez igaz\u00edthat\u00f3.<\/p>\n<h2 data-start=\"2907\" data-end=\"2934\">Tipikus alkalmaz\u00e1sok<\/h2>\n<ul data-start=\"2936\" data-end=\"3162\">\n<li data-start=\"2936\" data-end=\"2988\">\n<p data-start=\"2938\" data-end=\"2988\">Zaf\u00edr szubsztr\u00e1tumok f\u00e9lvezet\u0151-feldolgoz\u00e1shoz<\/p>\n<\/li>\n<li data-start=\"2989\" data-end=\"3029\">\n<p data-start=\"2991\" data-end=\"3029\">Optikai ablakok \u00e9s l\u00e9zerkomponensek<\/p>\n<\/li>\n<li data-start=\"3030\" data-end=\"3066\">\n<p data-start=\"3032\" data-end=\"3066\">LED \u00e9s optoelektronikai anyagok<\/p>\n<\/li>\n<li data-start=\"3067\" data-end=\"3116\">\n<p data-start=\"3069\" data-end=\"3116\">Infrav\u00f6r\u00f6s \u00e9s magas h\u0151m\u00e9rs\u00e9klet\u0171 optikai rendszerek<\/p>\n<\/li>\n<li data-start=\"3117\" data-end=\"3162\">\n<p data-start=\"3119\" data-end=\"3162\">V\u00e9d\u0151ablakok zord k\u00f6rnyezethez<\/p>\n<\/li>\n<\/ul>\n<h2 data-start=\"3169\" data-end=\"3200\">M\u0171szaki specifik\u00e1ci\u00f3k<\/h2>\n<h3 data-start=\"3202\" data-end=\"3236\">\u00c1ltal\u00e1nos kemence param\u00e9terek<\/h3>\n<div class=\"TyagGW_tableContainer\">\n<div class=\"group TyagGW_tableWrapper flex flex-col-reverse w-fit\" tabindex=\"-1\">\n<table class=\"w-fit min-w-(--thread-content-width)\" data-start=\"3238\" data-end=\"3788\">\n<thead data-start=\"3238\" data-end=\"3262\">\n<tr data-start=\"3238\" data-end=\"3262\">\n<th data-start=\"3238\" data-end=\"3245\" data-col-size=\"sm\">T\u00e9tel<\/th>\n<th data-start=\"3245\" data-end=\"3262\" data-col-size=\"sm\">Specifik\u00e1ci\u00f3<\/th>\n<\/tr>\n<\/thead>\n<tbody data-start=\"3288\" data-end=\"3788\">\n<tr data-start=\"3288\" data-end=\"3323\">\n<td data-start=\"3288\" data-end=\"3304\" data-col-size=\"sm\">N\u00f6veked\u00e9si m\u00f3dszer<\/td>\n<td data-start=\"3304\" data-end=\"3323\" data-col-size=\"sm\">Kyropoulos (KY)<\/td>\n<\/tr>\n<tr data-start=\"3324\" data-end=\"3360\">\n<td data-start=\"3324\" data-end=\"3347\" data-col-size=\"sm\">Krist\u00e1ly s\u00falytartom\u00e1ny<\/td>\n<td data-start=\"3347\" data-end=\"3360\" data-col-size=\"sm\">80-400 kg<\/td>\n<\/tr>\n<tr data-start=\"3361\" data-end=\"3399\">\n<td data-start=\"3361\" data-end=\"3386\" data-col-size=\"sm\">Krist\u00e1ly \u00e1tm\u00e9r\u0151 tartom\u00e1ny<\/td>\n<td data-start=\"3386\" data-end=\"3399\" data-col-size=\"sm\">10-500 mm<\/td>\n<\/tr>\n<tr data-start=\"3400\" data-end=\"3439\">\n<td data-start=\"3400\" data-end=\"3426\" data-col-size=\"sm\">Krist\u00e1lyvastags\u00e1g tartom\u00e1ny<\/td>\n<td data-start=\"3426\" data-end=\"3439\" data-col-size=\"sm\">50-300 mm<\/td>\n<\/tr>\n<tr data-start=\"3440\" data-end=\"3468\">\n<td data-start=\"3440\" data-end=\"3454\" data-col-size=\"sm\">N\u00f6veked\u00e9si r\u00e1ta<\/td>\n<td data-start=\"3454\" data-end=\"3468\" data-col-size=\"sm\">0,1-5 mm\/h<\/td>\n<\/tr>\n<tr data-start=\"3469\" data-end=\"3512\">\n<td data-start=\"3469\" data-end=\"3497\" data-col-size=\"sm\">F\u0171t\u00e9si h\u0151m\u00e9rs\u00e9klet-tartom\u00e1ny<\/td>\n<td data-start=\"3497\" data-end=\"3512\" data-col-size=\"sm\">2000-2200\u00b0C<\/td>\n<\/tr>\n<tr data-start=\"3513\" data-end=\"3569\">\n<td data-start=\"3513\" data-end=\"3530\" data-col-size=\"sm\">F\u0171t\u00e9si rendszer<\/td>\n<td data-start=\"3530\" data-end=\"3569\" data-col-size=\"sm\">Magas h\u0151m\u00e9rs\u00e9klet\u0171 ellen\u00e1ll\u00e1sf\u0171t\u00e9s<\/td>\n<\/tr>\n<tr data-start=\"3570\" data-end=\"3605\">\n<td data-start=\"3570\" data-end=\"3586\" data-col-size=\"sm\">T\u00e9gely t\u00edpusa<\/td>\n<td data-start=\"3586\" data-end=\"3605\" data-col-size=\"sm\">Kvarc t\u00e9gely<\/td>\n<\/tr>\n<tr data-start=\"3606\" data-end=\"3651\">\n<td data-start=\"3606\" data-end=\"3623\" data-col-size=\"sm\">G\u00e1z l\u00e9gk\u00f6r<\/td>\n<td data-start=\"3623\" data-end=\"3651\" data-col-size=\"sm\">Argon \/ hidrog\u00e9n kever\u00e9k<\/td>\n<\/tr>\n<tr data-start=\"3652\" data-end=\"3683\">\n<td data-start=\"3652\" data-end=\"3667\" data-col-size=\"sm\">V\u00e1kuumszint<\/td>\n<td data-start=\"3667\" data-end=\"3683\" data-col-size=\"sm\">\u22641 \u00d7 10-\u2076 Pa<\/td>\n<\/tr>\n<tr data-start=\"3684\" data-end=\"3737\">\n<td data-start=\"3684\" data-end=\"3705\" data-col-size=\"sm\">Kemencem\u00e9retek<\/td>\n<td data-start=\"3705\" data-end=\"3737\" data-col-size=\"sm\">Kb. 1200 \u00d7 800 \u00d7 1500 mm<\/td>\n<\/tr>\n<tr data-start=\"3738\" data-end=\"3788\">\n<td data-start=\"3738\" data-end=\"3753\" data-col-size=\"sm\">T\u00e1pegys\u00e9g<\/td>\n<td data-start=\"3753\" data-end=\"3788\" data-col-size=\"sm\">Ipari nagy teljes\u00edtm\u00e9ny\u0171 AC rendszer<\/td>\n<\/tr>\n<\/tbody>\n<\/table>\n<\/div>\n<\/div>\n<h2 data-start=\"3795\" data-end=\"3842\">Krist\u00e1lymin\u0151s\u00e9g \u00e9s anyagteljes\u00edtm\u00e9ny<\/h2>\n<p data-start=\"3844\" data-end=\"3906\">A ZMSH KY kemenc\u00e9vel n\u00f6vesztett zaf\u00edrkrist\u00e1lyok a k\u00f6vetkez\u0151 tulajdons\u00e1gokat mutatj\u00e1k:<\/p>\n<ul data-start=\"3908\" data-end=\"4080\">\n<li data-start=\"3908\" data-end=\"3966\">\n<p data-start=\"3910\" data-end=\"3966\">Nagy optikai \u00e1tl\u00e1that\u00f3s\u00e1g sz\u00e9les spektrumtartom\u00e1nyban<\/p>\n<\/li>\n<li data-start=\"3967\" data-end=\"4024\">\n<p data-start=\"3969\" data-end=\"4024\">Alacsony diszlok\u00e1ci\u00f3s s\u0171r\u0171s\u00e9g \u00e9s egyenletes krist\u00e1lyszerkezet<\/p>\n<\/li>\n<li data-start=\"4025\" data-end=\"4080\">\n<p data-start=\"4027\" data-end=\"4080\">Kiv\u00e1l\u00f3 h\u0151stabilit\u00e1s \u00e9s mechanikai szil\u00e1rds\u00e1g<\/p>\n<\/li>\n<\/ul>\n<p data-start=\"4082\" data-end=\"4215\">Ezek a tulajdons\u00e1gok alkalmass\u00e1 teszik a krist\u00e1lyokat nagy teljes\u00edtm\u00e9ny\u0171, hossz\u00fa t\u00e1v\u00fa megb\u00edzhat\u00f3s\u00e1got ig\u00e9nyl\u0151 optikai \u00e9s elektronikus alkalmaz\u00e1sokhoz.<\/p>\n<h2 data-start=\"4222\" data-end=\"4251\">Ipari megb\u00edzhat\u00f3s\u00e1g<\/h2>\n<p data-start=\"4253\" data-end=\"4502\">A kemenc\u00e9t hossz\u00fa ideig tart\u00f3 n\u00f6veked\u00e9si ciklusokra \u00e9s folyamatos ipari \u00fczemre tervezt\u00e9k. A robusztus mechanikai szerkezet, a stabil vez\u00e9rl\u0151rendszerek, valamint a megb\u00edzhat\u00f3 v\u00e1kuum- \u00e9s g\u00e1zkezel\u00e9s biztos\u00edtja az egyenletes teljes\u00edtm\u00e9nyt t\u00f6bb gy\u00e1rt\u00e1si folyamat sor\u00e1n.<\/p>\n<h2 data-start=\"4509\" data-end=\"4541\">ZMSH m\u00e9rn\u00f6ki szolg\u00e1ltat\u00e1sok<\/h2>\n<p data-start=\"4543\" data-end=\"4600\">A ZMSH \u00e1tfog\u00f3 technikai t\u00e1mogat\u00e1st ny\u00fajt, bele\u00e9rtve:<\/p>\n<ul data-start=\"4602\" data-end=\"4820\">\n<li data-start=\"4602\" data-end=\"4684\">\n<p data-start=\"4604\" data-end=\"4684\">Testreszabott kemence konfigur\u00e1ci\u00f3 a krist\u00e1lym\u00e9ret \u00e9s a termel\u00e9si kapacit\u00e1s alapj\u00e1n<\/p>\n<\/li>\n<li data-start=\"4685\" data-end=\"4727\">\n<p data-start=\"4687\" data-end=\"4727\">Helysz\u00edni telep\u00edt\u00e9s \u00e9s \u00fczembe helyez\u00e9s<\/p>\n<\/li>\n<li data-start=\"4728\" data-end=\"4770\">\n<p data-start=\"4730\" data-end=\"4770\">\u00dczemeltet\u0151i k\u00e9pz\u00e9s \u00e9s folyamatir\u00e1ny\u00edt\u00e1s<\/p>\n<\/li>\n<li data-start=\"4771\" data-end=\"4820\">\n<p data-start=\"4773\" data-end=\"4820\">Hossz\u00fa t\u00e1v\u00fa karbantart\u00e1s \u00e9s \u00e9rt\u00e9kes\u00edt\u00e9s ut\u00e1ni szolg\u00e1ltat\u00e1s<\/p>\n<\/li>\n<\/ul>\n<p data-start=\"4822\" data-end=\"4963\">M\u00e9rn\u00f6ki csapatunk szorosan egy\u00fcttm\u0171k\u00f6dik az \u00fcgyfelekkel a zaf\u00edrn\u00f6veszt\u0151 folyamatok optimaliz\u00e1l\u00e1sa \u00e9s a stabil, megism\u00e9telhet\u0151 gy\u00e1rt\u00e1si teljes\u00edtm\u00e9ny biztos\u00edt\u00e1sa \u00e9rdek\u00e9ben.<\/p>\n<h2 data-start=\"4970\" data-end=\"4980\">GYIK<img decoding=\"async\" class=\"size-medium wp-image-1755 alignright\" src=\"https:\/\/www.zmsh-semitech.com\/wp-content\/uploads\/2026\/01\/pl203679970-sapphire_crystal_growth_furnace_80_400kg_by_the_kyropoulos_method_ky-300x300.jpg\" alt=\"\" width=\"300\" height=\"300\" srcset=\"https:\/\/www.zmsh-semitech.com\/wp-content\/uploads\/2026\/01\/pl203679970-sapphire_crystal_growth_furnace_80_400kg_by_the_kyropoulos_method_ky-300x300.jpg 300w, https:\/\/www.zmsh-semitech.com\/wp-content\/uploads\/2026\/01\/pl203679970-sapphire_crystal_growth_furnace_80_400kg_by_the_kyropoulos_method_ky-150x150.jpg 150w, https:\/\/www.zmsh-semitech.com\/wp-content\/uploads\/2026\/01\/pl203679970-sapphire_crystal_growth_furnace_80_400kg_by_the_kyropoulos_method_ky-100x100.jpg 100w, https:\/\/www.zmsh-semitech.com\/wp-content\/uploads\/2026\/01\/pl203679970-sapphire_crystal_growth_furnace_80_400kg_by_the_kyropoulos_method_ky.jpg 540w\" sizes=\"(max-width: 300px) 100vw, 300px\" \/><\/h2>\n<p data-start=\"4982\" data-end=\"5259\">1. k\u00e9rd\u00e9s: Milyen el\u0151ny\u00f6ket k\u00edn\u00e1l a KY m\u00f3dszer a CZ m\u00f3dszerrel szemben?<br data-start=\"5059\" data-end=\"5062\" \/>V: A KY m\u00f3dszer alacsonyabb h\u0151fesz\u00fclts\u00e9get \u00e9s kisebb diszlok\u00e1ci\u00f3s s\u0171r\u0171s\u00e9get eredm\u00e9nyez, \u00edgy a hagyom\u00e1nyos CZ elj\u00e1r\u00e1sokhoz k\u00e9pest alkalmasabb a nagy \u00e1tm\u00e9r\u0151j\u0171 \u00e9s vastag zaf\u00edrkrist\u00e1lyok n\u00f6veszt\u00e9s\u00e9re.<\/p>\n<p data-start=\"5266\" data-end=\"5487\">2. k\u00e9rd\u00e9s: Milyen krist\u00e1lym\u00e9retek \u00e1ll\u00edthat\u00f3k el\u0151 ezzel a kemenc\u00e9vel?<br data-start=\"5327\" data-end=\"5330\" \/>V: A rendszer t\u00e1mogatja a zaf\u00edrkrist\u00e1lyok n\u00f6veszt\u00e9s\u00e9t 80 kg-t\u00f3l 400 kg-ig, 500 mm \u00e1tm\u00e9r\u0151ig \u00e9s 300 mm vastags\u00e1gig, a konfigur\u00e1ci\u00f3t\u00f3l f\u00fcgg\u0151en.<\/p>\n<p data-start=\"5494\" data-end=\"5746\">3. k\u00e9rd\u00e9s: Alkalmas-e a kemence ipari m\u00e9ret\u0171 zaf\u00edrgy\u00e1rt\u00e1sra?<br data-start=\"5567\" data-end=\"5570\" \/>V: Igen. A kemenc\u00e9t ipari \u00fczemre tervezt\u00e9k, stabil h\u0151szab\u00e1lyoz\u00e1ssal, megb\u00edzhat\u00f3 v\u00e1kuum- \u00e9s g\u00e1zrendszerrel, valamint hossz\u00fa n\u00f6veked\u00e9si ciklusok sor\u00e1n egyenletes krist\u00e1lymin\u0151s\u00e9ggel.<\/p>","protected":false},"excerpt":{"rendered":"<p>Zaf\u00edrkrist\u00e1ly-n\u00f6veszt\u0151 kemence, amelyet nagy \u00e1tm\u00e9r\u0151j\u0171 csokrok el\u0151\u00e1ll\u00edt\u00e1s\u00e1ra terveztek, stabil h\u0151szab\u00e1lyoz\u00e1ssal optikai \u00e9s LED min\u0151s\u00e9g\u0171 zaf\u00edrkrist\u00e1lyok sz\u00e1m\u00e1ra.<\/p>","protected":false},"featured_media":1754,"comment_status":"open","ping_status":"closed","template":"","meta":{"site-sidebar-layout":"default","site-content-layout":"","ast-site-content-layout":"default","site-content-style":"default","site-sidebar-style":"default","ast-global-header-display":"","ast-banner-title-visibility":"","ast-main-header-display":"","ast-hfb-above-header-display":"","ast-hfb-below-header-display":"","ast-hfb-mobile-header-display":"","site-post-title":"","ast-breadcrumbs-content":"","ast-featured-img":"","footer-sml-layout":"","ast-disable-related-posts":"","theme-transparent-header-meta":"default","adv-header-id-meta":"","stick-header-meta":"default","header-above-stick-meta":"","header-main-stick-meta":"","header-below-stick-meta":"","astra-migrate-meta-layouts":"set","ast-page-background-enabled":"default","ast-page-background-meta":{"desktop":{"background-color":"var(--ast-global-color-4)","background-image":"","background-repeat":"repeat","background-position":"center center","background-size":"auto","background-attachment":"scroll","background-type":"","background-media":"","overlay-type":"","overlay-color":"","overlay-opacity":"","overlay-gradient":""},"tablet":{"background-color":"","background-image":"","background-repeat":"repeat","background-position":"center center","background-size":"auto","background-attachment":"scroll","background-type":"","background-media":"","overlay-type":"","overlay-color":"","overlay-opacity":"","overlay-gradient":""},"mobile":{"background-color":"","background-image":"","background-repeat":"repeat","background-position":"center center","background-size":"auto","background-attachment":"scroll","background-type":"","background-media":"","overlay-type":"","overlay-color":"","overlay-opacity":"","overlay-gradient":""}},"ast-content-background-meta":{"desktop":{"background-color":"var(--ast-global-color-5)","background-image":"","background-repeat":"repeat","background-position":"center center","background-size":"auto","background-attachment":"scroll","background-type":"","background-media":"","overlay-type":"","overlay-color":"","overlay-opacity":"","overlay-gradient":""},"tablet":{"background-color":"var(--ast-global-color-5)","background-image":"","background-repeat":"repeat","background-position":"center center","background-size":"auto","background-attachment":"scroll","background-type":"","background-media":"","overlay-type":"","overlay-color":"","overlay-opacity":"","overlay-gradient":""},"mobile":{"background-color":"var(--ast-global-color-5)","background-image":"","background-repeat":"repeat","background-position":"center center","background-size":"auto","background-attachment":"scroll","background-type":"","background-media":"","overlay-type":"","overlay-color":"","overlay-opacity":"","overlay-gradient":""}}},"product_brand":[],"product_cat":[15],"product_tag":[149,150,152,154,153,151],"class_list":{"0":"post-1753","1":"product","2":"type-product","3":"status-publish","4":"has-post-thumbnail","6":"product_cat-crystal-growth-furnace","7":"product_tag-ky-sapphire-growth-furnace","8":"product_tag-kyropoulos-sapphire-furnace","9":"product_tag-large-diameter-sapphire-crystal-furnace","10":"product_tag-optical-grade-sapphire-growth","11":"product_tag-sapphire-boule-growth-furnace","12":"product_tag-sapphire-crystal-growth-equipment","13":"desktop-align-left","14":"tablet-align-left","15":"mobile-align-left","16":"ast-product-gallery-layout-horizontal-slider","17":"ast-product-tabs-layout-horizontal","19":"first","20":"instock","21":"shipping-taxable","22":"product-type-simple"},"_links":{"self":[{"href":"https:\/\/www.zmsh-semitech.com\/hu\/wp-json\/wp\/v2\/product\/1753","targetHints":{"allow":["GET"]}}],"collection":[{"href":"https:\/\/www.zmsh-semitech.com\/hu\/wp-json\/wp\/v2\/product"}],"about":[{"href":"https:\/\/www.zmsh-semitech.com\/hu\/wp-json\/wp\/v2\/types\/product"}],"replies":[{"embeddable":true,"href":"https:\/\/www.zmsh-semitech.com\/hu\/wp-json\/wp\/v2\/comments?post=1753"}],"version-history":[{"count":2,"href":"https:\/\/www.zmsh-semitech.com\/hu\/wp-json\/wp\/v2\/product\/1753\/revisions"}],"predecessor-version":[{"id":1759,"href":"https:\/\/www.zmsh-semitech.com\/hu\/wp-json\/wp\/v2\/product\/1753\/revisions\/1759"}],"wp:featuredmedia":[{"embeddable":true,"href":"https:\/\/www.zmsh-semitech.com\/hu\/wp-json\/wp\/v2\/media\/1754"}],"wp:attachment":[{"href":"https:\/\/www.zmsh-semitech.com\/hu\/wp-json\/wp\/v2\/media?parent=1753"}],"wp:term":[{"taxonomy":"product_brand","embeddable":true,"href":"https:\/\/www.zmsh-semitech.com\/hu\/wp-json\/wp\/v2\/product_brand?post=1753"},{"taxonomy":"product_cat","embeddable":true,"href":"https:\/\/www.zmsh-semitech.com\/hu\/wp-json\/wp\/v2\/product_cat?post=1753"},{"taxonomy":"product_tag","embeddable":true,"href":"https:\/\/www.zmsh-semitech.com\/hu\/wp-json\/wp\/v2\/product_tag?post=1753"}],"curies":[{"name":"wp","href":"https:\/\/api.w.org\/{rel}","templated":true}]}}