{"id":1737,"date":"2026-01-23T01:45:47","date_gmt":"2026-01-23T01:45:47","guid":{"rendered":"https:\/\/www.zmsh-semitech.com\/?post_type=product&#038;p=1737"},"modified":"2026-01-23T01:47:36","modified_gmt":"2026-01-23T01:47:36","slug":"sic-single-crystal-resistance-heating-growth-furnace-for-6-inch-8-inch-and-12-inch-wafer-production-pvt-method","status":"publish","type":"product","link":"https:\/\/www.zmsh-semitech.com\/hu\/product\/sic-single-crystal-resistance-heating-growth-furnace-for-6-inch-8-inch-and-12-inch-wafer-production-pvt-method\/","title":{"rendered":"SiC egykrist\u00e1lyos ellen\u00e1ll\u00e1sf\u0171t\u00e9ses n\u00f6veszt\u0151 kemence 6 h\u00fcvelykes, 8 h\u00fcvelykes \u00e9s 12 h\u00fcvelykes ostyagy\u00e1rt\u00e1shoz (PVT m\u00f3dszer)"},"content":{"rendered":"<h2 data-start=\"477\" data-end=\"500\">Term\u00e9k \u00e1ttekint\u00e9s<\/h2>\n<p>&nbsp;<\/p>\n<p data-start=\"502\" data-end=\"769\">A ZMSH SiC egykrist\u00e1lyos ellen\u00e1ll\u00e1sf\u0171t\u00e9ses n\u00f6veszt\u0151 kemence egy magas h\u0151m\u00e9rs\u00e9klet\u0171 krist\u00e1lyn\u00f6veszt\u0151 rendszer, amelyet kifejezetten nagy \u00e1tm\u00e9r\u0151j\u0171 szil\u00edciumkarbid egykrist\u00e1lyok gy\u00e1rt\u00e1s\u00e1ra terveztek, \u00e9s amely t\u00e1mogatja a 6, 8 \u00e9s 12 h\u00fcvelykes SiC osty\u00e1k gy\u00e1rt\u00e1s\u00e1t.<\/p>\n<p><img fetchpriority=\"high\" decoding=\"async\" class=\"size-medium wp-image-1741 alignright\" src=\"https:\/\/www.zmsh-semitech.com\/wp-content\/uploads\/2026\/01\/pl204262693-sic_single_crystal_resistance_heating_crystal_growth_furnace_for_6inch_8inch_12inch_sic_wafers_manufacture-300x199.webp\" alt=\"\" width=\"300\" height=\"199\" srcset=\"https:\/\/www.zmsh-semitech.com\/wp-content\/uploads\/2026\/01\/pl204262693-sic_single_crystal_resistance_heating_crystal_growth_furnace_for_6inch_8inch_12inch_sic_wafers_manufacture-300x199.webp 300w, https:\/\/www.zmsh-semitech.com\/wp-content\/uploads\/2026\/01\/pl204262693-sic_single_crystal_resistance_heating_crystal_growth_furnace_for_6inch_8inch_12inch_sic_wafers_manufacture.webp 590w\" sizes=\"(max-width: 300px) 100vw, 300px\" \/><\/p>\n<p data-start=\"502\" data-end=\"769\">uring.<\/p>\n<p data-start=\"771\" data-end=\"1198\">A kemenc\u00e9t a fizikai g\u0151ztranszport (PVT) krist\u00e1lyn\u00f6veszt\u00e9s elve alapj\u00e1n tervezt\u00e9k, amely integr\u00e1lja a pontos ellen\u00e1ll\u00e1sf\u0171t\u00e9s-szab\u00e1lyoz\u00e1st, a stabil h\u0151mez\u0151-eloszl\u00e1st, a nagyv\u00e1kuum\u00fa k\u00f6rnyezet kezel\u00e9s\u00e9t \u00e9s a pontos nyom\u00e1sszab\u00e1lyoz\u00e1st.<br data-start=\"1021\" data-end=\"1024\" \/>Ez a konfigur\u00e1ci\u00f3 lehet\u0151v\u00e9 teszi a nagy tisztas\u00e1g\u00fa, alacsony hibas\u0171r\u0171s\u00e9g\u0171 SiC egykrist\u00e1lyok n\u00f6veszt\u00e9s\u00e9t, amelyek alkalmasak a fejlett teljes\u00edtm\u00e9ny-f\u00e9lvezet\u0151 \u00e9s elektronikus eszk\u00f6z alkalmaz\u00e1sokhoz.<\/p>\n<p data-start=\"1200\" data-end=\"1400\">A rendszert \u00fagy fejlesztett\u00e9k ki, hogy megfeleljen az ipari termel\u00e9s k\u00f6vetelm\u00e9nyeinek, biztos\u00edtva a folyamat stabilit\u00e1s\u00e1t, megism\u00e9telhet\u0151s\u00e9g\u00e9t \u00e9s hossz\u00fa t\u00e1v\u00fa m\u0171k\u00f6d\u00e9si megb\u00edzhat\u00f3s\u00e1g\u00e1t a nagyszab\u00e1s\u00fa SiC-krist\u00e1lyok n\u00f6veked\u00e9si k\u00f6rnyezet\u00e9ben.<\/p>\n<p data-start=\"1200\" data-end=\"1400\">\n<h2 data-start=\"1407\" data-end=\"1441\">Alapvet\u0151 m\u0171szaki k\u00e9pess\u00e9gek<\/h2>\n<p>&nbsp;<\/p>\n<h3 data-start=\"1443\" data-end=\"1491\">Nagy stabilit\u00e1s\u00fa ellen\u00e1ll\u00e1sf\u0171t\u00e9si rendszer<\/h3>\n<p data-start=\"1492\" data-end=\"1742\">A kemence t\u00f6bbz\u00f3n\u00e1s ellen\u00e1ll\u00e1sf\u0171t\u00e9si szerkezetet alkalmaz az egyenletes axi\u00e1lis \u00e9s radi\u00e1lis h\u0151m\u00e9rs\u00e9kleteloszl\u00e1s el\u00e9r\u00e9se \u00e9rdek\u00e9ben. Ez minimaliz\u00e1lja a h\u0151gradienseket, cs\u00f6kkenti a bels\u0151 fesz\u00fclts\u00e9get, \u00e9s jav\u00edtja a krist\u00e1lyszerkezet integrit\u00e1s\u00e1t a n\u00f6veked\u00e9si folyamat sor\u00e1n.<\/p>\n<h3 data-start=\"1744\" data-end=\"1790\">Prec\u00edzi\u00f3s h\u0151- \u00e9s nyom\u00e1sszab\u00e1lyoz\u00e1s<\/h3>\n<ul data-start=\"1791\" data-end=\"1929\">\n<li data-start=\"1791\" data-end=\"1839\">\n<p data-start=\"1793\" data-end=\"1839\">Maxim\u00e1lis \u00fczemi h\u0151m\u00e9rs\u00e9klet 2500\u00b0C-ig<\/p>\n<\/li>\n<li data-start=\"1840\" data-end=\"1880\">\n<p data-start=\"1842\" data-end=\"1880\">H\u0151m\u00e9rs\u00e9klet-szab\u00e1lyoz\u00e1si pontoss\u00e1g: \u00b11\u00b0C<\/p>\n<\/li>\n<li data-start=\"1881\" data-end=\"1929\">\n<p data-start=\"1883\" data-end=\"1929\">Sz\u00e9les nyom\u00e1sszab\u00e1lyoz\u00e1si tartom\u00e1ny: mbar<\/p>\n<\/li>\n<\/ul>\n<p data-start=\"1931\" data-end=\"2090\">Ezek a param\u00e9terek stabil termodinamikai k\u00f6rnyezetet biztos\u00edtanak, amely elengedhetetlen a SiC n\u00f6veked\u00e9se sor\u00e1n a szab\u00e1lyozott szublim\u00e1ci\u00f3hoz, a g\u0151ztranszporthoz \u00e9s a krist\u00e1lyok \u00e1tkrist\u00e1lyosod\u00e1s\u00e1hoz.<\/p>\n<h3 data-start=\"2092\" data-end=\"2138\">Nagy \u00e1tm\u00e9r\u0151j\u0171 krist\u00e1lyn\u00f6veszt\u00e9si kapacit\u00e1s<\/h3>\n<p data-start=\"2139\" data-end=\"2348\">A 900 mm-es t\u00e9gely\u00e1tm\u00e9r\u0151vel a rendszer t\u00e1mogatja a k\u00f6vetkez\u0151 gener\u00e1ci\u00f3s 8 \u00e9s 12 h\u00fcvelykes SiC-ingotok n\u00f6veked\u00e9s\u00e9t, lehet\u0151v\u00e9 t\u00e9ve a gy\u00e1rt\u00f3k sz\u00e1m\u00e1ra a termel\u00e9s sk\u00e1l\u00e1z\u00e1s\u00e1t, mik\u00f6zben jav\u00edtja a hozamot \u00e9s a szeletek konzisztenci\u00e1j\u00e1t.<\/p>\n<h3 data-start=\"2350\" data-end=\"2388\">Nagy v\u00e1kuum\u00fa n\u00f6veked\u00e9si k\u00f6rnyezet<\/h3>\n<p data-start=\"2389\" data-end=\"2551\">A kemence alacsony sziv\u00e1rg\u00e1s\u00fa, nagy v\u00e1kuum\u00fa n\u00f6veked\u00e9si kamr\u00e1t tart fenn, amely biztos\u00edtja a szennyez\u00e9s kock\u00e1zat\u00e1nak cs\u00f6kkent\u00e9s\u00e9t, a krist\u00e1lyok tisztas\u00e1g\u00e1nak jav\u00edt\u00e1s\u00e1t \u00e9s a stabil, hossz\u00fa ideig tart\u00f3 m\u0171k\u00f6d\u00e9st.<\/p>\n<h2 data-start=\"2558\" data-end=\"2588\"><\/h2>\n<h2 data-start=\"2558\" data-end=\"2588\">Ipari alkalmaz\u00e1sok<img decoding=\"async\" class=\"size-medium wp-image-1739 alignright\" src=\"https:\/\/www.zmsh-semitech.com\/wp-content\/uploads\/2026\/01\/pl204262670-sic_single_crystal_resistance_heating_crystal_growth_furnace_for_6inch_8inch_12inch_sic_wafers_manufacture-300x300.webp\" alt=\"\" width=\"300\" height=\"300\" srcset=\"https:\/\/www.zmsh-semitech.com\/wp-content\/uploads\/2026\/01\/pl204262670-sic_single_crystal_resistance_heating_crystal_growth_furnace_for_6inch_8inch_12inch_sic_wafers_manufacture-300x300.webp 300w, https:\/\/www.zmsh-semitech.com\/wp-content\/uploads\/2026\/01\/pl204262670-sic_single_crystal_resistance_heating_crystal_growth_furnace_for_6inch_8inch_12inch_sic_wafers_manufacture-150x150.webp 150w, https:\/\/www.zmsh-semitech.com\/wp-content\/uploads\/2026\/01\/pl204262670-sic_single_crystal_resistance_heating_crystal_growth_furnace_for_6inch_8inch_12inch_sic_wafers_manufacture-600x600.webp 600w, https:\/\/www.zmsh-semitech.com\/wp-content\/uploads\/2026\/01\/pl204262670-sic_single_crystal_resistance_heating_crystal_growth_furnace_for_6inch_8inch_12inch_sic_wafers_manufacture-100x100.webp 100w, https:\/\/www.zmsh-semitech.com\/wp-content\/uploads\/2026\/01\/pl204262670-sic_single_crystal_resistance_heating_crystal_growth_furnace_for_6inch_8inch_12inch_sic_wafers_manufacture.webp 607w\" sizes=\"(max-width: 300px) 100vw, 300px\" \/><\/h2>\n<p>&nbsp;<\/p>\n<ul data-start=\"2590\" data-end=\"2828\">\n<li data-start=\"2590\" data-end=\"2624\">\n<p data-start=\"2592\" data-end=\"2624\">Teljes\u00edtm\u00e9ny f\u00e9lvezet\u0151 szubsztr\u00e1tumok<\/p>\n<\/li>\n<li data-start=\"2625\" data-end=\"2659\">\n<p data-start=\"2627\" data-end=\"2659\">Elektromos j\u00e1rm\u0171vek teljes\u00edtm\u00e9nymoduljai<\/p>\n<\/li>\n<li data-start=\"2660\" data-end=\"2701\">\n<p data-start=\"2662\" data-end=\"2701\">Nagyfesz\u00fclts\u00e9g\u0171 MOSFET \u00e9s di\u00f3d\u00e1s eszk\u00f6z\u00f6k<\/p>\n<\/li>\n<li data-start=\"2702\" data-end=\"2747\">\n<p data-start=\"2704\" data-end=\"2747\">Meg\u00fajul\u00f3 energi\u00e1t hasznos\u00edt\u00f3 energia\u00e1talak\u00edt\u00f3 rendszerek<\/p>\n<\/li>\n<li data-start=\"2748\" data-end=\"2795\">\n<p data-start=\"2750\" data-end=\"2795\">Nagyfrekvenci\u00e1s \u00e9s RF elektronikai alkatr\u00e9szek<\/p>\n<\/li>\n<li data-start=\"2796\" data-end=\"2828\">\n<p data-start=\"2798\" data-end=\"2828\">Ipari teljes\u00edtm\u00e9nyelektronika<\/p>\n<\/li>\n<\/ul>\n<p>&nbsp;<\/p>\n<h2 data-start=\"2835\" data-end=\"2866\">M\u0171szaki specifik\u00e1ci\u00f3k<\/h2>\n<p>&nbsp;<\/p>\n<div class=\"TyagGW_tableContainer\">\n<div class=\"group TyagGW_tableWrapper flex flex-col-reverse w-fit\" tabindex=\"-1\">\n<table class=\"w-fit min-w-(--thread-content-width)\" data-start=\"2868\" data-end=\"3773\">\n<thead data-start=\"2868\" data-end=\"2901\">\n<tr data-start=\"2868\" data-end=\"2901\">\n<th data-start=\"2868\" data-end=\"2874\" data-col-size=\"sm\">Nem.<\/th>\n<th data-start=\"2874\" data-end=\"2890\" data-col-size=\"sm\">Specifik\u00e1ci\u00f3<\/th>\n<th data-start=\"2890\" data-end=\"2901\" data-col-size=\"md\">R\u00e9szletek<\/th>\n<\/tr>\n<\/thead>\n<tbody data-start=\"2936\" data-end=\"3773\">\n<tr data-start=\"2936\" data-end=\"2961\">\n<td data-start=\"2936\" data-end=\"2940\" data-col-size=\"sm\">1<\/td>\n<td data-start=\"2940\" data-end=\"2948\" data-col-size=\"sm\">Modell<\/td>\n<td data-start=\"2948\" data-end=\"2961\" data-col-size=\"md\">PVT-RS-40<\/td>\n<\/tr>\n<tr data-start=\"2962\" data-end=\"3024\">\n<td data-start=\"2962\" data-end=\"2966\" data-col-size=\"sm\">2<\/td>\n<td data-start=\"2966\" data-end=\"2999\" data-col-size=\"sm\">A kemence m\u00e9retei (L \u00d7 Sz \u00d7 H)<\/td>\n<td data-start=\"2999\" data-end=\"3024\" data-col-size=\"md\">2500 \u00d7 2400 \u00d7 3456 mm<\/td>\n<\/tr>\n<tr data-start=\"3025\" data-end=\"3059\">\n<td data-start=\"3025\" data-end=\"3029\" data-col-size=\"sm\">3<\/td>\n<td data-start=\"3029\" data-end=\"3049\" data-col-size=\"sm\">T\u00e9gely \u00e1tm\u00e9r\u0151je<\/td>\n<td data-start=\"3049\" data-end=\"3059\" data-col-size=\"md\">900 mm<\/td>\n<\/tr>\n<tr data-start=\"3060\" data-end=\"3127\">\n<td data-start=\"3060\" data-end=\"3064\" data-col-size=\"sm\">4<\/td>\n<td data-start=\"3064\" data-end=\"3091\" data-col-size=\"sm\">V\u00e9gs\u0151 v\u00e1kuumnyom\u00e1s<\/td>\n<td data-start=\"3091\" data-end=\"3127\" data-col-size=\"md\">6 \u00d7 10-\u2074 Pa (1,5 \u00f3ra v\u00e1kuum ut\u00e1n)<\/td>\n<\/tr>\n<tr data-start=\"3128\" data-end=\"3174\">\n<td data-start=\"3128\" data-end=\"3132\" data-col-size=\"sm\">5<\/td>\n<td data-start=\"3132\" data-end=\"3147\" data-col-size=\"sm\">Sziv\u00e1rg\u00e1s m\u00e9rt\u00e9ke<\/td>\n<td data-start=\"3147\" data-end=\"3174\" data-col-size=\"md\">\u22645 Pa \/ 12 \u00f3ra (s\u00fct\u00e9s)<\/td>\n<\/tr>\n<tr data-start=\"3175\" data-end=\"3214\">\n<td data-start=\"3175\" data-end=\"3179\" data-col-size=\"sm\">6<\/td>\n<td data-start=\"3179\" data-end=\"3205\" data-col-size=\"sm\">Forgat\u00e1s tengely \u00e1tm\u00e9r\u0151je<\/td>\n<td data-start=\"3205\" data-end=\"3214\" data-col-size=\"md\">50 mm<\/td>\n<\/tr>\n<tr data-start=\"3215\" data-end=\"3249\">\n<td data-start=\"3215\" data-end=\"3219\" data-col-size=\"sm\">7<\/td>\n<td data-start=\"3219\" data-end=\"3236\" data-col-size=\"sm\">Forg\u00e1si sebess\u00e9g<\/td>\n<td data-start=\"3236\" data-end=\"3249\" data-col-size=\"md\">0,5-5 fordulat\/perc<\/td>\n<\/tr>\n<tr data-start=\"3250\" data-end=\"3302\">\n<td data-start=\"3250\" data-end=\"3254\" data-col-size=\"sm\">8<\/td>\n<td data-start=\"3254\" data-end=\"3271\" data-col-size=\"sm\">F\u0171t\u00e9si m\u00f3dszer<\/td>\n<td data-start=\"3271\" data-end=\"3302\" data-col-size=\"md\">Elektromos ellen\u00e1ll\u00e1sf\u0171t\u00e9s<\/td>\n<\/tr>\n<tr data-start=\"3303\" data-end=\"3347\">\n<td data-start=\"3303\" data-end=\"3307\" data-col-size=\"sm\">9<\/td>\n<td data-start=\"3307\" data-end=\"3337\" data-col-size=\"sm\">Maxim\u00e1lis kemence-h\u0151m\u00e9rs\u00e9klet<\/td>\n<td data-start=\"3337\" data-end=\"3347\" data-col-size=\"md\">2500\u00b0C<\/td>\n<\/tr>\n<tr data-start=\"3348\" data-end=\"3389\">\n<td data-start=\"3348\" data-end=\"3352\" data-col-size=\"sm\">10<\/td>\n<td data-start=\"3352\" data-end=\"3368\" data-col-size=\"sm\">F\u0171t\u00e9si teljes\u00edtm\u00e9ny<\/td>\n<td data-start=\"3368\" data-end=\"3389\" data-col-size=\"md\">40 kW \u00d7 2 + 20 kW<\/td>\n<\/tr>\n<tr data-start=\"3390\" data-end=\"3453\">\n<td data-start=\"3390\" data-end=\"3394\" data-col-size=\"sm\">11<\/td>\n<td data-start=\"3394\" data-end=\"3420\" data-col-size=\"sm\">H\u0151m\u00e9rs\u00e9klet m\u00e9r\u00e9s<\/td>\n<td data-start=\"3420\" data-end=\"3453\" data-col-size=\"md\">K\u00e9tsz\u00edn\u0171 infrav\u00f6r\u00f6s pirom\u00e9ter<\/td>\n<\/tr>\n<tr data-start=\"3454\" data-end=\"3492\">\n<td data-start=\"3454\" data-end=\"3458\" data-col-size=\"sm\">12<\/td>\n<td data-start=\"3458\" data-end=\"3478\" data-col-size=\"sm\">H\u0151m\u00e9rs\u00e9klet tartom\u00e1ny<\/td>\n<td data-start=\"3478\" data-end=\"3492\" data-col-size=\"md\">900-3000\u00b0C<\/td>\n<\/tr>\n<tr data-start=\"3493\" data-end=\"3528\">\n<td data-start=\"3493\" data-end=\"3497\" data-col-size=\"sm\">13<\/td>\n<td data-start=\"3497\" data-end=\"3520\" data-col-size=\"sm\">H\u0151m\u00e9rs\u00e9klet pontoss\u00e1g<\/td>\n<td data-start=\"3520\" data-end=\"3528\" data-col-size=\"md\">\u00b11\u00b0C<\/td>\n<\/tr>\n<tr data-start=\"3529\" data-end=\"3564\">\n<td data-start=\"3529\" data-end=\"3533\" data-col-size=\"sm\">14<\/td>\n<td data-start=\"3533\" data-end=\"3550\" data-col-size=\"sm\">Nyom\u00e1s tartom\u00e1ny<\/td>\n<td data-start=\"3550\" data-end=\"3564\" data-col-size=\"md\">1-700 mbar<\/td>\n<\/tr>\n<tr data-start=\"3565\" data-end=\"3617\">\n<td data-start=\"3565\" data-end=\"3569\" data-col-size=\"sm\">15<\/td>\n<td data-start=\"3569\" data-end=\"3597\" data-col-size=\"sm\">Nyom\u00e1sszab\u00e1lyoz\u00e1s pontoss\u00e1ga<\/td>\n<td data-start=\"3597\" data-end=\"3617\" data-col-size=\"md\">\u00b10,5% teljes sk\u00e1la<\/td>\n<\/tr>\n<tr data-start=\"3618\" data-end=\"3691\">\n<td data-start=\"3618\" data-end=\"3622\" data-col-size=\"sm\">16<\/td>\n<td data-start=\"3622\" data-end=\"3639\" data-col-size=\"sm\">M\u0171velet t\u00edpusa<\/td>\n<td data-start=\"3639\" data-end=\"3691\" data-col-size=\"md\">Als\u00f3 bet\u00f6lt\u00e9s, k\u00e9zi vagy automatikus biztons\u00e1gi \u00fczemm\u00f3d<\/td>\n<\/tr>\n<tr data-start=\"3692\" data-end=\"3773\">\n<td data-start=\"3692\" data-end=\"3696\" data-col-size=\"sm\">17<\/td>\n<td data-start=\"3696\" data-end=\"3722\" data-col-size=\"sm\">V\u00e1laszthat\u00f3 konfigur\u00e1ci\u00f3k<\/td>\n<td data-start=\"3722\" data-end=\"3773\" data-col-size=\"md\">T\u00f6bbz\u00f3n\u00e1s f\u0171t\u00e9s, kett\u0151s h\u0151m\u00e9rs\u00e9klet-ellen\u0151rz\u00e9s<\/td>\n<\/tr>\n<\/tbody>\n<\/table>\n<\/div>\n<\/div>\n<h2 data-start=\"3780\" data-end=\"3813\"><\/h2>\n<h2 data-start=\"3780\" data-end=\"3813\">Krist\u00e1lyn\u00f6veked\u00e9si teljes\u00edtm\u00e9ny<\/h2>\n<p>&nbsp;<\/p>\n<p data-start=\"3815\" data-end=\"3894\">A rendszer lehet\u0151v\u00e9 teszi kiv\u00e1l\u00f3 min\u0151s\u00e9g\u0171 SiC egykrist\u00e1lyok el\u0151\u00e1ll\u00edt\u00e1s\u00e1t:<\/p>\n<ul data-start=\"3896\" data-end=\"4036\">\n<li data-start=\"3896\" data-end=\"3923\">\n<p data-start=\"3898\" data-end=\"3923\">Alacsony diszlok\u00e1ci\u00f3s s\u0171r\u0171s\u00e9g<\/p>\n<\/li>\n<li data-start=\"3924\" data-end=\"3954\">\n<p data-start=\"3926\" data-end=\"3954\">Nagy szerkezeti egys\u00e9gess\u00e9g<\/p>\n<\/li>\n<li data-start=\"3955\" data-end=\"3987\">\n<p data-start=\"3957\" data-end=\"3987\">Stabil elektromos tulajdons\u00e1gok<\/p>\n<\/li>\n<li data-start=\"3988\" data-end=\"4036\">\n<p data-start=\"3990\" data-end=\"4036\">Kiv\u00e1l\u00f3 termikus \u00e9s mechanikai teljes\u00edtm\u00e9ny<\/p>\n<\/li>\n<\/ul>\n<p data-start=\"4038\" data-end=\"4178\">Ezek a jellemz\u0151k kritikusak a nagy teljes\u00edtm\u00e9ny\u0171, nagyfesz\u00fclts\u00e9g\u0171 \u00e9s nagyfrekvenci\u00e1s eszk\u00f6z\u00f6k gy\u00e1rt\u00e1s\u00e1ban haszn\u00e1lt f\u00e9lvezet\u0151 min\u0151s\u00e9g\u0171 osty\u00e1k eset\u00e9ben.<\/p>\n<p data-start=\"4038\" data-end=\"4178\">\n<h2 data-start=\"4185\" data-end=\"4217\">ZMSH m\u00e9rn\u00f6ki szolg\u00e1ltat\u00e1sok<\/h2>\n<p>&nbsp;<\/p>\n<h3 data-start=\"4219\" data-end=\"4254\">Egyedi rendszerkonfigur\u00e1ci\u00f3<\/h3>\n<p data-start=\"4255\" data-end=\"4405\">A kemence szerkezete, a f\u0171t\u00e9si z\u00f3n\u00e1k, a vez\u00e9rl\u0151rendszerek \u00e9s a kamra m\u00e9retei testre szabhat\u00f3k a gy\u00e1rt\u00e1si l\u00e9pt\u00e9knek \u00e9s az ostyam\u00e9retnek megfelel\u0151en.<\/p>\n<h3 data-start=\"4407\" data-end=\"4445\">Telep\u00edt\u00e9s \u00e9s \u00fczembe helyez\u00e9s<\/h3>\n<p data-start=\"4446\" data-end=\"4564\">A rendszer helysz\u00edni telep\u00edt\u00e9s\u00e9t, kalibr\u00e1l\u00e1s\u00e1t \u00e9s m\u0171k\u00f6d\u00e9si ellen\u0151rz\u00e9s\u00e9t professzion\u00e1lis m\u00e9rn\u00f6ki csapatok v\u00e9gzik.<\/p>\n<h3 data-start=\"4566\" data-end=\"4592\">M\u0171szaki k\u00e9pz\u00e9s<\/h3>\n<p data-start=\"4593\" data-end=\"4699\">A kezel\u0151i k\u00e9pz\u00e9si programok a berendez\u00e9sek \u00fczemeltet\u00e9s\u00e9t, a folyamatszab\u00e1lyoz\u00e1st, a karbantart\u00e1st \u00e9s a hibadiagnosztik\u00e1t foglalj\u00e1k magukban.<\/p>\n<h3 data-start=\"4701\" data-end=\"4726\">Hossz\u00fa t\u00e1v\u00fa t\u00e1mogat\u00e1s<\/h3>\n<p data-start=\"4727\" data-end=\"4835\">Az eg\u00e9sz \u00e9letcikluson \u00e1t tart\u00f3 m\u0171szaki t\u00e1mogat\u00e1s, karbantart\u00e1si szolg\u00e1ltat\u00e1sok \u00e9s p\u00f3talkatr\u00e9sz-ell\u00e1t\u00e1s biztos\u00edtja a hossz\u00fa t\u00e1v\u00fa stabil m\u0171k\u00f6d\u00e9st.<\/p>\n<h2 data-start=\"4842\" data-end=\"4852\"><\/h2>\n<h2 data-start=\"4842\" data-end=\"4852\">GYIK<\/h2>\n<p>&nbsp;<\/p>\n<p data-start=\"4854\" data-end=\"5148\">1. k\u00e9rd\u00e9s: Milyen krist\u00e1lyn\u00f6veszt\u00e9si m\u00f3dszert haszn\u00e1l ez a kemence?<br data-start=\"4911\" data-end=\"4914\" \/>V: A kemence a fizikai g\u0151ztranszport (PVT) m\u00f3dszer alapj\u00e1n m\u0171k\u00f6dik, amely lehet\u0151v\u00e9 teszi a szil\u00edcium-karbid ellen\u0151rz\u00f6tt szublim\u00e1ci\u00f3j\u00e1t \u00e9s \u00e1tkrist\u00e1lyos\u00edt\u00e1s\u00e1t magas h\u0151m\u00e9rs\u00e9kleten, \u00edgy alkalmas a kiv\u00e1l\u00f3 min\u0151s\u00e9g\u0171 egykrist\u00e1lyok n\u00f6veszt\u00e9s\u00e9re.<\/p>\n<p data-start=\"5150\" data-end=\"5371\">2. k\u00e9rd\u00e9s: Milyen ostyam\u00e9reteket t\u00e1mogat a kemence?<br data-start=\"5199\" data-end=\"5202\" \/>V: A rendszert 6 h\u00fcvelykes, 8 h\u00fcvelykes \u00e9s 12 h\u00fcvelykes szil\u00edciumkarbid egykrist\u00e1lyok n\u00f6veszt\u00e9s\u00e9re tervezt\u00e9k, t\u00e1mogatva a jelenlegi \u00e9s a k\u00f6vetkez\u0151 gener\u00e1ci\u00f3s ostyagy\u00e1rt\u00e1si k\u00f6vetelm\u00e9nyeket.<\/p>\n<p data-start=\"5373\" data-end=\"5637\">3. k\u00e9rd\u00e9s: Alkalmas-e a kemence ipari m\u00e9ret\u0171 termel\u00e9sre?<br data-start=\"5437\" data-end=\"5440\" \/>V: Igen. A rendszert folyamatos ipari m\u0171k\u00f6d\u00e9sre tervezt\u00e9k, nagy termikus stabilit\u00e1st, a folyamatok megism\u00e9telhet\u0151s\u00e9g\u00e9t \u00e9s hossz\u00fa t\u00e1v\u00fa megb\u00edzhat\u00f3s\u00e1got k\u00edn\u00e1lva a nagyszab\u00e1s\u00fa SiC-krist\u00e1ly gy\u00e1rt\u00f3sorok sz\u00e1m\u00e1ra.<\/p>","protected":false},"excerpt":{"rendered":"<p>Magas h\u0151m\u00e9rs\u00e9klet\u0171 SiC egykrist\u00e1lyos ellen\u00e1ll\u00e1sf\u0171t\u00e9ses n\u00f6veszt\u0151 kemence 6 h\u00fcvelykes, 8 h\u00fcvelykes \u00e9s 12 h\u00fcvelykes osty\u00e1k gy\u00e1rt\u00e1s\u00e1hoz. Stabil PVT krist\u00e1lyn\u00f6veszt\u00e9shez \u00e9s ipari gy\u00e1rt\u00e1shoz tervezt\u00e9k.<\/p>","protected":false},"featured_media":1738,"comment_status":"open","ping_status":"closed","template":"","meta":{"site-sidebar-layout":"default","site-content-layout":"","ast-site-content-layout":"default","site-content-style":"default","site-sidebar-style":"default","ast-global-header-display":"","ast-banner-title-visibility":"","ast-main-header-display":"","ast-hfb-above-header-display":"","ast-hfb-below-header-display":"","ast-hfb-mobile-header-display":"","site-post-title":"","ast-breadcrumbs-content":"","ast-featured-img":"","footer-sml-layout":"","ast-disable-related-posts":"","theme-transparent-header-meta":"default","adv-header-id-meta":"","stick-header-meta":"default","header-above-stick-meta":"","header-main-stick-meta":"","header-below-stick-meta":"","astra-migrate-meta-layouts":"set","ast-page-background-enabled":"default","ast-page-background-meta":{"desktop":{"background-color":"var(--ast-global-color-4)","background-image":"","background-repeat":"repeat","background-position":"center center","background-size":"auto","background-attachment":"scroll","background-type":"","background-media":"","overlay-type":"","overlay-color":"","overlay-opacity":"","overlay-gradient":""},"tablet":{"background-color":"","background-image":"","background-repeat":"repeat","background-position":"center center","background-size":"auto","background-attachment":"scroll","background-type":"","background-media":"","overlay-type":"","overlay-color":"","overlay-opacity":"","overlay-gradient":""},"mobile":{"background-color":"","background-image":"","background-repeat":"repeat","background-position":"center center","background-size":"auto","background-attachment":"scroll","background-type":"","background-media":"","overlay-type":"","overlay-color":"","overlay-opacity":"","overlay-gradient":""}},"ast-content-background-meta":{"desktop":{"background-color":"var(--ast-global-color-5)","background-image":"","background-repeat":"repeat","background-position":"center center","background-size":"auto","background-attachment":"scroll","background-type":"","background-media":"","overlay-type":"","overlay-color":"","overlay-opacity":"","overlay-gradient":""},"tablet":{"background-color":"var(--ast-global-color-5)","background-image":"","background-repeat":"repeat","background-position":"center center","background-size":"auto","background-attachment":"scroll","background-type":"","background-media":"","overlay-type":"","overlay-color":"","overlay-opacity":"","overlay-gradient":""},"mobile":{"background-color":"var(--ast-global-color-5)","background-image":"","background-repeat":"repeat","background-position":"center center","background-size":"auto","background-attachment":"scroll","background-type":"","background-media":"","overlay-type":"","overlay-color":"","overlay-opacity":"","overlay-gradient":""}}},"product_brand":[],"product_cat":[15],"product_tag":[141,142,143,139,137,140,138],"class_list":{"0":"post-1737","1":"product","2":"type-product","3":"status-publish","4":"has-post-thumbnail","6":"product_cat-crystal-growth-furnace","7":"product_tag-12-inch-sic-growth-furnace","8":"product_tag-8-inch-sic-crystal-furnace","9":"product_tag-resistance-heating-crystal-growth-furnace","10":"product_tag-sic-pvt-growth-furnace","11":"product_tag-sic-single-crystal-growth-furnace","12":"product_tag-sic-wafer-manufacturing-equipment","13":"product_tag-silicon-carbide-crystal-growth-furnace","14":"desktop-align-left","15":"tablet-align-left","16":"mobile-align-left","17":"ast-product-gallery-layout-horizontal-slider","18":"ast-product-tabs-layout-horizontal","20":"first","21":"instock","22":"shipping-taxable","23":"product-type-simple"},"_links":{"self":[{"href":"https:\/\/www.zmsh-semitech.com\/hu\/wp-json\/wp\/v2\/product\/1737","targetHints":{"allow":["GET"]}}],"collection":[{"href":"https:\/\/www.zmsh-semitech.com\/hu\/wp-json\/wp\/v2\/product"}],"about":[{"href":"https:\/\/www.zmsh-semitech.com\/hu\/wp-json\/wp\/v2\/types\/product"}],"replies":[{"embeddable":true,"href":"https:\/\/www.zmsh-semitech.com\/hu\/wp-json\/wp\/v2\/comments?post=1737"}],"version-history":[{"count":3,"href":"https:\/\/www.zmsh-semitech.com\/hu\/wp-json\/wp\/v2\/product\/1737\/revisions"}],"predecessor-version":[{"id":1744,"href":"https:\/\/www.zmsh-semitech.com\/hu\/wp-json\/wp\/v2\/product\/1737\/revisions\/1744"}],"wp:featuredmedia":[{"embeddable":true,"href":"https:\/\/www.zmsh-semitech.com\/hu\/wp-json\/wp\/v2\/media\/1738"}],"wp:attachment":[{"href":"https:\/\/www.zmsh-semitech.com\/hu\/wp-json\/wp\/v2\/media?parent=1737"}],"wp:term":[{"taxonomy":"product_brand","embeddable":true,"href":"https:\/\/www.zmsh-semitech.com\/hu\/wp-json\/wp\/v2\/product_brand?post=1737"},{"taxonomy":"product_cat","embeddable":true,"href":"https:\/\/www.zmsh-semitech.com\/hu\/wp-json\/wp\/v2\/product_cat?post=1737"},{"taxonomy":"product_tag","embeddable":true,"href":"https:\/\/www.zmsh-semitech.com\/hu\/wp-json\/wp\/v2\/product_tag?post=1737"}],"curies":[{"name":"wp","href":"https:\/\/api.w.org\/{rel}","templated":true}]}}