{"id":1636,"date":"2026-03-17T07:52:18","date_gmt":"2026-03-17T07:52:18","guid":{"rendered":"https:\/\/www.zmsh-semitech.com\/?post_type=product&#038;p=1636"},"modified":"2026-03-20T07:39:36","modified_gmt":"2026-03-20T07:39:36","slug":"6-8-inch-silicon-sic-wafer-quad-polishing-automation-line-with-cleaning-and-re-mounting-loop","status":"publish","type":"product","link":"https:\/\/www.zmsh-semitech.com\/hu\/product\/6-8-inch-silicon-sic-wafer-quad-polishing-automation-line-with-cleaning-and-re-mounting-loop\/","title":{"rendered":"6-8 h\u00fcvelykes szil\u00edcium \u00e9s SiC ostya n\u00e9gyr\u00e9teg\u0171 pol\u00edroz\u00f3 automatiz\u00e1l\u00e1si vonal tiszt\u00edt\u00f3 \u00e9s \u00fajramont\u00edroz\u00f3 hurokkal"},"content":{"rendered":"<h2 data-start=\"323\" data-end=\"346\">Term\u00e9k \u00e1ttekint\u00e9s<\/h2>\n<p data-start=\"348\" data-end=\"597\">A 6-8 h\u00fcvelykes szil\u00edcium \u00e9s SiC osty\u00e1k n\u00e9gyr\u00e9teg\u0171 pol\u00edroz\u00f3 automatiz\u00e1l\u00e1si sor tiszt\u00edt\u00f3 \u00e9s \u00fajramont\u00edroz\u00f3 hurokkal egy teljesen integr\u00e1lt pol\u00edroz\u00e1s ut\u00e1ni folyamatplatform, amelyet a szil\u00edcium- \u00e9s szil\u00edciumkarbid osty\u00e1k nagy volumen\u0171 gy\u00e1rt\u00e1s\u00e1nak t\u00e1mogat\u00e1s\u00e1ra terveztek.<\/p>\n<p data-start=\"599\" data-end=\"886\">A rendszer a n\u00e9gyfejes pol\u00edroz\u00e1st, az automatikus wafer-elt\u00e1vol\u00edt\u00e1st, a ker\u00e1mia hordoz\u00f3 kezel\u00e9s\u00e9t, a hordoz\u00f3 tiszt\u00edt\u00e1s\u00e1t \u00e9s a prec\u00edzi\u00f3s wafer-\u00fajramountingot egy folyamatos, z\u00e1rt k\u00f6rfolyamatba kapcsolja, kik\u00fcsz\u00f6b\u00f6lve a k\u00e9zi kezel\u00e9st \u00e9s biztos\u00edtva a maxim\u00e1lis folyamatstabilit\u00e1st, ism\u00e9telhet\u0151s\u00e9get \u00e9s hozamot.<\/p>\n<p data-start=\"888\" data-end=\"1066\">Optimaliz\u00e1lva van a teljes\u00edtm\u00e9ny f\u00e9lvezet\u0151 osty\u00e1khoz, SiC szubsztr\u00e1tumokhoz \u00e9s fejlett csomagol\u00e1si alkalmaz\u00e1sokhoz, ahol a s\u00edkoss\u00e1g, a fel\u00fcleti integrit\u00e1s \u00e9s a szennyez\u0151d\u00e9sek ellen\u0151rz\u00e9se kritikus fontoss\u00e1g\u00fa.<\/p>\n<p data-start=\"888\" data-end=\"1066\"><img fetchpriority=\"high\" decoding=\"async\" class=\"aligncenter wp-image-1646 size-full\" src=\"https:\/\/www.zmsh-semitech.com\/wp-content\/uploads\/2026\/01\/1572413524100.jpg\" alt=\"\" width=\"800\" height=\"515\" srcset=\"https:\/\/www.zmsh-semitech.com\/wp-content\/uploads\/2026\/01\/1572413524100.jpg 800w, https:\/\/www.zmsh-semitech.com\/wp-content\/uploads\/2026\/01\/1572413524100-300x193.jpg 300w, https:\/\/www.zmsh-semitech.com\/wp-content\/uploads\/2026\/01\/1572413524100-768x494.jpg 768w, https:\/\/www.zmsh-semitech.com\/wp-content\/uploads\/2026\/01\/1572413524100-600x386.jpg 600w\" sizes=\"(max-width: 800px) 100vw, 800px\" \/><\/p>\n<h2 data-start=\"1073\" data-end=\"1107\">Z\u00e1rt hurk\u00fa folyamat koncepci\u00f3<\/h2>\n<p data-start=\"1109\" data-end=\"1218\">A hagyom\u00e1nyos f\u00e9lig manu\u00e1lis pol\u00edroz\u00f3sorokkal ellent\u00e9tben ez a rendszer val\u00f3di z\u00e1rt ciklus\u00fa hordoz\u00f3ciklusk\u00e9nt m\u0171k\u00f6dik:<\/p>\n<p data-start=\"1220\" data-end=\"1292\">Pol\u00edroz\u00e1s \u2192 Szerel\u00e9s-elt\u00e1vol\u00edt\u00e1s \u2192 Hordoz\u00f3 tiszt\u00edt\u00e1sa \u2192 \u00dajramont\u00edroz\u00e1s \u2192 Pol\u00edroz\u00e1s<\/p>\n<p data-start=\"1294\" data-end=\"1508\">A ker\u00e1mia hordoz\u00f3k automatikusan keringenek a rendszerben, mik\u00f6zben a lapk\u00e1kat pontosan, szigor\u00faan ellen\u0151rz\u00f6tt k\u00f6r\u00fclm\u00e9nyek k\u00f6z\u00f6tt t\u00e1vol\u00edtj\u00e1k el \u00e9s szerelik vissza.<br data-start=\"1440\" data-end=\"1443\" \/>Ez az architekt\u00fara biztos\u00edtja, hogy minden pol\u00edroz\u00e1si ciklus a k\u00f6vetkez\u0151kkel kezd\u0151dj\u00f6n:<\/p>\n<ul data-start=\"1509\" data-end=\"1622\">\n<li data-start=\"1509\" data-end=\"1538\">\n<p data-start=\"1511\" data-end=\"1538\">Tiszta hordoz\u00f3fel\u00fclet<\/p>\n<\/li>\n<li data-start=\"1539\" data-end=\"1573\">\n<p data-start=\"1541\" data-end=\"1573\">Pontosan poz\u00edcion\u00e1lt ostya<\/p>\n<\/li>\n<li data-start=\"1574\" data-end=\"1622\">\n<p data-start=\"1576\" data-end=\"1622\">Stabil \u00e9s megism\u00e9telhet\u0151 szerel\u00e9si fel\u00fclet<\/p>\n<\/li>\n<\/ul>\n<p data-start=\"1624\" data-end=\"1733\">Az eredm\u00e9ny alacsonyabb ostyat\u00f6r\u00e9s, jobb egyenletesebb vastags\u00e1g \u00e9s nagyobb t\u00e9telenk\u00e9nti konzisztencia.<\/p>\n<p data-start=\"1624\" data-end=\"1733\"><img decoding=\"async\" class=\"aligncenter wp-image-1647 size-large\" src=\"https:\/\/www.zmsh-semitech.com\/wp-content\/uploads\/2026\/01\/6-8-Inch-Silicon-SiC-Wafer-Quad-Polishing-Automation-Line-with-Cleaning-and-Re-Mounting-Loop-1024x1024.jpg\" alt=\"\" width=\"1024\" height=\"1024\" srcset=\"\" sizes=\"(max-width: 1024px) 100vw, 1024px\" data-srcset=\"\" \/><\/p>\n<h2 data-start=\"1740\" data-end=\"1782\">Folyamat-kritikus m\u00e9rn\u00f6ki tervez\u00e9s<\/h2>\n<h3 data-start=\"1784\" data-end=\"1817\">Alacsony terhel\u00e9s\u0171 ostyakezel\u00e9s<\/h3>\n<p data-start=\"1818\" data-end=\"1951\">A gyorsul\u00e1s, az \u00e9rintkez\u00e9si er\u0151 \u00e9s az elv\u00e1laszt\u00e1si sz\u00f6g cs\u00f6kkent\u00e9s\u00e9re speci\u00e1lis mozg\u00e1sprofilokat \u00e9s leszerel\u00e9si p\u00e1ly\u00e1kat haszn\u00e1lnak:<\/p>\n<ul data-start=\"1952\" data-end=\"2019\">\n<li data-start=\"1952\" data-end=\"1969\">\n<p data-start=\"1954\" data-end=\"1969\">Sz\u00e9lek forg\u00e1csol\u00f3d\u00e1sa<\/p>\n<\/li>\n<li data-start=\"1970\" data-end=\"1986\">\n<p data-start=\"1972\" data-end=\"1986\">Mikroreped\u00e9sek<\/p>\n<\/li>\n<li data-start=\"1987\" data-end=\"2019\">\n<p data-start=\"1989\" data-end=\"2019\">Fesz\u00fclts\u00e9g okozta ostyamegvetemed\u00e9s<\/p>\n<\/li>\n<\/ul>\n<p data-start=\"2021\" data-end=\"2136\">Ez k\u00fcl\u00f6n\u00f6sen fontos a SiC osty\u00e1k eset\u00e9ben, amelyek kem\u00e9nyek, t\u00f6r\u00e9kenyek \u00e9s rendk\u00edv\u00fcl \u00e9rz\u00e9kenyek a mechanikai \u00fct\u00e9sekre.<\/p>\n<h3 data-start=\"2143\" data-end=\"2185\">Ultratiszta hordoz\u00f3 fel\u00faj\u00edt\u00e1sa<\/h3>\n<p data-start=\"2186\" data-end=\"2365\">Minden egyes \u00fajramont\u00edroz\u00e1si ciklus el\u0151tt a ker\u00e1mia hordoz\u00f3kat az iszapmaradv\u00e1nyok, finom r\u00e9szecsk\u00e9k \u00e9s k\u00e9miai filmek elt\u00e1vol\u00edt\u00e1s\u00e1val folyamatra k\u00e9sz \u00e1llapotba hozz\u00e1k.<br data-start=\"2348\" data-end=\"2351\" \/>Ez megakad\u00e1lyozza:<\/p>\n<ul data-start=\"2366\" data-end=\"2458\">\n<li data-start=\"2366\" data-end=\"2396\">\n<p data-start=\"2368\" data-end=\"2396\">R\u00e9szecsk\u00e9k okozta karcol\u00e1sok<\/p>\n<\/li>\n<li data-start=\"2397\" data-end=\"2431\">\n<p data-start=\"2399\" data-end=\"2431\">Helyi pol\u00edroz\u00e1s egyenetlens\u00e9ge<\/p>\n<\/li>\n<li data-start=\"2432\" data-end=\"2458\">\n<p data-start=\"2434\" data-end=\"2458\">V\u00e9letlenszer\u0171 fel\u00fcleti hib\u00e1k<\/p>\n<\/li>\n<\/ul>\n<p data-start=\"2460\" data-end=\"2527\">amelyek a CMP \u00e9s a n\u00e9gyr\u00e9teg\u0171 pol\u00edroz\u00e1si m\u0171veletekn\u00e9l a legnagyobb hozamgyilkosok.<\/p>\n<h3 data-start=\"2534\" data-end=\"2585\">Prec\u00edzi\u00f3s \u00fajramont\u00edroz\u00e1s az egyenletes pol\u00edroz\u00e1shoz<\/h3>\n<p data-start=\"2586\" data-end=\"2616\">Az \u00fajramont\u00edroz\u00f3 egys\u00e9g vez\u00e9rl\u00e9se:<\/p>\n<ul data-start=\"2617\" data-end=\"2697\">\n<li data-start=\"2617\" data-end=\"2638\">\n<p data-start=\"2619\" data-end=\"2638\">Szerel\u00e9si nyom\u00e1s<\/p>\n<\/li>\n<li data-start=\"2639\" data-end=\"2658\">\n<p data-start=\"2641\" data-end=\"2658\">Wafer igaz\u00edt\u00e1s<\/p>\n<\/li>\n<li data-start=\"2659\" data-end=\"2697\">\n<p data-start=\"2661\" data-end=\"2697\">Laposs\u00e1g a teljes hordoz\u00f3n<\/p>\n<\/li>\n<\/ul>\n<p data-start=\"2699\" data-end=\"2822\">Ez garant\u00e1lja, hogy a k\u00f6vetkez\u0151 n\u00e9gyszeres pol\u00edroz\u00e1si ciklus sor\u00e1n minden osty\u00e1ra egyenletes pol\u00edroz\u00e1si nyom\u00e1s nehezedjen, ami:<\/p>\n<ul data-start=\"2823\" data-end=\"2926\">\n<li data-start=\"2823\" data-end=\"2867\">\n<p data-start=\"2825\" data-end=\"2867\">Jav\u00edtott TTV (teljes vastags\u00e1g-v\u00e1ltoz\u00e1s)<\/p>\n<\/li>\n<li data-start=\"2868\" data-end=\"2896\">\n<p data-start=\"2870\" data-end=\"2896\">Jobb fel\u00fcleti \u00e9rdess\u00e9g<\/p>\n<\/li>\n<li data-start=\"2897\" data-end=\"2926\">\n<p data-start=\"2899\" data-end=\"2926\">Nagyobb hasznos ostyahozam<\/p>\n<\/li>\n<\/ul>\n<h2 data-start=\"2933\" data-end=\"2962\">Termel\u00e9si rugalmass\u00e1g<\/h2>\n<p data-start=\"2964\" data-end=\"3062\">A rendszer t\u00f6bbf\u00e9le ostya- \u00e9s hordoz\u00f3-konfigur\u00e1ci\u00f3t t\u00e1mogat, lehet\u0151v\u00e9 t\u00e9ve a gy\u00e1rak sz\u00e1m\u00e1ra, hogy a sort a k\u00f6vetkez\u0151kre hangolj\u00e1k:<\/p>\n<ul data-start=\"3063\" data-end=\"3163\">\n<li data-start=\"3063\" data-end=\"3089\">\n<p data-start=\"3065\" data-end=\"3089\">Maxim\u00e1lis \u00e1tereszt\u0151k\u00e9pess\u00e9g<\/p>\n<\/li>\n<li data-start=\"3090\" data-end=\"3122\">\n<p data-start=\"3092\" data-end=\"3122\">Maxim\u00e1lis s\u00edkoss\u00e1g-szab\u00e1lyoz\u00e1s<\/p>\n<\/li>\n<li data-start=\"3123\" data-end=\"3163\">\n<p data-start=\"3125\" data-end=\"3163\">Vegyes 6 \u00e9s 8 h\u00fcvelykes gy\u00e1rt\u00e1s<\/p>\n<\/li>\n<\/ul>\n<p data-start=\"3165\" data-end=\"3203\">Ez teszi a vonalat mindkett\u0151re alkalmass\u00e1:<\/p>\n<ul data-start=\"3204\" data-end=\"3283\">\n<li data-start=\"3204\" data-end=\"3243\">\n<p data-start=\"3206\" data-end=\"3243\">Nagy volumen\u0171 t\u00e1pegys\u00e9g-gy\u00e1rt\u00e1s<\/p>\n<\/li>\n<li data-start=\"3244\" data-end=\"3283\">\n<p data-start=\"3246\" data-end=\"3283\">Nagy \u00e9rt\u00e9k\u0171 SiC szubsztr\u00e1t feldolgoz\u00e1sa<\/p>\n<\/li>\n<\/ul>\n<h2 data-start=\"3290\" data-end=\"3317\">Tipikus alkalmaz\u00e1sok<\/h2>\n<ul data-start=\"3319\" data-end=\"3498\">\n<li data-start=\"3319\" data-end=\"3385\">\n<p data-start=\"3321\" data-end=\"3385\">Si \u00e9s SiC teljes\u00edtm\u00e9ny f\u00e9lvezet\u0151 osty\u00e1k (MOSFET-ek, IGBT-k, di\u00f3d\u00e1k)<\/p>\n<\/li>\n<li data-start=\"3386\" data-end=\"3425\">\n<p data-start=\"3388\" data-end=\"3425\">SiC szubsztr\u00e1tumok \u00e9s epitaxi\u00e1lis osty\u00e1k<\/p>\n<\/li>\n<li data-start=\"3426\" data-end=\"3455\">\n<p data-start=\"3428\" data-end=\"3455\">Fejlett csomagol\u00f3 osty\u00e1k<\/p>\n<\/li>\n<li data-start=\"3456\" data-end=\"3498\">\n<p data-start=\"3458\" data-end=\"3498\">Nagy pontoss\u00e1g\u00fa pol\u00edrozott szil\u00edcium osty\u00e1k<\/p>\n<\/li>\n<\/ul>\n<h3 data-start=\"58\" data-end=\"102\"><strong data-start=\"62\" data-end=\"102\">GYIK - Tov\u00e1bbi technikai k\u00e9rd\u00e9sek<\/strong><\/h3>\n<p data-start=\"104\" data-end=\"461\"><strong>1. k\u00e9rd\u00e9s: Hogyan minimaliz\u00e1lja a rendszer a t\u00f6r\u00e9keny SiC osty\u00e1k t\u00f6r\u00e9s\u00e9t?<\/strong><br data-start=\"179\" data-end=\"182\" \/>A term\u00e9kcsal\u00e1d alacsony ig\u00e9nybev\u00e9tel\u0171 leszerel\u00e9si algoritmusokat \u00e9s szab\u00e1lyozott mozg\u00e1sprofilokat alkalmaz, gondosan kezelve a gyorsul\u00e1st, az elv\u00e1laszt\u00e1si sz\u00f6get \u00e9s az \u00e9rintkez\u00e9si er\u0151t. Ez megakad\u00e1lyozza a peremforg\u00e1csol\u00f3d\u00e1st, a mikroreped\u00e9seket \u00e9s a fesz\u00fclts\u00e9g okozta ostyahajl\u00e1st, amelyek a SiC szubsztr\u00e1tumok eset\u00e9ben gyakori probl\u00e9m\u00e1k.<\/p>\n<p data-start=\"468\" data-end=\"792\"><strong>2. k\u00e9rd\u00e9s: A tiszt\u00edt\u00f3 \u00e9s \u00fajramounting hurok k\u00e9pes kezelni t\u00f6bb hordoz\u00f3s specifik\u00e1ci\u00f3t?<\/strong><br data-start=\"553\" data-end=\"556\" \/>Igen. A hordoz\u00f3 puffer- \u00e9s tiszt\u00edt\u00f3modulok t\u00f6bbf\u00e9le ker\u00e1mia hordoz\u00f3\u00e1tm\u00e9r\u0151t (pl. 485 mm \u00e9s 576 mm) \u00e9s hordoz\u00f3nk\u00e9nti ostyasz\u00e1mot t\u00e1mogatnak. Ez lehet\u0151v\u00e9 teszi a vegyes m\u00e9ret\u0171 6 h\u00fcvelykes \u00e9s 8 h\u00fcvelykes osty\u00e1k gy\u00e1rt\u00e1s\u00e1t a gy\u00e1rt\u00f3sor megszak\u00edt\u00e1sa n\u00e9lk\u00fcl.<\/p>\n<p data-start=\"799\" data-end=\"1201\"><strong>3. k\u00e9rd\u00e9s: Hogyan biztos\u00edtja a rendszer az ism\u00e9tl\u0151d\u0151 pol\u00edroz\u00e1si min\u0151s\u00e9get a t\u00e9telek k\u00f6z\u00f6tt?<\/strong><br data-start=\"878\" data-end=\"881\" \/>Az ultra-tiszta hordoz\u00f3fel\u00fcletek, a prec\u00edzi\u00f3s ostyaigaz\u00edt\u00e1s \u00e9s a s\u00edkoss\u00e1gi ellen\u0151rz\u00e9s kombin\u00e1l\u00e1s\u00e1val minden egyes ostya azonos k\u00f6r\u00fclm\u00e9nyek k\u00f6z\u00f6tt ker\u00fcl felszerel\u00e9sre. Ez garant\u00e1lja az egyenletes pol\u00edroz\u00e1si nyom\u00e1st, az egyenletes anyagelt\u00e1vol\u00edt\u00e1st \u00e9s a minim\u00e1lis TTV-t, ami stabil hozamot \u00e9s fel\u00fcleti min\u0151s\u00e9get eredm\u00e9nyez a gy\u00e1rt\u00e1si t\u00e9telek k\u00f6z\u00f6tt.<\/p>","protected":false},"excerpt":{"rendered":"<p>A 6-8 h\u00fcvelykes szil\u00edcium \u00e9s SiC osty\u00e1k n\u00e9gyr\u00e9teg\u0171 pol\u00edroz\u00f3 automatiz\u00e1l\u00e1si sor tiszt\u00edt\u00f3 \u00e9s \u00fajramont\u00edroz\u00f3 hurokkal egy teljesen integr\u00e1lt pol\u00edroz\u00e1s ut\u00e1ni folyamatplatform, amelyet a szil\u00edcium- \u00e9s szil\u00edciumkarbid osty\u00e1k nagy volumen\u0171 gy\u00e1rt\u00e1s\u00e1nak t\u00e1mogat\u00e1s\u00e1ra terveztek.<\/p>","protected":false},"featured_media":1642,"comment_status":"open","ping_status":"closed","template":"","meta":{"site-sidebar-layout":"default","site-content-layout":"","ast-site-content-layout":"default","site-content-style":"default","site-sidebar-style":"default","ast-global-header-display":"","ast-banner-title-visibility":"","ast-main-header-display":"","ast-hfb-above-header-display":"","ast-hfb-below-header-display":"","ast-hfb-mobile-header-display":"","site-post-title":"","ast-breadcrumbs-content":"","ast-featured-img":"","footer-sml-layout":"","ast-disable-related-posts":"","theme-transparent-header-meta":"default","adv-header-id-meta":"","stick-header-meta":"default","header-above-stick-meta":"","header-main-stick-meta":"","header-below-stick-meta":"","astra-migrate-meta-layouts":"set","ast-page-background-enabled":"default","ast-page-background-meta":{"desktop":{"background-color":"var(--ast-global-color-4)","background-image":"","background-repeat":"repeat","background-position":"center center","background-size":"auto","background-attachment":"scroll","background-type":"","background-media":"","overlay-type":"","overlay-color":"","overlay-opacity":"","overlay-gradient":""},"tablet":{"background-color":"","background-image":"","background-repeat":"repeat","background-position":"center center","background-size":"auto","background-attachment":"scroll","background-type":"","background-media":"","overlay-type":"","overlay-color":"","overlay-opacity":"","overlay-gradient":""},"mobile":{"background-color":"","background-image":"","background-repeat":"repeat","background-position":"center center","background-size":"auto","background-attachment":"scroll","background-type":"","background-media":"","overlay-type":"","overlay-color":"","overlay-opacity":"","overlay-gradient":""}},"ast-content-background-meta":{"desktop":{"background-color":"var(--ast-global-color-5)","background-image":"","background-repeat":"repeat","background-position":"center center","background-size":"auto","background-attachment":"scroll","background-type":"","background-media":"","overlay-type":"","overlay-color":"","overlay-opacity":"","overlay-gradient":""},"tablet":{"background-color":"var(--ast-global-color-5)","background-image":"","background-repeat":"repeat","background-position":"center center","background-size":"auto","background-attachment":"scroll","background-type":"","background-media":"","overlay-type":"","overlay-color":"","overlay-opacity":"","overlay-gradient":""},"mobile":{"background-color":"var(--ast-global-color-5)","background-image":"","background-repeat":"repeat","background-position":"center center","background-size":"auto","background-attachment":"scroll","background-type":"","background-media":"","overlay-type":"","overlay-color":"","overlay-opacity":"","overlay-gradient":""}}},"product_brand":[],"product_cat":[15],"product_tag":[100,105,104,107,106,109,103,108,110,102,101],"class_list":{"0":"post-1636","1":"product","2":"type-product","3":"status-publish","4":"has-post-thumbnail","6":"product_cat-crystal-growth-furnace","7":"product_tag-6-8-inch","8":"product_tag-automatic-de-mounting","9":"product_tag-automation-line","10":"product_tag-carrier-cleaning","11":"product_tag-ceramic-carrier","12":"product_tag-closed-loop-system","13":"product_tag-quad-polishing","14":"product_tag-re-mounting","15":"product_tag-semiconductor-equipment","16":"product_tag-sic-wafer","17":"product_tag-silicon-wafer","18":"desktop-align-left","19":"tablet-align-left","20":"mobile-align-left","21":"ast-product-gallery-layout-horizontal-slider","22":"ast-product-tabs-layout-horizontal","24":"first","25":"instock","26":"shipping-taxable","27":"product-type-simple"},"_links":{"self":[{"href":"https:\/\/www.zmsh-semitech.com\/hu\/wp-json\/wp\/v2\/product\/1636","targetHints":{"allow":["GET"]}}],"collection":[{"href":"https:\/\/www.zmsh-semitech.com\/hu\/wp-json\/wp\/v2\/product"}],"about":[{"href":"https:\/\/www.zmsh-semitech.com\/hu\/wp-json\/wp\/v2\/types\/product"}],"replies":[{"embeddable":true,"href":"https:\/\/www.zmsh-semitech.com\/hu\/wp-json\/wp\/v2\/comments?post=1636"}],"version-history":[{"count":2,"href":"https:\/\/www.zmsh-semitech.com\/hu\/wp-json\/wp\/v2\/product\/1636\/revisions"}],"predecessor-version":[{"id":1967,"href":"https:\/\/www.zmsh-semitech.com\/hu\/wp-json\/wp\/v2\/product\/1636\/revisions\/1967"}],"wp:featuredmedia":[{"embeddable":true,"href":"https:\/\/www.zmsh-semitech.com\/hu\/wp-json\/wp\/v2\/media\/1642"}],"wp:attachment":[{"href":"https:\/\/www.zmsh-semitech.com\/hu\/wp-json\/wp\/v2\/media?parent=1636"}],"wp:term":[{"taxonomy":"product_brand","embeddable":true,"href":"https:\/\/www.zmsh-semitech.com\/hu\/wp-json\/wp\/v2\/product_brand?post=1636"},{"taxonomy":"product_cat","embeddable":true,"href":"https:\/\/www.zmsh-semitech.com\/hu\/wp-json\/wp\/v2\/product_cat?post=1636"},{"taxonomy":"product_tag","embeddable":true,"href":"https:\/\/www.zmsh-semitech.com\/hu\/wp-json\/wp\/v2\/product_tag?post=1636"}],"curies":[{"name":"wp","href":"https:\/\/api.w.org\/{rel}","templated":true}]}}