{"id":1534,"date":"2025-12-26T05:59:04","date_gmt":"2025-12-26T05:59:04","guid":{"rendered":"https:\/\/www.zmsh-semitech.com\/?post_type=product&#038;p=1534"},"modified":"2025-12-26T06:11:05","modified_gmt":"2025-12-26T06:11:05","slug":"compact-high-precision-laser-micro-drilling-machine-for-ultra-fine-holes-and-multi-material-compatibility","status":"publish","type":"product","link":"https:\/\/www.zmsh-semitech.com\/hu\/product\/compact-high-precision-laser-micro-drilling-machine-for-ultra-fine-holes-and-multi-material-compatibility\/","title":{"rendered":"Kompakt, nagy pontoss\u00e1g\u00fa l\u00e9zeres mikrof\u00far\u00f3g\u00e9p ultrafinom furatokhoz \u00e9s t\u00f6bb anyaggal val\u00f3 kompatibilit\u00e1shoz"},"content":{"rendered":"<p data-start=\"257\" data-end=\"610\">A kompakt, nagy pontoss\u00e1g\u00fa l\u00e9zeres mikrof\u00far\u00f3g\u00e9pet korl\u00e1tozott hely\u0171 k\u00f6rnyezetbe tervezt\u00e9k, kiv\u00e9teles pontoss\u00e1got \u00e9s felhaszn\u00e1l\u00f3bar\u00e1t m\u0171k\u00f6d\u00e9st biztos\u00edt. Ez a kompakt rendszer ide\u00e1lis a 0,005 mm-es lyukak ultrafinom f\u00far\u00e1s\u00e1hoz, \u00e9s megb\u00edzhat\u00f3 teljes\u00edtm\u00e9nyt biztos\u00edt minim\u00e1lis h\u0151hat\u00e1s mellett, ami tiszta lyuksz\u00e9leket \u00e9s cs\u00f6kkentett oxid\u00e1ci\u00f3t eredm\u00e9nyez.<\/p>\n<p data-start=\"612\" data-end=\"862\">Ez a sokoldal\u00fa g\u00e9p t\u00e1mogatja a cser\u00e9lhet\u0151 l\u00e9zerforr\u00e1sokat a k\u00fcl\u00f6nb\u00f6z\u0151 anyagok befogad\u00e1s\u00e1ra, ami n\u00f6veli a kompatibilit\u00e1st \u00e9s a hat\u00e9konys\u00e1got. Az intuit\u00edv szoftverfel\u00fclet egyszer\u0171v\u00e9 teszi a kezel\u00e9st a tapasztalt kezel\u0151k \u00e9s a kezd\u0151k sz\u00e1m\u00e1ra egyar\u00e1nt.<\/p>\n<p data-start=\"612\" data-end=\"862\"><img fetchpriority=\"high\" decoding=\"async\" class=\"wp-image-1536 aligncenter\" src=\"https:\/\/www.zmsh-semitech.com\/wp-content\/uploads\/2025\/12\/22.png\" alt=\"\" width=\"400\" height=\"581\" \/><\/p>\n<h3 data-start=\"869\" data-end=\"892\"><strong data-start=\"873\" data-end=\"890\">Kulcsfontoss\u00e1g\u00fa jellemz\u0151k:<\/strong><\/h3>\n<ul data-start=\"893\" data-end=\"1260\">\n<li data-start=\"893\" data-end=\"974\">\n<p data-start=\"895\" data-end=\"974\"><strong data-start=\"895\" data-end=\"914\">Kompakt kialak\u00edt\u00e1s:<\/strong> T\u00f6k\u00e9letes kis helyis\u00e9gekhez a teljes\u00edtm\u00e9ny cs\u00f6kkent\u00e9se n\u00e9lk\u00fcl<\/p>\n<\/li>\n<li data-start=\"975\" data-end=\"1033\">\n<p data-start=\"977\" data-end=\"1033\"><strong data-start=\"977\" data-end=\"996\">Nagy pontoss\u00e1g:<\/strong> Ak\u00e1r 0,005 mm-es lyukak is k\u00e9sz\u00edthet\u0151k vele<\/p>\n<\/li>\n<li data-start=\"1034\" data-end=\"1099\">\n<p data-start=\"1036\" data-end=\"1099\"><strong data-start=\"1036\" data-end=\"1052\">K\u00f6nny\u0171 haszn\u00e1lat:<\/strong> Felhaszn\u00e1l\u00f3bar\u00e1t kezel\u0151fel\u00fclet az egyszer\u0171 m\u0171k\u00f6d\u00e9shez<\/p>\n<\/li>\n<li data-start=\"1100\" data-end=\"1189\">\n<p data-start=\"1102\" data-end=\"1189\"><strong data-start=\"1102\" data-end=\"1135\">T\u00f6bbf\u00e9le anyag kompatibilit\u00e1sa:<\/strong> Cser\u00e9lhet\u0151 l\u00e9zerforr\u00e1sok k\u00fcl\u00f6nb\u00f6z\u0151 anyagokhoz<\/p>\n<\/li>\n<li data-start=\"1190\" data-end=\"1260\">\n<p data-start=\"1192\" data-end=\"1260\"><strong data-start=\"1192\" data-end=\"1219\">Minim\u00e1lis h\u0151hat\u00e1s:<\/strong> Cs\u00f6kkentett oxid\u00e1ci\u00f3 a f\u00fart lyukak k\u00f6r\u00fcl<\/p>\n<\/li>\n<\/ul>\n<h3 data-start=\"1267\" data-end=\"1298\"><strong data-start=\"1271\" data-end=\"1296\">Alkalmazhat\u00f3 anyagok:<\/strong><\/h3>\n<p data-start=\"1299\" data-end=\"1351\">Anyagok sz\u00e9les sk\u00e1l\u00e1j\u00e1hoz alkalmas, t\u00f6bbek k\u00f6z\u00f6tt:<\/p>\n<ul data-start=\"1352\" data-end=\"1487\">\n<li data-start=\"1352\" data-end=\"1412\">\n<p data-start=\"1354\" data-end=\"1412\">F\u00e9mek, p\u00e9ld\u00e1ul rozsdamentes ac\u00e9l, sz\u00e9nac\u00e9l \u00e9s \u00f6tv\u00f6zetek<\/p>\n<\/li>\n<li data-start=\"1413\" data-end=\"1450\">\n<p data-start=\"1415\" data-end=\"1450\">Ker\u00e1mia \u00e9s ultrakem\u00e9ny anyagok<\/p>\n<\/li>\n<li data-start=\"1451\" data-end=\"1487\">\n<p data-start=\"1453\" data-end=\"1487\">Dr\u00e1gak\u00f6vek, p\u00e9ld\u00e1ul zaf\u00edr<\/p>\n<\/li>\n<\/ul>\n<h3 data-start=\"1494\" data-end=\"1525\"><strong data-start=\"1498\" data-end=\"1523\">Alkalmaz\u00e1si p\u00e9ld\u00e1k:<\/strong><\/h3>\n<ol data-start=\"1527\" data-end=\"2374\">\n<li data-start=\"1527\" data-end=\"1679\">\n<p data-start=\"1530\" data-end=\"1679\"><strong data-start=\"1530\" data-end=\"1563\">T301 rozsdamentes ac\u00e9l f\u00far\u00e1s<\/strong><br data-start=\"1563\" data-end=\"1566\" \/>Prec\u00edzi\u00f3s mikrofuratok f\u00far\u00e1sa T301 rozsdamentes ac\u00e9l alkatr\u00e9szeken ipari \u00e9s mechanikai alkalmaz\u00e1sokhoz.<\/p>\n<\/li>\n<li data-start=\"1681\" data-end=\"1817\">\n<p data-start=\"1684\" data-end=\"1817\"><strong data-start=\"1684\" data-end=\"1711\">Sapphire Sheet Drilling<\/strong><br data-start=\"1711\" data-end=\"1714\" \/>Ultrafinom f\u00far\u00e1s zaf\u00edrlapokon, alkalmas optikai, elektronikai \u00e9s f\u00e9lvezet\u0151 felhaszn\u00e1l\u00e1sra.<\/p>\n<\/li>\n<li data-start=\"1819\" data-end=\"1956\">\n<p data-start=\"1822\" data-end=\"1956\"><strong data-start=\"1822\" data-end=\"1852\">Adagol\u00f3 f\u00fav\u00f3ka f\u00far\u00e1sa<\/strong><br data-start=\"1852\" data-end=\"1855\" \/>Nagy pontoss\u00e1g\u00fa mikrofuratok a ragaszt\u00f3- vagy folyad\u00e9kadagol\u00f3 f\u00fav\u00f3k\u00e1khoz, amelyek biztos\u00edtj\u00e1k a pontos \u00e1raml\u00e1sszab\u00e1lyoz\u00e1st.<\/p>\n<\/li>\n<li data-start=\"1958\" data-end=\"2092\">\n<p data-start=\"1961\" data-end=\"2092\"><strong data-start=\"1961\" data-end=\"1993\">Zaf\u00edr vakfurat f\u00far\u00e1s<\/strong><br data-start=\"1993\" data-end=\"1996\" \/>Vakfuratf\u00far\u00e1s zaf\u00edrra, ide\u00e1lis prec\u00edzi\u00f3s alkatr\u00e9szekhez, ahol a m\u00e9lys\u00e9gszab\u00e1lyoz\u00e1s kritikus.<\/p>\n<\/li>\n<li data-start=\"2094\" data-end=\"2247\">\n<p data-start=\"2097\" data-end=\"2247\"><strong data-start=\"2097\" data-end=\"2139\">Rozsdamentes ac\u00e9l p\u00f3lus\u00fa lyukf\u00far\u00e1s<\/strong><br data-start=\"2139\" data-end=\"2142\" \/>Speci\u00e1lis T-alak\u00fa furatf\u00far\u00e1s rozsdamentes ac\u00e9lra mechanikai szerel\u00e9shez \u00e9s egyedi alkatr\u00e9szekhez.<\/p>\n<\/li>\n<li data-start=\"2249\" data-end=\"2374\">\n<p data-start=\"2252\" data-end=\"2374\"><strong data-start=\"2252\" data-end=\"2276\">R\u00e9zlemez v\u00e1g\u00e1s<\/strong><br data-start=\"2276\" data-end=\"2279\" \/>R\u00e9zlemezek prec\u00edzi\u00f3s v\u00e1g\u00e1sa elektronikai, NY\u00c1K \u00e9s mikrokomponensek sz\u00e1m\u00e1ra.<\/p>\n<\/li>\n<\/ol>\n<p><img decoding=\"async\" class=\"wp-image-1538 size-full aligncenter\" src=\"https:\/\/www.zmsh-semitech.com\/wp-content\/uploads\/2025\/12\/drilling-case3.png\" alt=\"\" width=\"800\" height=\"600\" srcset=\"https:\/\/www.zmsh-semitech.com\/wp-content\/uploads\/2025\/12\/drilling-case3.png 800w, https:\/\/www.zmsh-semitech.com\/wp-content\/uploads\/2025\/12\/drilling-case3-300x225.png 300w, https:\/\/www.zmsh-semitech.com\/wp-content\/uploads\/2025\/12\/drilling-case3-768x576.png 768w, https:\/\/www.zmsh-semitech.com\/wp-content\/uploads\/2025\/12\/drilling-case3-600x450.png 600w\" sizes=\"(max-width: 800px) 100vw, 800px\" \/><\/p>","protected":false},"excerpt":{"rendered":"<p>A kompakt, nagy pontoss\u00e1g\u00fa l\u00e9zeres mikrof\u00far\u00f3g\u00e9pet korl\u00e1tozott hely\u0171 k\u00f6rnyezetbe tervezt\u00e9k, kiv\u00e9teles pontoss\u00e1got \u00e9s felhaszn\u00e1l\u00f3bar\u00e1t m\u0171k\u00f6d\u00e9st biztos\u00edt. Ez a kompakt rendszer ide\u00e1lis a 0,005 mm-es lyukak ultrafinom f\u00far\u00e1s\u00e1hoz, \u00e9s megb\u00edzhat\u00f3 teljes\u00edtm\u00e9nyt biztos\u00edt minim\u00e1lis h\u0151hat\u00e1s mellett, ami tiszta lyuksz\u00e9leket \u00e9s cs\u00f6kkentett oxid\u00e1ci\u00f3t eredm\u00e9nyez.<\/p>","protected":false},"featured_media":1535,"comment_status":"open","ping_status":"closed","template":"","meta":{"site-sidebar-layout":"default","site-content-layout":"","ast-site-content-layout":"default","site-content-style":"default","site-sidebar-style":"default","ast-global-header-display":"","ast-banner-title-visibility":"","ast-main-header-display":"","ast-hfb-above-header-display":"","ast-hfb-below-header-display":"","ast-hfb-mobile-header-display":"","site-post-title":"","ast-breadcrumbs-content":"","ast-featured-img":"","footer-sml-layout":"","ast-disable-related-posts":"","theme-transparent-header-meta":"default","adv-header-id-meta":"","stick-header-meta":"default","header-above-stick-meta":"","header-main-stick-meta":"","header-below-stick-meta":"","astra-migrate-meta-layouts":"set","ast-page-background-enabled":"default","ast-page-background-meta":{"desktop":{"background-color":"var(--ast-global-color-4)","background-image":"","background-repeat":"repeat","background-position":"center center","background-size":"auto","background-attachment":"scroll","background-type":"","background-media":"","overlay-type":"","overlay-color":"","overlay-opacity":"","overlay-gradient":""},"tablet":{"background-color":"","background-image":"","background-repeat":"repeat","background-position":"center center","background-size":"auto","background-attachment":"scroll","background-type":"","background-media":"","overlay-type":"","overlay-color":"","overlay-opacity":"","overlay-gradient":""},"mobile":{"background-color":"","background-image":"","background-repeat":"repeat","background-position":"center center","background-size":"auto","background-attachment":"scroll","background-type":"","background-media":"","overlay-type":"","overlay-color":"","overlay-opacity":"","overlay-gradient":""}},"ast-content-background-meta":{"desktop":{"background-color":"var(--ast-global-color-5)","background-image":"","background-repeat":"repeat","background-position":"center center","background-size":"auto","background-attachment":"scroll","background-type":"","background-media":"","overlay-type":"","overlay-color":"","overlay-opacity":"","overlay-gradient":""},"tablet":{"background-color":"var(--ast-global-color-5)","background-image":"","background-repeat":"repeat","background-position":"center center","background-size":"auto","background-attachment":"scroll","background-type":"","background-media":"","overlay-type":"","overlay-color":"","overlay-opacity":"","overlay-gradient":""},"mobile":{"background-color":"var(--ast-global-color-5)","background-image":"","background-repeat":"repeat","background-position":"center center","background-size":"auto","background-attachment":"scroll","background-type":"","background-media":"","overlay-type":"","overlay-color":"","overlay-opacity":"","overlay-gradient":""}}},"product_brand":[],"product_cat":[20],"product_tag":[53,54,49,48,55,46,47,56],"class_list":{"0":"post-1534","1":"product","2":"type-product","3":"status-publish","4":"has-post-thumbnail","6":"product_cat-laser-drilling-machine","7":"product_tag-compact-design","8":"product_tag-high-precision","9":"product_tag-laser-cutting","10":"product_tag-laser-micro-drilling","11":"product_tag-multi-material-compatibility","12":"product_tag-picosecond-laser","13":"product_tag-precision-laser-drilling","14":"product_tag-sapphire-drilling","15":"desktop-align-left","16":"tablet-align-left","17":"mobile-align-left","18":"ast-product-gallery-layout-horizontal-slider","19":"ast-product-gallery-with-no-image","20":"ast-product-tabs-layout-horizontal","22":"first","23":"instock","24":"shipping-taxable","25":"product-type-simple"},"_links":{"self":[{"href":"https:\/\/www.zmsh-semitech.com\/hu\/wp-json\/wp\/v2\/product\/1534","targetHints":{"allow":["GET"]}}],"collection":[{"href":"https:\/\/www.zmsh-semitech.com\/hu\/wp-json\/wp\/v2\/product"}],"about":[{"href":"https:\/\/www.zmsh-semitech.com\/hu\/wp-json\/wp\/v2\/types\/product"}],"replies":[{"embeddable":true,"href":"https:\/\/www.zmsh-semitech.com\/hu\/wp-json\/wp\/v2\/comments?post=1534"}],"version-history":[{"count":1,"href":"https:\/\/www.zmsh-semitech.com\/hu\/wp-json\/wp\/v2\/product\/1534\/revisions"}],"predecessor-version":[{"id":1539,"href":"https:\/\/www.zmsh-semitech.com\/hu\/wp-json\/wp\/v2\/product\/1534\/revisions\/1539"}],"wp:featuredmedia":[{"embeddable":true,"href":"https:\/\/www.zmsh-semitech.com\/hu\/wp-json\/wp\/v2\/media\/1535"}],"wp:attachment":[{"href":"https:\/\/www.zmsh-semitech.com\/hu\/wp-json\/wp\/v2\/media?parent=1534"}],"wp:term":[{"taxonomy":"product_brand","embeddable":true,"href":"https:\/\/www.zmsh-semitech.com\/hu\/wp-json\/wp\/v2\/product_brand?post=1534"},{"taxonomy":"product_cat","embeddable":true,"href":"https:\/\/www.zmsh-semitech.com\/hu\/wp-json\/wp\/v2\/product_cat?post=1534"},{"taxonomy":"product_tag","embeddable":true,"href":"https:\/\/www.zmsh-semitech.com\/hu\/wp-json\/wp\/v2\/product_tag?post=1534"}],"curies":[{"name":"wp","href":"https:\/\/api.w.org\/{rel}","templated":true}]}}