{"id":2411,"date":"2026-04-24T06:30:17","date_gmt":"2026-04-24T06:30:17","guid":{"rendered":"https:\/\/www.zmsh-semitech.com\/?post_type=product&#038;p=2411"},"modified":"2026-04-24T06:30:19","modified_gmt":"2026-04-24T06:30:19","slug":"cvd-silicon-carbide-sic-electrode-for-semiconductor-plasma-systems","status":"publish","type":"product","link":"https:\/\/www.zmsh-semitech.com\/fr\/product\/cvd-silicon-carbide-sic-electrode-for-semiconductor-plasma-systems\/","title":{"rendered":"\u00c9lectrode CVD en carbure de silicium (SiC) pour les syst\u00e8mes \u00e0 plasma pour semi-conducteurs"},"content":{"rendered":"<p data-start=\"231\" data-end=\"634\">L'\u00e9lectrode SiC (\u00e9lectrode en carbure de silicium) est un composant haute performance con\u00e7u pour les syst\u00e8mes avanc\u00e9s de traitement plasma des semi-conducteurs, y compris les \u00e9quipements de gravure, de d\u00e9p\u00f4t et de traitement de surface. Par rapport aux \u00e9lectrodes traditionnelles en silicium, les \u00e9lectrodes SiC o<img fetchpriority=\"high\" decoding=\"async\" class=\"alignright wp-image-2414 size-medium\" src=\"https:\/\/www.zmsh-semitech.com\/wp-content\/uploads\/2026\/04\/CVD-Silicon-Carbide-SiC-Electrode-for-Semiconductor-Plasma-Systems-1-300x300.png\" alt=\"\u00c9lectrode CVD en carbure de silicium (SiC) pour les syst\u00e8mes \u00e0 plasma pour semi-conducteurs\" width=\"300\" height=\"300\" srcset=\"https:\/\/www.zmsh-semitech.com\/wp-content\/uploads\/2026\/04\/CVD-Silicon-Carbide-SiC-Electrode-for-Semiconductor-Plasma-Systems-1-300x300.png 300w, https:\/\/www.zmsh-semitech.com\/wp-content\/uploads\/2026\/04\/CVD-Silicon-Carbide-SiC-Electrode-for-Semiconductor-Plasma-Systems-1-150x150.png 150w, https:\/\/www.zmsh-semitech.com\/wp-content\/uploads\/2026\/04\/CVD-Silicon-Carbide-SiC-Electrode-for-Semiconductor-Plasma-Systems-1-768x768.png 768w, https:\/\/www.zmsh-semitech.com\/wp-content\/uploads\/2026\/04\/CVD-Silicon-Carbide-SiC-Electrode-for-Semiconductor-Plasma-Systems-1-12x12.png 12w, https:\/\/www.zmsh-semitech.com\/wp-content\/uploads\/2026\/04\/CVD-Silicon-Carbide-SiC-Electrode-for-Semiconductor-Plasma-Systems-1-600x600.png 600w, https:\/\/www.zmsh-semitech.com\/wp-content\/uploads\/2026\/04\/CVD-Silicon-Carbide-SiC-Electrode-for-Semiconductor-Plasma-Systems-1-100x100.png 100w, https:\/\/www.zmsh-semitech.com\/wp-content\/uploads\/2026\/04\/CVD-Silicon-Carbide-SiC-Electrode-for-Semiconductor-Plasma-Systems-1.png 1000w\" sizes=\"(max-width: 300px) 100vw, 300px\" \/>ffrent une durabilit\u00e9 nettement am\u00e9lior\u00e9e, une r\u00e9sistance sup\u00e9rieure au plasma et une dur\u00e9e de vie op\u00e9rationnelle plus longue dans des conditions de traitement extr\u00eames.<\/p>\n<p data-start=\"636\" data-end=\"980\">Fabriqu\u00e9e par d\u00e9p\u00f4t chimique en phase vapeur (CVD) de carbure de silicium, l'\u00e9lectrode pr\u00e9sente une structure dense et de grande puret\u00e9 avec une excellente conductivit\u00e9 thermique et une grande stabilit\u00e9 chimique. Elle est donc particuli\u00e8rement adapt\u00e9e aux environnements impliquant un plasma \u00e0 haute \u00e9nergie, des gaz agressifs tels que CF\u2084, SF\u2086, NF\u2083 et Cl\u2082, et des temp\u00e9ratures \u00e9lev\u00e9es.<\/p>\n<p data-start=\"982\" data-end=\"1287\">Dans les chambres \u00e0 plasma, les \u00e9lectrodes jouent un r\u00f4le essentiel dans le contr\u00f4le des champs \u00e9lectriques, de la densit\u00e9 du plasma et de l'uniformit\u00e9 du processus. Les \u00e9lectrodes SiC conservent des caract\u00e9ristiques \u00e9lectriques stables sur de longues p\u00e9riodes, r\u00e9duisant la d\u00e9rive, minimisant la contamination par les particules et garantissant des r\u00e9sultats coh\u00e9rents dans le traitement des plaquettes.<\/p>\n<p data-start=\"1289\" data-end=\"1521\">En raison de leur durabilit\u00e9 et de leurs performances, les \u00e9lectrodes SiC sont class\u00e9es parmi les consommables critiques des semi-conducteurs (pi\u00e8ces d'usure \u00e0 longue dur\u00e9e de vie) et sont largement utilis\u00e9es dans les n\u0153uds de semi-conducteurs avanc\u00e9s et les environnements de production \u00e0 haut d\u00e9bit.<\/p>\n<hr data-start=\"1523\" data-end=\"1526\" \/>\n<h2 data-section-id=\"1wht24f\" data-start=\"1528\" data-end=\"1548\">Caract\u00e9ristiques principales<\/h2>\n<p><strong style=\"font-size: 16px; font-style: normal;\" data-start=\"1639\" data-end=\"1669\"><img decoding=\"async\" class=\"alignright wp-image-2412 size-medium\" style=\"font-weight: 400;\" src=\"https:\/\/www.zmsh-semitech.com\/wp-content\/uploads\/2026\/04\/CVD-Silicon-Carbide-SiC-Electrode-for-Semiconductor-Plasma-Systems-2-300x300.png\" alt=\"\u00c9lectrode CVD en carbure de silicium (SiC) pour les syst\u00e8mes \u00e0 plasma pour semi-conducteurs\" width=\"300\" height=\"300\" srcset=\"https:\/\/www.zmsh-semitech.com\/wp-content\/uploads\/2026\/04\/CVD-Silicon-Carbide-SiC-Electrode-for-Semiconductor-Plasma-Systems-2-300x300.png 300w, https:\/\/www.zmsh-semitech.com\/wp-content\/uploads\/2026\/04\/CVD-Silicon-Carbide-SiC-Electrode-for-Semiconductor-Plasma-Systems-2-150x150.png 150w, https:\/\/www.zmsh-semitech.com\/wp-content\/uploads\/2026\/04\/CVD-Silicon-Carbide-SiC-Electrode-for-Semiconductor-Plasma-Systems-2-768x768.png 768w, https:\/\/www.zmsh-semitech.com\/wp-content\/uploads\/2026\/04\/CVD-Silicon-Carbide-SiC-Electrode-for-Semiconductor-Plasma-Systems-2-12x12.png 12w, https:\/\/www.zmsh-semitech.com\/wp-content\/uploads\/2026\/04\/CVD-Silicon-Carbide-SiC-Electrode-for-Semiconductor-Plasma-Systems-2-600x600.png 600w, https:\/\/www.zmsh-semitech.com\/wp-content\/uploads\/2026\/04\/CVD-Silicon-Carbide-SiC-Electrode-for-Semiconductor-Plasma-Systems-2-100x100.png 100w, https:\/\/www.zmsh-semitech.com\/wp-content\/uploads\/2026\/04\/CVD-Silicon-Carbide-SiC-Electrode-for-Semiconductor-Plasma-Systems-2.png 1000w\" sizes=\"(max-width: 300px) 100vw, 300px\" \/><\/strong><\/p>\n<ul data-start=\"1549\" data-end=\"2244\">\n<li data-section-id=\"9sfaj1\" data-start=\"1549\" data-end=\"1636\"><strong data-start=\"1551\" data-end=\"1583\">Mat\u00e9riau SiC CVD de haute puret\u00e9<\/strong>: Structure dense avec une excellente inertie chimique<\/li>\n<li data-section-id=\"qsf5dr\" data-start=\"1637\" data-end=\"1741\"><strong data-start=\"1639\" data-end=\"1669\">R\u00e9sistance sup\u00e9rieure au plasma<\/strong>: Performances exceptionnelles dans les environnements \u00e0 base de fluor et de chlore<\/li>\n<li data-section-id=\"1rcxb8u\" data-start=\"1742\" data-end=\"1821\"><strong data-start=\"1744\" data-end=\"1771\">Dur\u00e9e de vie ultra longue<\/strong>: G\u00e9n\u00e9ralement 3 \u00e0 10 fois plus longues que les \u00e9lectrodes en silicium<\/li>\n<li data-section-id=\"pe85cr\" data-start=\"1822\" data-end=\"1900\"><strong data-start=\"1824\" data-end=\"1851\">Faible g\u00e9n\u00e9ration de particules<\/strong>: Am\u00e9liore le rendement et r\u00e9duit le risque de contamination<\/li>\n<li data-section-id=\"1eryen9\" data-start=\"1901\" data-end=\"1983\"><strong data-start=\"1903\" data-end=\"1932\">Conductivit\u00e9 thermique \u00e9lev\u00e9e<\/strong>: Am\u00e9liore la dissipation de la chaleur et la stabilit\u00e9 du processus<\/li>\n<li data-section-id=\"12bf6b0\" data-start=\"1984\" data-end=\"2071\"><strong data-start=\"1986\" data-end=\"2018\">Propri\u00e9t\u00e9s \u00e9lectriques stables<\/strong>: Maintient une r\u00e9sistivit\u00e9 constante sur de longs cycles<\/li>\n<li data-section-id=\"183ojww\" data-start=\"2072\" data-end=\"2161\"><strong data-start=\"2074\" data-end=\"2097\">Usinage de pr\u00e9cision<\/strong>: Tol\u00e9rance serr\u00e9e (&lt;10 \u03bcm) pour une int\u00e9gration de qualit\u00e9 semi-conducteur.<\/li>\n<li data-section-id=\"1116895\" data-start=\"2162\" data-end=\"2244\"><strong data-start=\"2164\" data-end=\"2198\">Conception de la distribution de gaz sur mesure<\/strong>: Optimisation de la configuration des trous pour un plasma uniforme<\/li>\n<\/ul>\n<hr data-start=\"2246\" data-end=\"2249\" \/>\n<h2 data-section-id=\"1vgwxle\" data-start=\"2251\" data-end=\"2283\">Sp\u00e9cifications techniques<\/h2>\n<div class=\"TyagGW_tableContainer\">\n<div class=\"group TyagGW_tableWrapper flex flex-col-reverse w-fit\" tabindex=\"-1\">\n<table class=\"w-fit min-w-(--thread-content-width)\" data-start=\"2285\" data-end=\"3017\">\n<thead data-start=\"2285\" data-end=\"2314\">\n<tr data-start=\"2285\" data-end=\"2314\">\n<th class=\"\" data-start=\"2285\" data-end=\"2297\" data-col-size=\"sm\">Param\u00e8tres<\/th>\n<th class=\"\" data-start=\"2297\" data-end=\"2314\" data-col-size=\"sm\">Sp\u00e9cifications<\/th>\n<\/tr>\n<\/thead>\n<tbody data-start=\"2342\" data-end=\"3017\">\n<tr data-start=\"2342\" data-end=\"2382\">\n<td data-start=\"2342\" data-end=\"2353\" data-col-size=\"sm\">Mat\u00e9riau<\/td>\n<td data-col-size=\"sm\" data-start=\"2353\" data-end=\"2382\">Carbure de silicium CVD (SiC)<\/td>\n<\/tr>\n<tr data-start=\"2383\" data-end=\"2403\">\n<td data-start=\"2383\" data-end=\"2392\" data-col-size=\"sm\">La puret\u00e9<\/td>\n<td data-col-size=\"sm\" data-start=\"2392\" data-end=\"2403\">\u2265 99.9%<\/td>\n<\/tr>\n<tr data-start=\"2404\" data-end=\"2429\">\n<td data-start=\"2404\" data-end=\"2414\" data-col-size=\"sm\">Densit\u00e9<\/td>\n<td data-col-size=\"sm\" data-start=\"2414\" data-end=\"2429\">\u2265 3,1 g\/cm\u00b3<\/td>\n<\/tr>\n<tr data-start=\"2430\" data-end=\"2463\">\n<td data-start=\"2430\" data-end=\"2447\" data-col-size=\"sm\">Diam\u00e8tre (Max)<\/td>\n<td data-col-size=\"sm\" data-start=\"2447\" data-end=\"2463\">Jusqu'\u00e0 330 mm<\/td>\n<\/tr>\n<tr data-start=\"2464\" data-end=\"2506\">\n<td data-start=\"2464\" data-end=\"2476\" data-col-size=\"sm\">\u00c9paisseur<\/td>\n<td data-col-size=\"sm\" data-start=\"2476\" data-end=\"2506\">Sur mesure (typiquement 5-50 mm)<\/td>\n<\/tr>\n<tr data-start=\"2507\" data-end=\"2542\">\n<td data-start=\"2507\" data-end=\"2527\" data-col-size=\"sm\">R\u00e9sistivit\u00e9 (faible)<\/td>\n<td data-start=\"2527\" data-end=\"2542\" data-col-size=\"sm\">&lt; 0,02 \u03a9-cm<\/td>\n<\/tr>\n<tr data-start=\"2543\" data-end=\"2583\">\n<td data-start=\"2543\" data-end=\"2566\" data-col-size=\"sm\">R\u00e9sistivit\u00e9 (moyenne)<\/td>\n<td data-start=\"2566\" data-end=\"2583\" data-col-size=\"sm\">0,2 - 25 \u03a9-cm<\/td>\n<\/tr>\n<tr data-start=\"2584\" data-end=\"2619\">\n<td data-start=\"2584\" data-end=\"2605\" data-col-size=\"sm\">R\u00e9sistivit\u00e9 (\u00e9lev\u00e9e)<\/td>\n<td data-start=\"2605\" data-end=\"2619\" data-col-size=\"sm\">&gt; 100 \u03a9-cm<\/td>\n<\/tr>\n<tr data-start=\"2620\" data-end=\"2659\">\n<td data-start=\"2620\" data-end=\"2651\" data-col-size=\"sm\">Uniformit\u00e9 de la r\u00e9sistivit\u00e9 (RRG)<\/td>\n<td data-start=\"2651\" data-end=\"2659\" data-col-size=\"sm\">&lt; 5%<\/td>\n<\/tr>\n<tr data-start=\"2660\" data-end=\"2711\">\n<td data-start=\"2660\" data-end=\"2680\" data-col-size=\"sm\">Diam\u00e8tre du trou de gaz<\/td>\n<td data-start=\"2680\" data-end=\"2711\" data-col-size=\"sm\">0,2 - 0,8 mm (personnalisable)<\/td>\n<\/tr>\n<tr data-start=\"2712\" data-end=\"2762\">\n<td data-start=\"2712\" data-end=\"2732\" data-col-size=\"sm\">\u00c9tat de surface<\/td>\n<td data-start=\"2732\" data-end=\"2762\" data-col-size=\"sm\">Sol (polissage en option)<\/td>\n<\/tr>\n<tr data-start=\"2763\" data-end=\"2800\">\n<td data-start=\"2763\" data-end=\"2788\" data-col-size=\"sm\">Rugosit\u00e9 de la surface (Ra)<\/td>\n<td data-start=\"2788\" data-end=\"2800\" data-col-size=\"sm\">\u2264 1,6 \u03bcm<\/td>\n<\/tr>\n<tr data-start=\"2801\" data-end=\"2834\">\n<td data-start=\"2801\" data-end=\"2823\" data-col-size=\"sm\">Usinage de pr\u00e9cision<\/td>\n<td data-start=\"2823\" data-end=\"2834\" data-col-size=\"sm\">&lt; 10 \u03bcm<\/td>\n<\/tr>\n<tr data-start=\"2835\" data-end=\"2877\">\n<td data-start=\"2835\" data-end=\"2858\" data-col-size=\"sm\">Conductivit\u00e9 thermique<\/td>\n<td data-start=\"2858\" data-end=\"2877\" data-col-size=\"sm\">120 - 200 W\/m-K<\/td>\n<\/tr>\n<tr data-start=\"2878\" data-end=\"2902\">\n<td data-start=\"2878\" data-end=\"2889\" data-col-size=\"sm\">Duret\u00e9<\/td>\n<td data-start=\"2889\" data-end=\"2902\" data-col-size=\"sm\">~9,2 Mohs<\/td>\n<\/tr>\n<tr data-start=\"2903\" data-end=\"2963\">\n<td data-start=\"2903\" data-end=\"2931\" data-col-size=\"sm\">Temp\u00e9rature de fonctionnement maximale<\/td>\n<td data-start=\"2931\" data-end=\"2963\" data-col-size=\"sm\">&gt; 1000\u00b0C (en fonction du processus)<\/td>\n<\/tr>\n<tr data-start=\"2964\" data-end=\"3017\">\n<td data-start=\"2964\" data-end=\"2982\" data-col-size=\"sm\">Contr\u00f4le de la qualit\u00e9<\/td>\n<td data-start=\"2982\" data-end=\"3017\" data-col-size=\"sm\">Pas de fissures, d'\u00e9clats, de contamination<\/td>\n<\/tr>\n<\/tbody>\n<\/table>\n<\/div>\n<\/div>\n<hr data-start=\"3019\" data-end=\"3022\" \/>\n<h2 data-section-id=\"1gggyhy\" data-start=\"3024\" data-end=\"3044\">Applications<\/h2>\n<p>&nbsp;<\/p>\n<p data-start=\"3045\" data-end=\"3157\">Les \u00e9lectrodes SiC sont largement utilis\u00e9es dans les environnements de traitement des semi-conducteurs qui exigent une durabilit\u00e9 et une stabilit\u00e9 \u00e9lev\u00e9es :<\/p>\n<ul data-start=\"3159\" data-end=\"3352\">\n<li data-section-id=\"qzqq98\" data-start=\"3159\" data-end=\"3197\">Syst\u00e8mes de gravure par plasma (ICP \/ RIE)\n<p style=\"font-size: 16px; font-style: normal; font-weight: 400;\"><img decoding=\"async\" class=\"size-medium wp-image-2405 alignright\" src=\"https:\/\/www.zmsh-semitech.com\/wp-content\/uploads\/2026\/04\/KYQhvr8H6fiJzv0Gyv0QBbnTGAn0D-jgL0afJ2QhVSsVzaDSfEEx4D1Qc9Qg9IxXDOCUhnYHl82TwzfZ-OQMZzQa5u3KF6R1mE3QPYDfCW4ltwvgZ5uecKGM7VBlj-f5ppfWrANQSR4kHdIoBW-vOxmtu56kJnlmCndnFjtFqasApRq1EpNs3nKzmFQFM9WF-300x225.jpg\" alt=\"\" width=\"300\" height=\"225\" srcset=\"https:\/\/www.zmsh-semitech.com\/wp-content\/uploads\/2026\/04\/KYQhvr8H6fiJzv0Gyv0QBbnTGAn0D-jgL0afJ2QhVSsVzaDSfEEx4D1Qc9Qg9IxXDOCUhnYHl82TwzfZ-OQMZzQa5u3KF6R1mE3QPYDfCW4ltwvgZ5uecKGM7VBlj-f5ppfWrANQSR4kHdIoBW-vOxmtu56kJnlmCndnFjtFqasApRq1EpNs3nKzmFQFM9WF-300x225.jpg 300w, https:\/\/www.zmsh-semitech.com\/wp-content\/uploads\/2026\/04\/KYQhvr8H6fiJzv0Gyv0QBbnTGAn0D-jgL0afJ2QhVSsVzaDSfEEx4D1Qc9Qg9IxXDOCUhnYHl82TwzfZ-OQMZzQa5u3KF6R1mE3QPYDfCW4ltwvgZ5uecKGM7VBlj-f5ppfWrANQSR4kHdIoBW-vOxmtu56kJnlmCndnFjtFqasApRq1EpNs3nKzmFQFM9WF-16x12.jpg 16w, https:\/\/www.zmsh-semitech.com\/wp-content\/uploads\/2026\/04\/KYQhvr8H6fiJzv0Gyv0QBbnTGAn0D-jgL0afJ2QhVSsVzaDSfEEx4D1Qc9Qg9IxXDOCUhnYHl82TwzfZ-OQMZzQa5u3KF6R1mE3QPYDfCW4ltwvgZ5uecKGM7VBlj-f5ppfWrANQSR4kHdIoBW-vOxmtu56kJnlmCndnFjtFqasApRq1EpNs3nKzmFQFM9WF.jpg 600w\" sizes=\"(max-width: 300px) 100vw, 300px\" \/><\/p>\n<\/li>\n<li data-section-id=\"x5dp28\" data-start=\"3198\" data-end=\"3234\">\u00c9quipement de d\u00e9p\u00f4t CVD \/ PECVD<\/li>\n<li data-section-id=\"i266u8\" data-start=\"3235\" data-end=\"3264\">Syst\u00e8mes \u00e0 plasma de haute puissance<\/li>\n<li data-section-id=\"12l2f4p\" data-start=\"3265\" data-end=\"3305\">Proc\u00e9d\u00e9s de modification de la surface des plaquettes<\/li>\n<li data-section-id=\"1aetczy\" data-start=\"3306\" data-end=\"3352\">N\u0153uds de fabrication de semi-conducteurs avanc\u00e9s<\/li>\n<\/ul>\n<p data-start=\"3354\" data-end=\"3517\">Ils sont particuli\u00e8rement adapt\u00e9s pour <strong data-start=\"3389\" data-end=\"3443\">des conditions de plasma difficiles et des cycles de production longs<\/strong>, o\u00f9 les \u00e9lectrodes en silicium conventionnelles ne peuvent pas r\u00e9pondre aux exigences de dur\u00e9e de vie.<\/p>\n<hr data-start=\"3519\" data-end=\"3522\" \/>\n<h2 data-section-id=\"ey806o\" data-start=\"3524\" data-end=\"3566\">Avantages par rapport aux \u00e9lectrodes en silicium<\/h2>\n<p data-start=\"3567\" data-end=\"3673\">Par rapport aux \u00e9lectrodes traditionnelles en silicium, les \u00e9lectrodes en SiC am\u00e9liorent consid\u00e9rablement les performances :<\/p>\n<ul data-start=\"3675\" data-end=\"4062\">\n<li data-section-id=\"c0wgoq\" data-start=\"3675\" data-end=\"3754\"><strong data-start=\"3677\" data-end=\"3698\">Dur\u00e9e de vie prolong\u00e9e<\/strong>: 3 \u00e0 10 fois plus longtemps dans des conditions de plasma agressives<\/li>\n<li data-section-id=\"vh54cx\" data-start=\"3755\" data-end=\"3832\"><strong data-start=\"3757\" data-end=\"3790\">R\u00e9sistance sup\u00e9rieure \u00e0 la corrosion<\/strong>: R\u00e9siste aux gaz fluor\u00e9s et chlor\u00e9s<\/li>\n<li data-section-id=\"1f80iwa\" data-start=\"3833\" data-end=\"3909\"><strong data-start=\"3835\" data-end=\"3867\">Diminution de la contamination par les particules<\/strong>: Am\u00e9liore le rendement et la propret\u00e9 du processus<\/li>\n<li data-section-id=\"bvfjdw\" data-start=\"3910\" data-end=\"3989\"><strong data-start=\"3912\" data-end=\"3942\">Am\u00e9lioration de la stabilit\u00e9 du processus<\/strong>: Maintien des caract\u00e9ristiques constantes du plasma<\/li>\n<li data-section-id=\"wemy35\" data-start=\"3990\" data-end=\"4062\"><strong data-start=\"3992\" data-end=\"4020\">R\u00e9duction des co\u00fbts de maintenance<\/strong>: Remplacement et temps d'arr\u00eat moins fr\u00e9quents<\/li>\n<\/ul>\n<p data-start=\"4064\" data-end=\"4199\">Bien que le co\u00fbt initial soit plus \u00e9lev\u00e9, les \u00e9lectrodes SiC offrent un co\u00fbt total de possession (TCO) inf\u00e9rieur dans les applications de semi-conducteurs haut de gamme.<\/p>\n<p data-start=\"4064\" data-end=\"4199\"><img loading=\"lazy\" decoding=\"async\" class=\"wp-image-2383 size-large aligncenter\" src=\"https:\/\/www.zmsh-semitech.com\/wp-content\/uploads\/2026\/04\/\u5fae\u4fe1\u56fe\u7247_20260423181006_366_381-1024x486.png\" alt=\"\" width=\"1024\" height=\"486\" srcset=\"\" sizes=\"(max-width: 1024px) 100vw, 1024px\" data-srcset=\"\" \/><\/p>\n<hr data-start=\"4201\" data-end=\"4204\" \/>\n<h2 data-section-id=\"cpu4ih\" data-start=\"4206\" data-end=\"4217\">FAQ<\/h2>\n<p data-start=\"4219\" data-end=\"4384\"><strong data-start=\"4219\" data-end=\"4266\">Q1 : L'\u00e9lectrode SiC est-elle une pi\u00e8ce consommable ?<\/strong><br data-start=\"4266\" data-end=\"4269\" \/>Oui. Il s'agit d'un consommable essentiel pour les semi-conducteurs, mais sa dur\u00e9e de vie est beaucoup plus longue que celle des \u00e9lectrodes en silicium.<\/p>\n<p data-start=\"4386\" data-end=\"4570\"><strong data-start=\"4386\" data-end=\"4432\">Q2 : Pourquoi choisir SiC plut\u00f4t qu'une \u00e9lectrode en silicium ?<\/strong><br data-start=\"4432\" data-end=\"4435\" \/>Le SiC offre une meilleure r\u00e9sistance au plasma, une dur\u00e9e de vie plus longue et une g\u00e9n\u00e9ration de particules plus faible, ce qui le rend id\u00e9al pour les environnements de traitement difficiles.<\/p>\n<p data-start=\"4572\" data-end=\"4739\"><strong data-start=\"4572\" data-end=\"4612\">Q3 : L'\u00e9lectrode peut-elle \u00eatre personnalis\u00e9e ?<\/strong><br data-start=\"4612\" data-end=\"4615\" \/>Oui. La taille, l'\u00e9paisseur, la r\u00e9sistivit\u00e9, la conception du trou de gaz et la finition de la surface peuvent toutes \u00eatre personnalis\u00e9es en fonction de vos besoins.<\/p>\n<p data-start=\"4741\" data-end=\"4878\"><strong data-start=\"4741\" data-end=\"4784\">Q4 : Quelles sont les industries qui utilisent les \u00e9lectrodes SiC ?<\/strong><br data-start=\"4784\" data-end=\"4787\" \/>Principalement la fabrication de semi-conducteurs, en particulier les syst\u00e8mes de gravure et de d\u00e9p\u00f4t par plasma.<\/p>","protected":false},"excerpt":{"rendered":"<p>L'\u00e9lectrode SiC (\u00e9lectrode en carbure de silicium) est un composant haute performance con\u00e7u pour les syst\u00e8mes avanc\u00e9s de traitement plasma des semi-conducteurs, y compris les \u00e9quipements de gravure, de d\u00e9p\u00f4t et de traitement de surface. Compar\u00e9es aux \u00e9lectrodes traditionnelles en silicium, les \u00e9lectrodes SiC offrent une durabilit\u00e9 nettement am\u00e9lior\u00e9e, une r\u00e9sistance sup\u00e9rieure au plasma et une dur\u00e9e de vie op\u00e9rationnelle plus longue dans des conditions de traitement extr\u00eames. Fabriqu\u00e9e \u00e0 partir de carbure de silicium par d\u00e9p\u00f4t chimique en phase vapeur (CVD), l'\u00e9lectrode pr\u00e9sente une structure dense et de grande puret\u00e9 avec une excellente conductivit\u00e9 thermique et une grande stabilit\u00e9 chimique.<\/p>","protected":false},"featured_media":2414,"comment_status":"open","ping_status":"closed","template":"","meta":{"site-sidebar-layout":"default","site-content-layout":"","ast-site-content-layout":"default","site-content-style":"default","site-sidebar-style":"default","ast-global-header-display":"","ast-banner-title-visibility":"","ast-main-header-display":"","ast-hfb-above-header-display":"","ast-hfb-below-header-display":"","ast-hfb-mobile-header-display":"","site-post-title":"","ast-breadcrumbs-content":"","ast-featured-img":"","footer-sml-layout":"","ast-disable-related-posts":"","theme-transparent-header-meta":"default","adv-header-id-meta":"","stick-header-meta":"default","header-above-stick-meta":"","header-main-stick-meta":"","header-below-stick-meta":"","astra-migrate-meta-layouts":"set","ast-page-background-enabled":"default","ast-page-background-meta":{"desktop":{"background-color":"var(--ast-global-color-4)","background-image":"","background-repeat":"repeat","background-position":"center center","background-size":"auto","background-attachment":"scroll","background-type":"","background-media":"","overlay-type":"","overlay-color":"","overlay-opacity":"","overlay-gradient":""},"tablet":{"background-color":"","background-image":"","background-repeat":"repeat","background-position":"center center","background-size":"auto","background-attachment":"scroll","background-type":"","background-media":"","overlay-type":"","overlay-color":"","overlay-opacity":"","overlay-gradient":""},"mobile":{"background-color":"","background-image":"","background-repeat":"repeat","background-position":"center center","background-size":"auto","background-attachment":"scroll","background-type":"","background-media":"","overlay-type":"","overlay-color":"","overlay-opacity":"","overlay-gradient":""}},"ast-content-background-meta":{"desktop":{"background-color":"var(--ast-global-color-5)","background-image":"","background-repeat":"repeat","background-position":"center center","background-size":"auto","background-attachment":"scroll","background-type":"","background-media":"","overlay-type":"","overlay-color":"","overlay-opacity":"","overlay-gradient":""},"tablet":{"background-color":"var(--ast-global-color-5)","background-image":"","background-repeat":"repeat","background-position":"center center","background-size":"auto","background-attachment":"scroll","background-type":"","background-media":"","overlay-type":"","overlay-color":"","overlay-opacity":"","overlay-gradient":""},"mobile":{"background-color":"var(--ast-global-color-5)","background-image":"","background-repeat":"repeat","background-position":"center center","background-size":"auto","background-attachment":"scroll","background-type":"","background-media":"","overlay-type":"","overlay-color":"","overlay-opacity":"","overlay-gradient":""}}},"product_brand":[],"product_cat":[1212],"product_tag":[],"class_list":{"0":"post-2411","1":"product","2":"type-product","3":"status-publish","4":"has-post-thumbnail","6":"product_cat-semiconductor-consumables","7":"desktop-align-left","8":"tablet-align-left","9":"mobile-align-left","10":"ast-product-gallery-layout-horizontal-slider","11":"ast-product-tabs-layout-horizontal","13":"first","14":"instock","15":"shipping-taxable","16":"product-type-simple"},"_links":{"self":[{"href":"https:\/\/www.zmsh-semitech.com\/fr\/wp-json\/wp\/v2\/product\/2411","targetHints":{"allow":["GET"]}}],"collection":[{"href":"https:\/\/www.zmsh-semitech.com\/fr\/wp-json\/wp\/v2\/product"}],"about":[{"href":"https:\/\/www.zmsh-semitech.com\/fr\/wp-json\/wp\/v2\/types\/product"}],"replies":[{"embeddable":true,"href":"https:\/\/www.zmsh-semitech.com\/fr\/wp-json\/wp\/v2\/comments?post=2411"}],"version-history":[{"count":2,"href":"https:\/\/www.zmsh-semitech.com\/fr\/wp-json\/wp\/v2\/product\/2411\/revisions"}],"predecessor-version":[{"id":2416,"href":"https:\/\/www.zmsh-semitech.com\/fr\/wp-json\/wp\/v2\/product\/2411\/revisions\/2416"}],"wp:featuredmedia":[{"embeddable":true,"href":"https:\/\/www.zmsh-semitech.com\/fr\/wp-json\/wp\/v2\/media\/2414"}],"wp:attachment":[{"href":"https:\/\/www.zmsh-semitech.com\/fr\/wp-json\/wp\/v2\/media?parent=2411"}],"wp:term":[{"taxonomy":"product_brand","embeddable":true,"href":"https:\/\/www.zmsh-semitech.com\/fr\/wp-json\/wp\/v2\/product_brand?post=2411"},{"taxonomy":"product_cat","embeddable":true,"href":"https:\/\/www.zmsh-semitech.com\/fr\/wp-json\/wp\/v2\/product_cat?post=2411"},{"taxonomy":"product_tag","embeddable":true,"href":"https:\/\/www.zmsh-semitech.com\/fr\/wp-json\/wp\/v2\/product_tag?post=2411"}],"curies":[{"name":"wp","href":"https:\/\/api.w.org\/{rel}","templated":true}]}}