{"id":2360,"date":"2026-04-22T07:08:49","date_gmt":"2026-04-22T07:08:49","guid":{"rendered":"https:\/\/www.zmsh-semitech.com\/?post_type=product&#038;p=2360"},"modified":"2026-04-22T07:13:29","modified_gmt":"2026-04-22T07:13:29","slug":"ai350ht-medium-beam-high-temperature-ion-implantation-system-for-6-8-inch-sic-and-silicon-wafer-processing","status":"publish","type":"product","link":"https:\/\/www.zmsh-semitech.com\/fr\/product\/ai350ht-medium-beam-high-temperature-ion-implantation-system-for-6-8-inch-sic-and-silicon-wafer-processing\/","title":{"rendered":"Syst\u00e8me d'implantation d'ions \u00e0 faisceau moyen et \u00e0 haute temp\u00e9rature Ai350HT pour le traitement des plaquettes de silicium et de carbure de silicium de 6\/8 pouces"},"content":{"rendered":"<p data-start=\"193\" data-end=\"519\"><img fetchpriority=\"high\" decoding=\"async\" class=\"alignright wp-image-2361 size-medium\" src=\"https:\/\/www.zmsh-semitech.com\/wp-content\/uploads\/2026\/04\/AI350t-300x300.png\" alt=\"Syst\u00e8me d&#039;implantation d&#039;ions \u00e0 faisceau moyen et \u00e0 haute temp\u00e9rature Ai350HT pour le traitement des plaquettes de silicium et de carbure de silicium de 6\/8 pouces\" width=\"300\" height=\"300\" srcset=\"https:\/\/www.zmsh-semitech.com\/wp-content\/uploads\/2026\/04\/AI350t-300x300.png 300w, https:\/\/www.zmsh-semitech.com\/wp-content\/uploads\/2026\/04\/AI350t-150x150.png 150w, https:\/\/www.zmsh-semitech.com\/wp-content\/uploads\/2026\/04\/AI350t-768x768.png 768w, https:\/\/www.zmsh-semitech.com\/wp-content\/uploads\/2026\/04\/AI350t-12x12.png 12w, https:\/\/www.zmsh-semitech.com\/wp-content\/uploads\/2026\/04\/AI350t-600x600.png 600w, https:\/\/www.zmsh-semitech.com\/wp-content\/uploads\/2026\/04\/AI350t-100x100.png 100w, https:\/\/www.zmsh-semitech.com\/wp-content\/uploads\/2026\/04\/AI350t.png 1000w\" sizes=\"(max-width: 300px) 100vw, 300px\" \/>Le syst\u00e8me d'implantation ionique \u00e0 haute temp\u00e9rature Ai350HT (Medium Beam) est con\u00e7u pour les lignes de fabrication de semi-conducteurs \u00e0 partir de tranches de silicium de 6 et 8 pouces, ainsi que pour les applications de traitement SiC. Il s'agit d'un implanteur ionique \u00e0 courant moyen d\u00e9velopp\u00e9 pour les processus de dopage \u00e0 haute \u00e9nergie et \u00e0 haute temp\u00e9rature dans la fabrication avanc\u00e9e de semi-conducteurs.<\/p>\n<p data-start=\"521\" data-end=\"969\">Le syst\u00e8me prend en charge une gamme d'\u00e9nergie allant de 5 keV \u00e0 350 keV, ce qui permet des processus d'implantation \u00e0 la fois superficiels et profonds. Il est \u00e9quip\u00e9 d'un mandrin \u00e9lectrostatique \u00e0 haute temp\u00e9rature capable de fonctionner jusqu'\u00e0 500\u00b0C, ce qui permet d'am\u00e9liorer l'activation du dopant et de r\u00e9duire les dommages au r\u00e9seau pendant l'implantation. Associ\u00e9 \u00e0 des performances de faisceau stables et \u00e0 un contr\u00f4le de haute pr\u00e9cision, le syst\u00e8me convient \u00e0 la fabrication de semi-conducteurs \u00e0 base de silicium et de semi-conducteurs \u00e0 large bande interdite.<\/p>\n<hr data-start=\"971\" data-end=\"974\" \/>\n<h2 data-section-id=\"1d7mrtu\" data-start=\"976\" data-end=\"987\">Caract\u00e9ristiques<\/h2>\n<h3 data-section-id=\"1b6a5ze\" data-start=\"989\" data-end=\"1033\">Capacit\u00e9 d'implantation \u00e0 haute temp\u00e9rature<\/h3>\n<p data-start=\"1034\" data-end=\"1198\">\u00c9quip\u00e9 d'un mandrin \u00e9lectrostatique \u00e0 haute temp\u00e9rature supportant jusqu'\u00e0 500\u00b0C, il permet d'am\u00e9liorer l'efficacit\u00e9 de l'implantation et l'activation du dopant pour les processus avanc\u00e9s.<\/p>\n<h3 data-section-id=\"ox5pwk\" data-start=\"1200\" data-end=\"1221\">Large gamme d'\u00e9nergie<\/h3>\n<p data-start=\"1222\" data-end=\"1355\">La gamme d'\u00e9nergie de 5 \u00e0 350 keV permet de r\u00e9pondre \u00e0 des besoins d'implantation flexibles, allant de la formation de jonctions peu profondes \u00e0 des processus d'implantation profonde.<\/p>\n<h3 data-section-id=\"1czdwpe\" data-start=\"1357\" data-end=\"1388\">Contr\u00f4le de faisceau de haute pr\u00e9cision<\/h3>\n<p data-start=\"1389\" data-end=\"1529\">Fournit des performances d'implantation pr\u00e9cises avec une pr\u00e9cision angulaire \u2264 0,2\u00b0, un parall\u00e9lisme de faisceau \u2264 0,2\u00b0, une uniformit\u00e9 \u2264 0,5% et une r\u00e9p\u00e9tabilit\u00e9 \u2264 0,5%.<\/p>\n<h3 data-section-id=\"173z83c\" data-start=\"1531\" data-end=\"1558\">Performance stable du faisceau<\/h3>\n<p data-start=\"1559\" data-end=\"1675\">La stabilit\u00e9 du faisceau est contr\u00f4l\u00e9e dans la limite de 10% par heure, ce qui garantit une qualit\u00e9 constante du processus pendant les longs cycles de production.<\/p>\n<h3 data-section-id=\"199k9bm\" data-start=\"1677\" data-end=\"1701\">Source d'ions \u00e0 longue dur\u00e9e de vie<\/h3>\n<p data-start=\"1702\" data-end=\"1825\">\u00c9quip\u00e9 d'une source d'ions m\u00e9tal Al d'une dur\u00e9e de vie de \u2265150 heures, r\u00e9duisant la fr\u00e9quence de maintenance et am\u00e9liorant le temps de fonctionnement.<\/p>\n<h3 data-section-id=\"8aw6q\" data-start=\"1827\" data-end=\"1857\">Capacit\u00e9 de production \u00e9lev\u00e9e<\/h3>\n<p data-start=\"1858\" data-end=\"1955\">Permet un d\u00e9bit de \u2265 200 plaquettes par heure, adapt\u00e9 aux environnements de production de semi-conducteurs.<\/p>\n<h3 data-section-id=\"1alost9\" data-start=\"1957\" data-end=\"1991\">Compatibilit\u00e9 avec les processus avanc\u00e9s<\/h3>\n<p data-start=\"1992\" data-end=\"2081\">Compatible avec les proc\u00e9d\u00e9s SiC et la fabrication conventionnelle de semi-conducteurs \u00e0 base de silicium.<\/p>\n<p data-start=\"1992\" data-end=\"2081\"><img decoding=\"async\" class=\"alignnone size-medium wp-image-2365 alignleft\" src=\"https:\/\/www.zmsh-semitech.com\/wp-content\/uploads\/2026\/04\/Quadrant-Implantation-291x300.webp\" alt=\"\" width=\"291\" height=\"300\" srcset=\"https:\/\/www.zmsh-semitech.com\/wp-content\/uploads\/2026\/04\/Quadrant-Implantation-291x300.webp 291w, https:\/\/www.zmsh-semitech.com\/wp-content\/uploads\/2026\/04\/Quadrant-Implantation-12x12.webp 12w, https:\/\/www.zmsh-semitech.com\/wp-content\/uploads\/2026\/04\/Quadrant-Implantation.webp 499w\" sizes=\"(max-width: 291px) 100vw, 291px\" \/><img decoding=\"async\" class=\"alignnone size-medium wp-image-2364 alignleft\" src=\"https:\/\/www.zmsh-semitech.com\/wp-content\/uploads\/2026\/04\/Annular-Implantation-267x300.webp\" alt=\"\" width=\"267\" height=\"300\" srcset=\"https:\/\/www.zmsh-semitech.com\/wp-content\/uploads\/2026\/04\/Annular-Implantation-267x300.webp 267w, https:\/\/www.zmsh-semitech.com\/wp-content\/uploads\/2026\/04\/Annular-Implantation-11x12.webp 11w, https:\/\/www.zmsh-semitech.com\/wp-content\/uploads\/2026\/04\/Annular-Implantation.webp 462w\" sizes=\"(max-width: 267px) 100vw, 267px\" \/><\/p>\n<hr data-start=\"2083\" data-end=\"2086\" \/>\n<h2 data-section-id=\"rkota4\" data-start=\"2088\" data-end=\"2109\">Principales sp\u00e9cifications<\/h2>\n<h3 data-section-id=\"rc5knr\" data-start=\"2111\" data-end=\"2133\">Param\u00e8tres du processus<\/h3>\n<div class=\"TyagGW_tableContainer\">\n<div class=\"group TyagGW_tableWrapper flex flex-col-reverse w-fit\" tabindex=\"-1\">\n<table class=\"w-fit min-w-(--thread-content-width)\" data-start=\"2135\" data-end=\"2322\">\n<thead data-start=\"2135\" data-end=\"2159\">\n<tr data-start=\"2135\" data-end=\"2159\">\n<th class=\"\" data-start=\"2135\" data-end=\"2142\" data-col-size=\"sm\">Objet<\/th>\n<th class=\"\" data-start=\"2142\" data-end=\"2159\" data-col-size=\"sm\">Sp\u00e9cifications<\/th>\n<\/tr>\n<\/thead>\n<tbody data-start=\"2184\" data-end=\"2322\">\n<tr data-start=\"2184\" data-end=\"2209\">\n<td data-start=\"2184\" data-end=\"2197\" data-col-size=\"sm\">Taille de la plaquette<\/td>\n<td data-col-size=\"sm\" data-start=\"2197\" data-end=\"2209\">6-8 pouces<\/td>\n<\/tr>\n<tr data-start=\"2210\" data-end=\"2238\">\n<td data-start=\"2210\" data-end=\"2225\" data-col-size=\"sm\">Gamme d'\u00e9nergie<\/td>\n<td data-col-size=\"sm\" data-start=\"2225\" data-end=\"2238\">5-350 keV<\/td>\n<\/tr>\n<tr data-start=\"2239\" data-end=\"2286\">\n<td data-start=\"2239\" data-end=\"2260\" data-col-size=\"sm\">\u00c9l\u00e9ments implant\u00e9s<\/td>\n<td data-col-size=\"sm\" data-start=\"2260\" data-end=\"2286\">C, Al, B, P, N, He, Ar<\/td>\n<\/tr>\n<tr data-start=\"2287\" data-end=\"2322\">\n<td data-start=\"2287\" data-end=\"2300\" data-col-size=\"sm\">Gamme de doses<\/td>\n<td data-start=\"2300\" data-end=\"2322\" data-col-size=\"sm\">1E11-1E17 ions\/cm\u00b2<\/td>\n<\/tr>\n<\/tbody>\n<\/table>\n<\/div>\n<\/div>\n<h3 data-section-id=\"h0mtjp\" data-start=\"2329\" data-end=\"2349\">Performance des faisceaux<\/h3>\n<div class=\"TyagGW_tableContainer\">\n<div class=\"group TyagGW_tableWrapper flex flex-col-reverse w-fit\" tabindex=\"-1\">\n<table class=\"w-fit min-w-(--thread-content-width)\" data-start=\"2351\" data-end=\"2505\">\n<thead data-start=\"2351\" data-end=\"2375\">\n<tr data-start=\"2351\" data-end=\"2375\">\n<th class=\"\" data-start=\"2351\" data-end=\"2358\" data-col-size=\"sm\">Objet<\/th>\n<th class=\"\" data-start=\"2358\" data-end=\"2375\" data-col-size=\"md\">Sp\u00e9cifications<\/th>\n<\/tr>\n<\/thead>\n<tbody data-start=\"2400\" data-end=\"2505\">\n<tr data-start=\"2400\" data-end=\"2475\">\n<td data-start=\"2400\" data-end=\"2417\" data-col-size=\"sm\">Stabilit\u00e9 de la poutre<\/td>\n<td data-col-size=\"md\" data-start=\"2417\" data-end=\"2475\">\u2264 10% \/ heure (\u22641 interruption de faisceau ou arc par heure)<\/td>\n<\/tr>\n<tr data-start=\"2476\" data-end=\"2505\">\n<td data-start=\"2476\" data-end=\"2495\" data-col-size=\"sm\">Parall\u00e9lisme des poutres<\/td>\n<td data-col-size=\"md\" data-start=\"2495\" data-end=\"2505\">\u2264 0.2\u00b0<\/td>\n<\/tr>\n<\/tbody>\n<\/table>\n<\/div>\n<\/div>\n<h3 data-section-id=\"ieoahx\" data-start=\"2512\" data-end=\"2537\">Pr\u00e9cision de l'implantation<\/h3>\n<div class=\"TyagGW_tableContainer\">\n<div class=\"group TyagGW_tableWrapper flex flex-col-reverse w-fit\" tabindex=\"-1\">\n<table class=\"w-fit min-w-(--thread-content-width)\" data-start=\"2539\" data-end=\"2729\">\n<thead data-start=\"2539\" data-end=\"2563\">\n<tr data-start=\"2539\" data-end=\"2563\">\n<th class=\"\" data-start=\"2539\" data-end=\"2546\" data-col-size=\"sm\">Objet<\/th>\n<th class=\"\" data-start=\"2546\" data-end=\"2563\" data-col-size=\"sm\">Sp\u00e9cifications<\/th>\n<\/tr>\n<\/thead>\n<tbody data-start=\"2588\" data-end=\"2729\">\n<tr data-start=\"2588\" data-end=\"2620\">\n<td data-start=\"2588\" data-end=\"2610\" data-col-size=\"sm\">Gamme d'angles de l'implant<\/td>\n<td data-col-size=\"sm\" data-start=\"2610\" data-end=\"2620\">0\u00b0-45\u00b0<\/td>\n<\/tr>\n<tr data-start=\"2621\" data-end=\"2648\">\n<td data-start=\"2621\" data-end=\"2638\" data-col-size=\"sm\">Pr\u00e9cision de l'angle<\/td>\n<td data-col-size=\"sm\" data-start=\"2638\" data-end=\"2648\">\u2264 0.2\u00b0<\/td>\n<\/tr>\n<tr data-start=\"2649\" data-end=\"2697\">\n<td data-start=\"2649\" data-end=\"2667\" data-col-size=\"sm\">Uniformit\u00e9 (1\u03c3)<\/td>\n<td data-col-size=\"sm\" data-start=\"2667\" data-end=\"2697\">\u2264 0,5% (P+, 1E14, 100 keV)<\/td>\n<\/tr>\n<tr data-start=\"2698\" data-end=\"2729\">\n<td data-start=\"2698\" data-end=\"2719\" data-col-size=\"sm\">R\u00e9p\u00e9tabilit\u00e9 (1\u03c3)<\/td>\n<td data-col-size=\"sm\" data-start=\"2719\" data-end=\"2729\">\u2264 0,5%<\/td>\n<\/tr>\n<\/tbody>\n<\/table>\n<\/div>\n<\/div>\n<h3 data-section-id=\"1i84h7f\" data-start=\"2736\" data-end=\"2758\">Performance du syst\u00e8me<\/h3>\n<div class=\"TyagGW_tableContainer\">\n<div class=\"group TyagGW_tableWrapper flex flex-col-reverse w-fit\" tabindex=\"-1\">\n<table class=\"w-fit min-w-(--thread-content-width)\" data-start=\"2760\" data-end=\"3074\">\n<thead data-start=\"2760\" data-end=\"2784\">\n<tr data-start=\"2760\" data-end=\"2784\">\n<th class=\"\" data-start=\"2760\" data-end=\"2767\" data-col-size=\"sm\">Objet<\/th>\n<th class=\"\" data-start=\"2767\" data-end=\"2784\" data-col-size=\"md\">Sp\u00e9cifications<\/th>\n<\/tr>\n<\/thead>\n<tbody data-start=\"2809\" data-end=\"3074\">\n<tr data-start=\"2809\" data-end=\"2847\">\n<td data-start=\"2809\" data-end=\"2822\" data-col-size=\"sm\">D\u00e9bit<\/td>\n<td data-col-size=\"md\" data-start=\"2822\" data-end=\"2847\">\u2265 200 gaufres par heure<\/td>\n<\/tr>\n<tr data-start=\"2848\" data-end=\"2885\">\n<td data-start=\"2848\" data-end=\"2876\" data-col-size=\"sm\">Temp\u00e9rature maximale du mandrin<\/td>\n<td data-col-size=\"md\" data-start=\"2876\" data-end=\"2885\">500\u00b0C<\/td>\n<\/tr>\n<tr data-start=\"2886\" data-end=\"2928\">\n<td data-start=\"2886\" data-end=\"2903\" data-col-size=\"sm\">Taille de l'\u00e9quipement<\/td>\n<td data-col-size=\"md\" data-start=\"2903\" data-end=\"2928\">6270 \u00d7 3500 \u00d7 3000 mm<\/td>\n<\/tr>\n<tr data-start=\"2929\" data-end=\"2957\">\n<td data-start=\"2929\" data-end=\"2944\" data-col-size=\"sm\">Niveau de vide<\/td>\n<td data-col-size=\"md\" data-start=\"2944\" data-end=\"2957\">5E-7 Torr<\/td>\n<\/tr>\n<tr data-start=\"2958\" data-end=\"2989\">\n<td data-start=\"2958\" data-end=\"2974\" data-col-size=\"sm\">Fuite de rayons X<\/td>\n<td data-col-size=\"md\" data-start=\"2974\" data-end=\"2989\">\u2264 0,3 \u03bcSv\/h<\/td>\n<\/tr>\n<tr data-start=\"2990\" data-end=\"3074\">\n<td data-start=\"2990\" data-end=\"3006\" data-col-size=\"sm\">Mode de num\u00e9risation<\/td>\n<td data-col-size=\"md\" data-start=\"3006\" data-end=\"3074\">Balayage \u00e9lectrostatique horizontal + balayage m\u00e9canique vertical<\/td>\n<\/tr>\n<\/tbody>\n<\/table>\n<\/div>\n<\/div>\n<hr data-start=\"3076\" data-end=\"3079\" \/>\n<h2 data-section-id=\"1nd7jny\" data-start=\"3081\" data-end=\"3102\">Champs d'application<\/h2>\n<h3 data-section-id=\"gije38\" data-start=\"3104\" data-end=\"3141\">Fabrication de semi-conducteurs SiC<\/h3>\n<p data-start=\"3142\" data-end=\"3239\">Utilis\u00e9 dans la fabrication de dispositifs en carbure de silicium n\u00e9cessitant des proc\u00e9d\u00e9s d'implantation ionique \u00e0 haute temp\u00e9rature.<\/p>\n<h3 data-section-id=\"k65407\" data-start=\"3241\" data-end=\"3285\">Traitement des semi-conducteurs \u00e0 base de silicium<\/h3>\n<p data-start=\"3286\" data-end=\"3370\">Applicable \u00e0 la fabrication de CMOS et de circuits int\u00e9gr\u00e9s sur des plaquettes de 6 et 8 pouces.<\/p>\n<h3 data-section-id=\"rry3qf\" data-start=\"3372\" data-end=\"3417\">Proc\u00e9d\u00e9s d'implantation \u00e0 haute temp\u00e9rature<\/h3>\n<p data-start=\"3418\" data-end=\"3527\">Convient aux proc\u00e9d\u00e9s n\u00e9cessitant une temp\u00e9rature \u00e9lev\u00e9e pour r\u00e9duire les dommages aux cristaux et am\u00e9liorer l'activation du dopant.<\/p>\n<h3 data-section-id=\"454qrl\" data-start=\"3529\" data-end=\"3559\">Fabrication de dispositifs de puissance<\/h3>\n<p data-start=\"3560\" data-end=\"3650\">Utilis\u00e9 dans les dispositifs semi-conducteurs de puissance n\u00e9cessitant une implantation profonde et des processus \u00e0 haute \u00e9nergie.<\/p>\n<h3 data-section-id=\"amjxl6\" data-start=\"3652\" data-end=\"3687\">Ing\u00e9nierie des mat\u00e9riaux avanc\u00e9s<\/h3>\n<p data-start=\"3688\" data-end=\"3787\">Soutien \u00e0 l'implantation ionique dans les environnements de d\u00e9veloppement de mat\u00e9riaux et de proc\u00e9d\u00e9s semi-conducteurs avanc\u00e9s.<\/p>\n<hr data-start=\"3789\" data-end=\"3792\" \/>\n<h2 data-section-id=\"1r8frcv\" data-start=\"3794\" data-end=\"3823\">Questions fr\u00e9quemment pos\u00e9es<\/h2>\n<h3 data-section-id=\"v0ng97\" data-start=\"3825\" data-end=\"3875\">1. Quelles sont les tailles de plaquettes prises en charge par l'Ai350HT ?<\/h3>\n<p data-start=\"3876\" data-end=\"4002\">Le syst\u00e8me prend en charge les plaquettes de 6 et 8 pouces et convient aux lignes de fabrication de semi-conducteurs \u00e0 base de silicium et de SiC.<\/p>\n<h3 data-section-id=\"1fcyssk\" data-start=\"4004\" data-end=\"4074\">2. Quelle est la temp\u00e9rature maximale support\u00e9e pendant l'implantation ?<\/h3>\n<p data-start=\"4075\" data-end=\"4197\">Le syst\u00e8me permet une implantation \u00e0 haute temp\u00e9rature, jusqu'\u00e0 500\u00b0C, en utilisant un mandrin \u00e9lectrostatique chauff\u00e9 avec serrage m\u00e9canique.<\/p>\n<h3 data-section-id=\"1pcs3bs\" data-start=\"4199\" data-end=\"4269\">3. Quels sont les principaux avantages de ce syst\u00e8me pour les proc\u00e9d\u00e9s SiC ?<\/h3>\n<p data-start=\"4270\" data-end=\"4445\">Le syst\u00e8me combine une capacit\u00e9 \u00e0 haute temp\u00e9rature, une performance de faisceau stable et une compatibilit\u00e9 avec les processus SiC, ce qui le rend adapt\u00e9 aux applications de semi-conducteurs \u00e0 large bande passante.<\/p>","protected":false},"excerpt":{"rendered":"<p>Le syst\u00e8me d'implantation ionique \u00e0 haute temp\u00e9rature Ai350HT (Medium Beam) est con\u00e7u pour les lignes de fabrication de semi-conducteurs \u00e0 partir de tranches de silicium de 6 et 8 pouces, ainsi que pour les applications de traitement SiC. Il s'agit d'un implanteur ionique \u00e0 courant moyen d\u00e9velopp\u00e9 pour les processus de dopage \u00e0 haute \u00e9nergie et \u00e0 haute temp\u00e9rature dans la fabrication avanc\u00e9e de semi-conducteurs.<\/p>","protected":false},"featured_media":2361,"comment_status":"open","ping_status":"closed","template":"","meta":{"site-sidebar-layout":"default","site-content-layout":"","ast-site-content-layout":"default","site-content-style":"default","site-sidebar-style":"default","ast-global-header-display":"","ast-banner-title-visibility":"","ast-main-header-display":"","ast-hfb-above-header-display":"","ast-hfb-below-header-display":"","ast-hfb-mobile-header-display":"","site-post-title":"","ast-breadcrumbs-content":"","ast-featured-img":"","footer-sml-layout":"","ast-disable-related-posts":"","theme-transparent-header-meta":"default","adv-header-id-meta":"","stick-header-meta":"default","header-above-stick-meta":"","header-main-stick-meta":"","header-below-stick-meta":"","astra-migrate-meta-layouts":"set","ast-page-background-enabled":"default","ast-page-background-meta":{"desktop":{"background-color":"var(--ast-global-color-4)","background-image":"","background-repeat":"repeat","background-position":"center center","background-size":"auto","background-attachment":"scroll","background-type":"","background-media":"","overlay-type":"","overlay-color":"","overlay-opacity":"","overlay-gradient":""},"tablet":{"background-color":"","background-image":"","background-repeat":"repeat","background-position":"center center","background-size":"auto","background-attachment":"scroll","background-type":"","background-media":"","overlay-type":"","overlay-color":"","overlay-opacity":"","overlay-gradient":""},"mobile":{"background-color":"","background-image":"","background-repeat":"repeat","background-position":"center center","background-size":"auto","background-attachment":"scroll","background-type":"","background-media":"","overlay-type":"","overlay-color":"","overlay-opacity":"","overlay-gradient":""}},"ast-content-background-meta":{"desktop":{"background-color":"var(--ast-global-color-5)","background-image":"","background-repeat":"repeat","background-position":"center center","background-size":"auto","background-attachment":"scroll","background-type":"","background-media":"","overlay-type":"","overlay-color":"","overlay-opacity":"","overlay-gradient":""},"tablet":{"background-color":"var(--ast-global-color-5)","background-image":"","background-repeat":"repeat","background-position":"center center","background-size":"auto","background-attachment":"scroll","background-type":"","background-media":"","overlay-type":"","overlay-color":"","overlay-opacity":"","overlay-gradient":""},"mobile":{"background-color":"var(--ast-global-color-5)","background-image":"","background-repeat":"repeat","background-position":"center center","background-size":"auto","background-attachment":"scroll","background-type":"","background-media":"","overlay-type":"","overlay-color":"","overlay-opacity":"","overlay-gradient":""}}},"product_brand":[],"product_cat":[1177],"product_tag":[1189,1190,1194,1178,1181,1186,1199,1196,1195,1198],"class_list":{"0":"post-2360","1":"product","2":"type-product","3":"status-publish","4":"has-post-thumbnail","6":"product_cat-ion-implantation-equipment","7":"product_tag-6-inch-wafer-equipment","8":"product_tag-8-inch-wafer-processing","9":"product_tag-high-temperature-ion-implantation","10":"product_tag-ion-implantation-system","11":"product_tag-lsi-manufacturing-equipment","12":"product_tag-medium-beam-ion-implanter","13":"product_tag-power-device-fabrication-equipment","14":"product_tag-semiconductor-doping-machine","15":"product_tag-sic-implantation-equipment","16":"product_tag-wide-bandgap-semiconductor-equipment","17":"desktop-align-left","18":"tablet-align-left","19":"mobile-align-left","20":"ast-product-gallery-layout-horizontal-slider","21":"ast-product-gallery-with-no-image","22":"ast-product-tabs-layout-horizontal","24":"first","25":"instock","26":"shipping-taxable","27":"product-type-simple"},"_links":{"self":[{"href":"https:\/\/www.zmsh-semitech.com\/fr\/wp-json\/wp\/v2\/product\/2360","targetHints":{"allow":["GET"]}}],"collection":[{"href":"https:\/\/www.zmsh-semitech.com\/fr\/wp-json\/wp\/v2\/product"}],"about":[{"href":"https:\/\/www.zmsh-semitech.com\/fr\/wp-json\/wp\/v2\/types\/product"}],"replies":[{"embeddable":true,"href":"https:\/\/www.zmsh-semitech.com\/fr\/wp-json\/wp\/v2\/comments?post=2360"}],"version-history":[{"count":4,"href":"https:\/\/www.zmsh-semitech.com\/fr\/wp-json\/wp\/v2\/product\/2360\/revisions"}],"predecessor-version":[{"id":2367,"href":"https:\/\/www.zmsh-semitech.com\/fr\/wp-json\/wp\/v2\/product\/2360\/revisions\/2367"}],"wp:featuredmedia":[{"embeddable":true,"href":"https:\/\/www.zmsh-semitech.com\/fr\/wp-json\/wp\/v2\/media\/2361"}],"wp:attachment":[{"href":"https:\/\/www.zmsh-semitech.com\/fr\/wp-json\/wp\/v2\/media?parent=2360"}],"wp:term":[{"taxonomy":"product_brand","embeddable":true,"href":"https:\/\/www.zmsh-semitech.com\/fr\/wp-json\/wp\/v2\/product_brand?post=2360"},{"taxonomy":"product_cat","embeddable":true,"href":"https:\/\/www.zmsh-semitech.com\/fr\/wp-json\/wp\/v2\/product_cat?post=2360"},{"taxonomy":"product_tag","embeddable":true,"href":"https:\/\/www.zmsh-semitech.com\/fr\/wp-json\/wp\/v2\/product_tag?post=2360"}],"curies":[{"name":"wp","href":"https:\/\/api.w.org\/{rel}","templated":true}]}}