{"id":2354,"date":"2026-04-22T06:34:59","date_gmt":"2026-04-22T06:34:59","guid":{"rendered":"https:\/\/www.zmsh-semitech.com\/?post_type=product&#038;p=2354"},"modified":"2026-04-22T07:16:34","modified_gmt":"2026-04-22T07:16:34","slug":"ai300-medium-beam-high-temperature-ion-implantation-system-for-12-inch-wafer-processing","status":"publish","type":"product","link":"https:\/\/www.zmsh-semitech.com\/fr\/product\/ai300-medium-beam-high-temperature-ion-implantation-system-for-12-inch-wafer-processing\/","title":{"rendered":"Syst\u00e8me d'implantation d'ions \u00e0 haute temp\u00e9rature Ai300 (faisceau moyen) pour le traitement de plaquettes de 12 pouces"},"content":{"rendered":"<p data-start=\"228\" data-end=\"538\"><img fetchpriority=\"high\" decoding=\"async\" class=\"alignright wp-image-2357 size-medium\" src=\"https:\/\/www.zmsh-semitech.com\/wp-content\/uploads\/2026\/04\/AI300-300x300.png\" alt=\"Syst\u00e8me d&#039;implantation d&#039;ions \u00e0 haute temp\u00e9rature Ai300 (faisceau moyen) pour le traitement de plaquettes de 12 pouces\" width=\"300\" height=\"300\" srcset=\"https:\/\/www.zmsh-semitech.com\/wp-content\/uploads\/2026\/04\/AI300-300x300.png 300w, https:\/\/www.zmsh-semitech.com\/wp-content\/uploads\/2026\/04\/AI300-150x150.png 150w, https:\/\/www.zmsh-semitech.com\/wp-content\/uploads\/2026\/04\/AI300-768x768.png 768w, https:\/\/www.zmsh-semitech.com\/wp-content\/uploads\/2026\/04\/AI300-12x12.png 12w, https:\/\/www.zmsh-semitech.com\/wp-content\/uploads\/2026\/04\/AI300-600x600.png 600w, https:\/\/www.zmsh-semitech.com\/wp-content\/uploads\/2026\/04\/AI300-100x100.png 100w, https:\/\/www.zmsh-semitech.com\/wp-content\/uploads\/2026\/04\/AI300.png 1000w\" sizes=\"(max-width: 300px) 100vw, 300px\" \/>Le syst\u00e8me d'implantation ionique \u00e0 haute temp\u00e9rature Ai300 (Medium Beam) est con\u00e7u pour les lignes de fabrication de semi-conducteurs \u00e0 partir de plaquettes de silicium de 12 pouces. Il s'agit d'un implanteur ionique \u00e0 courant moyen d\u00e9velopp\u00e9 pour les processus de dopage avanc\u00e9s dans les applications de semi-conducteurs \u00e0 base de silicium et \u00e0 large bande interdite, y compris les lignes de traitement SiC.<\/p>\n<p data-start=\"540\" data-end=\"872\">Le syst\u00e8me prend en charge une gamme d'\u00e9nergie allant de 5 keV \u00e0 300 keV, ce qui permet une implantation flexible allant de la formation de jonctions peu profondes \u00e0 des applications de dopage profond. Il est \u00e9quip\u00e9 d'une platine pour plaquettes chauff\u00e9e \u00e0 haute temp\u00e9rature, avec une temp\u00e9rature maximale de 400\u00b0C, ce qui permet d'am\u00e9liorer l'activation du dopant et de r\u00e9duire les dommages au r\u00e9seau pendant l'implantation.<\/p>\n<p data-start=\"874\" data-end=\"1076\">Avec une performance stable du faisceau, un contr\u00f4le de haute pr\u00e9cision et une compatibilit\u00e9 avec les processus de circuits int\u00e9gr\u00e9s \u00e0 grande \u00e9chelle, le syst\u00e8me Ai300 est adapt\u00e9 aux environnements de fabrication de semi-conducteurs avanc\u00e9s.<\/p>\n<hr data-start=\"1078\" data-end=\"1081\" \/>\n<h2 data-section-id=\"1d7mrtu\" data-start=\"1083\" data-end=\"1094\">Caract\u00e9ristiques<\/h2>\n<h3 data-section-id=\"1oge1av\" data-start=\"1096\" data-end=\"1135\">Capacit\u00e9 d'implantation \u00e0 haute temp\u00e9rature<\/h3>\n<p data-start=\"1136\" data-end=\"1272\">\u00c9quip\u00e9 d'un plateau chauffant pour les plaquettes de silicium, supportant des temp\u00e9ratures allant jusqu'\u00e0 400\u00b0C, am\u00e9liorant la qualit\u00e9 de l'implantation et l'efficacit\u00e9 de l'activation du dopant.<\/p>\n<h3 data-section-id=\"ox5pwk\" data-start=\"1274\" data-end=\"1295\">Large gamme d'\u00e9nergie<\/h3>\n<p data-start=\"1296\" data-end=\"1407\">La gamme d'\u00e9nergie de 5 \u00e0 300 keV permet des processus d'implantation \u00e0 la fois superficiels et profonds pour les structures de dispositifs avanc\u00e9s.<\/p>\n<h3 data-section-id=\"1czdwpe\" data-start=\"1409\" data-end=\"1440\">Contr\u00f4le de faisceau de haute pr\u00e9cision<\/h3>\n<p data-start=\"1441\" data-end=\"1574\">Permet une implantation de haute pr\u00e9cision avec une pr\u00e9cision angulaire \u2264 0,1\u00b0, un parall\u00e9lisme de faisceau \u2264 0,1\u00b0, une uniformit\u00e9 \u2264 0,5% et une r\u00e9p\u00e9tabilit\u00e9 \u2264 0,5%.<\/p>\n<h3 data-section-id=\"1q1uyu2\" data-start=\"1576\" data-end=\"1607\">Performance \u00e0 haut d\u00e9bit<\/h3>\n<p data-start=\"1608\" data-end=\"1710\">Le d\u00e9bit peut atteindre \u2265 500 plaquettes par heure, ce qui convient \u00e0 la fabrication de semi-conducteurs en grande quantit\u00e9.<\/p>\n<h3 data-section-id=\"1h8myql\" data-start=\"1712\" data-end=\"1746\">Capacit\u00e9 de source d'ions avanc\u00e9e<\/h3>\n<p data-start=\"1747\" data-end=\"1869\">Prend en charge de multiples \u00e9l\u00e9ments implant\u00e9s, notamment C, B, P, N, He et Ar, r\u00e9pondant ainsi \u00e0 diverses exigences en mati\u00e8re de processus de semi-conducteurs.<\/p>\n<h3 data-section-id=\"1bq068l\" data-start=\"1871\" data-end=\"1900\">Compatibilit\u00e9 des processus LSI<\/h3>\n<p data-start=\"1901\" data-end=\"2010\">Enti\u00e8rement compatible avec les processus de fabrication de circuits int\u00e9gr\u00e9s \u00e0 grande \u00e9chelle et la fabrication de dispositifs avanc\u00e9s.<\/p>\n<p data-start=\"1901\" data-end=\"2010\"><img decoding=\"async\" class=\"alignnone size-medium wp-image-2368\" src=\"https:\/\/www.zmsh-semitech.com\/wp-content\/uploads\/2026\/04\/Annular-Implantation-1-267x300.webp\" alt=\"\" width=\"267\" height=\"300\" srcset=\"https:\/\/www.zmsh-semitech.com\/wp-content\/uploads\/2026\/04\/Annular-Implantation-1-267x300.webp 267w, https:\/\/www.zmsh-semitech.com\/wp-content\/uploads\/2026\/04\/Annular-Implantation-1-11x12.webp 11w, https:\/\/www.zmsh-semitech.com\/wp-content\/uploads\/2026\/04\/Annular-Implantation-1.webp 462w\" sizes=\"(max-width: 267px) 100vw, 267px\" \/> <img decoding=\"async\" class=\"alignnone size-medium wp-image-2369\" src=\"https:\/\/www.zmsh-semitech.com\/wp-content\/uploads\/2026\/04\/Quadrant-Implantation-1-291x300.webp\" alt=\"\" width=\"291\" height=\"300\" srcset=\"https:\/\/www.zmsh-semitech.com\/wp-content\/uploads\/2026\/04\/Quadrant-Implantation-1-291x300.webp 291w, https:\/\/www.zmsh-semitech.com\/wp-content\/uploads\/2026\/04\/Quadrant-Implantation-1-12x12.webp 12w, https:\/\/www.zmsh-semitech.com\/wp-content\/uploads\/2026\/04\/Quadrant-Implantation-1.webp 499w\" sizes=\"(max-width: 291px) 100vw, 291px\" \/><\/p>\n<hr data-start=\"2012\" data-end=\"2015\" \/>\n<h2 data-section-id=\"rkota4\" data-start=\"2017\" data-end=\"2038\">Principales sp\u00e9cifications<\/h2>\n<h3 data-section-id=\"rc5knr\" data-start=\"2040\" data-end=\"2062\">Param\u00e8tres du processus<\/h3>\n<div class=\"TyagGW_tableContainer\">\n<div class=\"group TyagGW_tableWrapper flex flex-col-reverse w-fit\" tabindex=\"-1\">\n<table class=\"w-fit min-w-(--thread-content-width)\" data-start=\"2064\" data-end=\"2246\">\n<thead data-start=\"2064\" data-end=\"2088\">\n<tr data-start=\"2064\" data-end=\"2088\">\n<th class=\"\" data-start=\"2064\" data-end=\"2071\" data-col-size=\"sm\">Objet<\/th>\n<th class=\"\" data-start=\"2071\" data-end=\"2088\" data-col-size=\"sm\">Sp\u00e9cifications<\/th>\n<\/tr>\n<\/thead>\n<tbody data-start=\"2113\" data-end=\"2246\">\n<tr data-start=\"2113\" data-end=\"2137\">\n<td data-start=\"2113\" data-end=\"2126\" data-col-size=\"sm\">Taille de la plaquette<\/td>\n<td data-col-size=\"sm\" data-start=\"2126\" data-end=\"2137\">12 pouces<\/td>\n<\/tr>\n<tr data-start=\"2138\" data-end=\"2166\">\n<td data-start=\"2138\" data-end=\"2153\" data-col-size=\"sm\">Gamme d'\u00e9nergie<\/td>\n<td data-col-size=\"sm\" data-start=\"2153\" data-end=\"2166\">5-300 keV<\/td>\n<\/tr>\n<tr data-start=\"2167\" data-end=\"2210\">\n<td data-start=\"2167\" data-end=\"2188\" data-col-size=\"sm\">\u00c9l\u00e9ments implant\u00e9s<\/td>\n<td data-col-size=\"sm\" data-start=\"2188\" data-end=\"2210\">C, B, P, N, He, Ar<\/td>\n<\/tr>\n<tr data-start=\"2211\" data-end=\"2246\">\n<td data-start=\"2211\" data-end=\"2224\" data-col-size=\"sm\">Gamme de doses<\/td>\n<td data-col-size=\"sm\" data-start=\"2224\" data-end=\"2246\">1E11-1E16 ions\/cm\u00b2<\/td>\n<\/tr>\n<\/tbody>\n<\/table>\n<\/div>\n<\/div>\n<h3 data-section-id=\"h0mtjp\" data-start=\"2253\" data-end=\"2273\">Performance des faisceaux<\/h3>\n<div class=\"TyagGW_tableContainer\">\n<div class=\"group TyagGW_tableWrapper flex flex-col-reverse w-fit\" tabindex=\"-1\">\n<table class=\"w-fit min-w-(--thread-content-width)\" data-start=\"2275\" data-end=\"2429\">\n<thead data-start=\"2275\" data-end=\"2299\">\n<tr data-start=\"2275\" data-end=\"2299\">\n<th class=\"\" data-start=\"2275\" data-end=\"2282\" data-col-size=\"sm\">Objet<\/th>\n<th class=\"\" data-start=\"2282\" data-end=\"2299\" data-col-size=\"md\">Sp\u00e9cifications<\/th>\n<\/tr>\n<\/thead>\n<tbody data-start=\"2324\" data-end=\"2429\">\n<tr data-start=\"2324\" data-end=\"2399\">\n<td data-start=\"2324\" data-end=\"2341\" data-col-size=\"sm\">Stabilit\u00e9 de la poutre<\/td>\n<td data-col-size=\"md\" data-start=\"2341\" data-end=\"2399\">\u2264 10% \/ heure (\u22641 interruption de faisceau ou arc par heure)<\/td>\n<\/tr>\n<tr data-start=\"2400\" data-end=\"2429\">\n<td data-start=\"2400\" data-end=\"2419\" data-col-size=\"sm\">Parall\u00e9lisme des poutres<\/td>\n<td data-col-size=\"md\" data-start=\"2419\" data-end=\"2429\">\u2264 0.1\u00b0<\/td>\n<\/tr>\n<\/tbody>\n<\/table>\n<\/div>\n<\/div>\n<h3 data-section-id=\"ieoahx\" data-start=\"2436\" data-end=\"2461\">Pr\u00e9cision de l'implantation<\/h3>\n<div class=\"TyagGW_tableContainer\">\n<div class=\"group TyagGW_tableWrapper flex flex-col-reverse w-fit\" tabindex=\"-1\">\n<table class=\"w-fit min-w-(--thread-content-width)\" data-start=\"2463\" data-end=\"2653\">\n<thead data-start=\"2463\" data-end=\"2487\">\n<tr data-start=\"2463\" data-end=\"2487\">\n<th class=\"\" data-start=\"2463\" data-end=\"2470\" data-col-size=\"sm\">Objet<\/th>\n<th class=\"\" data-start=\"2470\" data-end=\"2487\" data-col-size=\"sm\">Sp\u00e9cifications<\/th>\n<\/tr>\n<\/thead>\n<tbody data-start=\"2512\" data-end=\"2653\">\n<tr data-start=\"2512\" data-end=\"2544\">\n<td data-start=\"2512\" data-end=\"2534\" data-col-size=\"sm\">Gamme d'angles de l'implant<\/td>\n<td data-col-size=\"sm\" data-start=\"2534\" data-end=\"2544\">0\u00b0-45\u00b0<\/td>\n<\/tr>\n<tr data-start=\"2545\" data-end=\"2572\">\n<td data-start=\"2545\" data-end=\"2562\" data-col-size=\"sm\">Pr\u00e9cision de l'angle<\/td>\n<td data-col-size=\"sm\" data-start=\"2562\" data-end=\"2572\">\u2264 0.1\u00b0<\/td>\n<\/tr>\n<tr data-start=\"2573\" data-end=\"2621\">\n<td data-start=\"2573\" data-end=\"2591\" data-col-size=\"sm\">Uniformit\u00e9 (1\u03c3)<\/td>\n<td data-col-size=\"sm\" data-start=\"2591\" data-end=\"2621\">\u2264 0,5% (P+, 1E14, 100 keV)<\/td>\n<\/tr>\n<tr data-start=\"2622\" data-end=\"2653\">\n<td data-start=\"2622\" data-end=\"2643\" data-col-size=\"sm\">R\u00e9p\u00e9tabilit\u00e9 (1\u03c3)<\/td>\n<td data-col-size=\"sm\" data-start=\"2643\" data-end=\"2653\">\u2264 0,5%<\/td>\n<\/tr>\n<\/tbody>\n<\/table>\n<\/div>\n<\/div>\n<h3 data-section-id=\"1i84h7f\" data-start=\"2660\" data-end=\"2682\">Performance du syst\u00e8me<\/h3>\n<div class=\"TyagGW_tableContainer\">\n<div class=\"group TyagGW_tableWrapper flex flex-col-reverse w-fit\" tabindex=\"-1\">\n<table class=\"w-fit min-w-(--thread-content-width)\" data-start=\"2684\" data-end=\"3000\">\n<thead data-start=\"2684\" data-end=\"2708\">\n<tr data-start=\"2684\" data-end=\"2708\">\n<th class=\"\" data-start=\"2684\" data-end=\"2691\" data-col-size=\"sm\">Objet<\/th>\n<th class=\"\" data-start=\"2691\" data-end=\"2708\" data-col-size=\"md\">Sp\u00e9cifications<\/th>\n<\/tr>\n<\/thead>\n<tbody data-start=\"2733\" data-end=\"3000\">\n<tr data-start=\"2733\" data-end=\"2771\">\n<td data-start=\"2733\" data-end=\"2746\" data-col-size=\"sm\">D\u00e9bit<\/td>\n<td data-col-size=\"md\" data-start=\"2746\" data-end=\"2771\">\u2265 500 gaufres par heure<\/td>\n<\/tr>\n<tr data-start=\"2772\" data-end=\"2811\">\n<td data-start=\"2772\" data-end=\"2802\" data-col-size=\"sm\">Temp\u00e9rature maximale de l'implant<\/td>\n<td data-col-size=\"md\" data-start=\"2802\" data-end=\"2811\">400\u00b0C<\/td>\n<\/tr>\n<tr data-start=\"2812\" data-end=\"2854\">\n<td data-start=\"2812\" data-end=\"2829\" data-col-size=\"sm\">Taille de l'\u00e9quipement<\/td>\n<td data-col-size=\"md\" data-start=\"2829\" data-end=\"2854\">6400 \u00d7 3640 \u00d7 3100 mm<\/td>\n<\/tr>\n<tr data-start=\"2855\" data-end=\"2883\">\n<td data-start=\"2855\" data-end=\"2870\" data-col-size=\"sm\">Niveau de vide<\/td>\n<td data-col-size=\"md\" data-start=\"2870\" data-end=\"2883\">5E-7 Torr<\/td>\n<\/tr>\n<tr data-start=\"2884\" data-end=\"2915\">\n<td data-start=\"2884\" data-end=\"2900\" data-col-size=\"sm\">Fuite de rayons X<\/td>\n<td data-col-size=\"md\" data-start=\"2900\" data-end=\"2915\">\u2264 0,3 \u03bcSv\/h<\/td>\n<\/tr>\n<tr data-start=\"2916\" data-end=\"3000\">\n<td data-start=\"2916\" data-end=\"2932\" data-col-size=\"sm\">Mode de num\u00e9risation<\/td>\n<td data-col-size=\"md\" data-start=\"2932\" data-end=\"3000\">Balayage \u00e9lectrostatique horizontal + balayage m\u00e9canique vertical<\/td>\n<\/tr>\n<\/tbody>\n<\/table>\n<\/div>\n<\/div>\n<hr data-start=\"3002\" data-end=\"3005\" \/>\n<h2 data-section-id=\"1nd7jny\" data-start=\"3007\" data-end=\"3028\">Champs d'application<\/h2>\n<h3 data-section-id=\"1xxdh4v\" data-start=\"3030\" data-end=\"3062\">Traitement des semi-conducteurs SiC<\/h3>\n<p data-start=\"3063\" data-end=\"3194\">Utilis\u00e9 dans la fabrication de dispositifs en carbure de silicium, pour soutenir les processus d'implantation \u00e0 haute temp\u00e9rature n\u00e9cessaires pour les mat\u00e9riaux \u00e0 large bande interdite.<\/p>\n<h3 data-section-id=\"kkfbvw\" data-start=\"3196\" data-end=\"3241\">Fabrication de semi-conducteurs \u00e0 base de silicium<\/h3>\n<p data-start=\"3242\" data-end=\"3348\">Applicable aux lignes de production de plaquettes de silicium de 12 pouces pour la fabrication de circuits int\u00e9gr\u00e9s CMOS et avanc\u00e9s.<\/p>\n<h3 data-section-id=\"c3blgn\" data-start=\"3350\" data-end=\"3393\">Proc\u00e9d\u00e9s d'implantation \u00e0 haute temp\u00e9rature<\/h3>\n<p data-start=\"3394\" data-end=\"3511\">Il prend en charge les processus d'implantation n\u00e9cessitant une temp\u00e9rature \u00e9lev\u00e9e de la plaquette afin de r\u00e9duire les d\u00e9fauts et d'am\u00e9liorer l'activation du dopant.<\/p>\n<h3 data-section-id=\"2m28ht\" data-start=\"3513\" data-end=\"3541\">Fabrication de dispositifs de puissance<\/h3>\n<p data-start=\"3542\" data-end=\"3646\">Convient aux dispositifs semi-conducteurs de puissance n\u00e9cessitant un dopage pr\u00e9cis et une implantation \u00e0 haute \u00e9nergie.<\/p>\n<h3 data-section-id=\"10yv1en\" data-start=\"3648\" data-end=\"3690\">Production de circuits int\u00e9gr\u00e9s avanc\u00e9s<\/h3>\n<p data-start=\"3691\" data-end=\"3777\">Permet l'int\u00e9gration des processus LSI avec des exigences de haute pr\u00e9cision et de haut d\u00e9bit.<\/p>\n<hr data-start=\"3779\" data-end=\"3782\" \/>\n<h2 data-section-id=\"1r8frcv\" data-start=\"3784\" data-end=\"3813\">Questions fr\u00e9quemment pos\u00e9es<\/h2>\n<h3 data-section-id=\"hl3b9g\" data-start=\"3815\" data-end=\"3867\">1. Quelle taille de plaquette le syst\u00e8me Ai300 prend-il en charge ?<\/h3>\n<p data-start=\"3868\" data-end=\"3981\">Le syst\u00e8me est con\u00e7u pour les plaquettes de silicium de 12 pouces et convient aux lignes de fabrication de semi-conducteurs de pointe.<\/p>\n<h3 data-section-id=\"gygi37\" data-start=\"3983\" data-end=\"4063\">2. Quel est le principal avantage de la capacit\u00e9 d'implantation \u00e0 haute temp\u00e9rature ?<\/h3>\n<p data-start=\"4064\" data-end=\"4211\">Le syst\u00e8me permet une implantation jusqu'\u00e0 400\u00b0C, ce qui permet de r\u00e9duire les dommages au r\u00e9seau, d'am\u00e9liorer l'activation des dopants et d'accro\u00eetre les performances globales du dispositif.<\/p>\n<h3 data-section-id=\"13ypcut\" data-start=\"4213\" data-end=\"4293\">3. Quel est le niveau de pr\u00e9cision et d'efficacit\u00e9 de la production offert par le syst\u00e8me ?<\/h3>\n<p data-start=\"4294\" data-end=\"4481\">Le syst\u00e8me offre une pr\u00e9cision angulaire de 0,1 degr\u00e9, un parall\u00e9lisme de faisceau de 0,1 degr\u00e9, une uniformit\u00e9 et une r\u00e9p\u00e9tabilit\u00e9 de 0,5 %, avec un d\u00e9bit pouvant atteindre 500 plaquettes par heure.<\/p>","protected":false},"excerpt":{"rendered":"<p>Le syst\u00e8me d'implantation ionique \u00e0 haute temp\u00e9rature Ai300 (Medium Beam) est con\u00e7u pour les lignes de fabrication de semi-conducteurs \u00e0 partir de plaquettes de silicium de 12 pouces. Il s'agit d'un implanteur ionique \u00e0 courant moyen d\u00e9velopp\u00e9 pour les processus de dopage avanc\u00e9s dans les applications de semi-conducteurs \u00e0 base de silicium et \u00e0 large bande interdite, y compris les lignes de traitement SiC.<\/p>","protected":false},"featured_media":2357,"comment_status":"open","ping_status":"closed","template":"","meta":{"site-sidebar-layout":"default","site-content-layout":"","ast-site-content-layout":"default","site-content-style":"default","site-sidebar-style":"default","ast-global-header-display":"","ast-banner-title-visibility":"","ast-main-header-display":"","ast-hfb-above-header-display":"","ast-hfb-below-header-display":"","ast-hfb-mobile-header-display":"","site-post-title":"","ast-breadcrumbs-content":"","ast-featured-img":"","footer-sml-layout":"","ast-disable-related-posts":"","theme-transparent-header-meta":"default","adv-header-id-meta":"","stick-header-meta":"default","header-above-stick-meta":"","header-main-stick-meta":"","header-below-stick-meta":"","astra-migrate-meta-layouts":"set","ast-page-background-enabled":"default","ast-page-background-meta":{"desktop":{"background-color":"var(--ast-global-color-4)","background-image":"","background-repeat":"repeat","background-position":"center center","background-size":"auto","background-attachment":"scroll","background-type":"","background-media":"","overlay-type":"","overlay-color":"","overlay-opacity":"","overlay-gradient":""},"tablet":{"background-color":"","background-image":"","background-repeat":"repeat","background-position":"center center","background-size":"auto","background-attachment":"scroll","background-type":"","background-media":"","overlay-type":"","overlay-color":"","overlay-opacity":"","overlay-gradient":""},"mobile":{"background-color":"","background-image":"","background-repeat":"repeat","background-position":"center center","background-size":"auto","background-attachment":"scroll","background-type":"","background-media":"","overlay-type":"","overlay-color":"","overlay-opacity":"","overlay-gradient":""}},"ast-content-background-meta":{"desktop":{"background-color":"var(--ast-global-color-5)","background-image":"","background-repeat":"repeat","background-position":"center center","background-size":"auto","background-attachment":"scroll","background-type":"","background-media":"","overlay-type":"","overlay-color":"","overlay-opacity":"","overlay-gradient":""},"tablet":{"background-color":"var(--ast-global-color-5)","background-image":"","background-repeat":"repeat","background-position":"center center","background-size":"auto","background-attachment":"scroll","background-type":"","background-media":"","overlay-type":"","overlay-color":"","overlay-opacity":"","overlay-gradient":""},"mobile":{"background-color":"var(--ast-global-color-5)","background-image":"","background-repeat":"repeat","background-position":"center center","background-size":"auto","background-attachment":"scroll","background-type":"","background-media":"","overlay-type":"","overlay-color":"","overlay-opacity":"","overlay-gradient":""}}},"product_brand":[],"product_cat":[1177],"product_tag":[1160,1194,1178,1181,1186,1197,1196,1185,1195,1198],"class_list":{"0":"post-2354","1":"product","2":"type-product","3":"status-publish","4":"has-post-thumbnail","6":"product_cat-ion-implantation-equipment","7":"product_tag-12-inch-wafer-equipment","8":"product_tag-high-temperature-ion-implantation","9":"product_tag-ion-implantation-system","10":"product_tag-lsi-manufacturing-equipment","11":"product_tag-medium-beam-ion-implanter","12":"product_tag-power-semiconductor-processing","13":"product_tag-semiconductor-doping-machine","14":"product_tag-semiconductor-fabrication-equipment","15":"product_tag-sic-implantation-equipment","16":"product_tag-wide-bandgap-semiconductor-equipment","17":"desktop-align-left","18":"tablet-align-left","19":"mobile-align-left","20":"ast-product-gallery-layout-horizontal-slider","21":"ast-product-gallery-with-no-image","22":"ast-product-tabs-layout-horizontal","24":"first","25":"instock","26":"shipping-taxable","27":"product-type-simple"},"_links":{"self":[{"href":"https:\/\/www.zmsh-semitech.com\/fr\/wp-json\/wp\/v2\/product\/2354","targetHints":{"allow":["GET"]}}],"collection":[{"href":"https:\/\/www.zmsh-semitech.com\/fr\/wp-json\/wp\/v2\/product"}],"about":[{"href":"https:\/\/www.zmsh-semitech.com\/fr\/wp-json\/wp\/v2\/types\/product"}],"replies":[{"embeddable":true,"href":"https:\/\/www.zmsh-semitech.com\/fr\/wp-json\/wp\/v2\/comments?post=2354"}],"version-history":[{"count":5,"href":"https:\/\/www.zmsh-semitech.com\/fr\/wp-json\/wp\/v2\/product\/2354\/revisions"}],"predecessor-version":[{"id":2370,"href":"https:\/\/www.zmsh-semitech.com\/fr\/wp-json\/wp\/v2\/product\/2354\/revisions\/2370"}],"wp:featuredmedia":[{"embeddable":true,"href":"https:\/\/www.zmsh-semitech.com\/fr\/wp-json\/wp\/v2\/media\/2357"}],"wp:attachment":[{"href":"https:\/\/www.zmsh-semitech.com\/fr\/wp-json\/wp\/v2\/media?parent=2354"}],"wp:term":[{"taxonomy":"product_brand","embeddable":true,"href":"https:\/\/www.zmsh-semitech.com\/fr\/wp-json\/wp\/v2\/product_brand?post=2354"},{"taxonomy":"product_cat","embeddable":true,"href":"https:\/\/www.zmsh-semitech.com\/fr\/wp-json\/wp\/v2\/product_cat?post=2354"},{"taxonomy":"product_tag","embeddable":true,"href":"https:\/\/www.zmsh-semitech.com\/fr\/wp-json\/wp\/v2\/product_tag?post=2354"}],"curies":[{"name":"wp","href":"https:\/\/api.w.org\/{rel}","templated":true}]}}