{"id":2349,"date":"2026-04-22T06:17:36","date_gmt":"2026-04-22T06:17:36","guid":{"rendered":"https:\/\/www.zmsh-semitech.com\/?post_type=product&#038;p=2349"},"modified":"2026-04-22T07:24:00","modified_gmt":"2026-04-22T07:24:00","slug":"ai200hc-d-high-beam-ion-implantation-system-for-6-8-inch-silicon-wafer-processing-and-smart-cut-applications","status":"publish","type":"product","link":"https:\/\/www.zmsh-semitech.com\/fr\/product\/ai200hc-d-high-beam-ion-implantation-system-for-6-8-inch-silicon-wafer-processing-and-smart-cut-applications\/","title":{"rendered":"Syst\u00e8me d'implantation d'ions \u00e0 haut faisceau Ai200HC.D pour le traitement de plaquettes de silicium de 6\/8 pouces et les applications de coupe intelligente"},"content":{"rendered":"<p data-start=\"155\" data-end=\"421\"><img decoding=\"async\" class=\"wp-image-2350 alignright\" src=\"https:\/\/www.zmsh-semitech.com\/wp-content\/uploads\/2026\/04\/Ai200HC.D-High-Beam-Ion-Implantation-System-300x300.png\" alt=\"\" width=\"209\" height=\"209\" srcset=\"https:\/\/www.zmsh-semitech.com\/wp-content\/uploads\/2026\/04\/Ai200HC.D-High-Beam-Ion-Implantation-System-300x300.png 300w, https:\/\/www.zmsh-semitech.com\/wp-content\/uploads\/2026\/04\/Ai200HC.D-High-Beam-Ion-Implantation-System-150x150.png 150w, https:\/\/www.zmsh-semitech.com\/wp-content\/uploads\/2026\/04\/Ai200HC.D-High-Beam-Ion-Implantation-System-768x768.png 768w, https:\/\/www.zmsh-semitech.com\/wp-content\/uploads\/2026\/04\/Ai200HC.D-High-Beam-Ion-Implantation-System-12x12.png 12w, https:\/\/www.zmsh-semitech.com\/wp-content\/uploads\/2026\/04\/Ai200HC.D-High-Beam-Ion-Implantation-System-600x600.png 600w, https:\/\/www.zmsh-semitech.com\/wp-content\/uploads\/2026\/04\/Ai200HC.D-High-Beam-Ion-Implantation-System-100x100.png 100w, https:\/\/www.zmsh-semitech.com\/wp-content\/uploads\/2026\/04\/Ai200HC.D-High-Beam-Ion-Implantation-System.png 1000w\" sizes=\"(max-width: 209px) 100vw, 209px\" \/>Le syst\u00e8me d'implantation ionique Ai200HC.D (High Beam) est con\u00e7u pour les lignes de production de semi-conducteurs sur tranches de silicium de 6 et 8 pouces. Il s'agit d'un implanteur ionique \u00e0 courant \u00e9lev\u00e9 d\u00e9velopp\u00e9 pour le dopage de pr\u00e9cision et les applications de processus avanc\u00e9s dans la fabrication de circuits int\u00e9gr\u00e9s.<\/p>\n<p data-start=\"423\" data-end=\"698\">Le syst\u00e8me prend en charge une gamme d'\u00e9nergie allant de 5 keV \u00e0 180 keV, offrant des performances de faisceau stables et une grande r\u00e9p\u00e9tabilit\u00e9 du processus. Il convient \u00e0 la fabrication de semi-conducteurs \u00e0 base de silicium et aux processus avanc\u00e9s de collage de plaquettes, y compris l'int\u00e9gration de la technologie Smart Cut.<\/p>\n<hr data-start=\"700\" data-end=\"703\" \/>\n<h2 data-section-id=\"1d7mrtu\" data-start=\"705\" data-end=\"716\">Caract\u00e9ristiques<\/h2>\n<h3 data-section-id=\"11asise\" data-start=\"718\" data-end=\"753\">Stabilit\u00e9 des faisceaux \u00e9lev\u00e9s<\/h3>\n<p data-start=\"754\" data-end=\"897\">Le syst\u00e8me maintient une sortie stable du faisceau d'ions avec une fluctuation contr\u00f4l\u00e9e, assurant une qualit\u00e9 d'implantation constante pendant la production continue.<\/p>\n<h3 data-section-id=\"38j0c\" data-start=\"899\" data-end=\"929\">Large compatibilit\u00e9 des processus<\/h3>\n<p data-start=\"930\" data-end=\"1057\">Compatible avec les proc\u00e9d\u00e9s \u00e0 base de silicium et les applications li\u00e9es \u00e0 la coupe intelligente, il r\u00e9pond aux exigences avanc\u00e9es en mati\u00e8re d'ing\u00e9nierie des plaquettes de silicium.<\/p>\n<h3 data-section-id=\"2v7p6\" data-start=\"1059\" data-end=\"1093\">Contr\u00f4le de haute pr\u00e9cision des implants<\/h3>\n<p data-start=\"1094\" data-end=\"1142\">Fournit une performance d'implantation pr\u00e9cise avec :<\/p>\n<ul data-start=\"1143\" data-end=\"1231\">\n<li data-section-id=\"1irf1o\" data-start=\"1143\" data-end=\"1166\">Pr\u00e9cision de l'angle \u2264 0,2\u00b0<\/li>\n<li data-section-id=\"1hml6xy\" data-start=\"1167\" data-end=\"1192\">Parall\u00e9lisme de la poutre \u2264 0,3\u00b0.<\/li>\n<li data-section-id=\"1danezc\" data-start=\"1193\" data-end=\"1210\">Uniformit\u00e9 \u2264 1%<\/li>\n<li data-section-id=\"mbe4el\" data-start=\"1211\" data-end=\"1231\">R\u00e9p\u00e9tabilit\u00e9 \u2264 1%<\/li>\n<\/ul>\n<h3 data-section-id=\"8aw6q\" data-start=\"1233\" data-end=\"1263\">Capacit\u00e9 de production \u00e9lev\u00e9e<\/h3>\n<p data-start=\"1264\" data-end=\"1369\">Prend en charge \u2265 220 plaquettes par heure, ce qui convient aux environnements de production de semi-conducteurs \u00e0 volume moyen ou \u00e9lev\u00e9.<\/p>\n<h3 data-section-id=\"1e3kdu8\" data-start=\"1371\" data-end=\"1409\">Capacit\u00e9 de traitement des cibles par lots<\/h3>\n<p data-start=\"1410\" data-end=\"1554\">Il prend en charge le traitement des cibles par lots, ce qui am\u00e9liore la flexibilit\u00e9 du processus et permet l'int\u00e9gration avec les technologies avanc\u00e9es de fabrication de plaquettes de silicium.<\/p>\n<p data-start=\"1410\" data-end=\"1554\"><img fetchpriority=\"high\" decoding=\"async\" class=\"aligncenter wp-image-2371 size-large\" src=\"https:\/\/www.zmsh-semitech.com\/wp-content\/uploads\/2026\/04\/rs-1024x388.png\" alt=\"\" width=\"1024\" height=\"388\" srcset=\"https:\/\/www.zmsh-semitech.com\/wp-content\/uploads\/2026\/04\/rs-1024x388.png 1024w, https:\/\/www.zmsh-semitech.com\/wp-content\/uploads\/2026\/04\/rs-300x114.png 300w, https:\/\/www.zmsh-semitech.com\/wp-content\/uploads\/2026\/04\/rs-768x291.png 768w, https:\/\/www.zmsh-semitech.com\/wp-content\/uploads\/2026\/04\/rs-18x7.png 18w, https:\/\/www.zmsh-semitech.com\/wp-content\/uploads\/2026\/04\/rs-600x227.png 600w, https:\/\/www.zmsh-semitech.com\/wp-content\/uploads\/2026\/04\/rs.png 1216w\" sizes=\"(max-width: 1024px) 100vw, 1024px\" \/><\/p>\n<hr data-start=\"1556\" data-end=\"1559\" \/>\n<h2 data-section-id=\"rkota4\" data-start=\"1561\" data-end=\"1582\">Principales sp\u00e9cifications<\/h2>\n<h3 data-section-id=\"rc5knr\" data-start=\"1584\" data-end=\"1606\">Param\u00e8tres du processus<\/h3>\n<div class=\"TyagGW_tableContainer\">\n<div class=\"group TyagGW_tableWrapper flex flex-col-reverse w-fit\" tabindex=\"-1\">\n<table class=\"w-fit min-w-(--thread-content-width)\" data-start=\"1608\" data-end=\"1813\">\n<thead data-start=\"1608\" data-end=\"1632\">\n<tr data-start=\"1608\" data-end=\"1632\">\n<th class=\"\" data-start=\"1608\" data-end=\"1615\" data-col-size=\"sm\">Objet<\/th>\n<th class=\"\" data-start=\"1615\" data-end=\"1632\" data-col-size=\"sm\">Sp\u00e9cifications<\/th>\n<\/tr>\n<\/thead>\n<tbody data-start=\"1657\" data-end=\"1813\">\n<tr data-start=\"1657\" data-end=\"1697\">\n<td data-start=\"1657\" data-end=\"1670\" data-col-size=\"sm\">Taille de la plaquette<\/td>\n<td data-start=\"1670\" data-end=\"1697\" data-col-size=\"sm\">Gaufrettes de silicium de 6 \u00e0 8 pouces<\/td>\n<\/tr>\n<tr data-start=\"1698\" data-end=\"1726\">\n<td data-start=\"1698\" data-end=\"1713\" data-col-size=\"sm\">Gamme d'\u00e9nergie<\/td>\n<td data-start=\"1713\" data-end=\"1726\" data-col-size=\"sm\">5-180 keV<\/td>\n<\/tr>\n<tr data-start=\"1727\" data-end=\"1777\">\n<td data-start=\"1727\" data-end=\"1748\" data-col-size=\"sm\">\u00c9l\u00e9ments implant\u00e9s<\/td>\n<td data-start=\"1748\" data-end=\"1777\" data-col-size=\"sm\">B+, BF2+, P+, As+, N+, H+<\/td>\n<\/tr>\n<tr data-start=\"1778\" data-end=\"1813\">\n<td data-start=\"1778\" data-end=\"1791\" data-col-size=\"sm\">Gamme de doses<\/td>\n<td data-start=\"1791\" data-end=\"1813\" data-col-size=\"sm\">5E11-1E17 ions\/cm\u00b2<\/td>\n<\/tr>\n<\/tbody>\n<\/table>\n<\/div>\n<\/div>\n<h3 data-section-id=\"h0mtjp\" data-start=\"1815\" data-end=\"1835\">Performance des faisceaux<\/h3>\n<div class=\"TyagGW_tableContainer\">\n<div class=\"group TyagGW_tableWrapper flex flex-col-reverse w-fit\" tabindex=\"-1\">\n<table class=\"w-fit min-w-(--thread-content-width)\" data-start=\"1837\" data-end=\"1951\">\n<thead data-start=\"1837\" data-end=\"1861\">\n<tr data-start=\"1837\" data-end=\"1861\">\n<th class=\"\" data-start=\"1837\" data-end=\"1844\" data-col-size=\"sm\">Objet<\/th>\n<th class=\"\" data-start=\"1844\" data-end=\"1861\" data-col-size=\"sm\">Sp\u00e9cifications<\/th>\n<\/tr>\n<\/thead>\n<tbody data-start=\"1886\" data-end=\"1951\">\n<tr data-start=\"1886\" data-end=\"1921\">\n<td data-start=\"1886\" data-end=\"1903\" data-col-size=\"sm\">Stabilit\u00e9 de la poutre<\/td>\n<td data-start=\"1903\" data-end=\"1921\" data-col-size=\"sm\">\u2264 10% par heure<\/td>\n<\/tr>\n<tr data-start=\"1922\" data-end=\"1951\">\n<td data-start=\"1922\" data-end=\"1941\" data-col-size=\"sm\">Parall\u00e9lisme des poutres<\/td>\n<td data-start=\"1941\" data-end=\"1951\" data-col-size=\"sm\">\u2264 0.3\u00b0<\/td>\n<\/tr>\n<\/tbody>\n<\/table>\n<\/div>\n<\/div>\n<h3 data-section-id=\"ieoahx\" data-start=\"1953\" data-end=\"1978\">Pr\u00e9cision de l'implantation<\/h3>\n<div class=\"TyagGW_tableContainer\">\n<div class=\"group TyagGW_tableWrapper flex flex-col-reverse w-fit\" tabindex=\"-1\">\n<table class=\"w-fit min-w-(--thread-content-width)\" data-start=\"1980\" data-end=\"2191\">\n<thead data-start=\"1980\" data-end=\"2004\">\n<tr data-start=\"1980\" data-end=\"2004\">\n<th class=\"\" data-start=\"1980\" data-end=\"1987\" data-col-size=\"sm\">Objet<\/th>\n<th class=\"\" data-start=\"1987\" data-end=\"2004\" data-col-size=\"sm\">Sp\u00e9cifications<\/th>\n<\/tr>\n<\/thead>\n<tbody data-start=\"2029\" data-end=\"2191\">\n<tr data-start=\"2029\" data-end=\"2066\">\n<td data-start=\"2029\" data-end=\"2051\" data-col-size=\"sm\">Gamme d'angles de l'implant<\/td>\n<td data-start=\"2051\" data-end=\"2066\" data-col-size=\"sm\">-11\u00b0 \u00e0 11\u00b0<\/td>\n<\/tr>\n<tr data-start=\"2067\" data-end=\"2094\">\n<td data-start=\"2067\" data-end=\"2084\" data-col-size=\"sm\">Pr\u00e9cision de l'angle<\/td>\n<td data-start=\"2084\" data-end=\"2094\" data-col-size=\"sm\">\u2264 0.2\u00b0<\/td>\n<\/tr>\n<tr data-start=\"2095\" data-end=\"2141\">\n<td data-start=\"2095\" data-end=\"2113\" data-col-size=\"sm\">Uniformit\u00e9 (1\u03c3)<\/td>\n<td data-start=\"2113\" data-end=\"2141\" data-col-size=\"sm\">\u2264 1% (B+, 2E14, 150 keV)<\/td>\n<\/tr>\n<tr data-start=\"2142\" data-end=\"2191\">\n<td data-start=\"2142\" data-end=\"2163\" data-col-size=\"sm\">R\u00e9p\u00e9tabilit\u00e9 (1\u03c3)<\/td>\n<td data-start=\"2163\" data-end=\"2191\" data-col-size=\"sm\">\u2264 1% (B+, 2E14, 150 keV)<\/td>\n<\/tr>\n<\/tbody>\n<\/table>\n<\/div>\n<\/div>\n<h3 data-section-id=\"1i84h7f\" data-start=\"2193\" data-end=\"2215\">Performance du syst\u00e8me<\/h3>\n<div class=\"TyagGW_tableContainer\">\n<div class=\"group TyagGW_tableWrapper flex flex-col-reverse w-fit\" tabindex=\"-1\">\n<table class=\"w-fit min-w-(--thread-content-width)\" data-start=\"2217\" data-end=\"2347\">\n<thead data-start=\"2217\" data-end=\"2241\">\n<tr data-start=\"2217\" data-end=\"2241\">\n<th class=\"\" data-start=\"2217\" data-end=\"2224\" data-col-size=\"sm\">Objet<\/th>\n<th class=\"\" data-start=\"2224\" data-end=\"2241\" data-col-size=\"sm\">Sp\u00e9cifications<\/th>\n<\/tr>\n<\/thead>\n<tbody data-start=\"2266\" data-end=\"2347\">\n<tr data-start=\"2266\" data-end=\"2304\">\n<td data-start=\"2266\" data-end=\"2279\" data-col-size=\"sm\">D\u00e9bit<\/td>\n<td data-start=\"2279\" data-end=\"2304\" data-col-size=\"sm\">\u2265 220 gaufres par heure<\/td>\n<\/tr>\n<tr data-start=\"2305\" data-end=\"2347\">\n<td data-start=\"2305\" data-end=\"2322\" data-col-size=\"sm\">Taille de l'\u00e9quipement<\/td>\n<td data-start=\"2322\" data-end=\"2347\" data-col-size=\"sm\">5930 \u00d7 3000 \u00d7 2630 mm<\/td>\n<\/tr>\n<\/tbody>\n<\/table>\n<\/div>\n<\/div>\n<hr data-start=\"2349\" data-end=\"2352\" \/>\n<h2 data-section-id=\"1nd7jny\" data-start=\"2354\" data-end=\"2375\">Application<\/h2>\n<h3 data-section-id=\"kkfbvw\" data-start=\"2377\" data-end=\"2422\">Fabrication de semi-conducteurs \u00e0 base de silicium<\/h3>\n<p data-start=\"2423\" data-end=\"2524\">Utilis\u00e9 dans la fabrication de dispositifs CMOS et logiques avanc\u00e9s, pour soutenir les processus pr\u00e9cis d'implantation de dopants.<\/p>\n<h3 data-section-id=\"167rxyg\" data-start=\"2526\" data-end=\"2559\">Int\u00e9gration du processus Smart Cut<\/h3>\n<p data-start=\"2560\" data-end=\"2659\">Convient aux processus de collage des wafers et de transfert de couches bas\u00e9s sur les exigences de la technologie Smart Cut.<\/p>\n<h3 data-section-id=\"13cjew6\" data-start=\"2661\" data-end=\"2691\">Ing\u00e9nierie avanc\u00e9e des plaquettes de silicium<\/h3>\n<p data-start=\"2692\" data-end=\"2791\">Appliqu\u00e9 \u00e0 la modification des tranches de silicium, \u00e0 l'optimisation structurelle et \u00e0 l'am\u00e9lioration des performances des dispositifs.<\/p>\n<h3 data-section-id=\"4uip35\" data-start=\"2793\" data-end=\"2826\">Production de circuits int\u00e9gr\u00e9s<\/h3>\n<p data-start=\"2827\" data-end=\"2934\">Permet la fabrication de circuits int\u00e9gr\u00e9s en volume moyen \u00e0 \u00e9lev\u00e9 avec un contr\u00f4le stable des processus et une capacit\u00e9 de production \u00e9lev\u00e9e.<\/p>\n<hr data-start=\"2936\" data-end=\"2939\" \/>\n<h2 data-section-id=\"1r8frcv\" data-start=\"2941\" data-end=\"2970\">Questions fr\u00e9quemment pos\u00e9es<\/h2>\n<h3 data-section-id=\"1og21xu\" data-start=\"2972\" data-end=\"3022\">1. Quelles sont les tailles de plaquettes prises en charge par l'Ai200HC.D ?<\/h3>\n<p data-start=\"3023\" data-end=\"3145\">Le syst\u00e8me prend en charge les plaquettes de silicium de 6 et 8 pouces et convient aux principaux processus de fabrication de semi-conducteurs.<\/p>\n<h3 data-section-id=\"rdwc10\" data-start=\"3147\" data-end=\"3193\">2. Quelle est la gamme d'\u00e9nergie de ce syst\u00e8me ?<\/h3>\n<p data-start=\"3194\" data-end=\"3324\">La gamme d'\u00e9nergie s'\u00e9tend de 5 keV \u00e0 180 keV, ce qui permet un large \u00e9ventail d'applications d'implantation dans les dispositifs semi-conducteurs \u00e0 base de silicium.<\/p>\n<h3 data-section-id=\"nor4nw\" data-start=\"3326\" data-end=\"3391\">3. Quelles sont les capacit\u00e9s de traitement sp\u00e9ciales que ce syst\u00e8me prend en charge ?<\/h3>\n<p data-start=\"3392\" data-end=\"3551\">Le syst\u00e8me est compatible avec les proc\u00e9d\u00e9s \u00e0 base de silicium et la technologie Smart Cut, ce qui permet de traiter des cibles par lots et de r\u00e9aliser des applications avanc\u00e9es d'ing\u00e9nierie des plaquettes de silicium.<\/p>","protected":false},"excerpt":{"rendered":"<p>Le syst\u00e8me d'implantation ionique Ai200HC.D (High Beam) est con\u00e7u pour les lignes de production de semi-conducteurs sur tranches de silicium de 6 et 8 pouces. Il s'agit d'un implanteur ionique \u00e0 courant \u00e9lev\u00e9 d\u00e9velopp\u00e9 pour le dopage de pr\u00e9cision et les applications de processus avanc\u00e9s dans la fabrication de circuits int\u00e9gr\u00e9s.<\/p>","protected":false},"featured_media":2350,"comment_status":"open","ping_status":"closed","template":"","meta":{"site-sidebar-layout":"default","site-content-layout":"","ast-site-content-layout":"default","site-content-style":"default","site-sidebar-style":"default","ast-global-header-display":"","ast-banner-title-visibility":"","ast-main-header-display":"","ast-hfb-above-header-display":"","ast-hfb-below-header-display":"","ast-hfb-mobile-header-display":"","site-post-title":"","ast-breadcrumbs-content":"","ast-featured-img":"","footer-sml-layout":"","ast-disable-related-posts":"","theme-transparent-header-meta":"default","adv-header-id-meta":"","stick-header-meta":"default","header-above-stick-meta":"","header-main-stick-meta":"","header-below-stick-meta":"","astra-migrate-meta-layouts":"set","ast-page-background-enabled":"default","ast-page-background-meta":{"desktop":{"background-color":"var(--ast-global-color-4)","background-image":"","background-repeat":"repeat","background-position":"center center","background-size":"auto","background-attachment":"scroll","background-type":"","background-media":"","overlay-type":"","overlay-color":"","overlay-opacity":"","overlay-gradient":""},"tablet":{"background-color":"","background-image":"","background-repeat":"repeat","background-position":"center center","background-size":"auto","background-attachment":"scroll","background-type":"","background-media":"","overlay-type":"","overlay-color":"","overlay-opacity":"","overlay-gradient":""},"mobile":{"background-color":"","background-image":"","background-repeat":"repeat","background-position":"center center","background-size":"auto","background-attachment":"scroll","background-type":"","background-media":"","overlay-type":"","overlay-color":"","overlay-opacity":"","overlay-gradient":""}},"ast-content-background-meta":{"desktop":{"background-color":"var(--ast-global-color-5)","background-image":"","background-repeat":"repeat","background-position":"center center","background-size":"auto","background-attachment":"scroll","background-type":"","background-media":"","overlay-type":"","overlay-color":"","overlay-opacity":"","overlay-gradient":""},"tablet":{"background-color":"var(--ast-global-color-5)","background-image":"","background-repeat":"repeat","background-position":"center center","background-size":"auto","background-attachment":"scroll","background-type":"","background-media":"","overlay-type":"","overlay-color":"","overlay-opacity":"","overlay-gradient":""},"mobile":{"background-color":"var(--ast-global-color-5)","background-image":"","background-repeat":"repeat","background-position":"center center","background-size":"auto","background-attachment":"scroll","background-type":"","background-media":"","overlay-type":"","overlay-color":"","overlay-opacity":"","overlay-gradient":""}}},"product_brand":[],"product_cat":[1177],"product_tag":[],"class_list":{"0":"post-2349","1":"product","2":"type-product","3":"status-publish","4":"has-post-thumbnail","6":"product_cat-ion-implantation-equipment","7":"desktop-align-left","8":"tablet-align-left","9":"mobile-align-left","10":"ast-product-gallery-layout-horizontal-slider","11":"ast-product-gallery-with-no-image","12":"ast-product-tabs-layout-horizontal","14":"first","15":"instock","16":"shipping-taxable","17":"product-type-simple"},"_links":{"self":[{"href":"https:\/\/www.zmsh-semitech.com\/fr\/wp-json\/wp\/v2\/product\/2349","targetHints":{"allow":["GET"]}}],"collection":[{"href":"https:\/\/www.zmsh-semitech.com\/fr\/wp-json\/wp\/v2\/product"}],"about":[{"href":"https:\/\/www.zmsh-semitech.com\/fr\/wp-json\/wp\/v2\/types\/product"}],"replies":[{"embeddable":true,"href":"https:\/\/www.zmsh-semitech.com\/fr\/wp-json\/wp\/v2\/comments?post=2349"}],"version-history":[{"count":4,"href":"https:\/\/www.zmsh-semitech.com\/fr\/wp-json\/wp\/v2\/product\/2349\/revisions"}],"predecessor-version":[{"id":2373,"href":"https:\/\/www.zmsh-semitech.com\/fr\/wp-json\/wp\/v2\/product\/2349\/revisions\/2373"}],"wp:featuredmedia":[{"embeddable":true,"href":"https:\/\/www.zmsh-semitech.com\/fr\/wp-json\/wp\/v2\/media\/2350"}],"wp:attachment":[{"href":"https:\/\/www.zmsh-semitech.com\/fr\/wp-json\/wp\/v2\/media?parent=2349"}],"wp:term":[{"taxonomy":"product_brand","embeddable":true,"href":"https:\/\/www.zmsh-semitech.com\/fr\/wp-json\/wp\/v2\/product_brand?post=2349"},{"taxonomy":"product_cat","embeddable":true,"href":"https:\/\/www.zmsh-semitech.com\/fr\/wp-json\/wp\/v2\/product_cat?post=2349"},{"taxonomy":"product_tag","embeddable":true,"href":"https:\/\/www.zmsh-semitech.com\/fr\/wp-json\/wp\/v2\/product_tag?post=2349"}],"curies":[{"name":"wp","href":"https:\/\/api.w.org\/{rel}","templated":true}]}}