{"id":2346,"date":"2026-04-22T05:56:29","date_gmt":"2026-04-22T05:56:29","guid":{"rendered":"https:\/\/www.zmsh-semitech.com\/?post_type=product&#038;p=2346"},"modified":"2026-04-22T07:25:08","modified_gmt":"2026-04-22T07:25:08","slug":"ai250-medium-beam-room-temperature-ion-implantation-system-for-6-8-inch-silicon-wafer-processing","status":"publish","type":"product","link":"https:\/\/www.zmsh-semitech.com\/fr\/product\/ai250-medium-beam-room-temperature-ion-implantation-system-for-6-8-inch-silicon-wafer-processing\/","title":{"rendered":"Syst\u00e8me d'implantation d'ions \u00e0 temp\u00e9rature ambiante Ai250 (faisceau moyen) pour le traitement de tranches de silicium de 6 \u00e0 8 pouces"},"content":{"rendered":"<p data-start=\"190\" data-end=\"506\"><img decoding=\"async\" class=\"wp-image-2347 alignright\" src=\"https:\/\/www.zmsh-semitech.com\/wp-content\/uploads\/2026\/04\/Ai250-Medium-Beam-Room-Temperature-Ion-Implantation-System-for-6-8-Inch-Silicon-Wafer-Processing-300x300.png\" alt=\"\" width=\"217\" height=\"217\" srcset=\"\" sizes=\"(max-width: 217px) 100vw, 217px\" data-srcset=\"\" \/>Le syst\u00e8me d'implantation ionique Ai250 (Medium Beam) est con\u00e7u pour les lignes de fabrication de semi-conducteurs \u00e0 partir de tranches de silicium de 6 et 8 pouces. Il s'agit d'un implanteur ionique \u00e0 courant moyen utilis\u00e9 dans les processus de fabrication de circuits int\u00e9gr\u00e9s avanc\u00e9s, offrant des performances de faisceau stables, une grande pr\u00e9cision d'implantation et un contr\u00f4le fiable de la dose.<\/p>\n<p data-start=\"508\" data-end=\"755\">Le syst\u00e8me prend en charge une gamme d'\u00e9nergie allant de 5 keV \u00e0 250 keV, ce qui permet des applications d'implantation ionique \u00e0 la fois superficielles et profondes. Il convient \u00e0 une large gamme de proc\u00e9d\u00e9s de dopage des semi-conducteurs et est enti\u00e8rement compatible avec les exigences de fabrication des LSI.<\/p>\n<hr data-start=\"757\" data-end=\"760\" \/>\n<h2 data-section-id=\"1d7mrtu\" data-start=\"762\" data-end=\"773\">Caract\u00e9ristiques<\/h2>\n<h3 data-section-id=\"cu05id\" data-start=\"775\" data-end=\"809\">Performance stable des faisceaux moyens<\/h3>\n<p data-start=\"810\" data-end=\"927\">Assure la stabilit\u00e9 du faisceau d'ions pendant les longs cycles de production, am\u00e9liorant ainsi la coh\u00e9rence du processus et r\u00e9duisant la variabilit\u00e9.<\/p>\n<h3 data-section-id=\"14z8c7o\" data-start=\"929\" data-end=\"961\">Capacit\u00e9 d'une large gamme d'\u00e9nergie<\/h3>\n<p data-start=\"962\" data-end=\"1082\">La gamme d'\u00e9nergie de 5 \u00e0 250 keV r\u00e9pond aux exigences d'implantation flexibles pour diff\u00e9rentes structures de dispositifs et n\u0153uds de processus.<\/p>\n<h3 data-section-id=\"1hi8i36\" data-start=\"1084\" data-end=\"1118\">Contr\u00f4le de processus de haute pr\u00e9cision<\/h3>\n<p data-start=\"1119\" data-end=\"1264\">Fournit des performances d'implantation de haute pr\u00e9cision avec une pr\u00e9cision angulaire \u2264 0,2\u00b0, un parall\u00e9lisme de faisceau \u2264 0,2\u00b0, une uniformit\u00e9 \u2264 0,5% et une r\u00e9p\u00e9tabilit\u00e9 \u2264 0,5%.<\/p>\n<h3 data-section-id=\"8aw6q\" data-start=\"1266\" data-end=\"1296\">Capacit\u00e9 de production \u00e9lev\u00e9e<\/h3>\n<p data-start=\"1297\" data-end=\"1389\">Prend en charge \u2265 200 plaquettes par heure, ce qui convient \u00e0 la production de semi-conducteurs en volume moyen \u00e0 \u00e9lev\u00e9.<\/p>\n<h3 data-section-id=\"oms7zj\" data-start=\"1391\" data-end=\"1419\">Fonction de l'implant<\/h3>\n<p data-start=\"1420\" data-end=\"1545\">Elle permet l'implantation multizone et quadrant sur une seule plaquette, ce qui am\u00e9liore la flexibilit\u00e9 du processus et r\u00e9duit les co\u00fbts de d\u00e9veloppement.<\/p>\n<h3 data-section-id=\"1bq068l\" data-start=\"1547\" data-end=\"1576\">Compatibilit\u00e9 des processus LSI<\/h3>\n<p data-start=\"1577\" data-end=\"1641\">Enti\u00e8rement compatible avec les processus de fabrication de semi-conducteurs LSI.<\/p>\n<p data-start=\"1577\" data-end=\"1641\"><img fetchpriority=\"high\" decoding=\"async\" class=\"wp-image-2371 size-large aligncenter\" src=\"https:\/\/www.zmsh-semitech.com\/wp-content\/uploads\/2026\/04\/rs-1024x388.png\" alt=\"\" width=\"1024\" height=\"388\" srcset=\"https:\/\/www.zmsh-semitech.com\/wp-content\/uploads\/2026\/04\/rs-1024x388.png 1024w, https:\/\/www.zmsh-semitech.com\/wp-content\/uploads\/2026\/04\/rs-300x114.png 300w, https:\/\/www.zmsh-semitech.com\/wp-content\/uploads\/2026\/04\/rs-768x291.png 768w, https:\/\/www.zmsh-semitech.com\/wp-content\/uploads\/2026\/04\/rs-18x7.png 18w, https:\/\/www.zmsh-semitech.com\/wp-content\/uploads\/2026\/04\/rs-600x227.png 600w, https:\/\/www.zmsh-semitech.com\/wp-content\/uploads\/2026\/04\/rs.png 1216w\" sizes=\"(max-width: 1024px) 100vw, 1024px\" \/><\/p>\n<hr data-start=\"1643\" data-end=\"1646\" \/>\n<h2 data-section-id=\"rkota4\" data-start=\"1648\" data-end=\"1669\">Principales sp\u00e9cifications<\/h2>\n<h3 data-section-id=\"rc5knr\" data-start=\"1671\" data-end=\"1693\">Param\u00e8tres du processus<\/h3>\n<div class=\"TyagGW_tableContainer\">\n<div class=\"group TyagGW_tableWrapper flex flex-col-reverse w-fit\" tabindex=\"-1\">\n<table class=\"w-fit min-w-(--thread-content-width)\" data-start=\"1695\" data-end=\"1899\">\n<thead data-start=\"1695\" data-end=\"1719\">\n<tr data-start=\"1695\" data-end=\"1719\">\n<th class=\"\" data-start=\"1695\" data-end=\"1702\" data-col-size=\"sm\">Objet<\/th>\n<th class=\"\" data-start=\"1702\" data-end=\"1719\" data-col-size=\"sm\">Sp\u00e9cifications<\/th>\n<\/tr>\n<\/thead>\n<tbody data-start=\"1744\" data-end=\"1899\">\n<tr data-start=\"1744\" data-end=\"1784\">\n<td data-start=\"1744\" data-end=\"1757\" data-col-size=\"sm\">Taille de la plaquette<\/td>\n<td data-col-size=\"sm\" data-start=\"1757\" data-end=\"1784\">Gaufrettes de silicium de 6 \u00e0 8 pouces<\/td>\n<\/tr>\n<tr data-start=\"1785\" data-end=\"1813\">\n<td data-start=\"1785\" data-end=\"1800\" data-col-size=\"sm\">Gamme d'\u00e9nergie<\/td>\n<td data-col-size=\"sm\" data-start=\"1800\" data-end=\"1813\">5-250 keV<\/td>\n<\/tr>\n<tr data-start=\"1814\" data-end=\"1863\">\n<td data-start=\"1814\" data-end=\"1835\" data-col-size=\"sm\">\u00c9l\u00e9ments implant\u00e9s<\/td>\n<td data-col-size=\"sm\" data-start=\"1835\" data-end=\"1863\">B+, P+, As+, Ar+, N+, H+<\/td>\n<\/tr>\n<tr data-start=\"1864\" data-end=\"1899\">\n<td data-start=\"1864\" data-end=\"1877\" data-col-size=\"sm\">Gamme de doses<\/td>\n<td data-col-size=\"sm\" data-start=\"1877\" data-end=\"1899\">5E11-1E16 ions\/cm\u00b2<\/td>\n<\/tr>\n<\/tbody>\n<\/table>\n<\/div>\n<\/div>\n<h3 data-section-id=\"h0mtjp\" data-start=\"1901\" data-end=\"1921\">Performance des faisceaux<\/h3>\n<div class=\"TyagGW_tableContainer\">\n<div class=\"group TyagGW_tableWrapper flex flex-col-reverse w-fit\" tabindex=\"-1\">\n<table class=\"w-fit min-w-(--thread-content-width)\" data-start=\"1923\" data-end=\"2217\">\n<thead data-start=\"1923\" data-end=\"1947\">\n<tr data-start=\"1923\" data-end=\"1947\">\n<th class=\"\" data-start=\"1923\" data-end=\"1930\" data-col-size=\"sm\">Objet<\/th>\n<th class=\"\" data-start=\"1930\" data-end=\"1947\" data-col-size=\"md\">Sp\u00e9cifications<\/th>\n<\/tr>\n<\/thead>\n<tbody data-start=\"1972\" data-end=\"2217\">\n<tr data-start=\"1972\" data-end=\"2104\">\n<td data-start=\"1972\" data-end=\"1995\" data-col-size=\"sm\">Courant maximal du faisceau<\/td>\n<td data-col-size=\"md\" data-start=\"1995\" data-end=\"2104\">Ar+ \u2265 1300 \u03bcA @ \u2265220 keV<br \/>\nB+ \u2265 1000 \u03bcA @ \u2265220 keV<br \/>\nP+ \u2265 1300 \u03bcA @ \u2265220 keV<br \/>\nN+ \u2265 1000 \u03bcA @ \u2265220 keV<\/td>\n<\/tr>\n<tr data-start=\"2105\" data-end=\"2187\">\n<td data-start=\"2105\" data-end=\"2122\" data-col-size=\"sm\">Stabilit\u00e9 de la poutre<\/td>\n<td data-col-size=\"md\" data-start=\"2122\" data-end=\"2187\">\u2264 15% \/ heure (interruption du faisceau et arc \u2264 1 fois par heure)<\/td>\n<\/tr>\n<tr data-start=\"2188\" data-end=\"2217\">\n<td data-start=\"2188\" data-end=\"2207\" data-col-size=\"sm\">Parall\u00e9lisme des poutres<\/td>\n<td data-col-size=\"md\" data-start=\"2207\" data-end=\"2217\">\u2264 0.2\u00b0<\/td>\n<\/tr>\n<\/tbody>\n<\/table>\n<\/div>\n<\/div>\n<h3 data-section-id=\"ieoahx\" data-start=\"2219\" data-end=\"2244\">Pr\u00e9cision de l'implantation<\/h3>\n<div class=\"TyagGW_tableContainer\">\n<div class=\"group TyagGW_tableWrapper flex flex-col-reverse w-fit\" tabindex=\"-1\">\n<table class=\"w-fit min-w-(--thread-content-width)\" data-start=\"2246\" data-end=\"2436\">\n<thead data-start=\"2246\" data-end=\"2270\">\n<tr data-start=\"2246\" data-end=\"2270\">\n<th class=\"\" data-start=\"2246\" data-end=\"2253\" data-col-size=\"sm\">Objet<\/th>\n<th class=\"\" data-start=\"2253\" data-end=\"2270\" data-col-size=\"sm\">Sp\u00e9cifications<\/th>\n<\/tr>\n<\/thead>\n<tbody data-start=\"2295\" data-end=\"2436\">\n<tr data-start=\"2295\" data-end=\"2327\">\n<td data-start=\"2295\" data-end=\"2317\" data-col-size=\"sm\">Gamme d'angles de l'implant<\/td>\n<td data-col-size=\"sm\" data-start=\"2317\" data-end=\"2327\">0\u00b0-45\u00b0<\/td>\n<\/tr>\n<tr data-start=\"2328\" data-end=\"2355\">\n<td data-start=\"2328\" data-end=\"2345\" data-col-size=\"sm\">Pr\u00e9cision de l'angle<\/td>\n<td data-col-size=\"sm\" data-start=\"2345\" data-end=\"2355\">\u2264 0.2\u00b0<\/td>\n<\/tr>\n<tr data-start=\"2356\" data-end=\"2404\">\n<td data-start=\"2356\" data-end=\"2374\" data-col-size=\"sm\">Uniformit\u00e9 (1\u03c3)<\/td>\n<td data-col-size=\"sm\" data-start=\"2374\" data-end=\"2404\">\u2264 0,5% (B+, 2E14, 150 keV)<\/td>\n<\/tr>\n<tr data-start=\"2405\" data-end=\"2436\">\n<td data-start=\"2405\" data-end=\"2426\" data-col-size=\"sm\">R\u00e9p\u00e9tabilit\u00e9 (1\u03c3)<\/td>\n<td data-col-size=\"sm\" data-start=\"2426\" data-end=\"2436\">\u2264 0,5%<\/td>\n<\/tr>\n<\/tbody>\n<\/table>\n<\/div>\n<\/div>\n<h3 data-section-id=\"1i84h7f\" data-start=\"2438\" data-end=\"2460\">Performance du syst\u00e8me<\/h3>\n<div class=\"TyagGW_tableContainer\">\n<div class=\"group TyagGW_tableWrapper flex flex-col-reverse w-fit\" tabindex=\"-1\">\n<table class=\"w-fit min-w-(--thread-content-width)\" data-start=\"2462\" data-end=\"2740\">\n<thead data-start=\"2462\" data-end=\"2486\">\n<tr data-start=\"2462\" data-end=\"2486\">\n<th class=\"\" data-start=\"2462\" data-end=\"2469\" data-col-size=\"sm\">Objet<\/th>\n<th class=\"\" data-start=\"2469\" data-end=\"2486\" data-col-size=\"md\">Sp\u00e9cifications<\/th>\n<\/tr>\n<\/thead>\n<tbody data-start=\"2511\" data-end=\"2740\">\n<tr data-start=\"2511\" data-end=\"2549\">\n<td data-start=\"2511\" data-end=\"2524\" data-col-size=\"sm\">D\u00e9bit<\/td>\n<td data-col-size=\"md\" data-start=\"2524\" data-end=\"2549\">\u2265 200 gaufres par heure<\/td>\n<\/tr>\n<tr data-start=\"2550\" data-end=\"2580\">\n<td data-start=\"2550\" data-end=\"2565\" data-col-size=\"sm\">Niveau de vide<\/td>\n<td data-col-size=\"md\" data-start=\"2565\" data-end=\"2580\">&lt; 5E-7 Torr<\/td>\n<\/tr>\n<tr data-start=\"2581\" data-end=\"2612\">\n<td data-start=\"2581\" data-end=\"2597\" data-col-size=\"sm\">Fuite de rayons X<\/td>\n<td data-col-size=\"md\" data-start=\"2597\" data-end=\"2612\">\u2264 0,6 \u03bcSv\/h<\/td>\n<\/tr>\n<tr data-start=\"2613\" data-end=\"2697\">\n<td data-start=\"2613\" data-end=\"2629\" data-col-size=\"sm\">Mode de num\u00e9risation<\/td>\n<td data-col-size=\"md\" data-start=\"2629\" data-end=\"2697\">Balayage \u00e9lectrostatique horizontal + balayage m\u00e9canique vertical<\/td>\n<\/tr>\n<tr data-start=\"2698\" data-end=\"2740\">\n<td data-start=\"2698\" data-end=\"2715\" data-col-size=\"sm\">Taille de l'\u00e9quipement<\/td>\n<td data-col-size=\"md\" data-start=\"2715\" data-end=\"2740\">5600 \u00d7 3300 \u00d7 2600 mm<\/td>\n<\/tr>\n<\/tbody>\n<\/table>\n<\/div>\n<\/div>\n<hr data-start=\"2742\" data-end=\"2745\" \/>\n<h2 data-section-id=\"1nd7jny\" data-start=\"2747\" data-end=\"2768\">Champs d'application<\/h2>\n<h3 data-section-id=\"y2e8l1\" data-start=\"2770\" data-end=\"2808\">Fabrication de dispositifs semi-conducteurs<\/h3>\n<p data-start=\"2809\" data-end=\"2910\">Utilis\u00e9 dans la production de dispositifs logiques CMOS, il permet l'implantation pr\u00e9cise de dopants pour la formation de transistors.<\/p>\n<h3 data-section-id=\"184zlsy\" data-start=\"2912\" data-end=\"2946\">Fabrication de circuits int\u00e9gr\u00e9s<\/h3>\n<p data-start=\"2947\" data-end=\"3042\">Utilis\u00e9 dans les processus de fabrication des circuits int\u00e9gr\u00e9s de grande dimension et des circuits int\u00e9gr\u00e9s avanc\u00e9s n\u00e9cessitant un contr\u00f4le du dopage de haute pr\u00e9cision.<\/p>\n<h3 data-section-id=\"l748la\" data-start=\"3044\" data-end=\"3083\">Formation de jonction superficielle et profonde<\/h3>\n<p data-start=\"3084\" data-end=\"3172\">Soutient les processus d'implantation pour l'ing\u00e9nierie source\/drain et le contr\u00f4le de la profondeur des jonctions.<\/p>\n<h3 data-section-id=\"oja97j\" data-start=\"3174\" data-end=\"3196\">Ing\u00e9nierie des dopants<\/h3>\n<p data-start=\"3197\" data-end=\"3292\">Utilis\u00e9 pour contr\u00f4ler les propri\u00e9t\u00e9s \u00e9lectriques des plaquettes de silicium gr\u00e2ce \u00e0 une implantation ionique pr\u00e9cise.<\/p>\n<h3 data-section-id=\"dpf9id\" data-start=\"3294\" data-end=\"3325\">D\u00e9veloppement de proc\u00e9d\u00e9s et R&amp;D<\/h3>\n<p data-start=\"3326\" data-end=\"3428\">Convient au d\u00e9veloppement de processus de semi-conducteurs, \u00e0 la production pilote et \u00e0 la fabrication de dispositifs exp\u00e9rimentaux.<\/p>\n<hr data-start=\"3430\" data-end=\"3433\" \/>\n<h2 data-section-id=\"1r8frcv\" data-start=\"3435\" data-end=\"3464\">Questions fr\u00e9quemment pos\u00e9es<\/h2>\n<h3 data-section-id=\"kw7yja\" data-start=\"3466\" data-end=\"3512\">1. Quelles sont les tailles de plaquettes prises en charge par l'Ai250 ?<\/h3>\n<p data-start=\"3513\" data-end=\"3631\">Le syst\u00e8me prend en charge les plaquettes de silicium de 6 et 8 pouces et convient aux lignes de fabrication de semi-conducteurs courantes.<\/p>\n<h3 data-section-id=\"1ufru2j\" data-start=\"3633\" data-end=\"3678\">2. Quelle est la gamme d'\u00e9nergie du syst\u00e8me ?<\/h3>\n<p data-start=\"3679\" data-end=\"3810\">La gamme d'\u00e9nergie s'\u00e9tend de 5 keV \u00e0 250 keV, ce qui permet d'utiliser des proc\u00e9d\u00e9s d'implantation superficielle et profonde pour la fabrication de dispositifs semi-conducteurs.<\/p>\n<h3 data-section-id=\"ce5nbe\" data-start=\"3812\" data-end=\"3873\">3. Quel est le niveau de pr\u00e9cision du processus fourni par le syst\u00e8me ?<\/h3>\n<p data-start=\"3874\" data-end=\"4052\">Le syst\u00e8me offre une pr\u00e9cision angulaire de 0,2\u00b0, un parall\u00e9lisme du faisceau de 0,2\u00b0, une uniformit\u00e9 et une r\u00e9p\u00e9tabilit\u00e9 de 0,5%, ce qui garantit une production stable et \u00e0 haut rendement.<\/p>","protected":false},"excerpt":{"rendered":"<p>Le syst\u00e8me d'implantation ionique Ai250 (Medium Beam) est con\u00e7u pour les lignes de fabrication de semi-conducteurs \u00e0 partir de tranches de silicium de 6 et 8 pouces. Il s'agit d'un implanteur ionique \u00e0 courant moyen utilis\u00e9 dans les processus de fabrication de circuits int\u00e9gr\u00e9s avanc\u00e9s, offrant des performances de faisceau stables, une grande pr\u00e9cision d'implantation et un contr\u00f4le fiable de la dose.<\/p>","protected":false},"featured_media":2347,"comment_status":"open","ping_status":"closed","template":"","meta":{"site-sidebar-layout":"default","site-content-layout":"","ast-site-content-layout":"default","site-content-style":"default","site-sidebar-style":"default","ast-global-header-display":"","ast-banner-title-visibility":"","ast-main-header-display":"","ast-hfb-above-header-display":"","ast-hfb-below-header-display":"","ast-hfb-mobile-header-display":"","site-post-title":"","ast-breadcrumbs-content":"","ast-featured-img":"","footer-sml-layout":"","ast-disable-related-posts":"","theme-transparent-header-meta":"default","adv-header-id-meta":"","stick-header-meta":"default","header-above-stick-meta":"","header-main-stick-meta":"","header-below-stick-meta":"","astra-migrate-meta-layouts":"set","ast-page-background-enabled":"default","ast-page-background-meta":{"desktop":{"background-color":"var(--ast-global-color-4)","background-image":"","background-repeat":"repeat","background-position":"center center","background-size":"auto","background-attachment":"scroll","background-type":"","background-media":"","overlay-type":"","overlay-color":"","overlay-opacity":"","overlay-gradient":""},"tablet":{"background-color":"","background-image":"","background-repeat":"repeat","background-position":"center center","background-size":"auto","background-attachment":"scroll","background-type":"","background-media":"","overlay-type":"","overlay-color":"","overlay-opacity":"","overlay-gradient":""},"mobile":{"background-color":"","background-image":"","background-repeat":"repeat","background-position":"center center","background-size":"auto","background-attachment":"scroll","background-type":"","background-media":"","overlay-type":"","overlay-color":"","overlay-opacity":"","overlay-gradient":""}},"ast-content-background-meta":{"desktop":{"background-color":"var(--ast-global-color-5)","background-image":"","background-repeat":"repeat","background-position":"center center","background-size":"auto","background-attachment":"scroll","background-type":"","background-media":"","overlay-type":"","overlay-color":"","overlay-opacity":"","overlay-gradient":""},"tablet":{"background-color":"var(--ast-global-color-5)","background-image":"","background-repeat":"repeat","background-position":"center center","background-size":"auto","background-attachment":"scroll","background-type":"","background-media":"","overlay-type":"","overlay-color":"","overlay-opacity":"","overlay-gradient":""},"mobile":{"background-color":"var(--ast-global-color-5)","background-image":"","background-repeat":"repeat","background-position":"center center","background-size":"auto","background-attachment":"scroll","background-type":"","background-media":"","overlay-type":"","overlay-color":"","overlay-opacity":"","overlay-gradient":""}}},"product_brand":[],"product_cat":[1177],"product_tag":[1189,1190,1191,1193,1178,1192,1186,1185,1188,1187],"class_list":{"0":"post-2346","1":"product","2":"type-product","3":"status-publish","4":"has-post-thumbnail","6":"product_cat-ion-implantation-equipment","7":"product_tag-6-inch-wafer-equipment","8":"product_tag-8-inch-wafer-processing","9":"product_tag-cmos-manufacturing-equipment","10":"product_tag-high-current-ion-implantation","11":"product_tag-ion-implantation-system","12":"product_tag-lsi-process-equipment","13":"product_tag-medium-beam-ion-implanter","14":"product_tag-semiconductor-fabrication-equipment","15":"product_tag-semiconductor-implantation-machine","16":"product_tag-silicon-wafer-doping-equipment","17":"desktop-align-left","18":"tablet-align-left","19":"mobile-align-left","20":"ast-product-gallery-layout-horizontal-slider","21":"ast-product-gallery-with-no-image","22":"ast-product-tabs-layout-horizontal","24":"first","25":"instock","26":"shipping-taxable","27":"product-type-simple"},"_links":{"self":[{"href":"https:\/\/www.zmsh-semitech.com\/fr\/wp-json\/wp\/v2\/product\/2346","targetHints":{"allow":["GET"]}}],"collection":[{"href":"https:\/\/www.zmsh-semitech.com\/fr\/wp-json\/wp\/v2\/product"}],"about":[{"href":"https:\/\/www.zmsh-semitech.com\/fr\/wp-json\/wp\/v2\/types\/product"}],"replies":[{"embeddable":true,"href":"https:\/\/www.zmsh-semitech.com\/fr\/wp-json\/wp\/v2\/comments?post=2346"}],"version-history":[{"count":2,"href":"https:\/\/www.zmsh-semitech.com\/fr\/wp-json\/wp\/v2\/product\/2346\/revisions"}],"predecessor-version":[{"id":2374,"href":"https:\/\/www.zmsh-semitech.com\/fr\/wp-json\/wp\/v2\/product\/2346\/revisions\/2374"}],"wp:featuredmedia":[{"embeddable":true,"href":"https:\/\/www.zmsh-semitech.com\/fr\/wp-json\/wp\/v2\/media\/2347"}],"wp:attachment":[{"href":"https:\/\/www.zmsh-semitech.com\/fr\/wp-json\/wp\/v2\/media?parent=2346"}],"wp:term":[{"taxonomy":"product_brand","embeddable":true,"href":"https:\/\/www.zmsh-semitech.com\/fr\/wp-json\/wp\/v2\/product_brand?post=2346"},{"taxonomy":"product_cat","embeddable":true,"href":"https:\/\/www.zmsh-semitech.com\/fr\/wp-json\/wp\/v2\/product_cat?post=2346"},{"taxonomy":"product_tag","embeddable":true,"href":"https:\/\/www.zmsh-semitech.com\/fr\/wp-json\/wp\/v2\/product_tag?post=2346"}],"curies":[{"name":"wp","href":"https:\/\/api.w.org\/{rel}","templated":true}]}}