{"id":2254,"date":"2026-04-15T05:46:39","date_gmt":"2026-04-15T05:46:39","guid":{"rendered":"https:\/\/www.zmsh-semitech.com\/?post_type=product&#038;p=2254"},"modified":"2026-04-15T06:50:20","modified_gmt":"2026-04-15T06:50:20","slug":"8-inch-high-purity-fused-quartz-wafer-200mm-for-precision-sensors-and-optical-applications","status":"publish","type":"product","link":"https:\/\/www.zmsh-semitech.com\/fr\/product\/8-inch-high-purity-fused-quartz-wafer-200mm-for-precision-sensors-and-optical-applications\/","title":{"rendered":"Plaque de quartz fondu de haute puret\u00e9 de 8 pouces (200 mm) pour les capteurs de pr\u00e9cision et les applications optiques"},"content":{"rendered":"<p data-start=\"363\" data-end=\"808\"><img fetchpriority=\"high\" decoding=\"async\" class=\"size-medium wp-image-2491 alignleft\" src=\"https:\/\/www.fuyao-quartz.com\/wp-content\/uploads\/2026\/03\/8inch_quartz_wafer_diameter_200mm_ttv_10_m_ra_1_0_nm_for_high_precision_sensors2-300x300.jpg\" alt=\"\" width=\"300\" height=\"300\" \/>La plaquette de quartz fondu de 8 pouces est un substrat de quartz synth\u00e9tique de haute puret\u00e9 (SiO\u2082 \u226599,99%) con\u00e7u pour des applications de haute pr\u00e9cision dans les syst\u00e8mes semi-conducteurs, MEMS, optiques et laser. Sa dilatation thermique ultra-faible, sa transmittance UV-IR exceptionnelle et son excellente r\u00e9sistance chimique le rendent id\u00e9al pour les environnements exigeants tels que la photolithographie, la gravure, le d\u00e9p\u00f4t de couches minces et la fabrication de capteurs de haute pr\u00e9cision.<\/p>\n<p data-start=\"810\" data-end=\"1058\">Chaque plaquette est soigneusement produite sous un contr\u00f4le de qualit\u00e9 rigoureux dans un environnement de salle blanche afin de garantir une plan\u00e9it\u00e9, une finition de surface et une puret\u00e9 sup\u00e9rieures. Cela garantit des performances fiables pour les applications critiques dans l'industrie, la recherche et l'a\u00e9rospatiale.<\/p>\n<h3 data-start=\"1065\" data-end=\"1096\">Principales caract\u00e9ristiques et avantages<\/h3>\n<ul data-start=\"1098\" data-end=\"2065\">\n<li data-section-id=\"kgj1c0\" data-start=\"1098\" data-end=\"1198\">\n<p data-start=\"1100\" data-end=\"1198\"><strong data-start=\"1100\" data-end=\"1131\">Tr\u00e8s haute puret\u00e9 (\u226599.99%)<\/strong>: Minimise la contamination dans les processus semi-conducteurs et optiques.<\/p>\n<\/li>\n<li data-section-id=\"7e6lqo\" data-start=\"1199\" data-end=\"1328\">\n<p data-start=\"1201\" data-end=\"1328\"><strong data-start=\"1201\" data-end=\"1234\">Stabilit\u00e9 thermique exceptionnelle<\/strong>: Point de ramollissement ~1683\u00b0C, tol\u00e9rance \u00e0 court terme jusqu'\u00e0 1450\u00b0C pour les processus \u00e0 haute temp\u00e9rature.<img decoding=\"async\" class=\"size-medium wp-image-2488 alignright\" src=\"https:\/\/www.fuyao-quartz.com\/wp-content\/uploads\/2026\/03\/8inch_quartz_wafer_diameter_200mm_ttv_10_m_ra_1_0_nm_for_high_precision_sensors4-300x300.jpg\" alt=\"\" width=\"300\" height=\"300\" \/><\/p>\n<\/li>\n<li data-section-id=\"pxp023\" data-start=\"1329\" data-end=\"1433\">\n<p data-start=\"1331\" data-end=\"1433\"><strong data-start=\"1331\" data-end=\"1378\">Dilatation thermique ultra-faible (0,55 \u00d7 10-\u2076\/K)<\/strong>: Assure la stabilit\u00e9 dimensionnelle sous contrainte thermique.<\/p>\n<\/li>\n<li data-section-id=\"14xwsrz\" data-start=\"1434\" data-end=\"1557\">\n<p data-start=\"1436\" data-end=\"1557\"><strong data-start=\"1436\" data-end=\"1469\">Transmission optique sup\u00e9rieure<\/strong>: Gamme UV-IR 185 nm-2,5 \u00b5m, id\u00e9ale pour la photolithographie, l'optique laser et les capteurs UV.<\/p>\n<\/li>\n<li data-section-id=\"yw53fa\" data-start=\"1558\" data-end=\"1678\">\n<p data-start=\"1560\" data-end=\"1678\"><strong data-start=\"1560\" data-end=\"1584\">Haute qualit\u00e9 de surface<\/strong>: Ra \u22641,0 nm et TTV \u226410 \u00b5m pour un d\u00e9p\u00f4t uniforme en couche mince et une int\u00e9gration pr\u00e9cise des capteurs.<\/p>\n<\/li>\n<li data-section-id=\"w93pn9\" data-start=\"1679\" data-end=\"1805\">\n<p data-start=\"1681\" data-end=\"1805\"><strong data-start=\"1681\" data-end=\"1704\">R\u00e9sistance chimique<\/strong>: R\u00e9sistant \u00e0 la plupart des acides (sauf HF) et des alcalis, il convient \u00e0 la gravure humide et aux environnements difficiles.<\/p>\n<\/li>\n<li data-section-id=\"1n1qt20\" data-start=\"1806\" data-end=\"1915\">\n<p data-start=\"1808\" data-end=\"1915\"><strong data-start=\"1808\" data-end=\"1855\">R\u00e9sistance aux radiations et stabilit\u00e9 di\u00e9lectrique<\/strong>: soutient les applications a\u00e9rospatiales et de physique des hautes \u00e9nergies.<\/p>\n<\/li>\n<li data-section-id=\"dgvd7c\" data-start=\"1916\" data-end=\"2065\">\n<p data-start=\"1918\" data-end=\"2065\"><strong data-start=\"1918\" data-end=\"1949\">Formes et tailles personnalisables<\/strong>: Plaquettes rondes, carr\u00e9es, annulaires ou sectorielles avec, en option, polissage, rev\u00eatements AR\/IR\/DLC et microfabrication.<\/p>\n<\/li>\n<\/ul>\n<h3 data-start=\"2072\" data-end=\"2090\"><strong data-start=\"2072\" data-end=\"2088\">Applications<\/strong><\/h3>\n<div class=\"TyagGW_tableContainer\">\n<div class=\"group TyagGW_tableWrapper flex flex-col-reverse w-fit\" tabindex=\"-1\">\n<table class=\"w-fit min-w-(--thread-content-width)\" data-start=\"2092\" data-end=\"3021\">\n<thead data-start=\"2092\" data-end=\"2128\">\n<tr data-start=\"2092\" data-end=\"2128\">\n<th class=\"\" data-start=\"2092\" data-end=\"2103\" data-col-size=\"sm\">L'industrie<\/th>\n<th class=\"\" data-start=\"2103\" data-end=\"2117\" data-col-size=\"md\">Application<\/th>\n<th class=\"\" data-start=\"2117\" data-end=\"2128\" data-col-size=\"md\">B\u00e9n\u00e9fice<\/th>\n<\/tr>\n<\/thead>\n<tbody data-start=\"2165\" data-end=\"3021\">\n<tr data-start=\"2165\" data-end=\"2329\">\n<td data-start=\"2165\" data-end=\"2181\" data-col-size=\"sm\">Semi-conducteurs<\/td>\n<td data-start=\"2181\" data-end=\"2242\" data-col-size=\"md\">Substrats de masque photographique, supports de gravure, tampons de polissage CMP<\/td>\n<td data-col-size=\"md\" data-start=\"2242\" data-end=\"2329\">Stabilit\u00e9 \u00e0 haute temp\u00e9rature, tr\u00e8s peu de d\u00e9fauts, garantit la pr\u00e9cision de la fabrication des puces.<\/td>\n<\/tr>\n<tr data-start=\"2330\" data-end=\"2462\">\n<td data-start=\"2330\" data-end=\"2346\" data-col-size=\"sm\">Photovolta\u00efque<\/td>\n<td data-col-size=\"md\" data-start=\"2346\" data-end=\"2402\">Plaques de traitement PECVD, substrats pour le d\u00e9p\u00f4t de couches minces<\/td>\n<td data-col-size=\"md\" data-start=\"2402\" data-end=\"2462\">R\u00e9sistance aux chocs thermiques, am\u00e9lioration de l'efficacit\u00e9 des cellules solaires<\/td>\n<\/tr>\n<tr data-start=\"2463\" data-end=\"2611\">\n<td data-start=\"2463\" data-end=\"2481\" data-col-size=\"sm\">Opto\u00e9lectronique<\/td>\n<td data-col-size=\"md\" data-start=\"2481\" data-end=\"2533\">Substrats LED\/LD, fen\u00eatres laser, capteurs optiques<\/td>\n<td data-col-size=\"md\" data-start=\"2533\" data-end=\"2611\">Transmission UV-IR \u00e9lev\u00e9e, faible autofluorescence, am\u00e9liore les performances de l'appareil<\/td>\n<\/tr>\n<tr data-start=\"2612\" data-end=\"2755\">\n<td data-start=\"2612\" data-end=\"2631\" data-col-size=\"sm\">Optique de pr\u00e9cision<\/td>\n<td data-col-size=\"md\" data-start=\"2631\" data-end=\"2685\">Substrats de lentilles, prismes, s\u00e9parateurs de faisceaux, fen\u00eatres IR<\/td>\n<td data-col-size=\"md\" data-start=\"2685\" data-end=\"2755\">Faible dilatation thermique, grande homog\u00e9n\u00e9it\u00e9, assure la stabilit\u00e9 optique<\/td>\n<\/tr>\n<tr data-start=\"2756\" data-end=\"2891\">\n<td data-start=\"2756\" data-end=\"2773\" data-col-size=\"sm\">Recherche et laboratoire<\/td>\n<td data-col-size=\"md\" data-start=\"2773\" data-end=\"2837\">Rayonnement synchrotron, exp\u00e9riences VUV, d\u00e9tecteurs de haute \u00e9nergie<\/td>\n<td data-col-size=\"md\" data-start=\"2837\" data-end=\"2891\">R\u00e9sistant aux radiations et aux conditions extr\u00eames<\/td>\n<\/tr>\n<tr data-start=\"2892\" data-end=\"3021\">\n<td data-start=\"2892\" data-end=\"2904\" data-col-size=\"sm\">A\u00e9rospatiale<\/td>\n<td data-col-size=\"md\" data-start=\"2904\" data-end=\"2969\">Fen\u00eatres optiques de satellites, panneaux d'observation \u00e0 haute temp\u00e9rature<\/td>\n<td data-col-size=\"md\" data-start=\"2969\" data-end=\"3021\">R\u00e9sistance aux chocs thermiques, fiabilit\u00e9 de niveau spatial<\/td>\n<\/tr>\n<\/tbody>\n<\/table>\n<\/div>\n<\/div>\n<h3 data-start=\"3028\" data-end=\"3058\"><strong data-start=\"3028\" data-end=\"3056\">Sp\u00e9cifications techniques<\/strong><\/h3>\n<div class=\"TyagGW_tableContainer\">\n<div class=\"group TyagGW_tableWrapper flex flex-col-reverse w-fit\" tabindex=\"-1\">\n<table class=\"w-fit min-w-(--thread-content-width)\" data-start=\"3060\" data-end=\"3704\">\n<thead data-start=\"3060\" data-end=\"3089\">\n<tr data-start=\"3060\" data-end=\"3089\">\n<th class=\"\" data-start=\"3060\" data-end=\"3072\" data-col-size=\"sm\">Param\u00e8tres<\/th>\n<th class=\"\" data-start=\"3072\" data-end=\"3089\" data-col-size=\"md\">Sp\u00e9cifications<\/th>\n<\/tr>\n<\/thead>\n<tbody data-start=\"3120\" data-end=\"3704\">\n<tr data-start=\"3120\" data-end=\"3172\">\n<td data-start=\"3120\" data-end=\"3131\" data-col-size=\"sm\">Mat\u00e9riau<\/td>\n<td data-col-size=\"md\" data-start=\"3131\" data-end=\"3172\">Quartz fondu synth\u00e9tique (SiO\u2082 \u226599.99%)<\/td>\n<\/tr>\n<tr data-start=\"3173\" data-end=\"3203\">\n<td data-start=\"3173\" data-end=\"3184\" data-col-size=\"sm\">Diam\u00e8tre<\/td>\n<td data-col-size=\"md\" data-start=\"3184\" data-end=\"3203\">200 mm (8 pouces)<\/td>\n<\/tr>\n<tr data-start=\"3204\" data-end=\"3257\">\n<td data-start=\"3204\" data-end=\"3222\" data-col-size=\"sm\">Gamme d'\u00e9paisseur<\/td>\n<td data-col-size=\"md\" data-start=\"3222\" data-end=\"3257\">100 \u00b5m - 3000 \u00b5m (personnalisable)<\/td>\n<\/tr>\n<tr data-start=\"3258\" data-end=\"3302\">\n<td data-start=\"3258\" data-end=\"3292\" data-col-size=\"sm\">Variation totale de l'\u00e9paisseur (TTV)<\/td>\n<td data-col-size=\"md\" data-start=\"3292\" data-end=\"3302\">\u226410 \u00b5m<\/td>\n<\/tr>\n<tr data-start=\"3303\" data-end=\"3339\">\n<td data-start=\"3303\" data-end=\"3328\" data-col-size=\"sm\">Rugosit\u00e9 de la surface (Ra)<\/td>\n<td data-col-size=\"md\" data-start=\"3328\" data-end=\"3339\">\u22641,0 nm<\/td>\n<\/tr>\n<tr data-start=\"3340\" data-end=\"3378\">\n<td data-start=\"3340\" data-end=\"3365\" data-col-size=\"sm\">Teneur totale en impuret\u00e9s<\/td>\n<td data-col-size=\"md\" data-start=\"3365\" data-end=\"3378\">\u22642,0 \u00b5g\/g<\/td>\n<\/tr>\n<tr data-start=\"3379\" data-end=\"3439\">\n<td data-start=\"3379\" data-end=\"3411\" data-col-size=\"sm\">Coefficient de dilatation thermique<\/td>\n<td data-col-size=\"md\" data-start=\"3411\" data-end=\"3439\">0,55 \u00d7 10-\u2076\/K (20-300\u00b0C)<\/td>\n<\/tr>\n<tr data-start=\"3440\" data-end=\"3516\">\n<td data-start=\"3440\" data-end=\"3465\" data-col-size=\"sm\">R\u00e9sistance \u00e0 la temp\u00e9rature<\/td>\n<td data-col-size=\"md\" data-start=\"3465\" data-end=\"3516\">Point de ramollissement 1683\u00b0C, \u00e0 court terme jusqu'\u00e0 1450\u00b0C<\/td>\n<\/tr>\n<tr data-start=\"3517\" data-end=\"3557\">\n<td data-start=\"3517\" data-end=\"3536\" data-col-size=\"sm\">Transmittance UV<\/td>\n<td data-start=\"3536\" data-end=\"3557\" data-col-size=\"md\">&gt;90% (200-260 nm)<\/td>\n<\/tr>\n<tr data-start=\"3558\" data-end=\"3607\">\n<td data-start=\"3558\" data-end=\"3577\" data-col-size=\"sm\">Plan\u00e9it\u00e9 de la surface<\/td>\n<td data-start=\"3577\" data-end=\"3607\" data-col-size=\"md\">Haute pr\u00e9cision, TTV \u226410 \u00b5m<\/td>\n<\/tr>\n<tr data-start=\"3608\" data-end=\"3669\">\n<td data-start=\"3608\" data-end=\"3624\" data-col-size=\"sm\">Options de forme<\/td>\n<td data-start=\"3624\" data-end=\"3669\" data-col-size=\"md\">Ronde (standard), formes personnalis\u00e9es disponibles<\/td>\n<\/tr>\n<tr data-start=\"3670\" data-end=\"3704\">\n<td data-start=\"3670\" data-end=\"3687\" data-col-size=\"sm\">Certifications<\/td>\n<td data-start=\"3687\" data-end=\"3704\" data-col-size=\"md\">RoHS, ISO9001<\/td>\n<\/tr>\n<\/tbody>\n<\/table>\n<\/div>\n<\/div>\n<h3 data-start=\"3711\" data-end=\"3720\"><strong data-start=\"3711\" data-end=\"3718\"><img decoding=\"async\" class=\"size-medium wp-image-2487 alignleft\" src=\"https:\/\/www.fuyao-quartz.com\/wp-content\/uploads\/2026\/03\/8inch_quartz_wafer_diameter_200mm_ttv_10_m_ra_1_0_nm_for_high_precision_sensors3-300x300.jpg\" alt=\"\" width=\"300\" height=\"300\" \/>FAQ<\/strong><\/h3>\n<ol data-start=\"3722\" data-end=\"4461\">\n<li data-section-id=\"1p6zuwb\" data-start=\"3722\" data-end=\"3925\">\n<p data-start=\"3725\" data-end=\"3925\"><strong data-start=\"3725\" data-end=\"3789\">Q : Quelle est l'\u00e9paisseur standard d'une plaquette de quartz de 8 pouces ?<\/strong><br data-start=\"3789\" data-end=\"3792\" \/><strong data-start=\"3795\" data-end=\"3801\">A :<\/strong> L'\u00e9paisseur standard est de 0,5 \u00e0 1,0 mm, avec des options personnalis\u00e9es allant jusqu'\u00e0 10 mm pour les applications sp\u00e9cialis\u00e9es dans les semi-conducteurs et l'optique.<\/p>\n<\/li>\n<li data-section-id=\"douphg\" data-start=\"3927\" data-end=\"4215\">\n<p data-start=\"3930\" data-end=\"4215\"><strong data-start=\"3930\" data-end=\"3988\">Q : Pourquoi choisir des plaquettes de quartz fondu plut\u00f4t que des plaquettes de silicium ?<\/strong><br data-start=\"3988\" data-end=\"3991\" \/><strong data-start=\"3994\" data-end=\"4000\">A :<\/strong> Les plaquettes de quartz fondu offrent une transparence sup\u00e9rieure aux UV, une plus grande stabilit\u00e9 thermique (jusqu'\u00e0 1730\u00b0C), une r\u00e9sistance chimique et une stabilit\u00e9 dimensionnelle, ce qui les rend id\u00e9ales pour la lithographie de haute pr\u00e9cision et les processus difficiles.<\/p>\n<\/li>\n<li data-section-id=\"1mys3u\" data-start=\"4217\" data-end=\"4461\">\n<p data-start=\"4220\" data-end=\"4461\"><strong data-start=\"4220\" data-end=\"4287\">Q : FUYAO peut-il fournir des formes de plaquettes et des traitements de surface personnalis\u00e9s ?<\/strong><br data-start=\"4287\" data-end=\"4290\" \/><strong data-start=\"4293\" data-end=\"4299\">A :<\/strong> Oui. Les options comprennent des plaquettes rondes, carr\u00e9es, annulaires, en forme de secteur, avec des traitements de surface tels que le polissage optique, les rev\u00eatements AR\/IR\/DLC, le per\u00e7age et le rainurage.<\/p>\n<\/li>\n<\/ol>","protected":false},"excerpt":{"rendered":"<p>La plaquette de quartz fondu de 8 pouces est un substrat de quartz synth\u00e9tique de haute puret\u00e9 (SiO\u2082 \u226599,99%) con\u00e7u pour des applications de haute pr\u00e9cision dans les syst\u00e8mes semi-conducteurs, MEMS, optiques et laser. Sa dilatation thermique ultra-faible, sa transmittance UV-IR exceptionnelle et son excellente r\u00e9sistance chimique le rendent id\u00e9al pour les environnements exigeants tels que la photolithographie, la gravure, le d\u00e9p\u00f4t de couches minces et la fabrication de capteurs de haute pr\u00e9cision.<\/p>","protected":false},"featured_media":2265,"comment_status":"open","ping_status":"closed","template":"","meta":{"site-sidebar-layout":"default","site-content-layout":"","ast-site-content-layout":"default","site-content-style":"default","site-sidebar-style":"default","ast-global-header-display":"","ast-banner-title-visibility":"","ast-main-header-display":"","ast-hfb-above-header-display":"","ast-hfb-below-header-display":"","ast-hfb-mobile-header-display":"","site-post-title":"","ast-breadcrumbs-content":"","ast-featured-img":"","footer-sml-layout":"","ast-disable-related-posts":"","theme-transparent-header-meta":"default","adv-header-id-meta":"","stick-header-meta":"default","header-above-stick-meta":"","header-main-stick-meta":"","header-below-stick-meta":"","astra-migrate-meta-layouts":"set","ast-page-background-enabled":"default","ast-page-background-meta":{"desktop":{"background-color":"var(--ast-global-color-4)","background-image":"","background-repeat":"repeat","background-position":"center center","background-size":"auto","background-attachment":"scroll","background-type":"","background-media":"","overlay-type":"","overlay-color":"","overlay-opacity":"","overlay-gradient":""},"tablet":{"background-color":"","background-image":"","background-repeat":"repeat","background-position":"center center","background-size":"auto","background-attachment":"scroll","background-type":"","background-media":"","overlay-type":"","overlay-color":"","overlay-opacity":"","overlay-gradient":""},"mobile":{"background-color":"","background-image":"","background-repeat":"repeat","background-position":"center center","background-size":"auto","background-attachment":"scroll","background-type":"","background-media":"","overlay-type":"","overlay-color":"","overlay-opacity":"","overlay-gradient":""}},"ast-content-background-meta":{"desktop":{"background-color":"var(--ast-global-color-5)","background-image":"","background-repeat":"repeat","background-position":"center center","background-size":"auto","background-attachment":"scroll","background-type":"","background-media":"","overlay-type":"","overlay-color":"","overlay-opacity":"","overlay-gradient":""},"tablet":{"background-color":"var(--ast-global-color-5)","background-image":"","background-repeat":"repeat","background-position":"center center","background-size":"auto","background-attachment":"scroll","background-type":"","background-media":"","overlay-type":"","overlay-color":"","overlay-opacity":"","overlay-gradient":""},"mobile":{"background-color":"var(--ast-global-color-5)","background-image":"","background-repeat":"repeat","background-position":"center center","background-size":"auto","background-attachment":"scroll","background-type":"","background-media":"","overlay-type":"","overlay-color":"","overlay-opacity":"","overlay-gradient":""}}},"product_brand":[],"product_cat":[729],"product_tag":[1070,1071,1072,1073,1054,1074,1075,1058,1076,1077,1078,1079,1080,1081,1082,1083,1084,1085,1086,1087],"class_list":{"0":"post-2254","1":"product","2":"type-product","3":"status-publish","4":"has-post-thumbnail","6":"product_cat-wafer","7":"product_tag-200mm-quartz-wafer","8":"product_tag-8-inch-quartz-wafer","9":"product_tag-aerospace-quartz-wafer","10":"product_tag-chemical-resistant-quartz","11":"product_tag-custom-quartz-wafer","12":"product_tag-fused-quartz-plate","13":"product_tag-high-purity-fused-quartz","14":"product_tag-high-temperature-quartz-wafer","15":"product_tag-laser-system-wafer","16":"product_tag-low-thermal-expansion-quartz","17":"product_tag-mems-wafer","18":"product_tag-optical-grade-quartz-wafer","19":"product_tag-precision-sensors-wafer","20":"product_tag-ra-1-0nm","21":"product_tag-semiconductor-wafer-substrate","22":"product_tag-sio2-wafer","23":"product_tag-synthetic-quartz-wafer","24":"product_tag-thin-film-deposition-substrate","25":"product_tag-ttv-10m","26":"product_tag-uv-optical-device-wafer","27":"desktop-align-left","28":"tablet-align-left","29":"mobile-align-left","30":"ast-product-gallery-layout-horizontal-slider","31":"ast-product-tabs-layout-horizontal","33":"first","34":"instock","35":"shipping-taxable","36":"product-type-simple"},"_links":{"self":[{"href":"https:\/\/www.zmsh-semitech.com\/fr\/wp-json\/wp\/v2\/product\/2254","targetHints":{"allow":["GET"]}}],"collection":[{"href":"https:\/\/www.zmsh-semitech.com\/fr\/wp-json\/wp\/v2\/product"}],"about":[{"href":"https:\/\/www.zmsh-semitech.com\/fr\/wp-json\/wp\/v2\/types\/product"}],"replies":[{"embeddable":true,"href":"https:\/\/www.zmsh-semitech.com\/fr\/wp-json\/wp\/v2\/comments?post=2254"}],"version-history":[{"count":4,"href":"https:\/\/www.zmsh-semitech.com\/fr\/wp-json\/wp\/v2\/product\/2254\/revisions"}],"predecessor-version":[{"id":2269,"href":"https:\/\/www.zmsh-semitech.com\/fr\/wp-json\/wp\/v2\/product\/2254\/revisions\/2269"}],"wp:featuredmedia":[{"embeddable":true,"href":"https:\/\/www.zmsh-semitech.com\/fr\/wp-json\/wp\/v2\/media\/2265"}],"wp:attachment":[{"href":"https:\/\/www.zmsh-semitech.com\/fr\/wp-json\/wp\/v2\/media?parent=2254"}],"wp:term":[{"taxonomy":"product_brand","embeddable":true,"href":"https:\/\/www.zmsh-semitech.com\/fr\/wp-json\/wp\/v2\/product_brand?post=2254"},{"taxonomy":"product_cat","embeddable":true,"href":"https:\/\/www.zmsh-semitech.com\/fr\/wp-json\/wp\/v2\/product_cat?post=2254"},{"taxonomy":"product_tag","embeddable":true,"href":"https:\/\/www.zmsh-semitech.com\/fr\/wp-json\/wp\/v2\/product_tag?post=2254"}],"curies":[{"name":"wp","href":"https:\/\/api.w.org\/{rel}","templated":true}]}}