{"id":2234,"date":"2026-04-15T05:17:06","date_gmt":"2026-04-15T05:17:06","guid":{"rendered":"https:\/\/www.zmsh-semitech.com\/?post_type=product&#038;p=2234"},"modified":"2026-04-15T05:19:03","modified_gmt":"2026-04-15T05:19:03","slug":"sapphire-wafer-blanks-high-purity-raw-sapphire-substrate-for-precision-processing","status":"publish","type":"product","link":"https:\/\/www.zmsh-semitech.com\/fr\/product\/sapphire-wafer-blanks-high-purity-raw-sapphire-substrate-for-precision-processing\/","title":{"rendered":"\u00c9bauches de plaquettes de saphir - Substrat de saphir brut de haute puret\u00e9 pour un traitement de pr\u00e9cision"},"content":{"rendered":"<p data-start=\"379\" data-end=\"773\"><img fetchpriority=\"high\" decoding=\"async\" class=\"alignright wp-image-2238 size-medium\" src=\"https:\/\/www.zmsh-semitech.com\/wp-content\/uploads\/2026\/04\/sapphire_wafer_blank_high_purity_raw_sapphire_substrate_for_processing1-300x300.webp\" alt=\"\u00c9bauches de plaquettes de saphir - Substrat de saphir brut de haute puret\u00e9 pour un traitement de pr\u00e9cision\" width=\"300\" height=\"300\" srcset=\"https:\/\/www.zmsh-semitech.com\/wp-content\/uploads\/2026\/04\/sapphire_wafer_blank_high_purity_raw_sapphire_substrate_for_processing1-300x300.webp 300w, https:\/\/www.zmsh-semitech.com\/wp-content\/uploads\/2026\/04\/sapphire_wafer_blank_high_purity_raw_sapphire_substrate_for_processing1-150x150.webp 150w, https:\/\/www.zmsh-semitech.com\/wp-content\/uploads\/2026\/04\/sapphire_wafer_blank_high_purity_raw_sapphire_substrate_for_processing1-768x768.webp 768w, https:\/\/www.zmsh-semitech.com\/wp-content\/uploads\/2026\/04\/sapphire_wafer_blank_high_purity_raw_sapphire_substrate_for_processing1-12x12.webp 12w, https:\/\/www.zmsh-semitech.com\/wp-content\/uploads\/2026\/04\/sapphire_wafer_blank_high_purity_raw_sapphire_substrate_for_processing1-600x600.webp 600w, https:\/\/www.zmsh-semitech.com\/wp-content\/uploads\/2026\/04\/sapphire_wafer_blank_high_purity_raw_sapphire_substrate_for_processing1-100x100.webp 100w, https:\/\/www.zmsh-semitech.com\/wp-content\/uploads\/2026\/04\/sapphire_wafer_blank_high_purity_raw_sapphire_substrate_for_processing1.webp 800w\" sizes=\"(max-width: 300px) 100vw, 300px\" \/>Les plaquettes de saphir sont des substrats d'oxyde d'aluminium monocristallin (Al\u2082O\u2083) de haute puret\u00e9, tels qu'ils sont coup\u00e9s, d\u00e9riv\u00e9s directement de boules de saphir \u00e0 l'aide d'une technologie de sciage \u00e0 fil avanc\u00e9e. Contrairement aux plaquettes finies, ces substrats sont livr\u00e9s \u00e0 l'\u00e9tat brut et non trait\u00e9, ce qui signifie que la surface conserve les marques de scie et n'a pas subi de rodage, de polissage ou de planarisation chimico-m\u00e9canique (CMP).<\/p>\n<p data-start=\"817\" data-end=\"1087\">Cette forme de saphir est largement utilis\u00e9e comme mat\u00e9riau de d\u00e9part dans les industries des semi-conducteurs, de l'optique et de l'ing\u00e9nierie \u00e0 haute temp\u00e9rature, o\u00f9 les utilisateurs en aval exigent un contr\u00f4le total de la finition de la surface, de l'alignement de l'orientation cristallographique et de la pr\u00e9cision de l'\u00e9paisseur.<\/p>\n<p data-start=\"1089\" data-end=\"1527\">Le saphir (\u03b1-Al\u2082O\u2083) est l'un des mat\u00e9riaux d'ing\u00e9nierie les plus durs connus, class\u00e9 9 sur l'\u00e9chelle de duret\u00e9 de Mohs, juste derri\u00e8re le diamant. Il pr\u00e9sente une excellente r\u00e9sistance \u00e0 l'abrasion, aux chocs thermiques et \u00e0 la corrosion chimique, ce qui le rend particuli\u00e8rement adapt\u00e9 aux environnements de traitement extr\u00eames. Ces propri\u00e9t\u00e9s permettent aux plaquettes de saphir de servir de mat\u00e9riau de base stable dans les lignes de production industrielles et les laboratoires de recherche avanc\u00e9e.<\/p>\n<hr data-start=\"1529\" data-end=\"1532\" \/>\n<h2 data-section-id=\"ojepy8\" data-start=\"1534\" data-end=\"1565\"><span role=\"text\"><img decoding=\"async\" class=\"alignright wp-image-2237 size-medium\" src=\"https:\/\/www.zmsh-semitech.com\/wp-content\/uploads\/2026\/04\/sapphire_wafer_blank_high_purity_raw_sapphire_substrate_for_processing2-300x300.webp\" alt=\"\u00c9bauches de plaquettes de saphir - Substrat de saphir brut de haute puret\u00e9 pour un traitement de pr\u00e9cision\" width=\"300\" height=\"300\" srcset=\"https:\/\/www.zmsh-semitech.com\/wp-content\/uploads\/2026\/04\/sapphire_wafer_blank_high_purity_raw_sapphire_substrate_for_processing2-300x300.webp 300w, https:\/\/www.zmsh-semitech.com\/wp-content\/uploads\/2026\/04\/sapphire_wafer_blank_high_purity_raw_sapphire_substrate_for_processing2-150x150.webp 150w, https:\/\/www.zmsh-semitech.com\/wp-content\/uploads\/2026\/04\/sapphire_wafer_blank_high_purity_raw_sapphire_substrate_for_processing2-768x768.webp 768w, https:\/\/www.zmsh-semitech.com\/wp-content\/uploads\/2026\/04\/sapphire_wafer_blank_high_purity_raw_sapphire_substrate_for_processing2-12x12.webp 12w, https:\/\/www.zmsh-semitech.com\/wp-content\/uploads\/2026\/04\/sapphire_wafer_blank_high_purity_raw_sapphire_substrate_for_processing2-600x600.webp 600w, https:\/\/www.zmsh-semitech.com\/wp-content\/uploads\/2026\/04\/sapphire_wafer_blank_high_purity_raw_sapphire_substrate_for_processing2-100x100.webp 100w, https:\/\/www.zmsh-semitech.com\/wp-content\/uploads\/2026\/04\/sapphire_wafer_blank_high_purity_raw_sapphire_substrate_for_processing2.webp 800w\" sizes=\"(max-width: 300px) 100vw, 300px\" \/>Caract\u00e9ristiques des mat\u00e9riaux<\/span><\/h2>\n<p data-start=\"1567\" data-end=\"1829\">Les plaquettes de saphir sont compos\u00e9es d'oxyde d'aluminium monocristallin d'une puret\u00e9 \u2265 99,99%, ce qui garantit une grande coh\u00e9rence structurelle et un minimum de d\u00e9fauts de r\u00e9seau induits par l'impuret\u00e9. Ceci est essentiel pour les applications impliquant une croissance \u00e9pitaxiale ou une transmission optique.<\/p>\n<p data-start=\"1831\" data-end=\"1863\">Les principales propri\u00e9t\u00e9s du mat\u00e9riau sont les suivantes<\/p>\n<ul data-start=\"1865\" data-end=\"2170\">\n<li data-section-id=\"1h84phi\" data-start=\"1865\" data-end=\"1905\">Duret\u00e9 \u00e9lev\u00e9e et r\u00e9sistance aux rayures<\/li>\n<li data-section-id=\"dzbd9u\" data-start=\"1906\" data-end=\"1975\">Excellente conductivit\u00e9 thermique et stabilit\u00e9 \u00e0 haute temp\u00e9rature<\/li>\n<li data-section-id=\"1biq2rl\" data-start=\"1976\" data-end=\"2040\">Forte r\u00e9sistance aux acides, aux alcalis et aux environnements plasmatiques<\/li>\n<li data-section-id=\"1m8mtf9\" data-start=\"2041\" data-end=\"2103\">Large gamme de transmission optique (de l'UV \u00e0 l'IR apr\u00e8s polissage)<\/li>\n<li data-section-id=\"1u7e7u1\" data-start=\"2104\" data-end=\"2170\">R\u00e9sistance m\u00e9canique \u00e9lev\u00e9e dans des conditions de stress et de vibration<\/li>\n<\/ul>\n<p data-start=\"2172\" data-end=\"2342\">Ces caract\u00e9ristiques rendent les plaquettes de saphir particuli\u00e8rement pr\u00e9cieuses dans les environnements o\u00f9 les substrats en silicium ou en verre sont soumis \u00e0 des contraintes ou \u00e0 des limitations de temp\u00e9rature.<\/p>\n<hr data-start=\"2344\" data-end=\"2347\" \/>\n<h2 data-section-id=\"1alkwpa\" data-start=\"2349\" data-end=\"2377\"><span role=\"text\"><img decoding=\"async\" class=\"size-medium wp-image-2239 alignright\" src=\"https:\/\/www.zmsh-semitech.com\/wp-content\/uploads\/2026\/04\/20240819154539_19680-300x300.jpg\" alt=\"\" width=\"300\" height=\"300\" srcset=\"https:\/\/www.zmsh-semitech.com\/wp-content\/uploads\/2026\/04\/20240819154539_19680-300x300.jpg 300w, https:\/\/www.zmsh-semitech.com\/wp-content\/uploads\/2026\/04\/20240819154539_19680-150x150.jpg 150w, https:\/\/www.zmsh-semitech.com\/wp-content\/uploads\/2026\/04\/20240819154539_19680-12x12.jpg 12w, https:\/\/www.zmsh-semitech.com\/wp-content\/uploads\/2026\/04\/20240819154539_19680-600x600.jpg 600w, https:\/\/www.zmsh-semitech.com\/wp-content\/uploads\/2026\/04\/20240819154539_19680-100x100.jpg 100w, https:\/\/www.zmsh-semitech.com\/wp-content\/uploads\/2026\/04\/20240819154539_19680.jpg 680w\" sizes=\"(max-width: 300px) 100vw, 300px\" \/>Processus de fabrication<\/span><\/h2>\n<p data-start=\"2421\" data-end=\"2496\">Les plaquettes de saphir sont produites selon un processus industriel contr\u00f4l\u00e9 :<\/p>\n<ol data-start=\"2498\" data-end=\"3060\">\n<li data-section-id=\"dne7b4\" data-start=\"2498\" data-end=\"2680\">Croissance du cristal - Les boules de saphir sont cultiv\u00e9es \u00e0 l'aide de m\u00e9thodes telles que les techniques de Kyropoulos ou d'\u00e9change thermique, ce qui permet d'obtenir de grands lingots monocristallins avec une densit\u00e9 de d\u00e9fauts contr\u00f4l\u00e9e.<\/li>\n<li data-section-id=\"72bozn\" data-start=\"2681\" data-end=\"2815\">Coupe d'orientation - Les boules sont align\u00e9es avec pr\u00e9cision selon les plans cristallographiques (plan C, plan A, plan R, plan M).<\/li>\n<li data-section-id=\"da5a28\" data-start=\"2816\" data-end=\"2943\">Tranchage \u00e0 la scie \u00e0 fil - Le lingot est d\u00e9coup\u00e9 en plaquettes \u00e0 l'aide de scies \u00e0 fil diamant\u00e9es, ce qui permet d'obtenir des surfaces telles que coup\u00e9es.<\/li>\n<li data-section-id=\"1d6frix\" data-start=\"2944\" data-end=\"3060\">Nettoyage et inspection - Chaque plaquette est inspect\u00e9e pour v\u00e9rifier l'absence de fissures, l'int\u00e9grit\u00e9 des bords et l'uniformit\u00e9 de l'\u00e9paisseur.<\/li>\n<\/ol>\n<p data-start=\"3062\" data-end=\"3201\">\u00c0 ce stade, le produit est intentionnellement laiss\u00e9 brut afin de servir de mati\u00e8re premi\u00e8re flexible pour les processus de fabrication en aval.<\/p>\n<hr data-start=\"3203\" data-end=\"3206\" \/>\n<h2 data-section-id=\"1j5qwet\" data-start=\"3208\" data-end=\"3227\"><span role=\"text\">Caract\u00e9ristiques principales<\/span><\/h2>\n<ul data-start=\"3229\" data-end=\"3708\">\n<li data-section-id=\"bp44jf\" data-start=\"3229\" data-end=\"3290\">Saphir monocristallin de tr\u00e8s haute puret\u00e9 (\u226599.99% Al\u2082O\u2083)<\/li>\n<li data-section-id=\"n4zrbf\" data-start=\"3291\" data-end=\"3362\">Disponible dans les tailles de plaquettes semi-conductrices standard : 2\u201d, 3\u201d, 4\u201d, 6\u201d, 8\u201d.\u201d<\/li>\n<li data-section-id=\"sd0rj\" data-start=\"3363\" data-end=\"3421\">\u00c9paisseur sur mesure de 0,5 mm \u00e0 3,0 mm ou plus<\/li>\n<li data-section-id=\"yovwq5\" data-start=\"3422\" data-end=\"3505\">Orientations cristallines multiples pour diff\u00e9rentes applications optiques et \u00e9lectroniques<\/li>\n<li data-section-id=\"1vn9hfs\" data-start=\"3506\" data-end=\"3575\">Surface brute sci\u00e9e au fil, id\u00e9ale pour le rodage personnalis\u00e9 et le traitement CMP<\/li>\n<li data-section-id=\"1g6tkst\" data-start=\"3576\" data-end=\"3641\">Grande stabilit\u00e9 structurelle sous contrainte m\u00e9canique et thermique<\/li>\n<li data-section-id=\"19xgigt\" data-start=\"3642\" data-end=\"3708\">Qualit\u00e9 constante adapt\u00e9e \u00e0 la fabrication \u00e0 l'\u00e9chelle industrielle<\/li>\n<\/ul>\n<hr data-start=\"3710\" data-end=\"3713\" \/>\n<h2 data-section-id=\"k0zlak\" data-start=\"3715\" data-end=\"3734\"><span role=\"text\">Applications<\/span><\/h2>\n<p data-start=\"3736\" data-end=\"3857\">Gr\u00e2ce \u00e0 leur r\u00e9sistance m\u00e9canique et \u00e0 leur stabilit\u00e9 chimique, les plaquettes de saphir sont utilis\u00e9es dans un large \u00e9ventail d'industries de pointe.<\/p>\n<h3 data-section-id=\"vh2vip\" data-start=\"3859\" data-end=\"3897\"><span role=\"text\">Industrie des semi-conducteurs et des diodes \u00e9lectroluminescentes<\/span><\/h3>\n<p data-start=\"3898\" data-end=\"4125\">Les plaquettes de saphir sont couramment utilis\u00e9es comme substrats pour la croissance \u00e9pitaxiale de LED \u00e0 base de GaN. Apr\u00e8s polissage, elles constituent une plate-forme tr\u00e8s stable pour la production de dispositifs opto\u00e9lectroniques \u00e0 haut rendement tels que les LED bleues et UV.<\/p>\n<h3 data-section-id=\"1evn3pb\" data-start=\"4127\" data-end=\"4163\"><span role=\"text\">Syst\u00e8mes optiques et photoniques<\/span><\/h3>\n<p data-start=\"4164\" data-end=\"4354\">Apr\u00e8s une finition de pr\u00e9cision, le saphir est utilis\u00e9 dans les fen\u00eatres optiques, les cavit\u00e9s laser, les syst\u00e8mes d'imagerie infrarouge et les couvercles de capteurs, o\u00f9 la transparence et la r\u00e9sistance aux rayures sont essentielles.<\/p>\n<h3 data-section-id=\"1maeluv\" data-start=\"4356\" data-end=\"4388\"><span role=\"text\">Recherche et d\u00e9veloppement<\/span><\/h3>\n<p data-start=\"4389\" data-end=\"4556\">Les universit\u00e9s et les laboratoires de science des mat\u00e9riaux utilisent des plaquettes de saphir \u00e0 l'\u00e9tat brut pour le d\u00e9veloppement de proc\u00e9d\u00e9s CMP, les \u00e9tudes d'ing\u00e9nierie de surface et l'analyse des d\u00e9fauts cristallins.<\/p>\n<h3 data-section-id=\"mrlekr\" data-start=\"4558\" data-end=\"4586\"><span role=\"text\">D\u00e9p\u00f4t de couches minces<\/span><\/h3>\n<p data-start=\"4587\" data-end=\"4764\">Ce mat\u00e9riau est largement utilis\u00e9 comme substrat de base pour les exp\u00e9riences de d\u00e9p\u00f4t ALD, PVD et CVD, en particulier dans les premi\u00e8res \u00e9tapes de la recherche o\u00f9 la rugosit\u00e9 de la surface n'est pas encore critique.<\/p>\n<h3 data-section-id=\"2enbwe\" data-start=\"4766\" data-end=\"4811\"><span role=\"text\">Applications industrielles et a\u00e9rospatiales<\/span><\/h3>\n<p data-start=\"4812\" data-end=\"4982\">Gr\u00e2ce \u00e0 un usinage suppl\u00e9mentaire, les plaquettes de saphir peuvent \u00eatre transform\u00e9es en composants structurels \u00e0 haute temp\u00e9rature, en couvercles de protection pour les capteurs et en entretoises m\u00e9caniques de pr\u00e9cision.<\/p>\n<hr data-start=\"4984\" data-end=\"4987\" \/>\n<h2 data-section-id=\"id1bjs\" data-start=\"4989\" data-end=\"5020\"><span role=\"text\">Sp\u00e9cifications techniques<\/span><\/h2>\n<div class=\"TyagGW_tableContainer\">\n<div class=\"group TyagGW_tableWrapper flex flex-col-reverse w-fit\" tabindex=\"-1\">\n<table class=\"w-fit min-w-(--thread-content-width)\" data-start=\"5022\" data-end=\"5500\">\n<thead data-start=\"5022\" data-end=\"5051\">\n<tr data-start=\"5022\" data-end=\"5051\">\n<th class=\"\" data-start=\"5022\" data-end=\"5034\" data-col-size=\"sm\">Param\u00e8tres<\/th>\n<th class=\"\" data-start=\"5034\" data-end=\"5051\" data-col-size=\"md\">Sp\u00e9cifications<\/th>\n<\/tr>\n<\/thead>\n<tbody data-start=\"5080\" data-end=\"5500\">\n<tr data-start=\"5080\" data-end=\"5126\">\n<td data-start=\"5080\" data-end=\"5091\" data-col-size=\"sm\">Mat\u00e9riau<\/td>\n<td data-col-size=\"md\" data-start=\"5091\" data-end=\"5126\">Saphir monocristallin (Al\u2082O\u2083)<\/td>\n<\/tr>\n<tr data-start=\"5127\" data-end=\"5148\">\n<td data-start=\"5127\" data-end=\"5136\" data-col-size=\"sm\">La puret\u00e9<\/td>\n<td data-start=\"5136\" data-end=\"5148\" data-col-size=\"md\">\u2265 99.99%<\/td>\n<\/tr>\n<tr data-start=\"5149\" data-end=\"5193\">\n<td data-start=\"5149\" data-end=\"5169\" data-col-size=\"sm\">Structure cristalline<\/td>\n<td data-col-size=\"md\" data-start=\"5169\" data-end=\"5193\">Saphir alpha-phase<\/td>\n<\/tr>\n<tr data-start=\"5194\" data-end=\"5226\">\n<td data-start=\"5194\" data-end=\"5202\" data-col-size=\"sm\">Forme<\/td>\n<td data-col-size=\"md\" data-start=\"5202\" data-end=\"5226\">Plaquette circulaire<\/td>\n<\/tr>\n<tr data-start=\"5227\" data-end=\"5279\">\n<td data-start=\"5227\" data-end=\"5238\" data-col-size=\"sm\">Diam\u00e8tre<\/td>\n<td data-col-size=\"md\" data-start=\"5238\" data-end=\"5279\">2\u201d, 3\u201d, 4\u201d, 6\u201d, 8\u201d (sur mesure)<\/td>\n<\/tr>\n<tr data-start=\"5280\" data-end=\"5323\">\n<td data-start=\"5280\" data-end=\"5292\" data-col-size=\"sm\">\u00c9paisseur<\/td>\n<td data-start=\"5292\" data-end=\"5323\" data-col-size=\"md\">0,5 - 3,0 mm (personnalisable)<\/td>\n<\/tr>\n<tr data-start=\"5324\" data-end=\"5383\">\n<td data-start=\"5324\" data-end=\"5338\" data-col-size=\"sm\">Orientation<\/td>\n<td data-start=\"5338\" data-end=\"5383\" data-col-size=\"md\">Plan C (0001), plan A, plan R, plan M<\/td>\n<\/tr>\n<tr data-start=\"5384\" data-end=\"5439\">\n<td data-start=\"5384\" data-end=\"5404\" data-col-size=\"sm\">\u00c9tat de surface<\/td>\n<td data-start=\"5404\" data-end=\"5439\" data-col-size=\"md\">Tel que coup\u00e9 \/ sci\u00e9 \u00e0 la broche (non poli)<\/td>\n<\/tr>\n<tr data-start=\"5440\" data-end=\"5500\">\n<td data-start=\"5440\" data-end=\"5457\" data-col-size=\"sm\">\u00c9tat des bords<\/td>\n<td data-start=\"5457\" data-end=\"5500\" data-col-size=\"md\">Bord brut (standard), chanfrein en option<\/td>\n<\/tr>\n<\/tbody>\n<\/table>\n<\/div>\n<\/div>\n<hr data-start=\"5502\" data-end=\"5505\" \/>\n<h2 data-section-id=\"d8omv1\" data-start=\"5507\" data-end=\"5524\"><span role=\"text\">Avantages<\/span><\/h2>\n<p data-start=\"5526\" data-end=\"5618\">Les plaquettes de saphir \u00e0 l'\u00e9tat brut offrent plusieurs avantages strat\u00e9giques par rapport aux plaquettes enti\u00e8rement trait\u00e9es :<\/p>\n<p data-start=\"5620\" data-end=\"5904\">Tout d'abord, ils constituent une solution rentable pour les mati\u00e8res premi\u00e8res, r\u00e9duisant les co\u00fbts initiaux des mat\u00e9riaux pour les fabricants qui pr\u00e9f\u00e8rent une finition en interne. Deuxi\u00e8mement, ils permettent une flexibilit\u00e9 totale dans la d\u00e9finition des propri\u00e9t\u00e9s finales des plaquettes, y compris la tol\u00e9rance d'\u00e9paisseur, la rugosit\u00e9 de surface et la plan\u00e9it\u00e9.<\/p>\n<p data-start=\"5948\" data-end=\"6250\">Troisi\u00e8mement, ils sont id\u00e9aux pour le d\u00e9veloppement de processus et les lignes de production pilotes, o\u00f9 l'exp\u00e9rimentation et l'optimisation it\u00e9rative sont n\u00e9cessaires. Enfin, le saphir conserve sa r\u00e9sistance m\u00e9canique et sa r\u00e9silience thermique intrins\u00e8ques, m\u00eame \u00e0 l'\u00e9tat brut, ce qui garantit sa fiabilit\u00e9 tout au long du traitement en aval.<\/p>\n<hr data-start=\"6252\" data-end=\"6255\" \/>\n<h2 data-section-id=\"21fx5a\" data-start=\"6257\" data-end=\"6305\"><span role=\"text\">Contexte industriel et consid\u00e9rations relatives \u00e0 la qualit\u00e9<\/span><\/h2>\n<p data-start=\"6307\" data-end=\"6586\">Dans la fabrication des semi-conducteurs, la qualit\u00e9 de la plaquette finale est fortement influenc\u00e9e par la qualit\u00e9 du cristal initial et la pr\u00e9cision de la coupe. Les plaquettes de saphir constituent une base stable pour obtenir une croissance \u00e9pitaxiale \u00e0 haut rendement lorsqu'elles sont trait\u00e9es dans des conditions CMP contr\u00f4l\u00e9es.<\/p>\n<p data-start=\"6588\" data-end=\"6643\">Les normes industrielles exigent g\u00e9n\u00e9ralement un contr\u00f4le strict des :<\/p>\n<ul data-start=\"6644\" data-end=\"6846\">\n<li data-section-id=\"19nzevg\" data-start=\"6644\" data-end=\"6680\">Plan\u00e9it\u00e9 de la surface apr\u00e8s polissage<\/li>\n<li data-section-id=\"12yxpam\" data-start=\"6681\" data-end=\"6722\">Profondeur de l'endommagement de la subsurface apr\u00e8s le tranchage<\/li>\n<li data-section-id=\"hzjk4a\" data-start=\"6723\" data-end=\"6787\">Pr\u00e9cision de l'orientation des cristaux dans des tol\u00e9rances angulaires \u00e9troites<\/li>\n<li data-section-id=\"135u3te\" data-start=\"6788\" data-end=\"6846\">Densit\u00e9 des d\u00e9fauts pour les applications optiques et \u00e9lectroniques<\/li>\n<\/ul>\n<p data-start=\"6848\" data-end=\"6953\">En partant d'une plaquette vierge de haute qualit\u00e9, les fabricants peuvent mieux contr\u00f4ler ces variables en aval.<\/p>\n<hr data-start=\"6955\" data-end=\"6958\" \/>\n<h2 data-section-id=\"elc90z\" data-start=\"6960\" data-end=\"6970\"><span role=\"text\">FAQ<\/span><\/h2>\n<p data-start=\"6972\" data-end=\"7137\">Q1 : \u00c0 quoi sert une plaquette de saphir ?<br data-start=\"7020\" data-end=\"7023\" \/>Il est utilis\u00e9 comme substrat brut pour les semi-conducteurs, les diodes \u00e9lectroluminescentes, les applications optiques et les applications de recherche apr\u00e8s un traitement ult\u00e9rieur.<\/p>\n<p data-start=\"7139\" data-end=\"7321\">Q2 : Quelle est la diff\u00e9rence avec une plaquette de saphir polie ?<br data-start=\"7198\" data-end=\"7201\" \/>Une plaquette vierge n'est pas polie et conserve des surfaces d\u00e9coup\u00e9es \u00e0 la scie, tandis qu'une plaquette polie est pr\u00eate pour la fabrication directe de dispositifs.<\/p>\n<p data-start=\"7323\" data-end=\"7479\">Q3 : Les dimensions peuvent-elles \u00eatre personnalis\u00e9es ?<br data-start=\"7360\" data-end=\"7363\" \/>Oui, le diam\u00e8tre, l'\u00e9paisseur, l'orientation et la finition des bords peuvent \u00eatre personnalis\u00e9s en fonction des exigences techniques.<\/p>\n<p data-start=\"7481\" data-end=\"7618\">Q4 : Est-il adapt\u00e9 \u00e0 la production directe de LED ?<br data-start=\"7530\" data-end=\"7533\" \/>Non. Il doit subir un rodage et un polissage avant d'\u00eatre utilis\u00e9 pour la croissance \u00e9pitaxiale des LED.<\/p>\n<p data-start=\"7620\" data-end=\"7816\">Q5 : Qu'est-ce qui rend le saphir meilleur que le verre ou le quartz ?<br data-start=\"7676\" data-end=\"7679\" \/>Le saphir offre une duret\u00e9, une r\u00e9sistance \u00e0 la temp\u00e9rature et une stabilit\u00e9 chimique nettement sup\u00e9rieures \u00e0 celles des mat\u00e9riaux optiques conventionnels.<\/p>\n<p data-start=\"7842\" data-end=\"8166\">","protected":false},"excerpt":{"rendered":"<p>Les plaquettes de saphir repr\u00e9sentent un mat\u00e9riau essentiel en amont dans les cha\u00eenes d'approvisionnement de la fabrication avanc\u00e9e, permettant un contr\u00f4le pr\u00e9cis des performances finales des plaquettes. La combinaison d'une grande puret\u00e9, d'une durabilit\u00e9 m\u00e9canique et d'une flexibilit\u00e9 de traitement les rend indispensables pour les semi-conducteurs, l'optique et les applications de recherche.<\/p>","protected":false},"featured_media":2235,"comment_status":"open","ping_status":"closed","template":"","meta":{"site-sidebar-layout":"default","site-content-layout":"","ast-site-content-layout":"default","site-content-style":"default","site-sidebar-style":"default","ast-global-header-display":"","ast-banner-title-visibility":"","ast-main-header-display":"","ast-hfb-above-header-display":"","ast-hfb-below-header-display":"","ast-hfb-mobile-header-display":"","site-post-title":"","ast-breadcrumbs-content":"","ast-featured-img":"","footer-sml-layout":"","ast-disable-related-posts":"","theme-transparent-header-meta":"default","adv-header-id-meta":"","stick-header-meta":"default","header-above-stick-meta":"","header-main-stick-meta":"","header-below-stick-meta":"","astra-migrate-meta-layouts":"set","ast-page-background-enabled":"default","ast-page-background-meta":{"desktop":{"background-color":"var(--ast-global-color-4)","background-image":"","background-repeat":"repeat","background-position":"center center","background-size":"auto","background-attachment":"scroll","background-type":"","background-media":"","overlay-type":"","overlay-color":"","overlay-opacity":"","overlay-gradient":""},"tablet":{"background-color":"","background-image":"","background-repeat":"repeat","background-position":"center center","background-size":"auto","background-attachment":"scroll","background-type":"","background-media":"","overlay-type":"","overlay-color":"","overlay-opacity":"","overlay-gradient":""},"mobile":{"background-color":"","background-image":"","background-repeat":"repeat","background-position":"center center","background-size":"auto","background-attachment":"scroll","background-type":"","background-media":"","overlay-type":"","overlay-color":"","overlay-opacity":"","overlay-gradient":""}},"ast-content-background-meta":{"desktop":{"background-color":"var(--ast-global-color-5)","background-image":"","background-repeat":"repeat","background-position":"center center","background-size":"auto","background-attachment":"scroll","background-type":"","background-media":"","overlay-type":"","overlay-color":"","overlay-opacity":"","overlay-gradient":""},"tablet":{"background-color":"var(--ast-global-color-5)","background-image":"","background-repeat":"repeat","background-position":"center center","background-size":"auto","background-attachment":"scroll","background-type":"","background-media":"","overlay-type":"","overlay-color":"","overlay-opacity":"","overlay-gradient":""},"mobile":{"background-color":"var(--ast-global-color-5)","background-image":"","background-repeat":"repeat","background-position":"center center","background-size":"auto","background-attachment":"scroll","background-type":"","background-media":"","overlay-type":"","overlay-color":"","overlay-opacity":"","overlay-gradient":""}}},"product_brand":[],"product_cat":[729],"product_tag":[1028,1031,1030,1034,1025,1027,1022,1033,1035,1024,1021,1032,1026,1023,1029],"class_list":{"0":"post-2234","1":"product","2":"type-product","3":"status-publish","4":"has-post-thumbnail","6":"product_cat-wafer","7":"product_tag-cmp-sapphire-processing","8":"product_tag-custom-sapphire-wafer","9":"product_tag-high-purity-sapphire-crystal","10":"product_tag-industrial-sapphire-wafer","11":"product_tag-led-sapphire-wafer","12":"product_tag-optical-sapphire-window-material","13":"product_tag-raw-sapphire-substrate","14":"product_tag-sapphire-crystal-substrate","15":"product_tag-sapphire-optical-material","16":"product_tag-sapphire-substrate-material","17":"product_tag-sapphire-wafer-blank","18":"product_tag-sapphire-wafer-for-epitaxy","19":"product_tag-semiconductor-substrate","20":"product_tag-single-crystal-al2o3-wafer","21":"product_tag-wire-sawn-sapphire-wafer","22":"desktop-align-left","23":"tablet-align-left","24":"mobile-align-left","25":"ast-product-gallery-layout-horizontal-slider","26":"ast-product-tabs-layout-horizontal","28":"first","29":"instock","30":"shipping-taxable","31":"product-type-simple"},"_links":{"self":[{"href":"https:\/\/www.zmsh-semitech.com\/fr\/wp-json\/wp\/v2\/product\/2234","targetHints":{"allow":["GET"]}}],"collection":[{"href":"https:\/\/www.zmsh-semitech.com\/fr\/wp-json\/wp\/v2\/product"}],"about":[{"href":"https:\/\/www.zmsh-semitech.com\/fr\/wp-json\/wp\/v2\/types\/product"}],"replies":[{"embeddable":true,"href":"https:\/\/www.zmsh-semitech.com\/fr\/wp-json\/wp\/v2\/comments?post=2234"}],"version-history":[{"count":3,"href":"https:\/\/www.zmsh-semitech.com\/fr\/wp-json\/wp\/v2\/product\/2234\/revisions"}],"predecessor-version":[{"id":2242,"href":"https:\/\/www.zmsh-semitech.com\/fr\/wp-json\/wp\/v2\/product\/2234\/revisions\/2242"}],"wp:featuredmedia":[{"embeddable":true,"href":"https:\/\/www.zmsh-semitech.com\/fr\/wp-json\/wp\/v2\/media\/2235"}],"wp:attachment":[{"href":"https:\/\/www.zmsh-semitech.com\/fr\/wp-json\/wp\/v2\/media?parent=2234"}],"wp:term":[{"taxonomy":"product_brand","embeddable":true,"href":"https:\/\/www.zmsh-semitech.com\/fr\/wp-json\/wp\/v2\/product_brand?post=2234"},{"taxonomy":"product_cat","embeddable":true,"href":"https:\/\/www.zmsh-semitech.com\/fr\/wp-json\/wp\/v2\/product_cat?post=2234"},{"taxonomy":"product_tag","embeddable":true,"href":"https:\/\/www.zmsh-semitech.com\/fr\/wp-json\/wp\/v2\/product_tag?post=2234"}],"curies":[{"name":"wp","href":"https:\/\/api.w.org\/{rel}","templated":true}]}}