{"id":2203,"date":"2026-04-15T01:57:37","date_gmt":"2026-04-15T01:57:37","guid":{"rendered":"https:\/\/www.zmsh-semitech.com\/?post_type=product&#038;p=2203"},"modified":"2026-04-15T01:57:39","modified_gmt":"2026-04-15T01:57:39","slug":"cnc-robot-polishing-machine-for-large-optical-surfaces","status":"publish","type":"product","link":"https:\/\/www.zmsh-semitech.com\/fr\/product\/cnc-robot-polishing-machine-for-large-optical-surfaces\/","title":{"rendered":"Machine de polissage robotis\u00e9e CNC pour grandes surfaces optiques"},"content":{"rendered":"<p data-start=\"593\" data-end=\"978\"><img decoding=\"async\" class=\"alignright wp-image-2207\" src=\"https:\/\/www.zmsh-semitech.com\/wp-content\/uploads\/2026\/04\/robot_polishing_machine_for_large_and_complex_optical_surfaces-150x150.webp\" alt=\"\" width=\"179\" height=\"179\" srcset=\"https:\/\/www.zmsh-semitech.com\/wp-content\/uploads\/2026\/04\/robot_polishing_machine_for_large_and_complex_optical_surfaces-150x150.webp 150w, https:\/\/www.zmsh-semitech.com\/wp-content\/uploads\/2026\/04\/robot_polishing_machine_for_large_and_complex_optical_surfaces-300x300.webp 300w, https:\/\/www.zmsh-semitech.com\/wp-content\/uploads\/2026\/04\/robot_polishing_machine_for_large_and_complex_optical_surfaces-768x768.webp 768w, https:\/\/www.zmsh-semitech.com\/wp-content\/uploads\/2026\/04\/robot_polishing_machine_for_large_and_complex_optical_surfaces-12x12.webp 12w, https:\/\/www.zmsh-semitech.com\/wp-content\/uploads\/2026\/04\/robot_polishing_machine_for_large_and_complex_optical_surfaces-600x600.webp 600w, https:\/\/www.zmsh-semitech.com\/wp-content\/uploads\/2026\/04\/robot_polishing_machine_for_large_and_complex_optical_surfaces-100x100.webp 100w, https:\/\/www.zmsh-semitech.com\/wp-content\/uploads\/2026\/04\/robot_polishing_machine_for_large_and_complex_optical_surfaces.webp 800w\" sizes=\"(max-width: 179px) 100vw, 179px\" \/>La machine de polissage robotis\u00e9e est un syst\u00e8me automatis\u00e9 de haute pr\u00e9cision con\u00e7u pour le polissage de surfaces optiques complexes et \u00e0 grande \u00e9chelle. Elle int\u00e8gre une plate-forme robotique industrielle \u00e0 6 axes (telle que <span class=\"hover:entity-accent entity-underline inline cursor-pointer align-baseline\"><span class=\"whitespace-normal\">KUKA<\/span><\/span>, <span class=\"hover:entity-accent entity-underline inline cursor-pointer align-baseline\"><span class=\"whitespace-normal\">ABB<\/span><\/span>, ou <span class=\"hover:entity-accent entity-underline inline cursor-pointer align-baseline\"><span class=\"whitespace-normal\">St\u00e4ubli<\/span><\/span>) avec des modules de polissage avanc\u00e9s et un logiciel de contr\u00f4le intelligent.<\/p>\n<p data-start=\"980\" data-end=\"1301\">Ce syst\u00e8me permet une fabrication optique enti\u00e8rement num\u00e9rique, couvrant l'ensemble du flux de travail, depuis la mod\u00e9lisation de la surface et la g\u00e9n\u00e9ration de trajectoires d'outils jusqu'au contr\u00f4le de la force en temps r\u00e9el et \u00e0 la surveillance du processus. Par rapport au polissage manuel traditionnel, il offre une plus grande coh\u00e9rence, une meilleure efficacit\u00e9 et une pr\u00e9cision de surface sup\u00e9rieure.<\/p>\n<h2 data-section-id=\"1rr2lw1\" data-start=\"1308\" data-end=\"1338\">Principaux param\u00e8tres techniques<\/h2>\n<div class=\"TyagGW_tableContainer\">\n<div class=\"group TyagGW_tableWrapper flex flex-col-reverse w-fit\" tabindex=\"-1\">\n<table class=\"w-fit min-w-(--thread-content-width)\" data-start=\"1340\" data-end=\"1713\">\n<thead data-start=\"1340\" data-end=\"1369\">\n<tr data-start=\"1340\" data-end=\"1369\">\n<th class=\"\" data-start=\"1340\" data-end=\"1352\" data-col-size=\"sm\">Param\u00e8tres<\/th>\n<th class=\"\" data-start=\"1352\" data-end=\"1369\" data-col-size=\"md\">Sp\u00e9cifications<\/th>\n<\/tr>\n<\/thead>\n<tbody data-start=\"1397\" data-end=\"1713\">\n<tr data-start=\"1397\" data-end=\"1461\">\n<td data-start=\"1397\" data-end=\"1427\" data-col-size=\"sm\">Pr\u00e9cision du positionnement r\u00e9p\u00e9t\u00e9<\/td>\n<td data-col-size=\"md\" data-start=\"1427\" data-end=\"1461\">\u00b10,04 mm \/ \u00b10,05 mm \/ \u00b10,10 mm<\/td>\n<\/tr>\n<tr data-start=\"1462\" data-end=\"1502\">\n<td data-start=\"1462\" data-end=\"1484\" data-col-size=\"sm\">Diam\u00e8tre de transformation<\/td>\n<td data-col-size=\"md\" data-start=\"1484\" data-end=\"1502\">\u03a650 - \u03a62000 mm<\/td>\n<\/tr>\n<tr data-start=\"1503\" data-end=\"1563\">\n<td data-start=\"1503\" data-end=\"1526\" data-col-size=\"sm\">Types de t\u00eates de polissage<\/td>\n<td data-col-size=\"md\" data-start=\"1526\" data-end=\"1563\">Airbag \/ Rigide \/ Roue \/ Combin\u00e9<\/td>\n<\/tr>\n<tr data-start=\"1564\" data-end=\"1598\">\n<td data-start=\"1564\" data-end=\"1580\" data-col-size=\"sm\">Vitesse de la broche<\/td>\n<td data-col-size=\"md\" data-start=\"1580\" data-end=\"1598\">Jusqu'\u00e0 1500 tr\/min<\/td>\n<\/tr>\n<tr data-start=\"1599\" data-end=\"1636\">\n<td data-start=\"1599\" data-end=\"1622\" data-col-size=\"sm\">Fonctionnement continu<\/td>\n<td data-col-size=\"md\" data-start=\"1622\" data-end=\"1636\">\u2265300 heures<\/td>\n<\/tr>\n<tr data-start=\"1637\" data-end=\"1713\">\n<td data-start=\"1637\" data-end=\"1657\" data-col-size=\"sm\">Caract\u00e9ristiques optionnelles<\/td>\n<td data-col-size=\"md\" data-start=\"1657\" data-end=\"1713\">Auto-calibration, surveillance en ligne, table rotative NC<\/td>\n<\/tr>\n<\/tbody>\n<\/table>\n<\/div>\n<\/div>\n<h2 data-section-id=\"13yq5fc\" data-start=\"1720\" data-end=\"1743\">Principe de fonctionnement<\/h2>\n<p><img fetchpriority=\"high\" decoding=\"async\" class=\"alignleft wp-image-2206\" src=\"https:\/\/www.zmsh-semitech.com\/wp-content\/uploads\/2026\/04\/robot_polishing_machine_for_large_and_complex_optical_surfaces2-300x300.webp\" alt=\"\" width=\"350\" height=\"350\" srcset=\"https:\/\/www.zmsh-semitech.com\/wp-content\/uploads\/2026\/04\/robot_polishing_machine_for_large_and_complex_optical_surfaces2-300x300.webp 300w, https:\/\/www.zmsh-semitech.com\/wp-content\/uploads\/2026\/04\/robot_polishing_machine_for_large_and_complex_optical_surfaces2-150x150.webp 150w, https:\/\/www.zmsh-semitech.com\/wp-content\/uploads\/2026\/04\/robot_polishing_machine_for_large_and_complex_optical_surfaces2-768x768.webp 768w, https:\/\/www.zmsh-semitech.com\/wp-content\/uploads\/2026\/04\/robot_polishing_machine_for_large_and_complex_optical_surfaces2-12x12.webp 12w, https:\/\/www.zmsh-semitech.com\/wp-content\/uploads\/2026\/04\/robot_polishing_machine_for_large_and_complex_optical_surfaces2-600x600.webp 600w, https:\/\/www.zmsh-semitech.com\/wp-content\/uploads\/2026\/04\/robot_polishing_machine_for_large_and_complex_optical_surfaces2-100x100.webp 100w, https:\/\/www.zmsh-semitech.com\/wp-content\/uploads\/2026\/04\/robot_polishing_machine_for_large_and_complex_optical_surfaces2.webp 800w\" sizes=\"(max-width: 350px) 100vw, 350px\" \/><img decoding=\"async\" class=\"alignnone wp-image-2205\" src=\"https:\/\/www.zmsh-semitech.com\/wp-content\/uploads\/2026\/04\/robot_polishing_machine_for_large_and_complex_optical_surfaces3-300x300.webp\" alt=\"\" width=\"350\" height=\"350\" srcset=\"https:\/\/www.zmsh-semitech.com\/wp-content\/uploads\/2026\/04\/robot_polishing_machine_for_large_and_complex_optical_surfaces3-300x300.webp 300w, https:\/\/www.zmsh-semitech.com\/wp-content\/uploads\/2026\/04\/robot_polishing_machine_for_large_and_complex_optical_surfaces3-150x150.webp 150w, https:\/\/www.zmsh-semitech.com\/wp-content\/uploads\/2026\/04\/robot_polishing_machine_for_large_and_complex_optical_surfaces3-768x768.webp 768w, https:\/\/www.zmsh-semitech.com\/wp-content\/uploads\/2026\/04\/robot_polishing_machine_for_large_and_complex_optical_surfaces3-12x12.webp 12w, https:\/\/www.zmsh-semitech.com\/wp-content\/uploads\/2026\/04\/robot_polishing_machine_for_large_and_complex_optical_surfaces3-600x600.webp 600w, https:\/\/www.zmsh-semitech.com\/wp-content\/uploads\/2026\/04\/robot_polishing_machine_for_large_and_complex_optical_surfaces3-100x100.webp 100w, https:\/\/www.zmsh-semitech.com\/wp-content\/uploads\/2026\/04\/robot_polishing_machine_for_large_and_complex_optical_surfaces3.webp 800w\" sizes=\"(max-width: 350px) 100vw, 350px\" \/>\u00a0 \u00a0\u00a0 <img loading=\"lazy\" decoding=\"async\" class=\"alignnone wp-image-2204\" src=\"https:\/\/www.zmsh-semitech.com\/wp-content\/uploads\/2026\/04\/robot_polishing_machine_for_large_and_complex_optical_surfaces4-300x300.webp\" alt=\"\" width=\"350\" height=\"350\" srcset=\"https:\/\/www.zmsh-semitech.com\/wp-content\/uploads\/2026\/04\/robot_polishing_machine_for_large_and_complex_optical_surfaces4-300x300.webp 300w, https:\/\/www.zmsh-semitech.com\/wp-content\/uploads\/2026\/04\/robot_polishing_machine_for_large_and_complex_optical_surfaces4-150x150.webp 150w, https:\/\/www.zmsh-semitech.com\/wp-content\/uploads\/2026\/04\/robot_polishing_machine_for_large_and_complex_optical_surfaces4-768x768.webp 768w, https:\/\/www.zmsh-semitech.com\/wp-content\/uploads\/2026\/04\/robot_polishing_machine_for_large_and_complex_optical_surfaces4-12x12.webp 12w, https:\/\/www.zmsh-semitech.com\/wp-content\/uploads\/2026\/04\/robot_polishing_machine_for_large_and_complex_optical_surfaces4-600x600.webp 600w, https:\/\/www.zmsh-semitech.com\/wp-content\/uploads\/2026\/04\/robot_polishing_machine_for_large_and_complex_optical_surfaces4-100x100.webp 100w, https:\/\/www.zmsh-semitech.com\/wp-content\/uploads\/2026\/04\/robot_polishing_machine_for_large_and_complex_optical_surfaces4.webp 800w\" sizes=\"(max-width: 350px) 100vw, 350px\" \/><\/p>\n<h3 data-section-id=\"g5bn65\" data-start=\"1787\" data-end=\"1823\">1. Mouvement coordonn\u00e9 \u00e0 six axes<\/h3>\n<p data-start=\"1824\" data-end=\"1968\">La machine utilise un mouvement robotique complet sur 6 axes pour obtenir une couverture uniforme de g\u00e9om\u00e9tries complexes, y compris des surfaces de forme libre et hors axe.<\/p>\n<h3 data-section-id=\"p0vb8b\" data-start=\"1970\" data-end=\"2008\">2. Syst\u00e8me de contr\u00f4le de la force constante<\/h3>\n<p data-start=\"2009\" data-end=\"2145\">Un cylindre de pression \u00e9lectronique int\u00e9gr\u00e9 assure une force de polissage stable et adaptable, \u00e9vitant le polissage excessif ou l'endommagement de la surface.<\/p>\n<h3 data-section-id=\"1jvzz5\" data-start=\"2147\" data-end=\"2176\">3. Axe rotatif adaptatif<\/h3>\n<p data-start=\"2177\" data-end=\"2321\">La broche r\u00e9glable s'aligne automatiquement sur la courbure de la surface, ce qui permet un traitement de pr\u00e9cision des sph\u00e8res, des asph\u00e8res et des formes optiques libres.<\/p>\n<h3 data-section-id=\"16qvuf4\" data-start=\"2323\" data-end=\"2359\">4. Retour d'information des capteurs en boucle ferm\u00e9e<\/h3>\n<p data-start=\"2360\" data-end=\"2464\">La surveillance en temps r\u00e9el au moyen de capteurs de force et de position garantit la stabilit\u00e9 et la r\u00e9p\u00e9tabilit\u00e9 du processus.<\/p>\n<h3 data-section-id=\"wz5e0w\" data-start=\"2466\" data-end=\"2503\">5. Int\u00e9gration de logiciels optiques<\/h3>\n<p data-start=\"2504\" data-end=\"2648\">Un logiciel avanc\u00e9 prend en charge la mod\u00e9lisation 3D, la simulation, l'optimisation de la trajectoire et l'analyse des donn\u00e9es, formant ainsi une solution de polissage intelligente compl\u00e8te.<\/p>\n<h2 data-section-id=\"y88pv7\" data-start=\"2655\" data-end=\"2674\">\u00a0Caract\u00e9ristiques principales<\/h2>\n<ul data-start=\"2676\" data-end=\"3144\">\n<li data-section-id=\"1tubb3r\" data-start=\"2676\" data-end=\"2769\"><strong data-start=\"2678\" data-end=\"2704\">Contr\u00f4le de haute pr\u00e9cision<\/strong><br data-start=\"2704\" data-end=\"2707\" \/>Permet d'obtenir une pr\u00e9cision de surface de qualit\u00e9 optique avec <strong data-start=\"2754\" data-end=\"2769\">RMS &lt; 10 nm<\/strong><\/li>\n<li data-section-id=\"1xnkmo0\" data-start=\"2771\" data-end=\"2867\"><strong data-start=\"2773\" data-end=\"2800\">Syst\u00e8me d'outillage flexible<\/strong><br data-start=\"2800\" data-end=\"2803\" \/>Prise en charge de plusieurs t\u00eates de polissage avec possibilit\u00e9 de changement rapide<\/li>\n<li data-section-id=\"oi7kbz\" data-start=\"2869\" data-end=\"2971\"><strong data-start=\"2871\" data-end=\"2899\">Flux de travail enti\u00e8rement automatis\u00e9<\/strong><br data-start=\"2899\" data-end=\"2902\" \/>De la mod\u00e9lisation \u00e0 l'inspection, tous les processus sont int\u00e9gr\u00e9s num\u00e9riquement.<\/li>\n<li data-section-id=\"1ioky9v\" data-start=\"2973\" data-end=\"3044\"><strong data-start=\"2975\" data-end=\"2998\">Stabilit\u00e9 \u00e0 long terme<\/strong><br data-start=\"2998\" data-end=\"3001\" \/>Fonctionnement continu jusqu'\u00e0 <strong data-start=\"3030\" data-end=\"3044\">300+ heures<\/strong><\/li>\n<li data-section-id=\"fq6r64\" data-start=\"3046\" data-end=\"3144\"><strong data-start=\"3048\" data-end=\"3075\">Syst\u00e8me de surveillance intelligent<\/strong><br data-start=\"3075\" data-end=\"3078\" \/>Les diagnostics en temps r\u00e9el et le contr\u00f4le adaptatif garantissent un fonctionnement s\u00fbr.<\/li>\n<\/ul>\n<h2 data-section-id=\"a2tw4p\" data-start=\"3151\" data-end=\"3179\">Industries d'application<\/h2>\n<h3 data-section-id=\"wndtbo\" data-start=\"3223\" data-end=\"3235\">Optique<\/h3>\n<ul data-start=\"3236\" data-end=\"3318\">\n<li data-section-id=\"nna2i8\" data-start=\"3236\" data-end=\"3257\">Miroirs de t\u00e9lescope<\/li>\n<li data-section-id=\"1wcjpov\" data-start=\"3258\" data-end=\"3285\">Optique laser de haute puissance<\/li>\n<li data-section-id=\"1twd372\" data-start=\"3286\" data-end=\"3318\">Composants optiques de pr\u00e9cision<\/li>\n<\/ul>\n<h3 data-section-id=\"87pyt7\" data-start=\"3320\" data-end=\"3335\">A\u00e9rospatiale<\/h3>\n<ul data-start=\"3336\" data-end=\"3391\">\n<li data-section-id=\"qb512f\" data-start=\"3336\" data-end=\"3365\">Syst\u00e8mes d'imagerie par satellite<\/li>\n<li data-section-id=\"nec7at\" data-start=\"3366\" data-end=\"3391\">Optique de t\u00e9l\u00e9d\u00e9tection<\/li>\n<\/ul>\n<h3 data-section-id=\"1lwhl68\" data-start=\"3393\" data-end=\"3422\">Fabrication de pr\u00e9cision<\/h3>\n<ul data-start=\"3423\" data-end=\"3485\">\n<li data-section-id=\"1765ksz\" data-start=\"3423\" data-end=\"3459\">Composants optiques \u00e0 semi-conducteurs<\/li>\n<li data-section-id=\"1mkkqxg\" data-start=\"3460\" data-end=\"3485\">Moules d'ultra-pr\u00e9cision<\/li>\n<\/ul>\n<h3 data-section-id=\"103x7s5\" data-start=\"3487\" data-end=\"3503\">Automobile<\/h3>\n<ul data-start=\"3504\" data-end=\"3559\">\n<li data-section-id=\"15v6wa1\" data-start=\"3504\" data-end=\"3522\">Moules pour phares<\/li>\n<li data-section-id=\"rx4pur\" data-start=\"3523\" data-end=\"3559\">Composants d\u00e9coratifs brillants<\/li>\n<\/ul>\n<h2 data-section-id=\"24joy1\" data-start=\"3566\" data-end=\"3586\">Mod\u00e8les typiques<\/h2>\n<div class=\"TyagGW_tableContainer\">\n<div class=\"group TyagGW_tableWrapper flex flex-col-reverse w-fit\" tabindex=\"-1\">\n<table class=\"w-fit min-w-(--thread-content-width)\" data-start=\"3588\" data-end=\"3851\">\n<thead data-start=\"3588\" data-end=\"3638\">\n<tr data-start=\"3588\" data-end=\"3638\">\n<th class=\"\" data-start=\"3588\" data-end=\"3596\" data-col-size=\"sm\">Mod\u00e8le<\/th>\n<th class=\"\" data-start=\"3596\" data-end=\"3609\" data-col-size=\"sm\">Base du robot<\/th>\n<th class=\"\" data-start=\"3609\" data-end=\"3620\" data-col-size=\"sm\">Pr\u00e9cision<\/th>\n<th class=\"\" data-start=\"3620\" data-end=\"3638\" data-col-size=\"sm\">Gamme de diam\u00e8tres<\/th>\n<\/tr>\n<\/thead>\n<tbody data-start=\"3686\" data-end=\"3851\">\n<tr data-start=\"3686\" data-end=\"3740\">\n<td data-start=\"3686\" data-end=\"3696\" data-col-size=\"sm\">IRP500S<\/td>\n<td data-col-size=\"sm\" data-start=\"3696\" data-end=\"3714\">St\u00e4ubli TX2-90L<\/td>\n<td data-col-size=\"sm\" data-start=\"3714\" data-end=\"3725\">\u00b10,04 mm<\/td>\n<td data-col-size=\"sm\" data-start=\"3725\" data-end=\"3740\">\u03a650-\u03a6500 mm<\/td>\n<\/tr>\n<tr data-start=\"3741\" data-end=\"3797\">\n<td data-start=\"3741\" data-end=\"3752\" data-col-size=\"sm\">IRP1000S<\/td>\n<td data-col-size=\"sm\" data-start=\"3752\" data-end=\"3770\">St\u00e4ubli TX200\/L<\/td>\n<td data-col-size=\"sm\" data-start=\"3770\" data-end=\"3781\">\u00b10,05 mm<\/td>\n<td data-col-size=\"sm\" data-start=\"3781\" data-end=\"3797\">\u03a680-\u03a61000 mm<\/td>\n<\/tr>\n<tr data-start=\"3798\" data-end=\"3851\">\n<td data-start=\"3798\" data-end=\"3809\" data-col-size=\"sm\">IRP2000A<\/td>\n<td data-col-size=\"sm\" data-start=\"3809\" data-end=\"3823\">ABB IRB6700<\/td>\n<td data-col-size=\"sm\" data-start=\"3823\" data-end=\"3834\">\u00b10,10 mm<\/td>\n<td data-col-size=\"sm\" data-start=\"3834\" data-end=\"3851\">\u03a6200-\u03a62000 mm<\/td>\n<\/tr>\n<\/tbody>\n<\/table>\n<\/div>\n<\/div>\n<h2 data-section-id=\"5604o0\" data-start=\"3858\" data-end=\"3878\">Principaux avantages<\/h2>\n<ul data-start=\"3880\" data-end=\"4311\">\n<li data-section-id=\"jhcmsn\" data-start=\"3880\" data-end=\"3966\"><strong data-start=\"3882\" data-end=\"3912\">Qualit\u00e9 de surface ultra-\u00e9lev\u00e9e<\/strong><br data-start=\"3912\" data-end=\"3915\" \/>Surfaces optiques d'une pr\u00e9cision de l'ordre du nanom\u00e8tre<\/li>\n<li data-section-id=\"r1lpdh\" data-start=\"3968\" data-end=\"4066\"><strong data-start=\"3970\" data-end=\"4000\">Production \u00e0 haut rendement<\/strong><br data-start=\"4000\" data-end=\"4003\" \/>L'automatisation multi-axes r\u00e9duit consid\u00e9rablement le temps de traitement<\/li>\n<li data-section-id=\"1ljbgqb\" data-start=\"4068\" data-end=\"4152\"><strong data-start=\"4070\" data-end=\"4092\">Large compatibilit\u00e9<\/strong><br data-start=\"4092\" data-end=\"4095\" \/>Convient \u00e0 divers mat\u00e9riaux et \u00e0 des g\u00e9om\u00e9tries complexes<\/li>\n<li data-section-id=\"cwm8hl\" data-start=\"4154\" data-end=\"4233\"><strong data-start=\"4156\" data-end=\"4178\">R\u00e9duction des co\u00fbts de main-d'\u0153uvre<\/strong><br data-start=\"4178\" data-end=\"4181\" \/>Remplacement du polissage manuel par des syst\u00e8mes automatis\u00e9s<\/li>\n<li data-section-id=\"1k2po7u\" data-start=\"4235\" data-end=\"4311\"><strong data-start=\"4237\" data-end=\"4263\">Fabrication \u00e9volutive<\/strong><br data-start=\"4263\" data-end=\"4266\" \/>Convient \u00e0 la fois \u00e0 la R&amp;D et \u00e0 la production de masse<\/li>\n<\/ul>\n<h2 data-section-id=\"w1cnyx\" data-start=\"4318\" data-end=\"4327\">FAQ<\/h2>\n<p data-start=\"4329\" data-end=\"4455\"><strong data-start=\"4329\" data-end=\"4377\">Q1 : Quels types de surfaces peuvent \u00eatre trait\u00e9s ?<\/strong><br data-start=\"4377\" data-end=\"4380\" \/>A : Surfaces planes, sph\u00e9riques, asph\u00e9riques, asph\u00e9riques hors axe et de forme libre.<\/p>\n<p data-start=\"4457\" data-end=\"4557\"><strong data-start=\"4457\" data-end=\"4503\">Q2 : Quelle pr\u00e9cision de surface peut-on obtenir ?<\/strong><br data-start=\"4503\" data-end=\"4506\" \/>A : RMS &lt; 10 nm, conforme aux normes optiques haut de gamme.<\/p>\n<p data-start=\"4559\" data-end=\"4658\"><strong data-start=\"4559\" data-end=\"4607\">Q3 : Le syst\u00e8me est-il adapt\u00e9 aux grandes optiques ?<\/strong><br data-start=\"4607\" data-end=\"4610\" \/>R : Oui, il prend en charge des diam\u00e8tres allant jusqu'\u00e0 <strong data-start=\"4646\" data-end=\"4657\">2000 mm<\/strong>.<\/p>\n<p data-start=\"4660\" data-end=\"4777\"><strong data-start=\"4660\" data-end=\"4710\">Q4 : Le logiciel prend-il en charge diff\u00e9rents outils de polissage ?<\/strong><br data-start=\"4710\" data-end=\"4713\" \/>R : Oui, y compris les t\u00eates de polissage \u00e0 coussin d'air, rigides et \u00e0 roue.<\/p>\n<p data-start=\"4779\" data-end=\"4886\"><strong data-start=\"4779\" data-end=\"4817\">Q5 : Quelles sont les industries qui en b\u00e9n\u00e9ficient le plus ?<\/strong><br data-start=\"4817\" data-end=\"4820\" \/>A : Optique, a\u00e9rospatiale, fabrication de semi-conducteurs et automobile.<\/p>","protected":false},"excerpt":{"rendered":"<p>La machine de polissage robotis\u00e9e est un syst\u00e8me automatis\u00e9 de haute pr\u00e9cision con\u00e7u pour le polissage de surfaces optiques complexes et \u00e0 grande \u00e9chelle. Elle int\u00e8gre une plate-forme robotique industrielle \u00e0 6 axes (telle que <span class=\"hover:entity-accent entity-underline inline cursor-pointer align-baseline\"><span class=\"whitespace-normal\">KUKA<\/span><\/span>, <span class=\"hover:entity-accent entity-underline inline cursor-pointer align-baseline\"><span class=\"whitespace-normal\">ABB<\/span><\/span>, ou <span class=\"hover:entity-accent entity-underline inline cursor-pointer align-baseline\"><span class=\"whitespace-normal\">St\u00e4ubli<\/span><\/span>) avec des modules de polissage avanc\u00e9s et un logiciel de contr\u00f4le intelligent.<\/p>","protected":false},"featured_media":2207,"comment_status":"open","ping_status":"closed","template":"","meta":{"site-sidebar-layout":"default","site-content-layout":"","ast-site-content-layout":"default","site-content-style":"default","site-sidebar-style":"default","ast-global-header-display":"","ast-banner-title-visibility":"","ast-main-header-display":"","ast-hfb-above-header-display":"","ast-hfb-below-header-display":"","ast-hfb-mobile-header-display":"","site-post-title":"","ast-breadcrumbs-content":"","ast-featured-img":"","footer-sml-layout":"","ast-disable-related-posts":"","theme-transparent-header-meta":"default","adv-header-id-meta":"","stick-header-meta":"default","header-above-stick-meta":"","header-main-stick-meta":"","header-below-stick-meta":"","astra-migrate-meta-layouts":"set","ast-page-background-enabled":"default","ast-page-background-meta":{"desktop":{"background-color":"var(--ast-global-color-4)","background-image":"","background-repeat":"repeat","background-position":"center center","background-size":"auto","background-attachment":"scroll","background-type":"","background-media":"","overlay-type":"","overlay-color":"","overlay-opacity":"","overlay-gradient":""},"tablet":{"background-color":"","background-image":"","background-repeat":"repeat","background-position":"center center","background-size":"auto","background-attachment":"scroll","background-type":"","background-media":"","overlay-type":"","overlay-color":"","overlay-opacity":"","overlay-gradient":""},"mobile":{"background-color":"","background-image":"","background-repeat":"repeat","background-position":"center center","background-size":"auto","background-attachment":"scroll","background-type":"","background-media":"","overlay-type":"","overlay-color":"","overlay-opacity":"","overlay-gradient":""}},"ast-content-background-meta":{"desktop":{"background-color":"var(--ast-global-color-5)","background-image":"","background-repeat":"repeat","background-position":"center center","background-size":"auto","background-attachment":"scroll","background-type":"","background-media":"","overlay-type":"","overlay-color":"","overlay-opacity":"","overlay-gradient":""},"tablet":{"background-color":"var(--ast-global-color-5)","background-image":"","background-repeat":"repeat","background-position":"center center","background-size":"auto","background-attachment":"scroll","background-type":"","background-media":"","overlay-type":"","overlay-color":"","overlay-opacity":"","overlay-gradient":""},"mobile":{"background-color":"var(--ast-global-color-5)","background-image":"","background-repeat":"repeat","background-position":"center center","background-size":"auto","background-attachment":"scroll","background-type":"","background-media":"","overlay-type":"","overlay-color":"","overlay-opacity":"","overlay-gradient":""}}},"product_brand":[],"product_cat":[725],"product_tag":[977,979,983,976,980,981,975,978,982,974],"class_list":{"0":"post-2203","1":"product","2":"type-product","3":"status-publish","4":"has-post-thumbnail","6":"product_cat-polishing-machine","7":"product_tag-6-axis-robot-polishing","8":"product_tag-aspheric-polishing-machine","9":"product_tag-automated-polishing-machine","10":"product_tag-cnc-polishing-machine","11":"product_tag-freeform-optics-polishing","12":"product_tag-mirror-polishing-equipment","13":"product_tag-optical-polishing-system","14":"product_tag-optical-surface-finishing","15":"product_tag-precision-polishing-system","16":"product_tag-robot-polishing-machine","17":"desktop-align-left","18":"tablet-align-left","19":"mobile-align-left","20":"ast-product-gallery-layout-horizontal-slider","21":"ast-product-tabs-layout-horizontal","23":"first","24":"instock","25":"shipping-taxable","26":"product-type-simple"},"_links":{"self":[{"href":"https:\/\/www.zmsh-semitech.com\/fr\/wp-json\/wp\/v2\/product\/2203","targetHints":{"allow":["GET"]}}],"collection":[{"href":"https:\/\/www.zmsh-semitech.com\/fr\/wp-json\/wp\/v2\/product"}],"about":[{"href":"https:\/\/www.zmsh-semitech.com\/fr\/wp-json\/wp\/v2\/types\/product"}],"replies":[{"embeddable":true,"href":"https:\/\/www.zmsh-semitech.com\/fr\/wp-json\/wp\/v2\/comments?post=2203"}],"version-history":[{"count":2,"href":"https:\/\/www.zmsh-semitech.com\/fr\/wp-json\/wp\/v2\/product\/2203\/revisions"}],"predecessor-version":[{"id":2210,"href":"https:\/\/www.zmsh-semitech.com\/fr\/wp-json\/wp\/v2\/product\/2203\/revisions\/2210"}],"wp:featuredmedia":[{"embeddable":true,"href":"https:\/\/www.zmsh-semitech.com\/fr\/wp-json\/wp\/v2\/media\/2207"}],"wp:attachment":[{"href":"https:\/\/www.zmsh-semitech.com\/fr\/wp-json\/wp\/v2\/media?parent=2203"}],"wp:term":[{"taxonomy":"product_brand","embeddable":true,"href":"https:\/\/www.zmsh-semitech.com\/fr\/wp-json\/wp\/v2\/product_brand?post=2203"},{"taxonomy":"product_cat","embeddable":true,"href":"https:\/\/www.zmsh-semitech.com\/fr\/wp-json\/wp\/v2\/product_cat?post=2203"},{"taxonomy":"product_tag","embeddable":true,"href":"https:\/\/www.zmsh-semitech.com\/fr\/wp-json\/wp\/v2\/product_tag?post=2203"}],"curies":[{"name":"wp","href":"https:\/\/api.w.org\/{rel}","templated":true}]}}