{"id":2149,"date":"2026-04-09T07:24:36","date_gmt":"2026-04-09T07:24:36","guid":{"rendered":"https:\/\/www.zmsh-semitech.com\/?post_type=product&#038;p=2149"},"modified":"2026-04-09T07:24:37","modified_gmt":"2026-04-09T07:24:37","slug":"hp-1201-automatic-wafer-dicing-machine-for-large-format-precision-cutting","status":"publish","type":"product","link":"https:\/\/www.zmsh-semitech.com\/fr\/product\/hp-1201-automatic-wafer-dicing-machine-for-large-format-precision-cutting\/","title":{"rendered":"HP-1201 Machine automatique \u00e0 d\u00e9couper les plaquettes de silicium pour la d\u00e9coupe de pr\u00e9cision de grands formats"},"content":{"rendered":"<p data-start=\"317\" data-end=\"680\"><img fetchpriority=\"high\" decoding=\"async\" class=\"size-medium wp-image-2151 alignright\" src=\"https:\/\/www.zmsh-semitech.com\/wp-content\/uploads\/2026\/04\/HP-1201-Automatic-Wafer-Substrate-Dicing-Machine-for-Large-Format-Precision-Cutting-300x300.png\" alt=\"\" width=\"300\" height=\"300\" srcset=\"https:\/\/www.zmsh-semitech.com\/wp-content\/uploads\/2026\/04\/HP-1201-Automatic-Wafer-Substrate-Dicing-Machine-for-Large-Format-Precision-Cutting-300x300.png 300w, https:\/\/www.zmsh-semitech.com\/wp-content\/uploads\/2026\/04\/HP-1201-Automatic-Wafer-Substrate-Dicing-Machine-for-Large-Format-Precision-Cutting-150x150.png 150w, https:\/\/www.zmsh-semitech.com\/wp-content\/uploads\/2026\/04\/HP-1201-Automatic-Wafer-Substrate-Dicing-Machine-for-Large-Format-Precision-Cutting-768x768.png 768w, https:\/\/www.zmsh-semitech.com\/wp-content\/uploads\/2026\/04\/HP-1201-Automatic-Wafer-Substrate-Dicing-Machine-for-Large-Format-Precision-Cutting-12x12.png 12w, https:\/\/www.zmsh-semitech.com\/wp-content\/uploads\/2026\/04\/HP-1201-Automatic-Wafer-Substrate-Dicing-Machine-for-Large-Format-Precision-Cutting-600x600.png 600w, https:\/\/www.zmsh-semitech.com\/wp-content\/uploads\/2026\/04\/HP-1201-Automatic-Wafer-Substrate-Dicing-Machine-for-Large-Format-Precision-Cutting-100x100.png 100w, https:\/\/www.zmsh-semitech.com\/wp-content\/uploads\/2026\/04\/HP-1201-Automatic-Wafer-Substrate-Dicing-Machine-for-Large-Format-Precision-Cutting.png 1000w\" sizes=\"(max-width: 300px) 100vw, 300px\" \/>La machine \u00e0 d\u00e9couper automatique HP-1201 est une solution haute performance sp\u00e9cialement con\u00e7ue pour les substrats de grand format et les applications de d\u00e9coupe multi-pi\u00e8ces. Con\u00e7ue pour r\u00e9pondre aux exigences \u00e9volutives de l'emballage des semi-conducteurs et du traitement des substrats, le syst\u00e8me prend en charge \u00e0 la fois le d\u00e9coupage des plaquettes (jusqu'\u00e0 12 pouces) et les pi\u00e8ces de grande surface jusqu'\u00e0 400 \u00d7 400 mm.<\/p>\n<p data-start=\"682\" data-end=\"977\">Avec sa structure de portique robuste, sa configuration \u00e0 deux broches oppos\u00e9es et sa plate-forme de travail personnalisable, la HP-1201 offre une rigidit\u00e9, une stabilit\u00e9 et un rendement exceptionnels. Elle est particuli\u00e8rement adapt\u00e9e aux applications impliquant des mat\u00e9riaux en bande, des panneaux multi-fili\u00e8res et des configurations de pi\u00e8ces complexes.<\/p>\n<p data-start=\"979\" data-end=\"1181\">La machine int\u00e8gre un alignement de haute pr\u00e9cision, une inspection intelligente et des capacit\u00e9s de traitement flexibles, ce qui en fait un choix id\u00e9al pour les fabricants qui recherchent \u00e0 la fois la productivit\u00e9 et la pr\u00e9cision de coupe.<\/p>\n<h2 data-section-id=\"1j5qwet\" data-start=\"1188\" data-end=\"1207\"><span role=\"text\">Caract\u00e9ristiques principales<\/span><\/h2>\n<h3 data-section-id=\"1lkyyr4\" data-start=\"1209\" data-end=\"1256\"><span role=\"text\">1. Con\u00e7u pour les supports de grand format<\/span><\/h3>\n<p data-start=\"1257\" data-end=\"1364\">Contrairement aux syst\u00e8mes de d\u00e9coupe conventionnels, la HP-1201 est optimis\u00e9e pour les grandes pi\u00e8ces et les substrats d'emballage :<\/p>\n<ul data-start=\"1365\" data-end=\"1528\">\n<li data-section-id=\"122wrc4\" data-start=\"1365\" data-end=\"1420\">Supports pour mat\u00e9riaux carr\u00e9s jusqu'\u00e0 400 mm \u00d7 400 mm<\/li>\n<li data-section-id=\"1w2sjk2\" data-start=\"1421\" data-end=\"1469\">Compatible avec les gaufres de 12 pouces et moins<\/li>\n<li data-section-id=\"bo18rw\" data-start=\"1470\" data-end=\"1528\">Id\u00e9al pour les processus d'emballage au niveau des panneaux et les processus d'emballage avanc\u00e9s<\/li>\n<\/ul>\n<p data-start=\"1530\" data-end=\"1619\">Il s'adapte ainsi parfaitement aux semi-conducteurs et aux technologies d'emballage \u00e9mergentes.<\/p>\n<h3 data-section-id=\"1gerb2u\" data-start=\"1626\" data-end=\"1683\"><span role=\"text\">2. Capacit\u00e9 de coupe multi-pi\u00e8ces \u00e0 haut rendement<\/span><\/h3>\n<p data-start=\"1684\" data-end=\"1751\">Le syst\u00e8me excelle dans les applications multibandes et de traitement par lots :<\/p>\n<ul data-start=\"1752\" data-end=\"1953\">\n<li data-section-id=\"12ne451\" data-start=\"1752\" data-end=\"1810\">Prise en charge du placement simultan\u00e9 de plusieurs pi\u00e8ces \u00e0 usiner<\/li>\n<li data-section-id=\"1ahonq2\" data-start=\"1811\" data-end=\"1889\">Exemple : jusqu'\u00e0 5 bandes (250 mm \u00d7 70 mm) peuvent \u00eatre trait\u00e9es en un seul cycle.<\/li>\n<li data-section-id=\"91yitt\" data-start=\"1890\" data-end=\"1953\">Am\u00e9lioration significative du d\u00e9bit et r\u00e9duction du temps de traitement<\/li>\n<\/ul>\n<p data-start=\"1955\" data-end=\"2034\">Cette capacit\u00e9 est particuli\u00e8rement pr\u00e9cieuse pour les environnements de production en grande quantit\u00e9.<\/p>\n<h3 data-section-id=\"pb7q73\" data-start=\"2041\" data-end=\"2096\"><span role=\"text\">3. Syst\u00e8me \u00e0 double broche oppos\u00e9e pour la productivit\u00e9<\/span><\/h3>\n<p data-start=\"2097\" data-end=\"2177\">La HP-1201 est dot\u00e9e d'une structure \u00e0 double broche avec un espacement de \u2264 22 mm entre les broches :<\/p>\n<ul data-start=\"2178\" data-end=\"2320\">\n<li data-section-id=\"126smyd\" data-start=\"2178\" data-end=\"2231\">Permet des op\u00e9rations de coupe parall\u00e8les ou s\u00e9quentielles<\/li>\n<li data-section-id=\"1phn8sk\" data-start=\"2232\" data-end=\"2264\">R\u00e9duction de la distance de d\u00e9placement \u00e0 vide<\/li>\n<li data-section-id=\"101lqcw\" data-start=\"2265\" data-end=\"2320\">Augmentation de l'efficacit\u00e9 de la coupe et du rendement global<\/li>\n<\/ul>\n<p data-start=\"2322\" data-end=\"2440\">Associ\u00e9 \u00e0 une rotation rapide de la broche (jusqu'\u00e0 60 000 tr\/min), le syst\u00e8me assure une s\u00e9paration rapide et pr\u00e9cise des mat\u00e9riaux.<\/p>\n<h3 data-section-id=\"w5e11x\" data-start=\"2447\" data-end=\"2497\"><span role=\"text\">4. Structure de portique pour une stabilit\u00e9 sup\u00e9rieure<\/span><\/h3>\n<p data-start=\"2498\" data-end=\"2547\">La machine adopte une conception de portique \u00e0 haute rigidit\u00e9 :<\/p>\n<ul data-start=\"2548\" data-end=\"2716\">\n<li data-section-id=\"fbik\" data-start=\"2548\" data-end=\"2609\">Stabilit\u00e9 structurelle accrue en cas de fonctionnement \u00e0 grande vitesse<\/li>\n<li data-section-id=\"qf4dsg\" data-start=\"2610\" data-end=\"2661\">R\u00e9duction des vibrations pour une meilleure pr\u00e9cision de coupe<\/li>\n<li data-section-id=\"8ypr2z\" data-start=\"2662\" data-end=\"2716\">Convient pour la d\u00e9coupe de pr\u00e9cision de mat\u00e9riaux fragiles<\/li>\n<\/ul>\n<p data-start=\"2718\" data-end=\"2797\">Cela garantit des performances constantes, m\u00eame dans des conditions de traitement exigeantes.<\/p>\n<h3 data-section-id=\"z6iv4c\" data-start=\"2804\" data-end=\"2855\"><span role=\"text\">5. Syst\u00e8me avanc\u00e9 d'alignement et d'inspection<\/span><\/h3>\n<p data-start=\"2856\" data-end=\"2902\">\u00c9quip\u00e9 d'une configuration \u00e0 deux microscopes :<\/p>\n<ul data-start=\"2903\" data-end=\"3050\">\n<li data-section-id=\"1upg1xh\" data-start=\"2903\" data-end=\"2952\">Permet un alignement automatique rapide et pr\u00e9cis<\/li>\n<li data-section-id=\"7lt55p\" data-start=\"2953\" data-end=\"2997\">Prise en charge de l'inspection \u00e0 haute r\u00e9solution des trac\u00e9s<\/li>\n<li data-section-id=\"rql893\" data-start=\"2998\" data-end=\"3050\">Am\u00e9liore la r\u00e9gularit\u00e9 de la coupe et r\u00e9duit les d\u00e9fauts<\/li>\n<\/ul>\n<p data-start=\"3052\" data-end=\"3133\">Ceci est essentiel pour maintenir des tol\u00e9rances serr\u00e9es dans la fabrication des semi-conducteurs.<\/p>\n<h3 data-section-id=\"ft5041\" data-start=\"3140\" data-end=\"3190\"><span role=\"text\">6. Fonction optionnelle de dressage des lames de sous-CT<\/span><\/h3>\n<p data-start=\"3191\" data-end=\"3283\">La fonction de dressage de la lame assist\u00e9e par Sub-CT (en option) permet de maintenir la lame dans un \u00e9tat optimal :<\/p>\n<ul data-start=\"3284\" data-end=\"3397\">\n<li data-section-id=\"1trj5ya\" data-start=\"3284\" data-end=\"3329\">R\u00e9duit l'\u00e9caillage des bords et les d\u00e9fauts de surface<\/li>\n<li data-section-id=\"2vyx60\" data-start=\"3330\" data-end=\"3360\">Prolonge la dur\u00e9e de vie des lames<\/li>\n<li data-section-id=\"1wk3sdx\" data-start=\"3361\" data-end=\"3397\">Am\u00e9liore la qualit\u00e9 globale de la coupe<\/li>\n<\/ul>\n<h3 data-section-id=\"ngjugw\" data-start=\"3404\" data-end=\"3447\"><span role=\"text\">7. Syst\u00e8me de refroidissement de la coupe profonde en option<\/span><\/h3>\n<p data-start=\"3448\" data-end=\"3503\">Un syst\u00e8me de refroidissement de l'eau en profondeur est disponible en option :<\/p>\n<ul data-start=\"3504\" data-end=\"3641\">\n<li data-section-id=\"wu3rr0\" data-start=\"3504\" data-end=\"3550\">Am\u00e9liore l'efficacit\u00e9 du refroidissement pendant la coupe<\/li>\n<li data-section-id=\"1e0lcc8\" data-start=\"3551\" data-end=\"3590\">R\u00e9duit les dommages thermiques caus\u00e9s aux mat\u00e9riaux<\/li>\n<li data-section-id=\"rjj9u\" data-start=\"3591\" data-end=\"3641\">Am\u00e9liore la qualit\u00e9 de la surface et la pr\u00e9cision de la coupe<\/li>\n<\/ul>\n<h2 data-section-id=\"id1bjs\" data-start=\"3648\" data-end=\"3679\"><span role=\"text\">Sp\u00e9cifications techniques<\/span><\/h2>\n<div class=\"TyagGW_tableContainer\">\n<div class=\"group TyagGW_tableWrapper flex flex-col-reverse w-fit\" tabindex=\"-1\">\n<table class=\"w-fit min-w-(--thread-content-width)\" data-start=\"3681\" data-end=\"4410\">\n<thead data-start=\"3681\" data-end=\"3718\">\n<tr data-start=\"3681\" data-end=\"3718\">\n<th class=\"\" data-start=\"3681\" data-end=\"3697\" data-col-size=\"sm\">Param\u00e8tres<\/th>\n<th class=\"\" data-start=\"3697\" data-end=\"3718\" data-col-size=\"sm\">Sp\u00e9cifications<\/th>\n<\/tr>\n<\/thead>\n<tbody data-start=\"3755\" data-end=\"4410\">\n<tr data-start=\"3755\" data-end=\"3781\">\n<td data-start=\"3755\" data-end=\"3771\" data-col-size=\"sm\">Puissance de la broche<\/td>\n<td data-start=\"3771\" data-end=\"3781\" data-col-size=\"sm\">1,8 kW<\/td>\n<\/tr>\n<tr data-start=\"3782\" data-end=\"3818\">\n<td data-start=\"3782\" data-end=\"3798\" data-col-size=\"sm\">Vitesse de la broche<\/td>\n<td data-start=\"3798\" data-end=\"3818\" data-col-size=\"sm\">6000 - 60000 tr\/min<\/td>\n<\/tr>\n<tr data-start=\"3819\" data-end=\"3845\">\n<td data-start=\"3819\" data-end=\"3835\" data-col-size=\"sm\">D\u00e9placement sur l'axe X<\/td>\n<td data-start=\"3835\" data-end=\"3845\" data-col-size=\"sm\">420 mm<\/td>\n<\/tr>\n<tr data-start=\"3846\" data-end=\"3880\">\n<td data-start=\"3846\" data-end=\"3861\" data-col-size=\"sm\">Vitesse de l'axe X<\/td>\n<td data-start=\"3861\" data-end=\"3880\" data-col-size=\"sm\">0,1 - 1000 mm\/s<\/td>\n<\/tr>\n<tr data-start=\"3881\" data-end=\"3913\">\n<td data-start=\"3881\" data-end=\"3901\" data-col-size=\"sm\">R\u00e9solution de l'axe X<\/td>\n<td data-start=\"3901\" data-end=\"3913\" data-col-size=\"sm\">0,001 mm<\/td>\n<\/tr>\n<tr data-start=\"3914\" data-end=\"3939\">\n<td data-start=\"3914\" data-end=\"3929\" data-col-size=\"sm\">Voyage Y1\/Y2<\/td>\n<td data-start=\"3929\" data-end=\"3939\" data-col-size=\"sm\">420 mm<\/td>\n<\/tr>\n<tr data-start=\"3940\" data-end=\"3973\">\n<td data-start=\"3940\" data-end=\"3960\" data-col-size=\"sm\">R\u00e9solution de l'axe Y<\/td>\n<td data-start=\"3960\" data-end=\"3973\" data-col-size=\"sm\">0,0001 mm<\/td>\n<\/tr>\n<tr data-start=\"3974\" data-end=\"4009\">\n<td data-start=\"3974\" data-end=\"3997\" data-col-size=\"sm\">Pr\u00e9cision du positionnement<\/td>\n<td data-start=\"3997\" data-end=\"4009\" data-col-size=\"sm\">0,002 mm<\/td>\n<\/tr>\n<tr data-start=\"4010\" data-end=\"4048\">\n<td data-start=\"4010\" data-end=\"4030\" data-col-size=\"sm\">Erreur cumul\u00e9e<\/td>\n<td data-start=\"4030\" data-end=\"4048\" data-col-size=\"sm\">0,003 \/ 400 mm<\/td>\n<\/tr>\n<tr data-start=\"4049\" data-end=\"4073\">\n<td data-start=\"4049\" data-end=\"4064\" data-col-size=\"sm\">Voyage Z1\/Z2<\/td>\n<td data-start=\"4064\" data-end=\"4073\" data-col-size=\"sm\">13 mm<\/td>\n<\/tr>\n<tr data-start=\"4074\" data-end=\"4102\">\n<td data-start=\"4074\" data-end=\"4090\" data-col-size=\"sm\">R\u00e9p\u00e9tabilit\u00e9<\/td>\n<td data-start=\"4090\" data-end=\"4102\" data-col-size=\"sm\">0,001 mm<\/td>\n<\/tr>\n<tr data-start=\"4103\" data-end=\"4133\">\n<td data-start=\"4103\" data-end=\"4120\" data-col-size=\"sm\">Rotation th\u00eata<\/td>\n<td data-start=\"4120\" data-end=\"4133\" data-col-size=\"sm\">380\u00b0 \u00b1 5\u00b0<\/td>\n<\/tr>\n<tr data-start=\"4134\" data-end=\"4166\">\n<td data-start=\"4134\" data-end=\"4153\" data-col-size=\"sm\">Pr\u00e9cision angulaire<\/td>\n<td data-start=\"4153\" data-end=\"4166\" data-col-size=\"sm\">1 arc-sec<\/td>\n<\/tr>\n<tr data-start=\"4167\" data-end=\"4220\">\n<td data-start=\"4167\" data-end=\"4194\" data-col-size=\"sm\">Grossissement du microscope<\/td>\n<td data-start=\"4194\" data-end=\"4220\" data-col-size=\"sm\">1,5\u00d7 (en option) \/ 0,8\u00d7<\/td>\n<\/tr>\n<tr data-start=\"4221\" data-end=\"4262\">\n<td data-start=\"4221\" data-end=\"4232\" data-col-size=\"sm\">Eclairage<\/td>\n<td data-start=\"4232\" data-end=\"4262\" data-col-size=\"sm\">Anneau lumineux + lumi\u00e8re coaxiale<\/td>\n<\/tr>\n<tr data-start=\"4263\" data-end=\"4298\">\n<td data-start=\"4263\" data-end=\"4287\" data-col-size=\"sm\">Pi\u00e8ce maximale (ronde)<\/td>\n<td data-start=\"4287\" data-end=\"4298\" data-col-size=\"sm\">\u00d8300 mm<\/td>\n<\/tr>\n<tr data-start=\"4299\" data-end=\"4340\">\n<td data-start=\"4299\" data-end=\"4324\" data-col-size=\"sm\">Pi\u00e8ce maximale (carr\u00e9e)<\/td>\n<td data-start=\"4324\" data-end=\"4340\" data-col-size=\"sm\">400 \u00d7 400 mm<\/td>\n<\/tr>\n<tr data-start=\"4341\" data-end=\"4389\">\n<td data-start=\"4341\" data-end=\"4364\" data-col-size=\"sm\">Taille de la machine (L\u00d7P\u00d7H)<\/td>\n<td data-start=\"4364\" data-end=\"4389\" data-col-size=\"sm\">1450 \u00d7 1250 \u00d7 1850 mm<\/td>\n<\/tr>\n<tr data-start=\"4390\" data-end=\"4410\">\n<td data-start=\"4390\" data-end=\"4399\" data-col-size=\"sm\">Poids<\/td>\n<td data-start=\"4399\" data-end=\"4410\" data-col-size=\"sm\">2000 kg<\/td>\n<\/tr>\n<\/tbody>\n<\/table>\n<\/div>\n<\/div>\n<h2 data-section-id=\"k0zlak\" data-start=\"4417\" data-end=\"4436\"><span role=\"text\">Applications<\/span><\/h2>\n<p data-start=\"4438\" data-end=\"4562\">La HP-1201 est largement utilis\u00e9e dans les domaines de la fabrication de pointe n\u00e9cessitant une d\u00e9coupe de haute pr\u00e9cision de pi\u00e8ces multiples ou de grande taille :<\/p>\n<ul data-start=\"4564\" data-end=\"4795\">\n<li data-section-id=\"5cz68w\" data-start=\"4564\" data-end=\"4606\">D\u00e9coupage de tranches de semi-conducteurs (\u2264 12 pouces)<\/li>\n<li data-section-id=\"vc4r2z\" data-start=\"4607\" data-end=\"4640\">Substrats d'emballage avanc\u00e9s<\/li>\n<li data-section-id=\"c44nr\" data-start=\"4641\" data-end=\"4672\">Emballage au niveau du panel (PLP)<\/li>\n<li data-section-id=\"ar9gw\" data-start=\"4673\" data-end=\"4709\">LED et mat\u00e9riaux opto\u00e9lectroniques<\/li>\n<li data-section-id=\"1cw4nvq\" data-start=\"4710\" data-end=\"4748\">C\u00e9ramique et mat\u00e9riaux durs et cassants<\/li>\n<li data-section-id=\"nh0qnc\" data-start=\"4749\" data-end=\"4795\">Applications de coupe multi-bandes et par lots<\/li>\n<\/ul>\n<p><img decoding=\"async\" class=\"wp-image-2150 size-large aligncenter\" src=\"https:\/\/www.zmsh-semitech.com\/wp-content\/uploads\/2026\/04\/APPLICATION2-1024x683.png\" alt=\"\" width=\"1024\" height=\"683\" srcset=\"https:\/\/www.zmsh-semitech.com\/wp-content\/uploads\/2026\/04\/APPLICATION2-1024x683.png 1024w, https:\/\/www.zmsh-semitech.com\/wp-content\/uploads\/2026\/04\/APPLICATION2-300x200.png 300w, https:\/\/www.zmsh-semitech.com\/wp-content\/uploads\/2026\/04\/APPLICATION2-768x512.png 768w, https:\/\/www.zmsh-semitech.com\/wp-content\/uploads\/2026\/04\/APPLICATION2-18x12.png 18w, https:\/\/www.zmsh-semitech.com\/wp-content\/uploads\/2026\/04\/APPLICATION2-600x400.png 600w, https:\/\/www.zmsh-semitech.com\/wp-content\/uploads\/2026\/04\/APPLICATION2.png 1536w\" sizes=\"(max-width: 1024px) 100vw, 1024px\" \/><\/p>\n<h2 data-section-id=\"p8uldy\" data-start=\"4802\" data-end=\"4824\"><span role=\"text\">Avantages principaux<\/span><\/h2>\n<h3 data-section-id=\"jjig1u\" data-start=\"4826\" data-end=\"4849\"><span role=\"text\">Haut d\u00e9bit<\/span><\/h3>\n<p data-start=\"4850\" data-end=\"4933\">Le traitement multi-pi\u00e8ces et la conception \u00e0 double broche augmentent consid\u00e9rablement la productivit\u00e9.<\/p>\n<h3 data-section-id=\"1lkz33s\" data-start=\"4935\" data-end=\"4962\"><span role=\"text\">Traitement flexible<\/span><\/h3>\n<p data-start=\"4963\" data-end=\"5038\">La table de travail personnalisable permet de traiter des formes et des dispositions vari\u00e9es.<\/p>\n<h3 data-section-id=\"1s6s45v\" data-start=\"5040\" data-end=\"5069\"><span role=\"text\">Pr\u00e9cision et stabilit\u00e9<\/span><\/h3>\n<p data-start=\"5070\" data-end=\"5156\">La structure du portique et le syst\u00e8me d'alignement avanc\u00e9 garantissent une pr\u00e9cision et une r\u00e9p\u00e9tabilit\u00e9 \u00e9lev\u00e9es.<\/p>\n<h3 data-section-id=\"kl9wyi\" data-start=\"5158\" data-end=\"5181\"><span role=\"text\">Rapport co\u00fbt-efficacit\u00e9<\/span><\/h3>\n<p data-start=\"5182\" data-end=\"5262\">La r\u00e9duction du temps de traitement et l'am\u00e9lioration de la dur\u00e9e de vie des lames permettent de r\u00e9duire les co\u00fbts op\u00e9rationnels globaux.<\/p>\n<h2 data-section-id=\"1nqqsko\" data-start=\"63\" data-end=\"102\"><span role=\"text\">Foire aux questions (FAQ)<\/span><\/h2>\n<h3 data-section-id=\"1204f8i\" data-start=\"104\" data-end=\"177\"><span role=\"text\">1. Quelle est la taille maximale de la pi\u00e8ce prise en charge par le HP-1201 ?<\/span><\/h3>\n<p data-start=\"178\" data-end=\"431\">La HP-1201 prend en charge les substrats de type wafer et grand format. Elle peut traiter des plaquettes rondes jusqu'\u00e0 12 pouces (\u00d8300 mm) et des pi\u00e8ces carr\u00e9es jusqu'\u00e0 400 \u00d7 400 mm. Elle est donc particuli\u00e8rement adapt\u00e9e aux applications d'emballage avanc\u00e9es et aux applications au niveau des panneaux.<\/p>\n<h3 data-section-id=\"xmgpor\" data-start=\"438\" data-end=\"521\"><span role=\"text\">2. Le HP-1201 est-il adapt\u00e9 aux applications de d\u00e9coupe de pi\u00e8ces multiples ou de bandes ?<\/span><\/h3>\n<p data-start=\"522\" data-end=\"792\">Oui. La HP-1201 est sp\u00e9cialement optimis\u00e9e pour la d\u00e9coupe de pi\u00e8ces multiples et de bandes. Elle peut traiter plusieurs bandes en un seul cycle - par exemple, jusqu'\u00e0 5 pi\u00e8ces de bandes de 250 mm \u00d7 70 mm - ce qui am\u00e9liore consid\u00e9rablement le d\u00e9bit et r\u00e9duit le temps de manipulation dans la production par lots.<\/p>\n<h3 data-section-id=\"afviui\" data-start=\"799\" data-end=\"871\"><span role=\"text\">3. Comment la machine assure-t-elle la pr\u00e9cision et la stabilit\u00e9 de la coupe ?<\/span><\/h3>\n<p data-start=\"872\" data-end=\"932\">La HP-1201 assure une grande pr\u00e9cision gr\u00e2ce \u00e0 une combinaison de.. :<\/p>\n<ul data-start=\"933\" data-end=\"1195\">\n<li data-section-id=\"333d9b\" data-start=\"933\" data-end=\"992\">Structure de portique \u00e0 haute rigidit\u00e9 pour un fonctionnement stable<\/li>\n<li data-section-id=\"933urv\" data-start=\"993\" data-end=\"1061\">Syst\u00e8me \u00e0 double microscope pour un alignement et une inspection pr\u00e9cis<\/li>\n<li data-section-id=\"119muuq\" data-start=\"1062\" data-end=\"1129\">Contr\u00f4le de mouvement \u00e0 haute r\u00e9solution (jusqu'\u00e0 0,0001 mm de r\u00e9solution)<\/li>\n<li data-section-id=\"1kcuul9\" data-start=\"1130\" data-end=\"1195\">Configuration \u00e0 deux broches pour une coupe \u00e9quilibr\u00e9e et efficace<\/li>\n<\/ul>\n<p data-start=\"1197\" data-end=\"1334\">Ces caract\u00e9ristiques s'associent pour offrir une qualit\u00e9 de coupe constante, un \u00e9caillage minimal et des performances fiables dans les applications exigeantes.<\/p>","protected":false},"excerpt":{"rendered":"<p>La machine \u00e0 d\u00e9couper automatique HP-1201 est une solution haute performance sp\u00e9cialement con\u00e7ue pour les substrats de grand format et les applications de d\u00e9coupe multi-pi\u00e8ces. Con\u00e7ue pour r\u00e9pondre aux exigences \u00e9volutives de l'emballage des semi-conducteurs et du traitement des substrats, le syst\u00e8me prend en charge \u00e0 la fois le d\u00e9coupage des plaquettes (jusqu'\u00e0 12 pouces) et les pi\u00e8ces de grande surface jusqu'\u00e0 400 \u00d7 400 mm.<\/p>","protected":false},"featured_media":2151,"comment_status":"open","ping_status":"closed","template":"","meta":{"site-sidebar-layout":"default","site-content-layout":"","ast-site-content-layout":"default","site-content-style":"default","site-sidebar-style":"default","ast-global-header-display":"","ast-banner-title-visibility":"","ast-main-header-display":"","ast-hfb-above-header-display":"","ast-hfb-below-header-display":"","ast-hfb-mobile-header-display":"","site-post-title":"","ast-breadcrumbs-content":"","ast-featured-img":"","footer-sml-layout":"","ast-disable-related-posts":"","theme-transparent-header-meta":"default","adv-header-id-meta":"","stick-header-meta":"default","header-above-stick-meta":"","header-main-stick-meta":"","header-below-stick-meta":"","astra-migrate-meta-layouts":"set","ast-page-background-enabled":"default","ast-page-background-meta":{"desktop":{"background-color":"var(--ast-global-color-4)","background-image":"","background-repeat":"repeat","background-position":"center center","background-size":"auto","background-attachment":"scroll","background-type":"","background-media":"","overlay-type":"","overlay-color":"","overlay-opacity":"","overlay-gradient":""},"tablet":{"background-color":"","background-image":"","background-repeat":"repeat","background-position":"center center","background-size":"auto","background-attachment":"scroll","background-type":"","background-media":"","overlay-type":"","overlay-color":"","overlay-opacity":"","overlay-gradient":""},"mobile":{"background-color":"","background-image":"","background-repeat":"repeat","background-position":"center center","background-size":"auto","background-attachment":"scroll","background-type":"","background-media":"","overlay-type":"","overlay-color":"","overlay-opacity":"","overlay-gradient":""}},"ast-content-background-meta":{"desktop":{"background-color":"var(--ast-global-color-5)","background-image":"","background-repeat":"repeat","background-position":"center center","background-size":"auto","background-attachment":"scroll","background-type":"","background-media":"","overlay-type":"","overlay-color":"","overlay-opacity":"","overlay-gradient":""},"tablet":{"background-color":"var(--ast-global-color-5)","background-image":"","background-repeat":"repeat","background-position":"center center","background-size":"auto","background-attachment":"scroll","background-type":"","background-media":"","overlay-type":"","overlay-color":"","overlay-opacity":"","overlay-gradient":""},"mobile":{"background-color":"var(--ast-global-color-5)","background-image":"","background-repeat":"repeat","background-position":"center center","background-size":"auto","background-attachment":"scroll","background-type":"","background-media":"","overlay-type":"","overlay-color":"","overlay-opacity":"","overlay-gradient":""}}},"product_brand":[],"product_cat":[878],"product_tag":[897,898,891,896,895,894,893,694,475,890,892,889],"class_list":{"0":"post-2149","1":"product","2":"type-product","3":"status-publish","4":"has-post-thumbnail","6":"product_cat-dicing-equipment","7":"product_tag-ceramic-substrate-machining","8":"product_tag-dual-spindle-dicing","9":"product_tag-ic-chip-singulation","10":"product_tag-led-chip-processing","11":"product_tag-mems-fabrication","12":"product_tag-multi-strip-cutting","13":"product_tag-panel-level-packaging","14":"product_tag-precision-microfabrication","15":"product_tag-semiconductor-manufacturing","16":"product_tag-silicon-wafer-processing","17":"product_tag-substrate-cutting","18":"product_tag-wafer-dicing","19":"desktop-align-left","20":"tablet-align-left","21":"mobile-align-left","22":"ast-product-gallery-layout-horizontal-slider","23":"ast-product-gallery-with-no-image","24":"ast-product-tabs-layout-horizontal","26":"first","27":"instock","28":"shipping-taxable","29":"product-type-simple"},"_links":{"self":[{"href":"https:\/\/www.zmsh-semitech.com\/fr\/wp-json\/wp\/v2\/product\/2149","targetHints":{"allow":["GET"]}}],"collection":[{"href":"https:\/\/www.zmsh-semitech.com\/fr\/wp-json\/wp\/v2\/product"}],"about":[{"href":"https:\/\/www.zmsh-semitech.com\/fr\/wp-json\/wp\/v2\/types\/product"}],"replies":[{"embeddable":true,"href":"https:\/\/www.zmsh-semitech.com\/fr\/wp-json\/wp\/v2\/comments?post=2149"}],"version-history":[{"count":2,"href":"https:\/\/www.zmsh-semitech.com\/fr\/wp-json\/wp\/v2\/product\/2149\/revisions"}],"predecessor-version":[{"id":2153,"href":"https:\/\/www.zmsh-semitech.com\/fr\/wp-json\/wp\/v2\/product\/2149\/revisions\/2153"}],"wp:featuredmedia":[{"embeddable":true,"href":"https:\/\/www.zmsh-semitech.com\/fr\/wp-json\/wp\/v2\/media\/2151"}],"wp:attachment":[{"href":"https:\/\/www.zmsh-semitech.com\/fr\/wp-json\/wp\/v2\/media?parent=2149"}],"wp:term":[{"taxonomy":"product_brand","embeddable":true,"href":"https:\/\/www.zmsh-semitech.com\/fr\/wp-json\/wp\/v2\/product_brand?post=2149"},{"taxonomy":"product_cat","embeddable":true,"href":"https:\/\/www.zmsh-semitech.com\/fr\/wp-json\/wp\/v2\/product_cat?post=2149"},{"taxonomy":"product_tag","embeddable":true,"href":"https:\/\/www.zmsh-semitech.com\/fr\/wp-json\/wp\/v2\/product_tag?post=2149"}],"curies":[{"name":"wp","href":"https:\/\/api.w.org\/{rel}","templated":true}]}}