{"id":2143,"date":"2026-04-09T07:00:47","date_gmt":"2026-04-09T07:00:47","guid":{"rendered":"https:\/\/www.zmsh-semitech.com\/?post_type=product&#038;p=2143"},"modified":"2026-04-09T07:03:21","modified_gmt":"2026-04-09T07:03:21","slug":"high-precision-12-inch-wafer-dicing-solution-for-advanced-semiconductor-processing","status":"publish","type":"product","link":"https:\/\/www.zmsh-semitech.com\/fr\/product\/high-precision-12-inch-wafer-dicing-solution-for-advanced-semiconductor-processing\/","title":{"rendered":"Solution de d\u00e9coupage en tranches de 12 pouces de haute pr\u00e9cision pour le traitement avanc\u00e9 des semi-conducteurs"},"content":{"rendered":"<p data-start=\"245\" data-end=\"627\"><img fetchpriority=\"high\" decoding=\"async\" class=\"size-medium wp-image-2144 alignright\" src=\"https:\/\/www.zmsh-semitech.com\/wp-content\/uploads\/2026\/04\/High-Precision-12-inch-Wafer-Dicing-Solution-for-Advanced-Semiconductor-Processing2-300x300.png\" alt=\"\" width=\"300\" height=\"300\" srcset=\"https:\/\/www.zmsh-semitech.com\/wp-content\/uploads\/2026\/04\/High-Precision-12-inch-Wafer-Dicing-Solution-for-Advanced-Semiconductor-Processing2-300x300.png 300w, https:\/\/www.zmsh-semitech.com\/wp-content\/uploads\/2026\/04\/High-Precision-12-inch-Wafer-Dicing-Solution-for-Advanced-Semiconductor-Processing2-150x150.png 150w, https:\/\/www.zmsh-semitech.com\/wp-content\/uploads\/2026\/04\/High-Precision-12-inch-Wafer-Dicing-Solution-for-Advanced-Semiconductor-Processing2-768x768.png 768w, https:\/\/www.zmsh-semitech.com\/wp-content\/uploads\/2026\/04\/High-Precision-12-inch-Wafer-Dicing-Solution-for-Advanced-Semiconductor-Processing2-12x12.png 12w, https:\/\/www.zmsh-semitech.com\/wp-content\/uploads\/2026\/04\/High-Precision-12-inch-Wafer-Dicing-Solution-for-Advanced-Semiconductor-Processing2-600x600.png 600w, https:\/\/www.zmsh-semitech.com\/wp-content\/uploads\/2026\/04\/High-Precision-12-inch-Wafer-Dicing-Solution-for-Advanced-Semiconductor-Processing2-100x100.png 100w, https:\/\/www.zmsh-semitech.com\/wp-content\/uploads\/2026\/04\/High-Precision-12-inch-Wafer-Dicing-Solution-for-Advanced-Semiconductor-Processing2.png 1000w\" sizes=\"(max-width: 300px) 100vw, 300px\" \/>La machine \u00e0 d\u00e9couper les wafers HP-1221 enti\u00e8rement automatique est une solution de haute efficacit\u00e9 et de pr\u00e9cision con\u00e7ue pour les processus d'individualisation des wafers de semi-conducteurs. Supportant des wafers jusqu'\u00e0 12 pouces (300 mm), ce syst\u00e8me int\u00e8gre une automatisation avanc\u00e9e, une technologie de coupe \u00e0 double broche et des syst\u00e8mes d'alignement intelligents pour fournir une pr\u00e9cision de coupe, un d\u00e9bit et une coh\u00e9rence sup\u00e9rieurs.<\/p>\n<p data-start=\"629\" data-end=\"943\">Con\u00e7ue pour les environnements modernes de fabrication de semi-conducteurs, la HP-1221 permet un flux de travail enti\u00e8rement automatis\u00e9 - du chargement et de l'alignement des wafers \u00e0 la d\u00e9coupe de pr\u00e9cision, suivie d'un nettoyage et d'un s\u00e9chage int\u00e9gr\u00e9s. Cela r\u00e9duit consid\u00e9rablement les interventions manuelles, am\u00e9liore le rendement et garantit la stabilit\u00e9 des processus r\u00e9p\u00e9tables.<\/p>\n<p data-start=\"945\" data-end=\"1134\">Avec son empreinte compacte et sa conception structurelle robuste, le HP-1221 convient \u00e0 la fois aux lignes de production \u00e0 haut volume et aux applications sp\u00e9cialis\u00e9es exigeant une pr\u00e9cision et une fiabilit\u00e9 \u00e9lev\u00e9es.<\/p>\n<h2 data-section-id=\"1j5qwet\" data-start=\"1141\" data-end=\"1160\"><span role=\"text\">Caract\u00e9ristiques principales<\/span><\/h2>\n<h3 data-section-id=\"9cqnah\" data-start=\"1162\" data-end=\"1223\"><span role=\"text\">1. Structure \u00e0 double broche oppos\u00e9e pour un rendement \u00e9lev\u00e9<\/span><\/h3>\n<p data-start=\"1224\" data-end=\"1549\">La machine adopte une configuration avanc\u00e9e \u00e0 deux broches oppos\u00e9es. En r\u00e9duisant la distance entre les deux broches, le syst\u00e8me minimise les mouvements \u00e0 vide et am\u00e9liore consid\u00e9rablement l'efficacit\u00e9 de la coupe. Cette conception permet un fonctionnement continu et r\u00e9duit le temps de cycle, ce qui en fait la machine id\u00e9ale pour les environnements de production \u00e0 haut rendement.<\/p>\n<h3 data-section-id=\"eul68q\" data-start=\"1551\" data-end=\"1596\"><span role=\"text\">2. Processus int\u00e9gr\u00e9 enti\u00e8rement automatis\u00e9<\/span><\/h3>\n<p data-start=\"1597\" data-end=\"1658\">Le HP-1221 prend en charge un processus automatis\u00e9 complet, y compris :<\/p>\n<ul data-start=\"1659\" data-end=\"1796\">\n<li data-section-id=\"aswsbm\" data-start=\"1659\" data-end=\"1700\">Chargement et d\u00e9chargement automatiques des plaquettes<\/li>\n<li data-section-id=\"pbe6aq\" data-start=\"1701\" data-end=\"1729\">Alignement de haute pr\u00e9cision<\/li>\n<li data-section-id=\"1mrcdix\" data-start=\"1730\" data-end=\"1761\">Op\u00e9ration de d\u00e9coupe contr\u00f4l\u00e9e<\/li>\n<li data-section-id=\"n3oef2\" data-start=\"1762\" data-end=\"1796\">Nettoyage et s\u00e9chage int\u00e9gr\u00e9s<\/li>\n<\/ul>\n<p data-start=\"1798\" data-end=\"1916\">Ce niveau d'automatisation permet non seulement d'am\u00e9liorer la productivit\u00e9, mais aussi de r\u00e9duire la d\u00e9pendance \u00e0 l'\u00e9gard des op\u00e9rateurs et les erreurs d'origine humaine.<\/p>\n<h3 data-section-id=\"lxacqp\" data-start=\"1918\" data-end=\"1975\"><span role=\"text\">3. Syst\u00e8me d'alignement et d'inspection de haute pr\u00e9cision<\/span><\/h3>\n<p data-start=\"1976\" data-end=\"2071\">\u00c9quip\u00e9 d'une configuration \u00e0 double microscope (fort et faible grossissement), le syst\u00e8me assure :<\/p>\n<ul data-start=\"2072\" data-end=\"2185\">\n<li data-section-id=\"9rivzh\" data-start=\"2072\" data-end=\"2109\">Alignement rapide et pr\u00e9cis des wafers<\/li>\n<li data-section-id=\"1dbri94\" data-start=\"2110\" data-end=\"2149\">V\u00e9rification de la trajectoire de coupe en temps r\u00e9el<\/li>\n<li data-section-id=\"pu471d\" data-start=\"2150\" data-end=\"2185\">Inspection \u00e0 haute r\u00e9solution de la surface de coupe<\/li>\n<\/ul>\n<p data-start=\"2187\" data-end=\"2332\">Cette caract\u00e9ristique est essentielle pour maintenir des tol\u00e9rances serr\u00e9es et garantir une qualit\u00e9 de coupe constante, en particulier pour les dispositifs semi-conducteurs avanc\u00e9s.<\/p>\n<h3 data-section-id=\"6vpx24\" data-start=\"2334\" data-end=\"2385\"><span role=\"text\">4. Fonction de dressage de la lame assist\u00e9e Sub-C\/T<\/span><\/h3>\n<p data-start=\"2386\" data-end=\"2506\">La fonction int\u00e9gr\u00e9e de dressage de la lame Sub-C\/T permet de maintenir un aff\u00fbtage optimal de la lame pendant l'utilisation. Cela se traduit par :<\/p>\n<ul data-start=\"2507\" data-end=\"2605\">\n<li data-section-id=\"sjm708\" data-start=\"2507\" data-end=\"2543\">Am\u00e9lioration de la qualit\u00e9 de la surface de coupe<\/li>\n<li data-section-id=\"1iinss9\" data-start=\"2544\" data-end=\"2581\">R\u00e9duction de l'\u00e9caillage et des microfissures<\/li>\n<li data-section-id=\"yt2sjr\" data-start=\"2582\" data-end=\"2605\">Dur\u00e9e de vie prolong\u00e9e de la lame<\/li>\n<\/ul>\n<p data-start=\"2607\" data-end=\"2688\">En fin de compte, cela contribue \u00e0 r\u00e9duire les co\u00fbts d'exploitation et \u00e0 augmenter le rendement des produits.<\/p>\n<h3 data-section-id=\"ga4x9p\" data-start=\"2690\" data-end=\"2735\"><span role=\"text\">5. Buse de nettoyage bi-fluide en option<\/span><\/h3>\n<p data-start=\"2736\" data-end=\"2999\">Une buse bi-fluide air-eau optionnelle peut \u00eatre install\u00e9e au niveau de la zone de coupe pour am\u00e9liorer les performances de nettoyage apr\u00e8s le d\u00e9coupage. Cela permet d'\u00e9liminer efficacement les d\u00e9bris et les particules, d'am\u00e9liorer la propret\u00e9 des plaquettes et de r\u00e9duire les risques de contamination dans les processus en aval.<\/p>\n<h2 data-section-id=\"id1bjs\" data-start=\"3006\" data-end=\"3037\"><span role=\"text\">Sp\u00e9cifications techniques<\/span><\/h2>\n<div class=\"TyagGW_tableContainer\">\n<div class=\"group TyagGW_tableWrapper flex flex-col-reverse w-fit\" tabindex=\"-1\">\n<table class=\"w-fit min-w-(--thread-content-width)\" data-start=\"3039\" data-end=\"3439\">\n<thead data-start=\"3039\" data-end=\"3076\">\n<tr data-start=\"3039\" data-end=\"3076\">\n<th class=\"\" data-start=\"3039\" data-end=\"3055\" data-col-size=\"sm\">Param\u00e8tres<\/th>\n<th class=\"\" data-start=\"3055\" data-end=\"3076\" data-col-size=\"md\">Sp\u00e9cifications<\/th>\n<\/tr>\n<\/thead>\n<tbody data-start=\"3113\" data-end=\"3439\">\n<tr data-start=\"3113\" data-end=\"3183\">\n<td data-start=\"3113\" data-end=\"3137\" data-col-size=\"sm\">Puissance \/ vitesse de la broche<\/td>\n<td data-col-size=\"md\" data-start=\"3137\" data-end=\"3183\">1,8 kW \/ 2,2 kW (en option), 6000-60000 tr\/min<\/td>\n<\/tr>\n<tr data-start=\"3184\" data-end=\"3210\">\n<td data-start=\"3184\" data-end=\"3198\" data-col-size=\"sm\">Taille de la bride<\/td>\n<td data-start=\"3198\" data-end=\"3210\" data-col-size=\"md\">2 pouces<\/td>\n<\/tr>\n<tr data-start=\"3211\" data-end=\"3280\">\n<td data-start=\"3211\" data-end=\"3236\" data-col-size=\"sm\">Taille maximale de la pi\u00e8ce<\/td>\n<td data-col-size=\"md\" data-start=\"3236\" data-end=\"3280\">Rond : \u00d8300 mm \/ Carr\u00e9 : 254 mm \u00d7 254 mm<\/td>\n<\/tr>\n<tr data-start=\"3281\" data-end=\"3374\">\n<td data-start=\"3281\" data-end=\"3308\" data-col-size=\"sm\">Configuration du microscope<\/td>\n<td data-col-size=\"md\" data-start=\"3308\" data-end=\"3374\">Fort grossissement : 7,5\u00d7 \/ Faible grossissement : 0,75\u00d7 (en option)<\/td>\n<\/tr>\n<tr data-start=\"3375\" data-end=\"3439\">\n<td data-start=\"3375\" data-end=\"3408\" data-col-size=\"sm\">Dimensions de la machine (L \u00d7 P \u00d7 H)<\/td>\n<td data-col-size=\"md\" data-start=\"3408\" data-end=\"3439\">1285 mm \u00d7 1590 mm \u00d7 1860 mm<\/td>\n<\/tr>\n<\/tbody>\n<\/table>\n<\/div>\n<\/div>\n<h2 data-section-id=\"k0zlak\" data-start=\"3446\" data-end=\"3465\"><span role=\"text\">Applications<\/span><\/h2>\n<p data-start=\"3467\" data-end=\"3597\">Le HP-1221 est con\u00e7u pour r\u00e9pondre aux exigences de diverses applications dans le domaine des semi-conducteurs et des mat\u00e9riaux avanc\u00e9s, notamment :<\/p>\n<ul data-start=\"3599\" data-end=\"3832\">\n<li data-section-id=\"18mr094\" data-start=\"3599\" data-end=\"3653\">D\u00e9coupage de tranches de silicium pour circuits int\u00e9gr\u00e9s (CI)<\/li>\n<li data-section-id=\"dejbgx\" data-start=\"3654\" data-end=\"3704\">Traitement des plaquettes de dispositifs de puissance (par exemple, SiC, GaN)<\/li>\n<li data-section-id=\"haep52\" data-start=\"3705\" data-end=\"3732\">Fabrication de dispositifs MEMS<\/li>\n<li data-section-id=\"3caph5\" data-start=\"3733\" data-end=\"3773\">D\u00e9coupe de plaquettes LED et opto\u00e9lectroniques<\/li>\n<li data-section-id=\"d7piqk\" data-start=\"3774\" data-end=\"3832\">Proc\u00e9d\u00e9s d'emballage avanc\u00e9s et d'emballage au niveau de la plaquette<\/li>\n<\/ul>\n<p data-start=\"3834\" data-end=\"3945\">Sa compatibilit\u00e9 avec les wafers jusqu'\u00e0 12 pouces le rend adapt\u00e9 aux n\u0153uds de fabrication matures et avanc\u00e9s.<\/p>\n<p data-start=\"3834\" data-end=\"3945\"><img decoding=\"async\" class=\"wp-image-2146 size-large aligncenter\" src=\"https:\/\/www.zmsh-semitech.com\/wp-content\/uploads\/2026\/04\/applications-1024x683.png\" alt=\"\" width=\"1024\" height=\"683\" srcset=\"https:\/\/www.zmsh-semitech.com\/wp-content\/uploads\/2026\/04\/applications-1024x683.png 1024w, https:\/\/www.zmsh-semitech.com\/wp-content\/uploads\/2026\/04\/applications-300x200.png 300w, https:\/\/www.zmsh-semitech.com\/wp-content\/uploads\/2026\/04\/applications-768x512.png 768w, https:\/\/www.zmsh-semitech.com\/wp-content\/uploads\/2026\/04\/applications-18x12.png 18w, https:\/\/www.zmsh-semitech.com\/wp-content\/uploads\/2026\/04\/applications-600x400.png 600w, https:\/\/www.zmsh-semitech.com\/wp-content\/uploads\/2026\/04\/applications.png 1536w\" sizes=\"(max-width: 1024px) 100vw, 1024px\" \/><\/p>\n<h2 data-section-id=\"dfn86d\" data-start=\"3952\" data-end=\"3981\"><span role=\"text\">Avantages en termes de performances<\/span><\/h2>\n<h3 data-section-id=\"4ffxha\" data-start=\"3983\" data-end=\"4021\"><span role=\"text\">Am\u00e9lioration du rendement et de la fiabilit\u00e9<\/span><\/h3>\n<p data-start=\"4022\" data-end=\"4180\">La pr\u00e9cision de l'alignement et la stabilit\u00e9 des performances de la broche permettent de minimiser l'\u00e9caillage des ar\u00eates et d'obtenir des surfaces de coupe de haute qualit\u00e9, ce qui contribue directement \u00e0 l'am\u00e9lioration du rendement de l'appareil.<\/p>\n<h3 data-section-id=\"jjig1u\" data-start=\"4182\" data-end=\"4205\"><span role=\"text\">Haut d\u00e9bit<\/span><\/h3>\n<p data-start=\"4206\" data-end=\"4360\">La conception \u00e0 double broche et la r\u00e9duction du temps de cycle permettent un traitement plus rapide sans compromettre la pr\u00e9cision, ce qui rend le syst\u00e8me id\u00e9al pour la production \u00e0 grande \u00e9chelle.<\/p>\n<h3 data-section-id=\"19co6zs\" data-start=\"4362\" data-end=\"4387\"><span role=\"text\">Stabilit\u00e9 du processus<\/span><\/h3>\n<p data-start=\"4388\" data-end=\"4552\">L'automatisation int\u00e9gr\u00e9e et les syst\u00e8mes de contr\u00f4le intelligents garantissent des performances constantes sur de longs cycles de production, r\u00e9duisant la variabilit\u00e9 et am\u00e9liorant la r\u00e9p\u00e9tabilit\u00e9.<\/p>\n<h3 data-section-id=\"kl9wyi\" data-start=\"4554\" data-end=\"4577\"><span role=\"text\">Rapport co\u00fbt-efficacit\u00e9<\/span><\/h3>\n<p data-start=\"4578\" data-end=\"4719\">Des caract\u00e9ristiques telles que le dressage des lames et un nettoyage efficace r\u00e9duisent l'utilisation des consommables et la fr\u00e9quence de la maintenance, diminuant ainsi les co\u00fbts d'exploitation globaux.<\/p>\n<h2 data-section-id=\"1a9ho2z\" data-start=\"4726\" data-end=\"4751\"><span role=\"text\">Pourquoi choisir HP-1221<\/span><\/h2>\n<p data-start=\"4753\" data-end=\"4851\">La HP-1221 se distingue comme une solution fiable et \u00e9volutive de d\u00e9coupage des plaquettes pour les fabricants \u00e0 la recherche de.. :<\/p>\n<ul data-start=\"4852\" data-end=\"5032\">\n<li data-section-id=\"1ti9b6v\" data-start=\"4852\" data-end=\"4891\">Haute pr\u00e9cision dans la singularisation des gaufrettes<\/li>\n<li data-section-id=\"1dl33s4\" data-start=\"4892\" data-end=\"4937\">Processus automatis\u00e9s et ind\u00e9pendants de l'op\u00e9rateur<\/li>\n<li data-section-id=\"yvb4oy\" data-start=\"4938\" data-end=\"4979\">Compatibilit\u00e9 avec les mat\u00e9riaux avanc\u00e9s<\/li>\n<li data-section-id=\"w5xhf\" data-start=\"4980\" data-end=\"5032\">Rentabilit\u00e9 \u00e0 long terme et performances stables<\/li>\n<\/ul>\n<p data-start=\"5034\" data-end=\"5181\">Sa combinaison d'ing\u00e9nierie avanc\u00e9e, d'automatisation et de conception orient\u00e9e vers l'utilisateur en fait un compl\u00e9ment pr\u00e9cieux \u00e0 toute ligne de fabrication de semi-conducteurs.<\/p>\n<h2 data-section-id=\"1nqqsko\" data-start=\"72\" data-end=\"111\"><span role=\"text\"><strong data-start=\"75\" data-end=\"111\">FAQ<\/strong><\/span><\/h2>\n<h3 data-section-id=\"qm5bkh\" data-start=\"113\" data-end=\"171\"><span role=\"text\"><strong data-start=\"117\" data-end=\"169\">1. Quels types de plaquettes la HP-1221 peut-elle traiter ?<\/strong><\/span><\/h3>\n<p data-start=\"172\" data-end=\"419\">La HP-1221 est con\u00e7ue pour traiter une large gamme de mat\u00e9riaux de plaquettes utilis\u00e9s dans la fabrication de semi-conducteurs et d'\u00e9lectronique avanc\u00e9e. Il s'agit notamment du silicium (Si), du carbure de silicium (SiC), du nitrure de gallium (GaN) et d'autres mat\u00e9riaux semi-conducteurs compos\u00e9s.<\/p>\n<p data-start=\"421\" data-end=\"640\">Gr\u00e2ce \u00e0 sa vitesse de broche \u00e9lev\u00e9e (jusqu'\u00e0 60 000 tr\/min) et \u00e0 ses performances de coupe stables, le syst\u00e8me est capable d'usiner aussi bien des mat\u00e9riaux standard que des mat\u00e9riaux durs et cassants, tout en conservant une excellente qualit\u00e9 d'ar\u00eate et un minimum d'\u00e9caillage.<\/p>\n<h3 data-section-id=\"ojbbsf\" data-start=\"647\" data-end=\"723\"><span role=\"text\"><strong data-start=\"651\" data-end=\"721\">2. Comment le syst\u00e8me \u00e0 double broche am\u00e9liore-t-il l'efficacit\u00e9 de la production ?<\/strong><\/span><\/h3>\n<p data-start=\"724\" data-end=\"950\">La structure \u00e0 double broche oppos\u00e9e r\u00e9duit consid\u00e9rablement les mouvements non productifs pendant les op\u00e9rations. En minimisant la distance entre les axes de coupe, le syst\u00e8me peut effectuer des transitions plus rapides et des op\u00e9rations de coupe en continu.<\/p>\n<p data-start=\"952\" data-end=\"968\">Il en r\u00e9sulte que :<\/p>\n<ul data-start=\"969\" data-end=\"1049\">\n<li data-section-id=\"37o5kr\" data-start=\"969\" data-end=\"992\">Des temps de cycle plus courts<\/li>\n<li data-section-id=\"r0gau3\" data-start=\"993\" data-end=\"1014\">D\u00e9bit plus \u00e9lev\u00e9<\/li>\n<li data-section-id=\"38pfee\" data-start=\"1015\" data-end=\"1049\">Am\u00e9lioration de l'utilisation des \u00e9quipements<\/li>\n<\/ul>\n<p data-start=\"1051\" data-end=\"1174\">Par rapport aux syst\u00e8mes monobroches, la HP-1221 offre une solution plus efficace pour les applications de d\u00e9coupe de plaquettes en grand volume.<\/p>\n<h3 data-section-id=\"1t8g62q\" data-start=\"1181\" data-end=\"1251\"><span role=\"text\"><strong data-start=\"1185\" data-end=\"1249\">3. Comment la machine assure-t-elle la pr\u00e9cision et la qualit\u00e9 de la coupe ?<\/strong><\/span><\/h3>\n<p data-start=\"1252\" data-end=\"1343\">La HP-1221 int\u00e8gre de nombreuses fonctionnalit\u00e9s pour garantir la pr\u00e9cision et la coh\u00e9rence, notamment<\/p>\n<ul data-start=\"1344\" data-end=\"1622\">\n<li data-section-id=\"1tq730p\" data-start=\"1344\" data-end=\"1418\">Syst\u00e8me \u00e0 double microscope pour un alignement pr\u00e9cis et une inspection en temps r\u00e9el<\/li>\n<li data-section-id=\"ks50qq\" data-start=\"1419\" data-end=\"1475\">Broche \u00e0 grande vitesse et \u00e0 faibles vibrations pour une coupe stable<\/li>\n<li data-section-id=\"f0nbeh\" data-start=\"1476\" data-end=\"1539\">Fonction de dressage de la lame Sub-C\/T pour maintenir l'aff\u00fbtage de la lame<\/li>\n<li data-section-id=\"1yz5992\" data-start=\"1540\" data-end=\"1622\">Syst\u00e8me de nettoyage \u00e0 deux fluides en option pour \u00e9liminer les d\u00e9bris et pr\u00e9venir la contamination<\/li>\n<\/ul>\n<p data-start=\"1624\" data-end=\"1797\">Ces technologies combin\u00e9es permettent de garantir des tol\u00e9rances serr\u00e9es, des lignes de coupe nettes et une grande r\u00e9p\u00e9tabilit\u00e9, ce qui est essentiel pour maintenir le rendement dans la fabrication des semi-conducteurs.<\/p>","protected":false},"excerpt":{"rendered":"<p>La machine \u00e0 d\u00e9couper les wafers HP-1221 enti\u00e8rement automatique est une solution de haute efficacit\u00e9 et de pr\u00e9cision con\u00e7ue pour les processus d'individualisation des wafers de semi-conducteurs. Supportant des wafers jusqu'\u00e0 12 pouces (300 mm), ce syst\u00e8me int\u00e8gre une automatisation avanc\u00e9e, une technologie de coupe \u00e0 double broche et des syst\u00e8mes d'alignement intelligents pour fournir une pr\u00e9cision de coupe, un d\u00e9bit et une coh\u00e9rence sup\u00e9rieurs.<\/p>","protected":false},"featured_media":2144,"comment_status":"open","ping_status":"closed","template":"","meta":{"site-sidebar-layout":"default","site-content-layout":"","ast-site-content-layout":"default","site-content-style":"default","site-sidebar-style":"default","ast-global-header-display":"","ast-banner-title-visibility":"","ast-main-header-display":"","ast-hfb-above-header-display":"","ast-hfb-below-header-display":"","ast-hfb-mobile-header-display":"","site-post-title":"","ast-breadcrumbs-content":"","ast-featured-img":"","footer-sml-layout":"","ast-disable-related-posts":"","theme-transparent-header-meta":"default","adv-header-id-meta":"","stick-header-meta":"default","header-above-stick-meta":"","header-main-stick-meta":"","header-below-stick-meta":"","astra-migrate-meta-layouts":"set","ast-page-background-enabled":"default","ast-page-background-meta":{"desktop":{"background-color":"var(--ast-global-color-4)","background-image":"","background-repeat":"repeat","background-position":"center center","background-size":"auto","background-attachment":"scroll","background-type":"","background-media":"","overlay-type":"","overlay-color":"","overlay-opacity":"","overlay-gradient":""},"tablet":{"background-color":"","background-image":"","background-repeat":"repeat","background-position":"center center","background-size":"auto","background-attachment":"scroll","background-type":"","background-media":"","overlay-type":"","overlay-color":"","overlay-opacity":"","overlay-gradient":""},"mobile":{"background-color":"","background-image":"","background-repeat":"repeat","background-position":"center center","background-size":"auto","background-attachment":"scroll","background-type":"","background-media":"","overlay-type":"","overlay-color":"","overlay-opacity":"","overlay-gradient":""}},"ast-content-background-meta":{"desktop":{"background-color":"var(--ast-global-color-5)","background-image":"","background-repeat":"repeat","background-position":"center center","background-size":"auto","background-attachment":"scroll","background-type":"","background-media":"","overlay-type":"","overlay-color":"","overlay-opacity":"","overlay-gradient":""},"tablet":{"background-color":"var(--ast-global-color-5)","background-image":"","background-repeat":"repeat","background-position":"center center","background-size":"auto","background-attachment":"scroll","background-type":"","background-media":"","overlay-type":"","overlay-color":"","overlay-opacity":"","overlay-gradient":""},"mobile":{"background-color":"var(--ast-global-color-5)","background-image":"","background-repeat":"repeat","background-position":"center center","background-size":"auto","background-attachment":"scroll","background-type":"","background-media":"","overlay-type":"","overlay-color":"","overlay-opacity":"","overlay-gradient":""}}},"product_brand":[],"product_cat":[878],"product_tag":[541,888,882,880,440,883,887,885,447,881,739,683,884,879,886],"class_list":{"0":"post-2143","1":"product","2":"type-product","3":"status-publish","4":"has-post-thumbnail","6":"product_cat-dicing-equipment","7":"product_tag-12-inch-wafer-cutting","8":"product_tag-blade-dicing-machine","9":"product_tag-dual-spindle-dicing-saw","10":"product_tag-fully-automatic-dicing-machine","11":"product_tag-gan-wafer-cutting","12":"product_tag-high-precision-wafer-dicing","13":"product_tag-ic-wafer-singulation","14":"product_tag-led-wafer-cutting","15":"product_tag-mems-wafer-dicing","16":"product_tag-semiconductor-dicing-equipment","17":"product_tag-semiconductor-manufacturing-equipment","18":"product_tag-sic-wafer-dicing","19":"product_tag-silicon-wafer-cutting","20":"product_tag-wafer-dicing-machine","21":"product_tag-wafer-level-packaging-dicing","22":"desktop-align-left","23":"tablet-align-left","24":"mobile-align-left","25":"ast-product-gallery-layout-horizontal-slider","26":"ast-product-tabs-layout-horizontal","28":"first","29":"instock","30":"shipping-taxable","31":"product-type-simple"},"_links":{"self":[{"href":"https:\/\/www.zmsh-semitech.com\/fr\/wp-json\/wp\/v2\/product\/2143","targetHints":{"allow":["GET"]}}],"collection":[{"href":"https:\/\/www.zmsh-semitech.com\/fr\/wp-json\/wp\/v2\/product"}],"about":[{"href":"https:\/\/www.zmsh-semitech.com\/fr\/wp-json\/wp\/v2\/types\/product"}],"replies":[{"embeddable":true,"href":"https:\/\/www.zmsh-semitech.com\/fr\/wp-json\/wp\/v2\/comments?post=2143"}],"version-history":[{"count":2,"href":"https:\/\/www.zmsh-semitech.com\/fr\/wp-json\/wp\/v2\/product\/2143\/revisions"}],"predecessor-version":[{"id":2148,"href":"https:\/\/www.zmsh-semitech.com\/fr\/wp-json\/wp\/v2\/product\/2143\/revisions\/2148"}],"wp:featuredmedia":[{"embeddable":true,"href":"https:\/\/www.zmsh-semitech.com\/fr\/wp-json\/wp\/v2\/media\/2144"}],"wp:attachment":[{"href":"https:\/\/www.zmsh-semitech.com\/fr\/wp-json\/wp\/v2\/media?parent=2143"}],"wp:term":[{"taxonomy":"product_brand","embeddable":true,"href":"https:\/\/www.zmsh-semitech.com\/fr\/wp-json\/wp\/v2\/product_brand?post=2143"},{"taxonomy":"product_cat","embeddable":true,"href":"https:\/\/www.zmsh-semitech.com\/fr\/wp-json\/wp\/v2\/product_cat?post=2143"},{"taxonomy":"product_tag","embeddable":true,"href":"https:\/\/www.zmsh-semitech.com\/fr\/wp-json\/wp\/v2\/product_tag?post=2143"}],"curies":[{"name":"wp","href":"https:\/\/api.w.org\/{rel}","templated":true}]}}