{"id":2084,"date":"2026-04-03T02:35:11","date_gmt":"2026-04-03T02:35:11","guid":{"rendered":"https:\/\/www.zmsh-semitech.com\/?post_type=product&#038;p=2084"},"modified":"2026-04-03T02:36:56","modified_gmt":"2026-04-03T02:36:56","slug":"split-type-vertical-airflow-sic-epitaxy-equipment-for-6-8-epi-wafers","status":"publish","type":"product","link":"https:\/\/www.zmsh-semitech.com\/fr\/product\/split-type-vertical-airflow-sic-epitaxy-equipment-for-6-8-epi-wafers\/","title":{"rendered":"Equipement d'\u00e9pitaxie SiC \u00e0 flux d'air vertical pour plaques d'\u00e9pitaxie 6\u201d\/8"},"content":{"rendered":"<p data-start=\"207\" data-end=\"731\"><img fetchpriority=\"high\" decoding=\"async\" class=\"size-medium wp-image-2087 alignright\" src=\"https:\/\/www.zmsh-semitech.com\/wp-content\/uploads\/2026\/04\/Split-Type-Vertical-Airflow-SiC-Epitaxy-Equipment-for-68-Epi-Wafers-2-300x300.png\" alt=\"\" width=\"300\" height=\"300\" srcset=\"https:\/\/www.zmsh-semitech.com\/wp-content\/uploads\/2026\/04\/Split-Type-Vertical-Airflow-SiC-Epitaxy-Equipment-for-68-Epi-Wafers-2-300x300.png 300w, https:\/\/www.zmsh-semitech.com\/wp-content\/uploads\/2026\/04\/Split-Type-Vertical-Airflow-SiC-Epitaxy-Equipment-for-68-Epi-Wafers-2-150x150.png 150w, https:\/\/www.zmsh-semitech.com\/wp-content\/uploads\/2026\/04\/Split-Type-Vertical-Airflow-SiC-Epitaxy-Equipment-for-68-Epi-Wafers-2-768x768.png 768w, https:\/\/www.zmsh-semitech.com\/wp-content\/uploads\/2026\/04\/Split-Type-Vertical-Airflow-SiC-Epitaxy-Equipment-for-68-Epi-Wafers-2-12x12.png 12w, https:\/\/www.zmsh-semitech.com\/wp-content\/uploads\/2026\/04\/Split-Type-Vertical-Airflow-SiC-Epitaxy-Equipment-for-68-Epi-Wafers-2-600x600.png 600w, https:\/\/www.zmsh-semitech.com\/wp-content\/uploads\/2026\/04\/Split-Type-Vertical-Airflow-SiC-Epitaxy-Equipment-for-68-Epi-Wafers-2-100x100.png 100w, https:\/\/www.zmsh-semitech.com\/wp-content\/uploads\/2026\/04\/Split-Type-Vertical-Airflow-SiC-Epitaxy-Equipment-for-68-Epi-Wafers-2.png 1000w\" sizes=\"(max-width: 300px) 100vw, 300px\" \/>L'\u00e9quipement d'\u00e9pitaxie de carbure de silicium (SiC) \u00e0 flux d'air vertical de type divis\u00e9 est un syst\u00e8me de croissance \u00e9pitaxiale avanc\u00e9 con\u00e7u pour la production \u00e0 haut rendement de plaques \u00e9pitaxi\u00e9es de SiC de 6 et 8 pouces. Dot\u00e9 d'une architecture modulaire de type split, l'alimentation \u00e9lectrique, les modules d'\u00e9chappement et les modules EFEM\/PM\/TM peuvent \u00eatre install\u00e9s ind\u00e9pendamment dans les zones grises ou les mezzanines. Cette flexibilit\u00e9 permet une int\u00e9gration transparente dans les environnements de fabrication modernes tout en conservant une capacit\u00e9 d'automatisation compl\u00e8te gr\u00e2ce au module SMIF et \u00e0 la liaison avec les ponts roulants.<\/p>\n<p data-start=\"733\" data-end=\"1139\">L'\u00e9quipement int\u00e8gre une conception innovante de flux d'air vertical combin\u00e9e \u00e0 un contr\u00f4le multizone du champ de temp\u00e9rature, garantissant une \u00e9paisseur uniforme et une concentration de dopage stable, essentielles pour les dispositifs de puissance SiC \u00e0 haute performance. L'automatisation compl\u00e8te, y compris la manipulation des plaquettes EFEM et le transfert des plaquettes \u00e0 haute temp\u00e9rature, r\u00e9duit les interventions manuelles, renforce la coh\u00e9rence du processus et am\u00e9liore l'efficacit\u00e9 op\u00e9rationnelle.<\/p>\n<p data-start=\"1141\" data-end=\"1628\">Le syst\u00e8me prend en charge le fonctionnement continu multi-fourneaux \u00e0 double chambre, permettant de produire plus de 1 100 plaquettes par mois et jusqu'\u00e0 1 200 plaquettes par mois gr\u00e2ce \u00e0 l'optimisation du processus. Sa conception est enti\u00e8rement compatible avec les plaquettes de 6 et 8 pouces, ce qui offre une certaine souplesse aux fabricants qui passent \u00e0 des plaquettes de plus grande taille. En outre, l'\u00e9quipement est capable de r\u00e9aliser la croissance de couches \u00e9paisses \u00e0 haute pression et l'\u00e9pitaxie par remplissage de tranch\u00e9es, ce qui le rend adapt\u00e9 aux dispositifs SiC avanc\u00e9s \u00e0 haute tension et \u00e0 haute puissance.<\/p>\n<p data-start=\"1630\" data-end=\"1829\">La construction robuste de type split garantit une faible densit\u00e9 de d\u00e9fauts, un rendement \u00e9lev\u00e9, une maintenance simplifi\u00e9e et une fiabilit\u00e9 \u00e0 long terme, minimisant ainsi le co\u00fbt total de possession pour les fabricants de semi-conducteurs.<\/p>\n<h3 data-section-id=\"xj0uai\" data-start=\"1836\" data-end=\"1866\"><img decoding=\"async\" class=\"size-medium wp-image-2091 alignright\" src=\"https:\/\/www.zmsh-semitech.com\/wp-content\/uploads\/2026\/04\/Split-Type-Vertical-Airflow-SiC-Epitaxy-Equipment-for-68-Epi-Wafers-3-1-300x300.png\" alt=\"\" width=\"300\" height=\"300\" srcset=\"https:\/\/www.zmsh-semitech.com\/wp-content\/uploads\/2026\/04\/Split-Type-Vertical-Airflow-SiC-Epitaxy-Equipment-for-68-Epi-Wafers-3-1-300x300.png 300w, https:\/\/www.zmsh-semitech.com\/wp-content\/uploads\/2026\/04\/Split-Type-Vertical-Airflow-SiC-Epitaxy-Equipment-for-68-Epi-Wafers-3-1-150x150.png 150w, https:\/\/www.zmsh-semitech.com\/wp-content\/uploads\/2026\/04\/Split-Type-Vertical-Airflow-SiC-Epitaxy-Equipment-for-68-Epi-Wafers-3-1-768x768.png 768w, https:\/\/www.zmsh-semitech.com\/wp-content\/uploads\/2026\/04\/Split-Type-Vertical-Airflow-SiC-Epitaxy-Equipment-for-68-Epi-Wafers-3-1-12x12.png 12w, https:\/\/www.zmsh-semitech.com\/wp-content\/uploads\/2026\/04\/Split-Type-Vertical-Airflow-SiC-Epitaxy-Equipment-for-68-Epi-Wafers-3-1-600x600.png 600w, https:\/\/www.zmsh-semitech.com\/wp-content\/uploads\/2026\/04\/Split-Type-Vertical-Airflow-SiC-Epitaxy-Equipment-for-68-Epi-Wafers-3-1-100x100.png 100w, https:\/\/www.zmsh-semitech.com\/wp-content\/uploads\/2026\/04\/Split-Type-Vertical-Airflow-SiC-Epitaxy-Equipment-for-68-Epi-Wafers-3-1.png 1000w\" sizes=\"(max-width: 300px) 100vw, 300px\" \/>Principaux avantages techniques<\/h3>\n<ul data-start=\"1867\" data-end=\"2438\">\n<li data-section-id=\"wpnig9\" data-start=\"1867\" data-end=\"1961\">Conception modulaire en deux parties pour une installation ind\u00e9pendante des modules d'alimentation, d'\u00e9chappement et EFEM<\/li>\n<li data-section-id=\"151uc73\" data-start=\"1962\" data-end=\"2039\">Douchette \u00e0 flux d'air vertical pour une distribution uniforme du gaz sur toute la surface de la plaquette<\/li>\n<li data-section-id=\"1lzu0dd\" data-start=\"2040\" data-end=\"2105\">Contr\u00f4le de la temp\u00e9rature multizone pour une gestion thermique pr\u00e9cise<\/li>\n<li data-section-id=\"c5t7pm\" data-start=\"2106\" data-end=\"2167\">Configuration \u00e0 deux chambres pour une production \u00e0 haut d\u00e9bit<\/li>\n<li data-section-id=\"rs6yfl\" data-start=\"2168\" data-end=\"2217\">Faible densit\u00e9 de d\u00e9fauts et rendement \u00e9lev\u00e9<\/li>\n<li data-section-id=\"1rmzhz1\" data-start=\"2218\" data-end=\"2293\">Manipulation de gaufrettes enti\u00e8rement automatis\u00e9e avec EFEM et int\u00e9gration d'un pont roulant<\/li>\n<li data-section-id=\"1o0wgtg\" data-start=\"2294\" data-end=\"2334\">Compatible avec les wafers SiC de 6 et 8 pouces<\/li>\n<li data-section-id=\"1vtm55j\" data-start=\"2335\" data-end=\"2390\">Optimis\u00e9 pour l'\u00e9pitaxie de couches \u00e9paisses et de remplissage de tranch\u00e9es<\/li>\n<li data-section-id=\"1usg9u4\" data-start=\"2391\" data-end=\"2438\">Fiabilit\u00e9 \u00e9lev\u00e9e et maintenance simplifi\u00e9e<\/li>\n<\/ul>\n<h3 data-section-id=\"4v9b11\" data-start=\"2445\" data-end=\"2470\">Performance du processus<\/h3>\n<div class=\"TyagGW_tableContainer\">\n<div class=\"group TyagGW_tableWrapper flex flex-col-reverse w-fit\" tabindex=\"-1\">\n<table class=\"w-fit min-w-(--thread-content-width)\" data-start=\"2472\" data-end=\"3023\">\n<thead data-start=\"2472\" data-end=\"2501\">\n<tr data-start=\"2472\" data-end=\"2501\">\n<th class=\"\" data-start=\"2472\" data-end=\"2484\" data-col-size=\"sm\">Param\u00e8tres<\/th>\n<th class=\"\" data-start=\"2484\" data-end=\"2501\" data-col-size=\"md\">Sp\u00e9cifications<\/th>\n<\/tr>\n<\/thead>\n<tbody data-start=\"2532\" data-end=\"3023\">\n<tr data-start=\"2532\" data-end=\"2620\">\n<td data-start=\"2532\" data-end=\"2545\" data-col-size=\"sm\">D\u00e9bit<\/td>\n<td data-start=\"2545\" data-end=\"2620\" data-col-size=\"md\">\u22651100 plaquettes\/mois (chambres doubles), jusqu'\u00e0 1200 plaquettes\/mois (optimis\u00e9)<\/td>\n<\/tr>\n<tr data-start=\"2621\" data-end=\"2674\">\n<td data-start=\"2621\" data-end=\"2648\" data-col-size=\"sm\">Compatibilit\u00e9 avec la taille des plaquettes<\/td>\n<td data-col-size=\"md\" data-start=\"2648\" data-end=\"2674\">6\u201d \/ 8\u201d SiC epi-wafers<\/td>\n<\/tr>\n<tr data-start=\"2675\" data-end=\"2711\">\n<td data-start=\"2675\" data-end=\"2697\" data-col-size=\"sm\">Contr\u00f4le de la temp\u00e9rature<\/td>\n<td data-col-size=\"md\" data-start=\"2697\" data-end=\"2711\">Multizone<\/td>\n<\/tr>\n<tr data-start=\"2712\" data-end=\"2771\">\n<td data-start=\"2712\" data-end=\"2729\" data-col-size=\"sm\">Syst\u00e8me de d\u00e9bit d'air<\/td>\n<td data-col-size=\"md\" data-start=\"2729\" data-end=\"2771\">Flux d'air multizone r\u00e9glable verticalement<\/td>\n<\/tr>\n<tr data-start=\"2772\" data-end=\"2803\">\n<td data-start=\"2772\" data-end=\"2789\" data-col-size=\"sm\">Vitesse de rotation<\/td>\n<td data-col-size=\"md\" data-start=\"2789\" data-end=\"2803\">0-1000 tr\/min<\/td>\n<\/tr>\n<tr data-start=\"2804\" data-end=\"2837\">\n<td data-start=\"2804\" data-end=\"2822\" data-col-size=\"sm\">Taux de croissance maximal<\/td>\n<td data-col-size=\"md\" data-start=\"2822\" data-end=\"2837\">\u226560 \u03bcm\/heure<\/td>\n<\/tr>\n<tr data-start=\"2838\" data-end=\"2899\">\n<td data-start=\"2838\" data-end=\"2861\" data-col-size=\"sm\">Uniformit\u00e9 de l'\u00e9paisseur<\/td>\n<td data-col-size=\"md\" data-start=\"2861\" data-end=\"2899\">\u22642% (optimis\u00e9 \u22641%, \u03c3\/avg, EE 5mm)<\/td>\n<\/tr>\n<tr data-start=\"2900\" data-end=\"2960\">\n<td data-start=\"2900\" data-end=\"2920\" data-col-size=\"sm\">Uniformit\u00e9 du dopage<\/td>\n<td data-col-size=\"md\" data-start=\"2920\" data-end=\"2960\">\u22643% (optimis\u00e9 \u22641.5%, \u03c3\/avg, EE 5mm)<\/td>\n<\/tr>\n<tr data-start=\"2961\" data-end=\"3023\">\n<td data-start=\"2961\" data-end=\"2985\" data-col-size=\"sm\">Densit\u00e9 de d\u00e9fauts mortels<\/td>\n<td data-col-size=\"md\" data-start=\"2985\" data-end=\"3023\">\u22640,2 cm-\u00b2 (optimis\u00e9 \u00e0 0,01 cm-\u00b2)<\/td>\n<\/tr>\n<\/tbody>\n<\/table>\n<\/div>\n<\/div>\n<h3 data-section-id=\"mn7c2p\" data-start=\"3030\" data-end=\"3057\">Sc\u00e9narios d'application<\/h3>\n<p data-start=\"3059\" data-end=\"3280\">L'\u00e9quipement d'\u00e9pitaxie SiC \u00e0 flux d'air vertical de type split est largement utilis\u00e9 dans la fabrication de semi-conducteurs SiC \u00e0 haute performance, en particulier dans les industries exigeant un rendement \u00e9lev\u00e9, une tension \u00e9lev\u00e9e et des performances thermiques \u00e9lev\u00e9es :<\/p>\n<p data-start=\"3282\" data-end=\"3471\"><strong data-start=\"3282\" data-end=\"3309\">V\u00e9hicules \u00e9lectriques (VE)<\/strong><br data-start=\"3309\" data-end=\"3312\" \/>Utilis\u00e9 dans la production de MOSFET SiC et de modules de puissance pour les onduleurs, les chargeurs embarqu\u00e9s et les convertisseurs DC-DC, am\u00e9liorant l'efficacit\u00e9 \u00e9nerg\u00e9tique et l'autonomie.<\/p>\n<p data-start=\"3473\" data-end=\"3622\"><strong data-start=\"3473\" data-end=\"3501\">Syst\u00e8mes d'\u00e9nergie renouvelable<\/strong><br data-start=\"3501\" data-end=\"3504\" \/>Appliqu\u00e9 dans les onduleurs photovolta\u00efques et les syst\u00e8mes de stockage d'\u00e9nergie, il permet d'am\u00e9liorer l'efficacit\u00e9 et la fiabilit\u00e9 de la conversion.<\/p>\n<p data-start=\"3624\" data-end=\"3794\"><strong data-start=\"3624\" data-end=\"3656\">\u00c9lectronique de puissance industrielle<\/strong><br data-start=\"3656\" data-end=\"3659\" \/>Convient aux entra\u00eenements de moteurs de forte puissance, aux syst\u00e8mes d'automatisation industrielle et aux unit\u00e9s d'alimentation \u00e9lectrique n\u00e9cessitant un fonctionnement stable et efficace.<\/p>\n<p data-start=\"3796\" data-end=\"3957\"><strong data-start=\"3796\" data-end=\"3826\">Transport ferroviaire et r\u00e9seaux \u00e9lectriques<\/strong><br data-start=\"3826\" data-end=\"3829\" \/>Prend en charge les appareils haute tension et haute fr\u00e9quence utilis\u00e9s dans les r\u00e9seaux intelligents, les syst\u00e8mes de traction et les infrastructures de transmission d'\u00e9nergie.<\/p>\n<p data-start=\"3959\" data-end=\"4113\"><strong data-start=\"3959\" data-end=\"3985\">Appareils de puissance haut de gamme<\/strong><br data-start=\"3985\" data-end=\"3988\" \/>Id\u00e9al pour la fabrication de dispositifs SiC avanc\u00e9s tels que les diodes Schottky, les MOSFET et les composants haute tension de la prochaine g\u00e9n\u00e9ration.<\/p>\n<p data-start=\"3959\" data-end=\"4113\"><img decoding=\"async\" class=\"wp-image-2080 size-large aligncenter\" src=\"https:\/\/www.zmsh-semitech.com\/wp-content\/uploads\/2026\/04\/application-1024x578.png\" alt=\"\" width=\"1024\" height=\"578\" srcset=\"https:\/\/www.zmsh-semitech.com\/wp-content\/uploads\/2026\/04\/application-1024x578.png 1024w, https:\/\/www.zmsh-semitech.com\/wp-content\/uploads\/2026\/04\/application-300x169.png 300w, https:\/\/www.zmsh-semitech.com\/wp-content\/uploads\/2026\/04\/application-768x433.png 768w, https:\/\/www.zmsh-semitech.com\/wp-content\/uploads\/2026\/04\/application-18x10.png 18w, https:\/\/www.zmsh-semitech.com\/wp-content\/uploads\/2026\/04\/application-600x339.png 600w, https:\/\/www.zmsh-semitech.com\/wp-content\/uploads\/2026\/04\/application.png 1285w\" sizes=\"(max-width: 1024px) 100vw, 1024px\" \/><\/p>\n<h3 data-section-id=\"6toqgg\" data-start=\"4120\" data-end=\"4129\">FAQ<\/h3>\n<p data-start=\"4131\" data-end=\"4359\"><strong data-start=\"4131\" data-end=\"4206\">1. Quelles tailles de plaquettes sont prises en charge par cet \u00e9quipement d'\u00e9pitaxie de type split ?<\/strong><br data-start=\"4206\" data-end=\"4209\" \/>Le syst\u00e8me prend en charge les plaquettes SiC de 6 et 8 pouces, ce qui permet aux fabricants de r\u00e9pondre aux demandes de production actuelles tout en se pr\u00e9parant \u00e0 l'\u00e9volution future.<\/p>\n<p data-start=\"4361\" data-end=\"4591\"><strong data-start=\"4361\" data-end=\"4417\">2. Quels sont les avantages de la conception en deux parties ?<\/strong><br data-start=\"4417\" data-end=\"4420\" \/>La conception modulaire permet l'installation ind\u00e9pendante des modules d'alimentation, d'\u00e9chappement et EFEM, ce qui am\u00e9liore la flexibilit\u00e9 de l'agencement de l'usine et la facilit\u00e9 d'entretien.<\/p>\n<p data-start=\"4593\" data-end=\"4809\"><strong data-start=\"4593\" data-end=\"4661\">3. Comment la conception du flux d'air vertical am\u00e9liore-t-elle la qualit\u00e9 de l'\u00e9pitaxie ?<\/strong><br data-start=\"4661\" data-end=\"4664\" \/>Le flux d'air vertical assure une distribution uniforme du gaz sur la tranche, ce qui permet d'obtenir une \u00e9paisseur constante, un dopage stable et une densit\u00e9 de d\u00e9fauts r\u00e9duite.<\/p>\n<p data-start=\"4811\" data-end=\"5053\"><strong data-start=\"4811\" data-end=\"4875\">4. Cet \u00e9quipement est-il adapt\u00e9 \u00e0 la fabrication en grande s\u00e9rie ?<\/strong><\/p>\n<p data-pm-slice=\"0 0 []\">Oui, la configuration \u00e0 double chambre permet un fonctionnement continu sur plusieurs fours, avec un d\u00e9bit sup\u00e9rieur \u00e0 1 100 plaquettes par mois, ce qui en fait la solution id\u00e9ale pour la production \u00e0 grande \u00e9chelle et garantit des plaquettes de haute qualit\u00e9 constante avec des temps d'arr\u00eat op\u00e9rationnels r\u00e9duits.<\/p>","protected":false},"excerpt":{"rendered":"<p>L'\u00e9quipement d'\u00e9pitaxie de carbure de silicium (SiC) \u00e0 flux d'air vertical de type divis\u00e9 est un syst\u00e8me de croissance \u00e9pitaxiale avanc\u00e9 con\u00e7u pour la production \u00e0 haut rendement de plaques \u00e9pitaxi\u00e9es de SiC de 6 et 8 pouces. Dot\u00e9 d'une architecture modulaire de type split, l'alimentation \u00e9lectrique, les modules d'\u00e9chappement et les modules EFEM\/PM\/TM peuvent \u00eatre install\u00e9s ind\u00e9pendamment dans les zones grises ou les mezzanines.<\/p>","protected":false},"featured_media":2087,"comment_status":"open","ping_status":"closed","template":"","meta":{"site-sidebar-layout":"default","site-content-layout":"","ast-site-content-layout":"default","site-content-style":"default","site-sidebar-style":"default","ast-global-header-display":"","ast-banner-title-visibility":"","ast-main-header-display":"","ast-hfb-above-header-display":"","ast-hfb-below-header-display":"","ast-hfb-mobile-header-display":"","site-post-title":"","ast-breadcrumbs-content":"","ast-featured-img":"","footer-sml-layout":"","ast-disable-related-posts":"","theme-transparent-header-meta":"default","adv-header-id-meta":"","stick-header-meta":"default","header-above-stick-meta":"","header-main-stick-meta":"","header-below-stick-meta":"","astra-migrate-meta-layouts":"set","ast-page-background-enabled":"default","ast-page-background-meta":{"desktop":{"background-color":"var(--ast-global-color-4)","background-image":"","background-repeat":"repeat","background-position":"center center","background-size":"auto","background-attachment":"scroll","background-type":"","background-media":"","overlay-type":"","overlay-color":"","overlay-opacity":"","overlay-gradient":""},"tablet":{"background-color":"","background-image":"","background-repeat":"repeat","background-position":"center center","background-size":"auto","background-attachment":"scroll","background-type":"","background-media":"","overlay-type":"","overlay-color":"","overlay-opacity":"","overlay-gradient":""},"mobile":{"background-color":"","background-image":"","background-repeat":"repeat","background-position":"center center","background-size":"auto","background-attachment":"scroll","background-type":"","background-media":"","overlay-type":"","overlay-color":"","overlay-opacity":"","overlay-gradient":""}},"ast-content-background-meta":{"desktop":{"background-color":"var(--ast-global-color-5)","background-image":"","background-repeat":"repeat","background-position":"center center","background-size":"auto","background-attachment":"scroll","background-type":"","background-media":"","overlay-type":"","overlay-color":"","overlay-opacity":"","overlay-gradient":""},"tablet":{"background-color":"var(--ast-global-color-5)","background-image":"","background-repeat":"repeat","background-position":"center center","background-size":"auto","background-attachment":"scroll","background-type":"","background-media":"","overlay-type":"","overlay-color":"","overlay-opacity":"","overlay-gradient":""},"mobile":{"background-color":"var(--ast-global-color-5)","background-image":"","background-repeat":"repeat","background-position":"center center","background-size":"auto","background-attachment":"scroll","background-type":"","background-media":"","overlay-type":"","overlay-color":"","overlay-opacity":"","overlay-gradient":""}}},"product_brand":[],"product_cat":[730],"product_tag":[615,616,485,751,752,756,749,759,744,750,753,755,758,757,748,746,754,741,747],"class_list":{"0":"post-2084","1":"product","2":"type-product","3":"status-publish","4":"has-post-thumbnail","6":"product_cat-epitaxy-equipment","7":"product_tag-6-inch-wafer","8":"product_tag-8-inch-wafer","9":"product_tag-automated-wafer-handling","10":"product_tag-dual-chamber","11":"product_tag-efem-integration","12":"product_tag-electric-vehicle","13":"product_tag-high-throughput","14":"product_tag-high-end-sic-devices","15":"product_tag-industrial-power-electronics","16":"product_tag-low-defect","17":"product_tag-multi-zone-temperature-control","18":"product_tag-power-semiconductor","19":"product_tag-rail-transit","20":"product_tag-renewable-energy","21":"product_tag-sic-epitaxy","22":"product_tag-split-type-sic-epitaxy-equipment","23":"product_tag-thick-film-epitaxy","24":"product_tag-trench-filling-epitaxy","25":"product_tag-vertical-airflow","26":"desktop-align-left","27":"tablet-align-left","28":"mobile-align-left","29":"ast-product-gallery-layout-horizontal-slider","30":"ast-product-tabs-layout-horizontal","32":"first","33":"instock","34":"shipping-taxable","35":"product-type-simple"},"_links":{"self":[{"href":"https:\/\/www.zmsh-semitech.com\/fr\/wp-json\/wp\/v2\/product\/2084","targetHints":{"allow":["GET"]}}],"collection":[{"href":"https:\/\/www.zmsh-semitech.com\/fr\/wp-json\/wp\/v2\/product"}],"about":[{"href":"https:\/\/www.zmsh-semitech.com\/fr\/wp-json\/wp\/v2\/types\/product"}],"replies":[{"embeddable":true,"href":"https:\/\/www.zmsh-semitech.com\/fr\/wp-json\/wp\/v2\/comments?post=2084"}],"version-history":[{"count":3,"href":"https:\/\/www.zmsh-semitech.com\/fr\/wp-json\/wp\/v2\/product\/2084\/revisions"}],"predecessor-version":[{"id":2093,"href":"https:\/\/www.zmsh-semitech.com\/fr\/wp-json\/wp\/v2\/product\/2084\/revisions\/2093"}],"wp:featuredmedia":[{"embeddable":true,"href":"https:\/\/www.zmsh-semitech.com\/fr\/wp-json\/wp\/v2\/media\/2087"}],"wp:attachment":[{"href":"https:\/\/www.zmsh-semitech.com\/fr\/wp-json\/wp\/v2\/media?parent=2084"}],"wp:term":[{"taxonomy":"product_brand","embeddable":true,"href":"https:\/\/www.zmsh-semitech.com\/fr\/wp-json\/wp\/v2\/product_brand?post=2084"},{"taxonomy":"product_cat","embeddable":true,"href":"https:\/\/www.zmsh-semitech.com\/fr\/wp-json\/wp\/v2\/product_cat?post=2084"},{"taxonomy":"product_tag","embeddable":true,"href":"https:\/\/www.zmsh-semitech.com\/fr\/wp-json\/wp\/v2\/product_tag?post=2084"}],"curies":[{"name":"wp","href":"https:\/\/api.w.org\/{rel}","templated":true}]}}