{"id":2077,"date":"2026-04-03T02:07:51","date_gmt":"2026-04-03T02:07:51","guid":{"rendered":"https:\/\/www.zmsh-semitech.com\/?post_type=product&#038;p=2077"},"modified":"2026-04-03T02:09:04","modified_gmt":"2026-04-03T02:09:04","slug":"integrated-vertical-airflow-sic-epitaxy-equipment-for-6-8-epi-wafers","status":"publish","type":"product","link":"https:\/\/www.zmsh-semitech.com\/fr\/product\/integrated-vertical-airflow-sic-epitaxy-equipment-for-6-8-epi-wafers\/","title":{"rendered":"\u00c9quipement d'\u00e9pitaxie SiC \u00e0 flux d'air vertical int\u00e9gr\u00e9 pour plaques d'\u00e9pitaxie 6\u201d\/8"},"content":{"rendered":"<p data-start=\"187\" data-end=\"641\"><img fetchpriority=\"high\" decoding=\"async\" class=\"size-medium wp-image-2079 alignright\" src=\"https:\/\/www.zmsh-semitech.com\/wp-content\/uploads\/2026\/04\/Integrated-Silicon-Carbide-Epitaxy-Equipment-with-Vertical-Airflow-300x300.png\" alt=\"\" width=\"300\" height=\"300\" srcset=\"https:\/\/www.zmsh-semitech.com\/wp-content\/uploads\/2026\/04\/Integrated-Silicon-Carbide-Epitaxy-Equipment-with-Vertical-Airflow-300x300.png 300w, https:\/\/www.zmsh-semitech.com\/wp-content\/uploads\/2026\/04\/Integrated-Silicon-Carbide-Epitaxy-Equipment-with-Vertical-Airflow-150x150.png 150w, https:\/\/www.zmsh-semitech.com\/wp-content\/uploads\/2026\/04\/Integrated-Silicon-Carbide-Epitaxy-Equipment-with-Vertical-Airflow-768x768.png 768w, https:\/\/www.zmsh-semitech.com\/wp-content\/uploads\/2026\/04\/Integrated-Silicon-Carbide-Epitaxy-Equipment-with-Vertical-Airflow-12x12.png 12w, https:\/\/www.zmsh-semitech.com\/wp-content\/uploads\/2026\/04\/Integrated-Silicon-Carbide-Epitaxy-Equipment-with-Vertical-Airflow-600x600.png 600w, https:\/\/www.zmsh-semitech.com\/wp-content\/uploads\/2026\/04\/Integrated-Silicon-Carbide-Epitaxy-Equipment-with-Vertical-Airflow-100x100.png 100w, https:\/\/www.zmsh-semitech.com\/wp-content\/uploads\/2026\/04\/Integrated-Silicon-Carbide-Epitaxy-Equipment-with-Vertical-Airflow.png 1000w\" sizes=\"(max-width: 300px) 100vw, 300px\" \/>L'\u00e9quipement d'\u00e9pitaxie de carbure de silicium (SiC) \u00e0 flux d'air vertical int\u00e9gr\u00e9 est un syst\u00e8me de croissance \u00e9pitaxiale avanc\u00e9 con\u00e7u pour la production \u00e0 haut rendement de plaques \u00e9pitaxiales de SiC de 6 et 8 pouces. Con\u00e7u pour r\u00e9pondre aux exigences croissantes de la fabrication de semi-conducteurs de puissance, ce syst\u00e8me int\u00e8gre un contr\u00f4le thermique pr\u00e9cis, une dynamique de flux de gaz optimis\u00e9e et une automatisation intelligente pour offrir des performances exceptionnelles en termes d'uniformit\u00e9, de d\u00e9bit et de contr\u00f4le des d\u00e9fauts.<\/p>\n<p data-start=\"643\" data-end=\"982\">Au c\u0153ur du syst\u00e8me se trouve une douchette innovante \u00e0 flux d'air vertical, qui permet une distribution uniforme des gaz de traitement sur toute la surface de la plaquette. Associ\u00e9 \u00e0 un contr\u00f4le multizone du champ de temp\u00e9rature, il garantit une excellente uniformit\u00e9 de l'\u00e9paisseur et une concentration stable du dopage, ce qui est essentiel pour les dispositifs de puissance en SiC \u00e0 haute performance.<\/p>\n<p data-start=\"984\" data-end=\"1310\">Le syst\u00e8me adopte une structure hautement int\u00e9gr\u00e9e avec une manipulation automatis\u00e9e des plaquettes via un syst\u00e8me EFEM, ainsi qu'un m\u00e9canisme de transfert des plaquettes \u00e0 haute temp\u00e9rature. Cela permet une int\u00e9gration transparente dans les lignes modernes de fabrication de semi-conducteurs, r\u00e9duit les interventions manuelles et am\u00e9liore la coh\u00e9rence du processus et l'efficacit\u00e9 op\u00e9rationnelle.<\/p>\n<p data-start=\"1312\" data-end=\"1615\">Pour soutenir la fabrication \u00e0 l'\u00e9chelle industrielle, l'\u00e9quipement est dot\u00e9 d'une configuration \u00e0 double chambre capable de fonctionner en continu avec plusieurs fours. Avec un d\u00e9bit de plus de 1 100 plaquettes par mois - et jusqu'\u00e0 1 200 plaquettes gr\u00e2ce \u00e0 l'optimisation du processus -, il est parfaitement adapt\u00e9 aux environnements de production \u00e0 haut volume.<\/p>\n<p data-start=\"1617\" data-end=\"1971\">L'\u00e9quipement est compatible avec les plaquettes de SiC de 6 et 8 pouces, ce qui offre une certaine souplesse aux fabricants qui souhaitent passer \u00e0 des plaquettes de plus grande taille. Il d\u00e9montre \u00e9galement d'excellentes capacit\u00e9s en mati\u00e8re de croissance de couches \u00e9pitaxiales \u00e9paisses et d'\u00e9pitaxie par remplissage de tranch\u00e9es, ce qui le rend particuli\u00e8rement adapt\u00e9 \u00e0 la fabrication de dispositifs avanc\u00e9s \u00e0 haute tension et \u00e0 haute puissance.<\/p>\n<p data-start=\"1973\" data-end=\"2214\">En outre, la conception optimis\u00e9e du r\u00e9acteur garantit une faible densit\u00e9 de d\u00e9fauts, un meilleur rendement et un co\u00fbt de propri\u00e9t\u00e9 r\u00e9duit. Sa construction robuste et sa conception facile \u00e0 entretenir renforcent encore sa fiabilit\u00e9 \u00e0 long terme et sa stabilit\u00e9 op\u00e9rationnelle.<\/p>\n<h2 data-section-id=\"qpn8c9\" data-start=\"2221\" data-end=\"2252\"><span role=\"text\"><img decoding=\"async\" class=\"size-medium wp-image-2078 alignright\" src=\"https:\/\/www.zmsh-semitech.com\/wp-content\/uploads\/2026\/04\/Integrated-Silicon-Carbide-Epitaxy-Equipment-with-Vertical-Airflow2-300x300.png\" alt=\"\" width=\"300\" height=\"300\" srcset=\"https:\/\/www.zmsh-semitech.com\/wp-content\/uploads\/2026\/04\/Integrated-Silicon-Carbide-Epitaxy-Equipment-with-Vertical-Airflow2-300x300.png 300w, https:\/\/www.zmsh-semitech.com\/wp-content\/uploads\/2026\/04\/Integrated-Silicon-Carbide-Epitaxy-Equipment-with-Vertical-Airflow2-150x150.png 150w, https:\/\/www.zmsh-semitech.com\/wp-content\/uploads\/2026\/04\/Integrated-Silicon-Carbide-Epitaxy-Equipment-with-Vertical-Airflow2-768x768.png 768w, https:\/\/www.zmsh-semitech.com\/wp-content\/uploads\/2026\/04\/Integrated-Silicon-Carbide-Epitaxy-Equipment-with-Vertical-Airflow2-12x12.png 12w, https:\/\/www.zmsh-semitech.com\/wp-content\/uploads\/2026\/04\/Integrated-Silicon-Carbide-Epitaxy-Equipment-with-Vertical-Airflow2-600x600.png 600w, https:\/\/www.zmsh-semitech.com\/wp-content\/uploads\/2026\/04\/Integrated-Silicon-Carbide-Epitaxy-Equipment-with-Vertical-Airflow2-100x100.png 100w, https:\/\/www.zmsh-semitech.com\/wp-content\/uploads\/2026\/04\/Integrated-Silicon-Carbide-Epitaxy-Equipment-with-Vertical-Airflow2.png 1000w\" sizes=\"(max-width: 300px) 100vw, 300px\" \/>Principaux avantages techniques<\/span><\/h2>\n<ul data-start=\"2254\" data-end=\"2704\">\n<li data-section-id=\"1q2t12k\" data-start=\"2254\" data-end=\"2321\">Pomme de douche \u00e0 d\u00e9bit d'air vertical pour une distribution uniforme du gaz<\/li>\n<li data-section-id=\"1lzu0dd\" data-start=\"2322\" data-end=\"2387\">Contr\u00f4le de la temp\u00e9rature multizone pour une gestion thermique pr\u00e9cise<\/li>\n<li data-section-id=\"1emeqzr\" data-start=\"2388\" data-end=\"2449\">Configuration \u00e0 deux chambres pour une production \u00e0 haut d\u00e9bit<\/li>\n<li data-section-id=\"rs6yfl\" data-start=\"2450\" data-end=\"2499\">Faible densit\u00e9 de d\u00e9fauts et rendement \u00e9lev\u00e9<\/li>\n<li data-section-id=\"h9m4ox\" data-start=\"2500\" data-end=\"2550\">Manipulation automatis\u00e9e des wafers avec int\u00e9gration de l'EFEM<\/li>\n<li data-section-id=\"bze71o\" data-start=\"2551\" data-end=\"2594\">Compatibilit\u00e9 avec les plaquettes SiC de 6 et 8 pouces<\/li>\n<li data-section-id=\"xhhop\" data-start=\"2595\" data-end=\"2655\">Optimis\u00e9 pour les processus d'\u00e9pitaxie \u00e9paisse et de remplissage de tranch\u00e9es<\/li>\n<li data-section-id=\"1a3549x\" data-start=\"2656\" data-end=\"2704\">Fiabilit\u00e9 \u00e9lev\u00e9e et maintenance simplifi\u00e9e<\/li>\n<\/ul>\n<h2 data-section-id=\"ca04ra\" data-start=\"2711\" data-end=\"2737\"><span role=\"text\">Performance du processus<\/span><\/h2>\n<div class=\"TyagGW_tableContainer\">\n<div class=\"group TyagGW_tableWrapper flex flex-col-reverse w-fit\" tabindex=\"-1\">\n<table class=\"w-fit min-w-(--thread-content-width)\" data-start=\"2739\" data-end=\"3287\">\n<thead data-start=\"2739\" data-end=\"2768\">\n<tr data-start=\"2739\" data-end=\"2768\">\n<th class=\"\" data-start=\"2739\" data-end=\"2751\" data-col-size=\"sm\">Param\u00e8tres<\/th>\n<th class=\"\" data-start=\"2751\" data-end=\"2768\" data-col-size=\"md\">Sp\u00e9cifications<\/th>\n<\/tr>\n<\/thead>\n<tbody data-start=\"2796\" data-end=\"3287\">\n<tr data-start=\"2796\" data-end=\"2884\">\n<td data-start=\"2796\" data-end=\"2809\" data-col-size=\"sm\">D\u00e9bit<\/td>\n<td data-start=\"2809\" data-end=\"2884\" data-col-size=\"md\">\u22651100 plaquettes\/mois (chambres doubles), jusqu'\u00e0 1200 plaquettes\/mois (optimis\u00e9)<\/td>\n<\/tr>\n<tr data-start=\"2885\" data-end=\"2938\">\n<td data-start=\"2885\" data-end=\"2912\" data-col-size=\"sm\">Compatibilit\u00e9 avec la taille des plaquettes<\/td>\n<td data-col-size=\"md\" data-start=\"2912\" data-end=\"2938\">6\u201d \/ 8\u201d SiC epi-wafers<\/td>\n<\/tr>\n<tr data-start=\"2939\" data-end=\"2975\">\n<td data-start=\"2939\" data-end=\"2961\" data-col-size=\"sm\">Contr\u00f4le de la temp\u00e9rature<\/td>\n<td data-start=\"2961\" data-end=\"2975\" data-col-size=\"md\">Multizone<\/td>\n<\/tr>\n<tr data-start=\"2976\" data-end=\"3035\">\n<td data-start=\"2976\" data-end=\"2993\" data-col-size=\"sm\">Syst\u00e8me de d\u00e9bit d'air<\/td>\n<td data-start=\"2993\" data-end=\"3035\" data-col-size=\"md\">Flux d'air multizone r\u00e9glable verticalement<\/td>\n<\/tr>\n<tr data-start=\"3036\" data-end=\"3067\">\n<td data-start=\"3036\" data-end=\"3053\" data-col-size=\"sm\">Vitesse de rotation<\/td>\n<td data-start=\"3053\" data-end=\"3067\" data-col-size=\"md\">0-1000 tr\/min<\/td>\n<\/tr>\n<tr data-start=\"3068\" data-end=\"3101\">\n<td data-start=\"3068\" data-end=\"3086\" data-col-size=\"sm\">Taux de croissance maximal<\/td>\n<td data-start=\"3086\" data-end=\"3101\" data-col-size=\"md\">\u226560 \u03bcm\/heure<\/td>\n<\/tr>\n<tr data-start=\"3102\" data-end=\"3163\">\n<td data-start=\"3102\" data-end=\"3125\" data-col-size=\"sm\">Uniformit\u00e9 de l'\u00e9paisseur<\/td>\n<td data-col-size=\"md\" data-start=\"3125\" data-end=\"3163\">\u22642% (optimis\u00e9 \u22641%, \u03c3\/avg, EE 5mm)<\/td>\n<\/tr>\n<tr data-start=\"3164\" data-end=\"3224\">\n<td data-start=\"3164\" data-end=\"3184\" data-col-size=\"sm\">Uniformit\u00e9 du dopage<\/td>\n<td data-col-size=\"md\" data-start=\"3184\" data-end=\"3224\">\u22643% (optimis\u00e9 \u22641.5%, \u03c3\/avg, EE 5mm)<\/td>\n<\/tr>\n<tr data-start=\"3225\" data-end=\"3287\">\n<td data-start=\"3225\" data-end=\"3249\" data-col-size=\"sm\">Densit\u00e9 de d\u00e9fauts mortels<\/td>\n<td data-col-size=\"md\" data-start=\"3249\" data-end=\"3287\">\u22640,2 cm-\u00b2 (optimis\u00e9 \u00e0 0,01 cm-\u00b2)<\/td>\n<\/tr>\n<\/tbody>\n<\/table>\n<\/div>\n<\/div>\n<h2 data-section-id=\"1w46w82\" data-start=\"3294\" data-end=\"3322\"><span role=\"text\">Sc\u00e9narios d'application<\/span><\/h2>\n<p data-start=\"3324\" data-end=\"3514\">Cet \u00e9quipement est largement utilis\u00e9 dans la production de dispositifs semi-conducteurs avanc\u00e9s \u00e0 base de SiC, en particulier dans les industries exigeant un rendement \u00e9lev\u00e9, une tension \u00e9lev\u00e9e et des performances thermiques \u00e9lev\u00e9es :<\/p>\n<ul data-start=\"3516\" data-end=\"4364\">\n<li data-section-id=\"qrtaas\" data-start=\"3516\" data-end=\"3707\">V\u00e9hicules \u00e9lectriques (VE)<br data-start=\"3545\" data-end=\"3548\" \/>Utilis\u00e9 dans la production de MOSFET SiC et de modules de puissance pour les onduleurs, les chargeurs embarqu\u00e9s et les convertisseurs DC-DC, am\u00e9liorant l'efficacit\u00e9 \u00e9nerg\u00e9tique et l'autonomie.<\/li>\n<li data-section-id=\"1j97evh\" data-start=\"3709\" data-end=\"3867\">Syst\u00e8mes d'\u00e9nergie renouvelable<br data-start=\"3739\" data-end=\"3742\" \/>Appliqu\u00e9 dans les onduleurs photovolta\u00efques et les syst\u00e8mes de stockage d'\u00e9nergie, il permet d'am\u00e9liorer l'efficacit\u00e9 de la conversion et la fiabilit\u00e9 du syst\u00e8me.<\/li>\n<li data-section-id=\"8pfhmh\" data-start=\"3869\" data-end=\"4041\">\u00c9lectronique de puissance industrielle<br data-start=\"3903\" data-end=\"3906\" \/>Convient aux entra\u00eenements de moteurs de forte puissance, aux syst\u00e8mes d'automatisation industrielle et aux unit\u00e9s d'alimentation \u00e9lectrique n\u00e9cessitant un fonctionnement stable et efficace.<\/li>\n<li data-section-id=\"frfj8s\" data-start=\"4043\" data-end=\"4206\">Transport ferroviaire et r\u00e9seaux \u00e9lectriques<br data-start=\"4075\" data-end=\"4078\" \/>Prend en charge les appareils haute tension et haute fr\u00e9quence utilis\u00e9s dans les r\u00e9seaux intelligents, les syst\u00e8mes de traction et les infrastructures de transmission d'\u00e9nergie.<\/li>\n<li data-section-id=\"1k6eb43\" data-start=\"4208\" data-end=\"4364\">Appareils de puissance haut de gamme<br data-start=\"4236\" data-end=\"4239\" \/>Id\u00e9al pour la fabrication de dispositifs SiC avanc\u00e9s tels que les diodes Schottky, les MOSFET et les composants haute tension de la prochaine g\u00e9n\u00e9ration.<\/li>\n<\/ul>\n<p><img decoding=\"async\" class=\"wp-image-2080 size-large aligncenter\" src=\"https:\/\/www.zmsh-semitech.com\/wp-content\/uploads\/2026\/04\/application-1024x578.png\" alt=\"\" width=\"1024\" height=\"578\" srcset=\"https:\/\/www.zmsh-semitech.com\/wp-content\/uploads\/2026\/04\/application-1024x578.png 1024w, https:\/\/www.zmsh-semitech.com\/wp-content\/uploads\/2026\/04\/application-300x169.png 300w, https:\/\/www.zmsh-semitech.com\/wp-content\/uploads\/2026\/04\/application-768x433.png 768w, https:\/\/www.zmsh-semitech.com\/wp-content\/uploads\/2026\/04\/application-18x10.png 18w, https:\/\/www.zmsh-semitech.com\/wp-content\/uploads\/2026\/04\/application-600x339.png 600w, https:\/\/www.zmsh-semitech.com\/wp-content\/uploads\/2026\/04\/application.png 1285w\" sizes=\"(max-width: 1024px) 100vw, 1024px\" \/><\/p>\n<h2 data-section-id=\"elc90z\" data-start=\"4371\" data-end=\"4381\"><span role=\"text\">FAQ<\/span><\/h2>\n<h3 data-section-id=\"1f731tm\" data-start=\"4383\" data-end=\"4453\"><span role=\"text\">1. Quelles sont les tailles de plaquettes prises en charge par cet \u00e9quipement d'\u00e9pitaxie ?<\/span><\/h3>\n<p data-start=\"4454\" data-end=\"4606\">Le syst\u00e8me prend en charge les plaquettes SiC de 6 et 8 pouces, ce qui permet aux fabricants de r\u00e9pondre aux demandes de production actuelles tout en se pr\u00e9parant \u00e0 l'\u00e9volution future.<\/p>\n<h3 data-section-id=\"8a4v60\" data-start=\"4613\" data-end=\"4683\"><span role=\"text\">2. Quels sont les avantages de la conception verticale du flux d'air ?<\/span><\/h3>\n<p data-start=\"4684\" data-end=\"4858\">Le syst\u00e8me de flux d'air vertical assure une distribution uniforme du gaz sur la tranche, ce qui am\u00e9liore l'homog\u00e9n\u00e9it\u00e9 de l'\u00e9paisseur, r\u00e9duit les d\u00e9fauts et am\u00e9liore la qualit\u00e9 \u00e9pitaxiale globale.<\/p>\n<h3 data-section-id=\"1rbmoqb\" data-start=\"4865\" data-end=\"4935\"><span role=\"text\">3. Cet \u00e9quipement est-il adapt\u00e9 \u00e0 la fabrication en grande s\u00e9rie ?<\/span><\/h3>\n<p data-start=\"4936\" data-end=\"5110\">Oui, le syst\u00e8me est dot\u00e9 d'une configuration \u00e0 double chambre et d'un mode de fonctionnement continu, avec un d\u00e9bit mensuel sup\u00e9rieur \u00e0 1 100 plaquettes. Il est bien adapt\u00e9 \u00e0 une production industrielle stable et \u00e0 grande \u00e9chelle, garantissant une production constante, une grande stabilit\u00e9 du rendement et une efficacit\u00e9 op\u00e9rationnelle \u00e0 long terme.<\/p>","protected":false},"excerpt":{"rendered":"<p>L'\u00e9quipement d'\u00e9pitaxie de carbure de silicium (SiC) \u00e0 flux d'air vertical int\u00e9gr\u00e9 est un syst\u00e8me de croissance \u00e9pitaxiale avanc\u00e9 con\u00e7u pour la production \u00e0 haut rendement de plaques \u00e9pitaxiales de SiC de 6 et 8 pouces.<\/p>","protected":false},"featured_media":2078,"comment_status":"open","ping_status":"closed","template":"","meta":{"site-sidebar-layout":"default","site-content-layout":"","ast-site-content-layout":"default","site-content-style":"default","site-sidebar-style":"default","ast-global-header-display":"","ast-banner-title-visibility":"","ast-main-header-display":"","ast-hfb-above-header-display":"","ast-hfb-below-header-display":"","ast-hfb-mobile-header-display":"","site-post-title":"","ast-breadcrumbs-content":"","ast-featured-img":"","footer-sml-layout":"","ast-disable-related-posts":"","theme-transparent-header-meta":"default","adv-header-id-meta":"","stick-header-meta":"default","header-above-stick-meta":"","header-main-stick-meta":"","header-below-stick-meta":"","astra-migrate-meta-layouts":"set","ast-page-background-enabled":"default","ast-page-background-meta":{"desktop":{"background-color":"var(--ast-global-color-4)","background-image":"","background-repeat":"repeat","background-position":"center center","background-size":"auto","background-attachment":"scroll","background-type":"","background-media":"","overlay-type":"","overlay-color":"","overlay-opacity":"","overlay-gradient":""},"tablet":{"background-color":"","background-image":"","background-repeat":"repeat","background-position":"center center","background-size":"auto","background-attachment":"scroll","background-type":"","background-media":"","overlay-type":"","overlay-color":"","overlay-opacity":"","overlay-gradient":""},"mobile":{"background-color":"","background-image":"","background-repeat":"repeat","background-position":"center center","background-size":"auto","background-attachment":"scroll","background-type":"","background-media":"","overlay-type":"","overlay-color":"","overlay-opacity":"","overlay-gradient":""}},"ast-content-background-meta":{"desktop":{"background-color":"var(--ast-global-color-5)","background-image":"","background-repeat":"repeat","background-position":"center center","background-size":"auto","background-attachment":"scroll","background-type":"","background-media":"","overlay-type":"","overlay-color":"","overlay-opacity":"","overlay-gradient":""},"tablet":{"background-color":"var(--ast-global-color-5)","background-image":"","background-repeat":"repeat","background-position":"center center","background-size":"auto","background-attachment":"scroll","background-type":"","background-media":"","overlay-type":"","overlay-color":"","overlay-opacity":"","overlay-gradient":""},"mobile":{"background-color":"var(--ast-global-color-5)","background-image":"","background-repeat":"repeat","background-position":"center center","background-size":"auto","background-attachment":"scroll","background-type":"","background-media":"","overlay-type":"","overlay-color":"","overlay-opacity":"","overlay-gradient":""}}},"product_brand":[],"product_cat":[730],"product_tag":[734,735,737,738,745,740,744,739,733,731,603,732,742,741,736,743],"class_list":{"0":"post-2077","1":"product","2":"type-product","3":"status-publish","4":"has-post-thumbnail","6":"product_cat-epitaxy-equipment","7":"product_tag-6-inch-sic-wafer","8":"product_tag-8-inch-sic-wafer","9":"product_tag-cvd-epitaxy-system","10":"product_tag-epitaxial-growth-system","11":"product_tag-ev-power-semiconductors","12":"product_tag-high-voltage-sic-devices","13":"product_tag-industrial-power-electronics","14":"product_tag-semiconductor-manufacturing-equipment","15":"product_tag-sic-epi-wafer-production","16":"product_tag-sic-epitaxy-equipment","17":"product_tag-sic-power-devices","18":"product_tag-silicon-carbide-epitaxy-reactor","19":"product_tag-thick-epitaxy-growth","20":"product_tag-trench-filling-epitaxy","21":"product_tag-vertical-airflow-epitaxy","22":"product_tag-wafer-epitaxy-reactor","23":"desktop-align-left","24":"tablet-align-left","25":"mobile-align-left","26":"ast-product-gallery-layout-horizontal-slider","27":"ast-product-tabs-layout-horizontal","29":"first","30":"instock","31":"shipping-taxable","32":"product-type-simple"},"_links":{"self":[{"href":"https:\/\/www.zmsh-semitech.com\/fr\/wp-json\/wp\/v2\/product\/2077","targetHints":{"allow":["GET"]}}],"collection":[{"href":"https:\/\/www.zmsh-semitech.com\/fr\/wp-json\/wp\/v2\/product"}],"about":[{"href":"https:\/\/www.zmsh-semitech.com\/fr\/wp-json\/wp\/v2\/types\/product"}],"replies":[{"embeddable":true,"href":"https:\/\/www.zmsh-semitech.com\/fr\/wp-json\/wp\/v2\/comments?post=2077"}],"version-history":[{"count":2,"href":"https:\/\/www.zmsh-semitech.com\/fr\/wp-json\/wp\/v2\/product\/2077\/revisions"}],"predecessor-version":[{"id":2082,"href":"https:\/\/www.zmsh-semitech.com\/fr\/wp-json\/wp\/v2\/product\/2077\/revisions\/2082"}],"wp:featuredmedia":[{"embeddable":true,"href":"https:\/\/www.zmsh-semitech.com\/fr\/wp-json\/wp\/v2\/media\/2078"}],"wp:attachment":[{"href":"https:\/\/www.zmsh-semitech.com\/fr\/wp-json\/wp\/v2\/media?parent=2077"}],"wp:term":[{"taxonomy":"product_brand","embeddable":true,"href":"https:\/\/www.zmsh-semitech.com\/fr\/wp-json\/wp\/v2\/product_brand?post=2077"},{"taxonomy":"product_cat","embeddable":true,"href":"https:\/\/www.zmsh-semitech.com\/fr\/wp-json\/wp\/v2\/product_cat?post=2077"},{"taxonomy":"product_tag","embeddable":true,"href":"https:\/\/www.zmsh-semitech.com\/fr\/wp-json\/wp\/v2\/product_tag?post=2077"}],"curies":[{"name":"wp","href":"https:\/\/api.w.org\/{rel}","templated":true}]}}