{"id":2010,"date":"2026-03-25T06:54:28","date_gmt":"2026-03-25T06:54:28","guid":{"rendered":"https:\/\/www.zmsh-semitech.com\/?post_type=product&#038;p=2010"},"modified":"2026-03-25T07:00:03","modified_gmt":"2026-03-25T07:00:03","slug":"infrared-picosecond-dual-platform-laser-cutting-system-for-sapphire-quartz-optical-glass","status":"publish","type":"product","link":"https:\/\/www.zmsh-semitech.com\/fr\/product\/infrared-picosecond-dual-platform-laser-cutting-system-for-sapphire-quartz-optical-glass\/","title":{"rendered":"Syst\u00e8me de d\u00e9coupe laser infrarouge picoseconde \u00e0 double plateforme pour le saphir, le quartz et le verre optique"},"content":{"rendered":"<p data-start=\"167\" data-end=\"736\">Le syst\u00e8me de d\u00e9coupe laser infrarouge picoseconde \u00e0 double plateforme de ZMSH est une solution industrielle de haute pr\u00e9cision con\u00e7ue pour le traitement avanc\u00e9 des mat\u00e9riaux durs et cassants, notamment le saphir, le quartz et le verre optique. Bas\u00e9 sur la technologie laser picoseconde ultrarapide (longueur d'onde de 1064 nm, dur\u00e9e d'impulsion de 1 \u00e0 10 ps), le syst\u00e8me permet une d\u00e9coupe de haute qualit\u00e9, avec peu de dommages, gr\u00e2ce \u00e0 un m\u00e9canisme de \u201ctraitement \u00e0 froid\u201d sans contact. Il est particuli\u00e8rement adapt\u00e9 aux industries exigeant une pr\u00e9cision extr\u00eame, telles que l'optique, l'\u00e9lectronique grand public et la fabrication de semi-conducteurs.<\/p>\n<p data-start=\"738\" data-end=\"1166\"><img fetchpriority=\"high\" decoding=\"async\" class=\"size-medium wp-image-2013 alignright\" src=\"https:\/\/www.zmsh-semitech.com\/wp-content\/uploads\/2026\/03\/11-300x265.jpg\" alt=\"\" width=\"300\" height=\"265\" srcset=\"https:\/\/www.zmsh-semitech.com\/wp-content\/uploads\/2026\/03\/11-300x265.jpg 300w, https:\/\/www.zmsh-semitech.com\/wp-content\/uploads\/2026\/03\/11-14x12.jpg 14w, https:\/\/www.zmsh-semitech.com\/wp-content\/uploads\/2026\/03\/11-600x529.jpg 600w, https:\/\/www.zmsh-semitech.com\/wp-content\/uploads\/2026\/03\/11.jpg 680w\" sizes=\"(max-width: 300px) 100vw, 300px\" \/>En utilisant l'absorption multiphotonique et les effets optiques non lin\u00e9aires, le syst\u00e8me permet d'obtenir des zones affect\u00e9es par la chaleur minimales (&lt;1\u03bcm) et une excellente qualit\u00e9 de surface (Ra &lt;0,5\u03bcm), tout en maintenant une pr\u00e9cision d&#039;usinage de l&#039;ordre du micron (\u00b12\u03bcm). Par rapport aux m\u00e9thodes de traitement thermique conventionnelles, cela permet de r\u00e9duire consid\u00e9rablement les microfissures, l&#039;\u00e9caillage des bords et les contraintes internes, ce qui garantit une int\u00e9grit\u00e9 structurelle sup\u00e9rieure des composants trait\u00e9s.<\/p>\n<p data-start=\"1168\" data-end=\"1644\">L'une des principales caract\u00e9ristiques de cet \u00e9quipement est sa conception \u00e0 double plate-forme (double station), qui permet des op\u00e9rations simultan\u00e9es de traitement et de chargement\/d\u00e9chargement. Cette configuration intelligente augmente l'efficacit\u00e9 globale de la production de plus de 30%, avec des vitesses de coupe atteignant jusqu'\u00e0 1000 mm\/s en fonction du type et de l'\u00e9paisseur du mat\u00e9riau. Le syst\u00e8me prend en charge une large gamme d'\u00e9paisseurs de coupe allant de 0,03 mm \u00e0 80 mm, ce qui le rend tr\u00e8s polyvalent pour les mat\u00e9riaux ultraminces et \u00e9pais.<\/p>\n<h3 data-section-id=\"gqkziz\" data-start=\"1651\" data-end=\"1683\"><span role=\"text\">Sp\u00e9cifications techniques<\/span><\/h3>\n<ul data-start=\"1685\" data-end=\"2035\">\n<li data-section-id=\"nnwezq\" data-start=\"1685\" data-end=\"1734\">Type de laser : Infrarouge Picoseconde (1064 nm)<\/li>\n<li data-section-id=\"1jz0so4\" data-start=\"1735\" data-end=\"1798\">Taille de la plate-forme : 700\u00d71200 mm \/ 900\u00d71400 mm (personnalisable)<\/li>\n<li data-section-id=\"mxzxuc\" data-start=\"1799\" data-end=\"1836\">\u00c9paisseur de coupe : 0,03-80 mm<\/li>\n<li data-section-id=\"nlqivx\" data-start=\"1837\" data-end=\"1871\">Vitesse de coupe : 0-1000 mm\/s<\/li>\n<li data-section-id=\"2pmcge\" data-start=\"1872\" data-end=\"1903\">Rupture des bords : &lt;0,01 mm<\/li>\n<li data-section-id=\"zr4cly\" data-start=\"1904\" data-end=\"1937\">Pr\u00e9cision du traitement : \u00b12\u03bcm<\/li>\n<li data-section-id=\"f3i77i\" data-start=\"1938\" data-end=\"1974\">Rugosit\u00e9 de surface : Ra &lt;0.5\u03bcm<\/li>\n<li data-section-id=\"qfcm9j\" data-start=\"1975\" data-end=\"2007\">Zone affect\u00e9e par la chaleur : &lt;1\u03bcm<\/li>\n<li data-section-id=\"1ylcy0c\" data-start=\"2008\" data-end=\"2035\">Certification : RoHS<\/li>\n<\/ul>\n<h3 data-section-id=\"2vegpd\" data-start=\"2042\" data-end=\"2067\"><span role=\"text\">Principe de fonctionnement<\/span><\/h3>\n<p data-start=\"2069\" data-end=\"2155\"><img decoding=\"async\" class=\"size-medium wp-image-2016 alignright\" src=\"https:\/\/www.zmsh-semitech.com\/wp-content\/uploads\/2026\/03\/Laser-Cutting-System8-300x300.webp\" alt=\"\" width=\"300\" height=\"300\" srcset=\"https:\/\/www.zmsh-semitech.com\/wp-content\/uploads\/2026\/03\/Laser-Cutting-System8-300x300.webp 300w, https:\/\/www.zmsh-semitech.com\/wp-content\/uploads\/2026\/03\/Laser-Cutting-System8-150x150.webp 150w, https:\/\/www.zmsh-semitech.com\/wp-content\/uploads\/2026\/03\/Laser-Cutting-System8-12x12.webp 12w, https:\/\/www.zmsh-semitech.com\/wp-content\/uploads\/2026\/03\/Laser-Cutting-System8-600x600.webp 600w, https:\/\/www.zmsh-semitech.com\/wp-content\/uploads\/2026\/03\/Laser-Cutting-System8-100x100.webp 100w, https:\/\/www.zmsh-semitech.com\/wp-content\/uploads\/2026\/03\/Laser-Cutting-System8.webp 750w\" sizes=\"(max-width: 300px) 100vw, 300px\" \/>Le syst\u00e8me fonctionne sur la base de m\u00e9canismes avanc\u00e9s d'interaction entre le laser ultrarapide et le mat\u00e9riau :<\/p>\n<ol data-start=\"2157\" data-end=\"2775\">\n<li data-section-id=\"18ay4xr\" data-start=\"2157\" data-end=\"2370\">Traitement laser ultrarapide<br data-start=\"2190\" data-end=\"2193\" \/>Les impulsions laser picosecondes (10-\u00b9\u00b2 secondes) fournissent une \u00e9nergie de pointe extr\u00eamement \u00e9lev\u00e9e, permettant l'enl\u00e8vement instantan\u00e9 de mat\u00e9riaux au niveau atomique sans diffusion thermique significative.<\/li>\n<li data-section-id=\"3y7r4c\" data-start=\"2372\" data-end=\"2593\">M\u00e9canisme d'absorption non lin\u00e9aire<br data-start=\"2409\" data-end=\"2412\" \/>Gr\u00e2ce \u00e0 l'absorption multiphotonique, m\u00eame les mat\u00e9riaux transparents tels que le saphir et le verre peuvent absorber efficacement l'\u00e9nergie laser, ce qui permet de surmonter les limites du traitement laser traditionnel.<\/li>\n<li data-section-id=\"cuwwlx\" data-start=\"2595\" data-end=\"2775\">Fonctionnement intelligent sur deux plates-formes<br data-start=\"2637\" data-end=\"2640\" \/>Deux stations de travail ind\u00e9pendantes permettent le traitement et le chargement\/d\u00e9chargement en parall\u00e8le, ce qui maximise l'utilisation de la machine et r\u00e9duit les temps d'arr\u00eat.<\/li>\n<\/ol>\n<h3 data-section-id=\"lh3fvt\" data-start=\"2782\" data-end=\"2804\"><span role=\"text\">Principaux avantages<\/span><\/h3>\n<ol data-start=\"2806\" data-end=\"3303\">\n<li data-section-id=\"st9mye\" data-start=\"2806\" data-end=\"2909\">La technologie de traitement \u00e0 froid \u00e9limine les dommages thermiques, garantissant des bords sans fissures ni \u00e9clats.<\/li>\n<li data-section-id=\"3gqn4z\" data-start=\"2910\" data-end=\"3025\">L'usinage sans contact \u00e9vite les contraintes m\u00e9caniques et l'usure des outils, ce qui permet d'am\u00e9liorer la pr\u00e9cision et la r\u00e9p\u00e9tabilit\u00e9.<\/li>\n<li data-section-id=\"t4rek4\" data-start=\"3026\" data-end=\"3115\">La conception \u00e0 double plate-forme am\u00e9liore l'efficacit\u00e9 de plus de 30% pour la production en grande quantit\u00e9.<\/li>\n<li data-section-id=\"1aobtyn\" data-start=\"3116\" data-end=\"3204\">L'absence de consommables r\u00e9duit consid\u00e9rablement les co\u00fbts d'exploitation et l'impact sur l'environnement.<\/li>\n<li data-section-id=\"7x1mv2\" data-start=\"3205\" data-end=\"3303\">La haute pr\u00e9cision et la conicit\u00e9 nulle garantissent une excellente qualit\u00e9 des ar\u00eates sans traitement secondaire.<\/li>\n<\/ol>\n<h3 data-section-id=\"1vylwey\" data-start=\"3310\" data-end=\"3331\"><span role=\"text\">Caract\u00e9ristiques principales<\/span><\/h3>\n<ul data-start=\"3333\" data-end=\"3729\">\n<li data-section-id=\"q49071\" data-start=\"3333\" data-end=\"3391\">D\u00e9coupe de contours complexes \u00e0 grande vitesse et haute pr\u00e9cision<\/li>\n<li data-section-id=\"8nnwt4\" data-start=\"3392\" data-end=\"3466\">Processus de coupe et de rupture int\u00e9gr\u00e9 pour une production rationalis\u00e9e<\/li>\n<li data-section-id=\"17pub5y\" data-start=\"3467\" data-end=\"3527\">Changement automatique de mod\u00e8le pour une fabrication flexible<\/li>\n<li data-section-id=\"ln0ei1\" data-start=\"3528\" data-end=\"3596\">Bords lisses et sans bavures, sans polissage secondaire n\u00e9cessaire<\/li>\n<li data-section-id=\"dpzdrc\" data-start=\"3597\" data-end=\"3670\">Prise en charge du per\u00e7age de trous internes et du traitement de la micro-structure<\/li>\n<li data-section-id=\"ryijjn\" data-start=\"3671\" data-end=\"3729\">Interface conviviale avec un haut niveau d'automatisation<\/li>\n<\/ul>\n<h3 data-section-id=\"17bubrg\" data-start=\"3736\" data-end=\"3781\"><span role=\"text\">Compatibilit\u00e9 des mat\u00e9riaux et applications<\/span><\/h3>\n<p data-start=\"3783\" data-end=\"3865\">Ce syst\u00e8me est largement utilis\u00e9 pour le traitement de pr\u00e9cision de divers mat\u00e9riaux avanc\u00e9s :<\/p>\n<div class=\"TyagGW_tableContainer\">\n<div class=\"group TyagGW_tableWrapper flex flex-col-reverse w-fit\" tabindex=\"-1\">\n<table class=\"w-fit min-w-(--thread-content-width)\" data-start=\"3867\" data-end=\"4394\">\n<thead data-start=\"3867\" data-end=\"3928\">\n<tr data-start=\"3867\" data-end=\"3928\">\n<th class=\"\" data-start=\"3867\" data-end=\"3878\" data-col-size=\"sm\">Mat\u00e9riau<\/th>\n<th class=\"\" data-start=\"3878\" data-end=\"3901\" data-col-size=\"sm\">Applications typiques<\/th>\n<th class=\"\" data-start=\"3901\" data-end=\"3928\" data-col-size=\"sm\">Exigences en mati\u00e8re de traitement<\/th>\n<\/tr>\n<\/thead>\n<tbody data-start=\"3988\" data-end=\"4394\">\n<tr data-start=\"3988\" data-end=\"4073\">\n<td data-start=\"3988\" data-end=\"3999\" data-col-size=\"sm\">Saphir<\/td>\n<td data-start=\"3999\" data-end=\"4036\" data-col-size=\"sm\">Couvertures de smartwatch, fen\u00eatres optiques<\/td>\n<td data-start=\"4036\" data-end=\"4073\" data-col-size=\"sm\">Coupe sans fissure, haute r\u00e9sistance<\/td>\n<\/tr>\n<tr data-start=\"4074\" data-end=\"4160\">\n<td data-start=\"4074\" data-end=\"4089\" data-col-size=\"sm\">Verre de quartz<\/td>\n<td data-start=\"4089\" data-end=\"4119\" data-col-size=\"sm\">Composants optiques, mat\u00e9riel de laboratoire<\/td>\n<td data-start=\"4119\" data-end=\"4160\" data-col-size=\"sm\">Grande transparence, faibles dommages thermiques<\/td>\n<\/tr>\n<tr data-start=\"4161\" data-end=\"4241\">\n<td data-start=\"4161\" data-end=\"4177\" data-col-size=\"sm\">Verre optique<\/td>\n<td data-start=\"4177\" data-end=\"4204\" data-col-size=\"sm\">Lentilles, filtres, miroirs<\/td>\n<td data-start=\"4204\" data-end=\"4241\" data-col-size=\"sm\">Haute qualit\u00e9 de surface, pas d'\u00e9caillage<\/td>\n<\/tr>\n<tr data-start=\"4242\" data-end=\"4320\">\n<td data-start=\"4242\" data-end=\"4259\" data-col-size=\"sm\">Verre tremp\u00e9<\/td>\n<td data-start=\"4259\" data-end=\"4289\" data-col-size=\"sm\">Panneaux d'\u00e9lectronique grand public<\/td>\n<td data-start=\"4289\" data-end=\"4320\" data-col-size=\"sm\">D\u00e9coupe des contours sans stress<\/td>\n<\/tr>\n<tr data-start=\"4321\" data-end=\"4394\">\n<td data-start=\"4321\" data-end=\"4347\" data-col-size=\"sm\">Mat\u00e9riaux semi-conducteurs<\/td>\n<td data-start=\"4347\" data-end=\"4368\" data-col-size=\"sm\">Plaques, substrats<\/td>\n<td data-start=\"4368\" data-end=\"4394\" data-col-size=\"sm\">Pr\u00e9cision de l'ordre du micron<\/td>\n<\/tr>\n<\/tbody>\n<\/table>\n<\/div>\n<\/div>\n<h3 data-section-id=\"7coj8g\" data-start=\"4401\" data-end=\"4434\"><span role=\"text\">Applications et avantages<\/span><\/h3>\n<p data-start=\"4436\" data-end=\"4890\">Le syst\u00e8me de d\u00e9coupe laser picoseconde ZMSH est id\u00e9al pour l'\u00e9lectronique grand public (verre de smartwatch, lentilles d'appareil photo), les composants optiques, les plaquettes de semi-conducteurs et les pi\u00e8ces de verre de pr\u00e9cision. Sa capacit\u00e9 \u00e0 traiter des mat\u00e9riaux ultraminces (&lt;0,1 mm) ainsi que des substrats \u00e9pais lui conf\u00e8re une grande adaptabilit\u00e9. La combinaison d&#039;une grande pr\u00e9cision, de faibles dommages et de l&#039;automatisation permet d&#039;am\u00e9liorer les taux de rendement, de r\u00e9duire les co\u00fbts de post-traitement et d&#039;assurer une qualit\u00e9 constante des produits.<img decoding=\"async\" class=\"size-medium wp-image-2015 aligncenter\" src=\"https:\/\/www.zmsh-semitech.com\/wp-content\/uploads\/2026\/03\/pl205574970-infrared_picosecond_dual_platform_laser_cutting_equipment_for_sapphire_quartz_optical_glass_processing9-300x272.webp\" alt=\"\" width=\"300\" height=\"272\" srcset=\"https:\/\/www.zmsh-semitech.com\/wp-content\/uploads\/2026\/03\/pl205574970-infrared_picosecond_dual_platform_laser_cutting_equipment_for_sapphire_quartz_optical_glass_processing9-300x272.webp 300w, https:\/\/www.zmsh-semitech.com\/wp-content\/uploads\/2026\/03\/pl205574970-infrared_picosecond_dual_platform_laser_cutting_equipment_for_sapphire_quartz_optical_glass_processing9-13x12.webp 13w, https:\/\/www.zmsh-semitech.com\/wp-content\/uploads\/2026\/03\/pl205574970-infrared_picosecond_dual_platform_laser_cutting_equipment_for_sapphire_quartz_optical_glass_processing9-600x543.webp 600w, https:\/\/www.zmsh-semitech.com\/wp-content\/uploads\/2026\/03\/pl205574970-infrared_picosecond_dual_platform_laser_cutting_equipment_for_sapphire_quartz_optical_glass_processing9.webp 750w\" sizes=\"(max-width: 300px) 100vw, 300px\" \/><\/p>\n<h3 data-section-id=\"jhwnf\" data-start=\"4897\" data-end=\"4937\"><span role=\"text\">Foire aux questions (FAQ)<\/span><\/h3>\n<p data-start=\"4939\" data-end=\"5186\">Q1 : \u00c0 quoi sert un syst\u00e8me de d\u00e9coupe laser picoseconde infrarouge ?<br data-start=\"5008\" data-end=\"5011\" \/>R : Il est utilis\u00e9 pour la d\u00e9coupe de pr\u00e9cision de mat\u00e9riaux durs et cassants tels que le saphir, le quartz et le verre optique, avec une pr\u00e9cision de l'ordre du micron et des dommages thermiques minimes.<\/p>\n<p data-start=\"5188\" data-end=\"5482\">Q2 : Pourquoi choisir les lasers picosecondes plut\u00f4t que les lasers nanosecondes ?<br data-start=\"5248\" data-end=\"5251\" \/>R : Les lasers picosecondes offrent une zone affect\u00e9e par la chaleur nettement plus petite (&lt;1\u03bcm), \u00e9liminent les microfissures et l&#039;\u00e9caillage, et offrent une qualit\u00e9 de bord sup\u00e9rieure, ce qui les rend id\u00e9aux pour les applications de haute pr\u00e9cision et les mat\u00e9riaux ultraminces.<\/p>\n<p data-start=\"5484\" data-end=\"5693\">Q3 : Quelle est la plage d'\u00e9paisseur que le syst\u00e8me peut traiter ?<br data-start=\"5535\" data-end=\"5538\" \/>R : Le syst\u00e8me prend en charge une large gamme de mat\u00e9riaux ultraminces de 0,03 mm jusqu'\u00e0 des substrats de 80 mm d'\u00e9paisseur, ce qui offre une excellente flexibilit\u00e9 pour toutes les applications.<\/p>\n<p data-start=\"5695\" data-end=\"5907\">Q4 : Le syst\u00e8me est-il adapt\u00e9 \u00e0 la production de masse ?<br data-start=\"5746\" data-end=\"5749\" \/>R : Oui, la conception \u00e0 double plate-forme permet un fonctionnement continu avec une efficacit\u00e9 sup\u00e9rieure \u00e0 30%, ce qui en fait la solution id\u00e9ale pour les environnements de fabrication en grande quantit\u00e9.<\/p>\n<p data-start=\"5909\" data-end=\"6128\">Q5 : Le proc\u00e9d\u00e9 n\u00e9cessite-t-il des consommables ou une finition secondaire ?<br data-start=\"5977\" data-end=\"5980\" \/>R : Non, le syst\u00e8me ne n\u00e9cessite aucun consommable et produit des bords lisses et sans bavures, ce qui \u00e9limine la n\u00e9cessit\u00e9 de recourir \u00e0 des processus de polissage ou de finition suppl\u00e9mentaires.<\/p>","protected":false},"excerpt":{"rendered":"<p>Le syst\u00e8me de d\u00e9coupe laser infrarouge picoseconde \u00e0 double plate-forme de ZMSH est une solution industrielle de haute pr\u00e9cision con\u00e7ue pour le traitement avanc\u00e9 de mat\u00e9riaux durs et cassants, notamment le saphir, le quartz et le verre optique.<\/p>","protected":false},"featured_media":2017,"comment_status":"open","ping_status":"closed","template":"","meta":{"site-sidebar-layout":"default","site-content-layout":"","ast-site-content-layout":"default","site-content-style":"default","site-sidebar-style":"default","ast-global-header-display":"","ast-banner-title-visibility":"","ast-main-header-display":"","ast-hfb-above-header-display":"","ast-hfb-below-header-display":"","ast-hfb-mobile-header-display":"","site-post-title":"","ast-breadcrumbs-content":"","ast-featured-img":"","footer-sml-layout":"","ast-disable-related-posts":"","theme-transparent-header-meta":"default","adv-header-id-meta":"","stick-header-meta":"default","header-above-stick-meta":"","header-main-stick-meta":"","header-below-stick-meta":"","astra-migrate-meta-layouts":"set","ast-page-background-enabled":"default","ast-page-background-meta":{"desktop":{"background-color":"var(--ast-global-color-4)","background-image":"","background-repeat":"repeat","background-position":"center center","background-size":"auto","background-attachment":"scroll","background-type":"","background-media":"","overlay-type":"","overlay-color":"","overlay-opacity":"","overlay-gradient":""},"tablet":{"background-color":"","background-image":"","background-repeat":"repeat","background-position":"center center","background-size":"auto","background-attachment":"scroll","background-type":"","background-media":"","overlay-type":"","overlay-color":"","overlay-opacity":"","overlay-gradient":""},"mobile":{"background-color":"","background-image":"","background-repeat":"repeat","background-position":"center center","background-size":"auto","background-attachment":"scroll","background-type":"","background-media":"","overlay-type":"","overlay-color":"","overlay-opacity":"","overlay-gradient":""}},"ast-content-background-meta":{"desktop":{"background-color":"var(--ast-global-color-5)","background-image":"","background-repeat":"repeat","background-position":"center center","background-size":"auto","background-attachment":"scroll","background-type":"","background-media":"","overlay-type":"","overlay-color":"","overlay-opacity":"","overlay-gradient":""},"tablet":{"background-color":"var(--ast-global-color-5)","background-image":"","background-repeat":"repeat","background-position":"center center","background-size":"auto","background-attachment":"scroll","background-type":"","background-media":"","overlay-type":"","overlay-color":"","overlay-opacity":"","overlay-gradient":""},"mobile":{"background-color":"var(--ast-global-color-5)","background-image":"","background-repeat":"repeat","background-position":"center center","background-size":"auto","background-attachment":"scroll","background-type":"","background-media":"","overlay-type":"","overlay-color":"","overlay-opacity":"","overlay-gradient":""}}},"product_brand":[],"product_cat":[21],"product_tag":[573,589,567,574,590,57,583,588,566,585,584,577,575,570,580,572,445,586,569,581,579,582,576,578,571,587,568],"class_list":{"0":"post-2010","1":"product","2":"type-product","3":"status-publish","4":"has-post-thumbnail","6":"product_cat-laser-cutting","7":"product_tag-1064nm-laser-cutting","8":"product_tag-automation-laser-system","9":"product_tag-dual-platform-laser-cutting-system","10":"product_tag-glass-cold-processing","11":"product_tag-high-efficiency-glass-cutting","12":"product_tag-high-precision-laser-cutting","13":"product_tag-high-speed-laser-cutting","14":"product_tag-industrial-laser-equipment","15":"product_tag-infrared-picosecond-laser-cutting","16":"product_tag-low-heat-affected-zone","17":"product_tag-micron-level-precision-cutting","18":"product_tag-multiphoton-absorption-cutting","19":"product_tag-non-contact-laser-machining","20":"product_tag-optical-glass-processing","21":"product_tag-optical-lens-cutting","22":"product_tag-picosecond-laser-technology","23":"product_tag-quartz-glass-cutting","24":"product_tag-ra0-5m-surface-finish","25":"product_tag-sapphire-laser-cutting","26":"product_tag-semiconductor-wafer-laser-cutting","27":"product_tag-smartwatch-glass-cutting","28":"product_tag-tempered-glass-processing","29":"product_tag-transparent-material-laser-cutting","30":"product_tag-ultra-thin-glass-cutting","31":"product_tag-ultrafast-laser-cutting","32":"product_tag-zero-taper-cutting","33":"product_tag-zmsh-laser-equipment","34":"desktop-align-left","35":"tablet-align-left","36":"mobile-align-left","37":"ast-product-gallery-layout-horizontal-slider","38":"ast-product-tabs-layout-horizontal","40":"first","41":"instock","42":"shipping-taxable","43":"product-type-simple"},"_links":{"self":[{"href":"https:\/\/www.zmsh-semitech.com\/fr\/wp-json\/wp\/v2\/product\/2010","targetHints":{"allow":["GET"]}}],"collection":[{"href":"https:\/\/www.zmsh-semitech.com\/fr\/wp-json\/wp\/v2\/product"}],"about":[{"href":"https:\/\/www.zmsh-semitech.com\/fr\/wp-json\/wp\/v2\/types\/product"}],"replies":[{"embeddable":true,"href":"https:\/\/www.zmsh-semitech.com\/fr\/wp-json\/wp\/v2\/comments?post=2010"}],"version-history":[{"count":4,"href":"https:\/\/www.zmsh-semitech.com\/fr\/wp-json\/wp\/v2\/product\/2010\/revisions"}],"predecessor-version":[{"id":2019,"href":"https:\/\/www.zmsh-semitech.com\/fr\/wp-json\/wp\/v2\/product\/2010\/revisions\/2019"}],"wp:featuredmedia":[{"embeddable":true,"href":"https:\/\/www.zmsh-semitech.com\/fr\/wp-json\/wp\/v2\/media\/2017"}],"wp:attachment":[{"href":"https:\/\/www.zmsh-semitech.com\/fr\/wp-json\/wp\/v2\/media?parent=2010"}],"wp:term":[{"taxonomy":"product_brand","embeddable":true,"href":"https:\/\/www.zmsh-semitech.com\/fr\/wp-json\/wp\/v2\/product_brand?post=2010"},{"taxonomy":"product_cat","embeddable":true,"href":"https:\/\/www.zmsh-semitech.com\/fr\/wp-json\/wp\/v2\/product_cat?post=2010"},{"taxonomy":"product_tag","embeddable":true,"href":"https:\/\/www.zmsh-semitech.com\/fr\/wp-json\/wp\/v2\/product_tag?post=2010"}],"curies":[{"name":"wp","href":"https:\/\/api.w.org\/{rel}","templated":true}]}}