{"id":1981,"date":"2026-03-23T06:13:43","date_gmt":"2026-03-23T06:13:43","guid":{"rendered":"https:\/\/www.zmsh-semitech.com\/?post_type=product&#038;p=1981"},"modified":"2026-03-23T06:18:04","modified_gmt":"2026-03-23T06:18:04","slug":"sic-raw-material-synthesis-furnace","status":"publish","type":"product","link":"https:\/\/www.zmsh-semitech.com\/fr\/product\/sic-raw-material-synthesis-furnace\/","title":{"rendered":"50kg SiC Raw Material Synthesis Furnace Pr\u00e9paration de cristaux de carbure de silicium de haute puret\u00e9"},"content":{"rendered":"<p data-start=\"240\" data-end=\"569\"><img fetchpriority=\"high\" decoding=\"async\" class=\"size-medium wp-image-1989 alignleft\" src=\"https:\/\/www.zmsh-semitech.com\/wp-content\/uploads\/2026\/03\/Sic-raw-material-synthesis-furnace5-300x220.jpg\" alt=\"\" width=\"300\" height=\"220\" srcset=\"https:\/\/www.zmsh-semitech.com\/wp-content\/uploads\/2026\/03\/Sic-raw-material-synthesis-furnace5-300x220.jpg 300w, https:\/\/www.zmsh-semitech.com\/wp-content\/uploads\/2026\/03\/Sic-raw-material-synthesis-furnace5-16x12.jpg 16w, https:\/\/www.zmsh-semitech.com\/wp-content\/uploads\/2026\/03\/Sic-raw-material-synthesis-furnace5-600x439.jpg 600w, https:\/\/www.zmsh-semitech.com\/wp-content\/uploads\/2026\/03\/Sic-raw-material-synthesis-furnace5.jpg 680w\" sizes=\"(max-width: 300px) 100vw, 300px\" \/>Le four de synth\u00e8se de 50 kg pour mati\u00e8res premi\u00e8res SiC est un four sp\u00e9cialis\u00e9 \u00e0 haute temp\u00e9rature con\u00e7u pour produire des mati\u00e8res premi\u00e8res de carbure de silicium (SiC) de haute puret\u00e9. En tant que mat\u00e9riau semi-conducteur et c\u00e9ramique essentiel, le carbure de silicium est largement utilis\u00e9 dans l'industrie des semi-conducteurs et des c\u00e9ramiques.<span style=\"font-size: 16px;\">n \u00e9lectronique de puissance, dispositifs \u00e0 haute temp\u00e9rature, mat\u00e9riaux r\u00e9sistant \u00e0 l'usure et composants optiques.<\/span><\/p>\n<p data-start=\"571\" data-end=\"987\">Ce four convertit le silicium (Si) et le carbone (C) en SiC par le biais d'une r\u00e9action chimique contr\u00f4l\u00e9e \u00e0 haute temp\u00e9rature, ce qui en fait un \u00e9quipement essentiel dans la cha\u00eene de production du carbure de silicium. Sa conception garantit une grande puret\u00e9, un fonctionnement stable et des performances constantes, ce qui permet aux fabricants de r\u00e9pondre aux exigences rigoureuses des applications de semi-conducteurs avanc\u00e9s et de c\u00e9ramiques \u00e0 haute performance.<\/p>\n<h2 data-section-id=\"52xoay\" data-start=\"994\" data-end=\"1017\"><span role=\"text\"><strong data-start=\"997\" data-end=\"1015\">Principaux avantages<\/strong><\/span><\/h2>\n<ul data-start=\"1018\" data-end=\"1891\">\n<li data-section-id=\"wafd1l\" data-start=\"1018\" data-end=\"1134\"><strong data-start=\"1020\" data-end=\"1050\">Capacit\u00e9 \u00e0 haute temp\u00e9rature :<\/strong> Fournit des temp\u00e9ratures de four allant jusqu'\u00e0 2400\u00b0C, adapt\u00e9es \u00e0 une synth\u00e8se efficace du SiC.<\/li>\n<li data-section-id=\"qvgm69\" data-start=\"1135\" data-end=\"1250\"><strong data-start=\"1137\" data-end=\"1160\">Haute puret\u00e9 Sortie :<\/strong> Utilise des mati\u00e8res premi\u00e8res de haute puret\u00e9 et un contr\u00f4le de l'atmosph\u00e8re inerte pour produire du SiC ultra-pur.<\/li>\n<li data-section-id=\"11v9t45\" data-start=\"1251\" data-end=\"1360\"><strong data-start=\"1253\" data-end=\"1276\">Performance stable :<\/strong> La structure robuste garantit un fonctionnement fiable pour une production continue \u00e0 long terme.<\/li>\n<li data-section-id=\"caa80i\" data-start=\"1361\" data-end=\"1457\"><strong data-start=\"1363\" data-end=\"1385\">Faible contamination :<\/strong> L'atmosph\u00e8re inerte et les mat\u00e9riaux propres minimisent l'incorporation d'impuret\u00e9s.<\/li>\n<li data-section-id=\"ka169f\" data-start=\"1458\" data-end=\"1599\"><strong data-start=\"1460\" data-end=\"1487\">Grande capacit\u00e9 de chargement :<\/strong> Il supporte jusqu'\u00e0 50 kg de mati\u00e8res premi\u00e8res, ce qui am\u00e9liore la productivit\u00e9 et la compatibilit\u00e9 avec plusieurs fours \u00e0 cristaux.<\/li>\n<li data-section-id=\"1afhg2w\" data-start=\"1600\" data-end=\"1765\"><strong data-start=\"1602\" data-end=\"1624\">Contr\u00f4le de pr\u00e9cision :<\/strong> R\u00e9gulation avanc\u00e9e de la temp\u00e9rature et de la pression, avec en option une double mesure de la temp\u00e9rature et une surveillance infrarouge pour l'optimisation du processus.<\/li>\n<li data-section-id=\"i89isr\" data-start=\"1766\" data-end=\"1891\"><strong data-start=\"1768\" data-end=\"1795\">Configuration flexible :<\/strong> La conception modulaire permet une installation c\u00f4te \u00e0 c\u00f4te pour \u00e9conomiser de l'espace et optimiser l'utilisation de l'installation.<\/li>\n<\/ul>\n<h2 data-section-id=\"10oaxfc\" data-start=\"1898\" data-end=\"1931\"><span role=\"text\"><strong data-start=\"1901\" data-end=\"1929\">Sp\u00e9cifications techniques<\/strong><\/span><\/h2>\n<div class=\"TyagGW_tableContainer\">\n<div class=\"group TyagGW_tableWrapper flex flex-col-reverse w-fit\" tabindex=\"-1\">\n<table class=\"w-fit min-w-(--thread-content-width)\" data-start=\"1933\" data-end=\"2723\">\n<thead data-start=\"1933\" data-end=\"1960\">\n<tr data-start=\"1933\" data-end=\"1960\">\n<th class=\"\" data-start=\"1933\" data-end=\"1943\" data-col-size=\"sm\">Fonctionnalit\u00e9<\/th>\n<th class=\"\" data-start=\"1943\" data-end=\"1960\" data-col-size=\"md\">Sp\u00e9cifications<\/th>\n<\/tr>\n<\/thead>\n<tbody data-start=\"1989\" data-end=\"2723\">\n<tr data-start=\"1989\" data-end=\"2046\">\n<td data-start=\"1989\" data-end=\"2010\" data-col-size=\"sm\">Dimensions (L\u00d7L\u00d7H)<\/td>\n<td data-col-size=\"md\" data-start=\"2010\" data-end=\"2046\">4000\u00d73400\u00d74300 mm (personnalisable)<\/td>\n<\/tr>\n<tr data-start=\"2047\" data-end=\"2085\">\n<td data-start=\"2047\" data-end=\"2074\" data-col-size=\"sm\">Diam\u00e8tre de la chambre du four<\/td>\n<td data-col-size=\"md\" data-start=\"2074\" data-end=\"2085\">1100 mm<\/td>\n<\/tr>\n<tr data-start=\"2086\" data-end=\"2114\">\n<td data-start=\"2086\" data-end=\"2105\" data-col-size=\"sm\">Capacit\u00e9 de chargement<\/td>\n<td data-col-size=\"md\" data-start=\"2105\" data-end=\"2114\">50 kg<\/td>\n<\/tr>\n<tr data-start=\"2115\" data-end=\"2183\">\n<td data-start=\"2115\" data-end=\"2133\" data-col-size=\"sm\">Aspirateur ultime<\/td>\n<td data-col-size=\"md\" data-start=\"2133\" data-end=\"2183\">10-\u00b2 Pa (2 heures apr\u00e8s le d\u00e9marrage de la pompe mol\u00e9culaire)<\/td>\n<\/tr>\n<tr data-start=\"2184\" data-end=\"2244\">\n<td data-start=\"2184\" data-end=\"2213\" data-col-size=\"sm\">Taux de mont\u00e9e en pression de la chambre<\/td>\n<td data-col-size=\"md\" data-start=\"2213\" data-end=\"2244\">\u226410 Pa\/h (post-calcination)<\/td>\n<\/tr>\n<tr data-start=\"2245\" data-end=\"2285\">\n<td data-start=\"2245\" data-end=\"2274\" data-col-size=\"sm\">Course du couvercle inf\u00e9rieur du four<\/td>\n<td data-col-size=\"md\" data-start=\"2274\" data-end=\"2285\">1500 mm<\/td>\n<\/tr>\n<tr data-start=\"2286\" data-end=\"2324\">\n<td data-start=\"2286\" data-end=\"2303\" data-col-size=\"sm\">M\u00e9thode de chauffage<\/td>\n<td data-start=\"2303\" data-end=\"2324\" data-col-size=\"md\">Chauffage par induction<\/td>\n<\/tr>\n<tr data-start=\"2325\" data-end=\"2357\">\n<td data-start=\"2325\" data-end=\"2347\" data-col-size=\"sm\">Temp\u00e9rature maximale<\/td>\n<td data-start=\"2347\" data-end=\"2357\" data-col-size=\"md\">2400\u00b0C<\/td>\n<\/tr>\n<tr data-start=\"2358\" data-end=\"2392\">\n<td data-start=\"2358\" data-end=\"2381\" data-col-size=\"sm\">Alimentation du chauffage<\/td>\n<td data-start=\"2381\" data-end=\"2392\" data-col-size=\"md\">2\u00d740 kW<\/td>\n<\/tr>\n<tr data-start=\"2393\" data-end=\"2454\">\n<td data-start=\"2393\" data-end=\"2419\" data-col-size=\"sm\">Mesure de la temp\u00e9rature<\/td>\n<td data-col-size=\"md\" data-start=\"2419\" data-end=\"2454\">Thermom\u00e8tre infrarouge bicolore<\/td>\n<\/tr>\n<tr data-start=\"2455\" data-end=\"2489\">\n<td data-start=\"2455\" data-end=\"2475\" data-col-size=\"sm\">Plage de temp\u00e9rature<\/td>\n<td data-col-size=\"md\" data-start=\"2475\" data-end=\"2489\">900-3000\u00b0C<\/td>\n<\/tr>\n<tr data-start=\"2490\" data-end=\"2529\">\n<td data-start=\"2490\" data-end=\"2521\" data-col-size=\"sm\">Pr\u00e9cision du contr\u00f4le de la temp\u00e9rature<\/td>\n<td data-col-size=\"md\" data-start=\"2521\" data-end=\"2529\">\u00b11\u00b0C<\/td>\n<\/tr>\n<tr data-start=\"2530\" data-end=\"2569\">\n<td data-start=\"2530\" data-end=\"2555\" data-col-size=\"sm\">Plage de contr\u00f4le de la pression<\/td>\n<td data-col-size=\"md\" data-start=\"2555\" data-end=\"2569\">1-700 mbar<\/td>\n<\/tr>\n<tr data-start=\"2570\" data-end=\"2631\">\n<td data-start=\"2570\" data-end=\"2598\" data-col-size=\"sm\">Pr\u00e9cision du contr\u00f4le de la pression<\/td>\n<td data-col-size=\"md\" data-start=\"2598\" data-end=\"2631\">1-5 mbar (selon la gamme)<\/td>\n<\/tr>\n<tr data-start=\"2632\" data-end=\"2723\">\n<td data-start=\"2632\" data-end=\"2649\" data-col-size=\"sm\">M\u00e9thode de chargement<\/td>\n<td data-col-size=\"md\" data-start=\"2649\" data-end=\"2723\">Chargement r\u00e9duit ; chariot \u00e9l\u00e9vateur de d\u00e9chargement en option et double point de temp\u00e9rature<\/td>\n<\/tr>\n<\/tbody>\n<\/table>\n<\/div>\n<\/div>\n<h2 data-section-id=\"13tlhcf\" data-start=\"2730\" data-end=\"2756\"><span role=\"text\"><strong data-start=\"2733\" data-end=\"2754\">Avantages de la conception<\/strong><\/span><\/h2>\n<ol data-start=\"2757\" data-end=\"3517\">\n<li data-section-id=\"7ymlfh\" data-start=\"2757\" data-end=\"2882\">Le chargement \u00e0 haute capacit\u00e9 permet \u00e0 un seul four d'alimenter plusieurs fours \u00e0 longs cristaux, ce qui am\u00e9liore l'efficacit\u00e9 de la production.<\/li>\n<li data-section-id=\"y3ubiu\" data-start=\"2883\" data-end=\"2982\">La double alimentation \u00e0 fr\u00e9quence identique assure un contr\u00f4le pr\u00e9cis du gradient de temp\u00e9rature axial.<\/li>\n<li data-section-id=\"7q7579\" data-start=\"2983\" data-end=\"3103\">La mesure de la temp\u00e9rature par infrarouge en haut et en bas facilite la surveillance de la temp\u00e9rature en temps r\u00e9el et le d\u00e9bogage du processus.<\/li>\n<li data-section-id=\"3k74b3\" data-start=\"3104\" data-end=\"3219\">La pr\u00e9cision du contr\u00f4le du vide, de la pression et de la temp\u00e9rature garantit la synth\u00e8se de mati\u00e8res premi\u00e8res SiC ultra-pures.<\/li>\n<li data-section-id=\"1voekay\" data-start=\"3220\" data-end=\"3316\">Syst\u00e8me de chargement\/d\u00e9chargement s\u00fbr et fiable, \u00e9quip\u00e9 en option d'un chariot \u00e9l\u00e9vateur de d\u00e9chargement.<\/li>\n<li data-section-id=\"p45f8k\" data-start=\"3317\" data-end=\"3417\">Des vannes papillon de haute pr\u00e9cision et des r\u00e9gulateurs de d\u00e9bit massique maintiennent une atmosph\u00e8re stable dans le processus.<\/li>\n<li data-section-id=\"4p07o1\" data-start=\"3418\" data-end=\"3517\">La conception modulaire permet une disposition c\u00f4te \u00e0 c\u00f4te, ce qui optimise l'espace au sol et l'utilisation de l'usine.<\/li>\n<\/ol>\n<p><img decoding=\"async\" class=\"wp-image-1991 size-full aligncenter\" src=\"https:\/\/www.zmsh-semitech.com\/wp-content\/uploads\/2026\/03\/Sic-raw-material-synthesis-furnace6.png\" alt=\"\" width=\"680\" height=\"352\" srcset=\"https:\/\/www.zmsh-semitech.com\/wp-content\/uploads\/2026\/03\/Sic-raw-material-synthesis-furnace6.png 680w, https:\/\/www.zmsh-semitech.com\/wp-content\/uploads\/2026\/03\/Sic-raw-material-synthesis-furnace6-300x155.png 300w, https:\/\/www.zmsh-semitech.com\/wp-content\/uploads\/2026\/03\/Sic-raw-material-synthesis-furnace6-18x9.png 18w, https:\/\/www.zmsh-semitech.com\/wp-content\/uploads\/2026\/03\/Sic-raw-material-synthesis-furnace6-600x311.png 600w\" sizes=\"(max-width: 680px) 100vw, 680px\" \/><\/p>\n<h2 data-section-id=\"1imsgo3\" data-start=\"3524\" data-end=\"3558\"><span role=\"text\"><strong data-start=\"3527\" data-end=\"3556\">Applications et avantages<\/strong><\/span><\/h2>\n<p data-start=\"3559\" data-end=\"3737\">Le four de synth\u00e8se de mati\u00e8re premi\u00e8re SiC produit efficacement du carbure de silicium de haute puret\u00e9, atteignant des puret\u00e9s de 99,999% ou plus. La mati\u00e8re premi\u00e8re SiC synth\u00e9tis\u00e9e est id\u00e9ale pour :<\/p>\n<ul data-start=\"3738\" data-end=\"4228\">\n<li data-section-id=\"1fodfy7\" data-start=\"3738\" data-end=\"3850\"><strong data-start=\"3740\" data-end=\"3766\">Croissance monocristalline :<\/strong> Production de cristaux SiC de haute qualit\u00e9 pour les dispositifs de puissance tels que les MOSFET et les diodes.<\/li>\n<li data-section-id=\"be6ua8\" data-start=\"3851\" data-end=\"3955\"><strong data-start=\"3853\" data-end=\"3875\">\u00c9lectronique de puissance :<\/strong> Permettre l'utilisation de dispositifs \u00e0 haute tension, \u00e0 faible perte et \u00e0 haute fr\u00e9quence.<\/li>\n<li data-section-id=\"2a320o\" data-start=\"3956\" data-end=\"4083\"><strong data-start=\"3958\" data-end=\"3994\">Automobile et \u00e9nergies renouvelables :<\/strong> Am\u00e9liorer les v\u00e9hicules \u00e9lectriques, les onduleurs solaires et d'autres applications \u00e0 haute performance.<\/li>\n<li data-section-id=\"1kgacmz\" data-start=\"4084\" data-end=\"4228\"><strong data-start=\"4086\" data-end=\"4128\">C\u00e9ramiques et dispositifs optiques avanc\u00e9s :<\/strong> Extension des applications du SiC au-del\u00e0 des semi-conducteurs, dans les c\u00e9ramiques industrielles et les composants optiques.<\/li>\n<\/ul>\n<h2 data-section-id=\"tdegxz\" data-start=\"4235\" data-end=\"4257\"><span role=\"text\"><strong data-start=\"4238\" data-end=\"4255\">ZMSH Services<\/strong><\/span><\/h2>\n<p data-start=\"4258\" data-end=\"4725\">ZMSH fournit une assistance compl\u00e8te, depuis la conception et la fabrication des fours jusqu'au service apr\u00e8s-vente. Cela comprend la personnalisation des \u00e9quipements, l'optimisation des processus et la formation technique. Gr\u00e2ce \u00e0 une technologie de pointe et \u00e0 une vaste exp\u00e9rience industrielle, ZMSH garantit un rendement \u00e9lev\u00e9, un fonctionnement stable avec une faible consommation d'\u00e9nergie et offre une assistance technique rapide et permanente afin d'aider les clients \u00e0 produire \u00e0 grande \u00e9chelle des mati\u00e8res premi\u00e8res de carbure de silicium de haute puret\u00e9.<\/p>\n<h2 data-section-id=\"1uqg4yw\" data-start=\"4732\" data-end=\"4773\"><span role=\"text\"><strong data-start=\"4735\" data-end=\"4771\">Foire aux questions (FAQ)<\/strong><\/span><\/h2>\n<p data-start=\"4774\" data-end=\"5024\"><strong data-start=\"4774\" data-end=\"4842\">Q1 : Quelle est la fonction d'un four de synth\u00e8se de mati\u00e8res premi\u00e8res SiC ?<\/strong><br data-start=\"4842\" data-end=\"4845\" \/>R : Il est utilis\u00e9 pour produire des mati\u00e8res premi\u00e8res de carbure de silicium (SiC) de haute puret\u00e9 par le biais de r\u00e9actions chimiques \u00e0 haute temp\u00e9rature, essentielles pour les semi-conducteurs, les c\u00e9ramiques et les composants optiques.<\/p>\n<p data-start=\"5026\" data-end=\"5265\"><strong data-start=\"5026\" data-end=\"5104\">Q2 : Pourquoi un four de synth\u00e8se SiC est-il important pour la production de semi-conducteurs ?<\/strong><br data-start=\"5104\" data-end=\"5107\" \/>R : Il permet la production de SiC ultra-pur, ce qui est crucial pour la croissance de cristaux de SiC de haute qualit\u00e9 utilis\u00e9s dans l'\u00e9lectronique de puissance et les dispositifs \u00e0 haute fr\u00e9quence.<\/p>\n<p data-start=\"5267\" data-end=\"5449\"><strong data-start=\"5267\" data-end=\"5327\">Q3 : Quelle est la capacit\u00e9 de charge maximale du four ?<\/strong><br data-start=\"5327\" data-end=\"5330\" \/>R : La capacit\u00e9 de chargement standard est de 50 kg, ce qui permet une production \u00e0 grande \u00e9chelle et l'alimentation de plusieurs fours \u00e0 cristaux.<\/p>\n<p data-start=\"5451\" data-end=\"5708\"><strong data-start=\"5451\" data-end=\"5526\">Q4 : Quelles sont les pr\u00e9cisions de contr\u00f4le de la temp\u00e9rature et de la pression du four ?<\/strong><br data-start=\"5526\" data-end=\"5529\" \/>A : La pr\u00e9cision du contr\u00f4le de la temp\u00e9rature est de \u00b11\u00b0C. La pr\u00e9cision du contr\u00f4le de la pression varie de \u00b10,1 mbar \u00e0 \u00b10,5 mbar en fonction de la plage de pression, ce qui garantit la stabilit\u00e9 de la synth\u00e8se du SiC de haute puret\u00e9.<\/p>","protected":false},"excerpt":{"rendered":"<p>Le four de synth\u00e8se des mati\u00e8res premi\u00e8res SiC de 50 kg est un four sp\u00e9cialis\u00e9 \u00e0 haute temp\u00e9rature con\u00e7u pour produire des mati\u00e8res premi\u00e8res de carbure de silicium (SiC) de haute puret\u00e9. En tant que mat\u00e9riau semi-conducteur et c\u00e9ramique essentiel, le carbure de silicium est largement utilis\u00e9 dans l'\u00e9lectronique de puissance, les dispositifs \u00e0 haute temp\u00e9rature, les mat\u00e9riaux r\u00e9sistants \u00e0 l'usure et les composants optiques.<\/p>","protected":false},"featured_media":1984,"comment_status":"open","ping_status":"closed","template":"","meta":{"site-sidebar-layout":"default","site-content-layout":"","ast-site-content-layout":"default","site-content-style":"default","site-sidebar-style":"default","ast-global-header-display":"","ast-banner-title-visibility":"","ast-main-header-display":"","ast-hfb-above-header-display":"","ast-hfb-below-header-display":"","ast-hfb-mobile-header-display":"","site-post-title":"","ast-breadcrumbs-content":"","ast-featured-img":"","footer-sml-layout":"","ast-disable-related-posts":"","theme-transparent-header-meta":"default","adv-header-id-meta":"","stick-header-meta":"default","header-above-stick-meta":"","header-main-stick-meta":"","header-below-stick-meta":"","astra-migrate-meta-layouts":"set","ast-page-background-enabled":"default","ast-page-background-meta":{"desktop":{"background-color":"var(--ast-global-color-4)","background-image":"","background-repeat":"repeat","background-position":"center center","background-size":"auto","background-attachment":"scroll","background-type":"","background-media":"","overlay-type":"","overlay-color":"","overlay-opacity":"","overlay-gradient":""},"tablet":{"background-color":"","background-image":"","background-repeat":"repeat","background-position":"center center","background-size":"auto","background-attachment":"scroll","background-type":"","background-media":"","overlay-type":"","overlay-color":"","overlay-opacity":"","overlay-gradient":""},"mobile":{"background-color":"","background-image":"","background-repeat":"repeat","background-position":"center center","background-size":"auto","background-attachment":"scroll","background-type":"","background-media":"","overlay-type":"","overlay-color":"","overlay-opacity":"","overlay-gradient":""}},"ast-content-background-meta":{"desktop":{"background-color":"var(--ast-global-color-5)","background-image":"","background-repeat":"repeat","background-position":"center center","background-size":"auto","background-attachment":"scroll","background-type":"","background-media":"","overlay-type":"","overlay-color":"","overlay-opacity":"","overlay-gradient":""},"tablet":{"background-color":"var(--ast-global-color-5)","background-image":"","background-repeat":"repeat","background-position":"center center","background-size":"auto","background-attachment":"scroll","background-type":"","background-media":"","overlay-type":"","overlay-color":"","overlay-opacity":"","overlay-gradient":""},"mobile":{"background-color":"var(--ast-global-color-5)","background-image":"","background-repeat":"repeat","background-position":"center center","background-size":"auto","background-attachment":"scroll","background-type":"","background-media":"","overlay-type":"","overlay-color":"","overlay-opacity":"","overlay-gradient":""}}},"product_brand":[],"product_cat":[15],"product_tag":[489,504,506,492,496,500,499,505,498,495,507,494,493,501,490,503,491,486,502,497,508],"class_list":{"0":"post-1981","1":"product","2":"type-product","3":"status-publish","4":"has-post-thumbnail","6":"product_cat-crystal-growth-furnace","7":"product_tag-50kg-sic-raw-material-synthesis-furnace","8":"product_tag-crystal-growth","9":"product_tag-furnace-automation","10":"product_tag-high-purity-sic","11":"product_tag-high-temperature-devices","12":"product_tag-high-temperature-furnace","13":"product_tag-induction-heating-furnace","14":"product_tag-industrial-sic-production","15":"product_tag-optical-devices","16":"product_tag-power-electronics","17":"product_tag-pressure-control","18":"product_tag-semiconductor-materials","19":"product_tag-sic-crystal-preparation","20":"product_tag-sic-powder-production","21":"product_tag-sic-raw-material-furnace","22":"product_tag-sic-single-crystal","23":"product_tag-silicon-carbide-synthesis-furnace","24":"product_tag-temperature-control","25":"product_tag-ultra-pure-sic","26":"product_tag-wear-resistant-materials","27":"product_tag-zmsh-equipment","28":"desktop-align-left","29":"tablet-align-left","30":"mobile-align-left","31":"ast-product-gallery-layout-horizontal-slider","32":"ast-product-tabs-layout-horizontal","34":"first","35":"instock","36":"shipping-taxable","37":"product-type-simple"},"_links":{"self":[{"href":"https:\/\/www.zmsh-semitech.com\/fr\/wp-json\/wp\/v2\/product\/1981","targetHints":{"allow":["GET"]}}],"collection":[{"href":"https:\/\/www.zmsh-semitech.com\/fr\/wp-json\/wp\/v2\/product"}],"about":[{"href":"https:\/\/www.zmsh-semitech.com\/fr\/wp-json\/wp\/v2\/types\/product"}],"replies":[{"embeddable":true,"href":"https:\/\/www.zmsh-semitech.com\/fr\/wp-json\/wp\/v2\/comments?post=1981"}],"version-history":[{"count":3,"href":"https:\/\/www.zmsh-semitech.com\/fr\/wp-json\/wp\/v2\/product\/1981\/revisions"}],"predecessor-version":[{"id":1992,"href":"https:\/\/www.zmsh-semitech.com\/fr\/wp-json\/wp\/v2\/product\/1981\/revisions\/1992"}],"wp:featuredmedia":[{"embeddable":true,"href":"https:\/\/www.zmsh-semitech.com\/fr\/wp-json\/wp\/v2\/media\/1984"}],"wp:attachment":[{"href":"https:\/\/www.zmsh-semitech.com\/fr\/wp-json\/wp\/v2\/media?parent=1981"}],"wp:term":[{"taxonomy":"product_brand","embeddable":true,"href":"https:\/\/www.zmsh-semitech.com\/fr\/wp-json\/wp\/v2\/product_brand?post=1981"},{"taxonomy":"product_cat","embeddable":true,"href":"https:\/\/www.zmsh-semitech.com\/fr\/wp-json\/wp\/v2\/product_cat?post=1981"},{"taxonomy":"product_tag","embeddable":true,"href":"https:\/\/www.zmsh-semitech.com\/fr\/wp-json\/wp\/v2\/product_tag?post=1981"}],"curies":[{"name":"wp","href":"https:\/\/api.w.org\/{rel}","templated":true}]}}