{"id":1958,"date":"2026-03-17T07:34:59","date_gmt":"2026-03-17T07:34:59","guid":{"rendered":"https:\/\/www.zmsh-semitech.com\/?post_type=product&#038;p=1958"},"modified":"2026-03-20T07:40:41","modified_gmt":"2026-03-20T07:40:41","slug":"sic-growth-furnace-pvt-method-for-6-12-inch-silicon-carbide-crystal-production","status":"publish","type":"product","link":"https:\/\/www.zmsh-semitech.com\/fr\/product\/sic-growth-furnace-pvt-method-for-6-12-inch-silicon-carbide-crystal-production\/","title":{"rendered":"Four de croissance SiC (m\u00e9thode PVT) pour la production de cristaux de carbure de silicium de 6 \u00e0 12 pouces"},"content":{"rendered":"<p data-start=\"202\" data-end=\"374\"><img fetchpriority=\"high\" decoding=\"async\" class=\"size-medium wp-image-1960 alignleft\" src=\"https:\/\/www.zmsh-semitech.com\/wp-content\/uploads\/2026\/03\/sic_growth_furnace_pvt_method_6inch_8inch_12_inch_low_energy_consumption1-300x300.webp\" alt=\"\" width=\"300\" height=\"300\" srcset=\"https:\/\/www.zmsh-semitech.com\/wp-content\/uploads\/2026\/03\/sic_growth_furnace_pvt_method_6inch_8inch_12_inch_low_energy_consumption1-300x300.webp 300w, https:\/\/www.zmsh-semitech.com\/wp-content\/uploads\/2026\/03\/sic_growth_furnace_pvt_method_6inch_8inch_12_inch_low_energy_consumption1-150x150.webp 150w, https:\/\/www.zmsh-semitech.com\/wp-content\/uploads\/2026\/03\/sic_growth_furnace_pvt_method_6inch_8inch_12_inch_low_energy_consumption1-12x12.webp 12w, https:\/\/www.zmsh-semitech.com\/wp-content\/uploads\/2026\/03\/sic_growth_furnace_pvt_method_6inch_8inch_12_inch_low_energy_consumption1-600x600.webp 600w, https:\/\/www.zmsh-semitech.com\/wp-content\/uploads\/2026\/03\/sic_growth_furnace_pvt_method_6inch_8inch_12_inch_low_energy_consumption1-100x100.webp 100w, https:\/\/www.zmsh-semitech.com\/wp-content\/uploads\/2026\/03\/sic_growth_furnace_pvt_method_6inch_8inch_12_inch_low_energy_consumption1.webp 750w\" sizes=\"(max-width: 300px) 100vw, 300px\" \/>Le four de croissance SiC (m\u00e9thode PVT) est un syst\u00e8me \u00e0 haute performance con\u00e7u pour la production de monocristaux de carbure de silicium (SiC) de 6, 8 et 12 pouces.<\/p>\n<p data-start=\"376\" data-end=\"589\">Utilisant une technologie avanc\u00e9e de chauffage par induction, le four permet un chauffage rapide, un contr\u00f4le pr\u00e9cis de la temp\u00e9rature et une faible consommation d'\u00e9nergie, ce qui en fait une solution id\u00e9ale pour la croissance de cristaux de SiC \u00e0 l'\u00e9chelle industrielle.<\/p>\n<p data-start=\"591\" data-end=\"734\">Il est largement utilis\u00e9 dans la fabrication de substrats SiC pour l'\u00e9lectronique de puissance, les dispositifs RF et les applications semi-conductrices de la prochaine g\u00e9n\u00e9ration.<\/p>\n<h2 data-section-id=\"1j5qwet\" data-start=\"741\" data-end=\"760\"><span role=\"text\">Caract\u00e9ristiques principales<\/span><\/h2>\n<ul data-start=\"762\" data-end=\"1326\">\n<li data-section-id=\"ogs6zi\" data-start=\"762\" data-end=\"901\">\n<p data-start=\"764\" data-end=\"901\">Syst\u00e8me de chauffage par induction<br data-start=\"792\" data-end=\"795\" \/>Le chauffage \u00e9lectromagn\u00e9tique direct du creuset en graphite garantit une grande efficacit\u00e9 et une r\u00e9ponse thermique rapide.<\/p>\n<\/li>\n<li data-section-id=\"z07p8\" data-start=\"903\" data-end=\"1015\">\n<p data-start=\"905\" data-end=\"1015\">Contr\u00f4le ultra-pr\u00e9cis de la temp\u00e9rature<br data-start=\"942\" data-end=\"945\" \/>Pr\u00e9cision jusqu'\u00e0 \u00b11\u00b0C, garantissant des conditions de croissance cristalline stables<\/p>\n<\/li>\n<li data-section-id=\"zdj5hp\" data-start=\"1017\" data-end=\"1115\">\n<p data-start=\"1019\" data-end=\"1115\">Faible consommation d'\u00e9nergie<br data-start=\"1045\" data-end=\"1048\" \/>La conception thermique optimis\u00e9e r\u00e9duit consid\u00e9rablement les co\u00fbts d'exploitation<\/p>\n<\/li>\n<li data-section-id=\"bvht84\" data-start=\"1117\" data-end=\"1228\">\n<p data-start=\"1119\" data-end=\"1228\">Stabilit\u00e9 \u00e9lev\u00e9e et faible contamination<br data-start=\"1157\" data-end=\"1160\" \/>Chauffage sans contact + environnement de gaz inerte minimisant les impuret\u00e9s<\/p>\n<\/li>\n<li data-section-id=\"zzzuyf\" data-start=\"1230\" data-end=\"1326\">\n<p data-start=\"1232\" data-end=\"1326\">\u00c9volutif pour les cristaux de grand diam\u00e8tre<br data-start=\"1272\" data-end=\"1275\" \/>Permet la croissance de cristaux SiC de 6\u2033, 8\u2033 et 12\u2033.<\/p>\n<\/li>\n<\/ul>\n<h2 data-section-id=\"id1bjs\" data-start=\"1333\" data-end=\"1364\"><span role=\"text\">Sp\u00e9cifications techniques<\/span><\/h2>\n<div class=\"TyagGW_tableContainer\">\n<div class=\"group TyagGW_tableWrapper flex flex-col-reverse w-fit\" tabindex=\"-1\">\n<table class=\"w-fit min-w-(--thread-content-width)\" data-start=\"1366\" data-end=\"1845\">\n<thead data-start=\"1366\" data-end=\"1395\">\n<tr data-start=\"1366\" data-end=\"1395\">\n<th class=\"\" data-start=\"1366\" data-end=\"1378\" data-col-size=\"sm\">Param\u00e8tres<\/th>\n<th class=\"\" data-start=\"1378\" data-end=\"1395\" data-col-size=\"sm\">Sp\u00e9cifications<\/th>\n<\/tr>\n<\/thead>\n<tbody data-start=\"1423\" data-end=\"1845\">\n<tr data-start=\"1423\" data-end=\"1484\">\n<td data-start=\"1423\" data-end=\"1444\" data-col-size=\"sm\">Dimensions (L\u00d7L\u00d7H)<\/td>\n<td data-col-size=\"sm\" data-start=\"1444\" data-end=\"1484\">3200 \u00d7 1150 \u00d7 3600 mm (personnalisable)<\/td>\n<\/tr>\n<tr data-start=\"1485\" data-end=\"1522\">\n<td data-start=\"1485\" data-end=\"1512\" data-col-size=\"sm\">Diam\u00e8tre de la chambre du four<\/td>\n<td data-col-size=\"sm\" data-start=\"1512\" data-end=\"1522\">400 mm<\/td>\n<\/tr>\n<tr data-start=\"1523\" data-end=\"1555\">\n<td data-start=\"1523\" data-end=\"1545\" data-col-size=\"sm\">Temp\u00e9rature maximale<\/td>\n<td data-col-size=\"sm\" data-start=\"1545\" data-end=\"1555\">2400\u00b0C<\/td>\n<\/tr>\n<tr data-start=\"1556\" data-end=\"1590\">\n<td data-start=\"1556\" data-end=\"1576\" data-col-size=\"sm\">Plage de temp\u00e9rature<\/td>\n<td data-col-size=\"sm\" data-start=\"1576\" data-end=\"1590\">900-3000\u00b0C<\/td>\n<\/tr>\n<tr data-start=\"1591\" data-end=\"1622\">\n<td data-start=\"1591\" data-end=\"1614\" data-col-size=\"sm\">Pr\u00e9cision de la temp\u00e9rature<\/td>\n<td data-col-size=\"sm\" data-start=\"1614\" data-end=\"1622\">\u00b11\u00b0C<\/td>\n<\/tr>\n<tr data-start=\"1623\" data-end=\"1661\">\n<td data-start=\"1623\" data-end=\"1640\" data-col-size=\"sm\">M\u00e9thode de chauffage<\/td>\n<td data-col-size=\"sm\" data-start=\"1640\" data-end=\"1661\">Chauffage par induction<\/td>\n<\/tr>\n<tr data-start=\"1662\" data-end=\"1696\">\n<td data-start=\"1662\" data-end=\"1677\" data-col-size=\"sm\">Alimentation \u00e9lectrique<\/td>\n<td data-col-size=\"sm\" data-start=\"1677\" data-end=\"1696\">40 kW, 8-12 kHz<\/td>\n<\/tr>\n<tr data-start=\"1697\" data-end=\"1727\">\n<td data-start=\"1697\" data-end=\"1712\" data-col-size=\"sm\">Niveau de vide<\/td>\n<td data-col-size=\"sm\" data-start=\"1712\" data-end=\"1727\">5 \u00d7 10-\u2074 Pa<\/td>\n<\/tr>\n<tr data-start=\"1728\" data-end=\"1759\">\n<td data-start=\"1728\" data-end=\"1745\" data-col-size=\"sm\">Gamme de pression<\/td>\n<td data-col-size=\"sm\" data-start=\"1745\" data-end=\"1759\">1-700 mbar<\/td>\n<\/tr>\n<tr data-start=\"1760\" data-end=\"1809\">\n<td data-start=\"1760\" data-end=\"1786\" data-col-size=\"sm\">Mesure de la temp\u00e9rature<\/td>\n<td data-col-size=\"sm\" data-start=\"1786\" data-end=\"1809\">Infrarouge bicolore<\/td>\n<\/tr>\n<tr data-start=\"1810\" data-end=\"1845\">\n<td data-start=\"1810\" data-end=\"1827\" data-col-size=\"sm\">M\u00e9thode de chargement<\/td>\n<td data-col-size=\"sm\" data-start=\"1827\" data-end=\"1845\">Chargement par le bas<\/td>\n<\/tr>\n<\/tbody>\n<\/table>\n<\/div>\n<\/div>\n<h2 data-section-id=\"19xifj\" data-start=\"1852\" data-end=\"1876\"><span role=\"text\">Avantages de la conception<\/span><\/h2>\n<ul data-start=\"1878\" data-end=\"2444\">\n<li data-section-id=\"15rdkd0\" data-start=\"1878\" data-end=\"1949\">\n<p data-start=\"1880\" data-end=\"1949\">Compatible avec la croissance de cristaux SiC semi-isolants et conducteurs<\/p>\n<\/li>\n<li data-section-id=\"3g3jo9\" data-start=\"1950\" data-end=\"2014\">\n<p data-start=\"1952\" data-end=\"2014\">Le syst\u00e8me de rotation du creuset am\u00e9liore l'uniformit\u00e9 de la temp\u00e9rature<\/p>\n<\/li>\n<li data-section-id=\"s4nwuu\" data-start=\"2015\" data-end=\"2084\">\n<p data-start=\"2017\" data-end=\"2084\">L'\u00e9l\u00e9vation r\u00e9glable de la bobine d'induction r\u00e9duit les perturbations thermiques<\/p>\n<\/li>\n<li data-section-id=\"1cea8gr\" data-start=\"2085\" data-end=\"2160\">\n<p data-start=\"2087\" data-end=\"2160\">La chambre \u00e0 quartz \u00e0 double couche refroidie \u00e0 l'eau prolonge la dur\u00e9e de vie de l'\u00e9quipement<\/p>\n<\/li>\n<li data-section-id=\"c1n2wn\" data-start=\"2161\" data-end=\"2212\">\n<p data-start=\"2163\" data-end=\"2212\">Contr\u00f4le de la temp\u00e9rature \u00e0 deux points en temps r\u00e9el<\/p>\n<\/li>\n<li data-section-id=\"wvcxrl\" data-start=\"2213\" data-end=\"2279\">\n<p data-start=\"2215\" data-end=\"2279\">Modes de contr\u00f4le multiples : puissance constante \/ courant \/ temp\u00e9rature<\/p>\n<\/li>\n<li data-section-id=\"1it8b3k\" data-start=\"2280\" data-end=\"2339\">\n<p data-start=\"2282\" data-end=\"2339\">D\u00e9marrage intelligent en un clic pour un fonctionnement automatis\u00e9<\/p>\n<\/li>\n<li data-section-id=\"1fwnkom\" data-start=\"2340\" data-end=\"2390\">\n<p data-start=\"2342\" data-end=\"2390\">Structure compacte pour un am\u00e9nagement efficace de l'usine<\/p>\n<\/li>\n<li data-section-id=\"ukpte9\" data-start=\"2391\" data-end=\"2444\">\n<p data-start=\"2393\" data-end=\"2444\">Contr\u00f4le de pression de haute pr\u00e9cision (jusqu'\u00e0 \u00b11 Pa)<\/p>\n<\/li>\n<\/ul>\n<h2 data-section-id=\"dd8gcy\" data-start=\"2451\" data-end=\"2484\"><span role=\"text\">Performances et applications<\/span><\/h2>\n<p data-start=\"2486\" data-end=\"2606\">Le four permet la croissance de monocristaux de SiC de haute puret\u00e9 (\u226599,999%) et pr\u00e9sentant peu de d\u00e9fauts, ce qui est essentiel pour.. :<\/p>\n<ul data-start=\"2608\" data-end=\"2760\">\n<li data-section-id=\"13272pw\" data-start=\"2608\" data-end=\"2625\">\n<p data-start=\"2610\" data-end=\"2625\">MOSFETs SiC<\/p>\n<\/li>\n<li data-section-id=\"1io6t0d\" data-start=\"2626\" data-end=\"2647\">\n<p data-start=\"2628\" data-end=\"2647\">Diodes Schottky<\/p>\n<\/li>\n<li data-section-id=\"y84f9z\" data-start=\"2648\" data-end=\"2664\">\n<p data-start=\"2650\" data-end=\"2664\">Dispositifs RF<\/p>\n<\/li>\n<li data-section-id=\"1pnu15w\" data-start=\"2665\" data-end=\"2707\">\n<p data-start=\"2667\" data-end=\"2707\">V\u00e9hicules \u00e9lectriques (modules d'alimentation pour VE)<\/p>\n<\/li>\n<li data-section-id=\"y6h80t\" data-start=\"2708\" data-end=\"2729\">\n<p data-start=\"2710\" data-end=\"2729\">Onduleurs solaires<\/p>\n<\/li>\n<li data-section-id=\"1qsmuuk\" data-start=\"2730\" data-end=\"2760\">\n<p data-start=\"2732\" data-end=\"2760\">Syst\u00e8mes de communication 5G<\/p>\n<\/li>\n<\/ul>\n<p data-start=\"2762\" data-end=\"2913\">Gr\u00e2ce \u00e0 un contr\u00f4le thermique stable et \u00e0 des conditions de croissance optimis\u00e9es, le syst\u00e8me garantit un rendement, une coh\u00e9rence et une \u00e9volutivit\u00e9 \u00e9lev\u00e9s pour la production industrielle.<\/p>\n<p data-start=\"2762\" data-end=\"2913\"><img decoding=\"async\" class=\"wp-image-1959 size-full aligncenter\" src=\"https:\/\/www.zmsh-semitech.com\/wp-content\/uploads\/2026\/03\/SiC-Growth-Furnace5.png\" alt=\"\" width=\"680\" height=\"235\" srcset=\"https:\/\/www.zmsh-semitech.com\/wp-content\/uploads\/2026\/03\/SiC-Growth-Furnace5.png 680w, https:\/\/www.zmsh-semitech.com\/wp-content\/uploads\/2026\/03\/SiC-Growth-Furnace5-300x104.png 300w, https:\/\/www.zmsh-semitech.com\/wp-content\/uploads\/2026\/03\/SiC-Growth-Furnace5-18x6.png 18w, https:\/\/www.zmsh-semitech.com\/wp-content\/uploads\/2026\/03\/SiC-Growth-Furnace5-600x207.png 600w\" sizes=\"(max-width: 680px) 100vw, 680px\" \/><\/p>\n<h2 data-section-id=\"5j7o8m\" data-start=\"2920\" data-end=\"2950\"><span role=\"text\">Nos capacit\u00e9s (ZMSH)<\/span><\/h2>\n<h3 data-section-id=\"nzquib\" data-start=\"2952\" data-end=\"2986\"><span role=\"text\">1. Fabrication des \u00e9quipements<\/span><\/h3>\n<ul data-start=\"2987\" data-end=\"3088\">\n<li data-section-id=\"wv6e21\" data-start=\"2987\" data-end=\"3023\">\n<p data-start=\"2989\" data-end=\"3023\">Conception d'un four de croissance SiC sur mesure<\/p>\n<\/li>\n<li data-section-id=\"1g5dx6p\" data-start=\"3024\" data-end=\"3088\">\n<p data-start=\"3026\" data-end=\"3088\">Prise en charge de diff\u00e9rentes tailles de cristaux et exigences en mati\u00e8re de processus<\/p>\n<\/li>\n<\/ul>\n<h3 data-section-id=\"1pgjp80\" data-start=\"3090\" data-end=\"3121\"><span role=\"text\">2. Optimisation du processus<\/span><\/h3>\n<ul data-start=\"3122\" data-end=\"3194\">\n<li data-section-id=\"1jqry7h\" data-start=\"3122\" data-end=\"3153\">\n<p data-start=\"3124\" data-end=\"3153\">R\u00e9glage des param\u00e8tres de croissance PVT<\/p>\n<\/li>\n<li data-section-id=\"10fvpi3\" data-start=\"3154\" data-end=\"3194\">\n<p data-start=\"3156\" data-end=\"3194\">Am\u00e9lioration du rendement et de la densit\u00e9 des d\u00e9fauts<\/p>\n<\/li>\n<\/ul>\n<h3 data-section-id=\"1r72ltt\" data-start=\"3196\" data-end=\"3230\"><span role=\"text\">3. Installation et formation<\/span><\/h3>\n<ul data-start=\"3231\" data-end=\"3293\">\n<li data-section-id=\"1ai7hs2\" data-start=\"3231\" data-end=\"3256\">\n<p data-start=\"3233\" data-end=\"3256\">Mise en service sur site<\/p>\n<\/li>\n<li data-section-id=\"19g5oqu\" data-start=\"3257\" data-end=\"3293\">\n<p data-start=\"3259\" data-end=\"3293\">Formation \u00e0 l'exploitation et \u00e0 la maintenance<\/p>\n<\/li>\n<\/ul>\n<h3 data-section-id=\"10lvac2\" data-start=\"3295\" data-end=\"3325\"><span role=\"text\">4. Assistance apr\u00e8s-vente<\/span><\/h3>\n<ul data-start=\"3326\" data-end=\"3393\">\n<li data-section-id=\"19dqvur\" data-start=\"3326\" data-end=\"3355\">\n<p data-start=\"3328\" data-end=\"3355\">Assistance technique 24 heures sur 24, 7 jours sur 7<\/p>\n<\/li>\n<li data-section-id=\"k1vcv1\" data-start=\"3356\" data-end=\"3393\">\n<p data-start=\"3358\" data-end=\"3393\">R\u00e9ponse rapide de l'ing\u00e9nierie<\/p>\n<\/li>\n<\/ul>\n<h2 data-section-id=\"elc90z\" data-start=\"3400\" data-end=\"3410\"><span role=\"text\">FAQ<\/span><\/h2>\n<p data-start=\"3412\" data-end=\"3632\">Q1 : Qu'est-ce que la m\u00e9thode PVT dans la croissance des cristaux de SiC ?<br data-start=\"3465\" data-end=\"3468\" \/>R : Le transport physique de vapeur (PVT) est un processus au cours duquel la poudre de SiC est sublim\u00e9e \u00e0 haute temp\u00e9rature et recristallis\u00e9e sur un cristal de d\u00e9part pour former des monocristaux en vrac.<\/p>\n<p data-start=\"3634\" data-end=\"3841\">Q2 : Pourquoi choisir le chauffage par induction pour la croissance du SiC ?<br data-start=\"3686\" data-end=\"3689\" \/>R : Le chauffage par induction offre une r\u00e9ponse rapide, une efficacit\u00e9 \u00e9lev\u00e9e et un contr\u00f4le pr\u00e9cis, qui sont essentiels pour une croissance stable des cristaux de SiC \u00e0 faible teneur en d\u00e9fauts.<\/p>","protected":false},"excerpt":{"rendered":"<p data-start=\"202\" data-end=\"374\">Le four de croissance SiC (m\u00e9thode PVT) est un syst\u00e8me \u00e0 haute performance con\u00e7u pour la production de monocristaux de carbure de silicium (SiC) de 6, 8 et 12 pouces.<\/p>\n<p data-start=\"376\" data-end=\"589\">Utilisant une technologie avanc\u00e9e de chauffage par induction, le four permet un chauffage rapide, un contr\u00f4le pr\u00e9cis de la temp\u00e9rature et une faible consommation d'\u00e9nergie, ce qui en fait une solution id\u00e9ale pour la croissance de cristaux de SiC \u00e0 l'\u00e9chelle industrielle.<\/p>\n<p data-start=\"591\" data-end=\"734\">Il est largement utilis\u00e9 dans la fabrication de substrats SiC pour l'\u00e9lectronique de puissance, les dispositifs RF et les applications semi-conductrices de la prochaine g\u00e9n\u00e9ration.<\/p>","protected":false},"featured_media":1961,"comment_status":"open","ping_status":"closed","template":"","meta":{"site-sidebar-layout":"default","site-content-layout":"","ast-site-content-layout":"default","site-content-style":"default","site-sidebar-style":"default","ast-global-header-display":"","ast-banner-title-visibility":"","ast-main-header-display":"","ast-hfb-above-header-display":"","ast-hfb-below-header-display":"","ast-hfb-mobile-header-display":"","site-post-title":"","ast-breadcrumbs-content":"","ast-featured-img":"","footer-sml-layout":"","ast-disable-related-posts":"","theme-transparent-header-meta":"default","adv-header-id-meta":"","stick-header-meta":"default","header-above-stick-meta":"","header-main-stick-meta":"","header-below-stick-meta":"","astra-migrate-meta-layouts":"set","ast-page-background-enabled":"default","ast-page-background-meta":{"desktop":{"background-color":"var(--ast-global-color-4)","background-image":"","background-repeat":"repeat","background-position":"center center","background-size":"auto","background-attachment":"scroll","background-type":"","background-media":"","overlay-type":"","overlay-color":"","overlay-opacity":"","overlay-gradient":""},"tablet":{"background-color":"","background-image":"","background-repeat":"repeat","background-position":"center center","background-size":"auto","background-attachment":"scroll","background-type":"","background-media":"","overlay-type":"","overlay-color":"","overlay-opacity":"","overlay-gradient":""},"mobile":{"background-color":"","background-image":"","background-repeat":"repeat","background-position":"center center","background-size":"auto","background-attachment":"scroll","background-type":"","background-media":"","overlay-type":"","overlay-color":"","overlay-opacity":"","overlay-gradient":""}},"ast-content-background-meta":{"desktop":{"background-color":"var(--ast-global-color-5)","background-image":"","background-repeat":"repeat","background-position":"center center","background-size":"auto","background-attachment":"scroll","background-type":"","background-media":"","overlay-type":"","overlay-color":"","overlay-opacity":"","overlay-gradient":""},"tablet":{"background-color":"var(--ast-global-color-5)","background-image":"","background-repeat":"repeat","background-position":"center center","background-size":"auto","background-attachment":"scroll","background-type":"","background-media":"","overlay-type":"","overlay-color":"","overlay-opacity":"","overlay-gradient":""},"mobile":{"background-color":"var(--ast-global-color-5)","background-image":"","background-repeat":"repeat","background-position":"center center","background-size":"auto","background-attachment":"scroll","background-type":"","background-media":"","overlay-type":"","overlay-color":"","overlay-opacity":"","overlay-gradient":""}}},"product_brand":[],"product_cat":[15],"product_tag":[465,464,148,467,461,110,460,463,466,462],"class_list":{"0":"post-1958","1":"product","2":"type-product","3":"status-publish","4":"has-post-thumbnail","6":"product_cat-crystal-growth-furnace","7":"product_tag-12-inch-sic-furnace","8":"product_tag-6-inch-sic-wafer-production","9":"product_tag-8-inch-sic-crystal-growth","10":"product_tag-pvt-crystal-growth-system","11":"product_tag-pvt-sic-furnace","12":"product_tag-semiconductor-equipment","13":"product_tag-sic-growth-furnace","14":"product_tag-sic-induction-furnace","15":"product_tag-sic-substrate-manufacturing","16":"product_tag-silicon-carbide-crystal-growth","17":"desktop-align-left","18":"tablet-align-left","19":"mobile-align-left","20":"ast-product-gallery-layout-horizontal-slider","21":"ast-product-tabs-layout-horizontal","23":"first","24":"instock","25":"shipping-taxable","26":"product-type-simple"},"_links":{"self":[{"href":"https:\/\/www.zmsh-semitech.com\/fr\/wp-json\/wp\/v2\/product\/1958","targetHints":{"allow":["GET"]}}],"collection":[{"href":"https:\/\/www.zmsh-semitech.com\/fr\/wp-json\/wp\/v2\/product"}],"about":[{"href":"https:\/\/www.zmsh-semitech.com\/fr\/wp-json\/wp\/v2\/types\/product"}],"replies":[{"embeddable":true,"href":"https:\/\/www.zmsh-semitech.com\/fr\/wp-json\/wp\/v2\/comments?post=1958"}],"version-history":[{"count":3,"href":"https:\/\/www.zmsh-semitech.com\/fr\/wp-json\/wp\/v2\/product\/1958\/revisions"}],"predecessor-version":[{"id":1966,"href":"https:\/\/www.zmsh-semitech.com\/fr\/wp-json\/wp\/v2\/product\/1958\/revisions\/1966"}],"wp:featuredmedia":[{"embeddable":true,"href":"https:\/\/www.zmsh-semitech.com\/fr\/wp-json\/wp\/v2\/media\/1961"}],"wp:attachment":[{"href":"https:\/\/www.zmsh-semitech.com\/fr\/wp-json\/wp\/v2\/media?parent=1958"}],"wp:term":[{"taxonomy":"product_brand","embeddable":true,"href":"https:\/\/www.zmsh-semitech.com\/fr\/wp-json\/wp\/v2\/product_brand?post=1958"},{"taxonomy":"product_cat","embeddable":true,"href":"https:\/\/www.zmsh-semitech.com\/fr\/wp-json\/wp\/v2\/product_cat?post=1958"},{"taxonomy":"product_tag","embeddable":true,"href":"https:\/\/www.zmsh-semitech.com\/fr\/wp-json\/wp\/v2\/product_tag?post=1958"}],"curies":[{"name":"wp","href":"https:\/\/api.w.org\/{rel}","templated":true}]}}