{"id":1948,"date":"2026-03-17T07:21:48","date_gmt":"2026-03-17T07:21:48","guid":{"rendered":"https:\/\/www.zmsh-semitech.com\/?post_type=product&#038;p=1948"},"modified":"2026-03-20T07:22:42","modified_gmt":"2026-03-20T07:22:42","slug":"sic-crystal-growth-furnace-pvt-lpe-ht-cvd-for-high-quality-silicon-carbide-single-crystal-production","status":"publish","type":"product","link":"https:\/\/www.zmsh-semitech.com\/fr\/product\/sic-crystal-growth-furnace-pvt-lpe-ht-cvd-for-high-quality-silicon-carbide-single-crystal-production\/","title":{"rendered":"Four de croissance de cristaux de SiC (PVT \/ LPE \/ HT-CVD) pour la production de monocristaux de carbure de silicium de haute qualit\u00e9"},"content":{"rendered":"<p data-start=\"204\" data-end=\"416\"><img fetchpriority=\"high\" decoding=\"async\" class=\"size-medium wp-image-1950 alignright\" src=\"https:\/\/www.zmsh-semitech.com\/wp-content\/uploads\/2026\/03\/sic_crystal_growth_furnace_pvt_lpe_ht_cvd_high_quality_sic_single_crystal_growth_method-300x259.webp\" alt=\"\" width=\"300\" height=\"259\" srcset=\"https:\/\/www.zmsh-semitech.com\/wp-content\/uploads\/2026\/03\/sic_crystal_growth_furnace_pvt_lpe_ht_cvd_high_quality_sic_single_crystal_growth_method-300x259.webp 300w, https:\/\/www.zmsh-semitech.com\/wp-content\/uploads\/2026\/03\/sic_crystal_growth_furnace_pvt_lpe_ht_cvd_high_quality_sic_single_crystal_growth_method-14x12.webp 14w, https:\/\/www.zmsh-semitech.com\/wp-content\/uploads\/2026\/03\/sic_crystal_growth_furnace_pvt_lpe_ht_cvd_high_quality_sic_single_crystal_growth_method-600x518.webp 600w, https:\/\/www.zmsh-semitech.com\/wp-content\/uploads\/2026\/03\/sic_crystal_growth_furnace_pvt_lpe_ht_cvd_high_quality_sic_single_crystal_growth_method.webp 750w\" sizes=\"(max-width: 300px) 100vw, 300px\" \/>Le four de croissance de cristaux de SiC est un \u00e9quipement essentiel pour la production de monocristaux de carbure de silicium (SiC) de haute qualit\u00e9 utilis\u00e9s dans l'\u00e9lectronique de puissance, les dispositifs RF et les applications de semi-conducteurs avanc\u00e9es.<\/p>\n<p data-start=\"418\" data-end=\"489\">Nos syst\u00e8mes prennent en charge plusieurs technologies de croissance courantes, notamment :<\/p>\n<ul data-start=\"491\" data-end=\"612\">\n<li data-section-id=\"12iy5p3\" data-start=\"491\" data-end=\"525\">\n<p data-start=\"493\" data-end=\"525\">Transport physique de vapeur (PVT)<\/p>\n<\/li>\n<li data-section-id=\"yxgf5n\" data-start=\"526\" data-end=\"556\">\n<p data-start=\"528\" data-end=\"556\">Epitaxie en phase liquide (LPE)<\/p>\n<\/li>\n<li data-section-id=\"ch2v4w\" data-start=\"557\" data-end=\"612\">\n<p data-start=\"559\" data-end=\"612\">D\u00e9p\u00f4t chimique en phase vapeur \u00e0 haute temp\u00e9rature (HT-CVD)<\/p>\n<\/li>\n<\/ul>\n<p data-start=\"614\" data-end=\"833\">Gr\u00e2ce \u00e0 un contr\u00f4le pr\u00e9cis de la temp\u00e9rature \u00e9lev\u00e9e, du vide et du flux de gaz, le four permet une production stable de cristaux de SiC de haute puret\u00e9 et pr\u00e9sentant peu de d\u00e9fauts, d'une taille de 4 \u00e0 6 pouces, avec possibilit\u00e9 de personnalisation pour des diam\u00e8tres plus importants.<\/p>\n<h2 data-section-id=\"z1sk7h\" data-start=\"840\" data-end=\"883\"><span role=\"text\">M\u00e9thodes de croissance des cristaux de SiC<\/span><\/h2>\n<h3 data-section-id=\"kspzpi\" data-start=\"885\" data-end=\"926\"><span role=\"text\">1. Transport physique de vapeur (PVT)<\/span><\/h3>\n<p data-start=\"928\" data-end=\"1108\">Principe du processus :<br data-start=\"950\" data-end=\"953\" \/><img decoding=\"async\" class=\"size-medium wp-image-1953 alignright\" src=\"https:\/\/www.zmsh-semitech.com\/wp-content\/uploads\/2026\/03\/Sic-Crystal-Growth-Furnace-PVT-LPE-HT-CVD-High-Quality-Sic-Single-Crystal-Growth-Method5-300x130.jpg\" alt=\"\" width=\"300\" height=\"130\" srcset=\"https:\/\/www.zmsh-semitech.com\/wp-content\/uploads\/2026\/03\/Sic-Crystal-Growth-Furnace-PVT-LPE-HT-CVD-High-Quality-Sic-Single-Crystal-Growth-Method5-300x130.jpg 300w, https:\/\/www.zmsh-semitech.com\/wp-content\/uploads\/2026\/03\/Sic-Crystal-Growth-Furnace-PVT-LPE-HT-CVD-High-Quality-Sic-Single-Crystal-Growth-Method5-18x8.jpg 18w, https:\/\/www.zmsh-semitech.com\/wp-content\/uploads\/2026\/03\/Sic-Crystal-Growth-Furnace-PVT-LPE-HT-CVD-High-Quality-Sic-Single-Crystal-Growth-Method5-600x261.jpg 600w, https:\/\/www.zmsh-semitech.com\/wp-content\/uploads\/2026\/03\/Sic-Crystal-Growth-Furnace-PVT-LPE-HT-CVD-High-Quality-Sic-Single-Crystal-Growth-Method5.jpg 679w\" sizes=\"(max-width: 300px) 100vw, 300px\" \/>La poudre de SiC est sublim\u00e9e \u00e0 des temp\u00e9ratures sup\u00e9rieures \u00e0 2000\u00b0C. Les esp\u00e8ces de vapeur sont transport\u00e9es le long d'un gradient de temp\u00e9rature et recristallis\u00e9es sur un cristal de d\u00e9part.<\/p>\n<p data-start=\"1110\" data-end=\"1127\">Caract\u00e9ristiques principales :<\/p>\n<ul data-start=\"1128\" data-end=\"1374\">\n<li data-section-id=\"1m5h759\" data-start=\"1128\" data-end=\"1177\">\n<p data-start=\"1130\" data-end=\"1177\">Creuset et porte-graine en graphite de haute puret\u00e9<\/p>\n<\/li>\n<li data-section-id=\"obcs2k\" data-start=\"1178\" data-end=\"1239\">\n<p data-start=\"1180\" data-end=\"1239\">Thermocouple int\u00e9gr\u00e9 + surveillance de la temp\u00e9rature par infrarouge<\/p>\n<\/li>\n<li data-section-id=\"1ahok9n\" data-start=\"1240\" data-end=\"1284\">\n<p data-start=\"1242\" data-end=\"1284\">Syst\u00e8me de contr\u00f4le des flux de vide et de gaz inerte<\/p>\n<\/li>\n<li data-section-id=\"ltafbu\" data-start=\"1285\" data-end=\"1324\">\n<p data-start=\"1287\" data-end=\"1324\">Contr\u00f4le automatique des processus bas\u00e9 sur un automate programmable (PLC)<\/p>\n<\/li>\n<li data-section-id=\"1ubyld1\" data-start=\"1325\" data-end=\"1374\">\n<p data-start=\"1327\" data-end=\"1374\">Int\u00e9gration du refroidissement et du traitement des gaz d'\u00e9chappement<\/p>\n<\/li>\n<\/ul>\n<p data-start=\"1376\" data-end=\"1391\">Avantages :<\/p>\n<ul data-start=\"1392\" data-end=\"1507\">\n<li data-section-id=\"1skc6sa\" data-start=\"1392\" data-end=\"1432\">\n<p data-start=\"1394\" data-end=\"1432\">Une technologie mature et largement adopt\u00e9e<\/p>\n<\/li>\n<li data-section-id=\"696hi4\" data-start=\"1433\" data-end=\"1466\">\n<p data-start=\"1435\" data-end=\"1466\">Co\u00fbt d'\u00e9quipement relativement faible<\/p>\n<\/li>\n<li data-section-id=\"4ihzdk\" data-start=\"1467\" data-end=\"1507\">\n<p data-start=\"1469\" data-end=\"1507\">Convient \u00e0 la croissance de cristaux de SiC en vrac<\/p>\n<\/li>\n<\/ul>\n<p data-start=\"1509\" data-end=\"1526\">Applications :<\/p>\n<ul data-start=\"1527\" data-end=\"1590\">\n<li data-section-id=\"16plruj\" data-start=\"1527\" data-end=\"1590\">\n<p data-start=\"1529\" data-end=\"1590\">Production de substrats SiC semi-isolants et conducteurs<\/p>\n<\/li>\n<\/ul>\n<h3 data-section-id=\"1lkfnea\" data-start=\"1597\" data-end=\"1659\"><span role=\"text\">2. D\u00e9p\u00f4t chimique en phase vapeur \u00e0 haute temp\u00e9rature (HT-CVD)<\/span><\/h3>\n<p data-start=\"1661\" data-end=\"1794\"><img decoding=\"async\" class=\"size-medium wp-image-1954 alignright\" src=\"https:\/\/www.zmsh-semitech.com\/wp-content\/uploads\/2026\/03\/Sic-Crystal-Growth-Furnace-PVT-LPE-HT-CVD-High-Quality-Sic-Single-Crystal-Growth-Method6-300x96.jpg\" alt=\"\" width=\"300\" height=\"96\" srcset=\"https:\/\/www.zmsh-semitech.com\/wp-content\/uploads\/2026\/03\/Sic-Crystal-Growth-Furnace-PVT-LPE-HT-CVD-High-Quality-Sic-Single-Crystal-Growth-Method6-300x96.jpg 300w, https:\/\/www.zmsh-semitech.com\/wp-content\/uploads\/2026\/03\/Sic-Crystal-Growth-Furnace-PVT-LPE-HT-CVD-High-Quality-Sic-Single-Crystal-Growth-Method6-18x6.jpg 18w, https:\/\/www.zmsh-semitech.com\/wp-content\/uploads\/2026\/03\/Sic-Crystal-Growth-Furnace-PVT-LPE-HT-CVD-High-Quality-Sic-Single-Crystal-Growth-Method6-600x192.jpg 600w, https:\/\/www.zmsh-semitech.com\/wp-content\/uploads\/2026\/03\/Sic-Crystal-Growth-Furnace-PVT-LPE-HT-CVD-High-Quality-Sic-Single-Crystal-Growth-Method6.jpg 669w\" sizes=\"(max-width: 300px) 100vw, 300px\" \/>Principe du processus :<br data-start=\"1683\" data-end=\"1686\" \/>Les gaz de haute puret\u00e9 (par exemple, SiH\u2084 + C\u2082H\u2084 \/ C\u2083H\u2088) se d\u00e9composent \u00e0 1800-2300\u00b0C et d\u00e9posent du SiC sur le cristal de semence.<\/p>\n<p data-start=\"1796\" data-end=\"1813\">Caract\u00e9ristiques principales :<\/p>\n<ul data-start=\"1814\" data-end=\"2010\">\n<li data-section-id=\"136qfh6\" data-start=\"1814\" data-end=\"1864\">\n<p data-start=\"1816\" data-end=\"1864\">Chauffage par induction via un couplage \u00e9lectromagn\u00e9tique<\/p>\n<\/li>\n<li data-section-id=\"a59yxr\" data-start=\"1865\" data-end=\"1919\">\n<p data-start=\"1867\" data-end=\"1919\">Syst\u00e8me de distribution de gaz stable (gaz porteurs He \/ H\u2082)<\/p>\n<\/li>\n<li data-section-id=\"1cbw0ya\" data-start=\"1920\" data-end=\"1980\">\n<p data-start=\"1922\" data-end=\"1980\">Gradient de temp\u00e9rature contr\u00f4l\u00e9 pour la condensation des cristaux<\/p>\n<\/li>\n<li data-section-id=\"xx40zc\" data-start=\"1981\" data-end=\"2010\">\n<p data-start=\"1983\" data-end=\"2010\">Capacit\u00e9 de dopage pr\u00e9cise<\/p>\n<\/li>\n<\/ul>\n<p data-start=\"2012\" data-end=\"2027\">Avantages :<\/p>\n<ul data-start=\"2028\" data-end=\"2102\">\n<li data-section-id=\"xejhn5\" data-start=\"2028\" data-end=\"2050\">\n<p data-start=\"2030\" data-end=\"2050\">Faible densit\u00e9 de d\u00e9fauts<\/p>\n<\/li>\n<li data-section-id=\"126pemv\" data-start=\"2051\" data-end=\"2074\">\n<p data-start=\"2053\" data-end=\"2074\">Grande puret\u00e9 cristalline<\/p>\n<\/li>\n<li data-section-id=\"u0lupt\" data-start=\"2075\" data-end=\"2102\">\n<p data-start=\"2077\" data-end=\"2102\">Un contr\u00f4le du dopage souple<\/p>\n<\/li>\n<\/ul>\n<p data-start=\"2104\" data-end=\"2121\">Applications :<\/p>\n<ul data-start=\"2122\" data-end=\"2185\">\n<li data-section-id=\"1b8jolu\" data-start=\"2122\" data-end=\"2185\">\n<p data-start=\"2124\" data-end=\"2185\">Plaques de SiC \u00e0 haute performance pour les dispositifs \u00e9lectroniques avanc\u00e9s<\/p>\n<\/li>\n<\/ul>\n<h3 data-section-id=\"1gxz1d4\" data-start=\"2192\" data-end=\"2229\"><span role=\"text\">3. Epitaxie en phase liquide (LPE)<\/span><\/h3>\n<p data-start=\"2231\" data-end=\"2390\"><img loading=\"lazy\" decoding=\"async\" class=\"size-medium wp-image-1955 alignright\" src=\"https:\/\/www.zmsh-semitech.com\/wp-content\/uploads\/2026\/03\/Sic-Crystal-Growth-Furnace-PVT-LPE-HT-CVD-High-Quality-Sic-Single-Crystal-Growth-Method7-300x133.jpg\" alt=\"\" width=\"300\" height=\"133\" srcset=\"https:\/\/www.zmsh-semitech.com\/wp-content\/uploads\/2026\/03\/Sic-Crystal-Growth-Furnace-PVT-LPE-HT-CVD-High-Quality-Sic-Single-Crystal-Growth-Method7-300x133.jpg 300w, https:\/\/www.zmsh-semitech.com\/wp-content\/uploads\/2026\/03\/Sic-Crystal-Growth-Furnace-PVT-LPE-HT-CVD-High-Quality-Sic-Single-Crystal-Growth-Method7-18x8.jpg 18w, https:\/\/www.zmsh-semitech.com\/wp-content\/uploads\/2026\/03\/Sic-Crystal-Growth-Furnace-PVT-LPE-HT-CVD-High-Quality-Sic-Single-Crystal-Growth-Method7-600x266.jpg 600w, https:\/\/www.zmsh-semitech.com\/wp-content\/uploads\/2026\/03\/Sic-Crystal-Growth-Furnace-PVT-LPE-HT-CVD-High-Quality-Sic-Single-Crystal-Growth-Method7.jpg 680w\" sizes=\"(max-width: 300px) 100vw, 300px\" \/>Principe du processus :<br data-start=\"2253\" data-end=\"2256\" \/>Le Si et le C se dissolvent dans une solution \u00e0 haute temp\u00e9rature (~1800\u00b0C), et le SiC cristallise \u00e0 partir d'une masse fondue sursatur\u00e9e lors d'un refroidissement contr\u00f4l\u00e9.<\/p>\n<p data-start=\"2392\" data-end=\"2409\">Caract\u00e9ristiques principales :<\/p>\n<ul data-start=\"2410\" data-end=\"2570\">\n<li data-section-id=\"1l354m9\" data-start=\"2410\" data-end=\"2449\">\n<p data-start=\"2412\" data-end=\"2449\">Croissance \u00e9pitaxiale de haute qualit\u00e9<\/p>\n<\/li>\n<li data-section-id=\"1f5uz6v\" data-start=\"2450\" data-end=\"2488\">\n<p data-start=\"2452\" data-end=\"2488\">Faible densit\u00e9 de d\u00e9fauts et grande puret\u00e9<\/p>\n<\/li>\n<li data-section-id=\"1da15oj\" data-start=\"2489\" data-end=\"2531\">\n<p data-start=\"2491\" data-end=\"2531\">Exigences relativement faibles en mati\u00e8re d'\u00e9quipement<\/p>\n<\/li>\n<li data-section-id=\"apgmow\" data-start=\"2532\" data-end=\"2570\">\n<p data-start=\"2534\" data-end=\"2570\">\u00c9volutif pour la production industrielle<\/p>\n<\/li>\n<\/ul>\n<p data-start=\"2572\" data-end=\"2587\">Avantages :<\/p>\n<ul data-start=\"2588\" data-end=\"2646\">\n<li data-section-id=\"1lh17wx\" data-start=\"2588\" data-end=\"2609\">\n<p data-start=\"2590\" data-end=\"2609\">Co\u00fbt de la croissance moins \u00e9lev\u00e9<\/p>\n<\/li>\n<li data-section-id=\"7sa3sd\" data-start=\"2610\" data-end=\"2646\">\n<p data-start=\"2612\" data-end=\"2646\">Am\u00e9lioration de la qualit\u00e9 de la couche \u00e9pitaxiale<\/p>\n<\/li>\n<\/ul>\n<p data-start=\"2648\" data-end=\"2665\">Applications :<\/p>\n<ul data-start=\"2666\" data-end=\"2761\">\n<li data-section-id=\"u4ixfp\" data-start=\"2666\" data-end=\"2710\">\n<p data-start=\"2668\" data-end=\"2710\">Croissance de couches \u00e9pitaxiales sur des substrats en SiC<\/p>\n<\/li>\n<li data-section-id=\"5zhtvl\" data-start=\"2711\" data-end=\"2761\">\n<p data-start=\"2713\" data-end=\"2761\">Fabrication de dispositifs de puissance \u00e0 haut rendement<\/p>\n<\/li>\n<\/ul>\n<h2 data-section-id=\"1ttn0lq\" data-start=\"2768\" data-end=\"2795\"><span role=\"text\">Avantages techniques<\/span><\/h2>\n<ul data-start=\"2797\" data-end=\"3035\">\n<li data-section-id=\"js25p8\" data-start=\"2797\" data-end=\"2837\">\n<p data-start=\"2799\" data-end=\"2837\">Fonctionnement \u00e0 haute temp\u00e9rature (&gt;2000\u00b0C)<\/p>\n<\/li>\n<li data-section-id=\"1jqlm2f\" data-start=\"2838\" data-end=\"2876\">\n<p data-start=\"2840\" data-end=\"2876\">Contr\u00f4le stable du vide et du d\u00e9bit de gaz<\/p>\n<\/li>\n<li data-section-id=\"gf25zn\" data-start=\"2877\" data-end=\"2911\">\n<p data-start=\"2879\" data-end=\"2911\">Syst\u00e8me d'automatisation PLC avanc\u00e9<\/p>\n<\/li>\n<li data-section-id=\"1oe212f\" data-start=\"2912\" data-end=\"2974\">\n<p data-start=\"2914\" data-end=\"2974\">Conception de four personnalisable (taille, configuration, processus)<\/p>\n<\/li>\n<li data-section-id=\"1qtodg6\" data-start=\"2975\" data-end=\"3035\">\n<p data-start=\"2977\" data-end=\"3035\">Compatible avec la croissance de cristaux SiC de 4 \u00e0 6 pouces (extensible)<\/p>\n<\/li>\n<\/ul>\n<h2 data-section-id=\"i1urdn\" data-start=\"3042\" data-end=\"3065\"><span role=\"text\">Nos comp\u00e9tences<\/span><\/h2>\n<h3 data-section-id=\"1euwnkw\" data-start=\"3067\" data-end=\"3094\"><span role=\"text\">1. Fourniture d'\u00e9quipement<\/span><\/h3>\n<p data-start=\"3095\" data-end=\"3164\">Nous fournissons des fours de croissance de cristaux de SiC enti\u00e8rement con\u00e7us pour :<\/p>\n<ul data-start=\"3165\" data-end=\"3275\">\n<li data-section-id=\"o9p6qu\" data-start=\"3165\" data-end=\"3200\">\n<p data-start=\"3167\" data-end=\"3200\">SiC semi-isolant de haute puret\u00e9<\/p>\n<\/li>\n<li data-section-id=\"11vwiq6\" data-start=\"3201\" data-end=\"3238\">\n<p data-start=\"3203\" data-end=\"3238\">Production de cristaux de SiC conducteurs<\/p>\n<\/li>\n<li data-section-id=\"10vy7s\" data-start=\"3239\" data-end=\"3275\">\n<p data-start=\"3241\" data-end=\"3275\">Exigences en mati\u00e8re de fabrication par lots<\/p>\n<\/li>\n<\/ul>\n<h3 data-section-id=\"phctqp\" data-start=\"3282\" data-end=\"3323\"><span role=\"text\">2. Mati\u00e8res premi\u00e8res et approvisionnement en cristaux<\/span><\/h3>\n<p data-start=\"3324\" data-end=\"3334\">Nous fournissons :<\/p>\n<ul data-start=\"3335\" data-end=\"3401\">\n<li data-section-id=\"1ggi3jo\" data-start=\"3335\" data-end=\"3359\">\n<p data-start=\"3337\" data-end=\"3359\">Mat\u00e9riaux de base SiC<\/p>\n<\/li>\n<li data-section-id=\"h3kpam\" data-start=\"3360\" data-end=\"3377\">\n<p data-start=\"3362\" data-end=\"3377\">Cristaux de graines<\/p>\n<\/li>\n<li data-section-id=\"1rb4g8j\" data-start=\"3378\" data-end=\"3401\">\n<p data-start=\"3380\" data-end=\"3401\">Consommables de traitement<\/p>\n<\/li>\n<\/ul>\n<p data-start=\"3403\" data-end=\"3479\">Tous les mat\u00e9riaux font l'objet d'un contr\u00f4le de qualit\u00e9 strict afin de garantir la stabilit\u00e9 du processus.<\/p>\n<h3 data-section-id=\"lzu290\" data-start=\"3486\" data-end=\"3531\"><span role=\"text\">3. D\u00e9veloppement et optimisation des proc\u00e9d\u00e9s<\/span><\/h3>\n<p data-start=\"3532\" data-end=\"3562\">Notre \u00e9quipe d'ing\u00e9nieurs apporte son soutien :<\/p>\n<ul data-start=\"3563\" data-end=\"3669\">\n<li data-section-id=\"1hou4gz\" data-start=\"3563\" data-end=\"3593\">\n<p data-start=\"3565\" data-end=\"3593\">D\u00e9veloppement de processus personnalis\u00e9s<\/p>\n<\/li>\n<li data-section-id=\"1t2cez5\" data-start=\"3594\" data-end=\"3627\">\n<p data-start=\"3596\" data-end=\"3627\">Optimisation des param\u00e8tres de croissance<\/p>\n<\/li>\n<li data-section-id=\"1bd6gqh\" data-start=\"3628\" data-end=\"3669\">\n<p data-start=\"3630\" data-end=\"3669\">Am\u00e9lioration du rendement et de la qualit\u00e9 du cristal<\/p>\n<\/li>\n<\/ul>\n<h3 data-section-id=\"sd0tuu\" data-start=\"3676\" data-end=\"3715\"><span role=\"text\">4. Formation et assistance technique<\/span><\/h3>\n<p data-start=\"3716\" data-end=\"3725\">Nous offrons :<\/p>\n<ul data-start=\"3726\" data-end=\"3832\">\n<li data-section-id=\"8xwlms\" data-start=\"3726\" data-end=\"3755\">\n<p data-start=\"3728\" data-end=\"3755\">Formation sur site \/ \u00e0 distance<\/p>\n<\/li>\n<li data-section-id=\"113ldb5\" data-start=\"3756\" data-end=\"3788\">\n<p data-start=\"3758\" data-end=\"3788\">Guide d'utilisation de l'\u00e9quipement<\/p>\n<\/li>\n<li data-section-id=\"19iv12h\" data-start=\"3789\" data-end=\"3832\">\n<p data-start=\"3791\" data-end=\"3832\">Assistance \u00e0 la maintenance et au d\u00e9pannage<\/p>\n<\/li>\n<\/ul>\n<h2 data-section-id=\"elc90z\" data-start=\"3839\" data-end=\"3849\"><span role=\"text\">FAQ<\/span><\/h2>\n<p data-start=\"3851\" data-end=\"4022\">Q1 : Quelles sont les principales m\u00e9thodes de croissance des cristaux de SiC ?<br data-start=\"3904\" data-end=\"3907\" \/>R : Les principales m\u00e9thodes comprennent le PVT, le HT-CVD et le LPE, chacune convenant \u00e0 des applications et \u00e0 des objectifs de production diff\u00e9rents.<\/p>\n<p data-start=\"4024\" data-end=\"4230\">Q2 : Qu'est-ce que l'\u00e9pitaxie en phase liquide (LPE) ?<br data-start=\"4067\" data-end=\"4070\" \/>R : Le LPE est une m\u00e9thode de croissance bas\u00e9e sur une solution dans laquelle une mati\u00e8re fondue satur\u00e9e est lentement refroidie pour entra\u00eener la croissance de cristaux sur un substrat, ce qui permet d'obtenir des couches \u00e9pitaxiales de haute qualit\u00e9.<\/p>\n<h2 data-section-id=\"1wz3rnt\" data-start=\"4237\" data-end=\"4278\"><span role=\"text\">Pourquoi choisir notre four de croissance SiC ?<\/span><\/h2>\n<ul data-start=\"4280\" data-end=\"4496\">\n<li data-section-id=\"1nz5fyj\" data-start=\"4280\" data-end=\"4330\">\n<p data-start=\"4282\" data-end=\"4330\">Exp\u00e9rience confirm\u00e9e en ing\u00e9nierie dans le domaine des \u00e9quipements SiC<\/p>\n<\/li>\n<li data-section-id=\"dw2cfr\" data-start=\"4331\" data-end=\"4382\">\n<p data-start=\"4333\" data-end=\"4382\">Compatibilit\u00e9 multi-m\u00e9thodes (PVT \/ HT-CVD \/ LPE)<\/p>\n<\/li>\n<li data-section-id=\"xciqsn\" data-start=\"4383\" data-end=\"4435\">\n<p data-start=\"4385\" data-end=\"4435\">Solutions personnalis\u00e9es pour diff\u00e9rentes \u00e9chelles de production<\/p>\n<\/li>\n<li data-section-id=\"s3dika\" data-start=\"4436\" data-end=\"4496\">\n<p data-start=\"4438\" data-end=\"4496\">Soutien tout au long du cycle de vie (\u00e9quipement + mat\u00e9riaux + processus)<\/p>\n<\/li>\n<\/ul>","protected":false},"excerpt":{"rendered":"<p data-start=\"204\" data-end=\"416\">Le four de croissance de cristaux de SiC est un \u00e9quipement essentiel pour la production de monocristaux de carbure de silicium (SiC) de haute qualit\u00e9 utilis\u00e9s dans l'\u00e9lectronique de puissance, les dispositifs RF et les applications de semi-conducteurs avanc\u00e9es.<\/p>\n<p data-start=\"418\" data-end=\"489\">Nos syst\u00e8mes prennent en charge plusieurs technologies de croissance courantes, notamment :<\/p>","protected":false},"featured_media":1949,"comment_status":"open","ping_status":"closed","template":"","meta":{"site-sidebar-layout":"default","site-content-layout":"","ast-site-content-layout":"default","site-content-style":"default","site-sidebar-style":"default","ast-global-header-display":"","ast-banner-title-visibility":"","ast-main-header-display":"","ast-hfb-above-header-display":"","ast-hfb-below-header-display":"","ast-hfb-mobile-header-display":"","site-post-title":"","ast-breadcrumbs-content":"","ast-featured-img":"","footer-sml-layout":"","ast-disable-related-posts":"","theme-transparent-header-meta":"default","adv-header-id-meta":"","stick-header-meta":"default","header-above-stick-meta":"","header-main-stick-meta":"","header-below-stick-meta":"","astra-migrate-meta-layouts":"set","ast-page-background-enabled":"default","ast-page-background-meta":{"desktop":{"background-color":"var(--ast-global-color-4)","background-image":"","background-repeat":"repeat","background-position":"center center","background-size":"auto","background-attachment":"scroll","background-type":"","background-media":"","overlay-type":"","overlay-color":"","overlay-opacity":"","overlay-gradient":""},"tablet":{"background-color":"","background-image":"","background-repeat":"repeat","background-position":"center center","background-size":"auto","background-attachment":"scroll","background-type":"","background-media":"","overlay-type":"","overlay-color":"","overlay-opacity":"","overlay-gradient":""},"mobile":{"background-color":"","background-image":"","background-repeat":"repeat","background-position":"center center","background-size":"auto","background-attachment":"scroll","background-type":"","background-media":"","overlay-type":"","overlay-color":"","overlay-opacity":"","overlay-gradient":""}},"ast-content-background-meta":{"desktop":{"background-color":"var(--ast-global-color-5)","background-image":"","background-repeat":"repeat","background-position":"center center","background-size":"auto","background-attachment":"scroll","background-type":"","background-media":"","overlay-type":"","overlay-color":"","overlay-opacity":"","overlay-gradient":""},"tablet":{"background-color":"var(--ast-global-color-5)","background-image":"","background-repeat":"repeat","background-position":"center center","background-size":"auto","background-attachment":"scroll","background-type":"","background-media":"","overlay-type":"","overlay-color":"","overlay-opacity":"","overlay-gradient":""},"mobile":{"background-color":"var(--ast-global-color-5)","background-image":"","background-repeat":"repeat","background-position":"center center","background-size":"auto","background-attachment":"scroll","background-type":"","background-media":"","overlay-type":"","overlay-color":"","overlay-opacity":"","overlay-gradient":""}}},"product_brand":[],"product_cat":[15],"product_tag":[454,455,453,110,451,459,457,456,452,458],"class_list":{"0":"post-1948","1":"product","2":"type-product","3":"status-publish","4":"has-post-thumbnail","6":"product_cat-crystal-growth-furnace","7":"product_tag-ht-cvd-sic","8":"product_tag-lpe-epitaxy-sic","9":"product_tag-pvt-sic-growth","10":"product_tag-semiconductor-equipment","11":"product_tag-sic-crystal-growth-furnace","12":"product_tag-sic-epitaxy-growth","13":"product_tag-sic-single-crystal-growth","14":"product_tag-sic-wafer-production","15":"product_tag-silicon-carbide-furnace","16":"product_tag-silicon-carbide-substrate","17":"desktop-align-left","18":"tablet-align-left","19":"mobile-align-left","20":"ast-product-gallery-layout-horizontal-slider","21":"ast-product-tabs-layout-horizontal","23":"first","24":"instock","25":"shipping-taxable","26":"product-type-simple"},"_links":{"self":[{"href":"https:\/\/www.zmsh-semitech.com\/fr\/wp-json\/wp\/v2\/product\/1948","targetHints":{"allow":["GET"]}}],"collection":[{"href":"https:\/\/www.zmsh-semitech.com\/fr\/wp-json\/wp\/v2\/product"}],"about":[{"href":"https:\/\/www.zmsh-semitech.com\/fr\/wp-json\/wp\/v2\/types\/product"}],"replies":[{"embeddable":true,"href":"https:\/\/www.zmsh-semitech.com\/fr\/wp-json\/wp\/v2\/comments?post=1948"}],"version-history":[{"count":2,"href":"https:\/\/www.zmsh-semitech.com\/fr\/wp-json\/wp\/v2\/product\/1948\/revisions"}],"predecessor-version":[{"id":1957,"href":"https:\/\/www.zmsh-semitech.com\/fr\/wp-json\/wp\/v2\/product\/1948\/revisions\/1957"}],"wp:featuredmedia":[{"embeddable":true,"href":"https:\/\/www.zmsh-semitech.com\/fr\/wp-json\/wp\/v2\/media\/1949"}],"wp:attachment":[{"href":"https:\/\/www.zmsh-semitech.com\/fr\/wp-json\/wp\/v2\/media?parent=1948"}],"wp:term":[{"taxonomy":"product_brand","embeddable":true,"href":"https:\/\/www.zmsh-semitech.com\/fr\/wp-json\/wp\/v2\/product_brand?post=1948"},{"taxonomy":"product_cat","embeddable":true,"href":"https:\/\/www.zmsh-semitech.com\/fr\/wp-json\/wp\/v2\/product_cat?post=1948"},{"taxonomy":"product_tag","embeddable":true,"href":"https:\/\/www.zmsh-semitech.com\/fr\/wp-json\/wp\/v2\/product_tag?post=1948"}],"curies":[{"name":"wp","href":"https:\/\/api.w.org\/{rel}","templated":true}]}}