{"id":1933,"date":"2026-03-20T05:58:05","date_gmt":"2026-03-20T05:58:05","guid":{"rendered":"https:\/\/www.zmsh-semitech.com\/?post_type=product&#038;p=1933"},"modified":"2026-04-03T05:18:06","modified_gmt":"2026-04-03T05:18:06","slug":"diamond-wire-single-multi-wire-dual-station-cutting-machine-for-sapphire-sic-material-processing","status":"publish","type":"product","link":"https:\/\/www.zmsh-semitech.com\/fr\/product\/diamond-wire-single-multi-wire-dual-station-cutting-machine-for-sapphire-sic-material-processing\/","title":{"rendered":"Diamond Wire Multi-Wire Dual-Station Cutting Machine for Sapphire \/ SiC Material Processing"},"content":{"rendered":"<p data-start=\"224\" data-end=\"588\"><img fetchpriority=\"high\" decoding=\"async\" class=\"size-medium wp-image-1934 alignright\" src=\"https:\/\/www.zmsh-semitech.com\/wp-content\/uploads\/2026\/03\/diamond_wire_single_multi_wire_dual_station_cutting_machine_for_sapphire_sic_material_processing-300x300.webp\" alt=\"\" width=\"300\" height=\"300\" srcset=\"https:\/\/www.zmsh-semitech.com\/wp-content\/uploads\/2026\/03\/diamond_wire_single_multi_wire_dual_station_cutting_machine_for_sapphire_sic_material_processing-300x300.webp 300w, https:\/\/www.zmsh-semitech.com\/wp-content\/uploads\/2026\/03\/diamond_wire_single_multi_wire_dual_station_cutting_machine_for_sapphire_sic_material_processing-150x150.webp 150w, https:\/\/www.zmsh-semitech.com\/wp-content\/uploads\/2026\/03\/diamond_wire_single_multi_wire_dual_station_cutting_machine_for_sapphire_sic_material_processing-12x12.webp 12w, https:\/\/www.zmsh-semitech.com\/wp-content\/uploads\/2026\/03\/diamond_wire_single_multi_wire_dual_station_cutting_machine_for_sapphire_sic_material_processing-600x600.webp 600w, https:\/\/www.zmsh-semitech.com\/wp-content\/uploads\/2026\/03\/diamond_wire_single_multi_wire_dual_station_cutting_machine_for_sapphire_sic_material_processing-100x100.webp 100w, https:\/\/www.zmsh-semitech.com\/wp-content\/uploads\/2026\/03\/diamond_wire_single_multi_wire_dual_station_cutting_machine_for_sapphire_sic_material_processing.webp 750w\" sizes=\"(max-width: 300px) 100vw, 300px\" \/>The diamond wire multi-wire dual-station cutting machine is a core equipment for precision processing of brittle materials. By using the high-speed reciprocating motion of diamond wire (steel wire coated with silicon carbide or aluminum oxide particles) and relative abrasion with the workpiece, it achieves accurate cutting of hard materials.<\/p>\n<p data-start=\"590\" data-end=\"936\">La conception \u00e0 double station permet d'accueillir deux fixations de pi\u00e8ces simultan\u00e9ment (ou d'alterner les op\u00e9rations), ce qui am\u00e9liore consid\u00e9rablement l'efficacit\u00e9 de la production. Elle est largement utilis\u00e9e pour l'\u00e9quarrissage, le tranchage et le fa\u00e7onnage de pr\u00e9cision de mat\u00e9riaux tels que les plaquettes de semi-conducteurs, le saphir, le carbure de silicium (SiC), les c\u00e9ramiques, le quartz et les m\u00e9taux pr\u00e9cieux.<\/p>\n<p data-start=\"938\" data-end=\"1192\">Cette machine int\u00e8gre des syst\u00e8mes de servocommande, de r\u00e9gulation de la tension et des technologies de coupe oscillante, \u00e9quilibrant l'efficacit\u00e9 et la pr\u00e9cision. Elle constitue un outil essentiel pour les industries telles que l'industrie photovolta\u00efque, les semi-conducteurs et la fabrication de pointe.<\/p>\n<h3 data-section-id=\"1880me3\" data-start=\"1199\" data-end=\"1233\"><span role=\"text\">Sp\u00e9cifications techniques<\/span><\/h3>\n<div class=\"TyagGW_tableContainer\">\n<div class=\"group TyagGW_tableWrapper flex flex-col-reverse w-fit\" tabindex=\"-1\">\n<table class=\"w-fit min-w-(--thread-content-width)\" data-start=\"1235\" data-end=\"2401\">\n<thead data-start=\"1235\" data-end=\"1264\">\n<tr data-start=\"1235\" data-end=\"1264\">\n<th class=\"\" data-start=\"1235\" data-end=\"1247\" data-col-size=\"md\">Param\u00e8tres<\/th>\n<th class=\"\" data-start=\"1247\" data-end=\"1264\" data-col-size=\"md\">Sp\u00e9cifications<\/th>\n<\/tr>\n<\/thead>\n<tbody data-start=\"1295\" data-end=\"2401\">\n<tr data-start=\"1295\" data-end=\"1330\">\n<td data-start=\"1295\" data-end=\"1303\" data-col-size=\"md\">Mod\u00e8le<\/td>\n<td data-start=\"1303\" data-end=\"1330\" data-col-size=\"md\">Multi-Wire Saw<\/td>\n<\/tr>\n<tr data-start=\"1331\" data-end=\"1370\">\n<td data-start=\"1331\" data-end=\"1356\" data-col-size=\"md\">Taille maximale de la pi\u00e8ce<\/td>\n<td data-col-size=\"md\" data-start=\"1356\" data-end=\"1370\">\u00f8320\u00d7430mm<\/td>\n<\/tr>\n<tr data-start=\"1371\" data-end=\"1433\">\n<td data-start=\"1371\" data-end=\"1402\" data-col-size=\"md\">Diam\u00e8tre du rev\u00eatement du rouleau principal<\/td>\n<td data-col-size=\"md\" data-start=\"1402\" data-end=\"1433\">\u00f8210\u00d7450mm (5 rouleaux principaux)<\/td>\n<\/tr>\n<tr data-start=\"1434\" data-end=\"1475\">\n<td data-start=\"1434\" data-end=\"1455\" data-col-size=\"md\">Vitesse de d\u00e9filement du fil<\/td>\n<td data-col-size=\"md\" data-start=\"1455\" data-end=\"1475\">1000 (MIX) m\/min<\/td>\n<\/tr>\n<tr data-start=\"1476\" data-end=\"1514\">\n<td data-start=\"1476\" data-end=\"1500\" data-col-size=\"md\">Diam\u00e8tre du fil diamant\u00e9<\/td>\n<td data-col-size=\"md\" data-start=\"1500\" data-end=\"1514\">0,2-0,37 mm<\/td>\n<\/tr>\n<tr data-start=\"1515\" data-end=\"1586\">\n<td data-start=\"1515\" data-end=\"1554\" data-col-size=\"md\">Capacit\u00e9 de stockage de la ligne (roue d'alimentation)<\/td>\n<td data-col-size=\"md\" data-start=\"1554\" data-end=\"1586\">20 km (diam\u00e8tre du fil de 0,25 mm)<\/td>\n<\/tr>\n<tr data-start=\"1587\" data-end=\"1625\">\n<td data-start=\"1587\" data-end=\"1613\" data-col-size=\"md\">Gamme d'\u00e9paisseurs de coupe<\/td>\n<td data-col-size=\"md\" data-start=\"1613\" data-end=\"1625\">1,5-80 mm<\/td>\n<\/tr>\n<tr data-start=\"1626\" data-end=\"1656\">\n<td data-start=\"1626\" data-end=\"1645\" data-col-size=\"md\">Pr\u00e9cision de coupe<\/td>\n<td data-col-size=\"md\" data-start=\"1645\" data-end=\"1656\">\u00b10,01mm<\/td>\n<\/tr>\n<tr data-start=\"1657\" data-end=\"1707\">\n<td data-start=\"1657\" data-end=\"1698\" data-col-size=\"md\">Course de levage verticale du poste de travail<\/td>\n<td data-col-size=\"md\" data-start=\"1698\" data-end=\"1707\">350 mm<\/td>\n<\/tr>\n<tr data-start=\"1708\" data-end=\"1778\">\n<td data-start=\"1708\" data-end=\"1725\" data-col-size=\"md\">M\u00e9thode de coupe<\/td>\n<td data-col-size=\"md\" data-start=\"1725\" data-end=\"1778\">L'\u00e9tabli pivote ; le c\u00e2ble diamant\u00e9 reste immobile<\/td>\n<\/tr>\n<tr data-start=\"1779\" data-end=\"1817\">\n<td data-start=\"1779\" data-end=\"1800\" data-col-size=\"md\">Vitesse d'avance de coupe<\/td>\n<td data-col-size=\"md\" data-start=\"1800\" data-end=\"1817\">0,01-10mm\/min<\/td>\n<\/tr>\n<tr data-start=\"1818\" data-end=\"1839\">\n<td data-start=\"1818\" data-end=\"1831\" data-col-size=\"md\">R\u00e9servoir d'eau<\/td>\n<td data-col-size=\"md\" data-start=\"1831\" data-end=\"1839\">300L<\/td>\n<\/tr>\n<tr data-start=\"1840\" data-end=\"1899\">\n<td data-start=\"1840\" data-end=\"1856\" data-col-size=\"md\">Fluide de coupe<\/td>\n<td data-col-size=\"md\" data-start=\"1856\" data-end=\"1899\">Liquide de coupe antirouille \u00e0 haut rendement<\/td>\n<\/tr>\n<tr data-start=\"1900\" data-end=\"1921\">\n<td data-start=\"1900\" data-end=\"1914\" data-col-size=\"md\">Angle de pivotement<\/td>\n<td data-col-size=\"md\" data-start=\"1914\" data-end=\"1921\">\u00b18\u00b0<\/td>\n<\/tr>\n<tr data-start=\"1922\" data-end=\"1947\">\n<td data-start=\"1922\" data-end=\"1936\" data-col-size=\"md\">Vitesse d'oscillation<\/td>\n<td data-col-size=\"md\" data-start=\"1936\" data-end=\"1947\">0.83\u00b0\/s<\/td>\n<\/tr>\n<tr data-start=\"1948\" data-end=\"2002\">\n<td data-start=\"1948\" data-end=\"1974\" data-col-size=\"md\">Tension de coupe maximale<\/td>\n<td data-col-size=\"md\" data-start=\"1974\" data-end=\"2002\">100N (unit\u00e9 minimale 0,1N)<\/td>\n<\/tr>\n<tr data-start=\"2003\" data-end=\"2028\">\n<td data-start=\"2003\" data-end=\"2019\" data-col-size=\"md\">Profondeur de coupe<\/td>\n<td data-col-size=\"md\" data-start=\"2019\" data-end=\"2028\">430 mm<\/td>\n<\/tr>\n<tr data-start=\"2029\" data-end=\"2049\">\n<td data-start=\"2029\" data-end=\"2044\" data-col-size=\"md\">Postes de travail<\/td>\n<td data-col-size=\"md\" data-start=\"2044\" data-end=\"2049\">2<\/td>\n<\/tr>\n<tr data-start=\"2050\" data-end=\"2102\">\n<td data-start=\"2050\" data-end=\"2065\" data-col-size=\"md\">Alimentation \u00e9lectrique<\/td>\n<td data-col-size=\"md\" data-start=\"2065\" data-end=\"2102\">Triphas\u00e9 cinq fils AC380V\/50Hz<\/td>\n<\/tr>\n<tr data-start=\"2103\" data-end=\"2134\">\n<td data-start=\"2103\" data-end=\"2125\" data-col-size=\"md\">Puissance totale de la machine<\/td>\n<td data-col-size=\"md\" data-start=\"2125\" data-end=\"2134\">\u226452kW<\/td>\n<\/tr>\n<tr data-start=\"2135\" data-end=\"2159\">\n<td data-start=\"2135\" data-end=\"2148\" data-col-size=\"md\">Moteur principal<\/td>\n<td data-col-size=\"md\" data-start=\"2148\" data-end=\"2159\">7,5\u00d73kW<\/td>\n<\/tr>\n<tr data-start=\"2160\" data-end=\"2187\">\n<td data-start=\"2160\" data-end=\"2175\" data-col-size=\"md\">C\u00e2blage du moteur<\/td>\n<td data-start=\"2175\" data-end=\"2187\" data-col-size=\"md\">0,75\u00d72kW<\/td>\n<\/tr>\n<tr data-start=\"2188\" data-end=\"2223\">\n<td data-start=\"2188\" data-end=\"2212\" data-col-size=\"md\">Moteur de pivotement de l'\u00e9tabli<\/td>\n<td data-col-size=\"md\" data-start=\"2212\" data-end=\"2223\">1,3\u00d72kW<\/td>\n<\/tr>\n<tr data-start=\"2224\" data-end=\"2259\">\n<td data-start=\"2224\" data-end=\"2248\" data-col-size=\"md\">Moteur de contr\u00f4le de la tension<\/td>\n<td data-start=\"2248\" data-end=\"2259\" data-col-size=\"md\">4,4\u00d72kW<\/td>\n<\/tr>\n<tr data-start=\"2260\" data-end=\"2305\">\n<td data-start=\"2260\" data-end=\"2294\" data-col-size=\"md\">Moteur de lib\u00e9ration et de collecte des fils<\/td>\n<td data-start=\"2294\" data-end=\"2305\" data-col-size=\"md\">5,5\u00d72kW<\/td>\n<\/tr>\n<tr data-start=\"2306\" data-end=\"2373\">\n<td data-start=\"2306\" data-end=\"2353\" data-col-size=\"md\">Dimensions ext\u00e9rieures (sans bo\u00eete \u00e0 bascule)<\/td>\n<td data-start=\"2353\" data-end=\"2373\" data-col-size=\"md\">2310\u00d72660\u00d72893mm<\/td>\n<\/tr>\n<tr data-start=\"2374\" data-end=\"2401\">\n<td data-start=\"2374\" data-end=\"2391\" data-col-size=\"md\">Poids de la machine<\/td>\n<td data-start=\"2391\" data-end=\"2401\" data-col-size=\"md\">6000 kg<\/td>\n<\/tr>\n<\/tbody>\n<\/table>\n<\/div>\n<\/div>\n<h3 data-section-id=\"2jkvf5\" data-start=\"2408\" data-end=\"2435\"><span role=\"text\">Principe de fonctionnement<\/span><\/h3>\n<p data-start=\"2436\" data-end=\"2513\">Le fonctionnement de la machine est bas\u00e9 sur \u201cl'abrasion du fil diamant\u00e9 + l'alimentation de la pi\u00e8ce\u201d :<\/p>\n<ol data-start=\"2515\" data-end=\"3361\">\n<li data-section-id=\"8g8sq1\" data-start=\"2515\" data-end=\"2766\">\n<p data-start=\"2518\" data-end=\"2544\">Diamond Wire Cycling<\/p>\n<ul data-start=\"2548\" data-end=\"2766\">\n<li data-section-id=\"1wzwuw2\" data-start=\"2548\" data-end=\"2662\">\n<p data-start=\"2550\" data-end=\"2662\">Un cabestan tournant \u00e0 grande vitesse entra\u00eene le c\u00e2ble diamant\u00e9 dans un mouvement alternatif (ou cycle unidirectionnel).<\/p>\n<\/li>\n<li data-section-id=\"f6lbqh\" data-start=\"2666\" data-end=\"2766\">\n<p data-start=\"2668\" data-end=\"2766\">La tension du fil est maintenue par des roues de tension \u00e0 ressort ou pneumatiques pour une coupe stable.<\/p>\n<\/li>\n<\/ul>\n<\/li>\n<li data-section-id=\"10d9jao\" data-start=\"2768\" data-end=\"2944\">\n<p data-start=\"2771\" data-end=\"2791\">Avance de la pi\u00e8ce<\/p>\n<ul data-start=\"2795\" data-end=\"2944\">\n<li data-section-id=\"18dix1b\" data-start=\"2795\" data-end=\"2944\">\n<p data-start=\"2797\" data-end=\"2944\">Des servomoteurs contr\u00f4lent la fixation de la pi\u00e8ce pour qu'elle se d\u00e9place vers le c\u00e2ble diamant\u00e9 \u00e0 une vitesse constante, g\u00e9n\u00e9rant une abrasion relative pour la coupe.<\/p>\n<\/li>\n<\/ul>\n<\/li>\n<li data-section-id=\"1k9qku3\" data-start=\"2946\" data-end=\"3116\">\n<p data-start=\"2949\" data-end=\"2977\">Commutation \u00e0 deux stations<\/p>\n<ul data-start=\"2981\" data-end=\"3116\">\n<li data-section-id=\"4bb19x\" data-start=\"2981\" data-end=\"3116\">\n<p data-start=\"2983\" data-end=\"3116\">Apr\u00e8s avoir coup\u00e9 une pi\u00e8ce, la machine passe automatiquement \u00e0 l'autre dispositif de fixation pour un fonctionnement continu sans temps d'arr\u00eat.<\/p>\n<\/li>\n<\/ul>\n<\/li>\n<li data-section-id=\"15gtvqk\" data-start=\"3118\" data-end=\"3361\">\n<p data-start=\"3121\" data-end=\"3143\">Technologies cl\u00e9s<\/p>\n<ul data-start=\"3147\" data-end=\"3361\">\n<li data-section-id=\"5smzx8\" data-start=\"3147\" data-end=\"3261\">\n<p data-start=\"3149\" data-end=\"3261\">Coupe oscillante : la table de travail oscillante de \u00b18\u00b0 assure un contact uniforme avec le fil et am\u00e9liore la plan\u00e9it\u00e9 de la surface.<\/p>\n<\/li>\n<li data-section-id=\"1numag\" data-start=\"3265\" data-end=\"3361\">\n<p data-start=\"3267\" data-end=\"3361\">Contr\u00f4le de la tension : Des capteurs contr\u00f4lent la tension du fil en temps r\u00e9el pour \u00e9viter tout glissement ou rupture.<\/p>\n<\/li>\n<\/ul>\n<\/li>\n<\/ol>\n<h3 data-section-id=\"1uq8gka\" data-start=\"3368\" data-end=\"3391\"><span role=\"text\">Caract\u00e9ristiques principales<\/span><\/h3>\n<div class=\"TyagGW_tableContainer\">\n<div class=\"group TyagGW_tableWrapper flex flex-col-reverse w-fit\" tabindex=\"-1\">\n<table class=\"w-fit min-w-(--thread-content-width)\" data-start=\"3393\" data-end=\"3938\">\n<thead data-start=\"3393\" data-end=\"3418\">\n<tr data-start=\"3393\" data-end=\"3418\">\n<th class=\"\" data-start=\"3393\" data-end=\"3403\" data-col-size=\"sm\">Fonctionnalit\u00e9<\/th>\n<th class=\"\" data-start=\"3403\" data-end=\"3418\" data-col-size=\"md\">Description<\/th>\n<\/tr>\n<\/thead>\n<tbody data-start=\"3445\" data-end=\"3938\">\n<tr data-start=\"3445\" data-end=\"3553\">\n<td data-start=\"3445\" data-end=\"3463\" data-col-size=\"sm\">Haute efficacit\u00e9<\/td>\n<td data-start=\"3463\" data-end=\"3553\" data-col-size=\"md\">La conception \u00e0 deux stations double la capacit\u00e9 de production ; les vitesses \u00e9lev\u00e9es du fil r\u00e9duisent le temps de coupe.<\/td>\n<\/tr>\n<tr data-start=\"3554\" data-end=\"3668\">\n<td data-start=\"3554\" data-end=\"3571\" data-col-size=\"sm\">Haute pr\u00e9cision<\/td>\n<td data-col-size=\"md\" data-start=\"3571\" data-end=\"3668\">Les servomoteurs et les vis \u00e0 billes assurent une pr\u00e9cision de \u00b10,01 mm ; le mode oscillant minimise les bavures de surface.<\/td>\n<\/tr>\n<tr data-start=\"3669\" data-end=\"3767\">\n<td data-start=\"3669\" data-end=\"3683\" data-col-size=\"sm\">Flexibilit\u00e9<\/td>\n<td data-col-size=\"md\" data-start=\"3683\" data-end=\"3767\">Prise en charge de la commutation mono\/multi-fil et des vitesses d'avance r\u00e9glables (0,01-10 mm\/min).<\/td>\n<\/tr>\n<tr data-start=\"3768\" data-end=\"3836\">\n<td data-start=\"3768\" data-end=\"3783\" data-col-size=\"sm\">Respect de l'environnement<\/td>\n<td data-start=\"3783\" data-end=\"3836\" data-col-size=\"md\">Les fluides de coupe \u00e0 base d'eau r\u00e9duisent la poussi\u00e8re et le bruit.<\/td>\n<\/tr>\n<tr data-start=\"3837\" data-end=\"3938\">\n<td data-start=\"3837\" data-end=\"3849\" data-col-size=\"sm\">Stabilit\u00e9<\/td>\n<td data-col-size=\"md\" data-start=\"3849\" data-end=\"3938\">Les cadres en fonte am\u00e9liorent la rigidit\u00e9 ; la fonction de rupture et de reprise emp\u00eache le rejet de la pi\u00e8ce.<\/td>\n<\/tr>\n<\/tbody>\n<\/table>\n<\/div>\n<\/div>\n<h3 data-section-id=\"xdxar3\" data-start=\"3945\" data-end=\"3967\"><span role=\"text\">Applications<\/span><\/h3>\n<ol data-start=\"3969\" data-end=\"4689\">\n<li data-section-id=\"e2ca1e\" data-start=\"3969\" data-end=\"4145\">\n<p data-start=\"3972\" data-end=\"4008\">Semi-conducteurs et photovolta\u00efque<\/p>\n<ul data-start=\"4012\" data-end=\"4145\">\n<li data-section-id=\"c6f6qr\" data-start=\"4012\" data-end=\"4086\">\n<p data-start=\"4014\" data-end=\"4086\">Tranchage de tranches pour cellules solaires en silicium (mono\/poly-cristallin) et PERC<\/p>\n<\/li>\n<li data-section-id=\"5ocxwg\" data-start=\"4090\" data-end=\"4145\">\n<p data-start=\"4092\" data-end=\"4145\">Profilage des bords pour les substrats LED et les modules solaires<\/p>\n<\/li>\n<\/ul>\n<\/li>\n<li data-section-id=\"6hrn80\" data-start=\"4147\" data-end=\"4330\">\n<p data-start=\"4150\" data-end=\"4171\">C\u00e9ramique et pierres pr\u00e9cieuses<\/p>\n<ul data-start=\"4175\" data-end=\"4330\">\n<li data-section-id=\"5acdkn\" data-start=\"4175\" data-end=\"4235\">\n<p data-start=\"4177\" data-end=\"4235\">Tranchage du saphir pour les \u00e9crans LED et les \u00e9crans de smartphones<\/p>\n<\/li>\n<li data-section-id=\"1buqiv9\" data-start=\"4239\" data-end=\"4330\">\n<p data-start=\"4241\" data-end=\"4330\">D\u00e9coupe de pr\u00e9cision du carbure de silicium (SiC) pour les dispositifs d'alimentation \u00e9lectrique des v\u00e9hicules \u00e9lectriques, minimisant les d\u00e9chets de mat\u00e9riaux<\/p>\n<\/li>\n<\/ul>\n<\/li>\n<li data-section-id=\"10scz4s\" data-start=\"4332\" data-end=\"4517\">\n<p data-start=\"4335\" data-end=\"4363\">Quartz et verre optique<\/p>\n<ul data-start=\"4367\" data-end=\"4517\">\n<li data-section-id=\"6ctgdt\" data-start=\"4367\" data-end=\"4438\">\n<p data-start=\"4369\" data-end=\"4438\">Oscillateurs \u00e0 cristaux : d\u00e9coupage de haute pr\u00e9cision pour les capteurs et les t\u00e9l\u00e9communications<\/p>\n<\/li>\n<li data-section-id=\"w69aek\" data-start=\"4442\" data-end=\"4517\">\n<p data-start=\"4444\" data-end=\"4517\">Composants optiques : d\u00e9coupe des lentilles et des prismes avec un minimum de d\u00e9fauts de surface<\/p>\n<\/li>\n<\/ul>\n<\/li>\n<li data-section-id=\"165zv1\" data-start=\"4519\" data-end=\"4689\">\n<p data-start=\"4522\" data-end=\"4548\">M\u00e9taux et terres rares<\/p>\n<ul data-start=\"4552\" data-end=\"4689\">\n<li data-section-id=\"10dxe48\" data-start=\"4552\" data-end=\"4624\">\n<p data-start=\"4554\" data-end=\"4624\">D\u00e9coupe de m\u00e9taux pr\u00e9cieux (or, platine) pour la bijouterie, r\u00e9duction des d\u00e9chets<\/p>\n<\/li>\n<li data-section-id=\"19im383\" data-start=\"4628\" data-end=\"4689\">\n<p data-start=\"4630\" data-end=\"4689\">Tranchage d'aimants de terres rares (NdFeB) pour moteurs et capteurs<\/p>\n<\/li>\n<\/ul>\n<\/li>\n<\/ol>\n<p><img decoding=\"async\" class=\"wp-image-2099 size-large aligncenter\" src=\"https:\/\/www.zmsh-semitech.com\/wp-content\/uploads\/2026\/03\/35194b37-522c-4034-8dae-1e2b7974059b-1024x248.jpg\" alt=\"\" width=\"1024\" height=\"248\" srcset=\"https:\/\/www.zmsh-semitech.com\/wp-content\/uploads\/2026\/03\/35194b37-522c-4034-8dae-1e2b7974059b-1024x248.jpg 1024w, https:\/\/www.zmsh-semitech.com\/wp-content\/uploads\/2026\/03\/35194b37-522c-4034-8dae-1e2b7974059b-300x73.jpg 300w, https:\/\/www.zmsh-semitech.com\/wp-content\/uploads\/2026\/03\/35194b37-522c-4034-8dae-1e2b7974059b-768x186.jpg 768w, https:\/\/www.zmsh-semitech.com\/wp-content\/uploads\/2026\/03\/35194b37-522c-4034-8dae-1e2b7974059b-18x4.jpg 18w, https:\/\/www.zmsh-semitech.com\/wp-content\/uploads\/2026\/03\/35194b37-522c-4034-8dae-1e2b7974059b-600x145.jpg 600w, https:\/\/www.zmsh-semitech.com\/wp-content\/uploads\/2026\/03\/35194b37-522c-4034-8dae-1e2b7974059b.jpg 1139w\" sizes=\"(max-width: 1024px) 100vw, 1024px\" \/><\/p>\n<h3 data-section-id=\"cr3je8\" data-start=\"4696\" data-end=\"4709\"><span role=\"text\">FAQ<\/span><\/h3>\n<p data-start=\"4711\" data-end=\"4941\">Q : Comment fonctionne une machine de d\u00e9coupe \u00e0 fil diamant\u00e9 \u00e0 deux stations ?<br data-start=\"4776\" data-end=\"4779\" \/>R : Il utilise le cycle du c\u00e2ble diamant\u00e9 (mouvement alternatif) et une conception \u00e0 deux stations pour une coupe continue et un changement de mat\u00e9riau, ce qui minimise les temps d'arr\u00eat.<\/p>\n<p data-start=\"4943\" data-end=\"5191\">Q : Quels sont les principaux avantages des machines de d\u00e9coupe \u00e0 fil diamant\u00e9 \u00e0 double station ?<br data-start=\"5024\" data-end=\"5027\" \/>A : Efficacit\u00e9 \u00e9lev\u00e9e (traitement parall\u00e8le \u00e0 deux stations) et pr\u00e9cision (\u00b10,01 mm) pour la d\u00e9coupe de mat\u00e9riaux fragiles tels que les plaquettes de silicium et les c\u00e9ramiques.<\/p>","protected":false},"excerpt":{"rendered":"<p>La machine de d\u00e9coupe \u00e0 fil diamant\u00e9 \u00e0 double station (simple\/multi-fils) est un \u00e9quipement essentiel pour le traitement de pr\u00e9cision des mat\u00e9riaux fragiles. En utilisant le mouvement alternatif \u00e0 grande vitesse du fil diamant\u00e9 (fil d'acier recouvert de particules de carbure de silicium ou d'oxyde d'aluminium) et l'abrasion relative avec la pi\u00e8ce \u00e0 usiner, elle permet de d\u00e9couper avec pr\u00e9cision les mat\u00e9riaux durs.<\/p>","protected":false},"featured_media":1934,"comment_status":"open","ping_status":"closed","template":"","meta":{"site-sidebar-layout":"default","site-content-layout":"","ast-site-content-layout":"default","site-content-style":"default","site-sidebar-style":"default","ast-global-header-display":"","ast-banner-title-visibility":"","ast-main-header-display":"","ast-hfb-above-header-display":"","ast-hfb-below-header-display":"","ast-hfb-mobile-header-display":"","site-post-title":"","ast-breadcrumbs-content":"","ast-featured-img":"","footer-sml-layout":"","ast-disable-related-posts":"","theme-transparent-header-meta":"default","adv-header-id-meta":"","stick-header-meta":"default","header-above-stick-meta":"","header-main-stick-meta":"","header-below-stick-meta":"","astra-migrate-meta-layouts":"set","ast-page-background-enabled":"default","ast-page-background-meta":{"desktop":{"background-color":"var(--ast-global-color-4)","background-image":"","background-repeat":"repeat","background-position":"center center","background-size":"auto","background-attachment":"scroll","background-type":"","background-media":"","overlay-type":"","overlay-color":"","overlay-opacity":"","overlay-gradient":""},"tablet":{"background-color":"","background-image":"","background-repeat":"repeat","background-position":"center center","background-size":"auto","background-attachment":"scroll","background-type":"","background-media":"","overlay-type":"","overlay-color":"","overlay-opacity":"","overlay-gradient":""},"mobile":{"background-color":"","background-image":"","background-repeat":"repeat","background-position":"center center","background-size":"auto","background-attachment":"scroll","background-type":"","background-media":"","overlay-type":"","overlay-color":"","overlay-opacity":"","overlay-gradient":""}},"ast-content-background-meta":{"desktop":{"background-color":"var(--ast-global-color-5)","background-image":"","background-repeat":"repeat","background-position":"center center","background-size":"auto","background-attachment":"scroll","background-type":"","background-media":"","overlay-type":"","overlay-color":"","overlay-opacity":"","overlay-gradient":""},"tablet":{"background-color":"var(--ast-global-color-5)","background-image":"","background-repeat":"repeat","background-position":"center center","background-size":"auto","background-attachment":"scroll","background-type":"","background-media":"","overlay-type":"","overlay-color":"","overlay-opacity":"","overlay-gradient":""},"mobile":{"background-color":"var(--ast-global-color-5)","background-image":"","background-repeat":"repeat","background-position":"center center","background-size":"auto","background-attachment":"scroll","background-type":"","background-media":"","overlay-type":"","overlay-color":"","overlay-opacity":"","overlay-gradient":""}}},"product_brand":[],"product_cat":[22],"product_tag":[434,424,425,415,418,433,429,416,431,427,432,428,430,423,426,419,422,420,421,417],"class_list":{"0":"post-1933","1":"product","2":"type-product","3":"status-publish","4":"has-post-thumbnail","6":"product_cat-wire-saw-machine","7":"product_tag-advanced-manufacturing-equipment","8":"product_tag-brittle-material-processing","9":"product_tag-ceramic-cutting","10":"product_tag-diamond-wire-saw","11":"product_tag-dual-station-cutting-machine","12":"product_tag-high-precision-saw","13":"product_tag-led-substrate-slicing","14":"product_tag-multi-wire-cutting-machine","15":"product_tag-ndfeb-magnet-slicing","16":"product_tag-optical-glass-cutting","17":"product_tag-oscillating-cutting","18":"product_tag-photovoltaic-wafer-cutting","19":"product_tag-precious-metal-cutting","20":"product_tag-precision-cutting","21":"product_tag-quartz-cutting","22":"product_tag-sapphire-cutting","23":"product_tag-semiconductor-wafer-slicing","24":"product_tag-sic-cutting","25":"product_tag-silicon-carbide-saw","26":"product_tag-single-wire-saw","27":"desktop-align-left","28":"tablet-align-left","29":"mobile-align-left","30":"ast-product-gallery-layout-horizontal-slider","31":"ast-product-tabs-layout-horizontal","33":"first","34":"instock","35":"shipping-taxable","36":"product-type-simple"},"_links":{"self":[{"href":"https:\/\/www.zmsh-semitech.com\/fr\/wp-json\/wp\/v2\/product\/1933","targetHints":{"allow":["GET"]}}],"collection":[{"href":"https:\/\/www.zmsh-semitech.com\/fr\/wp-json\/wp\/v2\/product"}],"about":[{"href":"https:\/\/www.zmsh-semitech.com\/fr\/wp-json\/wp\/v2\/types\/product"}],"replies":[{"embeddable":true,"href":"https:\/\/www.zmsh-semitech.com\/fr\/wp-json\/wp\/v2\/comments?post=1933"}],"version-history":[{"count":3,"href":"https:\/\/www.zmsh-semitech.com\/fr\/wp-json\/wp\/v2\/product\/1933\/revisions"}],"predecessor-version":[{"id":2101,"href":"https:\/\/www.zmsh-semitech.com\/fr\/wp-json\/wp\/v2\/product\/1933\/revisions\/2101"}],"wp:featuredmedia":[{"embeddable":true,"href":"https:\/\/www.zmsh-semitech.com\/fr\/wp-json\/wp\/v2\/media\/1934"}],"wp:attachment":[{"href":"https:\/\/www.zmsh-semitech.com\/fr\/wp-json\/wp\/v2\/media?parent=1933"}],"wp:term":[{"taxonomy":"product_brand","embeddable":true,"href":"https:\/\/www.zmsh-semitech.com\/fr\/wp-json\/wp\/v2\/product_brand?post=1933"},{"taxonomy":"product_cat","embeddable":true,"href":"https:\/\/www.zmsh-semitech.com\/fr\/wp-json\/wp\/v2\/product_cat?post=1933"},{"taxonomy":"product_tag","embeddable":true,"href":"https:\/\/www.zmsh-semitech.com\/fr\/wp-json\/wp\/v2\/product_tag?post=1933"}],"curies":[{"name":"wp","href":"https:\/\/api.w.org\/{rel}","templated":true}]}}