{"id":1737,"date":"2026-01-23T01:45:47","date_gmt":"2026-01-23T01:45:47","guid":{"rendered":"https:\/\/www.zmsh-semitech.com\/?post_type=product&#038;p=1737"},"modified":"2026-01-23T01:47:36","modified_gmt":"2026-01-23T01:47:36","slug":"sic-single-crystal-resistance-heating-growth-furnace-for-6-inch-8-inch-and-12-inch-wafer-production-pvt-method","status":"publish","type":"product","link":"https:\/\/www.zmsh-semitech.com\/fr\/product\/sic-single-crystal-resistance-heating-growth-furnace-for-6-inch-8-inch-and-12-inch-wafer-production-pvt-method\/","title":{"rendered":"Four de croissance \u00e0 chauffage par r\u00e9sistance pour SiC monocristallin pour la production de plaquettes de 6, 8 et 12 pouces (m\u00e9thode PVT)"},"content":{"rendered":"<h2 data-start=\"477\" data-end=\"500\">Aper\u00e7u du produit<\/h2>\n<p>&nbsp;<\/p>\n<p data-start=\"502\" data-end=\"769\">Le four de croissance par chauffage par r\u00e9sistance pour monocristaux de SiC ZMSH est un syst\u00e8me de croissance cristalline \u00e0 haute temp\u00e9rature sp\u00e9cialement con\u00e7u pour la production de monocristaux de carbure de silicium de grand diam\u00e8tre, permettant la fabrication de plaquettes de SiC de 6, 8 et 12 pouces.<\/p>\n<p><img fetchpriority=\"high\" decoding=\"async\" class=\"size-medium wp-image-1741 alignright\" src=\"https:\/\/www.zmsh-semitech.com\/wp-content\/uploads\/2026\/01\/pl204262693-sic_single_crystal_resistance_heating_crystal_growth_furnace_for_6inch_8inch_12inch_sic_wafers_manufacture-300x199.webp\" alt=\"\" width=\"300\" height=\"199\" srcset=\"https:\/\/www.zmsh-semitech.com\/wp-content\/uploads\/2026\/01\/pl204262693-sic_single_crystal_resistance_heating_crystal_growth_furnace_for_6inch_8inch_12inch_sic_wafers_manufacture-300x199.webp 300w, https:\/\/www.zmsh-semitech.com\/wp-content\/uploads\/2026\/01\/pl204262693-sic_single_crystal_resistance_heating_crystal_growth_furnace_for_6inch_8inch_12inch_sic_wafers_manufacture.webp 590w\" sizes=\"(max-width: 300px) 100vw, 300px\" \/><\/p>\n<p data-start=\"502\" data-end=\"769\">uring.<\/p>\n<p data-start=\"771\" data-end=\"1198\">Le four est con\u00e7u selon le principe de la croissance cristalline par transport physique de vapeur (PVT) et int\u00e8gre un contr\u00f4le pr\u00e9cis du chauffage par r\u00e9sistance, une distribution stable du champ thermique, une gestion de l'environnement sous vide pouss\u00e9 et une r\u00e9gulation pr\u00e9cise de la pression.<br data-start=\"1021\" data-end=\"1024\" \/>Cette configuration permet la croissance de monocristaux de SiC de haute puret\u00e9 et de faible densit\u00e9 de d\u00e9fauts, adapt\u00e9s aux applications de semi-conducteurs de puissance et de dispositifs \u00e9lectroniques avanc\u00e9s.<\/p>\n<p data-start=\"1200\" data-end=\"1400\">Le syst\u00e8me est con\u00e7u pour r\u00e9pondre aux exigences de la production industrielle, garantissant la stabilit\u00e9 du processus, la r\u00e9p\u00e9tabilit\u00e9 et la fiabilit\u00e9 op\u00e9rationnelle \u00e0 long terme dans des environnements de croissance de cristaux de SiC \u00e0 grande \u00e9chelle.<\/p>\n<p data-start=\"1200\" data-end=\"1400\">\n<h2 data-start=\"1407\" data-end=\"1441\">Capacit\u00e9s techniques de base<\/h2>\n<p>&nbsp;<\/p>\n<h3 data-start=\"1443\" data-end=\"1491\">Syst\u00e8me de chauffage par r\u00e9sistance \u00e0 haute stabilit\u00e9<\/h3>\n<p data-start=\"1492\" data-end=\"1742\">Le four adopte une structure de chauffage par r\u00e9sistance multizone pour obtenir une distribution uniforme de la temp\u00e9rature axiale et radiale. Cela permet de minimiser les gradients thermiques, de r\u00e9duire les contraintes internes et d'am\u00e9liorer l'int\u00e9grit\u00e9 structurelle des cristaux pendant le processus de croissance.<\/p>\n<h3 data-start=\"1744\" data-end=\"1790\">Contr\u00f4le pr\u00e9cis de la temp\u00e9rature et de la pression<\/h3>\n<ul data-start=\"1791\" data-end=\"1929\">\n<li data-start=\"1791\" data-end=\"1839\">\n<p data-start=\"1793\" data-end=\"1839\">Temp\u00e9rature maximale de fonctionnement jusqu'\u00e0 2500\u00b0C<\/p>\n<\/li>\n<li data-start=\"1840\" data-end=\"1880\">\n<p data-start=\"1842\" data-end=\"1880\">Pr\u00e9cision du contr\u00f4le de la temp\u00e9rature : \u00b11\u00b0C<\/p>\n<\/li>\n<li data-start=\"1881\" data-end=\"1929\">\n<p data-start=\"1883\" data-end=\"1929\">Large plage de r\u00e9gulation de la pression : 1-700 mbar<\/p>\n<\/li>\n<\/ul>\n<p data-start=\"1931\" data-end=\"2090\">Ces param\u00e8tres fournissent un environnement thermodynamique stable, essentiel \u00e0 la sublimation contr\u00f4l\u00e9e, au transport de la vapeur et \u00e0 la recristallisation des cristaux lors de la croissance du SiC.<\/p>\n<h3 data-start=\"2092\" data-end=\"2138\">Capacit\u00e9 de croissance des cristaux de grand diam\u00e8tre<\/h3>\n<p data-start=\"2139\" data-end=\"2348\">Avec un diam\u00e8tre de creuset de 900 mm, le syst\u00e8me prend en charge la croissance des lingots de SiC de 8 et 12 pouces de la prochaine g\u00e9n\u00e9ration, ce qui permet aux fabricants d'augmenter leur production tout en am\u00e9liorant le rendement et l'homog\u00e9n\u00e9it\u00e9 des plaquettes.<\/p>\n<h3 data-start=\"2350\" data-end=\"2388\">Environnement de croissance sous vide pouss\u00e9<\/h3>\n<p data-start=\"2389\" data-end=\"2551\">Le four maintient une chambre de croissance \u00e0 faible fuite et \u00e0 vide pouss\u00e9, ce qui r\u00e9duit le risque de contamination, am\u00e9liore la puret\u00e9 des cristaux et assure un fonctionnement stable sur une longue dur\u00e9e.<\/p>\n<h2 data-start=\"2558\" data-end=\"2588\"><\/h2>\n<h2 data-start=\"2558\" data-end=\"2588\">Applications industrielles<img decoding=\"async\" class=\"size-medium wp-image-1739 alignright\" src=\"https:\/\/www.zmsh-semitech.com\/wp-content\/uploads\/2026\/01\/pl204262670-sic_single_crystal_resistance_heating_crystal_growth_furnace_for_6inch_8inch_12inch_sic_wafers_manufacture-300x300.webp\" alt=\"\" width=\"300\" height=\"300\" srcset=\"https:\/\/www.zmsh-semitech.com\/wp-content\/uploads\/2026\/01\/pl204262670-sic_single_crystal_resistance_heating_crystal_growth_furnace_for_6inch_8inch_12inch_sic_wafers_manufacture-300x300.webp 300w, https:\/\/www.zmsh-semitech.com\/wp-content\/uploads\/2026\/01\/pl204262670-sic_single_crystal_resistance_heating_crystal_growth_furnace_for_6inch_8inch_12inch_sic_wafers_manufacture-150x150.webp 150w, https:\/\/www.zmsh-semitech.com\/wp-content\/uploads\/2026\/01\/pl204262670-sic_single_crystal_resistance_heating_crystal_growth_furnace_for_6inch_8inch_12inch_sic_wafers_manufacture-600x600.webp 600w, https:\/\/www.zmsh-semitech.com\/wp-content\/uploads\/2026\/01\/pl204262670-sic_single_crystal_resistance_heating_crystal_growth_furnace_for_6inch_8inch_12inch_sic_wafers_manufacture-100x100.webp 100w, https:\/\/www.zmsh-semitech.com\/wp-content\/uploads\/2026\/01\/pl204262670-sic_single_crystal_resistance_heating_crystal_growth_furnace_for_6inch_8inch_12inch_sic_wafers_manufacture.webp 607w\" sizes=\"(max-width: 300px) 100vw, 300px\" \/><\/h2>\n<p>&nbsp;<\/p>\n<ul data-start=\"2590\" data-end=\"2828\">\n<li data-start=\"2590\" data-end=\"2624\">\n<p data-start=\"2592\" data-end=\"2624\">Substrats pour semi-conducteurs de puissance<\/p>\n<\/li>\n<li data-start=\"2625\" data-end=\"2659\">\n<p data-start=\"2627\" data-end=\"2659\">Modules de puissance pour v\u00e9hicules \u00e9lectriques<\/p>\n<\/li>\n<li data-start=\"2660\" data-end=\"2701\">\n<p data-start=\"2662\" data-end=\"2701\">Dispositifs MOSFET et diodes \u00e0 haute tension<\/p>\n<\/li>\n<li data-start=\"2702\" data-end=\"2747\">\n<p data-start=\"2704\" data-end=\"2747\">Syst\u00e8mes de conversion de l'\u00e9nergie renouvelable<\/p>\n<\/li>\n<li data-start=\"2748\" data-end=\"2795\">\n<p data-start=\"2750\" data-end=\"2795\">Composants \u00e9lectroniques haute fr\u00e9quence et RF<\/p>\n<\/li>\n<li data-start=\"2796\" data-end=\"2828\">\n<p data-start=\"2798\" data-end=\"2828\">\u00c9lectronique de puissance industrielle<\/p>\n<\/li>\n<\/ul>\n<p>&nbsp;<\/p>\n<h2 data-start=\"2835\" data-end=\"2866\">Sp\u00e9cifications techniques<\/h2>\n<p>&nbsp;<\/p>\n<div class=\"TyagGW_tableContainer\">\n<div class=\"group TyagGW_tableWrapper flex flex-col-reverse w-fit\" tabindex=\"-1\">\n<table class=\"w-fit min-w-(--thread-content-width)\" data-start=\"2868\" data-end=\"3773\">\n<thead data-start=\"2868\" data-end=\"2901\">\n<tr data-start=\"2868\" data-end=\"2901\">\n<th data-start=\"2868\" data-end=\"2874\" data-col-size=\"sm\">Non.<\/th>\n<th data-start=\"2874\" data-end=\"2890\" data-col-size=\"sm\">Sp\u00e9cifications<\/th>\n<th data-start=\"2890\" data-end=\"2901\" data-col-size=\"md\">D\u00e9tails<\/th>\n<\/tr>\n<\/thead>\n<tbody data-start=\"2936\" data-end=\"3773\">\n<tr data-start=\"2936\" data-end=\"2961\">\n<td data-start=\"2936\" data-end=\"2940\" data-col-size=\"sm\">1<\/td>\n<td data-start=\"2940\" data-end=\"2948\" data-col-size=\"sm\">Mod\u00e8le<\/td>\n<td data-start=\"2948\" data-end=\"2961\" data-col-size=\"md\">PVT-RS-40<\/td>\n<\/tr>\n<tr data-start=\"2962\" data-end=\"3024\">\n<td data-start=\"2962\" data-end=\"2966\" data-col-size=\"sm\">2<\/td>\n<td data-start=\"2966\" data-end=\"2999\" data-col-size=\"sm\">Dimensions du four (L \u00d7 L \u00d7 H)<\/td>\n<td data-start=\"2999\" data-end=\"3024\" data-col-size=\"md\">2500 \u00d7 2400 \u00d7 3456 mm<\/td>\n<\/tr>\n<tr data-start=\"3025\" data-end=\"3059\">\n<td data-start=\"3025\" data-end=\"3029\" data-col-size=\"sm\">3<\/td>\n<td data-start=\"3029\" data-end=\"3049\" data-col-size=\"sm\">Diam\u00e8tre du creuset<\/td>\n<td data-start=\"3049\" data-end=\"3059\" data-col-size=\"md\">900 mm<\/td>\n<\/tr>\n<tr data-start=\"3060\" data-end=\"3127\">\n<td data-start=\"3060\" data-end=\"3064\" data-col-size=\"sm\">4<\/td>\n<td data-start=\"3064\" data-end=\"3091\" data-col-size=\"sm\">Pression de vide ultime<\/td>\n<td data-start=\"3091\" data-end=\"3127\" data-col-size=\"md\">6 \u00d7 10-\u2074 Pa (apr\u00e8s 1,5 h de vide)<\/td>\n<\/tr>\n<tr data-start=\"3128\" data-end=\"3174\">\n<td data-start=\"3128\" data-end=\"3132\" data-col-size=\"sm\">5<\/td>\n<td data-start=\"3132\" data-end=\"3147\" data-col-size=\"sm\">Taux de fuite<\/td>\n<td data-start=\"3147\" data-end=\"3174\" data-col-size=\"md\">\u22645 Pa \/ 12 h (bake-out)<\/td>\n<\/tr>\n<tr data-start=\"3175\" data-end=\"3214\">\n<td data-start=\"3175\" data-end=\"3179\" data-col-size=\"sm\">6<\/td>\n<td data-start=\"3179\" data-end=\"3205\" data-col-size=\"sm\">Diam\u00e8tre de l'arbre de rotation<\/td>\n<td data-start=\"3205\" data-end=\"3214\" data-col-size=\"md\">50 mm<\/td>\n<\/tr>\n<tr data-start=\"3215\" data-end=\"3249\">\n<td data-start=\"3215\" data-end=\"3219\" data-col-size=\"sm\">7<\/td>\n<td data-start=\"3219\" data-end=\"3236\" data-col-size=\"sm\">Vitesse de rotation<\/td>\n<td data-start=\"3236\" data-end=\"3249\" data-col-size=\"md\">0,5-5 tr\/min<\/td>\n<\/tr>\n<tr data-start=\"3250\" data-end=\"3302\">\n<td data-start=\"3250\" data-end=\"3254\" data-col-size=\"sm\">8<\/td>\n<td data-start=\"3254\" data-end=\"3271\" data-col-size=\"sm\">M\u00e9thode de chauffage<\/td>\n<td data-start=\"3271\" data-end=\"3302\" data-col-size=\"md\">Chauffage par r\u00e9sistance \u00e9lectrique<\/td>\n<\/tr>\n<tr data-start=\"3303\" data-end=\"3347\">\n<td data-start=\"3303\" data-end=\"3307\" data-col-size=\"sm\">9<\/td>\n<td data-start=\"3307\" data-end=\"3337\" data-col-size=\"sm\">Temp\u00e9rature maximale du four<\/td>\n<td data-start=\"3337\" data-end=\"3347\" data-col-size=\"md\">2500\u00b0C<\/td>\n<\/tr>\n<tr data-start=\"3348\" data-end=\"3389\">\n<td data-start=\"3348\" data-end=\"3352\" data-col-size=\"sm\">10<\/td>\n<td data-start=\"3352\" data-end=\"3368\" data-col-size=\"sm\">Puissance de chauffage<\/td>\n<td data-start=\"3368\" data-end=\"3389\" data-col-size=\"md\">40 kW \u00d7 2 + 20 kW<\/td>\n<\/tr>\n<tr data-start=\"3390\" data-end=\"3453\">\n<td data-start=\"3390\" data-end=\"3394\" data-col-size=\"sm\">11<\/td>\n<td data-start=\"3394\" data-end=\"3420\" data-col-size=\"sm\">Mesure de la temp\u00e9rature<\/td>\n<td data-start=\"3420\" data-end=\"3453\" data-col-size=\"md\">Pyrom\u00e8tre infrarouge bicolore<\/td>\n<\/tr>\n<tr data-start=\"3454\" data-end=\"3492\">\n<td data-start=\"3454\" data-end=\"3458\" data-col-size=\"sm\">12<\/td>\n<td data-start=\"3458\" data-end=\"3478\" data-col-size=\"sm\">Plage de temp\u00e9rature<\/td>\n<td data-start=\"3478\" data-end=\"3492\" data-col-size=\"md\">900-3000\u00b0C<\/td>\n<\/tr>\n<tr data-start=\"3493\" data-end=\"3528\">\n<td data-start=\"3493\" data-end=\"3497\" data-col-size=\"sm\">13<\/td>\n<td data-start=\"3497\" data-end=\"3520\" data-col-size=\"sm\">Pr\u00e9cision de la temp\u00e9rature<\/td>\n<td data-start=\"3520\" data-end=\"3528\" data-col-size=\"md\">\u00b11\u00b0C<\/td>\n<\/tr>\n<tr data-start=\"3529\" data-end=\"3564\">\n<td data-start=\"3529\" data-end=\"3533\" data-col-size=\"sm\">14<\/td>\n<td data-start=\"3533\" data-end=\"3550\" data-col-size=\"sm\">Gamme de pression<\/td>\n<td data-start=\"3550\" data-end=\"3564\" data-col-size=\"md\">1-700 mbar<\/td>\n<\/tr>\n<tr data-start=\"3565\" data-end=\"3617\">\n<td data-start=\"3565\" data-end=\"3569\" data-col-size=\"sm\">15<\/td>\n<td data-start=\"3569\" data-end=\"3597\" data-col-size=\"sm\">Pr\u00e9cision du contr\u00f4le de la pression<\/td>\n<td data-start=\"3597\" data-end=\"3617\" data-col-size=\"md\">\u00b10,5% pleine \u00e9chelle<\/td>\n<\/tr>\n<tr data-start=\"3618\" data-end=\"3691\">\n<td data-start=\"3618\" data-end=\"3622\" data-col-size=\"sm\">16<\/td>\n<td data-start=\"3622\" data-end=\"3639\" data-col-size=\"sm\">Type d'op\u00e9ration<\/td>\n<td data-start=\"3639\" data-end=\"3691\" data-col-size=\"md\">Chargement par le bas, modes de s\u00e9curit\u00e9 manuels ou automatiques<\/td>\n<\/tr>\n<tr data-start=\"3692\" data-end=\"3773\">\n<td data-start=\"3692\" data-end=\"3696\" data-col-size=\"sm\">17<\/td>\n<td data-start=\"3696\" data-end=\"3722\" data-col-size=\"sm\">Configurations optionnelles<\/td>\n<td data-start=\"3722\" data-end=\"3773\" data-col-size=\"md\">Chauffage multizone, double contr\u00f4le de la temp\u00e9rature<\/td>\n<\/tr>\n<\/tbody>\n<\/table>\n<\/div>\n<\/div>\n<h2 data-start=\"3780\" data-end=\"3813\"><\/h2>\n<h2 data-start=\"3780\" data-end=\"3813\">Performance de la croissance des cristaux<\/h2>\n<p>&nbsp;<\/p>\n<p data-start=\"3815\" data-end=\"3894\">Le syst\u00e8me permet de produire des monocristaux de SiC de haute qualit\u00e9 :<\/p>\n<ul data-start=\"3896\" data-end=\"4036\">\n<li data-start=\"3896\" data-end=\"3923\">\n<p data-start=\"3898\" data-end=\"3923\">Faible densit\u00e9 de dislocation<\/p>\n<\/li>\n<li data-start=\"3924\" data-end=\"3954\">\n<p data-start=\"3926\" data-end=\"3954\">Grande uniformit\u00e9 structurelle<\/p>\n<\/li>\n<li data-start=\"3955\" data-end=\"3987\">\n<p data-start=\"3957\" data-end=\"3987\">Propri\u00e9t\u00e9s \u00e9lectriques stables<\/p>\n<\/li>\n<li data-start=\"3988\" data-end=\"4036\">\n<p data-start=\"3990\" data-end=\"4036\">Excellentes performances thermiques et m\u00e9caniques<\/p>\n<\/li>\n<\/ul>\n<p data-start=\"4038\" data-end=\"4178\">Ces caract\u00e9ristiques sont essentielles pour les plaquettes de qualit\u00e9 semi-conducteur utilis\u00e9es dans la fabrication d'appareils \u00e0 haute puissance, \u00e0 haute tension et \u00e0 haute fr\u00e9quence.<\/p>\n<p data-start=\"4038\" data-end=\"4178\">\n<h2 data-start=\"4185\" data-end=\"4217\">ZMSH Engineering Services<\/h2>\n<p>&nbsp;<\/p>\n<h3 data-start=\"4219\" data-end=\"4254\">Configuration personnalis\u00e9e du syst\u00e8me<\/h3>\n<p data-start=\"4255\" data-end=\"4405\">La structure du four, les zones de chauffage, les syst\u00e8mes de contr\u00f4le et les dimensions de la chambre peuvent \u00eatre personnalis\u00e9s en fonction de l'\u00e9chelle de production et des exigences en mati\u00e8re de taille des plaquettes.<\/p>\n<h3 data-start=\"4407\" data-end=\"4445\">Installation et mise en service<\/h3>\n<p data-start=\"4446\" data-end=\"4564\">L'installation, l'\u00e9talonnage et la v\u00e9rification op\u00e9rationnelle des syst\u00e8mes sur site sont assur\u00e9s par des \u00e9quipes d'ing\u00e9nieurs professionnels.<\/p>\n<h3 data-start=\"4566\" data-end=\"4592\">Formation technique<\/h3>\n<p data-start=\"4593\" data-end=\"4699\">Les programmes de formation des op\u00e9rateurs portent sur le fonctionnement des \u00e9quipements, le contr\u00f4le des processus, la maintenance et le diagnostic des d\u00e9faillances.<\/p>\n<h3 data-start=\"4701\" data-end=\"4726\">Soutien \u00e0 long terme<\/h3>\n<p data-start=\"4727\" data-end=\"4835\">L'assistance technique tout au long du cycle de vie, les services de maintenance et la fourniture de pi\u00e8ces d\u00e9tach\u00e9es garantissent un fonctionnement stable \u00e0 long terme.<\/p>\n<h2 data-start=\"4842\" data-end=\"4852\"><\/h2>\n<h2 data-start=\"4842\" data-end=\"4852\">FAQ<\/h2>\n<p>&nbsp;<\/p>\n<p data-start=\"4854\" data-end=\"5148\">Q1 : Quelle m\u00e9thode de croissance cristalline ce four utilise-t-il ?<br data-start=\"4911\" data-end=\"4914\" \/>R : Le four fonctionne selon la m\u00e9thode du transport physique de vapeur (PVT), qui permet de contr\u00f4ler la sublimation et la recristallisation du carbure de silicium \u00e0 des temp\u00e9ratures \u00e9lev\u00e9es, ce qui le rend adapt\u00e9 \u00e0 la croissance de monocristaux de haute qualit\u00e9.<\/p>\n<p data-start=\"5150\" data-end=\"5371\">Q2 : Quelles tailles de plaquettes le four peut-il prendre en charge ?<br data-start=\"5199\" data-end=\"5202\" \/>R : Le syst\u00e8me est con\u00e7u pour la croissance de monocristaux de carbure de silicium de 6, 8 et 12 pouces, r\u00e9pondant ainsi aux exigences actuelles et futures de la fabrication de plaquettes de silicium.<\/p>\n<p data-start=\"5373\" data-end=\"5637\">Q3 : Le four est-il adapt\u00e9 \u00e0 une production \u00e0 l'\u00e9chelle industrielle ?<br data-start=\"5437\" data-end=\"5440\" \/>R : Oui. Le syst\u00e8me est con\u00e7u pour un fonctionnement industriel continu, offrant une grande stabilit\u00e9 thermique, une r\u00e9p\u00e9tabilit\u00e9 du processus et une fiabilit\u00e9 \u00e0 long terme pour les lignes de production de cristaux SiC \u00e0 grande \u00e9chelle.<\/p>","protected":false},"excerpt":{"rendered":"<p>Four de croissance \u00e0 haute temp\u00e9rature pour le chauffage par r\u00e9sistance de monocristaux de SiC pour la fabrication de plaquettes de 6, 8 et 12 pouces. Con\u00e7u pour une croissance stable des cristaux PVT et une production industrielle.<\/p>","protected":false},"featured_media":1738,"comment_status":"open","ping_status":"closed","template":"","meta":{"site-sidebar-layout":"default","site-content-layout":"","ast-site-content-layout":"default","site-content-style":"default","site-sidebar-style":"default","ast-global-header-display":"","ast-banner-title-visibility":"","ast-main-header-display":"","ast-hfb-above-header-display":"","ast-hfb-below-header-display":"","ast-hfb-mobile-header-display":"","site-post-title":"","ast-breadcrumbs-content":"","ast-featured-img":"","footer-sml-layout":"","ast-disable-related-posts":"","theme-transparent-header-meta":"default","adv-header-id-meta":"","stick-header-meta":"default","header-above-stick-meta":"","header-main-stick-meta":"","header-below-stick-meta":"","astra-migrate-meta-layouts":"set","ast-page-background-enabled":"default","ast-page-background-meta":{"desktop":{"background-color":"var(--ast-global-color-4)","background-image":"","background-repeat":"repeat","background-position":"center center","background-size":"auto","background-attachment":"scroll","background-type":"","background-media":"","overlay-type":"","overlay-color":"","overlay-opacity":"","overlay-gradient":""},"tablet":{"background-color":"","background-image":"","background-repeat":"repeat","background-position":"center center","background-size":"auto","background-attachment":"scroll","background-type":"","background-media":"","overlay-type":"","overlay-color":"","overlay-opacity":"","overlay-gradient":""},"mobile":{"background-color":"","background-image":"","background-repeat":"repeat","background-position":"center center","background-size":"auto","background-attachment":"scroll","background-type":"","background-media":"","overlay-type":"","overlay-color":"","overlay-opacity":"","overlay-gradient":""}},"ast-content-background-meta":{"desktop":{"background-color":"var(--ast-global-color-5)","background-image":"","background-repeat":"repeat","background-position":"center center","background-size":"auto","background-attachment":"scroll","background-type":"","background-media":"","overlay-type":"","overlay-color":"","overlay-opacity":"","overlay-gradient":""},"tablet":{"background-color":"var(--ast-global-color-5)","background-image":"","background-repeat":"repeat","background-position":"center center","background-size":"auto","background-attachment":"scroll","background-type":"","background-media":"","overlay-type":"","overlay-color":"","overlay-opacity":"","overlay-gradient":""},"mobile":{"background-color":"var(--ast-global-color-5)","background-image":"","background-repeat":"repeat","background-position":"center center","background-size":"auto","background-attachment":"scroll","background-type":"","background-media":"","overlay-type":"","overlay-color":"","overlay-opacity":"","overlay-gradient":""}}},"product_brand":[],"product_cat":[15],"product_tag":[141,142,143,139,137,140,138],"class_list":{"0":"post-1737","1":"product","2":"type-product","3":"status-publish","4":"has-post-thumbnail","6":"product_cat-crystal-growth-furnace","7":"product_tag-12-inch-sic-growth-furnace","8":"product_tag-8-inch-sic-crystal-furnace","9":"product_tag-resistance-heating-crystal-growth-furnace","10":"product_tag-sic-pvt-growth-furnace","11":"product_tag-sic-single-crystal-growth-furnace","12":"product_tag-sic-wafer-manufacturing-equipment","13":"product_tag-silicon-carbide-crystal-growth-furnace","14":"desktop-align-left","15":"tablet-align-left","16":"mobile-align-left","17":"ast-product-gallery-layout-horizontal-slider","18":"ast-product-tabs-layout-horizontal","20":"first","21":"instock","22":"shipping-taxable","23":"product-type-simple"},"_links":{"self":[{"href":"https:\/\/www.zmsh-semitech.com\/fr\/wp-json\/wp\/v2\/product\/1737","targetHints":{"allow":["GET"]}}],"collection":[{"href":"https:\/\/www.zmsh-semitech.com\/fr\/wp-json\/wp\/v2\/product"}],"about":[{"href":"https:\/\/www.zmsh-semitech.com\/fr\/wp-json\/wp\/v2\/types\/product"}],"replies":[{"embeddable":true,"href":"https:\/\/www.zmsh-semitech.com\/fr\/wp-json\/wp\/v2\/comments?post=1737"}],"version-history":[{"count":3,"href":"https:\/\/www.zmsh-semitech.com\/fr\/wp-json\/wp\/v2\/product\/1737\/revisions"}],"predecessor-version":[{"id":1744,"href":"https:\/\/www.zmsh-semitech.com\/fr\/wp-json\/wp\/v2\/product\/1737\/revisions\/1744"}],"wp:featuredmedia":[{"embeddable":true,"href":"https:\/\/www.zmsh-semitech.com\/fr\/wp-json\/wp\/v2\/media\/1738"}],"wp:attachment":[{"href":"https:\/\/www.zmsh-semitech.com\/fr\/wp-json\/wp\/v2\/media?parent=1737"}],"wp:term":[{"taxonomy":"product_brand","embeddable":true,"href":"https:\/\/www.zmsh-semitech.com\/fr\/wp-json\/wp\/v2\/product_brand?post=1737"},{"taxonomy":"product_cat","embeddable":true,"href":"https:\/\/www.zmsh-semitech.com\/fr\/wp-json\/wp\/v2\/product_cat?post=1737"},{"taxonomy":"product_tag","embeddable":true,"href":"https:\/\/www.zmsh-semitech.com\/fr\/wp-json\/wp\/v2\/product_tag?post=1737"}],"curies":[{"name":"wp","href":"https:\/\/api.w.org\/{rel}","templated":true}]}}