{"id":2411,"date":"2026-04-24T06:30:17","date_gmt":"2026-04-24T06:30:17","guid":{"rendered":"https:\/\/www.zmsh-semitech.com\/?post_type=product&#038;p=2411"},"modified":"2026-04-24T06:30:19","modified_gmt":"2026-04-24T06:30:19","slug":"cvd-silicon-carbide-sic-electrode-for-semiconductor-plasma-systems","status":"publish","type":"product","link":"https:\/\/www.zmsh-semitech.com\/fi\/product\/cvd-silicon-carbide-sic-electrode-for-semiconductor-plasma-systems\/","title":{"rendered":"CVD piikarbidielektrodi (SiC) puolijohdeplasmaj\u00e4rjestelmiss\u00e4 k\u00e4ytett\u00e4v\u00e4ksi"},"content":{"rendered":"<p data-start=\"231\" data-end=\"634\">SiC-elektrodi (piikarbidielektrodi) on korkean suorituskyvyn komponentti, joka on suunniteltu kehittyneisiin puolijohteiden plasmak\u00e4sittelyj\u00e4rjestelmiin, mukaan lukien sy\u00f6vytys-, laskeutus- ja pintak\u00e4sittelylaitteet. Perinteisiin piielektrodeihin verrattuna SiC-elektrodit o<img fetchpriority=\"high\" decoding=\"async\" class=\"alignright wp-image-2414 size-medium\" src=\"https:\/\/www.zmsh-semitech.com\/wp-content\/uploads\/2026\/04\/CVD-Silicon-Carbide-SiC-Electrode-for-Semiconductor-Plasma-Systems-1-300x300.png\" alt=\"CVD piikarbidielektrodi (SiC) puolijohdeplasmaj\u00e4rjestelmiss\u00e4 k\u00e4ytett\u00e4v\u00e4ksi\" width=\"300\" height=\"300\" srcset=\"https:\/\/www.zmsh-semitech.com\/wp-content\/uploads\/2026\/04\/CVD-Silicon-Carbide-SiC-Electrode-for-Semiconductor-Plasma-Systems-1-300x300.png 300w, https:\/\/www.zmsh-semitech.com\/wp-content\/uploads\/2026\/04\/CVD-Silicon-Carbide-SiC-Electrode-for-Semiconductor-Plasma-Systems-1-150x150.png 150w, https:\/\/www.zmsh-semitech.com\/wp-content\/uploads\/2026\/04\/CVD-Silicon-Carbide-SiC-Electrode-for-Semiconductor-Plasma-Systems-1-768x768.png 768w, https:\/\/www.zmsh-semitech.com\/wp-content\/uploads\/2026\/04\/CVD-Silicon-Carbide-SiC-Electrode-for-Semiconductor-Plasma-Systems-1-12x12.png 12w, https:\/\/www.zmsh-semitech.com\/wp-content\/uploads\/2026\/04\/CVD-Silicon-Carbide-SiC-Electrode-for-Semiconductor-Plasma-Systems-1-600x600.png 600w, https:\/\/www.zmsh-semitech.com\/wp-content\/uploads\/2026\/04\/CVD-Silicon-Carbide-SiC-Electrode-for-Semiconductor-Plasma-Systems-1-100x100.png 100w, https:\/\/www.zmsh-semitech.com\/wp-content\/uploads\/2026\/04\/CVD-Silicon-Carbide-SiC-Electrode-for-Semiconductor-Plasma-Systems-1.png 1000w\" sizes=\"(max-width: 300px) 100vw, 300px\" \/>taa huomattavasti parempaa kest\u00e4vyytt\u00e4, ylivoimaista plasmakest\u00e4vyytt\u00e4 ja pidemp\u00e4\u00e4 k\u00e4ytt\u00f6ik\u00e4\u00e4 \u00e4\u00e4rimm\u00e4isiss\u00e4 k\u00e4sittelyolosuhteissa.<\/p>\n<p data-start=\"636\" data-end=\"980\">Kemiallisella h\u00f6yrypinnoituksella (CVD) valmistetussa piikarbidissa on tihe\u00e4, eritt\u00e4in puhdas rakenne, jolla on erinomainen l\u00e4mm\u00f6njohtavuus ja kemiallinen stabiilisuus. T\u00e4m\u00e4n ansiosta se soveltuu erityisen hyvin ymp\u00e4rist\u00f6ihin, joissa k\u00e4ytet\u00e4\u00e4n suurienergist\u00e4 plasmaa, aggressiivisia kaasuja, kuten CF\u2084, SF\u2086, NF\u2083 ja Cl\u2082, sek\u00e4 korkeita l\u00e4mp\u00f6tiloja.<\/p>\n<p data-start=\"982\" data-end=\"1287\">Plasmakammioissa elektrodeilla on ratkaiseva rooli s\u00e4hk\u00f6kenttien, plasmatiheyden ja prosessin tasaisuuden s\u00e4\u00e4telyss\u00e4. SiC-elektrodit s\u00e4ilytt\u00e4v\u00e4t vakaat s\u00e4hk\u00f6iset ominaisuudet pitki\u00e4 aikoja, v\u00e4hent\u00e4v\u00e4t ajautumista, minimoivat hiukkaskontaminaation ja varmistavat tasaiset kiekkojen k\u00e4sittelytulokset.<\/p>\n<p data-start=\"1289\" data-end=\"1521\">Kest\u00e4vyytens\u00e4 ja suorituskykyns\u00e4 vuoksi SiC-elektrodit luokitellaan kriittisiksi puolijohteiden kulutusosiksi (pitk\u00e4ik\u00e4iset kulutusosat), ja niit\u00e4 k\u00e4ytet\u00e4\u00e4n laajalti kehittyneiss\u00e4 puolijohdekeskittymiss\u00e4 ja korkean l\u00e4pimenon tuotantoymp\u00e4rist\u00f6iss\u00e4.<\/p>\n<hr data-start=\"1523\" data-end=\"1526\" \/>\n<h2 data-section-id=\"1wht24f\" data-start=\"1528\" data-end=\"1548\">T\u00e4rkeimm\u00e4t ominaisuudet<\/h2>\n<p><strong style=\"font-size: 16px; font-style: normal;\" data-start=\"1639\" data-end=\"1669\"><img decoding=\"async\" class=\"alignright wp-image-2412 size-medium\" style=\"font-weight: 400;\" src=\"https:\/\/www.zmsh-semitech.com\/wp-content\/uploads\/2026\/04\/CVD-Silicon-Carbide-SiC-Electrode-for-Semiconductor-Plasma-Systems-2-300x300.png\" alt=\"CVD piikarbidielektrodi (SiC) puolijohdeplasmaj\u00e4rjestelmiss\u00e4 k\u00e4ytett\u00e4v\u00e4ksi\" width=\"300\" height=\"300\" srcset=\"https:\/\/www.zmsh-semitech.com\/wp-content\/uploads\/2026\/04\/CVD-Silicon-Carbide-SiC-Electrode-for-Semiconductor-Plasma-Systems-2-300x300.png 300w, https:\/\/www.zmsh-semitech.com\/wp-content\/uploads\/2026\/04\/CVD-Silicon-Carbide-SiC-Electrode-for-Semiconductor-Plasma-Systems-2-150x150.png 150w, https:\/\/www.zmsh-semitech.com\/wp-content\/uploads\/2026\/04\/CVD-Silicon-Carbide-SiC-Electrode-for-Semiconductor-Plasma-Systems-2-768x768.png 768w, https:\/\/www.zmsh-semitech.com\/wp-content\/uploads\/2026\/04\/CVD-Silicon-Carbide-SiC-Electrode-for-Semiconductor-Plasma-Systems-2-12x12.png 12w, https:\/\/www.zmsh-semitech.com\/wp-content\/uploads\/2026\/04\/CVD-Silicon-Carbide-SiC-Electrode-for-Semiconductor-Plasma-Systems-2-600x600.png 600w, https:\/\/www.zmsh-semitech.com\/wp-content\/uploads\/2026\/04\/CVD-Silicon-Carbide-SiC-Electrode-for-Semiconductor-Plasma-Systems-2-100x100.png 100w, https:\/\/www.zmsh-semitech.com\/wp-content\/uploads\/2026\/04\/CVD-Silicon-Carbide-SiC-Electrode-for-Semiconductor-Plasma-Systems-2.png 1000w\" sizes=\"(max-width: 300px) 100vw, 300px\" \/><\/strong><\/p>\n<ul data-start=\"1549\" data-end=\"2244\">\n<li data-section-id=\"9sfaj1\" data-start=\"1549\" data-end=\"1636\"><strong data-start=\"1551\" data-end=\"1583\">Eritt\u00e4in puhdas CVD SiC-materiaali<\/strong>: Tiivis rakenne ja erinomainen kemiallinen inerttiys<\/li>\n<li data-section-id=\"qsf5dr\" data-start=\"1637\" data-end=\"1741\"><strong data-start=\"1639\" data-end=\"1669\">Erinomainen plasmankest\u00e4vyys<\/strong>: Erinomainen suorituskyky fluori- ja klooripohjaisissa ymp\u00e4rist\u00f6iss\u00e4.<\/li>\n<li data-section-id=\"1rcxb8u\" data-start=\"1742\" data-end=\"1821\"><strong data-start=\"1744\" data-end=\"1771\">Eritt\u00e4in pitk\u00e4 k\u00e4ytt\u00f6ik\u00e4<\/strong>: Tyypillisesti 3-10 kertaa pidempi kuin piielektrodit.<\/li>\n<li data-section-id=\"pe85cr\" data-start=\"1822\" data-end=\"1900\"><strong data-start=\"1824\" data-end=\"1851\">V\u00e4h\u00e4inen hiukkasten muodostuminen<\/strong>: Parantaa saantoa ja v\u00e4hent\u00e4\u00e4 kontaminaatioriski\u00e4<\/li>\n<li data-section-id=\"1eryen9\" data-start=\"1901\" data-end=\"1983\"><strong data-start=\"1903\" data-end=\"1932\">Korkea l\u00e4mm\u00f6njohtavuus<\/strong>: Parantaa l\u00e4mm\u00f6ntuottoa ja prosessin vakautta<\/li>\n<li data-section-id=\"12bf6b0\" data-start=\"1984\" data-end=\"2071\"><strong data-start=\"1986\" data-end=\"2018\">Vakaat s\u00e4hk\u00f6iset ominaisuudet<\/strong>: S\u00e4ilytt\u00e4\u00e4 johdonmukaisen resistiivisyyden pitkien syklien ajan.<\/li>\n<li data-section-id=\"183ojww\" data-start=\"2072\" data-end=\"2161\"><strong data-start=\"2074\" data-end=\"2097\">Tarkkuuskoneistus<\/strong>: Tiukka toleranssi (&lt;10 \u03bcm) puolijohdeintegraatiota varten<\/li>\n<li data-section-id=\"1116895\" data-start=\"2162\" data-end=\"2244\"><strong data-start=\"2164\" data-end=\"2198\">Mukautettu kaasunjakelun suunnittelu<\/strong>: Optimoidut reik\u00e4kuviot tasaista plasmaa varten<\/li>\n<\/ul>\n<hr data-start=\"2246\" data-end=\"2249\" \/>\n<h2 data-section-id=\"1vgwxle\" data-start=\"2251\" data-end=\"2283\">Tekniset tiedot<\/h2>\n<div class=\"TyagGW_tableContainer\">\n<div class=\"group TyagGW_tableWrapper flex flex-col-reverse w-fit\" tabindex=\"-1\">\n<table class=\"w-fit min-w-(--thread-content-width)\" data-start=\"2285\" data-end=\"3017\">\n<thead data-start=\"2285\" data-end=\"2314\">\n<tr data-start=\"2285\" data-end=\"2314\">\n<th class=\"\" data-start=\"2285\" data-end=\"2297\" data-col-size=\"sm\">Parametri<\/th>\n<th class=\"\" data-start=\"2297\" data-end=\"2314\" data-col-size=\"sm\">Tekniset tiedot<\/th>\n<\/tr>\n<\/thead>\n<tbody data-start=\"2342\" data-end=\"3017\">\n<tr data-start=\"2342\" data-end=\"2382\">\n<td data-start=\"2342\" data-end=\"2353\" data-col-size=\"sm\">Materiaali<\/td>\n<td data-col-size=\"sm\" data-start=\"2353\" data-end=\"2382\">CVD piikarbidi (SiC)<\/td>\n<\/tr>\n<tr data-start=\"2383\" data-end=\"2403\">\n<td data-start=\"2383\" data-end=\"2392\" data-col-size=\"sm\">Puhtaus<\/td>\n<td data-col-size=\"sm\" data-start=\"2392\" data-end=\"2403\">\u2265 99,9%<\/td>\n<\/tr>\n<tr data-start=\"2404\" data-end=\"2429\">\n<td data-start=\"2404\" data-end=\"2414\" data-col-size=\"sm\">Tiheys<\/td>\n<td data-col-size=\"sm\" data-start=\"2414\" data-end=\"2429\">\u2265 3,1 g\/cm\u00b3<\/td>\n<\/tr>\n<tr data-start=\"2430\" data-end=\"2463\">\n<td data-start=\"2430\" data-end=\"2447\" data-col-size=\"sm\">Halkaisija (Max)<\/td>\n<td data-col-size=\"sm\" data-start=\"2447\" data-end=\"2463\">Jopa 330 mm<\/td>\n<\/tr>\n<tr data-start=\"2464\" data-end=\"2506\">\n<td data-start=\"2464\" data-end=\"2476\" data-col-size=\"sm\">Paksuus<\/td>\n<td data-col-size=\"sm\" data-start=\"2476\" data-end=\"2506\">Mukautettu (tyypillisesti 5-50 mm)<\/td>\n<\/tr>\n<tr data-start=\"2507\" data-end=\"2542\">\n<td data-start=\"2507\" data-end=\"2527\" data-col-size=\"sm\">Resistiivisyys (alhainen)<\/td>\n<td data-start=\"2527\" data-end=\"2542\" data-col-size=\"sm\">&lt; 0,02 \u03a9-cm<\/td>\n<\/tr>\n<tr data-start=\"2543\" data-end=\"2583\">\n<td data-start=\"2543\" data-end=\"2566\" data-col-size=\"sm\">Resistiivisyys (Medium)<\/td>\n<td data-start=\"2566\" data-end=\"2583\" data-col-size=\"sm\">0,2 - 25 \u03a9-cm<\/td>\n<\/tr>\n<tr data-start=\"2584\" data-end=\"2619\">\n<td data-start=\"2584\" data-end=\"2605\" data-col-size=\"sm\">Resistiivisyys (korkea)<\/td>\n<td data-start=\"2605\" data-end=\"2619\" data-col-size=\"sm\">&gt; 100 \u03a9-cm<\/td>\n<\/tr>\n<tr data-start=\"2620\" data-end=\"2659\">\n<td data-start=\"2620\" data-end=\"2651\" data-col-size=\"sm\">Vastuksen tasaisuus (RRG)<\/td>\n<td data-start=\"2651\" data-end=\"2659\" data-col-size=\"sm\">&lt; 5%<\/td>\n<\/tr>\n<tr data-start=\"2660\" data-end=\"2711\">\n<td data-start=\"2660\" data-end=\"2680\" data-col-size=\"sm\">Kaasuaukon halkaisija<\/td>\n<td data-start=\"2680\" data-end=\"2711\" data-col-size=\"sm\">0,2 - 0,8 mm (muokattavissa)<\/td>\n<\/tr>\n<tr data-start=\"2712\" data-end=\"2762\">\n<td data-start=\"2712\" data-end=\"2732\" data-col-size=\"sm\">Pinnan kunto<\/td>\n<td data-start=\"2732\" data-end=\"2762\" data-col-size=\"sm\">Maadoitettu (kiillotettu valinnainen)<\/td>\n<\/tr>\n<tr data-start=\"2763\" data-end=\"2800\">\n<td data-start=\"2763\" data-end=\"2788\" data-col-size=\"sm\">Pinnan karheus (Ra)<\/td>\n<td data-start=\"2788\" data-end=\"2800\" data-col-size=\"sm\">\u2264 1,6 \u03bcm<\/td>\n<\/tr>\n<tr data-start=\"2801\" data-end=\"2834\">\n<td data-start=\"2801\" data-end=\"2823\" data-col-size=\"sm\">Koneistuksen tarkkuus<\/td>\n<td data-start=\"2823\" data-end=\"2834\" data-col-size=\"sm\">&lt; 10 \u03bcm<\/td>\n<\/tr>\n<tr data-start=\"2835\" data-end=\"2877\">\n<td data-start=\"2835\" data-end=\"2858\" data-col-size=\"sm\">L\u00e4mm\u00f6njohtavuus<\/td>\n<td data-start=\"2858\" data-end=\"2877\" data-col-size=\"sm\">120 - 200 W\/m-K<\/td>\n<\/tr>\n<tr data-start=\"2878\" data-end=\"2902\">\n<td data-start=\"2878\" data-end=\"2889\" data-col-size=\"sm\">Kovuus<\/td>\n<td data-start=\"2889\" data-end=\"2902\" data-col-size=\"sm\">~9,2 Mohs<\/td>\n<\/tr>\n<tr data-start=\"2903\" data-end=\"2963\">\n<td data-start=\"2903\" data-end=\"2931\" data-col-size=\"sm\">Maksimi k\u00e4ytt\u00f6l\u00e4mp\u00f6tila<\/td>\n<td data-start=\"2931\" data-end=\"2963\" data-col-size=\"sm\">&gt; 1000\u00b0C (prosessista riippuvainen)<\/td>\n<\/tr>\n<tr data-start=\"2964\" data-end=\"3017\">\n<td data-start=\"2964\" data-end=\"2982\" data-col-size=\"sm\">Laadunvalvonta<\/td>\n<td data-start=\"2982\" data-end=\"3017\" data-col-size=\"sm\">Ei halkeamia, siruja, saastumista<\/td>\n<\/tr>\n<\/tbody>\n<\/table>\n<\/div>\n<\/div>\n<hr data-start=\"3019\" data-end=\"3022\" \/>\n<h2 data-section-id=\"1gggyhy\" data-start=\"3024\" data-end=\"3044\">Sovellukset<\/h2>\n<p>&nbsp;<\/p>\n<p data-start=\"3045\" data-end=\"3157\">SiC-elektrodeja k\u00e4ytet\u00e4\u00e4n laajalti puolijohteiden k\u00e4sittely-ymp\u00e4rist\u00f6iss\u00e4, joissa vaaditaan suurta kest\u00e4vyytt\u00e4 ja vakautta:<\/p>\n<ul data-start=\"3159\" data-end=\"3352\">\n<li data-section-id=\"qzqq98\" data-start=\"3159\" data-end=\"3197\">Plasmasy\u00f6vytysj\u00e4rjestelm\u00e4t (ICP \/ RIE)\n<p style=\"font-size: 16px; font-style: normal; font-weight: 400;\"><img decoding=\"async\" class=\"size-medium wp-image-2405 alignright\" src=\"https:\/\/www.zmsh-semitech.com\/wp-content\/uploads\/2026\/04\/KYQhvr8H6fiJzv0Gyv0QBbnTGAn0D-jgL0afJ2QhVSsVzaDSfEEx4D1Qc9Qg9IxXDOCUhnYHl82TwzfZ-OQMZzQa5u3KF6R1mE3QPYDfCW4ltwvgZ5uecKGM7VBlj-f5ppfWrANQSR4kHdIoBW-vOxmtu56kJnlmCndnFjtFqasApRq1EpNs3nKzmFQFM9WF-300x225.jpg\" alt=\"\" width=\"300\" height=\"225\" srcset=\"https:\/\/www.zmsh-semitech.com\/wp-content\/uploads\/2026\/04\/KYQhvr8H6fiJzv0Gyv0QBbnTGAn0D-jgL0afJ2QhVSsVzaDSfEEx4D1Qc9Qg9IxXDOCUhnYHl82TwzfZ-OQMZzQa5u3KF6R1mE3QPYDfCW4ltwvgZ5uecKGM7VBlj-f5ppfWrANQSR4kHdIoBW-vOxmtu56kJnlmCndnFjtFqasApRq1EpNs3nKzmFQFM9WF-300x225.jpg 300w, https:\/\/www.zmsh-semitech.com\/wp-content\/uploads\/2026\/04\/KYQhvr8H6fiJzv0Gyv0QBbnTGAn0D-jgL0afJ2QhVSsVzaDSfEEx4D1Qc9Qg9IxXDOCUhnYHl82TwzfZ-OQMZzQa5u3KF6R1mE3QPYDfCW4ltwvgZ5uecKGM7VBlj-f5ppfWrANQSR4kHdIoBW-vOxmtu56kJnlmCndnFjtFqasApRq1EpNs3nKzmFQFM9WF-16x12.jpg 16w, https:\/\/www.zmsh-semitech.com\/wp-content\/uploads\/2026\/04\/KYQhvr8H6fiJzv0Gyv0QBbnTGAn0D-jgL0afJ2QhVSsVzaDSfEEx4D1Qc9Qg9IxXDOCUhnYHl82TwzfZ-OQMZzQa5u3KF6R1mE3QPYDfCW4ltwvgZ5uecKGM7VBlj-f5ppfWrANQSR4kHdIoBW-vOxmtu56kJnlmCndnFjtFqasApRq1EpNs3nKzmFQFM9WF.jpg 600w\" sizes=\"(max-width: 300px) 100vw, 300px\" \/><\/p>\n<\/li>\n<li data-section-id=\"x5dp28\" data-start=\"3198\" data-end=\"3234\">CVD \/ PECVD-pinnoituslaitteet<\/li>\n<li data-section-id=\"i266u8\" data-start=\"3235\" data-end=\"3264\">Suuritehoiset plasmaj\u00e4rjestelm\u00e4t<\/li>\n<li data-section-id=\"12l2f4p\" data-start=\"3265\" data-end=\"3305\">Kiekon pinnan muokkausprosessit<\/li>\n<li data-section-id=\"1aetczy\" data-start=\"3306\" data-end=\"3352\">Kehittyneet puolijohteiden valmistussolmut<\/li>\n<\/ul>\n<p data-start=\"3354\" data-end=\"3517\">Ne soveltuvat erityisesti <strong data-start=\"3389\" data-end=\"3443\">ankarat plasmaolosuhteet ja pitk\u00e4t tuotantosyklit<\/strong>, joissa tavanomaiset piielektrodit eiv\u00e4t pysty t\u00e4ytt\u00e4m\u00e4\u00e4n k\u00e4ytt\u00f6ik\u00e4\u00e4 koskevia vaatimuksia.<\/p>\n<hr data-start=\"3519\" data-end=\"3522\" \/>\n<h2 data-section-id=\"ey806o\" data-start=\"3524\" data-end=\"3566\">Edut piielektrodeihin verrattuna<\/h2>\n<p data-start=\"3567\" data-end=\"3673\">Perinteisiin piielektrodeihin verrattuna SiC-elektrodit parantavat suorituskyky\u00e4 merkitt\u00e4v\u00e4sti:<\/p>\n<ul data-start=\"3675\" data-end=\"4062\">\n<li data-section-id=\"c0wgoq\" data-start=\"3675\" data-end=\"3754\"><strong data-start=\"3677\" data-end=\"3698\">Pidennetty k\u00e4ytt\u00f6ik\u00e4<\/strong>: 3-10 kertaa pidempi aggressiivisissa plasmaolosuhteissa.<\/li>\n<li data-section-id=\"vh54cx\" data-start=\"3755\" data-end=\"3832\"><strong data-start=\"3757\" data-end=\"3790\">Erinomainen korroosionkest\u00e4vyys<\/strong>: Kest\u00e4\u00e4 fluori- ja kloorikaasuja<\/li>\n<li data-section-id=\"1f80iwa\" data-start=\"3833\" data-end=\"3909\"><strong data-start=\"3835\" data-end=\"3867\">Pienempi hiukkasten saastuminen<\/strong>: Parantaa saantoa ja prosessin puhtautta<\/li>\n<li data-section-id=\"bvfjdw\" data-start=\"3910\" data-end=\"3989\"><strong data-start=\"3912\" data-end=\"3942\">Parannettu prosessin vakaus<\/strong>: S\u00e4ilytt\u00e4\u00e4 plasman tasaiset ominaisuudet<\/li>\n<li data-section-id=\"wemy35\" data-start=\"3990\" data-end=\"4062\"><strong data-start=\"3992\" data-end=\"4020\">Pienemm\u00e4t yll\u00e4pitokustannukset<\/strong>: V\u00e4hemm\u00e4n vaihtoja ja seisokkeja<\/li>\n<\/ul>\n<p data-start=\"4064\" data-end=\"4199\">Vaikka alkukustannukset ovat korkeammat, SiC-elektrodit tarjoavat alhaisemmat kokonaiskustannukset huippuluokan puolijohdesovelluksissa.<\/p>\n<p data-start=\"4064\" data-end=\"4199\"><img loading=\"lazy\" decoding=\"async\" class=\"wp-image-2383 size-large aligncenter\" src=\"https:\/\/www.zmsh-semitech.com\/wp-content\/uploads\/2026\/04\/\u5fae\u4fe1\u56fe\u7247_20260423181006_366_381-1024x486.png\" alt=\"\" width=\"1024\" height=\"486\" srcset=\"\" sizes=\"(max-width: 1024px) 100vw, 1024px\" data-srcset=\"\" \/><\/p>\n<hr data-start=\"4201\" data-end=\"4204\" \/>\n<h2 data-section-id=\"cpu4ih\" data-start=\"4206\" data-end=\"4217\">FAQ<\/h2>\n<p data-start=\"4219\" data-end=\"4384\"><strong data-start=\"4219\" data-end=\"4266\">Q1: Onko SiC-elektrodi kuluva osa?<\/strong><br data-start=\"4266\" data-end=\"4269\" \/>Kyll\u00e4. Se on kriittinen puolijohdejalosteiden kulutushy\u00f6dyke, mutta sen k\u00e4ytt\u00f6ik\u00e4 on paljon pidempi kuin piielektrodien.<\/p>\n<p data-start=\"4386\" data-end=\"4570\"><strong data-start=\"4386\" data-end=\"4432\">Q2: Miksi valita SiC piielektrodin sijaan?<\/strong><br data-start=\"4432\" data-end=\"4435\" \/>SiC tarjoaa paremman plasmakest\u00e4vyyden, pidemm\u00e4n k\u00e4ytt\u00f6i\u00e4n ja v\u00e4h\u00e4isemm\u00e4n hiukkasten muodostumisen, joten se sopii erinomaisesti vaativiin k\u00e4sittely-ymp\u00e4rist\u00f6ihin.<\/p>\n<p data-start=\"4572\" data-end=\"4739\"><strong data-start=\"4572\" data-end=\"4612\">Kysymys 3: Voiko elektrodia r\u00e4\u00e4t\u00e4l\u00f6id\u00e4?<\/strong><br data-start=\"4612\" data-end=\"4615\" \/>Kyll\u00e4. Koko, paksuus, resistiivisyys, kaasuaukon muotoilu ja pintak\u00e4sittely voidaan r\u00e4\u00e4t\u00e4l\u00f6id\u00e4 tarpeidesi mukaan.<\/p>\n<p data-start=\"4741\" data-end=\"4878\"><strong data-start=\"4741\" data-end=\"4784\">Kysymys 4: Mitk\u00e4 teollisuudenalat k\u00e4ytt\u00e4v\u00e4t SiC-elektrodeja?<\/strong><br data-start=\"4784\" data-end=\"4787\" \/>P\u00e4\u00e4asiassa puolijohdevalmistus, erityisesti plasmasy\u00f6vytys- ja laskeutusj\u00e4rjestelm\u00e4t.<\/p>","protected":false},"excerpt":{"rendered":"<p>SiC-elektrodi (piikarbidielektrodi) on korkean suorituskyvyn komponentti, joka on suunniteltu kehittyneisiin puolijohteiden plasmak\u00e4sittelyj\u00e4rjestelmiin, mukaan lukien sy\u00f6vytys-, laskeutus- ja pintak\u00e4sittelylaitteet. Perinteisiin piielektrodeihin verrattuna SiC-elektrodit tarjoavat huomattavasti paremman kest\u00e4vyyden, paremman plasmakest\u00e4vyyden ja pidemm\u00e4n k\u00e4ytt\u00f6i\u00e4n \u00e4\u00e4rimm\u00e4isiss\u00e4 k\u00e4sittelyolosuhteissa.Kemiallisella h\u00f6yrypinnoituksella (CVD) valmistetussa piikarbidissa (Silicon Carbide) elektrodissa on tiivis, eritt\u00e4in puhdas rakenne, jolla on erinomainen l\u00e4mm\u00f6njohtavuus ja kemiallinen stabiilisuus.<\/p>","protected":false},"featured_media":2414,"comment_status":"open","ping_status":"closed","template":"","meta":{"site-sidebar-layout":"default","site-content-layout":"","ast-site-content-layout":"default","site-content-style":"default","site-sidebar-style":"default","ast-global-header-display":"","ast-banner-title-visibility":"","ast-main-header-display":"","ast-hfb-above-header-display":"","ast-hfb-below-header-display":"","ast-hfb-mobile-header-display":"","site-post-title":"","ast-breadcrumbs-content":"","ast-featured-img":"","footer-sml-layout":"","ast-disable-related-posts":"","theme-transparent-header-meta":"default","adv-header-id-meta":"","stick-header-meta":"default","header-above-stick-meta":"","header-main-stick-meta":"","header-below-stick-meta":"","astra-migrate-meta-layouts":"set","ast-page-background-enabled":"default","ast-page-background-meta":{"desktop":{"background-color":"var(--ast-global-color-4)","background-image":"","background-repeat":"repeat","background-position":"center center","background-size":"auto","background-attachment":"scroll","background-type":"","background-media":"","overlay-type":"","overlay-color":"","overlay-opacity":"","overlay-gradient":""},"tablet":{"background-color":"","background-image":"","background-repeat":"repeat","background-position":"center center","background-size":"auto","background-attachment":"scroll","background-type":"","background-media":"","overlay-type":"","overlay-color":"","overlay-opacity":"","overlay-gradient":""},"mobile":{"background-color":"","background-image":"","background-repeat":"repeat","background-position":"center center","background-size":"auto","background-attachment":"scroll","background-type":"","background-media":"","overlay-type":"","overlay-color":"","overlay-opacity":"","overlay-gradient":""}},"ast-content-background-meta":{"desktop":{"background-color":"var(--ast-global-color-5)","background-image":"","background-repeat":"repeat","background-position":"center center","background-size":"auto","background-attachment":"scroll","background-type":"","background-media":"","overlay-type":"","overlay-color":"","overlay-opacity":"","overlay-gradient":""},"tablet":{"background-color":"var(--ast-global-color-5)","background-image":"","background-repeat":"repeat","background-position":"center center","background-size":"auto","background-attachment":"scroll","background-type":"","background-media":"","overlay-type":"","overlay-color":"","overlay-opacity":"","overlay-gradient":""},"mobile":{"background-color":"var(--ast-global-color-5)","background-image":"","background-repeat":"repeat","background-position":"center center","background-size":"auto","background-attachment":"scroll","background-type":"","background-media":"","overlay-type":"","overlay-color":"","overlay-opacity":"","overlay-gradient":""}}},"product_brand":[],"product_cat":[1212],"product_tag":[],"class_list":{"0":"post-2411","1":"product","2":"type-product","3":"status-publish","4":"has-post-thumbnail","6":"product_cat-semiconductor-consumables","7":"desktop-align-left","8":"tablet-align-left","9":"mobile-align-left","10":"ast-product-gallery-layout-horizontal-slider","11":"ast-product-tabs-layout-horizontal","13":"first","14":"instock","15":"shipping-taxable","16":"product-type-simple"},"_links":{"self":[{"href":"https:\/\/www.zmsh-semitech.com\/fi\/wp-json\/wp\/v2\/product\/2411","targetHints":{"allow":["GET"]}}],"collection":[{"href":"https:\/\/www.zmsh-semitech.com\/fi\/wp-json\/wp\/v2\/product"}],"about":[{"href":"https:\/\/www.zmsh-semitech.com\/fi\/wp-json\/wp\/v2\/types\/product"}],"replies":[{"embeddable":true,"href":"https:\/\/www.zmsh-semitech.com\/fi\/wp-json\/wp\/v2\/comments?post=2411"}],"version-history":[{"count":2,"href":"https:\/\/www.zmsh-semitech.com\/fi\/wp-json\/wp\/v2\/product\/2411\/revisions"}],"predecessor-version":[{"id":2416,"href":"https:\/\/www.zmsh-semitech.com\/fi\/wp-json\/wp\/v2\/product\/2411\/revisions\/2416"}],"wp:featuredmedia":[{"embeddable":true,"href":"https:\/\/www.zmsh-semitech.com\/fi\/wp-json\/wp\/v2\/media\/2414"}],"wp:attachment":[{"href":"https:\/\/www.zmsh-semitech.com\/fi\/wp-json\/wp\/v2\/media?parent=2411"}],"wp:term":[{"taxonomy":"product_brand","embeddable":true,"href":"https:\/\/www.zmsh-semitech.com\/fi\/wp-json\/wp\/v2\/product_brand?post=2411"},{"taxonomy":"product_cat","embeddable":true,"href":"https:\/\/www.zmsh-semitech.com\/fi\/wp-json\/wp\/v2\/product_cat?post=2411"},{"taxonomy":"product_tag","embeddable":true,"href":"https:\/\/www.zmsh-semitech.com\/fi\/wp-json\/wp\/v2\/product_tag?post=2411"}],"curies":[{"name":"wp","href":"https:\/\/api.w.org\/{rel}","templated":true}]}}