{"id":2254,"date":"2026-04-15T05:46:39","date_gmt":"2026-04-15T05:46:39","guid":{"rendered":"https:\/\/www.zmsh-semitech.com\/?post_type=product&#038;p=2254"},"modified":"2026-04-15T06:50:20","modified_gmt":"2026-04-15T06:50:20","slug":"8-inch-high-purity-fused-quartz-wafer-200mm-for-precision-sensors-and-optical-applications","status":"publish","type":"product","link":"https:\/\/www.zmsh-semitech.com\/fi\/product\/8-inch-high-purity-fused-quartz-wafer-200mm-for-precision-sensors-and-optical-applications\/","title":{"rendered":"8-tuumainen eritt\u00e4in puhdas sulatettu kvartsikiekko (200 mm) tarkkuusantureihin ja optisiin sovelluksiin."},"content":{"rendered":"<p data-start=\"363\" data-end=\"808\"><img fetchpriority=\"high\" decoding=\"async\" class=\"size-medium wp-image-2491 alignleft\" src=\"https:\/\/www.fuyao-quartz.com\/wp-content\/uploads\/2026\/03\/8inch_quartz_wafer_diameter_200mm_ttv_10_m_ra_1_0_nm_for_high_precision_sensors2-300x300.jpg\" alt=\"\" width=\"300\" height=\"300\" \/>8-tuumainen sulatettu kvartsikiekko on ensiluokkainen, eritt\u00e4in puhdas synteettinen kvartsialusta (SiO\u2082 \u226599,99%), joka on suunniteltu korkean tarkkuuden sovelluksiin puolijohde-, MEMS-, optisissa ja laserj\u00e4rjestelmiss\u00e4. Sen eritt\u00e4in alhainen l\u00e4mp\u00f6laajeneminen, poikkeuksellinen UV-IR-l\u00e4hettyvyys ja erinomainen kemiallinen kest\u00e4vyys tekev\u00e4t siit\u00e4 ihanteellisen vaativiin ymp\u00e4rist\u00f6ihin, kuten fotolitografiaan, etsaukseen, ohutkalvop\u00e4\u00e4llystykseen ja korkean tarkkuuden anturien valmistukseen.<\/p>\n<p data-start=\"810\" data-end=\"1058\">Jokainen kiekko valmistetaan huolellisesti tiukassa laadunvalvonnassa puhdastilaymp\u00e4rist\u00f6ss\u00e4 erinomaisen tasaisuuden, pintak\u00e4sittelyn ja puhtauden varmistamiseksi. T\u00e4m\u00e4 takaa luotettavan suorituskyvyn kriittisiss\u00e4 teollisuus-, tutkimus- ja ilmailu- ja avaruussovelluksissa.<\/p>\n<h3 data-start=\"1065\" data-end=\"1096\">T\u00e4rkeimm\u00e4t ominaisuudet ja edut<\/h3>\n<ul data-start=\"1098\" data-end=\"2065\">\n<li data-section-id=\"kgj1c0\" data-start=\"1098\" data-end=\"1198\">\n<p data-start=\"1100\" data-end=\"1198\"><strong data-start=\"1100\" data-end=\"1131\">Eritt\u00e4in korkea puhtaus (\u226599,99%)<\/strong>: Minimoi kontaminaation puolijohde- ja optisissa prosesseissa.<\/p>\n<\/li>\n<li data-section-id=\"7e6lqo\" data-start=\"1199\" data-end=\"1328\">\n<p data-start=\"1201\" data-end=\"1328\"><strong data-start=\"1201\" data-end=\"1234\">Poikkeuksellinen l\u00e4mm\u00f6nkest\u00e4vyys<\/strong>: Pehmenemispiste ~1683\u00b0C, lyhytaikainen toleranssi jopa 1450\u00b0C korkeissa l\u00e4mp\u00f6tilaprosesseissa.<img decoding=\"async\" class=\"size-medium wp-image-2488 alignright\" src=\"https:\/\/www.fuyao-quartz.com\/wp-content\/uploads\/2026\/03\/8inch_quartz_wafer_diameter_200mm_ttv_10_m_ra_1_0_nm_for_high_precision_sensors4-300x300.jpg\" alt=\"\" width=\"300\" height=\"300\" \/><\/p>\n<\/li>\n<li data-section-id=\"pxp023\" data-start=\"1329\" data-end=\"1433\">\n<p data-start=\"1331\" data-end=\"1433\"><strong data-start=\"1331\" data-end=\"1378\">Eritt\u00e4in alhainen l\u00e4mp\u00f6laajeneminen (0,55 \u00d7 10-\u2076\/K).<\/strong>: Varmistaa mittapysyvyyden l\u00e4mp\u00f6rasituksessa.<\/p>\n<\/li>\n<li data-section-id=\"14xwsrz\" data-start=\"1434\" data-end=\"1557\">\n<p data-start=\"1436\" data-end=\"1557\"><strong data-start=\"1436\" data-end=\"1469\">Ylivoimainen optinen siirto<\/strong>: UV-IR-alue 185 nm-2,5 \u00b5m, ihanteellinen fotolitografiaan, laseroptiikkaan ja UV-antureihin.<\/p>\n<\/li>\n<li data-section-id=\"yw53fa\" data-start=\"1558\" data-end=\"1678\">\n<p data-start=\"1560\" data-end=\"1678\"><strong data-start=\"1560\" data-end=\"1584\">Korkea pinnan laatu<\/strong>: Ra \u22641,0 nm ja TTV \u226410 \u00b5m tasaista ohutkalvopinnoitusta ja tarkkaa anturin integrointia varten.<\/p>\n<\/li>\n<li data-section-id=\"w93pn9\" data-start=\"1679\" data-end=\"1805\">\n<p data-start=\"1681\" data-end=\"1805\"><strong data-start=\"1681\" data-end=\"1704\">Kemiallinen kest\u00e4vyys<\/strong>: Kest\u00e4\u00e4 useimpia happoja (HF:t\u00e4 lukuun ottamatta) ja em\u00e4ksi\u00e4, soveltuu m\u00e4rk\u00e4sy\u00f6vytykseen ja vaativiin ymp\u00e4rist\u00f6ihin.<\/p>\n<\/li>\n<li data-section-id=\"1n1qt20\" data-start=\"1806\" data-end=\"1915\">\n<p data-start=\"1808\" data-end=\"1915\"><strong data-start=\"1808\" data-end=\"1855\">S\u00e4teilynkest\u00e4vyys ja dielektrinen stabiilisuus<\/strong>: Tukee ilmailu- ja avaruusalaa sek\u00e4 korkea-energian fysiikan sovelluksia.<\/p>\n<\/li>\n<li data-section-id=\"dgvd7c\" data-start=\"1916\" data-end=\"2065\">\n<p data-start=\"1918\" data-end=\"2065\"><strong data-start=\"1918\" data-end=\"1949\">Mukautettavat muodot ja koot<\/strong>: Py\u00f6re\u00e4t, nelikulmaiset, rengasmaiset tai sektorinmuotoiset kiekot, joiden kiillotus, AR\/IR\/DLC-pinnoitteet ja mikrovalmistus ovat valinnaisia.<\/p>\n<\/li>\n<\/ul>\n<h3 data-start=\"2072\" data-end=\"2090\"><strong data-start=\"2072\" data-end=\"2088\">Sovellukset<\/strong><\/h3>\n<div class=\"TyagGW_tableContainer\">\n<div class=\"group TyagGW_tableWrapper flex flex-col-reverse w-fit\" tabindex=\"-1\">\n<table class=\"w-fit min-w-(--thread-content-width)\" data-start=\"2092\" data-end=\"3021\">\n<thead data-start=\"2092\" data-end=\"2128\">\n<tr data-start=\"2092\" data-end=\"2128\">\n<th class=\"\" data-start=\"2092\" data-end=\"2103\" data-col-size=\"sm\">Teollisuus<\/th>\n<th class=\"\" data-start=\"2103\" data-end=\"2117\" data-col-size=\"md\">Hakemus<\/th>\n<th class=\"\" data-start=\"2117\" data-end=\"2128\" data-col-size=\"md\">Hy\u00f6ty<\/th>\n<\/tr>\n<\/thead>\n<tbody data-start=\"2165\" data-end=\"3021\">\n<tr data-start=\"2165\" data-end=\"2329\">\n<td data-start=\"2165\" data-end=\"2181\" data-col-size=\"sm\">Puolijohde<\/td>\n<td data-start=\"2181\" data-end=\"2242\" data-col-size=\"md\">Valokuvamaskin substraatit, sy\u00f6vytyskantajat, CMP-kiillotustyynyt.<\/td>\n<td data-col-size=\"md\" data-start=\"2242\" data-end=\"2329\">Korkean l\u00e4mp\u00f6tilan vakaus, eritt\u00e4in alhaiset viat, takaa sirujen valmistustarkkuuden.<\/td>\n<\/tr>\n<tr data-start=\"2330\" data-end=\"2462\">\n<td data-start=\"2330\" data-end=\"2346\" data-col-size=\"sm\">Aurinkos\u00e4hk\u00f6<\/td>\n<td data-col-size=\"md\" data-start=\"2346\" data-end=\"2402\">PECVD-prosessikiekot, ohutkalvop\u00e4\u00e4llystysalustat<\/td>\n<td data-col-size=\"md\" data-start=\"2402\" data-end=\"2462\">L\u00e4mp\u00f6shokkien kest\u00e4vyys, parantaa aurinkokennon tehokkuutta<\/td>\n<\/tr>\n<tr data-start=\"2463\" data-end=\"2611\">\n<td data-start=\"2463\" data-end=\"2481\" data-col-size=\"sm\">Optoelektroniikka<\/td>\n<td data-col-size=\"md\" data-start=\"2481\" data-end=\"2533\">LED\/LD-alustat, laserikkunat, optiset anturit<\/td>\n<td data-col-size=\"md\" data-start=\"2533\" data-end=\"2611\">Korkea UV-IR-l\u00e4hetys, alhainen autofluoresenssi, parantaa laitteen suorituskyky\u00e4.<\/td>\n<\/tr>\n<tr data-start=\"2612\" data-end=\"2755\">\n<td data-start=\"2612\" data-end=\"2631\" data-col-size=\"sm\">Tarkkuusoptiikka<\/td>\n<td data-col-size=\"md\" data-start=\"2631\" data-end=\"2685\">Linssisubstraatit, prismat, s\u00e4teenjakajat, IR-ikkunat<\/td>\n<td data-col-size=\"md\" data-start=\"2685\" data-end=\"2755\">Alhainen l\u00e4mp\u00f6laajeneminen, korkea homogeenisuus, takaa optisen vakauden.<\/td>\n<\/tr>\n<tr data-start=\"2756\" data-end=\"2891\">\n<td data-start=\"2756\" data-end=\"2773\" data-col-size=\"sm\">Tutkimus &amp; laboratorio<\/td>\n<td data-col-size=\"md\" data-start=\"2773\" data-end=\"2837\">Synkrotronis\u00e4teily, VUV-kokeet, suurienergiset detektorit<\/td>\n<td data-col-size=\"md\" data-start=\"2837\" data-end=\"2891\">S\u00e4teilynkest\u00e4v\u00e4, kest\u00e4\u00e4 \u00e4\u00e4rimm\u00e4isi\u00e4 olosuhteita<\/td>\n<\/tr>\n<tr data-start=\"2892\" data-end=\"3021\">\n<td data-start=\"2892\" data-end=\"2904\" data-col-size=\"sm\">Ilmailu- ja avaruusala<\/td>\n<td data-col-size=\"md\" data-start=\"2904\" data-end=\"2969\">Satelliitin optiset ikkunat, korkean l\u00e4mp\u00f6tilan tarkkailupaneelit<\/td>\n<td data-col-size=\"md\" data-start=\"2969\" data-end=\"3021\">L\u00e4mp\u00f6shokkien kest\u00e4vyys, avaruusluokan luotettavuus<\/td>\n<\/tr>\n<\/tbody>\n<\/table>\n<\/div>\n<\/div>\n<h3 data-start=\"3028\" data-end=\"3058\"><strong data-start=\"3028\" data-end=\"3056\">Tekniset tiedot<\/strong><\/h3>\n<div class=\"TyagGW_tableContainer\">\n<div class=\"group TyagGW_tableWrapper flex flex-col-reverse w-fit\" tabindex=\"-1\">\n<table class=\"w-fit min-w-(--thread-content-width)\" data-start=\"3060\" data-end=\"3704\">\n<thead data-start=\"3060\" data-end=\"3089\">\n<tr data-start=\"3060\" data-end=\"3089\">\n<th class=\"\" data-start=\"3060\" data-end=\"3072\" data-col-size=\"sm\">Parametri<\/th>\n<th class=\"\" data-start=\"3072\" data-end=\"3089\" data-col-size=\"md\">Tekniset tiedot<\/th>\n<\/tr>\n<\/thead>\n<tbody data-start=\"3120\" data-end=\"3704\">\n<tr data-start=\"3120\" data-end=\"3172\">\n<td data-start=\"3120\" data-end=\"3131\" data-col-size=\"sm\">Materiaali<\/td>\n<td data-col-size=\"md\" data-start=\"3131\" data-end=\"3172\">Synteettinen sulatettu kvartsi (SiO\u2082 \u226599,99%)<\/td>\n<\/tr>\n<tr data-start=\"3173\" data-end=\"3203\">\n<td data-start=\"3173\" data-end=\"3184\" data-col-size=\"sm\">Halkaisija<\/td>\n<td data-col-size=\"md\" data-start=\"3184\" data-end=\"3203\">200 mm (8 tuumaa)<\/td>\n<\/tr>\n<tr data-start=\"3204\" data-end=\"3257\">\n<td data-start=\"3204\" data-end=\"3222\" data-col-size=\"sm\">Paksuusalue<\/td>\n<td data-col-size=\"md\" data-start=\"3222\" data-end=\"3257\">100 \u00b5m - 3000 \u00b5m (muokattavissa)<\/td>\n<\/tr>\n<tr data-start=\"3258\" data-end=\"3302\">\n<td data-start=\"3258\" data-end=\"3292\" data-col-size=\"sm\">Kokonaispaksuuden vaihtelu (TTV)<\/td>\n<td data-col-size=\"md\" data-start=\"3292\" data-end=\"3302\">\u226410 \u00b5m<\/td>\n<\/tr>\n<tr data-start=\"3303\" data-end=\"3339\">\n<td data-start=\"3303\" data-end=\"3328\" data-col-size=\"sm\">Pinnan karheus (Ra)<\/td>\n<td data-col-size=\"md\" data-start=\"3328\" data-end=\"3339\">\u22641,0 nm<\/td>\n<\/tr>\n<tr data-start=\"3340\" data-end=\"3378\">\n<td data-start=\"3340\" data-end=\"3365\" data-col-size=\"sm\">Ep\u00e4puhtauksien kokonaispitoisuus<\/td>\n<td data-col-size=\"md\" data-start=\"3365\" data-end=\"3378\">\u22642,0 \u00b5g\/g<\/td>\n<\/tr>\n<tr data-start=\"3379\" data-end=\"3439\">\n<td data-start=\"3379\" data-end=\"3411\" data-col-size=\"sm\">L\u00e4mp\u00f6laajenemiskerroin<\/td>\n<td data-col-size=\"md\" data-start=\"3411\" data-end=\"3439\">0,55 \u00d7 10-\u2076\/K (20-300\u00b0C)<\/td>\n<\/tr>\n<tr data-start=\"3440\" data-end=\"3516\">\n<td data-start=\"3440\" data-end=\"3465\" data-col-size=\"sm\">L\u00e4mp\u00f6tilan kest\u00e4vyys<\/td>\n<td data-col-size=\"md\" data-start=\"3465\" data-end=\"3516\">Pehmenemispiste 1683 \u00b0C, lyhytaikainen 1450 \u00b0C:seen asti.<\/td>\n<\/tr>\n<tr data-start=\"3517\" data-end=\"3557\">\n<td data-start=\"3517\" data-end=\"3536\" data-col-size=\"sm\">UV l\u00e4p\u00e4isevyys<\/td>\n<td data-start=\"3536\" data-end=\"3557\" data-col-size=\"md\">&gt;90% (200-260 nm)<\/td>\n<\/tr>\n<tr data-start=\"3558\" data-end=\"3607\">\n<td data-start=\"3558\" data-end=\"3577\" data-col-size=\"sm\">Pinnan tasaisuus<\/td>\n<td data-start=\"3577\" data-end=\"3607\" data-col-size=\"md\">Korkea tarkkuus, TTV \u226410 \u00b5m<\/td>\n<\/tr>\n<tr data-start=\"3608\" data-end=\"3669\">\n<td data-start=\"3608\" data-end=\"3624\" data-col-size=\"sm\">Muotovaihtoehdot<\/td>\n<td data-start=\"3624\" data-end=\"3669\" data-col-size=\"md\">Py\u00f6re\u00e4 (vakio), r\u00e4\u00e4t\u00e4l\u00f6ityj\u00e4 muotoja saatavana<\/td>\n<\/tr>\n<tr data-start=\"3670\" data-end=\"3704\">\n<td data-start=\"3670\" data-end=\"3687\" data-col-size=\"sm\">Sertifikaatit<\/td>\n<td data-start=\"3687\" data-end=\"3704\" data-col-size=\"md\">RoHS, ISO9001<\/td>\n<\/tr>\n<\/tbody>\n<\/table>\n<\/div>\n<\/div>\n<h3 data-start=\"3711\" data-end=\"3720\"><strong data-start=\"3711\" data-end=\"3718\"><img decoding=\"async\" class=\"size-medium wp-image-2487 alignleft\" src=\"https:\/\/www.fuyao-quartz.com\/wp-content\/uploads\/2026\/03\/8inch_quartz_wafer_diameter_200mm_ttv_10_m_ra_1_0_nm_for_high_precision_sensors3-300x300.jpg\" alt=\"\" width=\"300\" height=\"300\" \/>FAQ<\/strong><\/h3>\n<ol data-start=\"3722\" data-end=\"4461\">\n<li data-section-id=\"1p6zuwb\" data-start=\"3722\" data-end=\"3925\">\n<p data-start=\"3725\" data-end=\"3925\"><strong data-start=\"3725\" data-end=\"3789\">K: Mik\u00e4 on 8 tuuman kvartsikiekon vakiopaksuus?<\/strong><br data-start=\"3789\" data-end=\"3792\" \/><strong data-start=\"3795\" data-end=\"3801\">A:<\/strong> Vakiopaksuus on 0,5-1,0 mm, ja erikoistuneisiin puolijohde- ja optisiin sovelluksiin voidaan valita jopa 10 mm:n paksuus.<\/p>\n<\/li>\n<li data-section-id=\"douphg\" data-start=\"3927\" data-end=\"4215\">\n<p data-start=\"3930\" data-end=\"4215\"><strong data-start=\"3930\" data-end=\"3988\">K: Miksi valita sulatetut kvartsikiekot piikiekkojen sijaan?<\/strong><br data-start=\"3988\" data-end=\"3991\" \/><strong data-start=\"3994\" data-end=\"4000\">A:<\/strong> Sulakekvartsikiekot tarjoavat erinomaisen UV-l\u00e4pin\u00e4kyvyyden, suuremman l\u00e4mm\u00f6nkest\u00e4vyyden (jopa 1730 \u00b0C), kemiallisen kest\u00e4vyyden ja mittatarkkuuden, joten ne soveltuvat erinomaisesti korkean tarkkuuden litografiaan ja ankariin prosesseihin.<\/p>\n<\/li>\n<li data-section-id=\"1mys3u\" data-start=\"4217\" data-end=\"4461\">\n<p data-start=\"4220\" data-end=\"4461\"><strong data-start=\"4220\" data-end=\"4287\">K: Voiko FUYAO tarjota r\u00e4\u00e4t\u00e4l\u00f6ityj\u00e4 kiekon muotoja ja pintak\u00e4sittelyj\u00e4?<\/strong><br data-start=\"4287\" data-end=\"4290\" \/><strong data-start=\"4293\" data-end=\"4299\">A:<\/strong> Kyll\u00e4. Vaihtoehtoina ovat py\u00f6re\u00e4t, neli\u00f6nmuotoiset, rengasmaiset ja sektorinmuotoiset kiekot, joiden pintak\u00e4sittelyj\u00e4 ovat esimerkiksi optinen kiillotus, AR\/IR\/DLC-pinnoitteet, poraus ja uritus.<\/p>\n<\/li>\n<\/ol>","protected":false},"excerpt":{"rendered":"<p>8-tuumainen sulatettu kvartsikiekko on ensiluokkainen, eritt\u00e4in puhdas synteettinen kvartsialusta (SiO\u2082 \u226599,99%), joka on suunniteltu korkean tarkkuuden sovelluksiin puolijohde-, MEMS-, optisissa ja laserj\u00e4rjestelmiss\u00e4. Sen eritt\u00e4in alhainen l\u00e4mp\u00f6laajeneminen, poikkeuksellinen UV-IR-l\u00e4hettyvyys ja erinomainen kemiallinen kest\u00e4vyys tekev\u00e4t siit\u00e4 ihanteellisen vaativiin ymp\u00e4rist\u00f6ihin, kuten fotolitografiaan, etsaukseen, ohutkalvop\u00e4\u00e4llystykseen ja korkean tarkkuuden anturien valmistukseen.<\/p>","protected":false},"featured_media":2265,"comment_status":"open","ping_status":"closed","template":"","meta":{"site-sidebar-layout":"default","site-content-layout":"","ast-site-content-layout":"default","site-content-style":"default","site-sidebar-style":"default","ast-global-header-display":"","ast-banner-title-visibility":"","ast-main-header-display":"","ast-hfb-above-header-display":"","ast-hfb-below-header-display":"","ast-hfb-mobile-header-display":"","site-post-title":"","ast-breadcrumbs-content":"","ast-featured-img":"","footer-sml-layout":"","ast-disable-related-posts":"","theme-transparent-header-meta":"default","adv-header-id-meta":"","stick-header-meta":"default","header-above-stick-meta":"","header-main-stick-meta":"","header-below-stick-meta":"","astra-migrate-meta-layouts":"set","ast-page-background-enabled":"default","ast-page-background-meta":{"desktop":{"background-color":"var(--ast-global-color-4)","background-image":"","background-repeat":"repeat","background-position":"center center","background-size":"auto","background-attachment":"scroll","background-type":"","background-media":"","overlay-type":"","overlay-color":"","overlay-opacity":"","overlay-gradient":""},"tablet":{"background-color":"","background-image":"","background-repeat":"repeat","background-position":"center center","background-size":"auto","background-attachment":"scroll","background-type":"","background-media":"","overlay-type":"","overlay-color":"","overlay-opacity":"","overlay-gradient":""},"mobile":{"background-color":"","background-image":"","background-repeat":"repeat","background-position":"center center","background-size":"auto","background-attachment":"scroll","background-type":"","background-media":"","overlay-type":"","overlay-color":"","overlay-opacity":"","overlay-gradient":""}},"ast-content-background-meta":{"desktop":{"background-color":"var(--ast-global-color-5)","background-image":"","background-repeat":"repeat","background-position":"center center","background-size":"auto","background-attachment":"scroll","background-type":"","background-media":"","overlay-type":"","overlay-color":"","overlay-opacity":"","overlay-gradient":""},"tablet":{"background-color":"var(--ast-global-color-5)","background-image":"","background-repeat":"repeat","background-position":"center center","background-size":"auto","background-attachment":"scroll","background-type":"","background-media":"","overlay-type":"","overlay-color":"","overlay-opacity":"","overlay-gradient":""},"mobile":{"background-color":"var(--ast-global-color-5)","background-image":"","background-repeat":"repeat","background-position":"center center","background-size":"auto","background-attachment":"scroll","background-type":"","background-media":"","overlay-type":"","overlay-color":"","overlay-opacity":"","overlay-gradient":""}}},"product_brand":[],"product_cat":[729],"product_tag":[1070,1071,1072,1073,1054,1074,1075,1058,1076,1077,1078,1079,1080,1081,1082,1083,1084,1085,1086,1087],"class_list":{"0":"post-2254","1":"product","2":"type-product","3":"status-publish","4":"has-post-thumbnail","6":"product_cat-wafer","7":"product_tag-200mm-quartz-wafer","8":"product_tag-8-inch-quartz-wafer","9":"product_tag-aerospace-quartz-wafer","10":"product_tag-chemical-resistant-quartz","11":"product_tag-custom-quartz-wafer","12":"product_tag-fused-quartz-plate","13":"product_tag-high-purity-fused-quartz","14":"product_tag-high-temperature-quartz-wafer","15":"product_tag-laser-system-wafer","16":"product_tag-low-thermal-expansion-quartz","17":"product_tag-mems-wafer","18":"product_tag-optical-grade-quartz-wafer","19":"product_tag-precision-sensors-wafer","20":"product_tag-ra-1-0nm","21":"product_tag-semiconductor-wafer-substrate","22":"product_tag-sio2-wafer","23":"product_tag-synthetic-quartz-wafer","24":"product_tag-thin-film-deposition-substrate","25":"product_tag-ttv-10m","26":"product_tag-uv-optical-device-wafer","27":"desktop-align-left","28":"tablet-align-left","29":"mobile-align-left","30":"ast-product-gallery-layout-horizontal-slider","31":"ast-product-tabs-layout-horizontal","33":"first","34":"instock","35":"shipping-taxable","36":"product-type-simple"},"_links":{"self":[{"href":"https:\/\/www.zmsh-semitech.com\/fi\/wp-json\/wp\/v2\/product\/2254","targetHints":{"allow":["GET"]}}],"collection":[{"href":"https:\/\/www.zmsh-semitech.com\/fi\/wp-json\/wp\/v2\/product"}],"about":[{"href":"https:\/\/www.zmsh-semitech.com\/fi\/wp-json\/wp\/v2\/types\/product"}],"replies":[{"embeddable":true,"href":"https:\/\/www.zmsh-semitech.com\/fi\/wp-json\/wp\/v2\/comments?post=2254"}],"version-history":[{"count":4,"href":"https:\/\/www.zmsh-semitech.com\/fi\/wp-json\/wp\/v2\/product\/2254\/revisions"}],"predecessor-version":[{"id":2269,"href":"https:\/\/www.zmsh-semitech.com\/fi\/wp-json\/wp\/v2\/product\/2254\/revisions\/2269"}],"wp:featuredmedia":[{"embeddable":true,"href":"https:\/\/www.zmsh-semitech.com\/fi\/wp-json\/wp\/v2\/media\/2265"}],"wp:attachment":[{"href":"https:\/\/www.zmsh-semitech.com\/fi\/wp-json\/wp\/v2\/media?parent=2254"}],"wp:term":[{"taxonomy":"product_brand","embeddable":true,"href":"https:\/\/www.zmsh-semitech.com\/fi\/wp-json\/wp\/v2\/product_brand?post=2254"},{"taxonomy":"product_cat","embeddable":true,"href":"https:\/\/www.zmsh-semitech.com\/fi\/wp-json\/wp\/v2\/product_cat?post=2254"},{"taxonomy":"product_tag","embeddable":true,"href":"https:\/\/www.zmsh-semitech.com\/fi\/wp-json\/wp\/v2\/product_tag?post=2254"}],"curies":[{"name":"wp","href":"https:\/\/api.w.org\/{rel}","templated":true}]}}