{"id":2226,"date":"2026-04-15T03:41:10","date_gmt":"2026-04-15T03:41:10","guid":{"rendered":"https:\/\/www.zmsh-semitech.com\/?post_type=product&#038;p=2226"},"modified":"2026-04-15T04:01:00","modified_gmt":"2026-04-15T04:01:00","slug":"wp-301d-double-side-wafer-grinding-machine-for-6-inch-semiconductor-materials-and-precision-lapping","status":"publish","type":"product","link":"https:\/\/www.zmsh-semitech.com\/fi\/product\/wp-301d-double-side-wafer-grinding-machine-for-6-inch-semiconductor-materials-and-precision-lapping\/","title":{"rendered":"WP-301D Double Side Wafer hiontakone 6 tuuman puolijohdemateriaaleille ja tarkkuuslaippaukselle"},"content":{"rendered":"<p data-start=\"284\" data-end=\"683\"><img fetchpriority=\"high\" decoding=\"async\" class=\"alignright wp-image-2229\" src=\"https:\/\/www.zmsh-semitech.com\/wp-content\/uploads\/2026\/04\/WP-301D-Double-Side-Wafer-Grinding-Machine-for-6-Inch-Semiconductor-Materials-and-Precision-Lapping-1-300x300.png\" alt=\"WP-301D Double Side Wafer hiontakone 6 tuuman puolijohdemateriaaleille ja tarkkuuslaippaukselle\" width=\"283\" height=\"283\" srcset=\"https:\/\/www.zmsh-semitech.com\/wp-content\/uploads\/2026\/04\/WP-301D-Double-Side-Wafer-Grinding-Machine-for-6-Inch-Semiconductor-Materials-and-Precision-Lapping-1-300x300.png 300w, https:\/\/www.zmsh-semitech.com\/wp-content\/uploads\/2026\/04\/WP-301D-Double-Side-Wafer-Grinding-Machine-for-6-Inch-Semiconductor-Materials-and-Precision-Lapping-1-150x150.png 150w, https:\/\/www.zmsh-semitech.com\/wp-content\/uploads\/2026\/04\/WP-301D-Double-Side-Wafer-Grinding-Machine-for-6-Inch-Semiconductor-Materials-and-Precision-Lapping-1-768x768.png 768w, https:\/\/www.zmsh-semitech.com\/wp-content\/uploads\/2026\/04\/WP-301D-Double-Side-Wafer-Grinding-Machine-for-6-Inch-Semiconductor-Materials-and-Precision-Lapping-1-12x12.png 12w, https:\/\/www.zmsh-semitech.com\/wp-content\/uploads\/2026\/04\/WP-301D-Double-Side-Wafer-Grinding-Machine-for-6-Inch-Semiconductor-Materials-and-Precision-Lapping-1-600x600.png 600w, https:\/\/www.zmsh-semitech.com\/wp-content\/uploads\/2026\/04\/WP-301D-Double-Side-Wafer-Grinding-Machine-for-6-Inch-Semiconductor-Materials-and-Precision-Lapping-1-100x100.png 100w, https:\/\/www.zmsh-semitech.com\/wp-content\/uploads\/2026\/04\/WP-301D-Double-Side-Wafer-Grinding-Machine-for-6-Inch-Semiconductor-Materials-and-Precision-Lapping-1.png 1000w\" sizes=\"(max-width: 283px) 100vw, 283px\" \/>WP-301D Double Side Wafer Grinding Machine on eritt\u00e4in tarkka j\u00e4rjestelm\u00e4, joka on suunniteltu puolijohdekiekkojen ja hauraiden materiaalien samanaikaiseen kaksipuoliseen hiontaan ja kiillotukseen. Edistyksellisen planeettapy\u00f6r\u00e4st\u00f6ll\u00e4 varustetun liikej\u00e4rjestelm\u00e4n avulla kone mahdollistaa tasaisen materiaalin poiston sek\u00e4 kiekon yl\u00e4- ett\u00e4 alapinnoilta, mik\u00e4 parantaa merkitt\u00e4v\u00e4sti tasaisuutta ja yhdensuuntaisuutta.<\/p>\n<p data-start=\"685\" data-end=\"996\">WP-301D on suunniteltu 150 mm:n (6 tuuman) ja sit\u00e4 pienemmille kiekoille, ja sit\u00e4 k\u00e4ytet\u00e4\u00e4n laajalti yhdistelm\u00e4puolijohdemateriaalien, kuten CdZnTe:n (CZT), HgCdTe:n (MCT), GaAs:n, InP:n ja InSb:n, k\u00e4sittelyss\u00e4. N\u00e4m\u00e4 materiaalit ovat kriittisi\u00e4 sovelluksissa, kuten infrapunahavaitsemisessa, optoelektroniikassa ja suurtaajuuslaitteissa.<\/p>\n<p data-start=\"998\" data-end=\"1200\">Vankan mekaanisen rakenteensa, tarkan ohjausj\u00e4rjestelm\u00e4ns\u00e4 ja optimoidun karan suunnittelun ansiosta WP-301D takaa korkean tehokkuuden, erinomaisen pinnanlaadun ja vakaan er\u00e4k\u00e4sittelyn suorituskyvyn.<\/p>\n<hr data-start=\"1202\" data-end=\"1205\" \/>\n<h2 data-section-id=\"m7ukan\" data-start=\"1207\" data-end=\"1250\">T\u00e4rkeimm\u00e4t ominaisuudet ja tekniset edut<\/h2>\n<h3 data-section-id=\"1ggl47b\" data-start=\"1252\" data-end=\"1296\">Kaksipuolinen samanaikainen k\u00e4sittely<\/h3>\n<p data-start=\"1297\" data-end=\"1372\">Kone k\u00e4sittelee kiekon molemmat puolet samanaikaisesti, mik\u00e4 varmistaa:<\/p>\n<ul data-start=\"1373\" data-end=\"1463\">\n<li data-section-id=\"1i7ktds\" data-start=\"1373\" data-end=\"1406\">Parempi paksuuden tasaisuus<\/li>\n<li data-section-id=\"1da8f9g\" data-start=\"1407\" data-end=\"1429\">Parempi rinnakkaisuus<\/li>\n<li data-section-id=\"12e74mo\" data-start=\"1430\" data-end=\"1463\">Kokonaisk\u00e4sittelyajan lyhent\u00e4minen<\/li>\n<\/ul>\n<h3 data-section-id=\"2t7dsg\" data-start=\"1465\" data-end=\"1501\">Planeettavaihteistoj\u00e4rjestelm\u00e4<\/h3>\n<p data-start=\"1502\" data-end=\"1689\">Integroitu aurinko- ja rengaspy\u00f6r\u00e4j\u00e4rjestelm\u00e4 voi toimia joko synkronoidusti tai itsen\u00e4isesti, mik\u00e4 mahdollistaa joustavan prosessinohjauksen ja optimoidut hiontaradat eri materiaaleille.<\/p>\n<h3 data-section-id=\"dbg2ti\" data-start=\"1691\" data-end=\"1728\">Korkean tarkkuuden karaj\u00e4rjestelm\u00e4<\/h3>\n<p data-start=\"1729\" data-end=\"1901\">WP-301D on varustettu upotetulla huipputarkalla karalla, joka takaa vakaan py\u00f6rimisen ja minimaalisen t\u00e4rin\u00e4n, mik\u00e4 on v\u00e4ltt\u00e4m\u00e4t\u00f6nt\u00e4 tasaisen pinnanlaadun saavuttamiseksi.<\/p>\n<h3 data-section-id=\"bbwmxj\" data-start=\"1903\" data-end=\"1944\">Reaaliaikainen paineenvalvontaj\u00e4rjestelm\u00e4<\/h3>\n<p data-start=\"1945\" data-end=\"2030\">Koneessa on kehittynyt suljetun silmukan paineens\u00e4\u00e4t\u00f6j\u00e4rjestelm\u00e4, joka mahdollistaa:<\/p>\n<ul data-start=\"2031\" data-end=\"2200\">\n<li data-section-id=\"5pkops\" data-start=\"2031\" data-end=\"2077\">Tarkka paineen s\u00e4\u00e4t\u00f6 (0,1 - 50 kg)<\/li>\n<li data-section-id=\"18clroc\" data-start=\"2078\" data-end=\"2200\">Reaaliaikainen seuranta ja automaattinen korjaus<br data-start=\"2125\" data-end=\"2128\" \/>T\u00e4m\u00e4 takaa tasaisen materiaalin poiston ja est\u00e4\u00e4 ylikiillotuksen.<\/li>\n<\/ul>\n<h3 data-section-id=\"mqy6u6\" data-start=\"2202\" data-end=\"2237\">Kelluva ylempi levy Design<\/h3>\n<p data-start=\"2238\" data-end=\"2440\">Yl\u00e4levyss\u00e4 on kelluva liitosrakenne, joka varmistaa, ett\u00e4 se pysyy k\u00e4sittelyn aikana yhdensuuntaisena alemman levyn kanssa. T\u00e4m\u00e4 parantaa merkitt\u00e4v\u00e4sti kiekon tasaisuutta ja v\u00e4hent\u00e4\u00e4 paksuusvaihtelua.<\/p>\n<h2 data-section-id=\"8lu2ky\" data-start=\"2447\" data-end=\"2477\">Tekniset tiedot<\/h2>\n<div class=\"TyagGW_tableContainer\">\n<div class=\"group TyagGW_tableWrapper flex flex-col-reverse w-fit\" tabindex=\"-1\">\n<table class=\"w-fit min-w-(--thread-content-width)\" data-start=\"2479\" data-end=\"2829\">\n<thead data-start=\"2479\" data-end=\"2503\">\n<tr data-start=\"2479\" data-end=\"2503\">\n<th class=\"\" data-start=\"2479\" data-end=\"2486\" data-col-size=\"sm\">Kohde<\/th>\n<th class=\"\" data-start=\"2486\" data-end=\"2503\" data-col-size=\"sm\">Tekniset tiedot<\/th>\n<\/tr>\n<\/thead>\n<tbody data-start=\"2527\" data-end=\"2829\">\n<tr data-start=\"2527\" data-end=\"2570\">\n<td data-start=\"2527\" data-end=\"2544\" data-col-size=\"sm\">Ty\u00f6kappaleen koko<\/td>\n<td data-start=\"2544\" data-end=\"2570\" data-col-size=\"sm\">Jopa \u00d8150 mm (6 tuumaa)<\/td>\n<\/tr>\n<tr data-start=\"2571\" data-end=\"2605\">\n<td data-start=\"2571\" data-end=\"2591\" data-col-size=\"sm\">Alempi levyn nopeus<\/td>\n<td data-start=\"2591\" data-end=\"2605\" data-col-size=\"sm\">0 - 30 rpm<\/td>\n<\/tr>\n<tr data-start=\"2606\" data-end=\"2658\">\n<td data-start=\"2606\" data-end=\"2624\" data-col-size=\"sm\">Hiontamenetelm\u00e4<\/td>\n<td data-start=\"2624\" data-end=\"2658\" data-col-size=\"sm\">Kaksipuolinen planeettahionta<\/td>\n<\/tr>\n<tr data-start=\"2659\" data-end=\"2683\">\n<td data-start=\"2659\" data-end=\"2678\" data-col-size=\"sm\">Kuljetuslaite M\u00e4\u00e4r\u00e4<\/td>\n<td data-start=\"2678\" data-end=\"2683\" data-col-size=\"sm\">5<\/td>\n<\/tr>\n<tr data-start=\"2684\" data-end=\"2716\">\n<td data-start=\"2684\" data-end=\"2701\" data-col-size=\"sm\">Painealue<\/td>\n<td data-start=\"2701\" data-end=\"2716\" data-col-size=\"sm\">0,1 - 50 kg<\/td>\n<\/tr>\n<tr data-start=\"2717\" data-end=\"2753\">\n<td data-start=\"2717\" data-end=\"2734\" data-col-size=\"sm\">Levyn materiaali<\/td>\n<td data-start=\"2734\" data-end=\"2753\" data-col-size=\"sm\">Lasi \/ Keraaminen<\/td>\n<\/tr>\n<tr data-start=\"2754\" data-end=\"2800\">\n<td data-start=\"2754\" data-end=\"2775\" data-col-size=\"sm\">Koneen mitat<\/td>\n<td data-start=\"2775\" data-end=\"2800\" data-col-size=\"sm\">1572 \u00d7 1053 \u00d7 2533 mm<\/td>\n<\/tr>\n<tr data-start=\"2801\" data-end=\"2829\">\n<td data-start=\"2801\" data-end=\"2810\" data-col-size=\"sm\">Paino<\/td>\n<td data-start=\"2810\" data-end=\"2829\" data-col-size=\"sm\">Noin 2300 kg<\/td>\n<\/tr>\n<\/tbody>\n<\/table>\n<\/div>\n<\/div>\n<hr data-start=\"2831\" data-end=\"2834\" \/>\n<h2 data-section-id=\"13yq5fc\" data-start=\"2836\" data-end=\"2859\">Toimintaperiaate<\/h2>\n<p data-start=\"2903\" data-end=\"3050\">WP-301D toimii planeettamekanismilla, jossa kiekot asetetaan yl\u00e4- ja alalevyjen v\u00e4liin sijoitettuihin kannattimiin.<\/p>\n<p data-start=\"3052\" data-end=\"3069\">K\u00e4yt\u00f6n aikana:<\/p>\n<ul data-start=\"3071\" data-end=\"3205\">\n<li data-section-id=\"307xpo\" data-start=\"3071\" data-end=\"3115\">Alempi levy py\u00f6rii jatkuvasti<\/li>\n<li data-section-id=\"155dzsx\" data-start=\"3116\" data-end=\"3156\">Aurinkovaihde py\u00f6ritt\u00e4\u00e4 kantolaitteita<\/li>\n<li data-section-id=\"1h7nv9d\" data-start=\"3157\" data-end=\"3205\">Keh\u00e4py\u00f6r\u00e4st\u00f6 ohjaa py\u00f6rimisliikett\u00e4<\/li>\n<\/ul>\n<p data-start=\"3207\" data-end=\"3357\">T\u00e4m\u00e4 yhdistelm\u00e4 luo monimutkaisen suhteellisen liikkeen kiekon ja kiillotuslevyjen v\u00e4lille, mik\u00e4 takaa tasaisen materiaalin poiston molemmilla pinnoilla.<\/p>\n<p data-start=\"3359\" data-end=\"3527\">Samanaikaisesti paineen s\u00e4\u00e4t\u00f6j\u00e4rjestelm\u00e4 yll\u00e4pit\u00e4\u00e4 tasaista voimaa, kun taas kelluva yl\u00e4levy mukautuu dynaamisesti s\u00e4ilytt\u00e4\u00e4kseen yhdensuuntaisen kosketuksen. T\u00e4m\u00e4 johtaa seuraaviin tuloksiin:<\/p>\n<ul data-start=\"3529\" data-end=\"3598\">\n<li data-section-id=\"5m7g9e\" data-start=\"3529\" data-end=\"3546\">Korkea tasaisuus<\/li>\n<li data-section-id=\"1uescvu\" data-start=\"3547\" data-end=\"3568\">Tasainen paksuus<\/li>\n<li data-section-id=\"19qiivl\" data-start=\"3569\" data-end=\"3598\">V\u00e4h\u00e4iset pinnanalaiset vauriot<\/li>\n<\/ul>\n<hr data-start=\"3600\" data-end=\"3603\" \/>\n<h2 data-section-id=\"4t5b8m\" data-start=\"3605\" data-end=\"3623\"><img decoding=\"async\" class=\"size-medium wp-image-2176 alignright\" src=\"https:\/\/www.zmsh-semitech.com\/wp-content\/uploads\/2026\/04\/silicon_carbide_wafer_4inch_hpsi_350um_widely_used_for_ar_glasses3-300x300.webp\" alt=\"\" width=\"300\" height=\"300\" srcset=\"https:\/\/www.zmsh-semitech.com\/wp-content\/uploads\/2026\/04\/silicon_carbide_wafer_4inch_hpsi_350um_widely_used_for_ar_glasses3-300x300.webp 300w, https:\/\/www.zmsh-semitech.com\/wp-content\/uploads\/2026\/04\/silicon_carbide_wafer_4inch_hpsi_350um_widely_used_for_ar_glasses3-150x150.webp 150w, https:\/\/www.zmsh-semitech.com\/wp-content\/uploads\/2026\/04\/silicon_carbide_wafer_4inch_hpsi_350um_widely_used_for_ar_glasses3-768x768.webp 768w, https:\/\/www.zmsh-semitech.com\/wp-content\/uploads\/2026\/04\/silicon_carbide_wafer_4inch_hpsi_350um_widely_used_for_ar_glasses3-12x12.webp 12w, https:\/\/www.zmsh-semitech.com\/wp-content\/uploads\/2026\/04\/silicon_carbide_wafer_4inch_hpsi_350um_widely_used_for_ar_glasses3-600x600.webp 600w, https:\/\/www.zmsh-semitech.com\/wp-content\/uploads\/2026\/04\/silicon_carbide_wafer_4inch_hpsi_350um_widely_used_for_ar_glasses3-100x100.webp 100w, https:\/\/www.zmsh-semitech.com\/wp-content\/uploads\/2026\/04\/silicon_carbide_wafer_4inch_hpsi_350um_widely_used_for_ar_glasses3.webp 800w\" sizes=\"(max-width: 300px) 100vw, 300px\" \/>Sovellukset<\/h2>\n<p data-start=\"3625\" data-end=\"3684\">WP-301D-kaksoispuolen hiomakone on laajalti k\u00e4yt\u00f6ss\u00e4:<\/p>\n<ul data-start=\"3686\" data-end=\"3896\">\n<li data-section-id=\"lsdmsu\" data-start=\"3686\" data-end=\"3729\">Yhdistettyjen puolijohdekiekkojen k\u00e4sittely<\/li>\n<li data-section-id=\"1re9cdn\" data-start=\"3730\" data-end=\"3763\">Infrapunamateriaalit (CZT, MCT)<\/li>\n<li data-section-id=\"1kwz9qu\" data-start=\"3764\" data-end=\"3801\">III-V-materiaalit (GaAs, InP, InSb)<\/li>\n<li data-section-id=\"qagg2f\" data-start=\"3802\" data-end=\"3849\">Optiset substraatit ja tarkkuuskomponentit<\/li>\n<li data-section-id=\"ir3gdc\" data-start=\"3850\" data-end=\"3896\">Tutkimuslaboratoriot ja er\u00e4tuotanto<\/li>\n<\/ul>\n<p data-start=\"3898\" data-end=\"4021\">Se soveltuu erityisen hyvin 6 tuuman ja sit\u00e4 pienempien hauraiden materiaalien ty\u00f6st\u00f6\u00f6n, kun tarkkuus ja pinnan eheys ovat kriittisi\u00e4.<\/p>\n<hr data-start=\"4023\" data-end=\"4026\" \/>\n<h2 data-section-id=\"1116wfg\" data-start=\"4028\" data-end=\"4049\"><img decoding=\"async\" class=\"size-medium wp-image-2122 alignright\" src=\"https:\/\/www.zmsh-semitech.com\/wp-content\/uploads\/2026\/04\/Wafer-Back-Grinding-Machine-300x300.png\" alt=\"\" width=\"300\" height=\"300\" srcset=\"https:\/\/www.zmsh-semitech.com\/wp-content\/uploads\/2026\/04\/Wafer-Back-Grinding-Machine-300x300.png 300w, https:\/\/www.zmsh-semitech.com\/wp-content\/uploads\/2026\/04\/Wafer-Back-Grinding-Machine-150x150.png 150w, https:\/\/www.zmsh-semitech.com\/wp-content\/uploads\/2026\/04\/Wafer-Back-Grinding-Machine-768x768.png 768w, https:\/\/www.zmsh-semitech.com\/wp-content\/uploads\/2026\/04\/Wafer-Back-Grinding-Machine-12x12.png 12w, https:\/\/www.zmsh-semitech.com\/wp-content\/uploads\/2026\/04\/Wafer-Back-Grinding-Machine-600x600.png 600w, https:\/\/www.zmsh-semitech.com\/wp-content\/uploads\/2026\/04\/Wafer-Back-Grinding-Machine-100x100.png 100w, https:\/\/www.zmsh-semitech.com\/wp-content\/uploads\/2026\/04\/Wafer-Back-Grinding-Machine.png 1000w\" sizes=\"(max-width: 300px) 100vw, 300px\" \/>Keskeiset edut<\/h2>\n<ul data-start=\"4051\" data-end=\"4440\">\n<li data-section-id=\"1ar7oz7\" data-start=\"4051\" data-end=\"4131\">Korkea hy\u00f6tysuhde<br data-start=\"4072\" data-end=\"4075\" \/>Kaksipuolinen ty\u00f6st\u00f6 lyhent\u00e4\u00e4 kokonaiskoneistusaikaa<\/li>\n<li data-section-id=\"1wr2j5g\" data-start=\"4133\" data-end=\"4202\">Korkea tarkkuus<br data-start=\"4153\" data-end=\"4156\" \/>Varmistaa erinomaisen tasaisuuden ja yhdensuuntaisuuden<\/li>\n<li data-section-id=\"esn72i\" data-start=\"4204\" data-end=\"4283\">Prosessin vakaus<br data-start=\"4227\" data-end=\"4230\" \/>Suljetun silmukan paineens\u00e4\u00e4t\u00f6 parantaa johdonmukaisuutta<\/li>\n<li data-section-id=\"1crbhdt\" data-start=\"4285\" data-end=\"4356\">Joustava toiminta<br data-start=\"4309\" data-end=\"4312\" \/>Itsen\u00e4inen tai synkronoitu vaihteen ohjaus<\/li>\n<li data-section-id=\"1hbjrp7\" data-start=\"4358\" data-end=\"4440\">Optimoitu hauraille materiaaleille<br data-start=\"4395\" data-end=\"4398\" \/>Minimoi j\u00e4nnityksen ja est\u00e4\u00e4 halkeilua<\/li>\n<\/ul>\n<hr data-start=\"4442\" data-end=\"4445\" \/>\n<h2 data-section-id=\"w1cnyx\" data-start=\"4447\" data-end=\"4456\">FAQ<\/h2>\n<p data-start=\"4458\" data-end=\"4662\">Q1: Mik\u00e4 on kaksipuolisen hionnan t\u00e4rkein etu?<br data-start=\"4517\" data-end=\"4520\" \/>V: Se mahdollistaa molempien kiekkopintojen samanaikaisen k\u00e4sittelyn, mik\u00e4 parantaa tasaisuutta, yhdensuuntaisuutta ja tehokkuutta verrattuna yksipuoliseen hiontaan.<\/p>\n<p data-start=\"4664\" data-end=\"4820\">Q2: Mit\u00e4 materiaaleja voidaan k\u00e4sitell\u00e4?<br data-start=\"4704\" data-end=\"4707\" \/>V: Kone soveltuu CZT, MCT, GaAs, InP, InSb ja muille pehmeille ja hauraille puolijohdemateriaaleille.<\/p>\n<p data-start=\"4822\" data-end=\"4924\">Q3: Mit\u00e4 kiekkokokoa WP-301D tukee?<br data-start=\"4871\" data-end=\"4874\" \/>V: Se tukee enint\u00e4\u00e4n 150 mm:n (6 tuuman) kiekkoja.<\/p>","protected":false},"excerpt":{"rendered":"<p>WP-301D Double Side Wafer Grinding Machine on eritt\u00e4in tarkka j\u00e4rjestelm\u00e4, joka on suunniteltu puolijohdekiekkojen ja hauraiden materiaalien samanaikaiseen kaksipuoliseen hiontaan ja kiillotukseen. Edistyksellisen planeettapy\u00f6r\u00e4st\u00f6ll\u00e4 varustetun liikej\u00e4rjestelm\u00e4n avulla kone mahdollistaa tasaisen materiaalin poiston sek\u00e4 kiekon yl\u00e4- ett\u00e4 alapinnoilta, mik\u00e4 parantaa merkitt\u00e4v\u00e4sti tasaisuutta ja yhdensuuntaisuutta.<\/p>","protected":false},"featured_media":2229,"comment_status":"open","ping_status":"closed","template":"","meta":{"site-sidebar-layout":"default","site-content-layout":"","ast-site-content-layout":"default","site-content-style":"default","site-sidebar-style":"default","ast-global-header-display":"","ast-banner-title-visibility":"","ast-main-header-display":"","ast-hfb-above-header-display":"","ast-hfb-below-header-display":"","ast-hfb-mobile-header-display":"","site-post-title":"","ast-breadcrumbs-content":"","ast-featured-img":"","footer-sml-layout":"","ast-disable-related-posts":"","theme-transparent-header-meta":"default","adv-header-id-meta":"","stick-header-meta":"default","header-above-stick-meta":"","header-main-stick-meta":"","header-below-stick-meta":"","astra-migrate-meta-layouts":"set","ast-page-background-enabled":"default","ast-page-background-meta":{"desktop":{"background-color":"var(--ast-global-color-4)","background-image":"","background-repeat":"repeat","background-position":"center center","background-size":"auto","background-attachment":"scroll","background-type":"","background-media":"","overlay-type":"","overlay-color":"","overlay-opacity":"","overlay-gradient":""},"tablet":{"background-color":"","background-image":"","background-repeat":"repeat","background-position":"center center","background-size":"auto","background-attachment":"scroll","background-type":"","background-media":"","overlay-type":"","overlay-color":"","overlay-opacity":"","overlay-gradient":""},"mobile":{"background-color":"","background-image":"","background-repeat":"repeat","background-position":"center center","background-size":"auto","background-attachment":"scroll","background-type":"","background-media":"","overlay-type":"","overlay-color":"","overlay-opacity":"","overlay-gradient":""}},"ast-content-background-meta":{"desktop":{"background-color":"var(--ast-global-color-5)","background-image":"","background-repeat":"repeat","background-position":"center center","background-size":"auto","background-attachment":"scroll","background-type":"","background-media":"","overlay-type":"","overlay-color":"","overlay-opacity":"","overlay-gradient":""},"tablet":{"background-color":"var(--ast-global-color-5)","background-image":"","background-repeat":"repeat","background-position":"center center","background-size":"auto","background-attachment":"scroll","background-type":"","background-media":"","overlay-type":"","overlay-color":"","overlay-opacity":"","overlay-gradient":""},"mobile":{"background-color":"var(--ast-global-color-5)","background-image":"","background-repeat":"repeat","background-position":"center center","background-size":"auto","background-attachment":"scroll","background-type":"","background-media":"","overlay-type":"","overlay-color":"","overlay-opacity":"","overlay-gradient":""}}},"product_brand":[],"product_cat":[724],"product_tag":[1005,1017,1015,1012,1018,1016,1019,1014,1020,1013],"class_list":{"0":"post-2226","1":"product","2":"type-product","3":"status-publish","4":"has-post-thumbnail","6":"product_cat-grinding-machine","7":"product_tag-6-inch-wafer-grinding","8":"product_tag-czt-grinding-machine","9":"product_tag-double-side-polishing-machine","10":"product_tag-double-side-wafer-grinding-machine","11":"product_tag-gaas-wafer-polishing","12":"product_tag-planetary-lapping-system","13":"product_tag-precision-wafer-lapping","14":"product_tag-semiconductor-grinding-equipment","15":"product_tag-semiconductor-surface-grinding","16":"product_tag-wafer-lapping-machine","17":"desktop-align-left","18":"tablet-align-left","19":"mobile-align-left","20":"ast-product-gallery-layout-horizontal-slider","21":"ast-product-tabs-layout-horizontal","23":"first","24":"instock","25":"shipping-taxable","26":"product-type-simple"},"_links":{"self":[{"href":"https:\/\/www.zmsh-semitech.com\/fi\/wp-json\/wp\/v2\/product\/2226","targetHints":{"allow":["GET"]}}],"collection":[{"href":"https:\/\/www.zmsh-semitech.com\/fi\/wp-json\/wp\/v2\/product"}],"about":[{"href":"https:\/\/www.zmsh-semitech.com\/fi\/wp-json\/wp\/v2\/types\/product"}],"replies":[{"embeddable":true,"href":"https:\/\/www.zmsh-semitech.com\/fi\/wp-json\/wp\/v2\/comments?post=2226"}],"version-history":[{"count":5,"href":"https:\/\/www.zmsh-semitech.com\/fi\/wp-json\/wp\/v2\/product\/2226\/revisions"}],"predecessor-version":[{"id":2233,"href":"https:\/\/www.zmsh-semitech.com\/fi\/wp-json\/wp\/v2\/product\/2226\/revisions\/2233"}],"wp:featuredmedia":[{"embeddable":true,"href":"https:\/\/www.zmsh-semitech.com\/fi\/wp-json\/wp\/v2\/media\/2229"}],"wp:attachment":[{"href":"https:\/\/www.zmsh-semitech.com\/fi\/wp-json\/wp\/v2\/media?parent=2226"}],"wp:term":[{"taxonomy":"product_brand","embeddable":true,"href":"https:\/\/www.zmsh-semitech.com\/fi\/wp-json\/wp\/v2\/product_brand?post=2226"},{"taxonomy":"product_cat","embeddable":true,"href":"https:\/\/www.zmsh-semitech.com\/fi\/wp-json\/wp\/v2\/product_cat?post=2226"},{"taxonomy":"product_tag","embeddable":true,"href":"https:\/\/www.zmsh-semitech.com\/fi\/wp-json\/wp\/v2\/product_tag?post=2226"}],"curies":[{"name":"wp","href":"https:\/\/api.w.org\/{rel}","templated":true}]}}