{"id":2215,"date":"2026-04-15T02:54:20","date_gmt":"2026-04-15T02:54:20","guid":{"rendered":"https:\/\/www.zmsh-semitech.com\/?post_type=product&#038;p=2215"},"modified":"2026-04-15T02:57:45","modified_gmt":"2026-04-15T02:57:45","slug":"wdp-1240-series-dry-polishing-machine","status":"publish","type":"product","link":"https:\/\/www.zmsh-semitech.com\/fi\/product\/wdp-1240-series-dry-polishing-machine\/","title":{"rendered":"WDP-1240-sarjan kuivakiillotuskone 300 mm:n kiekon stressinpoistoon ja takapuolen k\u00e4sittelyyn"},"content":{"rendered":"<p data-start=\"281\" data-end=\"650\"><img fetchpriority=\"high\" decoding=\"async\" class=\"alignright wp-image-2217\" src=\"https:\/\/www.zmsh-semitech.com\/wp-content\/uploads\/2026\/04\/WDP-1240-Series-Dry-Polishing-Machine-for-300mm-Wafer-Stress-Relief-and-Backside-Processing-300x300.png\" alt=\"WDP-1240-sarjan kuivakiillotuskone 300 mm:n kiekon stressinpoistoon ja takapuolen k\u00e4sittelyyn\" width=\"290\" height=\"290\" srcset=\"https:\/\/www.zmsh-semitech.com\/wp-content\/uploads\/2026\/04\/WDP-1240-Series-Dry-Polishing-Machine-for-300mm-Wafer-Stress-Relief-and-Backside-Processing-300x300.png 300w, https:\/\/www.zmsh-semitech.com\/wp-content\/uploads\/2026\/04\/WDP-1240-Series-Dry-Polishing-Machine-for-300mm-Wafer-Stress-Relief-and-Backside-Processing-150x150.png 150w, https:\/\/www.zmsh-semitech.com\/wp-content\/uploads\/2026\/04\/WDP-1240-Series-Dry-Polishing-Machine-for-300mm-Wafer-Stress-Relief-and-Backside-Processing-768x768.png 768w, https:\/\/www.zmsh-semitech.com\/wp-content\/uploads\/2026\/04\/WDP-1240-Series-Dry-Polishing-Machine-for-300mm-Wafer-Stress-Relief-and-Backside-Processing-12x12.png 12w, https:\/\/www.zmsh-semitech.com\/wp-content\/uploads\/2026\/04\/WDP-1240-Series-Dry-Polishing-Machine-for-300mm-Wafer-Stress-Relief-and-Backside-Processing-600x600.png 600w, https:\/\/www.zmsh-semitech.com\/wp-content\/uploads\/2026\/04\/WDP-1240-Series-Dry-Polishing-Machine-for-300mm-Wafer-Stress-Relief-and-Backside-Processing-100x100.png 100w, https:\/\/www.zmsh-semitech.com\/wp-content\/uploads\/2026\/04\/WDP-1240-Series-Dry-Polishing-Machine-for-300mm-Wafer-Stress-Relief-and-Backside-Processing.png 1000w\" sizes=\"(max-width: 290px) 100vw, 290px\" \/>WDP-1240-sarjan kuivakiillotuskone on kehittynyt tarkkuusj\u00e4rjestelm\u00e4, joka on kehitetty puolijohteiden valmistuksessa k\u00e4ytett\u00e4vien kiekkojen takapuolen j\u00e4nnityksenpoistoon ja vaurioituneen kerroksen poistoon. Erityisesti 300 mm:n kiekkojen k\u00e4sittelyyn suunniteltu laite k\u00e4ytt\u00e4\u00e4 kuivakiillotusprosessia, jolla saavutetaan korkealaatuinen pintak\u00e4sittely ja minimoidaan samalla ymp\u00e4rist\u00f6vaikutukset.<\/p>\n<p data-start=\"652\" data-end=\"959\">T\u00e4m\u00e4 j\u00e4rjestelm\u00e4 soveltuu erityisesti kehittyneisiin pakkaussovelluksiin, joissa kiekon ohentaminen ja j\u00e4nnityksen hallinta ovat kriittisi\u00e4. Poistamalla tehokkaasti hiomaprosessien aikana syntyneet pinnanalaiset vauriokerrokset WDP-1240 auttaa parantamaan kiekon eheytt\u00e4, v\u00e4hent\u00e4m\u00e4\u00e4n v\u00e4\u00e4ntymist\u00e4 ja parantamaan mekaanista lujuutta.<\/p>\n<p data-start=\"961\" data-end=\"1182\">Perinteisiin m\u00e4rk\u00e4kiillotusj\u00e4rjestelmiin verrattuna kuivaprosessi eliminoi lietteeseen liittyv\u00e4t ep\u00e4puhtaudet ja v\u00e4hent\u00e4\u00e4 j\u00e4tteenk\u00e4sittelyvaatimuksia, joten se on ymp\u00e4rist\u00f6yst\u00e4v\u00e4llisempi ja kustannustehokkaampi ratkaisu.<\/p>\n<hr data-start=\"1184\" data-end=\"1187\" \/>\n<h2 data-section-id=\"m7ukan\" data-start=\"1189\" data-end=\"1232\">T\u00e4rkeimm\u00e4t ominaisuudet ja tekniset edut<\/h2>\n<h3 data-section-id=\"capa5r\" data-start=\"1234\" data-end=\"1295\">Kuivakiillotustekniikka v\u00e4h\u00e4ist\u00e4 ymp\u00e4rist\u00f6vaikutusta varten<\/h3>\n<p data-start=\"1296\" data-end=\"1491\">WDP-1240 k\u00e4ytt\u00e4\u00e4 t\u00e4ysin kuivaa kiillotusprosessia, jolloin kemiallista lietett\u00e4 ei tarvita. T\u00e4m\u00e4 v\u00e4hent\u00e4\u00e4 merkitt\u00e4v\u00e4sti ymp\u00e4rist\u00f6kuormitusta, yksinkertaistaa huoltoa ja alentaa k\u00e4ytt\u00f6kustannuksia.<\/p>\n<h3 data-section-id=\"1awlizo\" data-start=\"1493\" data-end=\"1543\">Tehokas stressinpoisto ja vaurioiden poisto<\/h3>\n<p data-start=\"1544\" data-end=\"1722\">J\u00e4rjestelm\u00e4 on suunniteltu poistamaan takapuolen vauriokerros kiekon hionnan j\u00e4lkeen, ja se poistaa tehokkaasti sis\u00e4ist\u00e4 j\u00e4nnityst\u00e4, mik\u00e4 takaa kiekon paremman tasaisuuden ja rakenteellisen vakauden.<\/p>\n<h3 data-section-id=\"90fwyd\" data-start=\"1724\" data-end=\"1762\">Ohuiden kiekkojen tuoton parantaminen<\/h3>\n<p data-start=\"1763\" data-end=\"1827\">Minimoimalla j\u00e4nnityskeskittym\u00e4t kone auttaa est\u00e4m\u00e4\u00e4n:<\/p>\n<ul data-start=\"1828\" data-end=\"1876\">\n<li data-section-id=\"pus2hj\" data-start=\"1828\" data-end=\"1846\">Kiekon halkeilu<\/li>\n<li data-section-id=\"wcbb49\" data-start=\"1847\" data-end=\"1864\">Reunan lohkeaminen<\/li>\n<li data-section-id=\"bpnlvj\" data-start=\"1865\" data-end=\"1876\">V\u00e4\u00e4ntyminen<\/li>\n<\/ul>\n<p data-start=\"1878\" data-end=\"1965\">T\u00e4m\u00e4 johtaa korkeampaan tuottoprosenttiin erityisesti suurikokoisilla ja eritt\u00e4in ohuilla kiekoilla.<\/p>\n<h3 data-section-id=\"98a0im\" data-start=\"1967\" data-end=\"2017\">Saumaton integrointi harvennusj\u00e4rjestelmiin<\/h3>\n<p data-start=\"2018\" data-end=\"2217\">WDP-1240 voidaan integroida tuotantoketjun alkup\u00e4\u00e4n laitteisiin, kuten WG1251 Automatic Wafer Grinderiin, mik\u00e4 mahdollistaa t\u00e4ysin automatisoidut tuotantolinjat, joissa kiekkojen siirto prosessien v\u00e4lill\u00e4 on turvallista ja vakaata.<\/p>\n<h3 data-section-id=\"1pvq7tz\" data-start=\"2219\" data-end=\"2265\">Vakaa ja kest\u00e4v\u00e4 mekaaninen rakenne<\/h3>\n<p data-start=\"2266\" data-end=\"2435\">Laitteissa on yksi kara, yksi jousi ja yksi oikaisulaiteyksikk\u00f6, mik\u00e4 takaa tasaisen kiillotustuloksen ja pitk\u00e4aikaisen toimintavakauden.<\/p>\n<hr data-start=\"2437\" data-end=\"2440\" \/>\n<h2 data-section-id=\"8lu2ky\" data-start=\"2442\" data-end=\"2472\">\u00a0Tekniset tiedot<\/h2>\n<div class=\"TyagGW_tableContainer\">\n<div class=\"group TyagGW_tableWrapper flex flex-col-reverse w-fit\" tabindex=\"-1\">\n<table class=\"w-fit min-w-(--thread-content-width)\" data-start=\"2474\" data-end=\"2738\">\n<thead data-start=\"2474\" data-end=\"2498\">\n<tr data-start=\"2474\" data-end=\"2498\">\n<th class=\"\" data-start=\"2474\" data-end=\"2481\" data-col-size=\"sm\">Kohde<\/th>\n<th class=\"\" data-start=\"2481\" data-end=\"2498\" data-col-size=\"md\">Tekniset tiedot<\/th>\n<\/tr>\n<\/thead>\n<tbody data-start=\"2522\" data-end=\"2738\">\n<tr data-start=\"2522\" data-end=\"2583\">\n<td data-start=\"2522\" data-end=\"2534\" data-col-size=\"sm\">Rakenne<\/td>\n<td data-start=\"2534\" data-end=\"2583\" data-col-size=\"md\">Kara \u00d71 \/ ruuvip\u00f6yt\u00e4 \u00d71 \/ ty\u00f6st\u00f6koneisto \u00d71<\/td>\n<\/tr>\n<tr data-start=\"2584\" data-end=\"2618\">\n<td data-start=\"2584\" data-end=\"2600\" data-col-size=\"sm\">Karan teho<\/td>\n<td data-start=\"2600\" data-end=\"2618\" data-col-size=\"md\">7,5 kW \/ 11 kW<\/td>\n<\/tr>\n<tr data-start=\"2619\" data-end=\"2658\">\n<td data-start=\"2619\" data-end=\"2632\" data-col-size=\"sm\">Kiekon koko<\/td>\n<td data-start=\"2632\" data-end=\"2658\" data-col-size=\"md\">Jopa 12 tuumaa (300 mm)<\/td>\n<\/tr>\n<tr data-start=\"2659\" data-end=\"2691\">\n<td data-start=\"2659\" data-end=\"2674\" data-col-size=\"sm\">Prosessin tyyppi<\/td>\n<td data-start=\"2674\" data-end=\"2691\" data-col-size=\"md\">Kuiva kiillotus<\/td>\n<\/tr>\n<tr data-start=\"2692\" data-end=\"2738\">\n<td data-start=\"2692\" data-end=\"2713\" data-col-size=\"sm\">Koneen mitat<\/td>\n<td data-start=\"2713\" data-end=\"2738\" data-col-size=\"md\">1450 \u00d7 3380 \u00d7 1900 mm<\/td>\n<\/tr>\n<\/tbody>\n<\/table>\n<\/div>\n<\/div>\n<hr data-start=\"2740\" data-end=\"2743\" \/>\n<h2 data-section-id=\"13yq5fc\" data-start=\"2745\" data-end=\"2768\">Toimintaperiaate<\/h2>\n<p data-start=\"2812\" data-end=\"2954\">WDP-1240 toimii siten, ett\u00e4 kiekon takapuolelle tehd\u00e4\u00e4n hallittu mekaaninen kiillotus suurnopeuskaran ja tarkkuusj\u00e4nnitysj\u00e4rjestelm\u00e4n avulla.<\/p>\n<p data-start=\"2956\" data-end=\"3193\">Kiekon ohentamisen j\u00e4lkeen pinnan alle j\u00e4\u00e4 usein vaurioitunut kerros, joka aiheuttaa sis\u00e4ist\u00e4 j\u00e4nnityst\u00e4. Kuivakiillotusprosessi poistaa t\u00e4m\u00e4n kerroksen samalla, kun paine ja materiaalin poistonopeus pysyv\u00e4t tiukasti hallinnassa. Tuloksena on mm:<\/p>\n<ul data-start=\"3195\" data-end=\"3278\">\n<li data-section-id=\"1r1ex1w\" data-start=\"3195\" data-end=\"3222\">Tasainen pinnanlaatu<\/li>\n<li data-section-id=\"bhqqr1\" data-start=\"3223\" data-end=\"3250\">V\u00e4hentynyt j\u00e4\u00e4nn\u00f6sj\u00e4nnitys<\/li>\n<li data-section-id=\"1iz8bdx\" data-start=\"3251\" data-end=\"3278\">Kiekkojen tasaisuus paranee<\/li>\n<\/ul>\n<p data-start=\"3280\" data-end=\"3392\">Integroitu kiillotusyksikk\u00f6 varmistaa, ett\u00e4 kiillotusty\u00f6kalujen suorituskyky s\u00e4ilyy tasaisena koko prosessin ajan.<\/p>\n<hr data-start=\"3394\" data-end=\"3397\" \/>\n<h2 data-section-id=\"1mpxdoq\" data-start=\"3399\" data-end=\"3422\"><img decoding=\"async\" class=\"size-medium wp-image-2171 alignright\" src=\"https:\/\/www.zmsh-semitech.com\/wp-content\/uploads\/2026\/04\/4inch_silicon_carbide_wafers-300x300.webp\" alt=\"\" width=\"300\" height=\"300\" srcset=\"https:\/\/www.zmsh-semitech.com\/wp-content\/uploads\/2026\/04\/4inch_silicon_carbide_wafers-300x300.webp 300w, https:\/\/www.zmsh-semitech.com\/wp-content\/uploads\/2026\/04\/4inch_silicon_carbide_wafers-150x150.webp 150w, https:\/\/www.zmsh-semitech.com\/wp-content\/uploads\/2026\/04\/4inch_silicon_carbide_wafers-768x768.webp 768w, https:\/\/www.zmsh-semitech.com\/wp-content\/uploads\/2026\/04\/4inch_silicon_carbide_wafers-12x12.webp 12w, https:\/\/www.zmsh-semitech.com\/wp-content\/uploads\/2026\/04\/4inch_silicon_carbide_wafers-600x600.webp 600w, https:\/\/www.zmsh-semitech.com\/wp-content\/uploads\/2026\/04\/4inch_silicon_carbide_wafers-100x100.webp 100w, https:\/\/www.zmsh-semitech.com\/wp-content\/uploads\/2026\/04\/4inch_silicon_carbide_wafers.webp 800w\" sizes=\"(max-width: 300px) 100vw, 300px\" \/>K\u00e4ytt\u00f6alue<\/h2>\n<p data-start=\"3424\" data-end=\"3462\">WDP-1240-sarjaa k\u00e4ytet\u00e4\u00e4n laajalti:<\/p>\n<ul data-start=\"3464\" data-end=\"3675\">\n<li data-section-id=\"thioxr\" data-start=\"3464\" data-end=\"3507\">Puolijohdekiekkojen takapuolen k\u00e4sittely<\/li>\n<li data-section-id=\"1b52adm\" data-start=\"3508\" data-end=\"3557\">Kehittyneet pakkaukset (WLCSP, fan-out-pakkaukset)<\/li>\n<li data-section-id=\"1lhtczs\" data-start=\"3558\" data-end=\"3590\">Piikiekkojen (Si) kiillotus<\/li>\n<li data-section-id=\"zqmbwb\" data-start=\"3591\" data-end=\"3633\">Piikarbidin (SiC) kiekkojen k\u00e4sittely<\/li>\n<li data-section-id=\"1xtbjfg\" data-start=\"3634\" data-end=\"3675\">Ohuiden kiekkojen j\u00e4nnityksenpoistosovellukset<\/li>\n<\/ul>\n<p data-start=\"3677\" data-end=\"3828\">Se tukee 12 tuuman ja sit\u00e4 pienempi\u00e4 kiekkoja, joten se soveltuu sek\u00e4 tavanomaiseen puolijohdetuotantoon ett\u00e4 kehittyviin kehittyneisiin pakkaustekniikoihin.<\/p>\n<hr data-start=\"3830\" data-end=\"3833\" \/>\n<h2 data-section-id=\"1116wfg\" data-start=\"3835\" data-end=\"3856\"><img decoding=\"async\" class=\"size-medium wp-image-2122 alignright\" src=\"https:\/\/www.zmsh-semitech.com\/wp-content\/uploads\/2026\/04\/Wafer-Back-Grinding-Machine-300x300.png\" alt=\"\" width=\"300\" height=\"300\" srcset=\"https:\/\/www.zmsh-semitech.com\/wp-content\/uploads\/2026\/04\/Wafer-Back-Grinding-Machine-300x300.png 300w, https:\/\/www.zmsh-semitech.com\/wp-content\/uploads\/2026\/04\/Wafer-Back-Grinding-Machine-150x150.png 150w, https:\/\/www.zmsh-semitech.com\/wp-content\/uploads\/2026\/04\/Wafer-Back-Grinding-Machine-768x768.png 768w, https:\/\/www.zmsh-semitech.com\/wp-content\/uploads\/2026\/04\/Wafer-Back-Grinding-Machine-12x12.png 12w, https:\/\/www.zmsh-semitech.com\/wp-content\/uploads\/2026\/04\/Wafer-Back-Grinding-Machine-600x600.png 600w, https:\/\/www.zmsh-semitech.com\/wp-content\/uploads\/2026\/04\/Wafer-Back-Grinding-Machine-100x100.png 100w, https:\/\/www.zmsh-semitech.com\/wp-content\/uploads\/2026\/04\/Wafer-Back-Grinding-Machine.png 1000w\" sizes=\"(max-width: 300px) 100vw, 300px\" \/>Keskeiset edut<\/h2>\n<ul data-start=\"3858\" data-end=\"4293\">\n<li data-section-id=\"6czk3i\" data-start=\"3858\" data-end=\"3942\">V\u00e4h\u00e4inen ymp\u00e4rist\u00f6vaikutus<br data-start=\"3888\" data-end=\"3891\" \/>Kuivaprosessi poistaa lietteen ja v\u00e4hent\u00e4\u00e4 j\u00e4tett\u00e4.<\/li>\n<li data-section-id=\"7ceake\" data-start=\"3944\" data-end=\"4024\">Korkean tuoton parantaminen<br data-start=\"3972\" data-end=\"3975\" \/>Minimoi halkeilua ja v\u00e4\u00e4ntymist\u00e4 ohuissa kiekoissa.<\/li>\n<li data-section-id=\"aztc7d\" data-start=\"4026\" data-end=\"4104\">Korkea prosessin vakaus<br data-start=\"4054\" data-end=\"4057\" \/>Vankka rakenne takaa johdonmukaiset tulokset<\/li>\n<li data-section-id=\"1viz6br\" data-start=\"4106\" data-end=\"4194\">Tuotantolinjan integrointi<br data-start=\"4139\" data-end=\"4142\" \/>Yhteensopiva automaattisten kiekkojen ohennusj\u00e4rjestelmien kanssa<\/li>\n<li data-section-id=\"vz1nvb\" data-start=\"4196\" data-end=\"4293\">Optimoitu kehittyneeseen pakkaamiseen<br data-start=\"4234\" data-end=\"4237\" \/>Suunniteltu seuraavan sukupolven puolijohdeprosesseja varten<\/li>\n<\/ul>\n<hr data-start=\"4295\" data-end=\"4298\" \/>\n<h2 data-section-id=\"w1cnyx\" data-start=\"4300\" data-end=\"4309\">FAQ<\/h2>\n<p data-start=\"4311\" data-end=\"4563\">Kysymys 1: Mik\u00e4 on kuivakiillotuksen t\u00e4rkein etu m\u00e4rk\u00e4kiillotukseen verrattuna?<br data-start=\"4389\" data-end=\"4392\" \/>V: Kuivakiillotus poistaa lietteen k\u00e4yt\u00f6n, mik\u00e4 v\u00e4hent\u00e4\u00e4 ymp\u00e4rist\u00f6vaikutuksia, yksinkertaistaa huoltoa ja alentaa k\u00e4ytt\u00f6kustannuksia s\u00e4ilytt\u00e4en samalla korkean pinnanlaadun.<\/p>\n<p data-start=\"4565\" data-end=\"4700\">Q2: Mit\u00e4 kiekkokokoja tuetaan?<br data-start=\"4604\" data-end=\"4607\" \/>V: WDP-1240 tukee jopa 300 mm:n (12 tuuman) kiekkoja, mukaan lukien Si- ja SiC-materiaalit.<\/p>\n<p data-start=\"4702\" data-end=\"4916\">Kysymys 3: Voidaanko t\u00e4m\u00e4 kone integroida tuotantolinjaan?<br data-start=\"4764\" data-end=\"4767\" \/>V: Kyll\u00e4. Se voidaan liitt\u00e4\u00e4 saumattomasti WG1251:n kaltaisiin kiekon ohennuslaitteisiin, mik\u00e4 mahdollistaa automaattisen kiekonsiirron ja jatkuvan k\u00e4sittelyn.<\/p>","protected":false},"excerpt":{"rendered":"<p>WDP-1240-sarjan kuivakiillotuskone on kehittynyt tarkkuusj\u00e4rjestelm\u00e4, joka on kehitetty puolijohteiden valmistuksessa k\u00e4ytett\u00e4vien kiekkojen takapuolen j\u00e4nnityksenpoistoon ja vaurioituneen kerroksen poistoon. Erityisesti 300 mm:n kiekkojen k\u00e4sittelyyn suunniteltu laite k\u00e4ytt\u00e4\u00e4 kuivakiillotusprosessia, jolla saavutetaan korkealaatuinen pintak\u00e4sittely ja minimoidaan samalla ymp\u00e4rist\u00f6vaikutukset.<\/p>","protected":false},"featured_media":2217,"comment_status":"open","ping_status":"closed","template":"","meta":{"site-sidebar-layout":"default","site-content-layout":"","ast-site-content-layout":"default","site-content-style":"default","site-sidebar-style":"default","ast-global-header-display":"","ast-banner-title-visibility":"","ast-main-header-display":"","ast-hfb-above-header-display":"","ast-hfb-below-header-display":"","ast-hfb-mobile-header-display":"","site-post-title":"","ast-breadcrumbs-content":"","ast-featured-img":"","footer-sml-layout":"","ast-disable-related-posts":"","theme-transparent-header-meta":"default","adv-header-id-meta":"","stick-header-meta":"default","header-above-stick-meta":"","header-main-stick-meta":"","header-below-stick-meta":"","astra-migrate-meta-layouts":"set","ast-page-background-enabled":"default","ast-page-background-meta":{"desktop":{"background-color":"var(--ast-global-color-4)","background-image":"","background-repeat":"repeat","background-position":"center center","background-size":"auto","background-attachment":"scroll","background-type":"","background-media":"","overlay-type":"","overlay-color":"","overlay-opacity":"","overlay-gradient":""},"tablet":{"background-color":"","background-image":"","background-repeat":"repeat","background-position":"center center","background-size":"auto","background-attachment":"scroll","background-type":"","background-media":"","overlay-type":"","overlay-color":"","overlay-opacity":"","overlay-gradient":""},"mobile":{"background-color":"","background-image":"","background-repeat":"repeat","background-position":"center center","background-size":"auto","background-attachment":"scroll","background-type":"","background-media":"","overlay-type":"","overlay-color":"","overlay-opacity":"","overlay-gradient":""}},"ast-content-background-meta":{"desktop":{"background-color":"var(--ast-global-color-5)","background-image":"","background-repeat":"repeat","background-position":"center center","background-size":"auto","background-attachment":"scroll","background-type":"","background-media":"","overlay-type":"","overlay-color":"","overlay-opacity":"","overlay-gradient":""},"tablet":{"background-color":"var(--ast-global-color-5)","background-image":"","background-repeat":"repeat","background-position":"center center","background-size":"auto","background-attachment":"scroll","background-type":"","background-media":"","overlay-type":"","overlay-color":"","overlay-opacity":"","overlay-gradient":""},"mobile":{"background-color":"var(--ast-global-color-5)","background-image":"","background-repeat":"repeat","background-position":"center center","background-size":"auto","background-attachment":"scroll","background-type":"","background-media":"","overlay-type":"","overlay-color":"","overlay-opacity":"","overlay-gradient":""}}},"product_brand":[],"product_cat":[725],"product_tag":[995,1000,993,1001,996,997,999,998,994,1002],"class_list":{"0":"post-2215","1":"product","2":"type-product","3":"status-publish","4":"has-post-thumbnail","6":"product_cat-polishing-machine","7":"product_tag-300mm-wafer-polishing","8":"product_tag-advanced-packaging-equipment","9":"product_tag-dry-polishing-machine","10":"product_tag-dry-wafer-processing","11":"product_tag-semiconductor-polishing-machine","12":"product_tag-sic-wafer-polishing","13":"product_tag-stress-relief-polishing-machine","14":"product_tag-wafer-backside-polishing","15":"product_tag-wafer-polishing-equipment","16":"product_tag-wafer-thinning-line-equipment","17":"desktop-align-left","18":"tablet-align-left","19":"mobile-align-left","20":"ast-product-gallery-layout-horizontal-slider","21":"ast-product-gallery-with-no-image","22":"ast-product-tabs-layout-horizontal","24":"first","25":"instock","26":"shipping-taxable","27":"product-type-simple"},"_links":{"self":[{"href":"https:\/\/www.zmsh-semitech.com\/fi\/wp-json\/wp\/v2\/product\/2215","targetHints":{"allow":["GET"]}}],"collection":[{"href":"https:\/\/www.zmsh-semitech.com\/fi\/wp-json\/wp\/v2\/product"}],"about":[{"href":"https:\/\/www.zmsh-semitech.com\/fi\/wp-json\/wp\/v2\/types\/product"}],"replies":[{"embeddable":true,"href":"https:\/\/www.zmsh-semitech.com\/fi\/wp-json\/wp\/v2\/comments?post=2215"}],"version-history":[{"count":3,"href":"https:\/\/www.zmsh-semitech.com\/fi\/wp-json\/wp\/v2\/product\/2215\/revisions"}],"predecessor-version":[{"id":2219,"href":"https:\/\/www.zmsh-semitech.com\/fi\/wp-json\/wp\/v2\/product\/2215\/revisions\/2219"}],"wp:featuredmedia":[{"embeddable":true,"href":"https:\/\/www.zmsh-semitech.com\/fi\/wp-json\/wp\/v2\/media\/2217"}],"wp:attachment":[{"href":"https:\/\/www.zmsh-semitech.com\/fi\/wp-json\/wp\/v2\/media?parent=2215"}],"wp:term":[{"taxonomy":"product_brand","embeddable":true,"href":"https:\/\/www.zmsh-semitech.com\/fi\/wp-json\/wp\/v2\/product_brand?post=2215"},{"taxonomy":"product_cat","embeddable":true,"href":"https:\/\/www.zmsh-semitech.com\/fi\/wp-json\/wp\/v2\/product_cat?post=2215"},{"taxonomy":"product_tag","embeddable":true,"href":"https:\/\/www.zmsh-semitech.com\/fi\/wp-json\/wp\/v2\/product_tag?post=2215"}],"curies":[{"name":"wp","href":"https:\/\/api.w.org\/{rel}","templated":true}]}}