{"id":2203,"date":"2026-04-15T01:57:37","date_gmt":"2026-04-15T01:57:37","guid":{"rendered":"https:\/\/www.zmsh-semitech.com\/?post_type=product&#038;p=2203"},"modified":"2026-04-15T01:57:39","modified_gmt":"2026-04-15T01:57:39","slug":"cnc-robot-polishing-machine-for-large-optical-surfaces","status":"publish","type":"product","link":"https:\/\/www.zmsh-semitech.com\/fi\/product\/cnc-robot-polishing-machine-for-large-optical-surfaces\/","title":{"rendered":"CNC-robotti kiillotuskone suurille optisille pinnoille"},"content":{"rendered":"<p data-start=\"593\" data-end=\"978\"><img decoding=\"async\" class=\"alignright wp-image-2207\" src=\"https:\/\/www.zmsh-semitech.com\/wp-content\/uploads\/2026\/04\/robot_polishing_machine_for_large_and_complex_optical_surfaces-150x150.webp\" alt=\"\" width=\"179\" height=\"179\" srcset=\"https:\/\/www.zmsh-semitech.com\/wp-content\/uploads\/2026\/04\/robot_polishing_machine_for_large_and_complex_optical_surfaces-150x150.webp 150w, https:\/\/www.zmsh-semitech.com\/wp-content\/uploads\/2026\/04\/robot_polishing_machine_for_large_and_complex_optical_surfaces-300x300.webp 300w, https:\/\/www.zmsh-semitech.com\/wp-content\/uploads\/2026\/04\/robot_polishing_machine_for_large_and_complex_optical_surfaces-768x768.webp 768w, https:\/\/www.zmsh-semitech.com\/wp-content\/uploads\/2026\/04\/robot_polishing_machine_for_large_and_complex_optical_surfaces-12x12.webp 12w, https:\/\/www.zmsh-semitech.com\/wp-content\/uploads\/2026\/04\/robot_polishing_machine_for_large_and_complex_optical_surfaces-600x600.webp 600w, https:\/\/www.zmsh-semitech.com\/wp-content\/uploads\/2026\/04\/robot_polishing_machine_for_large_and_complex_optical_surfaces-100x100.webp 100w, https:\/\/www.zmsh-semitech.com\/wp-content\/uploads\/2026\/04\/robot_polishing_machine_for_large_and_complex_optical_surfaces.webp 800w\" sizes=\"(max-width: 179px) 100vw, 179px\" \/>Robottikiillotuskone on eritt\u00e4in tarkka automaattinen j\u00e4rjestelm\u00e4, joka on suunniteltu suurten ja monimutkaisten optisten pintojen kiillotukseen. Se integroi 6-akselisen teollisuusrobottialustan (esim. <span class=\"hover:entity-accent entity-underline inline cursor-pointer align-baseline\"><span class=\"whitespace-normal\">KUKA<\/span><\/span>, <span class=\"hover:entity-accent entity-underline inline cursor-pointer align-baseline\"><span class=\"whitespace-normal\">ABB<\/span><\/span>, tai <span class=\"hover:entity-accent entity-underline inline cursor-pointer align-baseline\"><span class=\"whitespace-normal\">St\u00e4ubli<\/span><\/span>), joissa on kehittyneet kiillotusmoduulit ja \u00e4lyk\u00e4s ohjausohjelmisto.<\/p>\n<p data-start=\"980\" data-end=\"1301\">J\u00e4rjestelm\u00e4 mahdollistaa t\u00e4ysin digitaalisen optisen valmistuksen, joka kattaa koko ty\u00f6nkulun pinnan mallintamisesta ja ty\u00f6kalupolun luomisesta reaaliaikaiseen voimanohjaukseen ja prosessin seurantaan. Perinteiseen manuaaliseen kiillotukseen verrattuna se tarjoaa suuremman johdonmukaisuuden, paremman tehokkuuden ja paremman pinnan tarkkuuden.<\/p>\n<h2 data-section-id=\"1rr2lw1\" data-start=\"1308\" data-end=\"1338\">T\u00e4rkeimm\u00e4t tekniset parametrit<\/h2>\n<div class=\"TyagGW_tableContainer\">\n<div class=\"group TyagGW_tableWrapper flex flex-col-reverse w-fit\" tabindex=\"-1\">\n<table class=\"w-fit min-w-(--thread-content-width)\" data-start=\"1340\" data-end=\"1713\">\n<thead data-start=\"1340\" data-end=\"1369\">\n<tr data-start=\"1340\" data-end=\"1369\">\n<th class=\"\" data-start=\"1340\" data-end=\"1352\" data-col-size=\"sm\">Parametri<\/th>\n<th class=\"\" data-start=\"1352\" data-end=\"1369\" data-col-size=\"md\">Tekniset tiedot<\/th>\n<\/tr>\n<\/thead>\n<tbody data-start=\"1397\" data-end=\"1713\">\n<tr data-start=\"1397\" data-end=\"1461\">\n<td data-start=\"1397\" data-end=\"1427\" data-col-size=\"sm\">Toistuva paikannustarkkuus<\/td>\n<td data-col-size=\"md\" data-start=\"1427\" data-end=\"1461\">\u00b10,04 mm \/ \u00b10,05 mm \/ \u00b10,10 mm.<\/td>\n<\/tr>\n<tr data-start=\"1462\" data-end=\"1502\">\n<td data-start=\"1462\" data-end=\"1484\" data-col-size=\"sm\">K\u00e4sittelyn halkaisija<\/td>\n<td data-col-size=\"md\" data-start=\"1484\" data-end=\"1502\">\u03a650 - \u03a62000 mm<\/td>\n<\/tr>\n<tr data-start=\"1503\" data-end=\"1563\">\n<td data-start=\"1503\" data-end=\"1526\" data-col-size=\"sm\">Kiillotusp\u00e4\u00e4tyypit<\/td>\n<td data-col-size=\"md\" data-start=\"1526\" data-end=\"1563\">Turvatyyny \/ j\u00e4ykk\u00e4 \/ py\u00f6r\u00e4 \/ yhdistetty<\/td>\n<\/tr>\n<tr data-start=\"1564\" data-end=\"1598\">\n<td data-start=\"1564\" data-end=\"1580\" data-col-size=\"sm\">Karan nopeus<\/td>\n<td data-col-size=\"md\" data-start=\"1580\" data-end=\"1598\">Jopa 1500 rpm<\/td>\n<\/tr>\n<tr data-start=\"1599\" data-end=\"1636\">\n<td data-start=\"1599\" data-end=\"1622\" data-col-size=\"sm\">Jatkuva toiminta<\/td>\n<td data-col-size=\"md\" data-start=\"1622\" data-end=\"1636\">\u2265300 tuntia<\/td>\n<\/tr>\n<tr data-start=\"1637\" data-end=\"1713\">\n<td data-start=\"1637\" data-end=\"1657\" data-col-size=\"sm\">Valinnaiset ominaisuudet<\/td>\n<td data-col-size=\"md\" data-start=\"1657\" data-end=\"1713\">Automaattinen kalibrointi, Online-seuranta, NC-py\u00f6riv\u00e4 p\u00f6yt\u00e4<\/td>\n<\/tr>\n<\/tbody>\n<\/table>\n<\/div>\n<\/div>\n<h2 data-section-id=\"13yq5fc\" data-start=\"1720\" data-end=\"1743\">Toimintaperiaate<\/h2>\n<p><img fetchpriority=\"high\" decoding=\"async\" class=\"alignleft wp-image-2206\" src=\"https:\/\/www.zmsh-semitech.com\/wp-content\/uploads\/2026\/04\/robot_polishing_machine_for_large_and_complex_optical_surfaces2-300x300.webp\" alt=\"\" width=\"350\" height=\"350\" srcset=\"https:\/\/www.zmsh-semitech.com\/wp-content\/uploads\/2026\/04\/robot_polishing_machine_for_large_and_complex_optical_surfaces2-300x300.webp 300w, https:\/\/www.zmsh-semitech.com\/wp-content\/uploads\/2026\/04\/robot_polishing_machine_for_large_and_complex_optical_surfaces2-150x150.webp 150w, https:\/\/www.zmsh-semitech.com\/wp-content\/uploads\/2026\/04\/robot_polishing_machine_for_large_and_complex_optical_surfaces2-768x768.webp 768w, https:\/\/www.zmsh-semitech.com\/wp-content\/uploads\/2026\/04\/robot_polishing_machine_for_large_and_complex_optical_surfaces2-12x12.webp 12w, https:\/\/www.zmsh-semitech.com\/wp-content\/uploads\/2026\/04\/robot_polishing_machine_for_large_and_complex_optical_surfaces2-600x600.webp 600w, https:\/\/www.zmsh-semitech.com\/wp-content\/uploads\/2026\/04\/robot_polishing_machine_for_large_and_complex_optical_surfaces2-100x100.webp 100w, https:\/\/www.zmsh-semitech.com\/wp-content\/uploads\/2026\/04\/robot_polishing_machine_for_large_and_complex_optical_surfaces2.webp 800w\" sizes=\"(max-width: 350px) 100vw, 350px\" \/><img decoding=\"async\" class=\"alignnone wp-image-2205\" src=\"https:\/\/www.zmsh-semitech.com\/wp-content\/uploads\/2026\/04\/robot_polishing_machine_for_large_and_complex_optical_surfaces3-300x300.webp\" alt=\"\" width=\"350\" height=\"350\" srcset=\"https:\/\/www.zmsh-semitech.com\/wp-content\/uploads\/2026\/04\/robot_polishing_machine_for_large_and_complex_optical_surfaces3-300x300.webp 300w, https:\/\/www.zmsh-semitech.com\/wp-content\/uploads\/2026\/04\/robot_polishing_machine_for_large_and_complex_optical_surfaces3-150x150.webp 150w, https:\/\/www.zmsh-semitech.com\/wp-content\/uploads\/2026\/04\/robot_polishing_machine_for_large_and_complex_optical_surfaces3-768x768.webp 768w, https:\/\/www.zmsh-semitech.com\/wp-content\/uploads\/2026\/04\/robot_polishing_machine_for_large_and_complex_optical_surfaces3-12x12.webp 12w, https:\/\/www.zmsh-semitech.com\/wp-content\/uploads\/2026\/04\/robot_polishing_machine_for_large_and_complex_optical_surfaces3-600x600.webp 600w, https:\/\/www.zmsh-semitech.com\/wp-content\/uploads\/2026\/04\/robot_polishing_machine_for_large_and_complex_optical_surfaces3-100x100.webp 100w, https:\/\/www.zmsh-semitech.com\/wp-content\/uploads\/2026\/04\/robot_polishing_machine_for_large_and_complex_optical_surfaces3.webp 800w\" sizes=\"(max-width: 350px) 100vw, 350px\" \/>\u00a0 \u00a0\u00a0 <img loading=\"lazy\" decoding=\"async\" class=\"alignnone wp-image-2204\" src=\"https:\/\/www.zmsh-semitech.com\/wp-content\/uploads\/2026\/04\/robot_polishing_machine_for_large_and_complex_optical_surfaces4-300x300.webp\" alt=\"\" width=\"350\" height=\"350\" srcset=\"https:\/\/www.zmsh-semitech.com\/wp-content\/uploads\/2026\/04\/robot_polishing_machine_for_large_and_complex_optical_surfaces4-300x300.webp 300w, https:\/\/www.zmsh-semitech.com\/wp-content\/uploads\/2026\/04\/robot_polishing_machine_for_large_and_complex_optical_surfaces4-150x150.webp 150w, https:\/\/www.zmsh-semitech.com\/wp-content\/uploads\/2026\/04\/robot_polishing_machine_for_large_and_complex_optical_surfaces4-768x768.webp 768w, https:\/\/www.zmsh-semitech.com\/wp-content\/uploads\/2026\/04\/robot_polishing_machine_for_large_and_complex_optical_surfaces4-12x12.webp 12w, https:\/\/www.zmsh-semitech.com\/wp-content\/uploads\/2026\/04\/robot_polishing_machine_for_large_and_complex_optical_surfaces4-600x600.webp 600w, https:\/\/www.zmsh-semitech.com\/wp-content\/uploads\/2026\/04\/robot_polishing_machine_for_large_and_complex_optical_surfaces4-100x100.webp 100w, https:\/\/www.zmsh-semitech.com\/wp-content\/uploads\/2026\/04\/robot_polishing_machine_for_large_and_complex_optical_surfaces4.webp 800w\" sizes=\"(max-width: 350px) 100vw, 350px\" \/><\/p>\n<h3 data-section-id=\"g5bn65\" data-start=\"1787\" data-end=\"1823\">1. Kuuden akselin koordinoitu liike<\/h3>\n<p data-start=\"1824\" data-end=\"1968\">Koneessa hy\u00f6dynnet\u00e4\u00e4n t\u00e4ytt\u00e4 6-akselista robottiliikett\u00e4, jolla saavutetaan monimutkaisten geometrioiden, my\u00f6s vapaamuotoisten ja akselin ulkopuolisten pintojen, tasainen peitto.<\/p>\n<h3 data-section-id=\"p0vb8b\" data-start=\"1970\" data-end=\"2008\">2. Vakiovoiman ohjausj\u00e4rjestelm\u00e4<\/h3>\n<p data-start=\"2009\" data-end=\"2145\">Integroitu elektroninen painesylinteri takaa vakaan ja mukautuvan kiillotusvoiman, mik\u00e4 est\u00e4\u00e4 ylikiillotuksen tai pinnan vaurioitumisen.<\/p>\n<h3 data-section-id=\"1jvzz5\" data-start=\"2147\" data-end=\"2176\">3. Mukautuva py\u00f6riv\u00e4 akseli<\/h3>\n<p data-start=\"2177\" data-end=\"2321\">S\u00e4\u00e4dett\u00e4v\u00e4 kara mukautuu automaattisesti pinnan kaarevuuteen, mik\u00e4 mahdollistaa pallojen, asf\u00e4\u00e4rien ja vapaamuotoisen optiikan tarkan k\u00e4sittelyn.<\/p>\n<h3 data-section-id=\"16qvuf4\" data-start=\"2323\" data-end=\"2359\">4. Suljetun kierron anturipalaute<\/h3>\n<p data-start=\"2360\" data-end=\"2464\">Reaaliaikainen valvonta voima- ja asentoantureiden avulla varmistaa prosessin vakauden ja toistettavuuden.<\/p>\n<h3 data-section-id=\"wz5e0w\" data-start=\"2466\" data-end=\"2503\">5. Optisten ohjelmistojen integrointi<\/h3>\n<p data-start=\"2504\" data-end=\"2648\">Edistyksellinen ohjelmisto tukee 3D-mallinnusta, simulointia, reitin optimointia ja tietojen analysointia ja muodostaa t\u00e4ydellisen \u00e4lykk\u00e4\u00e4n kiillotusratkaisun.<\/p>\n<h2 data-section-id=\"y88pv7\" data-start=\"2655\" data-end=\"2674\">\u00a0Ydinominaisuudet<\/h2>\n<ul data-start=\"2676\" data-end=\"3144\">\n<li data-section-id=\"1tubb3r\" data-start=\"2676\" data-end=\"2769\"><strong data-start=\"2678\" data-end=\"2704\">Korkean tarkkuuden ohjaus<\/strong><br data-start=\"2704\" data-end=\"2707\" \/>Saavuttaa optisen luokan pintatarkkuuden <strong data-start=\"2754\" data-end=\"2769\">RMS &lt; 10 nm<\/strong><\/li>\n<li data-section-id=\"1xnkmo0\" data-start=\"2771\" data-end=\"2867\"><strong data-start=\"2773\" data-end=\"2800\">Joustava ty\u00f6kaluj\u00e4rjestelm\u00e4<\/strong><br data-start=\"2800\" data-end=\"2803\" \/>Tukee useita kiillotusp\u00e4\u00e4t\u00e4, joissa on pikavaihtomahdollisuus<\/li>\n<li data-section-id=\"oi7kbz\" data-start=\"2869\" data-end=\"2971\"><strong data-start=\"2871\" data-end=\"2899\">T\u00e4ysin automatisoitu ty\u00f6nkulku<\/strong><br data-start=\"2899\" data-end=\"2902\" \/>Kaikki prosessit ovat digitaalisesti integroituja mallintamisesta tarkastukseen.<\/li>\n<li data-section-id=\"1ioky9v\" data-start=\"2973\" data-end=\"3044\"><strong data-start=\"2975\" data-end=\"2998\">Pitk\u00e4n aikav\u00e4lin vakaus<\/strong><br data-start=\"2998\" data-end=\"3001\" \/>Jatkuva toiminta jopa <strong data-start=\"3030\" data-end=\"3044\">300+ tuntia<\/strong><\/li>\n<li data-section-id=\"fq6r64\" data-start=\"3046\" data-end=\"3144\"><strong data-start=\"3048\" data-end=\"3075\">\u00c4lyk\u00e4s valvontaj\u00e4rjestelm\u00e4<\/strong><br data-start=\"3075\" data-end=\"3078\" \/>Reaaliaikainen diagnostiikka ja mukautuva ohjaus takaavat turvallisen k\u00e4yt\u00f6n.<\/li>\n<\/ul>\n<h2 data-section-id=\"a2tw4p\" data-start=\"3151\" data-end=\"3179\">Sovellus Teollisuudenalat<\/h2>\n<h3 data-section-id=\"wndtbo\" data-start=\"3223\" data-end=\"3235\">Optiikka<\/h3>\n<ul data-start=\"3236\" data-end=\"3318\">\n<li data-section-id=\"nna2i8\" data-start=\"3236\" data-end=\"3257\">Kaukoputken peilit<\/li>\n<li data-section-id=\"1wcjpov\" data-start=\"3258\" data-end=\"3285\">Suuritehoinen laseroptiikka<\/li>\n<li data-section-id=\"1twd372\" data-start=\"3286\" data-end=\"3318\">Optiset tarkkuuskomponentit<\/li>\n<\/ul>\n<h3 data-section-id=\"87pyt7\" data-start=\"3320\" data-end=\"3335\">Ilmailu- ja avaruusala<\/h3>\n<ul data-start=\"3336\" data-end=\"3391\">\n<li data-section-id=\"qb512f\" data-start=\"3336\" data-end=\"3365\">Satelliittikuvausj\u00e4rjestelm\u00e4t<\/li>\n<li data-section-id=\"nec7at\" data-start=\"3366\" data-end=\"3391\">Kaukokartoitusoptiikka<\/li>\n<\/ul>\n<h3 data-section-id=\"1lwhl68\" data-start=\"3393\" data-end=\"3422\">Tarkkuusvalmistus<\/h3>\n<ul data-start=\"3423\" data-end=\"3485\">\n<li data-section-id=\"1765ksz\" data-start=\"3423\" data-end=\"3459\">Optiset puolijohdekomponentit<\/li>\n<li data-section-id=\"1mkkqxg\" data-start=\"3460\" data-end=\"3485\">Eritt\u00e4in tarkat muotit<\/li>\n<\/ul>\n<h3 data-section-id=\"103x7s5\" data-start=\"3487\" data-end=\"3503\">Autoteollisuus<\/h3>\n<ul data-start=\"3504\" data-end=\"3559\">\n<li data-section-id=\"15v6wa1\" data-start=\"3504\" data-end=\"3522\">Ajovalaisimien muotit<\/li>\n<li data-section-id=\"rx4pur\" data-start=\"3523\" data-end=\"3559\">Koristeelliset kiilt\u00e4v\u00e4t komponentit<\/li>\n<\/ul>\n<h2 data-section-id=\"24joy1\" data-start=\"3566\" data-end=\"3586\">Tyypilliset mallit<\/h2>\n<div class=\"TyagGW_tableContainer\">\n<div class=\"group TyagGW_tableWrapper flex flex-col-reverse w-fit\" tabindex=\"-1\">\n<table class=\"w-fit min-w-(--thread-content-width)\" data-start=\"3588\" data-end=\"3851\">\n<thead data-start=\"3588\" data-end=\"3638\">\n<tr data-start=\"3588\" data-end=\"3638\">\n<th class=\"\" data-start=\"3588\" data-end=\"3596\" data-col-size=\"sm\">Malli<\/th>\n<th class=\"\" data-start=\"3596\" data-end=\"3609\" data-col-size=\"sm\">Robotin tukikohta<\/th>\n<th class=\"\" data-start=\"3609\" data-end=\"3620\" data-col-size=\"sm\">Tarkkuus<\/th>\n<th class=\"\" data-start=\"3620\" data-end=\"3638\" data-col-size=\"sm\">Halkaisija-alue<\/th>\n<\/tr>\n<\/thead>\n<tbody data-start=\"3686\" data-end=\"3851\">\n<tr data-start=\"3686\" data-end=\"3740\">\n<td data-start=\"3686\" data-end=\"3696\" data-col-size=\"sm\">IRP500S<\/td>\n<td data-col-size=\"sm\" data-start=\"3696\" data-end=\"3714\">St\u00e4ubli TX2-90L<\/td>\n<td data-col-size=\"sm\" data-start=\"3714\" data-end=\"3725\">\u00b10,04 mm<\/td>\n<td data-col-size=\"sm\" data-start=\"3725\" data-end=\"3740\">\u03a650-\u03a6500 mm<\/td>\n<\/tr>\n<tr data-start=\"3741\" data-end=\"3797\">\n<td data-start=\"3741\" data-end=\"3752\" data-col-size=\"sm\">IRP1000S<\/td>\n<td data-col-size=\"sm\" data-start=\"3752\" data-end=\"3770\">St\u00e4ubli TX200\/L<\/td>\n<td data-col-size=\"sm\" data-start=\"3770\" data-end=\"3781\">\u00b10,05 mm<\/td>\n<td data-col-size=\"sm\" data-start=\"3781\" data-end=\"3797\">\u03a680-\u03a61000 mm<\/td>\n<\/tr>\n<tr data-start=\"3798\" data-end=\"3851\">\n<td data-start=\"3798\" data-end=\"3809\" data-col-size=\"sm\">IRP2000A<\/td>\n<td data-col-size=\"sm\" data-start=\"3809\" data-end=\"3823\">ABB IRB6700<\/td>\n<td data-col-size=\"sm\" data-start=\"3823\" data-end=\"3834\">\u00b10,10 mm<\/td>\n<td data-col-size=\"sm\" data-start=\"3834\" data-end=\"3851\">\u03a6200-\u03a62000 mm<\/td>\n<\/tr>\n<\/tbody>\n<\/table>\n<\/div>\n<\/div>\n<h2 data-section-id=\"5604o0\" data-start=\"3858\" data-end=\"3878\">T\u00e4rkeimm\u00e4t edut<\/h2>\n<ul data-start=\"3880\" data-end=\"4311\">\n<li data-section-id=\"jhcmsn\" data-start=\"3880\" data-end=\"3966\"><strong data-start=\"3882\" data-end=\"3912\">Eritt\u00e4in korkea pinnanlaatu<\/strong><br data-start=\"3912\" data-end=\"3915\" \/>Optiset pinnat nanometrin tarkkuudella<\/li>\n<li data-section-id=\"r1lpdh\" data-start=\"3968\" data-end=\"4066\"><strong data-start=\"3970\" data-end=\"4000\">Tehokas tuotanto<\/strong><br data-start=\"4000\" data-end=\"4003\" \/>Moniakselinen automaatio lyhent\u00e4\u00e4 k\u00e4sittelyaikaa merkitt\u00e4v\u00e4sti<\/li>\n<li data-section-id=\"1ljbgqb\" data-start=\"4068\" data-end=\"4152\"><strong data-start=\"4070\" data-end=\"4092\">Laaja yhteensopivuus<\/strong><br data-start=\"4092\" data-end=\"4095\" \/>Soveltuu erilaisille materiaaleille ja monimutkaisille geometrioille<\/li>\n<li data-section-id=\"cwm8hl\" data-start=\"4154\" data-end=\"4233\"><strong data-start=\"4156\" data-end=\"4178\">Alennetut ty\u00f6voimakustannukset<\/strong><br data-start=\"4178\" data-end=\"4181\" \/>Korvaa manuaalisen kiillotuksen automaattisilla j\u00e4rjestelmill\u00e4<\/li>\n<li data-section-id=\"1k2po7u\" data-start=\"4235\" data-end=\"4311\"><strong data-start=\"4237\" data-end=\"4263\">Skaalautuva valmistus<\/strong><br data-start=\"4263\" data-end=\"4266\" \/>Soveltuu sek\u00e4 T&amp;K- ett\u00e4 massatuotantoon<\/li>\n<\/ul>\n<h2 data-section-id=\"w1cnyx\" data-start=\"4318\" data-end=\"4327\">FAQ<\/h2>\n<p data-start=\"4329\" data-end=\"4455\"><strong data-start=\"4329\" data-end=\"4377\">Q1: Mink\u00e4laisia pintoja voidaan k\u00e4sitell\u00e4?<\/strong><br data-start=\"4377\" data-end=\"4380\" \/>A: Litte\u00e4t, pallomaiset, asf\u00e4\u00e4riset, akselin ulkopuoliset asf\u00e4\u00e4riset ja vapaamuotoiset pinnat.<\/p>\n<p data-start=\"4457\" data-end=\"4557\"><strong data-start=\"4457\" data-end=\"4503\">Kysymys 2: Mik\u00e4 pinnan tarkkuus voidaan saavuttaa?<\/strong><br data-start=\"4503\" data-end=\"4506\" \/>A: RMS &lt; 10 nm, joka t\u00e4ytt\u00e4\u00e4 huippuluokan optiset standardit.<\/p>\n<p data-start=\"4559\" data-end=\"4658\"><strong data-start=\"4559\" data-end=\"4607\">Kysymys 3: Sopiiko j\u00e4rjestelm\u00e4 suurille optiikoille?<\/strong><br data-start=\"4607\" data-end=\"4610\" \/>V: Kyll\u00e4, se tukee halkaisijaltaan jopa seuraavia halkaisijoita <strong data-start=\"4646\" data-end=\"4657\">2000 mm<\/strong>.<\/p>\n<p data-start=\"4660\" data-end=\"4777\"><strong data-start=\"4660\" data-end=\"4710\">Q4: Tukeeko se erilaisia kiillotusty\u00f6kaluja?<\/strong><br data-start=\"4710\" data-end=\"4713\" \/>V: Kyll\u00e4, mukaan lukien ilmatyyny-, j\u00e4ykk\u00e4- ja py\u00f6r\u00e4tyyppiset kiillotusp\u00e4\u00e4t.<\/p>\n<p data-start=\"4779\" data-end=\"4886\"><strong data-start=\"4779\" data-end=\"4817\">Kysymys 5: Mitk\u00e4 toimialat hy\u00f6tyv\u00e4t eniten?<\/strong><br data-start=\"4817\" data-end=\"4820\" \/>V: Optiikka, ilmailu- ja avaruusala, puolijohdevalmistus ja autoteollisuus.<\/p>","protected":false},"excerpt":{"rendered":"<p>Robottikiillotuskone on eritt\u00e4in tarkka automaattinen j\u00e4rjestelm\u00e4, joka on suunniteltu suurten ja monimutkaisten optisten pintojen kiillotukseen. Se integroi 6-akselisen teollisuusrobottialustan (esim. <span class=\"hover:entity-accent entity-underline inline cursor-pointer align-baseline\"><span class=\"whitespace-normal\">KUKA<\/span><\/span>, <span class=\"hover:entity-accent entity-underline inline cursor-pointer align-baseline\"><span class=\"whitespace-normal\">ABB<\/span><\/span>, tai <span class=\"hover:entity-accent entity-underline inline cursor-pointer align-baseline\"><span class=\"whitespace-normal\">St\u00e4ubli<\/span><\/span>), joissa on kehittyneet kiillotusmoduulit ja \u00e4lyk\u00e4s ohjausohjelmisto.<\/p>","protected":false},"featured_media":2207,"comment_status":"open","ping_status":"closed","template":"","meta":{"site-sidebar-layout":"default","site-content-layout":"","ast-site-content-layout":"default","site-content-style":"default","site-sidebar-style":"default","ast-global-header-display":"","ast-banner-title-visibility":"","ast-main-header-display":"","ast-hfb-above-header-display":"","ast-hfb-below-header-display":"","ast-hfb-mobile-header-display":"","site-post-title":"","ast-breadcrumbs-content":"","ast-featured-img":"","footer-sml-layout":"","ast-disable-related-posts":"","theme-transparent-header-meta":"default","adv-header-id-meta":"","stick-header-meta":"default","header-above-stick-meta":"","header-main-stick-meta":"","header-below-stick-meta":"","astra-migrate-meta-layouts":"set","ast-page-background-enabled":"default","ast-page-background-meta":{"desktop":{"background-color":"var(--ast-global-color-4)","background-image":"","background-repeat":"repeat","background-position":"center center","background-size":"auto","background-attachment":"scroll","background-type":"","background-media":"","overlay-type":"","overlay-color":"","overlay-opacity":"","overlay-gradient":""},"tablet":{"background-color":"","background-image":"","background-repeat":"repeat","background-position":"center center","background-size":"auto","background-attachment":"scroll","background-type":"","background-media":"","overlay-type":"","overlay-color":"","overlay-opacity":"","overlay-gradient":""},"mobile":{"background-color":"","background-image":"","background-repeat":"repeat","background-position":"center center","background-size":"auto","background-attachment":"scroll","background-type":"","background-media":"","overlay-type":"","overlay-color":"","overlay-opacity":"","overlay-gradient":""}},"ast-content-background-meta":{"desktop":{"background-color":"var(--ast-global-color-5)","background-image":"","background-repeat":"repeat","background-position":"center center","background-size":"auto","background-attachment":"scroll","background-type":"","background-media":"","overlay-type":"","overlay-color":"","overlay-opacity":"","overlay-gradient":""},"tablet":{"background-color":"var(--ast-global-color-5)","background-image":"","background-repeat":"repeat","background-position":"center center","background-size":"auto","background-attachment":"scroll","background-type":"","background-media":"","overlay-type":"","overlay-color":"","overlay-opacity":"","overlay-gradient":""},"mobile":{"background-color":"var(--ast-global-color-5)","background-image":"","background-repeat":"repeat","background-position":"center center","background-size":"auto","background-attachment":"scroll","background-type":"","background-media":"","overlay-type":"","overlay-color":"","overlay-opacity":"","overlay-gradient":""}}},"product_brand":[],"product_cat":[725],"product_tag":[977,979,983,976,980,981,975,978,982,974],"class_list":{"0":"post-2203","1":"product","2":"type-product","3":"status-publish","4":"has-post-thumbnail","6":"product_cat-polishing-machine","7":"product_tag-6-axis-robot-polishing","8":"product_tag-aspheric-polishing-machine","9":"product_tag-automated-polishing-machine","10":"product_tag-cnc-polishing-machine","11":"product_tag-freeform-optics-polishing","12":"product_tag-mirror-polishing-equipment","13":"product_tag-optical-polishing-system","14":"product_tag-optical-surface-finishing","15":"product_tag-precision-polishing-system","16":"product_tag-robot-polishing-machine","17":"desktop-align-left","18":"tablet-align-left","19":"mobile-align-left","20":"ast-product-gallery-layout-horizontal-slider","21":"ast-product-tabs-layout-horizontal","23":"first","24":"instock","25":"shipping-taxable","26":"product-type-simple"},"_links":{"self":[{"href":"https:\/\/www.zmsh-semitech.com\/fi\/wp-json\/wp\/v2\/product\/2203","targetHints":{"allow":["GET"]}}],"collection":[{"href":"https:\/\/www.zmsh-semitech.com\/fi\/wp-json\/wp\/v2\/product"}],"about":[{"href":"https:\/\/www.zmsh-semitech.com\/fi\/wp-json\/wp\/v2\/types\/product"}],"replies":[{"embeddable":true,"href":"https:\/\/www.zmsh-semitech.com\/fi\/wp-json\/wp\/v2\/comments?post=2203"}],"version-history":[{"count":2,"href":"https:\/\/www.zmsh-semitech.com\/fi\/wp-json\/wp\/v2\/product\/2203\/revisions"}],"predecessor-version":[{"id":2210,"href":"https:\/\/www.zmsh-semitech.com\/fi\/wp-json\/wp\/v2\/product\/2203\/revisions\/2210"}],"wp:featuredmedia":[{"embeddable":true,"href":"https:\/\/www.zmsh-semitech.com\/fi\/wp-json\/wp\/v2\/media\/2207"}],"wp:attachment":[{"href":"https:\/\/www.zmsh-semitech.com\/fi\/wp-json\/wp\/v2\/media?parent=2203"}],"wp:term":[{"taxonomy":"product_brand","embeddable":true,"href":"https:\/\/www.zmsh-semitech.com\/fi\/wp-json\/wp\/v2\/product_brand?post=2203"},{"taxonomy":"product_cat","embeddable":true,"href":"https:\/\/www.zmsh-semitech.com\/fi\/wp-json\/wp\/v2\/product_cat?post=2203"},{"taxonomy":"product_tag","embeddable":true,"href":"https:\/\/www.zmsh-semitech.com\/fi\/wp-json\/wp\/v2\/product_tag?post=2203"}],"curies":[{"name":"wp","href":"https:\/\/api.w.org\/{rel}","templated":true}]}}