{"id":2196,"date":"2026-04-14T06:34:45","date_gmt":"2026-04-14T06:34:45","guid":{"rendered":"https:\/\/www.zmsh-semitech.com\/?post_type=product&#038;p=2196"},"modified":"2026-04-14T06:34:48","modified_gmt":"2026-04-14T06:34:48","slug":"2-inch-6h-n-silicon-carbide-wafer","status":"publish","type":"product","link":"https:\/\/www.zmsh-semitech.com\/fi\/product\/2-inch-6h-n-silicon-carbide-wafer\/","title":{"rendered":"2-tuumainen 6H-N piikarbidikiekko"},"content":{"rendered":"<p data-start=\"963\" data-end=\"1235\"><img fetchpriority=\"high\" decoding=\"async\" class=\"alignright wp-image-2200 size-medium\" src=\"https:\/\/www.zmsh-semitech.com\/wp-content\/uploads\/2026\/04\/2-Inch-6H-N-Silicon-Carbide-Wafer-4-300x300.jpg\" alt=\"2-tuumainen 6H-N piikarbidikiekko\" width=\"300\" height=\"300\" srcset=\"https:\/\/www.zmsh-semitech.com\/wp-content\/uploads\/2026\/04\/2-Inch-6H-N-Silicon-Carbide-Wafer-4-300x300.jpg 300w, https:\/\/www.zmsh-semitech.com\/wp-content\/uploads\/2026\/04\/2-Inch-6H-N-Silicon-Carbide-Wafer-4-150x150.jpg 150w, https:\/\/www.zmsh-semitech.com\/wp-content\/uploads\/2026\/04\/2-Inch-6H-N-Silicon-Carbide-Wafer-4-12x12.jpg 12w, https:\/\/www.zmsh-semitech.com\/wp-content\/uploads\/2026\/04\/2-Inch-6H-N-Silicon-Carbide-Wafer-4-600x600.jpg 600w, https:\/\/www.zmsh-semitech.com\/wp-content\/uploads\/2026\/04\/2-Inch-6H-N-Silicon-Carbide-Wafer-4-100x100.jpg 100w, https:\/\/www.zmsh-semitech.com\/wp-content\/uploads\/2026\/04\/2-Inch-6H-N-Silicon-Carbide-Wafer-4.jpg 768w\" sizes=\"(max-width: 300px) 100vw, 300px\" \/>2 tuuman 6H-N piikarbidikiekko on yksikiteinen substraatti, joka on suunniteltu sek\u00e4 tutkimus- ett\u00e4 laitetason sovelluksiin. 6H-polytyypiss\u00e4 on kuusikulmainen kiderakenne, joka tarjoaa vakaan s\u00e4hk\u00f6njohtavuuden ja hyv\u00e4n l\u00e4mp\u00f6suorituskyvyn vaativissa olosuhteissa.<\/p>\n<p data-start=\"1237\" data-end=\"1566\">Koska 6H-SiC:n kaistanleveys on noin 3,02 eV, se mahdollistaa toiminnan ymp\u00e4rist\u00f6iss\u00e4, joissa perinteiset piimateriaalit eiv\u00e4t toimi, erityisesti korkeaj\u00e4nnitteisiss\u00e4, korkeal\u00e4mp\u00f6tilaisissa ja korkeataajuisissa olosuhteissa. T\u00e4m\u00e4n vuoksi se soveltuu varhaisvaiheen laitteiden prototyyppien valmistukseen, materiaalien testaukseen ja elektronisten erikoiskomponenttien valmistukseen.<\/p>\n<p data-start=\"1568\" data-end=\"1831\">ZMSH SiC -kiekot valmistetaan k\u00e4ytt\u00e4m\u00e4ll\u00e4 kontrolloituja kiteenkasvatustekniikoita, joilla varmistetaan tasainen resistiivisyys, alhainen vikatiheys ja korkea pinnanlaatu. N\u00e4m\u00e4 parametrit ovat ratkaisevia, jotta voidaan varmistaa toistettavat koetulokset ja laitteen vakaa suorituskyky.<\/p>\n<h2 data-section-id=\"1ma7m6t\" data-start=\"1838\" data-end=\"1853\">T\u00e4rkeimm\u00e4t ominaisuudet<\/h2>\n<h3 data-section-id=\"vnr6ly\" data-start=\"1855\" data-end=\"1886\">N-tyypin johtava rakenne<\/h3>\n<p data-start=\"1887\" data-end=\"2053\">Kiekko on seostettu N-tyyppiseksi, mik\u00e4 tarjoaa vakaat elektronijohtoreitit, jotka soveltuvat puolijohdekomponenttien valmistukseen ja s\u00e4hk\u00f6isiin karakterisointikokeisiin.<\/p>\n<h3 data-section-id=\"11p7cxy\" data-start=\"2055\" data-end=\"2094\">Laaja kaistal\u00e4pimittainen puolijohdemateriaali<\/h3>\n<p data-start=\"2095\" data-end=\"2265\">SiC:n kaistanleveys on ~3,02 eV, ja se tukee huomattavasti suurempaa s\u00e4hk\u00f6kent\u00e4n voimakkuutta kuin pii, mik\u00e4 mahdollistaa korkeaj\u00e4nnitek\u00e4yt\u00f6n ja paremman laitehy\u00f6tysuhteen.<\/p>\n<h3 data-section-id=\"e3yx30\" data-start=\"2267\" data-end=\"2296\">Korkea l\u00e4mm\u00f6njohtavuus<\/h3>\n<p data-start=\"2297\" data-end=\"2499\">SiC:ll\u00e4 on erinomainen l\u00e4mm\u00f6njohtavuus, mik\u00e4 mahdollistaa tehokkaan l\u00e4mm\u00f6npoiston aktiivisilta laitealueilta. T\u00e4m\u00e4 parantaa laitteen luotettavuutta ja pident\u00e4\u00e4 k\u00e4ytt\u00f6ik\u00e4\u00e4 suuritehoisissa sovelluksissa.<\/p>\n<h3 data-section-id=\"1wy3za\" data-start=\"2501\" data-end=\"2529\">Korkea mekaaninen lujuus<\/h3>\n<p data-start=\"2530\" data-end=\"2685\">SiC-kiekot, joiden Mohsin kovuus on noin 9,2, kest\u00e4v\u00e4t hyvin mekaanisia vaurioita, pinnan kulumista ja valmistuksen aikaista rasitusta.<\/p>\n<h3 data-section-id=\"1q1cz8k\" data-start=\"2687\" data-end=\"2720\">Korkea hajoamiss\u00e4hk\u00f6kentt\u00e4<\/h3>\n<p data-start=\"2721\" data-end=\"2879\">Korkea l\u00e4pily\u00f6ntikent\u00e4n voimakkuus mahdollistaa kompaktit laiterakenteet s\u00e4ilytt\u00e4en samalla korkean j\u00e4nnitteen sietokyvyn, joten SiC on ihanteellinen kehittyneeseen tehoelektroniikkaan.<\/p>\n<h2 data-section-id=\"1cgu054\" data-start=\"2886\" data-end=\"2913\">Tekniset tiedot<\/h2>\n<div class=\"TyagGW_tableContainer\">\n<div class=\"group TyagGW_tableWrapper flex flex-col-reverse w-fit\" tabindex=\"-1\">\n<table class=\"w-fit min-w-(--thread-content-width)\" data-start=\"2915\" data-end=\"3396\">\n<thead data-start=\"2915\" data-end=\"2944\">\n<tr data-start=\"2915\" data-end=\"2944\">\n<th class=\"\" data-start=\"2915\" data-end=\"2927\" data-col-size=\"sm\">Parametri<\/th>\n<th class=\"\" data-start=\"2927\" data-end=\"2944\" data-col-size=\"sm\">Tekniset tiedot<\/th>\n<\/tr>\n<\/thead>\n<tbody data-start=\"2974\" data-end=\"3396\">\n<tr data-start=\"2974\" data-end=\"3019\">\n<td data-start=\"2974\" data-end=\"2985\" data-col-size=\"sm\">Materiaali<\/td>\n<td data-start=\"2985\" data-end=\"3019\" data-col-size=\"sm\">Yksikiteinen piikarbidi<\/td>\n<\/tr>\n<tr data-start=\"3020\" data-end=\"3036\">\n<td data-start=\"3020\" data-end=\"3028\" data-col-size=\"sm\">Merkki<\/td>\n<td data-col-size=\"sm\" data-start=\"3028\" data-end=\"3036\">ZMSH<\/td>\n<\/tr>\n<tr data-start=\"3037\" data-end=\"3056\">\n<td data-start=\"3037\" data-end=\"3048\" data-col-size=\"sm\">Polytype<\/td>\n<td data-start=\"3048\" data-end=\"3056\" data-col-size=\"sm\">6H-N<\/td>\n<\/tr>\n<tr data-start=\"3057\" data-end=\"3088\">\n<td data-start=\"3057\" data-end=\"3068\" data-col-size=\"sm\">Halkaisija<\/td>\n<td data-start=\"3068\" data-end=\"3088\" data-col-size=\"sm\">2 tuumaa (50,8 mm)<\/td>\n<\/tr>\n<tr data-start=\"3089\" data-end=\"3120\">\n<td data-start=\"3089\" data-end=\"3101\" data-col-size=\"sm\">Paksuus<\/td>\n<td data-col-size=\"sm\" data-start=\"3101\" data-end=\"3120\">350 \u03bcm \/ 650 \u03bcm<\/td>\n<\/tr>\n<tr data-start=\"3121\" data-end=\"3151\">\n<td data-start=\"3121\" data-end=\"3141\" data-col-size=\"sm\">Johtavuus Tyyppi<\/td>\n<td data-start=\"3141\" data-end=\"3151\" data-col-size=\"sm\">N-tyyppi<\/td>\n<\/tr>\n<tr data-start=\"3152\" data-end=\"3193\">\n<td data-start=\"3152\" data-end=\"3169\" data-col-size=\"sm\">Pinnan viimeistely<\/td>\n<td data-start=\"3169\" data-end=\"3193\" data-col-size=\"sm\">CMP Kiillotettu Si-pinta<\/td>\n<\/tr>\n<tr data-start=\"3194\" data-end=\"3236\">\n<td data-start=\"3194\" data-end=\"3213\" data-col-size=\"sm\">C-kasvojen hoito<\/td>\n<td data-col-size=\"sm\" data-start=\"3213\" data-end=\"3236\">Mekaaninen kiillotettu<\/td>\n<\/tr>\n<tr data-start=\"3237\" data-end=\"3282\">\n<td data-start=\"3237\" data-end=\"3257\" data-col-size=\"sm\">Pinnan karheus<\/td>\n<td data-start=\"3257\" data-end=\"3282\" data-col-size=\"sm\">Ra &lt; 0,2 nm (Si-pinta)<\/td>\n<\/tr>\n<tr data-start=\"3283\" data-end=\"3319\">\n<td data-start=\"3283\" data-end=\"3297\" data-col-size=\"sm\">Resistiivisyys<\/td>\n<td data-start=\"3297\" data-end=\"3319\" data-col-size=\"sm\">0,015 - 0,028 \u03a9-cm<\/td>\n<\/tr>\n<tr data-start=\"3320\" data-end=\"3357\">\n<td data-start=\"3320\" data-end=\"3328\" data-col-size=\"sm\">V\u00e4ri<\/td>\n<td data-start=\"3328\" data-end=\"3357\" data-col-size=\"sm\">L\u00e4pin\u00e4kyv\u00e4 \/ vaaleanvihre\u00e4<\/td>\n<\/tr>\n<tr data-start=\"3358\" data-end=\"3396\">\n<td data-start=\"3358\" data-end=\"3370\" data-col-size=\"sm\">Pakkaus<\/td>\n<td data-col-size=\"sm\" data-start=\"3370\" data-end=\"3396\">Yhden kiekon s\u00e4ili\u00f6<\/td>\n<\/tr>\n<\/tbody>\n<\/table>\n<\/div>\n<\/div>\n<h2 data-section-id=\"1n7fwp8\" data-start=\"3403\" data-end=\"3435\">6H-SiC:n materiaaliominaisuudet<\/h2>\n<div class=\"TyagGW_tableContainer\">\n<div class=\"group TyagGW_tableWrapper flex flex-col-reverse w-fit\" tabindex=\"-1\">\n<table class=\"w-fit min-w-(--thread-content-width)\" data-start=\"3437\" data-end=\"3869\">\n<thead data-start=\"3437\" data-end=\"3457\">\n<tr data-start=\"3437\" data-end=\"3457\">\n<th class=\"\" data-start=\"3437\" data-end=\"3448\" data-col-size=\"sm\">Kiinteist\u00f6<\/th>\n<th class=\"\" data-start=\"3448\" data-end=\"3457\" data-col-size=\"sm\">Arvo<\/th>\n<\/tr>\n<\/thead>\n<tbody data-start=\"3478\" data-end=\"3869\">\n<tr data-start=\"3478\" data-end=\"3528\">\n<td data-start=\"3478\" data-end=\"3499\" data-col-size=\"sm\">Ristikon parametrit<\/td>\n<td data-col-size=\"sm\" data-start=\"3499\" data-end=\"3528\">a = 3,073 \u00c5, c = 15,117 \u00c5.<\/td>\n<\/tr>\n<tr data-start=\"3529\" data-end=\"3554\">\n<td data-start=\"3529\" data-end=\"3545\" data-col-size=\"sm\">Mohsin kovuus<\/td>\n<td data-start=\"3545\" data-end=\"3554\" data-col-size=\"sm\">\u2248 9.2<\/td>\n<\/tr>\n<tr data-start=\"3555\" data-end=\"3579\">\n<td data-start=\"3555\" data-end=\"3565\" data-col-size=\"sm\">Tiheys<\/td>\n<td data-start=\"3565\" data-end=\"3579\" data-col-size=\"sm\">3,21 g\/cm\u00b3<\/td>\n<\/tr>\n<tr data-start=\"3580\" data-end=\"3628\">\n<td data-start=\"3580\" data-end=\"3612\" data-col-size=\"sm\">L\u00e4mp\u00f6laajenemiskerroin<\/td>\n<td data-col-size=\"sm\" data-start=\"3612\" data-end=\"3628\">4-5 \u00d710-\u2076 \/K<\/td>\n<\/tr>\n<tr data-start=\"3629\" data-end=\"3681\">\n<td data-start=\"3629\" data-end=\"3657\" data-col-size=\"sm\">Taitekerroin (750 nm)<\/td>\n<td data-col-size=\"sm\" data-start=\"3657\" data-end=\"3681\">n\u2080 = 2,60, n\u2091 = 2,65.<\/td>\n<\/tr>\n<tr data-start=\"3682\" data-end=\"3714\">\n<td data-start=\"3682\" data-end=\"3704\" data-col-size=\"sm\">Dielektrinen vakio<\/td>\n<td data-col-size=\"sm\" data-start=\"3704\" data-end=\"3714\">\u2248 9.66<\/td>\n<\/tr>\n<tr data-start=\"3715\" data-end=\"3757\">\n<td data-start=\"3715\" data-end=\"3738\" data-col-size=\"sm\">L\u00e4mm\u00f6njohtavuus<\/td>\n<td data-col-size=\"sm\" data-start=\"3738\" data-end=\"3757\">~3,7-3,9 W\/cm-K<\/td>\n<\/tr>\n<tr data-start=\"3758\" data-end=\"3779\">\n<td data-start=\"3758\" data-end=\"3768\" data-col-size=\"sm\">Bandgap<\/td>\n<td data-col-size=\"sm\" data-start=\"3768\" data-end=\"3779\">3,02 eV<\/td>\n<\/tr>\n<tr data-start=\"3780\" data-end=\"3824\">\n<td data-start=\"3780\" data-end=\"3807\" data-col-size=\"sm\">S\u00e4hk\u00f6kent\u00e4n hajoaminen<\/td>\n<td data-start=\"3807\" data-end=\"3824\" data-col-size=\"sm\">3-5 \u00d710\u2076 V\/cm<\/td>\n<\/tr>\n<tr data-start=\"3825\" data-end=\"3869\">\n<td data-start=\"3825\" data-end=\"3853\" data-col-size=\"sm\">Kyll\u00e4stymisen ajautumisnopeus<\/td>\n<td data-start=\"3853\" data-end=\"3869\" data-col-size=\"sm\">2,0 \u00d710\u2075 m\/s<\/td>\n<\/tr>\n<\/tbody>\n<\/table>\n<\/div>\n<\/div>\n<p data-start=\"3871\" data-end=\"4019\">N\u00e4iden luontaisten fysikaalisten ominaisuuksien ansiosta 6H-SiC soveltuu sovelluksiin, jotka vaativat vakaata suorituskyky\u00e4 \u00e4\u00e4rimm\u00e4isiss\u00e4 s\u00e4hk\u00f6- ja l\u00e4mp\u00f6olosuhteissa.<\/p>\n<h2 data-section-id=\"2gad1q\" data-start=\"4026\" data-end=\"4050\"><img decoding=\"async\" class=\"alignright wp-image-2199 size-medium\" src=\"https:\/\/www.zmsh-semitech.com\/wp-content\/uploads\/2026\/04\/2-Inch-6H-N-Silicon-Carbide-Wafer-3-300x300.jpg\" alt=\"2-tuumainen 6H-N piikarbidikiekko\" width=\"300\" height=\"300\" srcset=\"https:\/\/www.zmsh-semitech.com\/wp-content\/uploads\/2026\/04\/2-Inch-6H-N-Silicon-Carbide-Wafer-3-300x300.jpg 300w, https:\/\/www.zmsh-semitech.com\/wp-content\/uploads\/2026\/04\/2-Inch-6H-N-Silicon-Carbide-Wafer-3-150x150.jpg 150w, https:\/\/www.zmsh-semitech.com\/wp-content\/uploads\/2026\/04\/2-Inch-6H-N-Silicon-Carbide-Wafer-3-12x12.jpg 12w, https:\/\/www.zmsh-semitech.com\/wp-content\/uploads\/2026\/04\/2-Inch-6H-N-Silicon-Carbide-Wafer-3-600x600.jpg 600w, https:\/\/www.zmsh-semitech.com\/wp-content\/uploads\/2026\/04\/2-Inch-6H-N-Silicon-Carbide-Wafer-3-100x100.jpg 100w, https:\/\/www.zmsh-semitech.com\/wp-content\/uploads\/2026\/04\/2-Inch-6H-N-Silicon-Carbide-Wafer-3.jpg 768w\" sizes=\"(max-width: 300px) 100vw, 300px\" \/>Valmistusprosessi<\/h2>\n<p data-start=\"4052\" data-end=\"4228\">SiC-monikiteiset kiekot valmistetaan tyypillisesti k\u00e4ytt\u00e4m\u00e4ll\u00e4 <strong data-start=\"4111\" data-end=\"4152\">Fysikaalinen h\u00f6yrynsiirtomenetelm\u00e4 (PVT)<\/strong>, joka on kyps\u00e4 teollinen prosessi laajakaistaisen puolijohdekiteen kasvattamiseen.<\/p>\n<p data-start=\"4230\" data-end=\"4588\">T\u00e4ss\u00e4 prosessissa eritt\u00e4in puhdas SiC-l\u00e4ht\u00f6materiaali sublimoidaan yli 2000 \u00b0C:n l\u00e4mp\u00f6tilassa. H\u00f6yryt kulkeutuvat tarkoin hallitun l\u00e4mp\u00f6gradientin l\u00e4pi ja kiteytyv\u00e4t uudelleen siemenkiteeseen muodostaen yksikideharkon (boule). Kasvatuksen j\u00e4lkeen kimpale jalostetaan kiekoiksi viipaloimalla, lappaamalla, kiillottamalla ja puhdistamalla.<\/p>\n<p data-start=\"4590\" data-end=\"4829\">Laitesovelluksia varten kiekkoihin voidaan tehd\u00e4 ylim\u00e4\u00e4r\u00e4isi\u00e4 <strong data-start=\"4645\" data-end=\"4697\">Kemiallinen h\u00f6yrypinnoitus (CVD) epitaksiaalinen kasvu<\/strong>, mik\u00e4 mahdollistaa dopingpitoisuuden ja kerroksen paksuuden tarkan hallinnan. T\u00e4m\u00e4 vaihe on v\u00e4ltt\u00e4m\u00e4t\u00f6n MOSFET- ja diodien valmistuksessa.<\/p>\n<h2 data-section-id=\"mu966k\" data-start=\"4836\" data-end=\"4851\">Sovellukset<\/h2>\n<h3 data-section-id=\"179s0bs\" data-start=\"4853\" data-end=\"4874\">Tehoelektroniikka<\/h3>\n<p data-start=\"4875\" data-end=\"5118\">2 tuuman 6H-N SiC-kiekkoja k\u00e4ytet\u00e4\u00e4n tehopuolijohdekomponenttien, kuten diodien, MOSFET-rakenteiden ja tehomoduulien kehitt\u00e4miseen ja prototyyppien valmistukseen. N\u00e4m\u00e4 laitteet ovat v\u00e4ltt\u00e4m\u00e4tt\u00f6mi\u00e4 energian muuntamisj\u00e4rjestelmiss\u00e4 ja tehonhallintapiireiss\u00e4.<\/p>\n<h3 data-section-id=\"1nehkbc\" data-start=\"5120\" data-end=\"5152\">Korkean l\u00e4mp\u00f6tilan elektroniikka<\/h3>\n<p data-start=\"5153\" data-end=\"5350\">SiC-materiaalit s\u00e4ilytt\u00e4v\u00e4t vakaan s\u00e4hk\u00f6isen suorituskyvyn korkeissa l\u00e4mp\u00f6tiloissa, joten ne soveltuvat ilmailu- ja avaruuselektroniikkaan, teollisuuden valvontaj\u00e4rjestelmiin ja energiainfrastruktuurisovelluksiin.<\/p>\n<h3 data-section-id=\"1a4n6oc\" data-start=\"5352\" data-end=\"5394\">Puolijohteiden tutkimus ja kehitt\u00e4minen<\/h3>\n<p data-start=\"5395\" data-end=\"5606\">Saatavuuden ja kustannustehokkuuden vuoksi 2 tuuman kiekkoja k\u00e4ytet\u00e4\u00e4n laajalti yliopistojen laboratorioissa, tutkimuslaitoksissa ja pilottituotantoymp\u00e4rist\u00f6iss\u00e4 materiaalitutkimuksiin ja laitekokeisiin.<\/p>\n<h3 data-section-id=\"ll3d0j\" data-start=\"5608\" data-end=\"5651\">Optoelektroniikka ja erityissovellukset<\/h3>\n<p data-start=\"5652\" data-end=\"5803\">SiC on my\u00f6s optisesti l\u00e4pin\u00e4kyv\u00e4 tietyill\u00e4 aallonpituusalueilla, mik\u00e4 mahdollistaa sen k\u00e4yt\u00f6n erikoistuneissa fotoniikan ja optoelektroniikan tutkimussovelluksissa.<\/p>\n<h2 data-section-id=\"1344z7h\" data-start=\"5810\" data-end=\"5823\">Edut<img decoding=\"async\" class=\"alignright wp-image-2198 size-medium\" src=\"https:\/\/www.zmsh-semitech.com\/wp-content\/uploads\/2026\/04\/2-Inch-6H-N-Silicon-Carbide-Wafer-2-300x300.jpg\" alt=\"2-tuumainen 6H-N piikarbidikiekko\" width=\"300\" height=\"300\" srcset=\"https:\/\/www.zmsh-semitech.com\/wp-content\/uploads\/2026\/04\/2-Inch-6H-N-Silicon-Carbide-Wafer-2-300x300.jpg 300w, https:\/\/www.zmsh-semitech.com\/wp-content\/uploads\/2026\/04\/2-Inch-6H-N-Silicon-Carbide-Wafer-2-150x150.jpg 150w, https:\/\/www.zmsh-semitech.com\/wp-content\/uploads\/2026\/04\/2-Inch-6H-N-Silicon-Carbide-Wafer-2-12x12.jpg 12w, https:\/\/www.zmsh-semitech.com\/wp-content\/uploads\/2026\/04\/2-Inch-6H-N-Silicon-Carbide-Wafer-2-600x600.jpg 600w, https:\/\/www.zmsh-semitech.com\/wp-content\/uploads\/2026\/04\/2-Inch-6H-N-Silicon-Carbide-Wafer-2-100x100.jpg 100w, https:\/\/www.zmsh-semitech.com\/wp-content\/uploads\/2026\/04\/2-Inch-6H-N-Silicon-Carbide-Wafer-2.jpg 680w\" sizes=\"(max-width: 300px) 100vw, 300px\" \/><\/h2>\n<p data-start=\"5825\" data-end=\"5912\">2 tuuman SiC-kiekkoalusta tarjoaa useita etuja tutkimukselle ja kehitykselle:<\/p>\n<ul data-start=\"5914\" data-end=\"6173\">\n<li data-section-id=\"1yf7wqu\" data-start=\"5914\" data-end=\"5959\">Pienemm\u00e4t kustannukset verrattuna suurempiin kiekkokokoihin<\/li>\n<li data-section-id=\"11d9i41\" data-start=\"5960\" data-end=\"6012\">Helpompi k\u00e4sittely laboratoriomittakaavan kokeissa<\/li>\n<li data-section-id=\"14o6up\" data-start=\"6013\" data-end=\"6067\">Soveltuu nopeaan prototyyppien rakentamiseen ja prosessien testaamiseen.<\/li>\n<li data-section-id=\"hisoip\" data-start=\"6068\" data-end=\"6119\">Vakaa kiteen laatu takaa toistettavat tulokset<\/li>\n<li data-section-id=\"15p5ai3\" data-start=\"6120\" data-end=\"6173\">Joustavat r\u00e4\u00e4t\u00e4l\u00f6intivaihtoehdot tutkimustarpeisiin<\/li>\n<\/ul>\n<h2 data-section-id=\"1hryhf7\" data-start=\"6180\" data-end=\"6186\">FAQ<\/h2>\n<h3 data-section-id=\"15ecyhq\" data-start=\"6188\" data-end=\"6245\">Q1: Mik\u00e4 ero on 6H-SiC:n ja 4H-SiC:n v\u00e4lill\u00e4?<\/h3>\n<p data-start=\"6246\" data-end=\"6513\">6H-SiC ja 4H-SiC ovat eri kidepolytyyppej\u00e4. 4H-SiC tarjoaa yleens\u00e4 suuremman elektroniliikkuvuuden ja sit\u00e4 k\u00e4ytet\u00e4\u00e4n laajalti kaupallisissa teholaitteissa, kun taas 6H-SiC tarjoaa vakaan s\u00e4hk\u00f6isen k\u00e4ytt\u00e4ytymisen ja sit\u00e4 k\u00e4ytet\u00e4\u00e4n yleisesti tutkimuksessa ja erityisiss\u00e4 elektronisissa sovelluksissa.<\/p>\n<h3 data-section-id=\"12y4qe9\" data-start=\"6515\" data-end=\"6570\">Kysymys 2: Mit\u00e4 pintak\u00e4sittely\u00e4 kiekolle tehd\u00e4\u00e4n?<\/h3>\n<p data-start=\"6571\" data-end=\"6773\">Si-pinta kiillotetaan kemiallisella mekaanisella kiillotuksella (CMP) eritt\u00e4in sile\u00e4n pinnanlaadun saavuttamiseksi (Ra &lt; 0,2 nm). C-pinta kiillotetaan mekaanisesti erilaisten k\u00e4sittelyvaatimusten tukemiseksi.<\/p>\n<h3 data-section-id=\"kxekf6\" data-start=\"6775\" data-end=\"6822\">Q3: Voiko kiekkom\u00e4\u00e4rityksi\u00e4 r\u00e4\u00e4t\u00e4l\u00f6id\u00e4?<\/h3>\n<p data-start=\"6823\" data-end=\"6985\">Kyll\u00e4. ZMSH tarjoaa r\u00e4\u00e4t\u00e4l\u00f6intivaihtoehtoja, mukaan lukien paksuus, seostuskonsentraatio, resistiivisyysalue ja pintak\u00e4sittely asiakkaan vaatimusten mukaisesti.<\/p>","protected":false},"excerpt":{"rendered":"<p>ZMSH tarjoaa korkealaatuisia 2 tuuman 6H-N piikarbidikiekkoja (SiC), jotka on suunniteltu puolijohdetutkimukseen, tehoelektroniikan kehitt\u00e4miseen ja tehokkaiden elektronisten laitteiden valmistukseen. Piikarbidi on laajan kaistanleveyden omaava puolijohdemateriaali, jolla on paremmat s\u00e4hk\u00f6iset, l\u00e4mp\u00f6- ja mekaaniset ominaisuudet kuin tavanomaisilla piisubstraateilla (Si).<\/p>","protected":false},"featured_media":2197,"comment_status":"open","ping_status":"closed","template":"","meta":{"site-sidebar-layout":"default","site-content-layout":"","ast-site-content-layout":"default","site-content-style":"default","site-sidebar-style":"default","ast-global-header-display":"","ast-banner-title-visibility":"","ast-main-header-display":"","ast-hfb-above-header-display":"","ast-hfb-below-header-display":"","ast-hfb-mobile-header-display":"","site-post-title":"","ast-breadcrumbs-content":"","ast-featured-img":"","footer-sml-layout":"","ast-disable-related-posts":"","theme-transparent-header-meta":"default","adv-header-id-meta":"","stick-header-meta":"default","header-above-stick-meta":"","header-main-stick-meta":"","header-below-stick-meta":"","astra-migrate-meta-layouts":"set","ast-page-background-enabled":"default","ast-page-background-meta":{"desktop":{"background-color":"var(--ast-global-color-4)","background-image":"","background-repeat":"repeat","background-position":"center center","background-size":"auto","background-attachment":"scroll","background-type":"","background-media":"","overlay-type":"","overlay-color":"","overlay-opacity":"","overlay-gradient":""},"tablet":{"background-color":"","background-image":"","background-repeat":"repeat","background-position":"center center","background-size":"auto","background-attachment":"scroll","background-type":"","background-media":"","overlay-type":"","overlay-color":"","overlay-opacity":"","overlay-gradient":""},"mobile":{"background-color":"","background-image":"","background-repeat":"repeat","background-position":"center center","background-size":"auto","background-attachment":"scroll","background-type":"","background-media":"","overlay-type":"","overlay-color":"","overlay-opacity":"","overlay-gradient":""}},"ast-content-background-meta":{"desktop":{"background-color":"var(--ast-global-color-5)","background-image":"","background-repeat":"repeat","background-position":"center center","background-size":"auto","background-attachment":"scroll","background-type":"","background-media":"","overlay-type":"","overlay-color":"","overlay-opacity":"","overlay-gradient":""},"tablet":{"background-color":"var(--ast-global-color-5)","background-image":"","background-repeat":"repeat","background-position":"center center","background-size":"auto","background-attachment":"scroll","background-type":"","background-media":"","overlay-type":"","overlay-color":"","overlay-opacity":"","overlay-gradient":""},"mobile":{"background-color":"var(--ast-global-color-5)","background-image":"","background-repeat":"repeat","background-position":"center center","background-size":"auto","background-attachment":"scroll","background-type":"","background-media":"","overlay-type":"","overlay-color":"","overlay-opacity":"","overlay-gradient":""}}},"product_brand":[],"product_cat":[729],"product_tag":[966,970,971,967,969,931,972,968,951,950,927,692,973],"class_list":{"0":"post-2196","1":"product","2":"type-product","3":"status-publish","4":"has-post-thumbnail","6":"product_cat-wafer","7":"product_tag-2-inch-sic-wafer","8":"product_tag-350m-sic-wafer","9":"product_tag-650m-sic-wafer","10":"product_tag-6h-n-sic-substrate","11":"product_tag-cmp-polished-sic-wafer","12":"product_tag-n-type-sic-wafer","13":"product_tag-power-electronics-substrate","14":"product_tag-sic-single-crystal-wafer","15":"product_tag-sic-wafer-manufacturer","16":"product_tag-sic-wafer-supplier","17":"product_tag-silicon-carbide-wafer","18":"product_tag-wide-bandgap-semiconductor","19":"product_tag-zmsh-sic-wafer","20":"desktop-align-left","21":"tablet-align-left","22":"mobile-align-left","23":"ast-product-gallery-layout-horizontal-slider","24":"ast-product-tabs-layout-horizontal","26":"first","27":"instock","28":"shipping-taxable","29":"product-type-simple"},"_links":{"self":[{"href":"https:\/\/www.zmsh-semitech.com\/fi\/wp-json\/wp\/v2\/product\/2196","targetHints":{"allow":["GET"]}}],"collection":[{"href":"https:\/\/www.zmsh-semitech.com\/fi\/wp-json\/wp\/v2\/product"}],"about":[{"href":"https:\/\/www.zmsh-semitech.com\/fi\/wp-json\/wp\/v2\/types\/product"}],"replies":[{"embeddable":true,"href":"https:\/\/www.zmsh-semitech.com\/fi\/wp-json\/wp\/v2\/comments?post=2196"}],"version-history":[{"count":2,"href":"https:\/\/www.zmsh-semitech.com\/fi\/wp-json\/wp\/v2\/product\/2196\/revisions"}],"predecessor-version":[{"id":2202,"href":"https:\/\/www.zmsh-semitech.com\/fi\/wp-json\/wp\/v2\/product\/2196\/revisions\/2202"}],"wp:featuredmedia":[{"embeddable":true,"href":"https:\/\/www.zmsh-semitech.com\/fi\/wp-json\/wp\/v2\/media\/2197"}],"wp:attachment":[{"href":"https:\/\/www.zmsh-semitech.com\/fi\/wp-json\/wp\/v2\/media?parent=2196"}],"wp:term":[{"taxonomy":"product_brand","embeddable":true,"href":"https:\/\/www.zmsh-semitech.com\/fi\/wp-json\/wp\/v2\/product_brand?post=2196"},{"taxonomy":"product_cat","embeddable":true,"href":"https:\/\/www.zmsh-semitech.com\/fi\/wp-json\/wp\/v2\/product_cat?post=2196"},{"taxonomy":"product_tag","embeddable":true,"href":"https:\/\/www.zmsh-semitech.com\/fi\/wp-json\/wp\/v2\/product_tag?post=2196"}],"curies":[{"name":"wp","href":"https:\/\/api.w.org\/{rel}","templated":true}]}}