{"id":2183,"date":"2026-04-14T05:20:25","date_gmt":"2026-04-14T05:20:25","guid":{"rendered":"https:\/\/www.zmsh-semitech.com\/?post_type=product&#038;p=2183"},"modified":"2026-04-14T05:20:28","modified_gmt":"2026-04-14T05:20:28","slug":"8-inch-sic-epitaxial-wafer","status":"publish","type":"product","link":"https:\/\/www.zmsh-semitech.com\/fi\/product\/8-inch-sic-epitaxial-wafer\/","title":{"rendered":"8 tuuman 200mm SiC epitaksiaalinen kiekko"},"content":{"rendered":"<p data-start=\"199\" data-end=\"476\"><img fetchpriority=\"high\" decoding=\"async\" class=\"alignright wp-image-2187 size-medium\" src=\"https:\/\/www.zmsh-semitech.com\/wp-content\/uploads\/2026\/04\/8_inch_sic_epitaxial_wafers_yield_and_efficiency_scalable_power_electronics-1-300x300.webp\" alt=\"8 tuuman 200mm SiC epitaksiaalinen kiekko\" width=\"300\" height=\"300\" srcset=\"https:\/\/www.zmsh-semitech.com\/wp-content\/uploads\/2026\/04\/8_inch_sic_epitaxial_wafers_yield_and_efficiency_scalable_power_electronics-1-300x300.webp 300w, https:\/\/www.zmsh-semitech.com\/wp-content\/uploads\/2026\/04\/8_inch_sic_epitaxial_wafers_yield_and_efficiency_scalable_power_electronics-1-150x150.webp 150w, https:\/\/www.zmsh-semitech.com\/wp-content\/uploads\/2026\/04\/8_inch_sic_epitaxial_wafers_yield_and_efficiency_scalable_power_electronics-1-12x12.webp 12w, https:\/\/www.zmsh-semitech.com\/wp-content\/uploads\/2026\/04\/8_inch_sic_epitaxial_wafers_yield_and_efficiency_scalable_power_electronics-1-100x100.webp 100w, https:\/\/www.zmsh-semitech.com\/wp-content\/uploads\/2026\/04\/8_inch_sic_epitaxial_wafers_yield_and_efficiency_scalable_power_electronics-1.webp 593w\" sizes=\"(max-width: 300px) 100vw, 300px\" \/>8 tuuman SiC-epitaksiaalikiekko edustaa viimeisint\u00e4 edistysaskelta laajakaistaisessa puolijohdeteknologiassa. T\u00e4m\u00e4 200 mm:n SiC-substraatille rakennettu tuote, jossa on korkealaatuinen epitaksikerros, on suunniteltu tukemaan skaalautuvaa, korkean hy\u00f6tysuhteen teholaitteiden valmistusta.<\/p>\n<p data-start=\"478\" data-end=\"759\">Verrattuna pienempiin kiekkokokoihin 8 tuuman SiC-kiekot kasvattavat merkitt\u00e4v\u00e4sti k\u00e4ytt\u00f6kelpoista pinta-alaa, mik\u00e4 mahdollistaa suuremman laitetuotannon kiekkoa kohti ja alentaa sirukustannuksia. T\u00e4m\u00e4 tekee niist\u00e4 ratkaisevan t\u00e4rke\u00e4n ratkaisun teollisuudelle, joka siirtyy piikarbiditeholaitteiden laajamittaiseen tuotantoon.<\/p>\n<p data-start=\"761\" data-end=\"1105\">SiC-epitaksiaalikiekkoissa yhdistyv\u00e4t piikarbidin luontaiset edut, kuten laaja kaistanleveys, suuri s\u00e4hk\u00f6kentt\u00e4 ja erinomainen l\u00e4mm\u00f6njohtavuus, sek\u00e4 tarkasti ohjatut epitaksiaalikerrokset, jotka on r\u00e4\u00e4t\u00e4l\u00f6ity laitteiden valmistusta varten. N\u00e4it\u00e4 kiekkoja k\u00e4ytet\u00e4\u00e4n laajalti seuraavan sukupolven MOSFETeiss\u00e4, Schottky-diodeissa ja integroiduissa tehomoduuleissa.<\/p>\n<p data-start=\"761\" data-end=\"1105\">\n<h2 data-section-id=\"rkota4\" data-start=\"1112\" data-end=\"1133\">T\u00e4rkeimm\u00e4t tekniset tiedot<\/h2>\n<div class=\"TyagGW_tableContainer\">\n<div class=\"group TyagGW_tableWrapper flex flex-col-reverse w-fit\" tabindex=\"-1\">\n<table class=\"w-fit min-w-(--thread-content-width)\" data-start=\"1135\" data-end=\"1545\">\n<thead data-start=\"1135\" data-end=\"1156\">\n<tr data-start=\"1135\" data-end=\"1156\">\n<th class=\"\" data-start=\"1135\" data-end=\"1147\" data-col-size=\"sm\">Parametri<\/th>\n<th class=\"\" data-start=\"1147\" data-end=\"1156\" data-col-size=\"sm\">Arvo<\/th>\n<\/tr>\n<\/thead>\n<tbody data-start=\"1177\" data-end=\"1545\">\n<tr data-start=\"1177\" data-end=\"1204\">\n<td data-start=\"1177\" data-end=\"1188\" data-col-size=\"sm\">Halkaisija<\/td>\n<td data-col-size=\"sm\" data-start=\"1188\" data-end=\"1204\">200 \u00b1 0,5 mm<\/td>\n<\/tr>\n<tr data-start=\"1205\" data-end=\"1226\">\n<td data-start=\"1205\" data-end=\"1216\" data-col-size=\"sm\">Polytype<\/td>\n<td data-col-size=\"sm\" data-start=\"1216\" data-end=\"1226\">4H-SiC<\/td>\n<\/tr>\n<tr data-start=\"1227\" data-end=\"1257\">\n<td data-start=\"1227\" data-end=\"1247\" data-col-size=\"sm\">Johtavuus Tyyppi<\/td>\n<td data-col-size=\"sm\" data-start=\"1247\" data-end=\"1257\">N-tyyppi<\/td>\n<\/tr>\n<tr data-start=\"1258\" data-end=\"1285\">\n<td data-start=\"1258\" data-end=\"1270\" data-col-size=\"sm\">Paksuus<\/td>\n<td data-col-size=\"sm\" data-start=\"1270\" data-end=\"1285\">700 \u00b1 50 \u03bcm<\/td>\n<\/tr>\n<tr data-start=\"1286\" data-end=\"1331\">\n<td data-start=\"1286\" data-end=\"1303\" data-col-size=\"sm\">Pinnan viimeistely<\/td>\n<td data-col-size=\"sm\" data-start=\"1303\" data-end=\"1331\">Kaksipuolinen CMP kiillotettu<\/td>\n<\/tr>\n<tr data-start=\"1332\" data-end=\"1369\">\n<td data-start=\"1332\" data-end=\"1346\" data-col-size=\"sm\">Orientaatio<\/td>\n<td data-col-size=\"sm\" data-start=\"1346\" data-end=\"1369\">4,0\u00b0 akselin ulkopuolinen \u00b10,5\u00b0.<\/td>\n<\/tr>\n<tr data-start=\"1370\" data-end=\"1408\">\n<td data-start=\"1370\" data-end=\"1378\" data-col-size=\"sm\">Notch<\/td>\n<td data-col-size=\"sm\" data-start=\"1378\" data-end=\"1408\">Vakio loven suuntaus<\/td>\n<\/tr>\n<tr data-start=\"1409\" data-end=\"1450\">\n<td data-start=\"1409\" data-end=\"1424\" data-col-size=\"sm\">Reunaprofiili<\/td>\n<td data-col-size=\"sm\" data-start=\"1424\" data-end=\"1450\">Viiste \/ py\u00f6ristetty reuna<\/td>\n<\/tr>\n<tr data-start=\"1451\" data-end=\"1494\">\n<td data-start=\"1451\" data-end=\"1471\" data-col-size=\"sm\">Pinnan karheus<\/td>\n<td data-col-size=\"sm\" data-start=\"1471\" data-end=\"1494\">Subnanometrin taso<\/td>\n<\/tr>\n<tr data-start=\"1495\" data-end=\"1545\">\n<td data-start=\"1495\" data-end=\"1507\" data-col-size=\"sm\">Pakkaus<\/td>\n<td data-col-size=\"sm\" data-start=\"1507\" data-end=\"1545\">Kasetti tai yhden kiekon s\u00e4ili\u00f6<\/td>\n<\/tr>\n<\/tbody>\n<\/table>\n<\/div>\n<\/div>\n<p data-start=\"1547\" data-end=\"1567\">Tyypillinen resistiivisyys:<\/p>\n<ul data-start=\"1568\" data-end=\"1627\">\n<li data-section-id=\"c0wp38\" data-start=\"1568\" data-end=\"1596\">N-tyyppi: 0,015-0,028 \u03a9-cm.<\/li>\n<li data-section-id=\"1a616df\" data-start=\"1597\" data-end=\"1627\">Puolierist\u00e4v\u00e4: \u22651E7 \u03a9-cm.<\/li>\n<\/ul>\n<p data-start=\"1629\" data-end=\"1646\">Saatavilla olevat arvosanat:<\/p>\n<ul data-start=\"1647\" data-end=\"1721\">\n<li data-section-id=\"1kj0dd2\" data-start=\"1647\" data-end=\"1665\">MPD-luokka nolla<\/li>\n<li data-section-id=\"e77vy6\" data-start=\"1666\" data-end=\"1686\">Tuotantoluokka<\/li>\n<li data-section-id=\"7brco4\" data-start=\"1687\" data-end=\"1705\">Tutkimusaste<\/li>\n<li data-section-id=\"1czp2d1\" data-start=\"1706\" data-end=\"1721\">Dummy-luokka<\/li>\n<\/ul>\n<h2 data-section-id=\"1c4zomd\" data-start=\"1728\" data-end=\"1759\"><img decoding=\"async\" class=\"alignright wp-image-2186 size-medium\" src=\"https:\/\/www.zmsh-semitech.com\/wp-content\/uploads\/2026\/04\/8_inch_sic_epitaxial_wafers_yield_and_efficiency_scalable_power_electronics2-300x300.webp\" alt=\"8 tuuman 200mm SiC epitaksiaalinen kiekko\" width=\"300\" height=\"300\" srcset=\"https:\/\/www.zmsh-semitech.com\/wp-content\/uploads\/2026\/04\/8_inch_sic_epitaxial_wafers_yield_and_efficiency_scalable_power_electronics2-300x300.webp 300w, https:\/\/www.zmsh-semitech.com\/wp-content\/uploads\/2026\/04\/8_inch_sic_epitaxial_wafers_yield_and_efficiency_scalable_power_electronics2-150x150.webp 150w, https:\/\/www.zmsh-semitech.com\/wp-content\/uploads\/2026\/04\/8_inch_sic_epitaxial_wafers_yield_and_efficiency_scalable_power_electronics2-768x768.webp 768w, https:\/\/www.zmsh-semitech.com\/wp-content\/uploads\/2026\/04\/8_inch_sic_epitaxial_wafers_yield_and_efficiency_scalable_power_electronics2-12x12.webp 12w, https:\/\/www.zmsh-semitech.com\/wp-content\/uploads\/2026\/04\/8_inch_sic_epitaxial_wafers_yield_and_efficiency_scalable_power_electronics2-600x600.webp 600w, https:\/\/www.zmsh-semitech.com\/wp-content\/uploads\/2026\/04\/8_inch_sic_epitaxial_wafers_yield_and_efficiency_scalable_power_electronics2-100x100.webp 100w, https:\/\/www.zmsh-semitech.com\/wp-content\/uploads\/2026\/04\/8_inch_sic_epitaxial_wafers_yield_and_efficiency_scalable_power_electronics2.webp 800w\" sizes=\"(max-width: 300px) 100vw, 300px\" \/>Epitaksikerroksen ominaisuudet<\/h2>\n<p data-start=\"1761\" data-end=\"1925\">Epitaksikerros kasvatetaan k\u00e4ytt\u00e4en kehittynytt\u00e4 kemiallista kaasufaasipinnoitustekniikkaa (CVD), joka mahdollistaa paksuuden, seostuspitoisuuden ja tasalaatuisuuden tarkan hallinnan.<\/p>\n<p data-start=\"1927\" data-end=\"1960\">Saatavilla oleva r\u00e4\u00e4t\u00e4l\u00f6inti sis\u00e4lt\u00e4\u00e4:<\/p>\n<ul data-start=\"1961\" data-end=\"2154\">\n<li data-section-id=\"1czjqdq\" data-start=\"1961\" data-end=\"1998\">N- tai P-tyypin epitaksikerrokset<\/li>\n<li data-section-id=\"m2ekyd\" data-start=\"1999\" data-end=\"2059\">S\u00e4\u00e4dett\u00e4v\u00e4 epi-paksuus erilaisille laiterakenteille<\/li>\n<li data-section-id=\"1n6931\" data-start=\"2060\" data-end=\"2109\">Tasaiset dopingprofiilit koko kiekon alueella<\/li>\n<li data-section-id=\"14l0kap\" data-start=\"2110\" data-end=\"2154\">Alhainen vikatiheys takaa korkean laitetuoton<\/li>\n<\/ul>\n<p data-start=\"2156\" data-end=\"2277\">Laadukas epitaksia on olennainen edellytys vakaan s\u00e4hk\u00f6isen suorituskyvyn ja pitk\u00e4aikaisen luotettavuuden saavuttamiseksi teholaitteissa.<\/p>\n<h2 data-section-id=\"2gad1q\" data-start=\"2284\" data-end=\"2308\"><img decoding=\"async\" class=\"alignright wp-image-2185 size-medium\" src=\"https:\/\/www.zmsh-semitech.com\/wp-content\/uploads\/2026\/04\/8_inch_sic_epitaxial_wafers_yield_and_efficiency_scalable_power_electronics3-300x300.webp\" alt=\"8 tuuman 200mm SiC epitaksiaalinen kiekko\" width=\"300\" height=\"300\" srcset=\"https:\/\/www.zmsh-semitech.com\/wp-content\/uploads\/2026\/04\/8_inch_sic_epitaxial_wafers_yield_and_efficiency_scalable_power_electronics3-300x300.webp 300w, https:\/\/www.zmsh-semitech.com\/wp-content\/uploads\/2026\/04\/8_inch_sic_epitaxial_wafers_yield_and_efficiency_scalable_power_electronics3-150x150.webp 150w, https:\/\/www.zmsh-semitech.com\/wp-content\/uploads\/2026\/04\/8_inch_sic_epitaxial_wafers_yield_and_efficiency_scalable_power_electronics3-768x768.webp 768w, https:\/\/www.zmsh-semitech.com\/wp-content\/uploads\/2026\/04\/8_inch_sic_epitaxial_wafers_yield_and_efficiency_scalable_power_electronics3-12x12.webp 12w, https:\/\/www.zmsh-semitech.com\/wp-content\/uploads\/2026\/04\/8_inch_sic_epitaxial_wafers_yield_and_efficiency_scalable_power_electronics3-600x600.webp 600w, https:\/\/www.zmsh-semitech.com\/wp-content\/uploads\/2026\/04\/8_inch_sic_epitaxial_wafers_yield_and_efficiency_scalable_power_electronics3-100x100.webp 100w, https:\/\/www.zmsh-semitech.com\/wp-content\/uploads\/2026\/04\/8_inch_sic_epitaxial_wafers_yield_and_efficiency_scalable_power_electronics3.webp 800w\" sizes=\"(max-width: 300px) 100vw, 300px\" \/>Valmistusprosessi<\/h2>\n<p data-start=\"2310\" data-end=\"2484\"><strong data-start=\"2310\" data-end=\"2335\">Substraatin valmistelu<\/strong><br data-start=\"2335\" data-end=\"2338\" \/>Eritt\u00e4in puhtaat yksikiteiset SiC-substraatit valmistetaan korkean l\u00e4mp\u00f6tilan kasvumenetelmill\u00e4 ja kiillotetaan eritt\u00e4in alhaisen pinnankarheuden saavuttamiseksi.<\/p>\n<p data-start=\"2486\" data-end=\"2667\"><strong data-start=\"2486\" data-end=\"2506\">Epitaksiaalinen kasvu<\/strong><br data-start=\"2506\" data-end=\"2509\" \/>Epitaksikerros kerrostetaan korkeassa l\u00e4mp\u00f6tilassa CVD-j\u00e4rjestelmill\u00e4, mik\u00e4 takaa tasaisen paksuuden ja yhdenmukaiset materiaaliominaisuudet koko 200 mm:n kiekolla.<\/p>\n<p data-start=\"2669\" data-end=\"2799\"><strong data-start=\"2669\" data-end=\"2687\">Dopingvalvonta<\/strong><br data-start=\"2687\" data-end=\"2690\" \/>Epitaksikasvatuksen aikana k\u00e4ytet\u00e4\u00e4n tarkkaa dopingia eri laitearkkitehtuurien vaatimusten t\u00e4ytt\u00e4miseksi.<\/p>\n<p data-start=\"2801\" data-end=\"2981\"><strong data-start=\"2801\" data-end=\"2829\">Metrologia ja tarkastus<\/strong><br data-start=\"2829\" data-end=\"2832\" \/>Jokainen kiekko testataan kattavasti, mukaan lukien pinta-analyysi, vikakartoitus ja s\u00e4hk\u00f6inen karakterisointi tasaisen laadun varmistamiseksi.<\/p>\n<h2 data-section-id=\"1344z7h\" data-start=\"2988\" data-end=\"3001\">Edut<\/h2>\n<p data-start=\"3003\" data-end=\"3162\"><strong data-start=\"3003\" data-end=\"3029\">Skaalautuva valmistus<\/strong><br data-start=\"3029\" data-end=\"3032\" \/>Kahdeksan tuuman kiekkokoko lis\u00e4\u00e4 merkitt\u00e4v\u00e4sti sirujen tuotantoa kiekkoa kohti, mik\u00e4 parantaa tuotannon tehokkuutta ja alentaa laitekohtaisia kustannuksia.<\/p>\n<p data-start=\"3164\" data-end=\"3306\"><strong data-start=\"3164\" data-end=\"3195\">Korkea hy\u00f6tysuhde<\/strong><br data-start=\"3195\" data-end=\"3198\" \/>SiC-materiaalin ominaisuudet mahdollistavat pienemm\u00e4t kytkent\u00e4h\u00e4vi\u00f6t, suuremman tehotiheyden ja paremman energiatehokkuuden.<\/p>\n<p data-start=\"3308\" data-end=\"3456\"><strong data-start=\"3308\" data-end=\"3340\">Erinomainen l\u00e4mm\u00f6nhallinta<\/strong><br data-start=\"3340\" data-end=\"3343\" \/>Korkea l\u00e4mm\u00f6njohtavuus tukee vakaata toimintaa suuritehoisissa olosuhteissa ja v\u00e4hent\u00e4\u00e4 j\u00e4\u00e4hdytysvaatimuksia.<\/p>\n<p data-start=\"3458\" data-end=\"3581\"><strong data-start=\"3458\" data-end=\"3480\">Alhainen vikatiheys<\/strong><br data-start=\"3480\" data-end=\"3483\" \/>Kehittyneet kiteenkasvatus- ja epitaksiaaliprosessit takaavat korkean tuoton ja luotettavan laitteen suorituskyvyn.<\/p>\n<p data-start=\"3583\" data-end=\"3737\"><strong data-start=\"3583\" data-end=\"3608\">Tulevaisuuden valmis alusta<\/strong><br data-start=\"3608\" data-end=\"3611\" \/>8 tuuman SiC-kiekot vastaavat puolijohdeteollisuuden suuntausta kohti suurempia kiekkoformaatteja ja automatisoitua massatuotantoa.<\/p>\n<p data-start=\"3583\" data-end=\"3737\"><img loading=\"lazy\" decoding=\"async\" class=\"wp-image-2178 size-large aligncenter\" src=\"https:\/\/www.zmsh-semitech.com\/wp-content\/uploads\/2026\/04\/applications-1-1024x683.png\" alt=\"\" width=\"1024\" height=\"683\" srcset=\"https:\/\/www.zmsh-semitech.com\/wp-content\/uploads\/2026\/04\/applications-1-1024x683.png 1024w, https:\/\/www.zmsh-semitech.com\/wp-content\/uploads\/2026\/04\/applications-1-300x200.png 300w, https:\/\/www.zmsh-semitech.com\/wp-content\/uploads\/2026\/04\/applications-1-768x512.png 768w, https:\/\/www.zmsh-semitech.com\/wp-content\/uploads\/2026\/04\/applications-1-18x12.png 18w, https:\/\/www.zmsh-semitech.com\/wp-content\/uploads\/2026\/04\/applications-1-600x400.png 600w, https:\/\/www.zmsh-semitech.com\/wp-content\/uploads\/2026\/04\/applications-1.png 1536w\" sizes=\"(max-width: 1024px) 100vw, 1024px\" \/><\/p>\n<h2 data-section-id=\"mu966k\" data-start=\"3744\" data-end=\"3759\">Sovellukset<\/h2>\n<p data-start=\"3761\" data-end=\"3946\"><strong data-start=\"3761\" data-end=\"3782\">S\u00e4hk\u00f6ajoneuvot<\/strong><br data-start=\"3782\" data-end=\"3785\" \/>K\u00e4ytet\u00e4\u00e4n ajovirtasuuntaajissa, ajoneuvolatureissa ja DC-DC-muuntimissa. Suurempi kiekkokoko tukee suuritehoisten teholaitteiden massatuotantoa EV-alustoja varten.<\/p>\n<p data-start=\"3948\" data-end=\"4103\"><strong data-start=\"3948\" data-end=\"3976\">Uusiutuvat energiaj\u00e4rjestelm\u00e4t<\/strong><br data-start=\"3976\" data-end=\"3979\" \/>Sovelletaan aurinko- ja tuulivoimakonverttereissa, joissa hy\u00f6tysuhde ja luotettavuus ovat kriittisi\u00e4 pitk\u00e4aikaisen toiminnan kannalta.<\/p>\n<p data-start=\"4105\" data-end=\"4257\"><strong data-start=\"4105\" data-end=\"4137\">Teollinen tehoelektroniikka<\/strong><br data-start=\"4137\" data-end=\"4140\" \/>Tukee moottorik\u00e4ytt\u00f6j\u00e4, automaatioj\u00e4rjestelmi\u00e4 ja suuritehoisia laitteita, jotka vaativat vakaata ja tehokasta energiamuunnosta.<\/p>\n<p data-start=\"4259\" data-end=\"4390\"><strong data-start=\"4259\" data-end=\"4287\">5G ja RF-infrastruktuuri<\/strong><br data-start=\"4287\" data-end=\"4290\" \/>Mahdollistaa viestint\u00e4j\u00e4rjestelmiss\u00e4 ja tukiasemissa k\u00e4ytett\u00e4vien suurtaajuisten ja suuritehoisten RF-komponenttien k\u00e4yt\u00f6n.<\/p>\n<p data-start=\"4392\" data-end=\"4499\"><strong data-start=\"4392\" data-end=\"4422\">Kuluttajien tehoelektroniikka<\/strong><br data-start=\"4422\" data-end=\"4425\" \/>K\u00e4ytet\u00e4\u00e4n pienikokoisissa, tehokkaissa virtal\u00e4hteiss\u00e4 ja pikalatausj\u00e4rjestelmiss\u00e4.<\/p>\n<h2 data-section-id=\"1hryhf7\" data-start=\"4506\" data-end=\"4512\">FAQ<\/h2>\n<p data-start=\"4514\" data-end=\"4720\">Q1: Mik\u00e4 on 8 tuuman SiC-kiekkojen t\u00e4rkein etu?<br data-start=\"4565\" data-end=\"4568\" \/>Suurempi kiekkokoko lis\u00e4\u00e4 sirujen m\u00e4\u00e4r\u00e4\u00e4 kiekkoa kohti, mik\u00e4 alentaa merkitt\u00e4v\u00e4sti valmistuskustannuksia laitetta kohti ja parantaa tuotannon tehokkuutta.<\/p>\n<p data-start=\"4722\" data-end=\"4909\">Q2: Onko 8 tuuman SiC-teknologia kyps\u00e4?<br data-start=\"4757\" data-end=\"4760\" \/>Se on parhaillaan siirtym\u00e4ss\u00e4 pilottituotannosta alkuvaiheen massatuotantoon, ja sit\u00e4 k\u00e4ytet\u00e4\u00e4n yh\u00e4 enemm\u00e4n kehittyneess\u00e4 puolijohdevalmistuksessa.<\/p>\n<p data-start=\"4911\" data-end=\"5060\">Kysymys 3: Voidaanko epitaksikerroksia r\u00e4\u00e4t\u00e4l\u00f6id\u00e4?<br data-start=\"4949\" data-end=\"4952\" \/>Kyll\u00e4, seostustyyppi, paksuus ja s\u00e4hk\u00f6iset ominaisuudet voidaan r\u00e4\u00e4t\u00e4l\u00f6id\u00e4 vastaamaan laitteen erityisvaatimuksia.<\/p>\n<p data-start=\"5062\" data-end=\"5238\">Kysymys 4: Ovatko olemassa olevat tuotantolinjat yhteensopivia 8 tuuman kiekkojen kanssa?<br data-start=\"5125\" data-end=\"5128\" \/>Laitteistoja saatetaan joutua p\u00e4ivitt\u00e4m\u00e4\u00e4n jonkin verran, mutta monet nykyaikaiset tehtaat valmistautuvat jo 200 mm:n SiC:n k\u00e4sittelyyn.<\/p>","protected":false},"excerpt":{"rendered":"<p>8 tuuman SiC-epitaksiaalikiekko edustaa viimeisint\u00e4 edistysaskelta laajakaistaisessa puolijohdeteknologiassa. T\u00e4m\u00e4 200 mm:n SiC-substraatille rakennettu tuote, jossa on korkealaatuinen epitaksikerros, on suunniteltu tukemaan skaalautuvaa, korkean hy\u00f6tysuhteen teholaitteiden valmistusta.<\/p>","protected":false},"featured_media":2184,"comment_status":"open","ping_status":"closed","template":"","meta":{"site-sidebar-layout":"default","site-content-layout":"","ast-site-content-layout":"default","site-content-style":"default","site-sidebar-style":"default","ast-global-header-display":"","ast-banner-title-visibility":"","ast-main-header-display":"","ast-hfb-above-header-display":"","ast-hfb-below-header-display":"","ast-hfb-mobile-header-display":"","site-post-title":"","ast-breadcrumbs-content":"","ast-featured-img":"","footer-sml-layout":"","ast-disable-related-posts":"","theme-transparent-header-meta":"default","adv-header-id-meta":"","stick-header-meta":"default","header-above-stick-meta":"","header-main-stick-meta":"","header-below-stick-meta":"","astra-migrate-meta-layouts":"set","ast-page-background-enabled":"default","ast-page-background-meta":{"desktop":{"background-color":"var(--ast-global-color-4)","background-image":"","background-repeat":"repeat","background-position":"center center","background-size":"auto","background-attachment":"scroll","background-type":"","background-media":"","overlay-type":"","overlay-color":"","overlay-opacity":"","overlay-gradient":""},"tablet":{"background-color":"","background-image":"","background-repeat":"repeat","background-position":"center center","background-size":"auto","background-attachment":"scroll","background-type":"","background-media":"","overlay-type":"","overlay-color":"","overlay-opacity":"","overlay-gradient":""},"mobile":{"background-color":"","background-image":"","background-repeat":"repeat","background-position":"center center","background-size":"auto","background-attachment":"scroll","background-type":"","background-media":"","overlay-type":"","overlay-color":"","overlay-opacity":"","overlay-gradient":""}},"ast-content-background-meta":{"desktop":{"background-color":"var(--ast-global-color-5)","background-image":"","background-repeat":"repeat","background-position":"center center","background-size":"auto","background-attachment":"scroll","background-type":"","background-media":"","overlay-type":"","overlay-color":"","overlay-opacity":"","overlay-gradient":""},"tablet":{"background-color":"var(--ast-global-color-5)","background-image":"","background-repeat":"repeat","background-position":"center center","background-size":"auto","background-attachment":"scroll","background-type":"","background-media":"","overlay-type":"","overlay-color":"","overlay-opacity":"","overlay-gradient":""},"mobile":{"background-color":"var(--ast-global-color-5)","background-image":"","background-repeat":"repeat","background-position":"center center","background-size":"auto","background-attachment":"scroll","background-type":"","background-media":"","overlay-type":"","overlay-color":"","overlay-opacity":"","overlay-gradient":""}}},"product_brand":[],"product_cat":[729],"product_tag":[944,735,947,945,943,933,946,948,692],"class_list":{"0":"post-2183","1":"product","2":"type-product","3":"status-publish","4":"has-post-thumbnail","6":"product_cat-wafer","7":"product_tag-200mm-silicon-carbide-wafer","8":"product_tag-8-inch-sic-wafer","9":"product_tag-high-efficiency-power-electronics","10":"product_tag-sic-epi-wafer","11":"product_tag-sic-epitaxial-wafer","12":"product_tag-sic-mosfet-wafer","13":"product_tag-sic-power-device-substrate","14":"product_tag-silicon-carbide-epitaxy","15":"product_tag-wide-bandgap-semiconductor","16":"desktop-align-left","17":"tablet-align-left","18":"mobile-align-left","19":"ast-product-gallery-layout-horizontal-slider","20":"ast-product-tabs-layout-horizontal","22":"first","23":"instock","24":"shipping-taxable","25":"product-type-simple"},"_links":{"self":[{"href":"https:\/\/www.zmsh-semitech.com\/fi\/wp-json\/wp\/v2\/product\/2183","targetHints":{"allow":["GET"]}}],"collection":[{"href":"https:\/\/www.zmsh-semitech.com\/fi\/wp-json\/wp\/v2\/product"}],"about":[{"href":"https:\/\/www.zmsh-semitech.com\/fi\/wp-json\/wp\/v2\/types\/product"}],"replies":[{"embeddable":true,"href":"https:\/\/www.zmsh-semitech.com\/fi\/wp-json\/wp\/v2\/comments?post=2183"}],"version-history":[{"count":1,"href":"https:\/\/www.zmsh-semitech.com\/fi\/wp-json\/wp\/v2\/product\/2183\/revisions"}],"predecessor-version":[{"id":2188,"href":"https:\/\/www.zmsh-semitech.com\/fi\/wp-json\/wp\/v2\/product\/2183\/revisions\/2188"}],"wp:featuredmedia":[{"embeddable":true,"href":"https:\/\/www.zmsh-semitech.com\/fi\/wp-json\/wp\/v2\/media\/2184"}],"wp:attachment":[{"href":"https:\/\/www.zmsh-semitech.com\/fi\/wp-json\/wp\/v2\/media?parent=2183"}],"wp:term":[{"taxonomy":"product_brand","embeddable":true,"href":"https:\/\/www.zmsh-semitech.com\/fi\/wp-json\/wp\/v2\/product_brand?post=2183"},{"taxonomy":"product_cat","embeddable":true,"href":"https:\/\/www.zmsh-semitech.com\/fi\/wp-json\/wp\/v2\/product_cat?post=2183"},{"taxonomy":"product_tag","embeddable":true,"href":"https:\/\/www.zmsh-semitech.com\/fi\/wp-json\/wp\/v2\/product_tag?post=2183"}],"curies":[{"name":"wp","href":"https:\/\/api.w.org\/{rel}","templated":true}]}}