{"id":2149,"date":"2026-04-09T07:24:36","date_gmt":"2026-04-09T07:24:36","guid":{"rendered":"https:\/\/www.zmsh-semitech.com\/?post_type=product&#038;p=2149"},"modified":"2026-04-09T07:24:37","modified_gmt":"2026-04-09T07:24:37","slug":"hp-1201-automatic-wafer-dicing-machine-for-large-format-precision-cutting","status":"publish","type":"product","link":"https:\/\/www.zmsh-semitech.com\/fi\/product\/hp-1201-automatic-wafer-dicing-machine-for-large-format-precision-cutting\/","title":{"rendered":"HP-1201 Automaattinen kiekon kuutiointikone suurikokoiseen tarkkuusleikkaukseen"},"content":{"rendered":"<p data-start=\"317\" data-end=\"680\"><img fetchpriority=\"high\" decoding=\"async\" class=\"size-medium wp-image-2151 alignright\" src=\"https:\/\/www.zmsh-semitech.com\/wp-content\/uploads\/2026\/04\/HP-1201-Automatic-Wafer-Substrate-Dicing-Machine-for-Large-Format-Precision-Cutting-300x300.png\" alt=\"\" width=\"300\" height=\"300\" srcset=\"https:\/\/www.zmsh-semitech.com\/wp-content\/uploads\/2026\/04\/HP-1201-Automatic-Wafer-Substrate-Dicing-Machine-for-Large-Format-Precision-Cutting-300x300.png 300w, https:\/\/www.zmsh-semitech.com\/wp-content\/uploads\/2026\/04\/HP-1201-Automatic-Wafer-Substrate-Dicing-Machine-for-Large-Format-Precision-Cutting-150x150.png 150w, https:\/\/www.zmsh-semitech.com\/wp-content\/uploads\/2026\/04\/HP-1201-Automatic-Wafer-Substrate-Dicing-Machine-for-Large-Format-Precision-Cutting-768x768.png 768w, https:\/\/www.zmsh-semitech.com\/wp-content\/uploads\/2026\/04\/HP-1201-Automatic-Wafer-Substrate-Dicing-Machine-for-Large-Format-Precision-Cutting-12x12.png 12w, https:\/\/www.zmsh-semitech.com\/wp-content\/uploads\/2026\/04\/HP-1201-Automatic-Wafer-Substrate-Dicing-Machine-for-Large-Format-Precision-Cutting-600x600.png 600w, https:\/\/www.zmsh-semitech.com\/wp-content\/uploads\/2026\/04\/HP-1201-Automatic-Wafer-Substrate-Dicing-Machine-for-Large-Format-Precision-Cutting-100x100.png 100w, https:\/\/www.zmsh-semitech.com\/wp-content\/uploads\/2026\/04\/HP-1201-Automatic-Wafer-Substrate-Dicing-Machine-for-Large-Format-Precision-Cutting.png 1000w\" sizes=\"(max-width: 300px) 100vw, 300px\" \/>HP-1201 automaattinen kuutiointikone on tehokas ratkaisu, joka on suunniteltu erityisesti suurikokoisia substraatteja ja moniosaisia leikkaussovelluksia varten. J\u00e4rjestelm\u00e4 on suunniteltu vastaamaan kehittyneiden puolijohdepakkausten ja substraattien k\u00e4sittelyn kehittyviin vaatimuksiin, ja se tukee sek\u00e4 kiekkojen kuutiointia (jopa 12 tuumaa) ett\u00e4 suurikokoisia ty\u00f6kappaleita, joiden koko on jopa 400 \u00d7 400 mm.<\/p>\n<p data-start=\"682\" data-end=\"977\">HP-1201 tarjoaa vankan porttirakenteensa, vastakkaisen kaksoiskaramaisen kokoonpanonsa ja muokattavan ty\u00f6skentelyalustansa ansiosta poikkeuksellisen j\u00e4ykkyyden, vakauden ja l\u00e4pimenon. Se soveltuu erityisen hyvin sovelluksiin, joissa k\u00e4ytet\u00e4\u00e4n nauhamateriaaleja, monilevyisi\u00e4 paneeleita ja monimutkaisia ty\u00f6kappaleiden asetteluja.<\/p>\n<p data-start=\"979\" data-end=\"1181\">Koneeseen on integroitu huipputarkka kohdistus, \u00e4lyk\u00e4s tarkastus ja joustavat k\u00e4sittelyominaisuudet, joten se on ihanteellinen valinta valmistajille, jotka haluavat sek\u00e4 tuottavuutta ett\u00e4 leikkaustarkkuutta.<\/p>\n<h2 data-section-id=\"1j5qwet\" data-start=\"1188\" data-end=\"1207\"><span role=\"text\">T\u00e4rkeimm\u00e4t ominaisuudet<\/span><\/h2>\n<h3 data-section-id=\"1lkyyr4\" data-start=\"1209\" data-end=\"1256\"><span role=\"text\">1. Suunniteltu suurikokoisille alustoille<\/span><\/h3>\n<p data-start=\"1257\" data-end=\"1364\">Toisin kuin perinteiset kuutiointilaitteet, HP-1201 on optimoitu suurille ty\u00f6kappaleille ja pakkausalustoille:<\/p>\n<ul data-start=\"1365\" data-end=\"1528\">\n<li data-section-id=\"122wrc4\" data-start=\"1365\" data-end=\"1420\">Tukee jopa 400 mm \u00d7 400 mm:n neli\u00f6n muotoisia materiaaleja.<\/li>\n<li data-section-id=\"1w2sjk2\" data-start=\"1421\" data-end=\"1469\">Yhteensopiva 12 tuuman ja sit\u00e4 pienempien kiekkojen kanssa.<\/li>\n<li data-section-id=\"bo18rw\" data-start=\"1470\" data-end=\"1528\">Ihanteellinen paneelitason ja edistyneisiin pakkausprosesseihin<\/li>\n<\/ul>\n<p data-start=\"1530\" data-end=\"1619\">T\u00e4m\u00e4n ansiosta se soveltuu erinomaisesti sek\u00e4 puolijohde- ett\u00e4 uusiin pakkaustekniikoihin.<\/p>\n<h3 data-section-id=\"1gerb2u\" data-start=\"1626\" data-end=\"1683\"><span role=\"text\">2. Korkean tehokkuuden monikappaleleikkauskyky<\/span><\/h3>\n<p data-start=\"1684\" data-end=\"1751\">J\u00e4rjestelm\u00e4 soveltuu erinomaisesti usean nauhan ja er\u00e4k\u00e4sittelyn sovelluksiin:<\/p>\n<ul data-start=\"1752\" data-end=\"1953\">\n<li data-section-id=\"12ne451\" data-start=\"1752\" data-end=\"1810\">Tukee useiden ty\u00f6kappaleiden samanaikaista sijoittamista<\/li>\n<li data-section-id=\"1ahonq2\" data-start=\"1811\" data-end=\"1889\">Esimerkki: enint\u00e4\u00e4n 5 nauhaa (250 mm \u00d7 70 mm) voidaan k\u00e4sitell\u00e4 yhdess\u00e4 sykliss\u00e4.<\/li>\n<li data-section-id=\"91yitt\" data-start=\"1890\" data-end=\"1953\">Parantaa merkitt\u00e4v\u00e4sti l\u00e4pimenoaikaa ja lyhent\u00e4\u00e4 k\u00e4sittelyaikaa.<\/li>\n<\/ul>\n<p data-start=\"1955\" data-end=\"2034\">T\u00e4m\u00e4 ominaisuus on erityisen arvokas suuren volyymin tuotantoymp\u00e4rist\u00f6iss\u00e4.<\/p>\n<h3 data-section-id=\"pb7q73\" data-start=\"2041\" data-end=\"2096\"><span role=\"text\">3. Vastakkainen kaksoiskaraj\u00e4rjestelm\u00e4 tuottavuuden parantamiseksi<\/span><\/h3>\n<p data-start=\"2097\" data-end=\"2177\">HP-1201:ss\u00e4 on kaksoiskararakenne, jonka karojen v\u00e4li on \u2264 22 mm:<\/p>\n<ul data-start=\"2178\" data-end=\"2320\">\n<li data-section-id=\"126smyd\" data-start=\"2178\" data-end=\"2231\">Mahdollistaa rinnakkaiset tai per\u00e4kk\u00e4iset leikkaustoiminnot<\/li>\n<li data-section-id=\"1phn8sk\" data-start=\"2232\" data-end=\"2264\">V\u00e4hent\u00e4\u00e4 tyhj\u00e4k\u00e4yntimatkan pituutta<\/li>\n<li data-section-id=\"101lqcw\" data-start=\"2265\" data-end=\"2320\">Lis\u00e4\u00e4 leikkaustehokkuutta ja kokonaisl\u00e4pimenoa<\/li>\n<\/ul>\n<p data-start=\"2322\" data-end=\"2440\">Yhdess\u00e4 karan nopean py\u00f6rimisnopeuden (jopa 60 000 kierrosta minuutissa) kanssa j\u00e4rjestelm\u00e4 takaa nopean ja tarkan materiaalin erottelun.<\/p>\n<h3 data-section-id=\"w5e11x\" data-start=\"2447\" data-end=\"2497\"><span role=\"text\">4. Gantry-rakenne takaa erinomaisen vakauden<\/span><\/h3>\n<p data-start=\"2498\" data-end=\"2547\">Koneessa on eritt\u00e4in j\u00e4ykk\u00e4 portaalirakenne:<\/p>\n<ul data-start=\"2548\" data-end=\"2716\">\n<li data-section-id=\"fbik\" data-start=\"2548\" data-end=\"2609\">Parannettu rakenteellinen vakaus suurnopeusk\u00e4yt\u00f6ss\u00e4<\/li>\n<li data-section-id=\"qf4dsg\" data-start=\"2610\" data-end=\"2661\">V\u00e4hentynyt t\u00e4rin\u00e4 parantaa leikkaustarkkuutta<\/li>\n<li data-section-id=\"8ypr2z\" data-start=\"2662\" data-end=\"2716\">Soveltuu hauraiden materiaalien tarkkaan kuutiointiin<\/li>\n<\/ul>\n<p data-start=\"2718\" data-end=\"2797\">T\u00e4m\u00e4 takaa tasaisen suorituskyvyn my\u00f6s vaativissa k\u00e4sittelyolosuhteissa.<\/p>\n<h3 data-section-id=\"z6iv4c\" data-start=\"2804\" data-end=\"2855\"><span role=\"text\">5. Kehittynyt kohdistus- ja tarkastusj\u00e4rjestelm\u00e4<\/span><\/h3>\n<p data-start=\"2856\" data-end=\"2902\">Varustettu kaksoismikroskooppikokoonpanolla:<\/p>\n<ul data-start=\"2903\" data-end=\"3050\">\n<li data-section-id=\"1upg1xh\" data-start=\"2903\" data-end=\"2952\">Mahdollistaa nopean ja tarkan automaattisen kohdistuksen<\/li>\n<li data-section-id=\"7lt55p\" data-start=\"2953\" data-end=\"2997\">Tukee korkean resoluution viiltotarkastusta<\/li>\n<li data-section-id=\"rql893\" data-start=\"2998\" data-end=\"3050\">Parantaa leikkauksen tasaisuutta ja v\u00e4hent\u00e4\u00e4 vikoja<\/li>\n<\/ul>\n<p data-start=\"3052\" data-end=\"3133\">T\u00e4m\u00e4 on ratkaisevan t\u00e4rke\u00e4\u00e4 tiukkojen toleranssien s\u00e4ilytt\u00e4miseksi puolijohteiden valmistuksessa.<\/p>\n<h3 data-section-id=\"ft5041\" data-start=\"3140\" data-end=\"3190\"><span role=\"text\">6. Valinnainen sub-CT-ter\u00e4n sidontatoiminto<\/span><\/h3>\n<p data-start=\"3191\" data-end=\"3283\">Lis\u00e4varusteena saatava Sub-CT-avusteinen ter\u00e4nmuokkaustoiminto auttaa yll\u00e4pit\u00e4m\u00e4\u00e4n ter\u00e4n optimaalisen kunnon:<\/p>\n<ul data-start=\"3284\" data-end=\"3397\">\n<li data-section-id=\"1trj5ya\" data-start=\"3284\" data-end=\"3329\">V\u00e4hent\u00e4\u00e4 reunojen lohkeilua ja pintavikoja<\/li>\n<li data-section-id=\"2vyx60\" data-start=\"3330\" data-end=\"3360\">Pident\u00e4\u00e4 ter\u00e4n k\u00e4ytt\u00f6ik\u00e4\u00e4<\/li>\n<li data-section-id=\"1wk3sdx\" data-start=\"3361\" data-end=\"3397\">Parantaa yleist\u00e4 leikkauslaatua<\/li>\n<\/ul>\n<h3 data-section-id=\"ngjugw\" data-start=\"3404\" data-end=\"3447\"><span role=\"text\">7. Valinnainen syv\u00e4leikkausj\u00e4\u00e4hdytysj\u00e4rjestelm\u00e4<\/span><\/h3>\n<p data-start=\"3448\" data-end=\"3503\">Lis\u00e4varusteena on saatavana syv\u00e4j\u00e4\u00e4hdytysvesij\u00e4rjestelm\u00e4:<\/p>\n<ul data-start=\"3504\" data-end=\"3641\">\n<li data-section-id=\"wu3rr0\" data-start=\"3504\" data-end=\"3550\">Parantaa j\u00e4\u00e4hdytyksen tehokkuutta leikkauksen aikana<\/li>\n<li data-section-id=\"1e0lcc8\" data-start=\"3551\" data-end=\"3590\">V\u00e4hent\u00e4\u00e4 materiaalien l\u00e4mp\u00f6vaurioita<\/li>\n<li data-section-id=\"rjj9u\" data-start=\"3591\" data-end=\"3641\">Parantaa pinnan laatua ja leikkaustarkkuutta<\/li>\n<\/ul>\n<h2 data-section-id=\"id1bjs\" data-start=\"3648\" data-end=\"3679\"><span role=\"text\">Tekniset tiedot<\/span><\/h2>\n<div class=\"TyagGW_tableContainer\">\n<div class=\"group TyagGW_tableWrapper flex flex-col-reverse w-fit\" tabindex=\"-1\">\n<table class=\"w-fit min-w-(--thread-content-width)\" data-start=\"3681\" data-end=\"4410\">\n<thead data-start=\"3681\" data-end=\"3718\">\n<tr data-start=\"3681\" data-end=\"3718\">\n<th class=\"\" data-start=\"3681\" data-end=\"3697\" data-col-size=\"sm\">Parametri<\/th>\n<th class=\"\" data-start=\"3697\" data-end=\"3718\" data-col-size=\"sm\">Tekniset tiedot<\/th>\n<\/tr>\n<\/thead>\n<tbody data-start=\"3755\" data-end=\"4410\">\n<tr data-start=\"3755\" data-end=\"3781\">\n<td data-start=\"3755\" data-end=\"3771\" data-col-size=\"sm\">Karan teho<\/td>\n<td data-start=\"3771\" data-end=\"3781\" data-col-size=\"sm\">1,8 kW<\/td>\n<\/tr>\n<tr data-start=\"3782\" data-end=\"3818\">\n<td data-start=\"3782\" data-end=\"3798\" data-col-size=\"sm\">Karan nopeus<\/td>\n<td data-start=\"3798\" data-end=\"3818\" data-col-size=\"sm\">6000 - 60000 rpm<\/td>\n<\/tr>\n<tr data-start=\"3819\" data-end=\"3845\">\n<td data-start=\"3819\" data-end=\"3835\" data-col-size=\"sm\">X-akselin matka<\/td>\n<td data-start=\"3835\" data-end=\"3845\" data-col-size=\"sm\">420 mm<\/td>\n<\/tr>\n<tr data-start=\"3846\" data-end=\"3880\">\n<td data-start=\"3846\" data-end=\"3861\" data-col-size=\"sm\">X-akselin nopeus<\/td>\n<td data-start=\"3861\" data-end=\"3880\" data-col-size=\"sm\">0,1 - 1000 mm\/s<\/td>\n<\/tr>\n<tr data-start=\"3881\" data-end=\"3913\">\n<td data-start=\"3881\" data-end=\"3901\" data-col-size=\"sm\">X-akselin tarkkuus<\/td>\n<td data-start=\"3901\" data-end=\"3913\" data-col-size=\"sm\">0,001 mm<\/td>\n<\/tr>\n<tr data-start=\"3914\" data-end=\"3939\">\n<td data-start=\"3914\" data-end=\"3929\" data-col-size=\"sm\">Y1\/Y2 Matkailu<\/td>\n<td data-start=\"3929\" data-end=\"3939\" data-col-size=\"sm\">420 mm<\/td>\n<\/tr>\n<tr data-start=\"3940\" data-end=\"3973\">\n<td data-start=\"3940\" data-end=\"3960\" data-col-size=\"sm\">Y-akselin tarkkuus<\/td>\n<td data-start=\"3960\" data-end=\"3973\" data-col-size=\"sm\">0,0001 mm<\/td>\n<\/tr>\n<tr data-start=\"3974\" data-end=\"4009\">\n<td data-start=\"3974\" data-end=\"3997\" data-col-size=\"sm\">Paikannustarkkuus<\/td>\n<td data-start=\"3997\" data-end=\"4009\" data-col-size=\"sm\">0,002 mm<\/td>\n<\/tr>\n<tr data-start=\"4010\" data-end=\"4048\">\n<td data-start=\"4010\" data-end=\"4030\" data-col-size=\"sm\">Kertynyt virhe<\/td>\n<td data-start=\"4030\" data-end=\"4048\" data-col-size=\"sm\">0,003 \/ 400 mm<\/td>\n<\/tr>\n<tr data-start=\"4049\" data-end=\"4073\">\n<td data-start=\"4049\" data-end=\"4064\" data-col-size=\"sm\">Z1\/Z2 Matkailu<\/td>\n<td data-start=\"4064\" data-end=\"4073\" data-col-size=\"sm\">13 mm<\/td>\n<\/tr>\n<tr data-start=\"4074\" data-end=\"4102\">\n<td data-start=\"4074\" data-end=\"4090\" data-col-size=\"sm\">Toistettavuus<\/td>\n<td data-start=\"4090\" data-end=\"4102\" data-col-size=\"sm\">0,001 mm<\/td>\n<\/tr>\n<tr data-start=\"4103\" data-end=\"4133\">\n<td data-start=\"4103\" data-end=\"4120\" data-col-size=\"sm\">Theta-kierto<\/td>\n<td data-start=\"4120\" data-end=\"4133\" data-col-size=\"sm\">380\u00b0 \u00b1 5\u00b0<\/td>\n<\/tr>\n<tr data-start=\"4134\" data-end=\"4166\">\n<td data-start=\"4134\" data-end=\"4153\" data-col-size=\"sm\">Kulmatarkkuus<\/td>\n<td data-start=\"4153\" data-end=\"4166\" data-col-size=\"sm\">1 kaarisekunti<\/td>\n<\/tr>\n<tr data-start=\"4167\" data-end=\"4220\">\n<td data-start=\"4167\" data-end=\"4194\" data-col-size=\"sm\">Mikroskoopin suurennus<\/td>\n<td data-start=\"4194\" data-end=\"4220\" data-col-size=\"sm\">1,5\u00d7 (valinnainen) \/ 0,8\u00d7<\/td>\n<\/tr>\n<tr data-start=\"4221\" data-end=\"4262\">\n<td data-start=\"4221\" data-end=\"4232\" data-col-size=\"sm\">Valaistus<\/td>\n<td data-start=\"4232\" data-end=\"4262\" data-col-size=\"sm\">Rengasvalo + koaksiaalivalo<\/td>\n<\/tr>\n<tr data-start=\"4263\" data-end=\"4298\">\n<td data-start=\"4263\" data-end=\"4287\" data-col-size=\"sm\">Max ty\u00f6kappale (py\u00f6re\u00e4)<\/td>\n<td data-start=\"4287\" data-end=\"4298\" data-col-size=\"sm\">\u00d8300 mm<\/td>\n<\/tr>\n<tr data-start=\"4299\" data-end=\"4340\">\n<td data-start=\"4299\" data-end=\"4324\" data-col-size=\"sm\">Max ty\u00f6kappale (neli\u00f6)<\/td>\n<td data-start=\"4324\" data-end=\"4340\" data-col-size=\"sm\">400 \u00d7 400 mm<\/td>\n<\/tr>\n<tr data-start=\"4341\" data-end=\"4389\">\n<td data-start=\"4341\" data-end=\"4364\" data-col-size=\"sm\">Koneen koko (W\u00d7D\u00d7H)<\/td>\n<td data-start=\"4364\" data-end=\"4389\" data-col-size=\"sm\">1450 \u00d7 1250 \u00d7 1850 mm<\/td>\n<\/tr>\n<tr data-start=\"4390\" data-end=\"4410\">\n<td data-start=\"4390\" data-end=\"4399\" data-col-size=\"sm\">Paino<\/td>\n<td data-start=\"4399\" data-end=\"4410\" data-col-size=\"sm\">2000 kg<\/td>\n<\/tr>\n<\/tbody>\n<\/table>\n<\/div>\n<\/div>\n<h2 data-section-id=\"k0zlak\" data-start=\"4417\" data-end=\"4436\"><span role=\"text\">Sovellukset<\/span><\/h2>\n<p data-start=\"4438\" data-end=\"4562\">HP-1201:t\u00e4 k\u00e4ytet\u00e4\u00e4n laajalti edistyksellisill\u00e4 valmistusaloilla, joilla tarvitaan suurten tai useiden ty\u00f6kappaleiden eritt\u00e4in tarkkaa kuutiointia:<\/p>\n<ul data-start=\"4564\" data-end=\"4795\">\n<li data-section-id=\"5cz68w\" data-start=\"4564\" data-end=\"4606\">Puolijohdekiekkojen kuutiointi (\u2264 12 tuumaa)<\/li>\n<li data-section-id=\"vc4r2z\" data-start=\"4607\" data-end=\"4640\">Kehittyneet pakkausalustat<\/li>\n<li data-section-id=\"c44nr\" data-start=\"4641\" data-end=\"4672\">Paneelitason pakkaus (PLP)<\/li>\n<li data-section-id=\"ar9gw\" data-start=\"4673\" data-end=\"4709\">LED- ja optoelektroniset materiaalit<\/li>\n<li data-section-id=\"1cw4nvq\" data-start=\"4710\" data-end=\"4748\">Keraamiset ja kovat hauraat materiaalit<\/li>\n<li data-section-id=\"nh0qnc\" data-start=\"4749\" data-end=\"4795\">Usean nauhan ja erien leikkaussovellukset<\/li>\n<\/ul>\n<p><img decoding=\"async\" class=\"wp-image-2150 size-large aligncenter\" src=\"https:\/\/www.zmsh-semitech.com\/wp-content\/uploads\/2026\/04\/APPLICATION2-1024x683.png\" alt=\"\" width=\"1024\" height=\"683\" srcset=\"https:\/\/www.zmsh-semitech.com\/wp-content\/uploads\/2026\/04\/APPLICATION2-1024x683.png 1024w, https:\/\/www.zmsh-semitech.com\/wp-content\/uploads\/2026\/04\/APPLICATION2-300x200.png 300w, https:\/\/www.zmsh-semitech.com\/wp-content\/uploads\/2026\/04\/APPLICATION2-768x512.png 768w, https:\/\/www.zmsh-semitech.com\/wp-content\/uploads\/2026\/04\/APPLICATION2-18x12.png 18w, https:\/\/www.zmsh-semitech.com\/wp-content\/uploads\/2026\/04\/APPLICATION2-600x400.png 600w, https:\/\/www.zmsh-semitech.com\/wp-content\/uploads\/2026\/04\/APPLICATION2.png 1536w\" sizes=\"(max-width: 1024px) 100vw, 1024px\" \/><\/p>\n<h2 data-section-id=\"p8uldy\" data-start=\"4802\" data-end=\"4824\"><span role=\"text\">Keskeiset edut<\/span><\/h2>\n<h3 data-section-id=\"jjig1u\" data-start=\"4826\" data-end=\"4849\"><span role=\"text\">Suuri l\u00e4pimeno<\/span><\/h3>\n<p data-start=\"4850\" data-end=\"4933\">Monikappalek\u00e4sittely ja kaksikarainen rakenne lis\u00e4\u00e4v\u00e4t tuottavuutta merkitt\u00e4v\u00e4sti.<\/p>\n<h3 data-section-id=\"1lkz33s\" data-start=\"4935\" data-end=\"4962\"><span role=\"text\">Joustava k\u00e4sittely<\/span><\/h3>\n<p data-start=\"4963\" data-end=\"5038\">Mukautettava ty\u00f6p\u00f6yt\u00e4 mahdollistaa erilaisten muotojen ja asettelujen k\u00e4sittelyn.<\/p>\n<h3 data-section-id=\"1s6s45v\" data-start=\"5040\" data-end=\"5069\"><span role=\"text\">Tarkkuus ja vakaus<\/span><\/h3>\n<p data-start=\"5070\" data-end=\"5156\">Gantry-rakenne ja kehittynyt linjausj\u00e4rjestelm\u00e4 takaavat korkean tarkkuuden ja toistettavuuden.<\/p>\n<h3 data-section-id=\"kl9wyi\" data-start=\"5158\" data-end=\"5181\"><span role=\"text\">Kustannustehokkuus<\/span><\/h3>\n<p data-start=\"5182\" data-end=\"5262\">Lyhyempi k\u00e4sittelyaika ja parempi ter\u00e4n k\u00e4ytt\u00f6ik\u00e4 alentavat yleisi\u00e4 k\u00e4ytt\u00f6kustannuksia.<\/p>\n<h2 data-section-id=\"1nqqsko\" data-start=\"63\" data-end=\"102\"><span role=\"text\">Usein kysytyt kysymykset (FAQ)<\/span><\/h2>\n<h3 data-section-id=\"1204f8i\" data-start=\"104\" data-end=\"177\"><span role=\"text\">1. Mik\u00e4 on HP-1201:n tukema suurin ty\u00f6kappaleen koko?<\/span><\/h3>\n<p data-start=\"178\" data-end=\"431\">HP-1201 tukee sek\u00e4 kiekko- ett\u00e4 suurikokoisia substraatteja. Sill\u00e4 voidaan k\u00e4sitell\u00e4 jopa 12 tuuman (\u00d8300 mm) kokoisia py\u00f6reit\u00e4 kiekkoja ja jopa 400 \u00d7 400 mm:n kokoisia neli\u00f6nmuotoisia ty\u00f6kappaleita. T\u00e4m\u00e4n ansiosta se soveltuu erityisen hyvin edistyneisiin pakkaus- ja paneelitason sovelluksiin.<\/p>\n<h3 data-section-id=\"xmgpor\" data-start=\"438\" data-end=\"521\"><span role=\"text\">2. Soveltuuko HP-1201 moniosaisiin tai nauhaleikkaussovelluksiin?<\/span><\/h3>\n<p data-start=\"522\" data-end=\"792\">Kyll\u00e4. HP-1201 on optimoitu erityisesti monikappale- ja nauhaleikkaukseen. Se voi k\u00e4sitell\u00e4 useita nauhoja yhdess\u00e4 sykliss\u00e4 - esimerkiksi jopa 5 kappaletta 250 mm \u00d7 70 mm:n nauhoja - mik\u00e4 parantaa merkitt\u00e4v\u00e4sti l\u00e4pimenoa ja lyhent\u00e4\u00e4 k\u00e4sittelyaikaa sarjatuotannossa.<\/p>\n<h3 data-section-id=\"afviui\" data-start=\"799\" data-end=\"871\"><span role=\"text\">3. Miten kone varmistaa leikkaustarkkuuden ja vakauden?<\/span><\/h3>\n<p data-start=\"872\" data-end=\"932\">HP-1201 takaa korkean tarkkuuden yhdistelm\u00e4ll\u00e4:<\/p>\n<ul data-start=\"933\" data-end=\"1195\">\n<li data-section-id=\"333d9b\" data-start=\"933\" data-end=\"992\">Suuren j\u00e4ykkyyden omaava portaalirakenne vakaata toimintaa varten<\/li>\n<li data-section-id=\"933urv\" data-start=\"993\" data-end=\"1061\">Kaksoismikroskooppij\u00e4rjestelm\u00e4 tarkkaa kohdentamista ja tarkastusta varten<\/li>\n<li data-section-id=\"119muuq\" data-start=\"1062\" data-end=\"1129\">Korkean resoluution liikkeenohjaus (jopa 0,0001 mm:n resoluutio)<\/li>\n<li data-section-id=\"1kcuul9\" data-start=\"1130\" data-end=\"1195\">Kaksoiskarainen kokoonpano tasapainoiseen ja tehokkaaseen leikkaamiseen<\/li>\n<\/ul>\n<p data-start=\"1197\" data-end=\"1334\">N\u00e4m\u00e4 ominaisuudet yhdess\u00e4 takaavat tasaisen leikkauslaadun, minimaalisen lastuamisen ja luotettavan suorituskyvyn vaativissa sovelluksissa.<\/p>","protected":false},"excerpt":{"rendered":"<p>HP-1201 automaattinen kuutiointikone on tehokas ratkaisu, joka on suunniteltu erityisesti suurikokoisia substraatteja ja moniosaisia leikkaussovelluksia varten. J\u00e4rjestelm\u00e4 on suunniteltu vastaamaan kehittyneiden puolijohdepakkausten ja substraattien k\u00e4sittelyn kehittyviin vaatimuksiin, ja se tukee sek\u00e4 kiekkojen kuutiointia (jopa 12 tuumaa) ett\u00e4 suurikokoisia ty\u00f6kappaleita, joiden koko on jopa 400 \u00d7 400 mm.<\/p>","protected":false},"featured_media":2151,"comment_status":"open","ping_status":"closed","template":"","meta":{"site-sidebar-layout":"default","site-content-layout":"","ast-site-content-layout":"default","site-content-style":"default","site-sidebar-style":"default","ast-global-header-display":"","ast-banner-title-visibility":"","ast-main-header-display":"","ast-hfb-above-header-display":"","ast-hfb-below-header-display":"","ast-hfb-mobile-header-display":"","site-post-title":"","ast-breadcrumbs-content":"","ast-featured-img":"","footer-sml-layout":"","ast-disable-related-posts":"","theme-transparent-header-meta":"default","adv-header-id-meta":"","stick-header-meta":"default","header-above-stick-meta":"","header-main-stick-meta":"","header-below-stick-meta":"","astra-migrate-meta-layouts":"set","ast-page-background-enabled":"default","ast-page-background-meta":{"desktop":{"background-color":"var(--ast-global-color-4)","background-image":"","background-repeat":"repeat","background-position":"center center","background-size":"auto","background-attachment":"scroll","background-type":"","background-media":"","overlay-type":"","overlay-color":"","overlay-opacity":"","overlay-gradient":""},"tablet":{"background-color":"","background-image":"","background-repeat":"repeat","background-position":"center center","background-size":"auto","background-attachment":"scroll","background-type":"","background-media":"","overlay-type":"","overlay-color":"","overlay-opacity":"","overlay-gradient":""},"mobile":{"background-color":"","background-image":"","background-repeat":"repeat","background-position":"center center","background-size":"auto","background-attachment":"scroll","background-type":"","background-media":"","overlay-type":"","overlay-color":"","overlay-opacity":"","overlay-gradient":""}},"ast-content-background-meta":{"desktop":{"background-color":"var(--ast-global-color-5)","background-image":"","background-repeat":"repeat","background-position":"center center","background-size":"auto","background-attachment":"scroll","background-type":"","background-media":"","overlay-type":"","overlay-color":"","overlay-opacity":"","overlay-gradient":""},"tablet":{"background-color":"var(--ast-global-color-5)","background-image":"","background-repeat":"repeat","background-position":"center center","background-size":"auto","background-attachment":"scroll","background-type":"","background-media":"","overlay-type":"","overlay-color":"","overlay-opacity":"","overlay-gradient":""},"mobile":{"background-color":"var(--ast-global-color-5)","background-image":"","background-repeat":"repeat","background-position":"center center","background-size":"auto","background-attachment":"scroll","background-type":"","background-media":"","overlay-type":"","overlay-color":"","overlay-opacity":"","overlay-gradient":""}}},"product_brand":[],"product_cat":[878],"product_tag":[897,898,891,896,895,894,893,694,475,890,892,889],"class_list":{"0":"post-2149","1":"product","2":"type-product","3":"status-publish","4":"has-post-thumbnail","6":"product_cat-dicing-equipment","7":"product_tag-ceramic-substrate-machining","8":"product_tag-dual-spindle-dicing","9":"product_tag-ic-chip-singulation","10":"product_tag-led-chip-processing","11":"product_tag-mems-fabrication","12":"product_tag-multi-strip-cutting","13":"product_tag-panel-level-packaging","14":"product_tag-precision-microfabrication","15":"product_tag-semiconductor-manufacturing","16":"product_tag-silicon-wafer-processing","17":"product_tag-substrate-cutting","18":"product_tag-wafer-dicing","19":"desktop-align-left","20":"tablet-align-left","21":"mobile-align-left","22":"ast-product-gallery-layout-horizontal-slider","23":"ast-product-gallery-with-no-image","24":"ast-product-tabs-layout-horizontal","26":"first","27":"instock","28":"shipping-taxable","29":"product-type-simple"},"_links":{"self":[{"href":"https:\/\/www.zmsh-semitech.com\/fi\/wp-json\/wp\/v2\/product\/2149","targetHints":{"allow":["GET"]}}],"collection":[{"href":"https:\/\/www.zmsh-semitech.com\/fi\/wp-json\/wp\/v2\/product"}],"about":[{"href":"https:\/\/www.zmsh-semitech.com\/fi\/wp-json\/wp\/v2\/types\/product"}],"replies":[{"embeddable":true,"href":"https:\/\/www.zmsh-semitech.com\/fi\/wp-json\/wp\/v2\/comments?post=2149"}],"version-history":[{"count":2,"href":"https:\/\/www.zmsh-semitech.com\/fi\/wp-json\/wp\/v2\/product\/2149\/revisions"}],"predecessor-version":[{"id":2153,"href":"https:\/\/www.zmsh-semitech.com\/fi\/wp-json\/wp\/v2\/product\/2149\/revisions\/2153"}],"wp:featuredmedia":[{"embeddable":true,"href":"https:\/\/www.zmsh-semitech.com\/fi\/wp-json\/wp\/v2\/media\/2151"}],"wp:attachment":[{"href":"https:\/\/www.zmsh-semitech.com\/fi\/wp-json\/wp\/v2\/media?parent=2149"}],"wp:term":[{"taxonomy":"product_brand","embeddable":true,"href":"https:\/\/www.zmsh-semitech.com\/fi\/wp-json\/wp\/v2\/product_brand?post=2149"},{"taxonomy":"product_cat","embeddable":true,"href":"https:\/\/www.zmsh-semitech.com\/fi\/wp-json\/wp\/v2\/product_cat?post=2149"},{"taxonomy":"product_tag","embeddable":true,"href":"https:\/\/www.zmsh-semitech.com\/fi\/wp-json\/wp\/v2\/product_tag?post=2149"}],"curies":[{"name":"wp","href":"https:\/\/api.w.org\/{rel}","templated":true}]}}